{"id":313,"date":"2010-12-30T10:50:49","date_gmt":"2010-12-30T10:50:49","guid":{"rendered":"https:\/\/globalallianceregister.com\/?page_id=313"},"modified":"2016-02-04T11:13:03","modified_gmt":"2016-02-04T11:13:03","slug":"about-2","status":"publish","type":"page","link":"https:\/\/globalallianceregister.com\/tr\/","title":{"rendered":"Hakk\u0131m\u0131zda"},"content":{"rendered":"<p><strong>Global Alliance Register Istanbul T\u00fcrkiy<\/strong>e\u2019de merkez y\u00f6netimi bulunan, t\u00fcm d\u00fcnyada stratejik i\u015f ortaklar\u0131 ve ofisleri ile hizmet sunmakta oldu\u011fu t\u00fcm bran\u015flarda konusunda uluslararas\u0131 lider bir organizasyon kimli\u011fine sahiptir.<\/p>\n<p>Uzun y\u0131llar t\u00fcm pazar segmentlerinde yerel ve global m\u00fc\u015fterilerine sunmakta oldu\u011fu geleneksel ve stratejik hizmetler arac\u0131l\u0131\u011f\u0131 ile kazan\u0131lm\u0131\u015f olan birikim ve deneyimler ile bug\u00fcn t\u00fcm m\u00fc\u015fterilerimizin sahip oldu\u011fumuz yerel ve uluslararas\u0131 ofis a\u011f\u0131m\u0131z ile t\u00fcm d\u00fcnyada konusunda uzman T\u00fcrkiye\u2019de 360 ve d\u00fcnyada 26000 ki\u015fiyi a\u015fan M\u00fchendis, Dan\u0131\u015fman, Eksper, Enspekt\u00f6r, G\u00f6zetim Personeli, Denet\u00e7i ve E\u011fitmen kadrolar\u0131 ile hizmet vermekteyiz.<\/p>\n<p>Hizmetlerimiz aras\u0131nda; <strong>Teknik Dan\u0131\u015fmanl\u0131k, Tasar\u0131m &amp; M\u00fchendislik, Ba\u011f\u0131ms\u0131z Dizayn\/ Tasar\u0131m Do\u011frulama, Uluslararas\u0131 Proje Y\u00f6netimi ve M\u00fc\u015favirlik, Saha Teknik Kontroll\u00fck, Uluslararas\u0131 Ba\u011f\u0131ms\u0131z G\u00f6zetim &amp; Muayene, Y\u00fckleme ve Tahliye G\u00f6zetimi, S\u00f6rvey Hizmetleri, Denetim Hizmetleri, Belgelendirme, E\u011fitim ve D\u0131\u015f Kaynak Tedariki<\/strong> alanlar\u0131nda hizmetler bulunmaktad\u0131r.<\/p>\n<p>Global Alliance Register yerel ve global m\u00fc\u015fterilerine sundu\u011fu t\u00fcm hizmetlerde performans bazl\u0131 i\u015f k\u00fclt\u00fcr\u00fcn\u00fc temel esas olarak kabul ederek, hizmet sunulan t\u00fcm sekt\u00f6rlerde <strong>Kalite \u2013 \u0130\u015f Sa\u011fl\u0131\u011f\u0131 ve G\u00fcvenli\u011fi \u2013 \u00c7evre \u2013 Emniyet \u2013 Kurumsal Sosyal Sorumluluk<\/strong> alanlar\u0131nda sa\u011flad\u0131\u011f\u0131 katma de\u011fer ile t\u00fcm i\u015f s\u00fcre\u00e7leri ve \u00e7al\u0131\u015fanlar i\u00e7in fayda sa\u011flanmas\u0131 ilkesini g\u00f6zetmektedir. Bug\u00fcn, Global Alliance Register, d\u00fcnyada 140 \u00fclkede operasyonlar\u0131 olan, yerel ve global m\u00fc\u015fterilerine y\u00fcksek g\u00fcvenilirlikte hizmet sa\u011flamaktad\u0131r.<\/p>\n<p>\u0130nsan\u0131n temel varl\u0131\u011f\u0131m\u0131z ve tek sermayemiz olarak kabul edildi\u011fi organizasyon yap\u0131m\u0131zda ve y\u0131llar i\u00e7erisinde kurulmu\u015f olan g\u00fcvenilirli\u011fi tart\u0131\u015f\u0131lmaz stratejik ortakl\u0131klar\u0131m\u0131z ile her biri kendi alan\u0131nda g\u00fc\u00e7l\u00fc teknik altyap\u0131ya sahip uzman kadrolar\u0131m\u0131z; m\u00fc\u015fterilerimize zaman\u0131nda, rekabet\u00e7i ve \u00e7\u00f6z\u00fcm odakl\u0131 hizmetler sunmaktad\u0131r.<\/p>\n<div class=\"tabs-wrapper\"><ul class=\"tabs\"> <li><a rel=\"tab254\" href=\"javascript:void(0)\"><span>M\u0130SYONUMUZ<\/span><\/a><div id=\"tab254\" class=\"tab-content\"><p> \u201cYerel ve Global M\u00fc\u015fterilerine Yarat\u0131c\u0131 \u00c7\u00f6z\u00fcmler ile Katma De\u011ferli Hizmetler Sunarak Rekabet Avantaj\u0131 Sa\u011flayan, S\u00fcrd\u00fcr\u00fclebilir Y\u00fcksek \u0130\u015f Performans\u0131na Sahip Global Alliance Register Kurumsal Kimli\u011fini Korumak ve S\u00fcrekli Geli\u015fimi G\u00fcvence Alt\u0131na\u00a0Almak Temel Misyonumuzdur.\u201d <\/p>\n<\/div><\/li> <li><a rel=\"tab779\" href=\"javascript:void(0)\"><span>TEMEL \u0130\u015e DE\u011eERLER\u0130<\/span><\/a><div id=\"tab779\" class=\"tab-content\"><ul>\n<li>\u0130nsan Varl\u0131\u011f\u0131,<\/li>\n<li>Y\u00fcksek G\u00fcvenilirlikte Hizmet Sunumu,<\/li>\n<li>Global Ofis A\u011f\u0131,<\/li>\n<li>G\u00fc\u00e7l\u00fc Yerel Yap\u0131,<\/li>\n<li>M\u00fc\u015fteri Odakl\u0131 Organizasyon Yap\u0131s\u0131,<\/li>\n<li>Uluslararas\u0131 \u0130\u015f K\u00fclt\u00fcr\u00fc,<\/li>\n<li>T\u00fcm D\u00fcnyada Konusunda Lider Organizasyonlar \u0130le Stratejik \u0130\u015f Ortakl\u0131klar\u0131 Kurmak,<\/li>\n<li>Geni\u015f Hizmet Portf\u00f6y\u00fc, Yeni Yat\u0131r\u0131m Projeleri ve \u0130\u015fletmede Bulunan T\u00fcm Tesisler \u0130\u00e7in tasarlanm\u0131\u015f \u201c Tek \u00c7\u00f6z\u00fcm Merkezi\u201d yap\u0131s\u0131na sahip organizasyon,<\/li>\n<li>Yerel &amp; Uluslararas\u0131 Arenada T\u00fcm Bran\u015flarda M\u00fchendislik Kodlar\u0131, Standartlar, Mevzuat, Normlar, ve Reg\u00fclasyonlar Hakk\u0131nda M\u00fckemmel Bilgi Birikimi<\/li>\n<\/ul>\n<\/div><\/li> <li><a rel=\"tab924\" href=\"javascript:void(0)\"><span>UZMANLIK ALANLARIMIZ<\/span><\/a><div id=\"tab924\" class=\"tab-content\"><ul>\n<li>Kalite,<\/li>\n<li>\u0130\u015f Sa\u011fl\u0131\u011f\u0131 ve G\u00fcvenli\u011fi,<\/li>\n<li>\u00c7evre,<\/li>\n<li>S\u00fcrd\u00fcr\u00fclebilirlik,<\/li>\n<li>Kurumsal Sosyal Sorumluluk,<\/li>\n<\/ul>\n<\/div><\/li> <li><a rel=\"tab673\" href=\"javascript:void(0)\"><span>SEKT\u00d6RLER<\/span><\/a><div id=\"tab673\" class=\"tab-content\"><ul>\n<li>Denizcilik,<\/li>\n<li>\u0130n\u015faat,<\/li>\n<li>Petrol &amp; Gaz,<\/li>\n<li>Enerji &amp; Tesisler,<\/li>\n<li>\u0130malat,<\/li>\n<li>Ula\u015ft\u0131rma &amp; Lojistik,<\/li>\n<li>Uzay ve Havac\u0131l\u0131k,<\/li>\n<li>Tar\u0131m &amp; G\u0131da,<\/li>\n<li>Otelcilik &amp; Turizm<\/li>\n<li>Finansal Kurulu\u015flar,<\/li>\n<li>Sigorta Sekt\u00f6r\u00fc,<\/li>\n<li>Bilgi Teknolojileri,<\/li>\n<li>Telekom\u00fcnikasyon,<\/li>\n<li>Sa\u011fl\u0131k &amp; \u0130la\u00e7 Sekt\u00f6r\u00fc,<\/li>\n<\/ul>\n<\/div><\/li> <li><a rel=\"tab643\" href=\"javascript:void(0)\"><span>H\u0130ZMETLER<\/span><\/a><div id=\"tab643\" class=\"tab-content\"><ul>\n<li>Teknik Yard\u0131m Programlar\u0131,<\/li>\n<li>Dan\u0131\u015fmanl\u0131k,<\/li>\n<li>G\u00f6zetim Hizmetleri,<\/li>\n<li>Denetleme,<\/li>\n<li>Proje Y\u00f6netimi,<\/li>\n<li>Teknik Temsilcilik Hizmetleri,<\/li>\n<li>Entegre Varl\u0131k Y\u00f6netimi,<\/li>\n<li>E\u011fitim,<\/li>\n<li>Ekspertiz,<\/li>\n<li>D\u0131\u015f Kaynak Tedariki,<\/li>\n<li>Test &amp; Analiz Hizmetleri,<\/li>\n<\/ul>\n<\/div><\/li> <\/ul><\/div>","protected":false},"excerpt":{"rendered":"<p>Global Alliance Register Istanbul T\u00fcrkiye\u2019de merkez y\u00f6netimi bulunan, t\u00fcm d\u00fcnyada stratejik i\u015f ortaklar\u0131 ve ofisleri ile hizmet sunmakta oldu\u011fu t\u00fcm bran\u015flarda konusunda uluslararas\u0131 lider bir organizasyon kimli\u011fine sahiptir. Uzun y\u0131llar&#8230; <\/p>\n","protected":false},"author":10,"featured_media":0,"parent":0,"menu_order":1,"comment_status":"closed","ping_status":"closed","template":"page-full.php","meta":{"_acf_changed":false,"om_disable_all_campaigns":false,"footnotes":""},"class_list":["post-313","page","type-page","status-publish","hentry"],"acf":[],"yoast_head":"<!-- This site is optimized with the Yoast SEO plugin v27.4 - https:\/\/yoast.com\/product\/yoast-seo-wordpress\/ -->\n<title>Hakk\u0131m\u0131zda - Global Alliance Register<\/title>\n<meta name=\"robots\" content=\"index, follow, max-snippet:-1, max-image-preview:large, max-video-preview:-1\" \/>\n<link rel=\"canonical\" href=\"https:\/\/globalallianceregister.com\/tr\/\" \/>\n<meta property=\"og:locale\" content=\"tr_TR\" \/>\n<meta property=\"og:type\" content=\"article\" \/>\n<meta property=\"og:title\" content=\"Hakk\u0131m\u0131zda - Global Alliance Register\" \/>\n<meta property=\"og:description\" content=\"Global Alliance Register Istanbul T\u00fcrkiye\u2019de merkez y\u00f6netimi bulunan, t\u00fcm d\u00fcnyada stratejik i\u015f ortaklar\u0131 ve ofisleri ile hizmet sunmakta oldu\u011fu t\u00fcm bran\u015flarda konusunda uluslararas\u0131 lider bir organizasyon kimli\u011fine sahiptir. Uzun y\u0131llar...\" \/>\n<meta property=\"og:url\" content=\"https:\/\/globalallianceregister.com\/tr\/\" \/>\n<meta property=\"og:site_name\" content=\"Global Alliance Register\" \/>\n<meta property=\"article:modified_time\" content=\"2016-02-04T11:13:03+00:00\" \/>\n<meta name=\"twitter:label1\" content=\"Tahmini okuma s\u00fcresi\" \/>\n\t<meta name=\"twitter:data1\" content=\"2 dakika\" \/>\n<script type=\"application\/ld+json\" class=\"yoast-schema-graph\">{\"@context\":\"https:\\\/\\\/schema.org\",\"@graph\":[{\"@type\":\"WebPage\",\"@id\":\"https:\\\/\\\/globalallianceregister.com\\\/tr\\\/\",\"url\":\"https:\\\/\\\/globalallianceregister.com\\\/tr\\\/\",\"name\":\"Hakk\u0131m\u0131zda - Global Alliance Register\",\"isPartOf\":{\"@id\":\"https:\\\/\\\/globalallianceregister.com\\\/tr\\\/#website\"},\"datePublished\":\"2010-12-30T10:50:49+00:00\",\"dateModified\":\"2016-02-04T11:13:03+00:00\",\"breadcrumb\":{\"@id\":\"https:\\\/\\\/globalallianceregister.com\\\/tr\\\/#breadcrumb\"},\"inLanguage\":\"tr\",\"potentialAction\":[{\"@type\":\"ReadAction\",\"target\":[[\"https:\\\/\\\/globalallianceregister.com\\\/tr\\\/\"]]}]},{\"@type\":\"BreadcrumbList\",\"@id\":\"https:\\\/\\\/globalallianceregister.com\\\/tr\\\/#breadcrumb\",\"itemListElement\":[{\"@type\":\"ListItem\",\"position\":1,\"name\":\"Anasayfa\",\"item\":\"https:\\\/\\\/globalallianceregister.com\\\/tr\\\/\"},{\"@type\":\"ListItem\",\"position\":2,\"name\":\"About Us\"}]},{\"@type\":\"WebSite\",\"@id\":\"https:\\\/\\\/globalallianceregister.com\\\/tr\\\/#website\",\"url\":\"https:\\\/\\\/globalallianceregister.com\\\/tr\\\/\",\"name\":\"Global Alliance Register\",\"description\":\"(EN) Together for Excellence\",\"potentialAction\":[{\"@type\":\"SearchAction\",\"target\":{\"@type\":\"EntryPoint\",\"urlTemplate\":\"https:\\\/\\\/globalallianceregister.com\\\/tr\\\/?s={search_term_string}\"},\"query-input\":{\"@type\":\"PropertyValueSpecification\",\"valueRequired\":true,\"valueName\":\"search_term_string\"}}],\"inLanguage\":\"tr\"}]}<\/script>\n<!-- \/ Yoast SEO plugin. -->","yoast_head_json":{"title":"Hakk\u0131m\u0131zda - Global Alliance Register","robots":{"index":"index","follow":"follow","max-snippet":"max-snippet:-1","max-image-preview":"max-image-preview:large","max-video-preview":"max-video-preview:-1"},"canonical":"https:\/\/globalallianceregister.com\/tr\/","og_locale":"tr_TR","og_type":"article","og_title":"Hakk\u0131m\u0131zda - Global Alliance Register","og_description":"Global Alliance Register Istanbul T\u00fcrkiye\u2019de merkez y\u00f6netimi bulunan, t\u00fcm d\u00fcnyada stratejik i\u015f ortaklar\u0131 ve ofisleri ile hizmet sunmakta oldu\u011fu t\u00fcm bran\u015flarda konusunda uluslararas\u0131 lider bir organizasyon kimli\u011fine sahiptir. Uzun y\u0131llar...","og_url":"https:\/\/globalallianceregister.com\/tr\/","og_site_name":"Global Alliance Register","article_modified_time":"2016-02-04T11:13:03+00:00","twitter_misc":{"Tahmini okuma s\u00fcresi":"2 dakika"},"schema":{"@context":"https:\/\/schema.org","@graph":[{"@type":"WebPage","@id":"https:\/\/globalallianceregister.com\/tr\/","url":"https:\/\/globalallianceregister.com\/tr\/","name":"Hakk\u0131m\u0131zda - Global Alliance Register","isPartOf":{"@id":"https:\/\/globalallianceregister.com\/tr\/#website"},"datePublished":"2010-12-30T10:50:49+00:00","dateModified":"2016-02-04T11:13:03+00:00","breadcrumb":{"@id":"https:\/\/globalallianceregister.com\/tr\/#breadcrumb"},"inLanguage":"tr","potentialAction":[{"@type":"ReadAction","target":[["https:\/\/globalallianceregister.com\/tr\/"]]}]},{"@type":"BreadcrumbList","@id":"https:\/\/globalallianceregister.com\/tr\/#breadcrumb","itemListElement":[{"@type":"ListItem","position":1,"name":"Anasayfa","item":"https:\/\/globalallianceregister.com\/tr\/"},{"@type":"ListItem","position":2,"name":"About Us"}]},{"@type":"WebSite","@id":"https:\/\/globalallianceregister.com\/tr\/#website","url":"https:\/\/globalallianceregister.com\/tr\/","name":"Global Alliance Register","description":"(EN) Together for Excellence","potentialAction":[{"@type":"SearchAction","target":{"@type":"EntryPoint","urlTemplate":"https:\/\/globalallianceregister.com\/tr\/?s={search_term_string}"},"query-input":{"@type":"PropertyValueSpecification","valueRequired":true,"valueName":"search_term_string"}}],"inLanguage":"tr"}]}},"_links":{"self":[{"href":"https:\/\/globalallianceregister.com\/tr\/wp-json\/wp\/v2\/pages\/313","targetHints":{"allow":["GET"]}}],"collection":[{"href":"https:\/\/globalallianceregister.com\/tr\/wp-json\/wp\/v2\/pages"}],"about":[{"href":"https:\/\/globalallianceregister.com\/tr\/wp-json\/wp\/v2\/types\/page"}],"author":[{"embeddable":true,"href":"https:\/\/globalallianceregister.com\/tr\/wp-json\/wp\/v2\/users\/10"}],"replies":[{"embeddable":true,"href":"https:\/\/globalallianceregister.com\/tr\/wp-json\/wp\/v2\/comments?post=313"}],"version-history":[{"count":1,"href":"https:\/\/globalallianceregister.com\/tr\/wp-json\/wp\/v2\/pages\/313\/revisions"}],"predecessor-version":[{"id":9169,"href":"https:\/\/globalallianceregister.com\/tr\/wp-json\/wp\/v2\/pages\/313\/revisions\/9169"}],"wp:attachment":[{"href":"https:\/\/globalallianceregister.com\/tr\/wp-json\/wp\/v2\/media?parent=313"}],"curies":[{"name":"wp","href":"https:\/\/api.w.org\/{rel}","templated":true}]}}