{"id":141,"date":"2010-12-27T18:10:42","date_gmt":"2010-12-27T18:10:42","guid":{"rendered":"https:\/\/globalallianceregister.com\/?page_id=141"},"modified":"2016-02-05T14:46:01","modified_gmt":"2016-02-05T14:46:01","slug":"partners","status":"publish","type":"page","link":"https:\/\/globalallianceregister.com\/en\/partners\/","title":{"rendered":"Partnership"},"content":{"rendered":"<p><strong>Global Alliance Register<\/strong> <strong>KSE\u00c7-KSS (Kalite &#8211; Sa\u011fl\u0131k &#8211; Emniyet &#8211; \u00c7evre &#8211; Kurumsal Sosyal Sorumluk)<\/strong> alan\u0131nda m\u00fc\u015fterilerinin insan kaynaklar\u0131 ve tesislerinin performans\u0131n\u0131 art\u0131r\u0131c\u0131 katma-de\u011ferli \u00e7\u00f6z\u00fcmler sunma amac\u0131nda olan faaliyet g\u00f6sterdi\u011fi alanlarda lider bir organizasyondur.<\/p>\n<p>Global Alliance Register y\u00fcksek nitelikli servisler ile t\u00fcm sekt\u00f6rlere; <strong>Teknik Destek, G\u00f6zetim ve Termin Kontrol\u00fc, Dan\u0131\u015fmanl\u0131k, Belgelendirme, E\u011fitim, \u0130n\u015faat Proje Y\u00f6netimi ve M\u00fc\u015favirlik Hizmetleri, D\u0131\u015f Kaynak Tedariki, Enerji &amp; Karbon Y\u00f6netimi ve Kurumsal Sosyal Sorumluluk<\/strong> konular\u0131nda \u00e7\u00f6z\u00fcmler sunmaktad\u0131r.<\/p>\n<p>Global Alliance Register olarak kurmu\u015f oldu\u011fumuz uluslararas\u0131 i\u015fbirli\u011fi programlar\u0131 ile i\u015f ortaklar\u0131m\u0131z\u0131n da sahip oldu\u011fu yeterliliklerle bir\u00e7ok alanda firma-i\u00e7i kapasitemizi geli\u015ftirerek g\u00fc\u00e7lendirdik. E\u011fer sahip oldu\u011funuz yetkinlikler ve\/ veya sekt\u00f6rel ba\u011flant\u0131lar\u0131n\u0131z\u0131n faydal\u0131 olaca\u011f\u0131n\u0131 d\u00fc\u015f\u00fcn\u00fcyorsan\u0131z l\u00fctfen ekli i\u015f ortakl\u0131\u011f\u0131 formunu doldurarak bizimle ilk temas\u0131n\u0131z\u0131 kurunuz. T\u00fcm i\u015f ortakl\u0131\u011f\u0131 talepleri Global Alliance Register Y\u00f6netimi taraf\u0131ndan dikkatle incelenerek de\u011ferlendirmeye al\u0131nmakta olup, geli\u015fim stratejilerimize uygun olan talep sahipleriyle detay g\u00f6r\u00fc\u015fmeler y\u00fcr\u00fct\u00fclmektedir.<\/p>\n<p>Zorunlu alanlar\u0131n ilgili formda doldurulmas\u0131 teklifinizin \u00f6n de\u011ferlendirmeye al\u0131nabilmesi i\u00e7in yeterli olacakt\u0131r, ancak m\u00fcmk\u00fcn oldu\u011fu kadar detayl\u0131 bilgi sunman\u0131z\u0131 \u00f6nemle rica ederiz. \u0130\u015f ortakl\u0131\u011f\u0131 \u00f6nerileriniz i\u00e7in \u015fimdiden te\u015fekk\u00fcr ederiz.<\/p>\n<div id=\"content_applied_s\">\n<div id=\"content_applied_s_left\">\n<h1>\u0130lgili Sekt\u00f6rler<\/h1>\n<table>\n<tbody>\n<tr>\n<td style=\"width: 350px; border-color: #ffffff; height: 30px; text-align: left; vertical-align: middle; background-color: #f7f7f7;\" width=\"250\">\n<ul style=\"list-style-type: square;\">\n<li><a title=\"Denizcilik Sekt\u00f6r\u00fc\" href=\"https:\/\/globalallianceregister.com\/?page_id=9&amp;lang=tr\" target=\"_blank\">DEN\u0130ZC\u0130L\u0130K<\/a><\/li>\n<\/ul>\n<\/td>\n<td style=\"width: 350px; border-color: #ffffff; height: 30px; text-align: left; vertical-align: middle; background-color: #f7f7f7;\" width=\"250\">\n<ul style=\"list-style-type: square;\">\n<li><a title=\"\u0130n\u015faat Sekt\u00f6r\u00fc\" href=\"https:\/\/globalallianceregister.com\/?page_id=11&amp;lang=tr\" target=\"_blank\">\u0130N\u015eAAT<\/a><\/li>\n<\/ul>\n<\/td>\n<td style=\"width: 350px; border-color: #ffffff; height: 30px; text-align: left; vertical-align: middle; background-color: #f7f7f7;\" width=\"251\">\n<ul style=\"list-style-type: square;\">\n<li><a title=\"Petrol &amp; Gaz Sekt\u00f6r\u00fc\" href=\"https:\/\/globalallianceregister.com\/?page_id=13&amp;lang=tr\" target=\"_blank\">PETROL &amp; GAZ<\/a><\/li>\n<\/ul>\n<\/td>\n<\/tr>\n<tr>\n<td style=\"width: 350px; border-color: #ffffff; height: 30px; text-align: left; vertical-align: middle; background-color: #f7f7f7;\" width=\"250\">\n<ul style=\"list-style-type: square;\">\n<li><a title=\"Enerji &amp; Tesisler\" href=\"https:\/\/globalallianceregister.com\/?page_id=15&amp;lang=tr\" target=\"_blank\">ENERJ\u0130 &amp; TES\u0130SLER<\/a><\/li>\n<\/ul>\n<\/td>\n<td style=\"width: 350px; border-color: #ffffff; height: 30px; text-align: left; vertical-align: middle; background-color: #f7f7f7;\" width=\"250\">\n<ul style=\"list-style-type: square;\">\n<li><a title=\"\u0130malat Sekt\u00f6r\u00fc\" href=\"https:\/\/globalallianceregister.com\/?page_id=20&amp;lang=tr\" target=\"_blank\">\u0130MALAT<\/a><\/li>\n<\/ul>\n<\/td>\n<td style=\"width: 350px; border-color: #ffffff; height: 30px; text-align: left; vertical-align: middle; background-color: #f7f7f7;\" width=\"251\">\n<ul style=\"list-style-type: square;\">\n<li><a title=\"Ula\u015ft\u0131rma &amp; Lojistik Sekt\u00f6r\u00fc\" href=\"https:\/\/globalallianceregister.com\/?page_id=22&amp;lang=tr\" target=\"_blank\">ULA\u015eTIRMA &amp; LOJ\u0130ST\u0130K<\/a><\/li>\n<\/ul>\n<\/td>\n<\/tr>\n<tr>\n<td style=\"width: 350px; border-color: #ffffff; height: 30px; text-align: left; vertical-align: middle; background-color: #f7f7f7;\" width=\"250\">\n<ul style=\"list-style-type: square;\">\n<li><a title=\"Uzay &amp; Havac\u0131l\u0131k Sekt\u00f6r\u00fc\" href=\"https:\/\/globalallianceregister.com\/?page_id=24&amp;lang=tr\" target=\"_blank\">UZAY &amp; HAVACILIK<\/a><\/li>\n<\/ul>\n<\/td>\n<td style=\"width: 350px; border-color: #ffffff; height: 30px; text-align: left; vertical-align: middle; background-color: #f7f7f7;\" width=\"250\">\n<ul style=\"list-style-type: square;\">\n<li><a title=\"Tar\u0131m &amp; G\u0131da Sekt\u00f6r\u00fc\" href=\"https:\/\/globalallianceregister.com\/?page_id=27&amp;lang=tr\" target=\"_blank\">TARIM &amp; GIDA<\/a><\/li>\n<\/ul>\n<\/td>\n<td style=\"width: 350px; border-color: #ffffff; height: 30px; text-align: left; vertical-align: middle; background-color: #f7f7f7;\" width=\"251\">\n<ul style=\"list-style-type: square;\">\n<li><a title=\"Turizm &amp; Otelcilik Sekt\u00f6r\u00fc\" href=\"https:\/\/globalallianceregister.com\/?page_id=29&amp;lang=tr\" target=\"_blank\">TUR\u0130ZM &amp; OTELC\u0130L\u0130K<\/a><\/li>\n<\/ul>\n<\/td>\n<\/tr>\n<tr>\n<td style=\"width: 350px; border-color: #ffffff; height: 30px; text-align: left; vertical-align: middle; background-color: #f7f7f7;\" width=\"250\">\n<ul style=\"list-style-type: square;\">\n<li><a title=\"Finans &amp; Bankac\u0131l\u0131k Sekt\u00f6r\u00fc\" href=\"https:\/\/globalallianceregister.com\/?page_id=38&amp;lang=tr\" target=\"_blank\">F\u0130NANS<\/a><\/li>\n<\/ul>\n<\/td>\n<td style=\"width: 350px; border-color: #ffffff; height: 30px; text-align: left; vertical-align: middle; background-color: #f7f7f7;\" width=\"250\">\n<ul style=\"list-style-type: square;\">\n<li><a title=\"Sigorta Sekt\u00f6r\u00fc\" href=\"https:\/\/globalallianceregister.com\/?page_id=40&amp;lang=tr\" target=\"_blank\">S\u0130GORTA<\/a><\/li>\n<\/ul>\n<\/td>\n<td style=\"width: 350px; border-color: #ffffff; height: 30px; text-align: left; vertical-align: middle; background-color: #f7f7f7;\" width=\"251\">\n<ul style=\"list-style-type: square;\">\n<li><a title=\"Bilgi Teknolojileri Sekt\u00f6r\u00fc\" href=\"https:\/\/globalallianceregister.com\/?page_id=52&amp;lang=tr\" target=\"_blank\">B\u0130LG\u0130 TEKNOLOJ\u0130LER\u0130<\/a><\/li>\n<\/ul>\n<\/td>\n<\/tr>\n<tr>\n<td style=\"width: 350px; border-color: #ffffff; height: 30px; text-align: left; vertical-align: middle; background-color: #f7f7f7;\" width=\"250\">\n<ul style=\"list-style-type: square;\">\n<li><a title=\"Telekom\u00fcnikasyon Sekt\u00f6r\u00fc\" href=\"https:\/\/globalallianceregister.com\/?page_id=54&amp;lang=tr\" target=\"_blank\">TELEKOM\u00dcN\u0130KASYON<\/a><\/li>\n<\/ul>\n<\/td>\n<td style=\"width: 350px; border-color: #ffffff; height: 30px; text-align: left; vertical-align: middle; background-color: #f7f7f7;\" width=\"250\">\n<ul style=\"list-style-type: square;\">\n<li><a title=\"Sa\u011fl\u0131k &amp; T\u0131p Sekt\u00f6r\u00fc\" href=\"https:\/\/globalallianceregister.com\/?page_id=56&amp;lang=tr\" target=\"_blank\">SA\u011eLIK &amp; TIP<\/a><\/li>\n<\/ul>\n<\/td>\n<td style=\"width: 350px; border-color: #ffffff; height: 30px; text-align: left; vertical-align: middle; background-color: #f7f7f7;\" width=\"251\">\u00a0<\/td>\n<\/tr>\n<\/tbody>\n<\/table>\n<\/div>\n<\/div>","protected":false},"excerpt":{"rendered":"<p>Global Alliance Register KSE\u00c7-KSS (Kalite &#8211; Sa\u011fl\u0131k &#8211; Emniyet &#8211; \u00c7evre &#8211; Kurumsal Sosyal Sorumluk) alan\u0131nda m\u00fc\u015fterilerinin insan kaynaklar\u0131 ve tesislerinin performans\u0131n\u0131 art\u0131r\u0131c\u0131 katma-de\u011ferli \u00e7\u00f6z\u00fcmler sunma amac\u0131nda olan faaliyet g\u00f6sterdi\u011fi&#8230; <\/p>\n","protected":false},"author":10,"featured_media":0,"parent":0,"menu_order":6,"comment_status":"closed","ping_status":"closed","template":"page-full.php","meta":{"_acf_changed":false,"om_disable_all_campaigns":false,"footnotes":""},"class_list":["post-141","page","type-page","status-publish","hentry"],"acf":[],"yoast_head":"<!-- This site is optimized with the Yoast SEO plugin v27.4 - https:\/\/yoast.com\/product\/yoast-seo-wordpress\/ -->\n<title>Partnership - Global Alliance Register<\/title>\n<meta name=\"robots\" content=\"index, follow, max-snippet:-1, max-image-preview:large, max-video-preview:-1\" \/>\n<link rel=\"canonical\" href=\"https:\/\/globalallianceregister.com\/en\/partners\/\" \/>\n<meta property=\"og:locale\" content=\"en_US\" \/>\n<meta property=\"og:type\" content=\"article\" \/>\n<meta property=\"og:title\" content=\"Partnership - Global Alliance Register\" \/>\n<meta property=\"og:description\" content=\"Global Alliance Register KSE\u00c7-KSS (Kalite &#8211; Sa\u011fl\u0131k &#8211; Emniyet &#8211; \u00c7evre &#8211; Kurumsal Sosyal Sorumluk) alan\u0131nda m\u00fc\u015fterilerinin insan kaynaklar\u0131 ve tesislerinin performans\u0131n\u0131 art\u0131r\u0131c\u0131 katma-de\u011ferli \u00e7\u00f6z\u00fcmler sunma amac\u0131nda olan faaliyet g\u00f6sterdi\u011fi...\" \/>\n<meta property=\"og:url\" content=\"https:\/\/globalallianceregister.com\/en\/partners\/\" \/>\n<meta property=\"og:site_name\" content=\"Global Alliance Register\" \/>\n<meta property=\"article:modified_time\" content=\"2016-02-05T14:46:01+00:00\" \/>\n<meta name=\"twitter:label1\" content=\"Est. reading time\" \/>\n\t<meta name=\"twitter:data1\" content=\"2 minutes\" \/>\n<script type=\"application\/ld+json\" class=\"yoast-schema-graph\">{\"@context\":\"https:\\\/\\\/schema.org\",\"@graph\":[{\"@type\":\"WebPage\",\"@id\":\"https:\\\/\\\/globalallianceregister.com\\\/en\\\/partners\\\/\",\"url\":\"https:\\\/\\\/globalallianceregister.com\\\/en\\\/partners\\\/\",\"name\":\"Partnership - Global Alliance Register\",\"isPartOf\":{\"@id\":\"https:\\\/\\\/globalallianceregister.com\\\/en\\\/#website\"},\"datePublished\":\"2010-12-27T18:10:42+00:00\",\"dateModified\":\"2016-02-05T14:46:01+00:00\",\"breadcrumb\":{\"@id\":\"https:\\\/\\\/globalallianceregister.com\\\/en\\\/partners\\\/#breadcrumb\"},\"inLanguage\":\"en-US\",\"potentialAction\":[{\"@type\":\"ReadAction\",\"target\":[[\"https:\\\/\\\/globalallianceregister.com\\\/en\\\/partners\\\/\"]]}]},{\"@type\":\"BreadcrumbList\",\"@id\":\"https:\\\/\\\/globalallianceregister.com\\\/en\\\/partners\\\/#breadcrumb\",\"itemListElement\":[{\"@type\":\"ListItem\",\"position\":1,\"name\":\"Home\",\"item\":\"https:\\\/\\\/globalallianceregister.com\\\/en\\\/\"},{\"@type\":\"ListItem\",\"position\":2,\"name\":\"Partnership\"}]},{\"@type\":\"WebSite\",\"@id\":\"https:\\\/\\\/globalallianceregister.com\\\/en\\\/#website\",\"url\":\"https:\\\/\\\/globalallianceregister.com\\\/en\\\/\",\"name\":\"Global Alliance Register\",\"description\":\"Together for Excellence\",\"potentialAction\":[{\"@type\":\"SearchAction\",\"target\":{\"@type\":\"EntryPoint\",\"urlTemplate\":\"https:\\\/\\\/globalallianceregister.com\\\/en\\\/?s={search_term_string}\"},\"query-input\":{\"@type\":\"PropertyValueSpecification\",\"valueRequired\":true,\"valueName\":\"search_term_string\"}}],\"inLanguage\":\"en-US\"}]}<\/script>\n<!-- \/ Yoast SEO plugin. -->","yoast_head_json":{"title":"Partnership - Global Alliance Register","robots":{"index":"index","follow":"follow","max-snippet":"max-snippet:-1","max-image-preview":"max-image-preview:large","max-video-preview":"max-video-preview:-1"},"canonical":"https:\/\/globalallianceregister.com\/en\/partners\/","og_locale":"en_US","og_type":"article","og_title":"Partnership - Global Alliance Register","og_description":"Global Alliance Register KSE\u00c7-KSS (Kalite &#8211; Sa\u011fl\u0131k &#8211; Emniyet &#8211; \u00c7evre &#8211; Kurumsal Sosyal Sorumluk) alan\u0131nda m\u00fc\u015fterilerinin insan kaynaklar\u0131 ve tesislerinin performans\u0131n\u0131 art\u0131r\u0131c\u0131 katma-de\u011ferli \u00e7\u00f6z\u00fcmler sunma amac\u0131nda olan faaliyet g\u00f6sterdi\u011fi...","og_url":"https:\/\/globalallianceregister.com\/en\/partners\/","og_site_name":"Global Alliance Register","article_modified_time":"2016-02-05T14:46:01+00:00","twitter_misc":{"Est. reading time":"2 minutes"},"schema":{"@context":"https:\/\/schema.org","@graph":[{"@type":"WebPage","@id":"https:\/\/globalallianceregister.com\/en\/partners\/","url":"https:\/\/globalallianceregister.com\/en\/partners\/","name":"Partnership - Global Alliance Register","isPartOf":{"@id":"https:\/\/globalallianceregister.com\/en\/#website"},"datePublished":"2010-12-27T18:10:42+00:00","dateModified":"2016-02-05T14:46:01+00:00","breadcrumb":{"@id":"https:\/\/globalallianceregister.com\/en\/partners\/#breadcrumb"},"inLanguage":"en-US","potentialAction":[{"@type":"ReadAction","target":[["https:\/\/globalallianceregister.com\/en\/partners\/"]]}]},{"@type":"BreadcrumbList","@id":"https:\/\/globalallianceregister.com\/en\/partners\/#breadcrumb","itemListElement":[{"@type":"ListItem","position":1,"name":"Home","item":"https:\/\/globalallianceregister.com\/en\/"},{"@type":"ListItem","position":2,"name":"Partnership"}]},{"@type":"WebSite","@id":"https:\/\/globalallianceregister.com\/en\/#website","url":"https:\/\/globalallianceregister.com\/en\/","name":"Global Alliance Register","description":"Together for Excellence","potentialAction":[{"@type":"SearchAction","target":{"@type":"EntryPoint","urlTemplate":"https:\/\/globalallianceregister.com\/en\/?s={search_term_string}"},"query-input":{"@type":"PropertyValueSpecification","valueRequired":true,"valueName":"search_term_string"}}],"inLanguage":"en-US"}]}},"_links":{"self":[{"href":"https:\/\/globalallianceregister.com\/en\/wp-json\/wp\/v2\/pages\/141","targetHints":{"allow":["GET"]}}],"collection":[{"href":"https:\/\/globalallianceregister.com\/en\/wp-json\/wp\/v2\/pages"}],"about":[{"href":"https:\/\/globalallianceregister.com\/en\/wp-json\/wp\/v2\/types\/page"}],"author":[{"embeddable":true,"href":"https:\/\/globalallianceregister.com\/en\/wp-json\/wp\/v2\/users\/10"}],"replies":[{"embeddable":true,"href":"https:\/\/globalallianceregister.com\/en\/wp-json\/wp\/v2\/comments?post=141"}],"version-history":[{"count":0,"href":"https:\/\/globalallianceregister.com\/en\/wp-json\/wp\/v2\/pages\/141\/revisions"}],"wp:attachment":[{"href":"https:\/\/globalallianceregister.com\/en\/wp-json\/wp\/v2\/media?parent=141"}],"curies":[{"name":"wp","href":"https:\/\/api.w.org\/{rel}","templated":true}]}}