{"id":2148,"date":"2014-12-15T19:42:05","date_gmt":"2014-12-15T19:42:05","guid":{"rendered":"https:\/\/globalallianceregister.com\/?page_id=2148"},"modified":"2016-02-04T14:34:06","modified_gmt":"2016-02-04T14:34:06","slug":"turkce-surekliligi-egitim-programi","status":"publish","type":"page","link":"https:\/\/globalallianceregister.com\/en\/services\/egitim\/turkce-surekliligi-egitim-programi\/","title":{"rendered":"(TR) \u0130\u015f S\u00fcreklili\u011fi E\u011fitim Program\u0131"},"content":{"rendered":"<p class=\"qtranxs-available-languages-message qtranxs-available-languages-message-en\">Sorry, this entry is only available in <a href=\"https:\/\/globalallianceregister.com\/tr\/wp-json\/wp\/v2\/pages\/2148\" class=\"qtranxs-available-language-link qtranxs-available-language-link-tr\" title=\"TR\">TR<\/a>.<\/p>","protected":false},"excerpt":{"rendered":"<p>Sorry, this entry is only available in TR.<\/p>\n","protected":false},"author":10,"featured_media":5171,"parent":103,"menu_order":6,"comment_status":"closed","ping_status":"closed","template":"page-full.php","meta":{"_acf_changed":false,"om_disable_all_campaigns":false,"footnotes":""},"class_list":["post-2148","page","type-page","status-publish","has-post-thumbnail","hentry"],"acf":[],"yoast_head":"<!-- This site is optimized with the Yoast SEO plugin v27.4 - https:\/\/yoast.com\/product\/yoast-seo-wordpress\/ -->\n<title>(TR) \u0130\u015f S\u00fcreklili\u011fi E\u011fitim Program\u0131 - Global Alliance Register<\/title>\n<meta name=\"robots\" content=\"index, follow, max-snippet:-1, max-image-preview:large, max-video-preview:-1\" \/>\n<link rel=\"canonical\" href=\"https:\/\/globalallianceregister.com\/en\/services\/egitim\/turkce-surekliligi-egitim-programi\/\" \/>\n<meta property=\"og:locale\" content=\"en_US\" \/>\n<meta property=\"og:type\" content=\"article\" \/>\n<meta property=\"og:title\" content=\"(TR) \u0130\u015f S\u00fcreklili\u011fi E\u011fitim Program\u0131 - Global Alliance Register\" \/>\n<meta property=\"og:description\" content=\"Sorry, this entry is only available in TR.\" \/>\n<meta property=\"og:url\" content=\"https:\/\/globalallianceregister.com\/en\/services\/egitim\/turkce-surekliligi-egitim-programi\/\" \/>\n<meta property=\"og:site_name\" content=\"Global Alliance Register\" \/>\n<meta property=\"article:modified_time\" content=\"2016-02-04T14:34:06+00:00\" \/>\n<meta property=\"og:image\" content=\"https:\/\/globalallianceregister.com\/wp-content\/uploads\/2015\/08\/Training-Inner-Page.jpg\" \/>\n\t<meta property=\"og:image:width\" content=\"614\" \/>\n\t<meta property=\"og:image:height\" content=\"200\" \/>\n\t<meta property=\"og:image:type\" content=\"image\/jpeg\" \/>\n<meta name=\"twitter:label1\" content=\"Est. reading time\" \/>\n\t<meta name=\"twitter:data1\" content=\"1 minute\" \/>\n<script type=\"application\/ld+json\" class=\"yoast-schema-graph\">{\"@context\":\"https:\\\/\\\/schema.org\",\"@graph\":[{\"@type\":\"WebPage\",\"@id\":\"https:\\\/\\\/globalallianceregister.com\\\/en\\\/services\\\/egitim\\\/turkce-surekliligi-egitim-programi\\\/\",\"url\":\"https:\\\/\\\/globalallianceregister.com\\\/en\\\/services\\\/egitim\\\/turkce-surekliligi-egitim-programi\\\/\",\"name\":\"(TR) \u0130\u015f S\u00fcreklili\u011fi E\u011fitim Program\u0131 - Global Alliance Register\",\"isPartOf\":{\"@id\":\"https:\\\/\\\/globalallianceregister.com\\\/en\\\/#website\"},\"primaryImageOfPage\":{\"@id\":\"https:\\\/\\\/globalallianceregister.com\\\/en\\\/services\\\/egitim\\\/turkce-surekliligi-egitim-programi\\\/#primaryimage\"},\"image\":{\"@id\":\"https:\\\/\\\/globalallianceregister.com\\\/en\\\/services\\\/egitim\\\/turkce-surekliligi-egitim-programi\\\/#primaryimage\"},\"thumbnailUrl\":\"https:\\\/\\\/globalallianceregister.com\\\/wp-content\\\/uploads\\\/2015\\\/08\\\/Training-Inner-Page.jpg\",\"datePublished\":\"2014-12-15T19:42:05+00:00\",\"dateModified\":\"2016-02-04T14:34:06+00:00\",\"breadcrumb\":{\"@id\":\"https:\\\/\\\/globalallianceregister.com\\\/en\\\/services\\\/egitim\\\/turkce-surekliligi-egitim-programi\\\/#breadcrumb\"},\"inLanguage\":\"en-US\",\"potentialAction\":[{\"@type\":\"ReadAction\",\"target\":[[\"https:\\\/\\\/globalallianceregister.com\\\/en\\\/services\\\/egitim\\\/turkce-surekliligi-egitim-programi\\\/\"]]}]},{\"@type\":\"ImageObject\",\"inLanguage\":\"en-US\",\"@id\":\"https:\\\/\\\/globalallianceregister.com\\\/en\\\/services\\\/egitim\\\/turkce-surekliligi-egitim-programi\\\/#primaryimage\",\"url\":\"https:\\\/\\\/globalallianceregister.com\\\/wp-content\\\/uploads\\\/2015\\\/08\\\/Training-Inner-Page.jpg\",\"contentUrl\":\"https:\\\/\\\/globalallianceregister.com\\\/wp-content\\\/uploads\\\/2015\\\/08\\\/Training-Inner-Page.jpg\",\"width\":614,\"height\":200},{\"@type\":\"BreadcrumbList\",\"@id\":\"https:\\\/\\\/globalallianceregister.com\\\/en\\\/services\\\/egitim\\\/turkce-surekliligi-egitim-programi\\\/#breadcrumb\",\"itemListElement\":[{\"@type\":\"ListItem\",\"position\":1,\"name\":\"Home\",\"item\":\"https:\\\/\\\/globalallianceregister.com\\\/en\\\/\"},{\"@type\":\"ListItem\",\"position\":2,\"name\":\"(TR) \u0130\u015f S\u00fcreklili\u011fi E\u011fitim Program\u0131\"}]},{\"@type\":\"WebSite\",\"@id\":\"https:\\\/\\\/globalallianceregister.com\\\/en\\\/#website\",\"url\":\"https:\\\/\\\/globalallianceregister.com\\\/en\\\/\",\"name\":\"Global Alliance Register\",\"description\":\"Together for Excellence\",\"potentialAction\":[{\"@type\":\"SearchAction\",\"target\":{\"@type\":\"EntryPoint\",\"urlTemplate\":\"https:\\\/\\\/globalallianceregister.com\\\/en\\\/?s={search_term_string}\"},\"query-input\":{\"@type\":\"PropertyValueSpecification\",\"valueRequired\":true,\"valueName\":\"search_term_string\"}}],\"inLanguage\":\"en-US\"}]}<\/script>\n<!-- \/ Yoast SEO plugin. -->","yoast_head_json":{"title":"(TR) \u0130\u015f S\u00fcreklili\u011fi E\u011fitim Program\u0131 - Global Alliance Register","robots":{"index":"index","follow":"follow","max-snippet":"max-snippet:-1","max-image-preview":"max-image-preview:large","max-video-preview":"max-video-preview:-1"},"canonical":"https:\/\/globalallianceregister.com\/en\/services\/egitim\/turkce-surekliligi-egitim-programi\/","og_locale":"en_US","og_type":"article","og_title":"(TR) \u0130\u015f S\u00fcreklili\u011fi E\u011fitim Program\u0131 - Global Alliance Register","og_description":"Sorry, this entry is only available in TR.","og_url":"https:\/\/globalallianceregister.com\/en\/services\/egitim\/turkce-surekliligi-egitim-programi\/","og_site_name":"Global Alliance Register","article_modified_time":"2016-02-04T14:34:06+00:00","og_image":[{"width":614,"height":200,"url":"https:\/\/globalallianceregister.com\/wp-content\/uploads\/2015\/08\/Training-Inner-Page.jpg","type":"image\/jpeg"}],"twitter_misc":{"Est. reading time":"1 minute"},"schema":{"@context":"https:\/\/schema.org","@graph":[{"@type":"WebPage","@id":"https:\/\/globalallianceregister.com\/en\/services\/egitim\/turkce-surekliligi-egitim-programi\/","url":"https:\/\/globalallianceregister.com\/en\/services\/egitim\/turkce-surekliligi-egitim-programi\/","name":"(TR) \u0130\u015f S\u00fcreklili\u011fi E\u011fitim Program\u0131 - Global Alliance Register","isPartOf":{"@id":"https:\/\/globalallianceregister.com\/en\/#website"},"primaryImageOfPage":{"@id":"https:\/\/globalallianceregister.com\/en\/services\/egitim\/turkce-surekliligi-egitim-programi\/#primaryimage"},"image":{"@id":"https:\/\/globalallianceregister.com\/en\/services\/egitim\/turkce-surekliligi-egitim-programi\/#primaryimage"},"thumbnailUrl":"https:\/\/globalallianceregister.com\/wp-content\/uploads\/2015\/08\/Training-Inner-Page.jpg","datePublished":"2014-12-15T19:42:05+00:00","dateModified":"2016-02-04T14:34:06+00:00","breadcrumb":{"@id":"https:\/\/globalallianceregister.com\/en\/services\/egitim\/turkce-surekliligi-egitim-programi\/#breadcrumb"},"inLanguage":"en-US","potentialAction":[{"@type":"ReadAction","target":[["https:\/\/globalallianceregister.com\/en\/services\/egitim\/turkce-surekliligi-egitim-programi\/"]]}]},{"@type":"ImageObject","inLanguage":"en-US","@id":"https:\/\/globalallianceregister.com\/en\/services\/egitim\/turkce-surekliligi-egitim-programi\/#primaryimage","url":"https:\/\/globalallianceregister.com\/wp-content\/uploads\/2015\/08\/Training-Inner-Page.jpg","contentUrl":"https:\/\/globalallianceregister.com\/wp-content\/uploads\/2015\/08\/Training-Inner-Page.jpg","width":614,"height":200},{"@type":"BreadcrumbList","@id":"https:\/\/globalallianceregister.com\/en\/services\/egitim\/turkce-surekliligi-egitim-programi\/#breadcrumb","itemListElement":[{"@type":"ListItem","position":1,"name":"Home","item":"https:\/\/globalallianceregister.com\/en\/"},{"@type":"ListItem","position":2,"name":"(TR) \u0130\u015f S\u00fcreklili\u011fi E\u011fitim Program\u0131"}]},{"@type":"WebSite","@id":"https:\/\/globalallianceregister.com\/en\/#website","url":"https:\/\/globalallianceregister.com\/en\/","name":"Global Alliance Register","description":"Together for Excellence","potentialAction":[{"@type":"SearchAction","target":{"@type":"EntryPoint","urlTemplate":"https:\/\/globalallianceregister.com\/en\/?s={search_term_string}"},"query-input":{"@type":"PropertyValueSpecification","valueRequired":true,"valueName":"search_term_string"}}],"inLanguage":"en-US"}]}},"_links":{"self":[{"href":"https:\/\/globalallianceregister.com\/en\/wp-json\/wp\/v2\/pages\/2148","targetHints":{"allow":["GET"]}}],"collection":[{"href":"https:\/\/globalallianceregister.com\/en\/wp-json\/wp\/v2\/pages"}],"about":[{"href":"https:\/\/globalallianceregister.com\/en\/wp-json\/wp\/v2\/types\/page"}],"author":[{"embeddable":true,"href":"https:\/\/globalallianceregister.com\/en\/wp-json\/wp\/v2\/users\/10"}],"replies":[{"embeddable":true,"href":"https:\/\/globalallianceregister.com\/en\/wp-json\/wp\/v2\/comments?post=2148"}],"version-history":[{"count":0,"href":"https:\/\/globalallianceregister.com\/en\/wp-json\/wp\/v2\/pages\/2148\/revisions"}],"up":[{"embeddable":true,"href":"https:\/\/globalallianceregister.com\/en\/wp-json\/wp\/v2\/pages\/103"}],"wp:featuredmedia":[{"embeddable":true,"href":"https:\/\/globalallianceregister.com\/en\/wp-json\/wp\/v2\/media\/5171"}],"wp:attachment":[{"href":"https:\/\/globalallianceregister.com\/en\/wp-json\/wp\/v2\/media?parent=2148"}],"curies":[{"name":"wp","href":"https:\/\/api.w.org\/{rel}","templated":true}]}}