{"id":2266,"date":"2014-12-16T18:38:51","date_gmt":"2014-12-16T18:38:51","guid":{"rendered":"https:\/\/globalallianceregister.com\/?page_id=2266"},"modified":"2015-12-11T17:07:41","modified_gmt":"2015-12-11T17:07:41","slug":"turkce-iris-uluslararasi-demiryollari-rayli-tasimacilik-endustri-standardi-ic-denetci-egitimi-3-gun","status":"publish","type":"page","link":"https:\/\/globalallianceregister.com\/en\/services\/egitim\/turkce-yonetim-sistemleri\/turkce-iris-uluslararasi-demiryollari-rayli-tasimacilik-endustri-standardi-ic-denetci-egitimi-3-gun\/","title":{"rendered":"(TR) IRIS- Uluslararas\u0131 Demiryollar\u0131- Rayl\u0131 Ta\u015f\u0131mac\u0131l\u0131k End\u00fcstri Standard\u0131 \u0130\u00e7 Denet\u00e7i E\u011fitimi \u2013 3 g\u00fcn"},"content":{"rendered":"<p><strong>\u00a0<\/strong> <strong>\u00a0Kat\u0131l\u0131mc\u0131 Profili<\/strong><\/p>\n<ul>\n<li>IRIS Sekt\u00f6rel Kalite Y\u00f6netim Sistemi kurma a\u015famas\u0131nda g\u00f6rev alacak \u00e7al\u0131\u015fanlar (\u00e7ok i\u015flevli Tak\u0131m\u0131 \u00dcyeleri) ile konu hakk\u0131nda bilgi ve yetkinlik sahibi olmas\u0131 gerekli g\u00f6r\u00fclen i\u00e7 denet\u00e7iler; konu ile ilgili m\u00fc\u015fteri denetimlerinde yer alacak teknik, sat\u0131\u015f ve m\u00fc\u015fteri temsilcileri, vb. e\u011fitimden fayda sa\u011flayabilecektir.<\/li>\n<\/ul>\n<p>\u00a0 <strong>Hedeflenen Sonu\u00e7<\/strong><\/p>\n<ul>\n<li>E\u011fitimimizin amac\u0131; IRIS Uluslararas\u0131 Demiryollar\u0131- Rayl\u0131 Ta\u015f\u0131mac\u0131l\u0131k End\u00fcstri Standard\u0131 (Y\u00f6netim Sistemi) nin temel bile\u015fenleri ve i\u00e7 denetimlerini ger\u00e7ekle\u015ftirebilecek y\u00f6ntemler hakk\u0131nda bilgi vermek ve i\u00e7 denetimlere yans\u0131t\u0131lmas\u0131 konusunda gerekli yetkinlikleri olu\u015fturmakt\u0131r.<\/li>\n<\/ul>\n<ul>\n<li>IRIS Standard\u0131 \u00f6zellikle Demiryollar\u0131 ve Rayl\u0131 Ta\u015f\u0131mac\u0131l\u0131k konular\u0131nda \u00dcr\u00fcn ve Sistem tasar\u0131m\u0131ndan ilgili \u00dcr\u00fcn (yaz\u0131l\u0131m, donan\u0131m, sistem) \u00fcretimine; Rayl\u0131 Ta\u015f\u0131mac\u0131l\u0131k ve \u201cHareketli Stok- Malzeme\u201d y\u00f6netiminden Demiryollar\u0131 ve ilgili Lojistik Operat\u00f6rlerinden, Sinyalizasyon ve Emniyet Sistemleri geli\u015ftiricilerine kadar \u00e7ok de\u011fi\u015fik alanlarda verilecek hizmet ve uygulamalar\u0131n Sekt\u00f6rel gerekliliklere gore yerine getirilebilmesi i\u00e7in gereklilikleri tan\u0131mlar. \u0130\u00e7 Denet\u00e7ilik E\u011fitimi, bu Standard\u0131n sekt\u00f6rel gereklilikler konusunda temel yetkinlikler, planlama, denetim, de\u011ferlendirme, raporlama ve takibi konular\u0131nda uygulamalar\u0131n\u0131 ele alacakt\u0131r.<\/li>\n<\/ul>\n<ul>\n<li>IRIS konusunda belgeli olmak; ileride Avrupa Toplulu\u011fu ve Global Sekt\u00f6re i\u015f yapabilmek ve tasar\u0131mc\u0131\/ tedarik\u00e7i vb. olabilmek i\u00e7in de bir \u00f6nko\u015ful oldu\u011fu i\u00e7in, bu e\u011fitim, sistemin i\u00e7 denetimleri i\u00e7in gerekli temel yetkinli\u011fi olu\u015fturmay\u0131 hedeflemi\u015ftir.<\/li>\n<\/ul>\n<ul>\n<li>Kurs sonunda , kat\u0131l\u0131mc\u0131lar\u0131n, IRIS Uluslararas\u0131 Standard\u0131n\u0131n gereklilikleri ve ilgili Demiryollar\u0131 ve Rayl\u0131 Ta\u015f\u0131mac\u0131l\u0131k End\u00fcstri gereklilikleri konular\u0131nda i\u00e7 denetim yapabilecek yetkinli\u011fe ula\u015fmas\u0131 ama\u00e7lanm\u0131\u015ft\u0131r. Bu e\u011fitim sonunda, kat\u0131l\u0131mc\u0131lar, IRIS belgelendirme i\u00e7in gerekli olan KYS ve i\u00e7 denetim yapabilecek temel bilgi ve yetkinlik sahibi olacaklard\u0131r.<\/li>\n<\/ul>\n<p>\u00a0 <strong>E\u011fitim \u0130\u00e7eri\u011fi<\/strong><\/p>\n<ul>\n<li>IRIS Standart gereklileri; ISO 9001 ve Sekt\u00f6rel gerekliliklerle ili\u015fkileri.<\/li>\n<\/ul>\n<ul>\n<li>UNIFE, IRIS Portal\u0131, ve Sistem Etkile\u015fim Ortamlar\u0131 hakk\u0131nda temel bilgiler.<\/li>\n<\/ul>\n<ul>\n<li>IRIS Denetimine haz\u0131rl\u0131klar; \u00f6ncesi ve sonras\u0131 etkinlikler.<\/li>\n<\/ul>\n<ul>\n<li>IRIS Stardart maddeleri ve sekt\u00f6rel gereklilikleri<\/li>\n<\/ul>\n<ul>\n<li>IRIS \u0130\u00e7 Denetim, a\u015famalar\u0131 ve denetim y\u00f6ntemi; Denet\u00e7i yetkinlikleri, Planlama, Denetim, Raporlama, Etkinlik Takibi<\/li>\n<\/ul>\n<ul>\n<li>Denet\u00e7i \u00d6zellikleri, Gerekli Yetkinlikler, IRIS Standard\u0131na \u00f6zel soru listeleri, de\u011ferlendirme y\u00f6ntemleri, ve yakla\u015f\u0131mlar\u0131n\u0131n kullan\u0131m\u0131<\/li>\n<\/ul>\n<ul>\n<li>Vaka \u00e7al\u0131\u015fmalar\u0131<\/li>\n<\/ul>\n<p>\u00a0 <strong>Sertifika<\/strong><\/p>\n<ul>\n<li>E\u011fitimi tamamlayan t\u00fcm kat\u0131l\u0131mc\u0131lara GLOBAL ALLIANCE ACADEMY taraf\u0131ndan, &#8221; IRIS- Uluslararas\u0131 Demiryollar\u0131- Rayl\u0131 Ta\u015f\u0131mac\u0131l\u0131k End\u00fcstri Standard\u0131 \u0130\u00e7 Denet\u00e7i E\u011fitimi Kat\u0131l\u0131m Sertifikas\u0131&#8221; verilecektir.<\/li>\n<\/ul>","protected":false},"excerpt":{"rendered":"<p>\u00a0 \u00a0Kat\u0131l\u0131mc\u0131 Profili IRIS Sekt\u00f6rel Kalite Y\u00f6netim Sistemi kurma a\u015famas\u0131nda g\u00f6rev alacak \u00e7al\u0131\u015fanlar (\u00e7ok i\u015flevli Tak\u0131m\u0131 \u00dcyeleri) ile konu hakk\u0131nda bilgi ve yetkinlik sahibi olmas\u0131 gerekli g\u00f6r\u00fclen i\u00e7 denet\u00e7iler; konu&#8230; <\/p>\n","protected":false},"author":10,"featured_media":5171,"parent":2143,"menu_order":43,"comment_status":"closed","ping_status":"closed","template":"page-full.php","meta":{"_acf_changed":false,"om_disable_all_campaigns":false,"footnotes":""},"class_list":["post-2266","page","type-page","status-publish","has-post-thumbnail","hentry"],"acf":[],"yoast_head":"<!-- This site is optimized with the Yoast SEO plugin v27.4 - https:\/\/yoast.com\/product\/yoast-seo-wordpress\/ -->\n<title>(TR) IRIS- Uluslararas\u0131 Demiryollar\u0131- Rayl\u0131 Ta\u015f\u0131mac\u0131l\u0131k End\u00fcstri Standard\u0131 \u0130\u00e7 Denet\u00e7i E\u011fitimi \u2013 3 g\u00fcn - Global Alliance Register<\/title>\n<meta name=\"robots\" content=\"index, follow, max-snippet:-1, max-image-preview:large, max-video-preview:-1\" \/>\n<link rel=\"canonical\" href=\"https:\/\/globalallianceregister.com\/en\/services\/egitim\/turkce-yonetim-sistemleri\/turkce-iris-uluslararasi-demiryollari-rayli-tasimacilik-endustri-standardi-ic-denetci-egitimi-3-gun\/\" \/>\n<meta property=\"og:locale\" content=\"en_US\" \/>\n<meta property=\"og:type\" content=\"article\" \/>\n<meta property=\"og:title\" content=\"(TR) IRIS- Uluslararas\u0131 Demiryollar\u0131- Rayl\u0131 Ta\u015f\u0131mac\u0131l\u0131k End\u00fcstri Standard\u0131 \u0130\u00e7 Denet\u00e7i E\u011fitimi \u2013 3 g\u00fcn - Global Alliance Register\" \/>\n<meta property=\"og:description\" content=\"\u00a0 \u00a0Kat\u0131l\u0131mc\u0131 Profili IRIS Sekt\u00f6rel Kalite Y\u00f6netim Sistemi kurma a\u015famas\u0131nda g\u00f6rev alacak \u00e7al\u0131\u015fanlar (\u00e7ok i\u015flevli Tak\u0131m\u0131 \u00dcyeleri) ile konu hakk\u0131nda bilgi ve yetkinlik sahibi olmas\u0131 gerekli g\u00f6r\u00fclen i\u00e7 denet\u00e7iler; konu...\" \/>\n<meta property=\"og:url\" content=\"https:\/\/globalallianceregister.com\/en\/services\/egitim\/turkce-yonetim-sistemleri\/turkce-iris-uluslararasi-demiryollari-rayli-tasimacilik-endustri-standardi-ic-denetci-egitimi-3-gun\/\" \/>\n<meta property=\"og:site_name\" content=\"Global Alliance Register\" \/>\n<meta property=\"article:modified_time\" content=\"2015-12-11T17:07:41+00:00\" \/>\n<meta property=\"og:image\" content=\"https:\/\/globalallianceregister.com\/wp-content\/uploads\/2015\/08\/Training-Inner-Page.jpg\" \/>\n\t<meta property=\"og:image:width\" content=\"614\" \/>\n\t<meta property=\"og:image:height\" content=\"200\" \/>\n\t<meta property=\"og:image:type\" content=\"image\/jpeg\" \/>\n<meta name=\"twitter:label1\" content=\"Est. reading time\" \/>\n\t<meta name=\"twitter:data1\" content=\"4 minutes\" \/>\n<script type=\"application\/ld+json\" class=\"yoast-schema-graph\">{\"@context\":\"https:\\\/\\\/schema.org\",\"@graph\":[{\"@type\":\"WebPage\",\"@id\":\"https:\\\/\\\/globalallianceregister.com\\\/en\\\/services\\\/egitim\\\/turkce-yonetim-sistemleri\\\/turkce-iris-uluslararasi-demiryollari-rayli-tasimacilik-endustri-standardi-ic-denetci-egitimi-3-gun\\\/\",\"url\":\"https:\\\/\\\/globalallianceregister.com\\\/en\\\/services\\\/egitim\\\/turkce-yonetim-sistemleri\\\/turkce-iris-uluslararasi-demiryollari-rayli-tasimacilik-endustri-standardi-ic-denetci-egitimi-3-gun\\\/\",\"name\":\"(TR) IRIS- Uluslararas\u0131 Demiryollar\u0131- Rayl\u0131 Ta\u015f\u0131mac\u0131l\u0131k End\u00fcstri Standard\u0131 \u0130\u00e7 Denet\u00e7i E\u011fitimi \u2013 3 g\u00fcn - Global Alliance Register\",\"isPartOf\":{\"@id\":\"https:\\\/\\\/globalallianceregister.com\\\/en\\\/#website\"},\"primaryImageOfPage\":{\"@id\":\"https:\\\/\\\/globalallianceregister.com\\\/en\\\/services\\\/egitim\\\/turkce-yonetim-sistemleri\\\/turkce-iris-uluslararasi-demiryollari-rayli-tasimacilik-endustri-standardi-ic-denetci-egitimi-3-gun\\\/#primaryimage\"},\"image\":{\"@id\":\"https:\\\/\\\/globalallianceregister.com\\\/en\\\/services\\\/egitim\\\/turkce-yonetim-sistemleri\\\/turkce-iris-uluslararasi-demiryollari-rayli-tasimacilik-endustri-standardi-ic-denetci-egitimi-3-gun\\\/#primaryimage\"},\"thumbnailUrl\":\"https:\\\/\\\/globalallianceregister.com\\\/wp-content\\\/uploads\\\/2015\\\/08\\\/Training-Inner-Page.jpg\",\"datePublished\":\"2014-12-16T18:38:51+00:00\",\"dateModified\":\"2015-12-11T17:07:41+00:00\",\"breadcrumb\":{\"@id\":\"https:\\\/\\\/globalallianceregister.com\\\/en\\\/services\\\/egitim\\\/turkce-yonetim-sistemleri\\\/turkce-iris-uluslararasi-demiryollari-rayli-tasimacilik-endustri-standardi-ic-denetci-egitimi-3-gun\\\/#breadcrumb\"},\"inLanguage\":\"en-US\",\"potentialAction\":[{\"@type\":\"ReadAction\",\"target\":[[\"https:\\\/\\\/globalallianceregister.com\\\/en\\\/services\\\/egitim\\\/turkce-yonetim-sistemleri\\\/turkce-iris-uluslararasi-demiryollari-rayli-tasimacilik-endustri-standardi-ic-denetci-egitimi-3-gun\\\/\"]]}]},{\"@type\":\"ImageObject\",\"inLanguage\":\"en-US\",\"@id\":\"https:\\\/\\\/globalallianceregister.com\\\/en\\\/services\\\/egitim\\\/turkce-yonetim-sistemleri\\\/turkce-iris-uluslararasi-demiryollari-rayli-tasimacilik-endustri-standardi-ic-denetci-egitimi-3-gun\\\/#primaryimage\",\"url\":\"https:\\\/\\\/globalallianceregister.com\\\/wp-content\\\/uploads\\\/2015\\\/08\\\/Training-Inner-Page.jpg\",\"contentUrl\":\"https:\\\/\\\/globalallianceregister.com\\\/wp-content\\\/uploads\\\/2015\\\/08\\\/Training-Inner-Page.jpg\",\"width\":614,\"height\":200},{\"@type\":\"BreadcrumbList\",\"@id\":\"https:\\\/\\\/globalallianceregister.com\\\/en\\\/services\\\/egitim\\\/turkce-yonetim-sistemleri\\\/turkce-iris-uluslararasi-demiryollari-rayli-tasimacilik-endustri-standardi-ic-denetci-egitimi-3-gun\\\/#breadcrumb\",\"itemListElement\":[{\"@type\":\"ListItem\",\"position\":1,\"name\":\"Home\",\"item\":\"https:\\\/\\\/globalallianceregister.com\\\/en\\\/\"},{\"@type\":\"ListItem\",\"position\":2,\"name\":\"(TR) IRIS- Uluslararas\u0131 Demiryollar\u0131- Rayl\u0131 Ta\u015f\u0131mac\u0131l\u0131k End\u00fcstri Standard\u0131 \u0130\u00e7 Denet\u00e7i E\u011fitimi \u2013 3 g\u00fcn\"}]},{\"@type\":\"WebSite\",\"@id\":\"https:\\\/\\\/globalallianceregister.com\\\/en\\\/#website\",\"url\":\"https:\\\/\\\/globalallianceregister.com\\\/en\\\/\",\"name\":\"Global Alliance Register\",\"description\":\"Together for Excellence\",\"potentialAction\":[{\"@type\":\"SearchAction\",\"target\":{\"@type\":\"EntryPoint\",\"urlTemplate\":\"https:\\\/\\\/globalallianceregister.com\\\/en\\\/?s={search_term_string}\"},\"query-input\":{\"@type\":\"PropertyValueSpecification\",\"valueRequired\":true,\"valueName\":\"search_term_string\"}}],\"inLanguage\":\"en-US\"}]}<\/script>\n<!-- \/ Yoast SEO plugin. -->","yoast_head_json":{"title":"(TR) IRIS- Uluslararas\u0131 Demiryollar\u0131- Rayl\u0131 Ta\u015f\u0131mac\u0131l\u0131k End\u00fcstri Standard\u0131 \u0130\u00e7 Denet\u00e7i E\u011fitimi \u2013 3 g\u00fcn - Global Alliance Register","robots":{"index":"index","follow":"follow","max-snippet":"max-snippet:-1","max-image-preview":"max-image-preview:large","max-video-preview":"max-video-preview:-1"},"canonical":"https:\/\/globalallianceregister.com\/en\/services\/egitim\/turkce-yonetim-sistemleri\/turkce-iris-uluslararasi-demiryollari-rayli-tasimacilik-endustri-standardi-ic-denetci-egitimi-3-gun\/","og_locale":"en_US","og_type":"article","og_title":"(TR) IRIS- Uluslararas\u0131 Demiryollar\u0131- Rayl\u0131 Ta\u015f\u0131mac\u0131l\u0131k End\u00fcstri Standard\u0131 \u0130\u00e7 Denet\u00e7i E\u011fitimi \u2013 3 g\u00fcn - Global Alliance Register","og_description":"\u00a0 \u00a0Kat\u0131l\u0131mc\u0131 Profili IRIS Sekt\u00f6rel Kalite Y\u00f6netim Sistemi kurma a\u015famas\u0131nda g\u00f6rev alacak \u00e7al\u0131\u015fanlar (\u00e7ok i\u015flevli Tak\u0131m\u0131 \u00dcyeleri) ile konu hakk\u0131nda bilgi ve yetkinlik sahibi olmas\u0131 gerekli g\u00f6r\u00fclen i\u00e7 denet\u00e7iler; konu...","og_url":"https:\/\/globalallianceregister.com\/en\/services\/egitim\/turkce-yonetim-sistemleri\/turkce-iris-uluslararasi-demiryollari-rayli-tasimacilik-endustri-standardi-ic-denetci-egitimi-3-gun\/","og_site_name":"Global Alliance Register","article_modified_time":"2015-12-11T17:07:41+00:00","og_image":[{"width":614,"height":200,"url":"https:\/\/globalallianceregister.com\/wp-content\/uploads\/2015\/08\/Training-Inner-Page.jpg","type":"image\/jpeg"}],"twitter_misc":{"Est. reading time":"4 minutes"},"schema":{"@context":"https:\/\/schema.org","@graph":[{"@type":"WebPage","@id":"https:\/\/globalallianceregister.com\/en\/services\/egitim\/turkce-yonetim-sistemleri\/turkce-iris-uluslararasi-demiryollari-rayli-tasimacilik-endustri-standardi-ic-denetci-egitimi-3-gun\/","url":"https:\/\/globalallianceregister.com\/en\/services\/egitim\/turkce-yonetim-sistemleri\/turkce-iris-uluslararasi-demiryollari-rayli-tasimacilik-endustri-standardi-ic-denetci-egitimi-3-gun\/","name":"(TR) IRIS- Uluslararas\u0131 Demiryollar\u0131- Rayl\u0131 Ta\u015f\u0131mac\u0131l\u0131k End\u00fcstri Standard\u0131 \u0130\u00e7 Denet\u00e7i E\u011fitimi \u2013 3 g\u00fcn - Global Alliance Register","isPartOf":{"@id":"https:\/\/globalallianceregister.com\/en\/#website"},"primaryImageOfPage":{"@id":"https:\/\/globalallianceregister.com\/en\/services\/egitim\/turkce-yonetim-sistemleri\/turkce-iris-uluslararasi-demiryollari-rayli-tasimacilik-endustri-standardi-ic-denetci-egitimi-3-gun\/#primaryimage"},"image":{"@id":"https:\/\/globalallianceregister.com\/en\/services\/egitim\/turkce-yonetim-sistemleri\/turkce-iris-uluslararasi-demiryollari-rayli-tasimacilik-endustri-standardi-ic-denetci-egitimi-3-gun\/#primaryimage"},"thumbnailUrl":"https:\/\/globalallianceregister.com\/wp-content\/uploads\/2015\/08\/Training-Inner-Page.jpg","datePublished":"2014-12-16T18:38:51+00:00","dateModified":"2015-12-11T17:07:41+00:00","breadcrumb":{"@id":"https:\/\/globalallianceregister.com\/en\/services\/egitim\/turkce-yonetim-sistemleri\/turkce-iris-uluslararasi-demiryollari-rayli-tasimacilik-endustri-standardi-ic-denetci-egitimi-3-gun\/#breadcrumb"},"inLanguage":"en-US","potentialAction":[{"@type":"ReadAction","target":[["https:\/\/globalallianceregister.com\/en\/services\/egitim\/turkce-yonetim-sistemleri\/turkce-iris-uluslararasi-demiryollari-rayli-tasimacilik-endustri-standardi-ic-denetci-egitimi-3-gun\/"]]}]},{"@type":"ImageObject","inLanguage":"en-US","@id":"https:\/\/globalallianceregister.com\/en\/services\/egitim\/turkce-yonetim-sistemleri\/turkce-iris-uluslararasi-demiryollari-rayli-tasimacilik-endustri-standardi-ic-denetci-egitimi-3-gun\/#primaryimage","url":"https:\/\/globalallianceregister.com\/wp-content\/uploads\/2015\/08\/Training-Inner-Page.jpg","contentUrl":"https:\/\/globalallianceregister.com\/wp-content\/uploads\/2015\/08\/Training-Inner-Page.jpg","width":614,"height":200},{"@type":"BreadcrumbList","@id":"https:\/\/globalallianceregister.com\/en\/services\/egitim\/turkce-yonetim-sistemleri\/turkce-iris-uluslararasi-demiryollari-rayli-tasimacilik-endustri-standardi-ic-denetci-egitimi-3-gun\/#breadcrumb","itemListElement":[{"@type":"ListItem","position":1,"name":"Home","item":"https:\/\/globalallianceregister.com\/en\/"},{"@type":"ListItem","position":2,"name":"(TR) IRIS- Uluslararas\u0131 Demiryollar\u0131- Rayl\u0131 Ta\u015f\u0131mac\u0131l\u0131k End\u00fcstri Standard\u0131 \u0130\u00e7 Denet\u00e7i E\u011fitimi \u2013 3 g\u00fcn"}]},{"@type":"WebSite","@id":"https:\/\/globalallianceregister.com\/en\/#website","url":"https:\/\/globalallianceregister.com\/en\/","name":"Global Alliance Register","description":"Together for Excellence","potentialAction":[{"@type":"SearchAction","target":{"@type":"EntryPoint","urlTemplate":"https:\/\/globalallianceregister.com\/en\/?s={search_term_string}"},"query-input":{"@type":"PropertyValueSpecification","valueRequired":true,"valueName":"search_term_string"}}],"inLanguage":"en-US"}]}},"_links":{"self":[{"href":"https:\/\/globalallianceregister.com\/en\/wp-json\/wp\/v2\/pages\/2266","targetHints":{"allow":["GET"]}}],"collection":[{"href":"https:\/\/globalallianceregister.com\/en\/wp-json\/wp\/v2\/pages"}],"about":[{"href":"https:\/\/globalallianceregister.com\/en\/wp-json\/wp\/v2\/types\/page"}],"author":[{"embeddable":true,"href":"https:\/\/globalallianceregister.com\/en\/wp-json\/wp\/v2\/users\/10"}],"replies":[{"embeddable":true,"href":"https:\/\/globalallianceregister.com\/en\/wp-json\/wp\/v2\/comments?post=2266"}],"version-history":[{"count":0,"href":"https:\/\/globalallianceregister.com\/en\/wp-json\/wp\/v2\/pages\/2266\/revisions"}],"up":[{"embeddable":true,"href":"https:\/\/globalallianceregister.com\/en\/wp-json\/wp\/v2\/pages\/2143"}],"wp:featuredmedia":[{"embeddable":true,"href":"https:\/\/globalallianceregister.com\/en\/wp-json\/wp\/v2\/media\/5171"}],"wp:attachment":[{"href":"https:\/\/globalallianceregister.com\/en\/wp-json\/wp\/v2\/media?parent=2266"}],"curies":[{"name":"wp","href":"https:\/\/api.w.org\/{rel}","templated":true}]}}