{"id":38,"date":"2010-12-25T13:49:30","date_gmt":"2010-12-25T13:49:30","guid":{"rendered":"https:\/\/globalallianceregister.com\/?page_id=38"},"modified":"2016-02-11T10:15:53","modified_gmt":"2016-02-11T10:15:53","slug":"finance","status":"publish","type":"page","link":"https:\/\/globalallianceregister.com\/en\/sectors\/finance\/","title":{"rendered":"Financial Institutes"},"content":{"rendered":"<p><strong>Proficient services to the financial institutes in monitoring, expertise services, project management and more&#8230;<\/strong><\/p>\n<p>In today\u2019s complex investment and business environment, one of our main clients are banks and financial institutes due to the increasing level of risk in the Project Finance as well as the loan allocation.<\/p>\n<p>Risk identification and allocation is a key component of project finance for the financial institutes. A project may be subject to a number of technical, environmental, economic and political risks, particularly in developing countries and emerging markets. Financial institutions and project sponsors may conclude that the risks inherent in project development and operation are unacceptable. To cope with these risks, the Project Owners from all industries applies to GAR Services that allows financing to take place. On the other hand GAR has a extensive experience in Lender\u2019s Supervision Services to monitor and supervise the projects according to the agreed protocols.<\/p>\n<p>GAR Services applicable to the Financial Institutes and Banks are not limited with above, but also providing the generic services highlighted below:<\/p>\n<ul>\n<li>Project Management,<\/li>\n<li>Monitoring,<\/li>\n<li>Due Diligence,<\/li>\n<li>Inspection &amp; Audit,<\/li>\n<li>Expertise,<\/li>\n<li>Remaining Life Assessment,<\/li>\n<li>Plant Condition Assessment,<\/li>\n<li>Claim Management,<\/li>\n<li>Corporate Social Responsibility Consultancy &amp; Audits,<\/li>\n<li>Credit Support Risk Management,<\/li>\n<li>Collateral Control &amp; Management,<\/li>\n<li>Field Warehousing and Storage,<\/li>\n<li>Auditing<\/li>\n<li>Rating &amp; Ranking,<\/li>\n<li>Training,<\/li>\n<\/ul>\n<h1>Solutions<\/h1>\n<table>\n<tbody>\n<tr>\n<td style=\"width: 350px; border-color: #ffffff; text-align: left; vertical-align: middle; background-color: #f7f7f7;\" width=\"250\">\n<ul>\n<li><a href=\"https:\/\/globalallianceregister.com\/en\/services\/assistance\/\" target=\"_blank\">ASSISTANCE<\/a><\/li>\n<\/ul>\n<\/td>\n<td style=\"width: 350px; border-color: #ffffff; text-align: left; vertical-align: middle; background-color: #f7f7f7;\" width=\"250\">\n<ul style=\"list-style-type: square;\">\n<li><a href=\"https:\/\/globalallianceregister.com\/en\/services\/inspection-and-expediting-services\/\" target=\"_blank\">INSPECTION &amp; EXPEDITING<\/a><\/li>\n<\/ul>\n<\/td>\n<td style=\"width: 350px; border-color: #ffffff; text-align: left; vertical-align: middle; background-color: #f7f7f7;\" width=\"251\">\n<ul style=\"list-style-type: square;\">\n<li><a href=\"https:\/\/globalallianceregister.com\/en\/services\/consultancy\/\" target=\"_blank\">CONSULTANCY<\/a><\/li>\n<\/ul>\n<\/td>\n<\/tr>\n<tr>\n<td style=\"width: 350px; border-color: #ffffff; text-align: left; vertical-align: middle; background-color: #f7f7f7;\" width=\"250\">\n<ul style=\"list-style-type: square;\">\n<li><a href=\"https:\/\/globalallianceregister.com\/en\/services\/certification\/\" target=\"_blank\">CERTIFICATION<\/a><\/li>\n<\/ul>\n<\/td>\n<td style=\"width: 350px; border-color: #ffffff; text-align: left; vertical-align: middle; background-color: #f7f7f7;\" width=\"250\">\n<ul style=\"list-style-type: square;\">\n<li><a href=\"https:\/\/globalallianceregister.com\/en\/services\/training\/\" target=\"_blank\">TRAINING<\/a><\/li>\n<\/ul>\n<\/td>\n<td style=\"width: 350px; border-color: #ffffff; text-align: left; vertical-align: middle; background-color: #f7f7f7;\" width=\"251\">\n<ul style=\"list-style-type: square;\">\n<li><a href=\"https:\/\/globalallianceregister.com\/en\/services\/construction-project-management-services\/\" target=\"_blank\">CONSTRUCTION PROJECT MANAGEMENT<\/a><\/li>\n<\/ul>\n<\/td>\n<\/tr>\n<tr>\n<td style=\"width: 350px; border-color: #ffffff; text-align: left; vertical-align: middle; background-color: #f7f7f7;\" width=\"250\">\n<ul style=\"list-style-type: square;\">\n<li><a href=\"https:\/\/globalallianceregister.com\/en\/services\/outsourcing\/\" target=\"_blank\">OUTSOURCING<\/a><\/li>\n<\/ul>\n<\/td>\n<td style=\"width: 350px; border-color: #ffffff; text-align: left; vertical-align: middle; background-color: #f7f7f7;\" width=\"250\">\n<ul style=\"list-style-type: square;\">\n<li><a href=\"https:\/\/globalallianceregister.com\/en\/services\/carbon-energy-management\/\" target=\"_blank\">CARBON &amp; ENERGY MANAGEMENT<\/a><\/li>\n<\/ul>\n<\/td>\n<td style=\"width: 350px; border-color: #ffffff; text-align: left; vertical-align: middle; background-color: #f7f7f7;\" width=\"251\">\n<ul style=\"list-style-type: square;\">\n<li><a href=\"https:\/\/globalallianceregister.com\/tr\/hizmetler\/kurumsal-sosyal-sorumluluk\/\" target=\"_blank\">CORPORATE SOCIAL RESPONSIBILITY<\/a><\/li>\n<\/ul>\n<\/td>\n<\/tr>\n<\/tbody>\n<\/table>\n<p>&nbsp;<\/p>\n<p>&nbsp;<\/p>","protected":false},"excerpt":{"rendered":"<p>Proficient services to the financial institutes in monitoring, expertise services, project management and more&#8230; In today\u2019s complex investment and business environment, one of our main clients are banks and financial&#8230; <\/p>\n","protected":false},"author":10,"featured_media":5141,"parent":4,"menu_order":10,"comment_status":"closed","ping_status":"closed","template":"page-full.php","meta":{"_acf_changed":false,"om_disable_all_campaigns":false,"footnotes":""},"class_list":["post-38","page","type-page","status-publish","has-post-thumbnail","hentry"],"acf":[],"yoast_head":"<!-- This site is optimized with the Yoast SEO plugin v27.4 - https:\/\/yoast.com\/product\/yoast-seo-wordpress\/ -->\n<title>Financial Institutes - Global Alliance Register<\/title>\n<meta name=\"robots\" content=\"index, follow, max-snippet:-1, max-image-preview:large, max-video-preview:-1\" \/>\n<link rel=\"canonical\" href=\"https:\/\/globalallianceregister.com\/en\/sectors\/finance\/\" \/>\n<meta property=\"og:locale\" content=\"en_US\" \/>\n<meta property=\"og:type\" content=\"article\" \/>\n<meta property=\"og:title\" content=\"Financial Institutes - Global Alliance Register\" \/>\n<meta property=\"og:description\" content=\"Proficient services to the financial institutes in monitoring, expertise services, project management and more&#8230; In today\u2019s complex investment and business environment, one of our main clients are banks and financial...\" \/>\n<meta property=\"og:url\" content=\"https:\/\/globalallianceregister.com\/en\/sectors\/finance\/\" \/>\n<meta property=\"og:site_name\" content=\"Global Alliance Register\" \/>\n<meta property=\"article:modified_time\" content=\"2016-02-11T10:15:53+00:00\" \/>\n<meta property=\"og:image\" content=\"https:\/\/globalallianceregister.com\/wp-content\/uploads\/2010\/12\/GAR-Financial-Insitutes-Inner-Page.jpg\" \/>\n\t<meta property=\"og:image:width\" content=\"614\" \/>\n\t<meta property=\"og:image:height\" content=\"200\" \/>\n\t<meta property=\"og:image:type\" content=\"image\/jpeg\" \/>\n<meta name=\"twitter:label1\" content=\"Est. reading time\" \/>\n\t<meta name=\"twitter:data1\" content=\"3 minutes\" \/>\n<script type=\"application\/ld+json\" class=\"yoast-schema-graph\">{\"@context\":\"https:\\\/\\\/schema.org\",\"@graph\":[{\"@type\":\"WebPage\",\"@id\":\"https:\\\/\\\/globalallianceregister.com\\\/en\\\/sectors\\\/finance\\\/\",\"url\":\"https:\\\/\\\/globalallianceregister.com\\\/en\\\/sectors\\\/finance\\\/\",\"name\":\"Financial Institutes - Global Alliance Register\",\"isPartOf\":{\"@id\":\"https:\\\/\\\/globalallianceregister.com\\\/en\\\/#website\"},\"primaryImageOfPage\":{\"@id\":\"https:\\\/\\\/globalallianceregister.com\\\/en\\\/sectors\\\/finance\\\/#primaryimage\"},\"image\":{\"@id\":\"https:\\\/\\\/globalallianceregister.com\\\/sectors\\\/finance\\\/#primaryimage\"},\"thumbnailUrl\":\"https:\\\/\\\/globalallianceregister.com\\\/wp-content\\\/uploads\\\/2010\\\/12\\\/GAR-Financial-Insitutes-Inner-Page.jpg\",\"datePublished\":\"2010-12-25T13:49:30+00:00\",\"dateModified\":\"2016-02-11T10:15:53+00:00\",\"breadcrumb\":{\"@id\":\"https:\\\/\\\/globalallianceregister.com\\\/en\\\/sectors\\\/finance\\\/#breadcrumb\"},\"inLanguage\":\"en-US\",\"potentialAction\":[{\"@type\":\"ReadAction\",\"target\":[[\"https:\\\/\\\/globalallianceregister.com\\\/en\\\/sectors\\\/finance\\\/\"]]}]},{\"@type\":\"ImageObject\",\"inLanguage\":\"en-US\",\"@id\":\"https:\\\/\\\/globalallianceregister.com\\\/en\\\/sectors\\\/finance\\\/#primaryimage\",\"url\":\"https:\\\/\\\/globalallianceregister.com\\\/wp-content\\\/uploads\\\/2010\\\/12\\\/GAR-Financial-Insitutes-Inner-Page.jpg\",\"contentUrl\":\"https:\\\/\\\/globalallianceregister.com\\\/wp-content\\\/uploads\\\/2010\\\/12\\\/GAR-Financial-Insitutes-Inner-Page.jpg\",\"width\":614,\"height\":200},{\"@type\":\"BreadcrumbList\",\"@id\":\"https:\\\/\\\/globalallianceregister.com\\\/en\\\/sectors\\\/finance\\\/#breadcrumb\",\"itemListElement\":[{\"@type\":\"ListItem\",\"position\":1,\"name\":\"Home\",\"item\":\"https:\\\/\\\/globalallianceregister.com\\\/en\\\/\"},{\"@type\":\"ListItem\",\"position\":2,\"name\":\"Sekt\u00f6rler\",\"item\":\"https:\\\/\\\/globalallianceregister.com\\\/en\\\/sectors\\\/\"},{\"@type\":\"ListItem\",\"position\":3,\"name\":\"Finans Kurumlar\u0131 &#038; Bankac\u0131l\u0131k\"}]},{\"@type\":\"WebSite\",\"@id\":\"https:\\\/\\\/globalallianceregister.com\\\/en\\\/#website\",\"url\":\"https:\\\/\\\/globalallianceregister.com\\\/en\\\/\",\"name\":\"Global Alliance Register\",\"description\":\"Together for Excellence\",\"potentialAction\":[{\"@type\":\"SearchAction\",\"target\":{\"@type\":\"EntryPoint\",\"urlTemplate\":\"https:\\\/\\\/globalallianceregister.com\\\/en\\\/?s={search_term_string}\"},\"query-input\":{\"@type\":\"PropertyValueSpecification\",\"valueRequired\":true,\"valueName\":\"search_term_string\"}}],\"inLanguage\":\"en-US\"}]}<\/script>\n<!-- \/ Yoast SEO plugin. -->","yoast_head_json":{"title":"Financial Institutes - Global Alliance Register","robots":{"index":"index","follow":"follow","max-snippet":"max-snippet:-1","max-image-preview":"max-image-preview:large","max-video-preview":"max-video-preview:-1"},"canonical":"https:\/\/globalallianceregister.com\/en\/sectors\/finance\/","og_locale":"en_US","og_type":"article","og_title":"Financial Institutes - Global Alliance Register","og_description":"Proficient services to the financial institutes in monitoring, expertise services, project management and more&#8230; In today\u2019s complex investment and business environment, one of our main clients are banks and financial...","og_url":"https:\/\/globalallianceregister.com\/en\/sectors\/finance\/","og_site_name":"Global Alliance Register","article_modified_time":"2016-02-11T10:15:53+00:00","og_image":[{"width":614,"height":200,"url":"https:\/\/globalallianceregister.com\/wp-content\/uploads\/2010\/12\/GAR-Financial-Insitutes-Inner-Page.jpg","type":"image\/jpeg"}],"twitter_misc":{"Est. reading time":"3 minutes"},"schema":{"@context":"https:\/\/schema.org","@graph":[{"@type":"WebPage","@id":"https:\/\/globalallianceregister.com\/en\/sectors\/finance\/","url":"https:\/\/globalallianceregister.com\/en\/sectors\/finance\/","name":"Financial Institutes - Global Alliance Register","isPartOf":{"@id":"https:\/\/globalallianceregister.com\/en\/#website"},"primaryImageOfPage":{"@id":"https:\/\/globalallianceregister.com\/en\/sectors\/finance\/#primaryimage"},"image":{"@id":"https:\/\/globalallianceregister.com\/sectors\/finance\/#primaryimage"},"thumbnailUrl":"https:\/\/globalallianceregister.com\/wp-content\/uploads\/2010\/12\/GAR-Financial-Insitutes-Inner-Page.jpg","datePublished":"2010-12-25T13:49:30+00:00","dateModified":"2016-02-11T10:15:53+00:00","breadcrumb":{"@id":"https:\/\/globalallianceregister.com\/en\/sectors\/finance\/#breadcrumb"},"inLanguage":"en-US","potentialAction":[{"@type":"ReadAction","target":[["https:\/\/globalallianceregister.com\/en\/sectors\/finance\/"]]}]},{"@type":"ImageObject","inLanguage":"en-US","@id":"https:\/\/globalallianceregister.com\/en\/sectors\/finance\/#primaryimage","url":"https:\/\/globalallianceregister.com\/wp-content\/uploads\/2010\/12\/GAR-Financial-Insitutes-Inner-Page.jpg","contentUrl":"https:\/\/globalallianceregister.com\/wp-content\/uploads\/2010\/12\/GAR-Financial-Insitutes-Inner-Page.jpg","width":614,"height":200},{"@type":"BreadcrumbList","@id":"https:\/\/globalallianceregister.com\/en\/sectors\/finance\/#breadcrumb","itemListElement":[{"@type":"ListItem","position":1,"name":"Home","item":"https:\/\/globalallianceregister.com\/en\/"},{"@type":"ListItem","position":2,"name":"Sekt\u00f6rler","item":"https:\/\/globalallianceregister.com\/en\/sectors\/"},{"@type":"ListItem","position":3,"name":"Finans Kurumlar\u0131 &#038; Bankac\u0131l\u0131k"}]},{"@type":"WebSite","@id":"https:\/\/globalallianceregister.com\/en\/#website","url":"https:\/\/globalallianceregister.com\/en\/","name":"Global Alliance Register","description":"Together for Excellence","potentialAction":[{"@type":"SearchAction","target":{"@type":"EntryPoint","urlTemplate":"https:\/\/globalallianceregister.com\/en\/?s={search_term_string}"},"query-input":{"@type":"PropertyValueSpecification","valueRequired":true,"valueName":"search_term_string"}}],"inLanguage":"en-US"}]}},"_links":{"self":[{"href":"https:\/\/globalallianceregister.com\/en\/wp-json\/wp\/v2\/pages\/38","targetHints":{"allow":["GET"]}}],"collection":[{"href":"https:\/\/globalallianceregister.com\/en\/wp-json\/wp\/v2\/pages"}],"about":[{"href":"https:\/\/globalallianceregister.com\/en\/wp-json\/wp\/v2\/types\/page"}],"author":[{"embeddable":true,"href":"https:\/\/globalallianceregister.com\/en\/wp-json\/wp\/v2\/users\/10"}],"replies":[{"embeddable":true,"href":"https:\/\/globalallianceregister.com\/en\/wp-json\/wp\/v2\/comments?post=38"}],"version-history":[{"count":0,"href":"https:\/\/globalallianceregister.com\/en\/wp-json\/wp\/v2\/pages\/38\/revisions"}],"up":[{"embeddable":true,"href":"https:\/\/globalallianceregister.com\/en\/wp-json\/wp\/v2\/pages\/4"}],"wp:featuredmedia":[{"embeddable":true,"href":"https:\/\/globalallianceregister.com\/en\/wp-json\/wp\/v2\/media\/5141"}],"wp:attachment":[{"href":"https:\/\/globalallianceregister.com\/en\/wp-json\/wp\/v2\/media?parent=38"}],"curies":[{"name":"wp","href":"https:\/\/api.w.org\/{rel}","templated":true}]}}