{"id":6986,"date":"2016-02-11T09:18:12","date_gmt":"2016-02-11T09:18:12","guid":{"rendered":"https:\/\/globalallianceregister.com\/en\/?page_id=6986"},"modified":"2016-02-11T09:47:33","modified_gmt":"2016-02-11T09:47:33","slug":"genel-katilima-acik-egitimler","status":"publish","type":"page","link":"https:\/\/globalallianceregister.com\/en\/genel-katilima-acik-egitimler\/","title":{"rendered":"Public Trainings"},"content":{"rendered":"","protected":false},"excerpt":{"rendered":"","protected":false},"author":10,"featured_media":0,"parent":0,"menu_order":0,"comment_status":"closed","ping_status":"closed","template":"page-full.php","meta":{"_acf_changed":false,"om_disable_all_campaigns":false,"footnotes":""},"class_list":["post-6986","page","type-page","status-publish","hentry"],"acf":[],"yoast_head":"<!-- This site is optimized with the Yoast SEO plugin v27.4 - https:\/\/yoast.com\/product\/yoast-seo-wordpress\/ -->\n<title>Public Trainings - Global Alliance Register<\/title>\n<meta name=\"robots\" content=\"index, follow, max-snippet:-1, max-image-preview:large, max-video-preview:-1\" \/>\n<link rel=\"canonical\" href=\"https:\/\/globalallianceregister.com\/en\/genel-katilima-acik-egitimler\/\" \/>\n<meta property=\"og:locale\" content=\"en_US\" \/>\n<meta property=\"og:type\" content=\"article\" \/>\n<meta property=\"og:title\" content=\"Public Trainings - Global Alliance Register\" \/>\n<meta property=\"og:url\" content=\"https:\/\/globalallianceregister.com\/en\/genel-katilima-acik-egitimler\/\" \/>\n<meta property=\"og:site_name\" content=\"Global Alliance Register\" \/>\n<meta property=\"article:modified_time\" content=\"2016-02-11T09:47:33+00:00\" \/>\n<script type=\"application\/ld+json\" class=\"yoast-schema-graph\">{\"@context\":\"https:\\\/\\\/schema.org\",\"@graph\":[{\"@type\":\"WebPage\",\"@id\":\"https:\\\/\\\/globalallianceregister.com\\\/en\\\/genel-katilima-acik-egitimler\\\/\",\"url\":\"https:\\\/\\\/globalallianceregister.com\\\/en\\\/genel-katilima-acik-egitimler\\\/\",\"name\":\"Public Trainings - Global Alliance Register\",\"isPartOf\":{\"@id\":\"https:\\\/\\\/globalallianceregister.com\\\/en\\\/#website\"},\"datePublished\":\"2016-02-11T09:18:12+00:00\",\"dateModified\":\"2016-02-11T09:47:33+00:00\",\"breadcrumb\":{\"@id\":\"https:\\\/\\\/globalallianceregister.com\\\/en\\\/genel-katilima-acik-egitimler\\\/#breadcrumb\"},\"inLanguage\":\"en-US\",\"potentialAction\":[{\"@type\":\"ReadAction\",\"target\":[[\"https:\\\/\\\/globalallianceregister.com\\\/en\\\/genel-katilima-acik-egitimler\\\/\"]]}]},{\"@type\":\"BreadcrumbList\",\"@id\":\"https:\\\/\\\/globalallianceregister.com\\\/en\\\/genel-katilima-acik-egitimler\\\/#breadcrumb\",\"itemListElement\":[{\"@type\":\"ListItem\",\"position\":1,\"name\":\"Home\",\"item\":\"https:\\\/\\\/globalallianceregister.com\\\/en\\\/\"},{\"@type\":\"ListItem\",\"position\":2,\"name\":\"Genel Kat\u0131l\u0131ma A\u00e7\u0131k E\u011fitimler\"}]},{\"@type\":\"WebSite\",\"@id\":\"https:\\\/\\\/globalallianceregister.com\\\/en\\\/#website\",\"url\":\"https:\\\/\\\/globalallianceregister.com\\\/en\\\/\",\"name\":\"Global Alliance Register\",\"description\":\"Together for Excellence\",\"potentialAction\":[{\"@type\":\"SearchAction\",\"target\":{\"@type\":\"EntryPoint\",\"urlTemplate\":\"https:\\\/\\\/globalallianceregister.com\\\/en\\\/?s={search_term_string}\"},\"query-input\":{\"@type\":\"PropertyValueSpecification\",\"valueRequired\":true,\"valueName\":\"search_term_string\"}}],\"inLanguage\":\"en-US\"}]}<\/script>\n<!-- \/ Yoast SEO plugin. -->","yoast_head_json":{"title":"Public Trainings - Global Alliance Register","robots":{"index":"index","follow":"follow","max-snippet":"max-snippet:-1","max-image-preview":"max-image-preview:large","max-video-preview":"max-video-preview:-1"},"canonical":"https:\/\/globalallianceregister.com\/en\/genel-katilima-acik-egitimler\/","og_locale":"en_US","og_type":"article","og_title":"Public Trainings - Global Alliance Register","og_url":"https:\/\/globalallianceregister.com\/en\/genel-katilima-acik-egitimler\/","og_site_name":"Global Alliance Register","article_modified_time":"2016-02-11T09:47:33+00:00","schema":{"@context":"https:\/\/schema.org","@graph":[{"@type":"WebPage","@id":"https:\/\/globalallianceregister.com\/en\/genel-katilima-acik-egitimler\/","url":"https:\/\/globalallianceregister.com\/en\/genel-katilima-acik-egitimler\/","name":"Public Trainings - Global Alliance Register","isPartOf":{"@id":"https:\/\/globalallianceregister.com\/en\/#website"},"datePublished":"2016-02-11T09:18:12+00:00","dateModified":"2016-02-11T09:47:33+00:00","breadcrumb":{"@id":"https:\/\/globalallianceregister.com\/en\/genel-katilima-acik-egitimler\/#breadcrumb"},"inLanguage":"en-US","potentialAction":[{"@type":"ReadAction","target":[["https:\/\/globalallianceregister.com\/en\/genel-katilima-acik-egitimler\/"]]}]},{"@type":"BreadcrumbList","@id":"https:\/\/globalallianceregister.com\/en\/genel-katilima-acik-egitimler\/#breadcrumb","itemListElement":[{"@type":"ListItem","position":1,"name":"Home","item":"https:\/\/globalallianceregister.com\/en\/"},{"@type":"ListItem","position":2,"name":"Genel Kat\u0131l\u0131ma A\u00e7\u0131k E\u011fitimler"}]},{"@type":"WebSite","@id":"https:\/\/globalallianceregister.com\/en\/#website","url":"https:\/\/globalallianceregister.com\/en\/","name":"Global Alliance Register","description":"Together for Excellence","potentialAction":[{"@type":"SearchAction","target":{"@type":"EntryPoint","urlTemplate":"https:\/\/globalallianceregister.com\/en\/?s={search_term_string}"},"query-input":{"@type":"PropertyValueSpecification","valueRequired":true,"valueName":"search_term_string"}}],"inLanguage":"en-US"}]}},"_links":{"self":[{"href":"https:\/\/globalallianceregister.com\/en\/wp-json\/wp\/v2\/pages\/6986","targetHints":{"allow":["GET"]}}],"collection":[{"href":"https:\/\/globalallianceregister.com\/en\/wp-json\/wp\/v2\/pages"}],"about":[{"href":"https:\/\/globalallianceregister.com\/en\/wp-json\/wp\/v2\/types\/page"}],"author":[{"embeddable":true,"href":"https:\/\/globalallianceregister.com\/en\/wp-json\/wp\/v2\/users\/10"}],"replies":[{"embeddable":true,"href":"https:\/\/globalallianceregister.com\/en\/wp-json\/wp\/v2\/comments?post=6986"}],"version-history":[{"count":0,"href":"https:\/\/globalallianceregister.com\/en\/wp-json\/wp\/v2\/pages\/6986\/revisions"}],"wp:attachment":[{"href":"https:\/\/globalallianceregister.com\/en\/wp-json\/wp\/v2\/media?parent=6986"}],"curies":[{"name":"wp","href":"https:\/\/api.w.org\/{rel}","templated":true}]}}