{"id":103,"date":"2010-12-25T14:42:40","date_gmt":"2010-12-25T14:42:40","guid":{"rendered":"https:\/\/globalallianceregister.com\/?page_id=103"},"modified":"2019-07-30T17:37:37","modified_gmt":"2019-07-30T14:37:37","slug":"egitim","status":"publish","type":"page","link":"https:\/\/globalallianceregister.com\/tr\/services\/egitim\/","title":{"rendered":"E\u011fitim"},"content":{"rendered":"<p>E\u011fitim, konferans, seminer ve \u00e7al\u0131\u015ftaylar arac\u0131l\u0131\u011f\u0131 ile <strong>Ulusal &amp; Uluslararas\u0131 Standartlar, Reg\u00fclasyonlar, Yerel Mevzuat, Kurumsal &amp; Bireysel Geli\u015fim \u0130nsan Kaynaklar\u0131, Finans, ve Motivasyon<\/strong> konular\u0131 \u00fczerine m\u00fc\u015fterilerine nitelikli \u00e7\u00f6z\u00fcmler sunan konusunda lider bir organizasyondur.<\/p>\n<p><strong>Global Alliance Academy E\u011fitimleri;<\/strong>\u00a0kurumsalla\u015fma, bireysel geli\u015fim, s\u00fcre\u00e7 y\u00f6netimi ve insan kaynaklar\u0131n\u0131n uluslararas\u0131 ge\u00e7erlili\u011fe sahip e\u011fitim sertifikalar ile vas\u0131fland\u0131r\u0131lmas\u0131na\u00a0\u00f6nemli katk\u0131 sa\u011flamaktad\u0131r.<\/p>\n<p><strong>Global Alliance Academy<\/strong>\u00a0taraf\u0131ndan geli\u015ftirilen\u00a0<strong>e-LMS E\u011fitim Platformu<\/strong>\u00a0ile m\u00fc\u015fterilerine \u00e7a\u011fda\u015f \u00e7\u00f6z\u00fcmler sunarak her bir sekt\u00f6re \u00f6zg\u00fcn e\u011fitim ihtiya\u00e7lar\u0131n\u0131n kat\u0131l\u0131mc\u0131lar taraf\u0131ndan bilgisayar arac\u0131l\u0131\u011f\u0131 ile on-line eri\u015fimi sa\u011flanmaktad\u0131r.<\/p>\n<p><strong>e-LMS E\u011fitim Platformu;<\/strong>\u00a0\u00f6zellikle yo\u011fun i\u015fletmelerde e\u011fitim ihtiya\u00e7lar\u0131n\u0131n giderilmesinde \u00e7a\u011fda\u015f bir model haline gelmi\u015ftir. Bu platform arac\u0131l\u0131\u011f\u0131yla \u00e7al\u0131\u015fma saatleri d\u0131\u015f\u0131nda ve \u00e7ok daha d\u00fc\u015f\u00fck e\u011fitim b\u00fct\u00e7eleri ile; kat\u0131l\u0131mc\u0131lar\u0131n Global Alliance Academy E\u011fitmenleri taraf\u0131ndan tasarlanm\u0131\u015f nitelik de\u011feri y\u00fcksek bu e\u011fitimleri alarak bilgi birikimlerini art\u0131rmaktalar ve\/ veya g\u00f6revini yerine getirmesi i\u00e7in zorunlu olan kalifikasyonlara i\u015fletme ko\u015fullar\u0131ndan tamam\u0131yla ba\u011f\u0131ms\u0131z bir \u015fekilde sahip olabilmektedirler.<\/p>\n<h1>E\u011fitim Kategorileri<\/h1>\n<ul>\n<li><a href=\"https:\/\/globalallianceregister.com\/?p=2143\" target=\"_blank\" rel=\"noopener noreferrer\">Entegre Y\u00f6netim Sistemleri<\/a><\/li>\n<li><a href=\"https:\/\/globalallianceregister.com\/?p=2158\" target=\"_blank\" rel=\"noopener noreferrer\">Bireysel Geli\u015fim<\/a><\/li>\n<li><a href=\"https:\/\/globalallianceregister.com\/?p=2172\" target=\"_blank\" rel=\"noopener noreferrer\">Performans Y\u00f6netimi<\/a><\/li>\n<li><a href=\"https:\/\/globalallianceregister.com\/?p=2174\" target=\"_blank\" rel=\"noopener noreferrer\">Kaynak Teknolojileri E\u011fitimi &amp; Vas\u0131fland\u0131rma Programlar\u0131<\/a><\/li>\n<li><a href=\"https:\/\/globalallianceregister.com\/?p=5304\" target=\"_blank\" rel=\"noopener noreferrer\">API E\u011fitimleri<\/a><\/li>\n<li><a href=\"https:\/\/globalallianceregister.com\/?p=2148\" target=\"_blank\" rel=\"noopener noreferrer\">\u0130\u015f S\u00fcreklili\u011fi Y\u00f6netimi<\/a><\/li>\n<li><a href=\"https:\/\/globalallianceregister.com\/?p=2165\" target=\"_blank\" rel=\"noopener noreferrer\">\u0130\u015f Sa\u011fl\u0131\u011f\u0131 G\u00fcvenli\u011fi ve \u00c7evre E\u011fitimleri<\/a><\/li>\n<li><a href=\"https:\/\/globalallianceregister.com\/?p=2155\" target=\"_blank\" rel=\"noopener noreferrer\">Yal\u0131n \u00dcretim Teknikleri E\u011fitimi<\/a><\/li>\n<li><a href=\"https:\/\/globalallianceregister.com\/?p=2169\" target=\"_blank\" rel=\"noopener noreferrer\">Yerel Mevzuat E\u011fitim Program\u0131<\/a><\/li>\n<li><a href=\"https:\/\/globalallianceregister.com\/?p=2167\" target=\"_blank\" rel=\"noopener noreferrer\">\u0130nsan Kaynaklar\u0131 Y\u00f6netimi E\u011fitim Program\u0131<\/a><\/li>\n<li><a href=\"https:\/\/globalallianceregister.com\/?p=2160\" target=\"_blank\" rel=\"noopener noreferrer\">Sat\u0131\u015f Y\u00f6netimi E\u011fitim Program\u0131<\/a><\/li>\n<li><a href=\"https:\/\/globalallianceregister.com\/?p=2176\" target=\"_blank\" rel=\"noopener noreferrer\">Motivasyon<\/a><\/li>\n<li><a href=\"https:\/\/globalallianceregister.com\/?p=2153\" target=\"_blank\" rel=\"noopener noreferrer\">Bilgi G\u00fcvenli\u011fi Y\u00f6netimi\u00a0<\/a><\/li>\n<li><a href=\"https:\/\/globalallianceregister.com\/?p=2150\" target=\"_blank\" rel=\"noopener noreferrer\">Bilgi Teknolojileri Y\u00f6netimi<\/a><\/li>\n<li><a href=\"https:\/\/globalallianceregister.com\/en\/services\/training\/finance-training-program\/\" target=\"_blank\" rel=\"noopener noreferrer\">Finans E\u011fitimleri Program\u0131<\/a><\/li>\n<li><a href=\"https:\/\/globalallianceregister.com\/hizmetler\/egitim\/proje-yonetimi-egitimi\/\" target=\"_blank\" rel=\"noopener noreferrer\">Proje Y\u00f6netimi E\u011fitim Prorgram\u0131<\/a><\/li>\n<\/ul>\n<p><strong>Genel Kat\u0131l\u0131ma A\u00e7\u0131k ve Firma \u0130\u00e7i E\u011fitim Programlar\u0131 hakk\u0131nda daha fazla bilgiye ula\u015fmak i\u00e7in taraf\u0131m\u0131zla temas kurunuz.<\/strong><\/p>\n<h1><\/h1>\n<h1>\u0130lgili Sekt\u00f6rler<\/h1>\n<table>\n<tbody>\n<tr>\n<td style=\"width: 350px; border-color: #ffffff; height: 30px; text-align: left; vertical-align: middle; background-color: #f7f7f7;\" width=\"250\">\n<ul style=\"list-style-type: square;\">\n<li><a title=\"Denizcilik Sekt\u00f6r\u00fc\" href=\"https:\/\/globalallianceregister.com\/?page_id=9&amp;lang=tr\" target=\"_blank\" rel=\"noopener noreferrer\">DEN\u0130ZC\u0130L\u0130K<\/a><\/li>\n<\/ul>\n<\/td>\n<td style=\"width: 350px; border-color: #ffffff; height: 30px; text-align: left; vertical-align: middle; background-color: #f7f7f7;\" width=\"250\">\n<ul style=\"list-style-type: square;\">\n<li><a title=\"\u0130n\u015faat Sekt\u00f6r\u00fc\" href=\"https:\/\/globalallianceregister.com\/?page_id=11&amp;lang=tr\" target=\"_blank\" rel=\"noopener noreferrer\">\u0130N\u015eAAT<\/a><\/li>\n<\/ul>\n<\/td>\n<td style=\"width: 350px; border-color: #ffffff; height: 30px; text-align: left; vertical-align: middle; background-color: #f7f7f7;\" width=\"251\">\n<ul style=\"list-style-type: square;\">\n<li><a title=\"Petrol &amp; Gaz Sekt\u00f6r\u00fc\" href=\"https:\/\/globalallianceregister.com\/?page_id=13&amp;lang=tr\" target=\"_blank\" rel=\"noopener noreferrer\">PETROL &amp; GAZ<\/a><\/li>\n<\/ul>\n<\/td>\n<\/tr>\n<tr>\n<td style=\"width: 350px; border-color: #ffffff; height: 30px; text-align: left; vertical-align: middle; background-color: #f7f7f7;\" width=\"250\">\n<ul style=\"list-style-type: square;\">\n<li><a title=\"Enerji &amp; Tesisler\" href=\"https:\/\/globalallianceregister.com\/?page_id=15&amp;lang=tr\" target=\"_blank\" rel=\"noopener noreferrer\">ENERJ\u0130 &amp; TES\u0130SLER<\/a><\/li>\n<\/ul>\n<\/td>\n<td style=\"width: 350px; border-color: #ffffff; height: 30px; text-align: left; vertical-align: middle; background-color: #f7f7f7;\" width=\"250\">\n<ul style=\"list-style-type: square;\">\n<li><a title=\"\u0130malat Sekt\u00f6r\u00fc\" href=\"https:\/\/globalallianceregister.com\/?page_id=20&amp;lang=tr\" target=\"_blank\" rel=\"noopener noreferrer\">\u0130MALAT<\/a><\/li>\n<\/ul>\n<\/td>\n<td style=\"width: 350px; border-color: #ffffff; height: 30px; text-align: left; vertical-align: middle; background-color: #f7f7f7;\" width=\"251\">\n<ul style=\"list-style-type: square;\">\n<li><a title=\"Ula\u015ft\u0131rma &amp; Lojistik Sekt\u00f6r\u00fc\" href=\"https:\/\/globalallianceregister.com\/?page_id=22&amp;lang=tr\" target=\"_blank\" rel=\"noopener noreferrer\">ULA\u015eTIRMA &amp; LOJ\u0130ST\u0130K<\/a><\/li>\n<\/ul>\n<\/td>\n<\/tr>\n<tr>\n<td style=\"width: 350px; border-color: #ffffff; height: 30px; text-align: left; vertical-align: middle; background-color: #f7f7f7;\" width=\"250\">\n<ul style=\"list-style-type: square;\">\n<li><a title=\"Uzay &amp; Havac\u0131l\u0131k Sekt\u00f6r\u00fc\" href=\"https:\/\/globalallianceregister.com\/?page_id=24&amp;lang=tr\" target=\"_blank\" rel=\"noopener noreferrer\">UZAY &amp; HAVACILIK<\/a><\/li>\n<\/ul>\n<\/td>\n<td style=\"width: 350px; border-color: #ffffff; height: 30px; text-align: left; vertical-align: middle; background-color: #f7f7f7;\" width=\"250\">\n<ul style=\"list-style-type: square;\">\n<li><a title=\"Tar\u0131m &amp; G\u0131da Sekt\u00f6r\u00fc\" href=\"https:\/\/globalallianceregister.com\/?page_id=27&amp;lang=tr\" target=\"_blank\" rel=\"noopener noreferrer\">TARIM &amp; GIDA<\/a><\/li>\n<\/ul>\n<\/td>\n<td style=\"width: 350px; border-color: #ffffff; height: 30px; text-align: left; vertical-align: middle; background-color: #f7f7f7;\" width=\"251\">\n<ul style=\"list-style-type: square;\">\n<li><a title=\"Turizm &amp; Otelcilik Sekt\u00f6r\u00fc\" href=\"https:\/\/globalallianceregister.com\/?page_id=29&amp;lang=tr\" target=\"_blank\" rel=\"noopener noreferrer\">TUR\u0130ZM &amp; OTELC\u0130L\u0130K<\/a><\/li>\n<\/ul>\n<\/td>\n<\/tr>\n<tr>\n<td style=\"width: 350px; border-color: #ffffff; height: 30px; text-align: left; vertical-align: middle; background-color: #f7f7f7;\" width=\"250\">\n<ul style=\"list-style-type: square;\">\n<li><a title=\"Finans &amp; Bankac\u0131l\u0131k Sekt\u00f6r\u00fc\" href=\"https:\/\/globalallianceregister.com\/?page_id=38&amp;lang=tr\" target=\"_blank\" rel=\"noopener noreferrer\">F\u0130NANS<\/a><\/li>\n<\/ul>\n<\/td>\n<td style=\"width: 350px; border-color: #ffffff; height: 30px; text-align: left; vertical-align: middle; background-color: #f7f7f7;\" width=\"250\">\n<ul style=\"list-style-type: square;\">\n<li><a title=\"Sigorta Sekt\u00f6r\u00fc\" href=\"https:\/\/globalallianceregister.com\/?page_id=40&amp;lang=tr\" target=\"_blank\" rel=\"noopener noreferrer\">S\u0130GORTA<\/a><\/li>\n<\/ul>\n<\/td>\n<td style=\"width: 350px; border-color: #ffffff; height: 30px; text-align: left; vertical-align: middle; background-color: #f7f7f7;\" width=\"251\">\n<ul style=\"list-style-type: square;\">\n<li><a title=\"Bilgi Teknolojileri Sekt\u00f6r\u00fc\" href=\"https:\/\/globalallianceregister.com\/?page_id=52&amp;lang=tr\" target=\"_blank\" rel=\"noopener noreferrer\">B\u0130LG\u0130 TEKNOLOJ\u0130LER\u0130<\/a><\/li>\n<\/ul>\n<\/td>\n<\/tr>\n<tr>\n<td style=\"width: 350px; border-color: #ffffff; height: 30px; text-align: left; vertical-align: middle; background-color: #f7f7f7;\" width=\"250\">\n<ul style=\"list-style-type: square;\">\n<li><a title=\"Telekom\u00fcnikasyon Sekt\u00f6r\u00fc\" href=\"https:\/\/globalallianceregister.com\/?page_id=54&amp;lang=tr\" target=\"_blank\" rel=\"noopener noreferrer\">TELEKOM\u00dcN\u0130KASYON<\/a><\/li>\n<\/ul>\n<\/td>\n<td style=\"width: 350px; border-color: #ffffff; height: 30px; text-align: left; vertical-align: middle; background-color: #f7f7f7;\" width=\"250\">\n<ul style=\"list-style-type: square;\">\n<li><a title=\"Sa\u011fl\u0131k &amp; T\u0131p Sekt\u00f6r\u00fc\" href=\"https:\/\/globalallianceregister.com\/?page_id=56&amp;lang=tr\" target=\"_blank\" rel=\"noopener noreferrer\">SA\u011eLIK &amp; TIP<\/a><\/li>\n<\/ul>\n<\/td>\n<td style=\"width: 350px; border-color: #ffffff; height: 30px; text-align: left; vertical-align: middle; background-color: #f7f7f7;\" width=\"251\"><\/td>\n<\/tr>\n<\/tbody>\n<\/table>\n<\/p>","protected":false},"excerpt":{"rendered":"<p>E\u011fitim, konferans, seminer ve \u00e7al\u0131\u015ftaylar arac\u0131l\u0131\u011f\u0131 ile Ulusal &amp; Uluslararas\u0131 Standartlar, Reg\u00fclasyonlar, Yerel Mevzuat, Kurumsal &amp; Bireysel Geli\u015fim \u0130nsan Kaynaklar\u0131, Finans, ve Motivasyon konular\u0131 \u00fczerine m\u00fc\u015fterilerine nitelikli \u00e7\u00f6z\u00fcmler sunan konusunda&#8230; <\/p>\n","protected":false},"author":10,"featured_media":5109,"parent":7,"menu_order":10,"comment_status":"closed","ping_status":"closed","template":"page-full.php","meta":{"_acf_changed":false,"om_disable_all_campaigns":false,"footnotes":""},"class_list":["post-103","page","type-page","status-publish","has-post-thumbnail","hentry"],"acf":[],"yoast_head":"<!-- This site is optimized with the Yoast SEO plugin v27.4 - https:\/\/yoast.com\/product\/yoast-seo-wordpress\/ -->\n<title>E\u011fitim - Global Alliance Register<\/title>\n<meta name=\"robots\" content=\"index, follow, max-snippet:-1, max-image-preview:large, max-video-preview:-1\" \/>\n<link rel=\"canonical\" href=\"https:\/\/globalallianceregister.com\/tr\/services\/egitim\/\" \/>\n<meta property=\"og:locale\" content=\"tr_TR\" \/>\n<meta property=\"og:type\" content=\"article\" \/>\n<meta property=\"og:title\" content=\"E\u011fitim - Global Alliance Register\" \/>\n<meta property=\"og:description\" content=\"E\u011fitim, konferans, seminer ve \u00e7al\u0131\u015ftaylar arac\u0131l\u0131\u011f\u0131 ile Ulusal &amp; Uluslararas\u0131 Standartlar, Reg\u00fclasyonlar, Yerel Mevzuat, Kurumsal &amp; Bireysel Geli\u015fim \u0130nsan Kaynaklar\u0131, Finans, ve Motivasyon konular\u0131 \u00fczerine m\u00fc\u015fterilerine nitelikli \u00e7\u00f6z\u00fcmler sunan konusunda...\" \/>\n<meta property=\"og:url\" content=\"https:\/\/globalallianceregister.com\/tr\/services\/egitim\/\" \/>\n<meta property=\"og:site_name\" content=\"Global Alliance Register\" \/>\n<meta property=\"article:modified_time\" content=\"2019-07-30T14:37:37+00:00\" \/>\n<meta property=\"og:image\" content=\"https:\/\/globalallianceregister.com\/wp-content\/uploads\/2010\/12\/Training-Inner-Page.jpg\" \/>\n\t<meta property=\"og:image:width\" content=\"614\" \/>\n\t<meta property=\"og:image:height\" content=\"200\" \/>\n\t<meta property=\"og:image:type\" content=\"image\/jpeg\" \/>\n<meta name=\"twitter:label1\" content=\"Tahmini okuma s\u00fcresi\" \/>\n\t<meta name=\"twitter:data1\" content=\"3 dakika\" \/>\n<script type=\"application\/ld+json\" class=\"yoast-schema-graph\">{\"@context\":\"https:\\\/\\\/schema.org\",\"@graph\":[{\"@type\":\"WebPage\",\"@id\":\"https:\\\/\\\/globalallianceregister.com\\\/tr\\\/services\\\/egitim\\\/\",\"url\":\"https:\\\/\\\/globalallianceregister.com\\\/tr\\\/services\\\/egitim\\\/\",\"name\":\"E\u011fitim - Global Alliance Register\",\"isPartOf\":{\"@id\":\"https:\\\/\\\/globalallianceregister.com\\\/tr\\\/#website\"},\"primaryImageOfPage\":{\"@id\":\"https:\\\/\\\/globalallianceregister.com\\\/tr\\\/services\\\/egitim\\\/#primaryimage\"},\"image\":{\"@id\":\"https:\\\/\\\/globalallianceregister.com\\\/services\\\/egitim\\\/#primaryimage\"},\"thumbnailUrl\":\"https:\\\/\\\/globalallianceregister.com\\\/wp-content\\\/uploads\\\/2010\\\/12\\\/Training-Inner-Page.jpg\",\"datePublished\":\"2010-12-25T14:42:40+00:00\",\"dateModified\":\"2019-07-30T14:37:37+00:00\",\"breadcrumb\":{\"@id\":\"https:\\\/\\\/globalallianceregister.com\\\/tr\\\/services\\\/egitim\\\/#breadcrumb\"},\"inLanguage\":\"tr\",\"potentialAction\":[{\"@type\":\"ReadAction\",\"target\":[[\"https:\\\/\\\/globalallianceregister.com\\\/tr\\\/services\\\/egitim\\\/\"]]}]},{\"@type\":\"ImageObject\",\"inLanguage\":\"tr\",\"@id\":\"https:\\\/\\\/globalallianceregister.com\\\/tr\\\/services\\\/egitim\\\/#primaryimage\",\"url\":\"https:\\\/\\\/globalallianceregister.com\\\/wp-content\\\/uploads\\\/2010\\\/12\\\/Training-Inner-Page.jpg\",\"contentUrl\":\"https:\\\/\\\/globalallianceregister.com\\\/wp-content\\\/uploads\\\/2010\\\/12\\\/Training-Inner-Page.jpg\",\"width\":614,\"height\":200},{\"@type\":\"BreadcrumbList\",\"@id\":\"https:\\\/\\\/globalallianceregister.com\\\/tr\\\/services\\\/egitim\\\/#breadcrumb\",\"itemListElement\":[{\"@type\":\"ListItem\",\"position\":1,\"name\":\"Anasayfa\",\"item\":\"https:\\\/\\\/globalallianceregister.com\\\/tr\\\/\"},{\"@type\":\"ListItem\",\"position\":2,\"name\":\"Hizmetler\",\"item\":\"https:\\\/\\\/globalallianceregister.com\\\/tr\\\/services\\\/\"},{\"@type\":\"ListItem\",\"position\":3,\"name\":\"E\u011fitim\"}]},{\"@type\":\"WebSite\",\"@id\":\"https:\\\/\\\/globalallianceregister.com\\\/tr\\\/#website\",\"url\":\"https:\\\/\\\/globalallianceregister.com\\\/tr\\\/\",\"name\":\"Global Alliance Register\",\"description\":\"(EN) Together for Excellence\",\"potentialAction\":[{\"@type\":\"SearchAction\",\"target\":{\"@type\":\"EntryPoint\",\"urlTemplate\":\"https:\\\/\\\/globalallianceregister.com\\\/tr\\\/?s={search_term_string}\"},\"query-input\":{\"@type\":\"PropertyValueSpecification\",\"valueRequired\":true,\"valueName\":\"search_term_string\"}}],\"inLanguage\":\"tr\"}]}<\/script>\n<!-- \/ Yoast SEO plugin. -->","yoast_head_json":{"title":"E\u011fitim - Global Alliance Register","robots":{"index":"index","follow":"follow","max-snippet":"max-snippet:-1","max-image-preview":"max-image-preview:large","max-video-preview":"max-video-preview:-1"},"canonical":"https:\/\/globalallianceregister.com\/tr\/services\/egitim\/","og_locale":"tr_TR","og_type":"article","og_title":"E\u011fitim - Global Alliance Register","og_description":"E\u011fitim, konferans, seminer ve \u00e7al\u0131\u015ftaylar arac\u0131l\u0131\u011f\u0131 ile Ulusal &amp; Uluslararas\u0131 Standartlar, Reg\u00fclasyonlar, Yerel Mevzuat, Kurumsal &amp; Bireysel Geli\u015fim \u0130nsan Kaynaklar\u0131, Finans, ve Motivasyon konular\u0131 \u00fczerine m\u00fc\u015fterilerine nitelikli \u00e7\u00f6z\u00fcmler sunan konusunda...","og_url":"https:\/\/globalallianceregister.com\/tr\/services\/egitim\/","og_site_name":"Global Alliance Register","article_modified_time":"2019-07-30T14:37:37+00:00","og_image":[{"width":614,"height":200,"url":"https:\/\/globalallianceregister.com\/wp-content\/uploads\/2010\/12\/Training-Inner-Page.jpg","type":"image\/jpeg"}],"twitter_misc":{"Tahmini okuma s\u00fcresi":"3 dakika"},"schema":{"@context":"https:\/\/schema.org","@graph":[{"@type":"WebPage","@id":"https:\/\/globalallianceregister.com\/tr\/services\/egitim\/","url":"https:\/\/globalallianceregister.com\/tr\/services\/egitim\/","name":"E\u011fitim - Global Alliance Register","isPartOf":{"@id":"https:\/\/globalallianceregister.com\/tr\/#website"},"primaryImageOfPage":{"@id":"https:\/\/globalallianceregister.com\/tr\/services\/egitim\/#primaryimage"},"image":{"@id":"https:\/\/globalallianceregister.com\/services\/egitim\/#primaryimage"},"thumbnailUrl":"https:\/\/globalallianceregister.com\/wp-content\/uploads\/2010\/12\/Training-Inner-Page.jpg","datePublished":"2010-12-25T14:42:40+00:00","dateModified":"2019-07-30T14:37:37+00:00","breadcrumb":{"@id":"https:\/\/globalallianceregister.com\/tr\/services\/egitim\/#breadcrumb"},"inLanguage":"tr","potentialAction":[{"@type":"ReadAction","target":[["https:\/\/globalallianceregister.com\/tr\/services\/egitim\/"]]}]},{"@type":"ImageObject","inLanguage":"tr","@id":"https:\/\/globalallianceregister.com\/tr\/services\/egitim\/#primaryimage","url":"https:\/\/globalallianceregister.com\/wp-content\/uploads\/2010\/12\/Training-Inner-Page.jpg","contentUrl":"https:\/\/globalallianceregister.com\/wp-content\/uploads\/2010\/12\/Training-Inner-Page.jpg","width":614,"height":200},{"@type":"BreadcrumbList","@id":"https:\/\/globalallianceregister.com\/tr\/services\/egitim\/#breadcrumb","itemListElement":[{"@type":"ListItem","position":1,"name":"Anasayfa","item":"https:\/\/globalallianceregister.com\/tr\/"},{"@type":"ListItem","position":2,"name":"Hizmetler","item":"https:\/\/globalallianceregister.com\/tr\/services\/"},{"@type":"ListItem","position":3,"name":"E\u011fitim"}]},{"@type":"WebSite","@id":"https:\/\/globalallianceregister.com\/tr\/#website","url":"https:\/\/globalallianceregister.com\/tr\/","name":"Global Alliance Register","description":"(EN) Together for Excellence","potentialAction":[{"@type":"SearchAction","target":{"@type":"EntryPoint","urlTemplate":"https:\/\/globalallianceregister.com\/tr\/?s={search_term_string}"},"query-input":{"@type":"PropertyValueSpecification","valueRequired":true,"valueName":"search_term_string"}}],"inLanguage":"tr"}]}},"_links":{"self":[{"href":"https:\/\/globalallianceregister.com\/tr\/wp-json\/wp\/v2\/pages\/103","targetHints":{"allow":["GET"]}}],"collection":[{"href":"https:\/\/globalallianceregister.com\/tr\/wp-json\/wp\/v2\/pages"}],"about":[{"href":"https:\/\/globalallianceregister.com\/tr\/wp-json\/wp\/v2\/types\/page"}],"author":[{"embeddable":true,"href":"https:\/\/globalallianceregister.com\/tr\/wp-json\/wp\/v2\/users\/10"}],"replies":[{"embeddable":true,"href":"https:\/\/globalallianceregister.com\/tr\/wp-json\/wp\/v2\/comments?post=103"}],"version-history":[{"count":0,"href":"https:\/\/globalallianceregister.com\/tr\/wp-json\/wp\/v2\/pages\/103\/revisions"}],"up":[{"embeddable":true,"href":"https:\/\/globalallianceregister.com\/tr\/wp-json\/wp\/v2\/pages\/7"}],"wp:featuredmedia":[{"embeddable":true,"href":"https:\/\/globalallianceregister.com\/tr\/wp-json\/wp\/v2\/media\/5109"}],"wp:attachment":[{"href":"https:\/\/globalallianceregister.com\/tr\/wp-json\/wp\/v2\/media?parent=103"}],"curies":[{"name":"wp","href":"https:\/\/api.w.org\/{rel}","templated":true}]}}