{"id":107,"date":"2010-12-25T14:47:04","date_gmt":"2010-12-25T14:47:04","guid":{"rendered":"https:\/\/globalallianceregister.com\/?page_id=107"},"modified":"2016-02-03T10:38:25","modified_gmt":"2016-02-03T10:38:25","slug":"technical-translation-services","status":"publish","type":"page","link":"https:\/\/globalallianceregister.com\/tr\/services\/assistance\/technical-translation-services\/","title":{"rendered":"Teknik \u00c7eviri &#038; Terc\u00fcmanl\u0131k Hizmetleri"},"content":{"rendered":"<p><strong>Yerel ve uluslararas\u0131 m\u00fc\u015fterilerimizin talepleri do\u011frultusunda, t\u00fcm sekt\u00f6rlerdeki y\u00fcksek teknik deneyim ve derin birikimimize duyduklar\u0131 g\u00fcvenle\u00a0 Teknik Terc\u00fcme &amp; Terc\u00fcmanl\u0131k Hizmetleri konusunda m\u00fc\u015fterilerine destek oluyor\u2026<\/strong><\/p>\n<p><strong>Global Alliance Register Teknik \u00c7eviri &amp; Terc\u00fcmanl\u0131k Hizmetleri<\/strong> zaman kayb\u0131 ve riskleri ortadan kald\u0131rarak yerel ve uluslararas\u0131 m\u00fc\u015fterilerimizin s\u0131k\u00e7a talep etti\u011fi hizmetlerden biridir. Teknik \u00c7eviri &amp; Terc\u00fcmanl\u0131k Hizmetleri konusunda do\u011fru organizasyonu se\u00e7menin m\u00fc\u015fterilerimiz taraf\u0131ndan kolay al\u0131nan kararlardan biri olmad\u0131\u011f\u0131n\u0131n fark\u0131nda bir kurulu\u015fuz.<\/p>\n<p>Global Alliance Register kadrosunda g\u00f6rev yapan yerel ve uluslararas\u0131 insan kaynaklar\u0131n\u0131n sahip oldu\u011fu niteliklerle; kaliteli ve m\u00fc\u015fteri beklentilerinin tamam\u0131yla kar\u015f\u0131land\u0131\u011f\u0131 sonu\u00e7lar sunma konusunda bug\u00fcne kadar\u00a0 \u00e7al\u0131\u015ft\u0131\u011f\u0131m\u0131z kurumlarla \u00f6nemli referanslara sahip bir organizasyonuz. Teknik \u00c7eviri &amp; Terc\u00fcmanl\u0131k Hizmetleri sahip oldu\u011fumuz uluslararas\u0131 ofis a\u011f\u0131yla 64\u2019\u00fc a\u015fk\u0131n farkl\u0131 dilde sunulmakta olup, ilgili sekt\u00f6rel tecr\u00fcbeye sahip (Petrol &amp; Gaz, Enerji &amp; Tesisler, \u0130malat, \u0130n\u015faat, Ula\u015ft\u0131rma &amp; Lojistik, Bankac\u0131l\u0131k, Sigorta, Sa\u011fl\u0131k &amp; T\u0131p, ve di\u011ferleri\u2026.) nitelikli uzman \u00e7evirmen ve terc\u00fcmanlar taraf\u0131ndan sunulmaktad\u0131r.<\/p>\n<p>Global Alliance Register m\u00fc\u015fteri iste\u011fine ve ilgili etkinlik veya organizasyona ba\u011fl\u0131 olarak y\u00fcksek g\u00fcvenilirlikte ve uluslararas\u0131 standartlara uygun konsik\u00fctif (consecutive) , simultane (smiultanous) veya f\u0131s\u0131ldama (whispering) y\u00f6ntemleri ile profesyonel terc\u00fcmanl\u0131k hizmetleri sunmaktad\u0131r. Terc\u00fcme Hizmetleri genellikle m\u00fc\u015fterilerimiz taraf\u0131ndan; i\u015f g\u00f6r\u00fc\u015fmeleri, toplant\u0131lar\u0131, sunumlar\u0131, \u00f6zellikli e\u011fitim programlar\u0131, fabrika ve saha ziyaretleri, mahkeme duru\u015fmalar\u0131, i\u015f e\u011flenceleri ve di\u011fer nedenlerle talep edilmektedir.,<\/p>\n<p><strong>Teknik \u00c7eviri &amp; Terc\u00fcmanl\u0131k Hizmetleri<\/strong>\u2019ne ili\u015fkin t\u00fcm sorular\u0131n\u0131z ve hizmet talepleriniz i\u00e7in l\u00fctfen taraf\u0131m\u0131zla temas kurunuz\u2026<\/p>\n<h1>\u00a0<\/h1>\n<h1>\u0130lgili Sekt\u00f6rler<\/h1>\n<table>\n<tbody>\n<tr>\n<td style=\"width: 350px; border-color: #ffffff; height: 30px; text-align: left; vertical-align: middle; background-color: #f7f7f7;\" width=\"250\">\n<ul style=\"list-style-type: square;\">\n<li><a title=\"Denizcilik Sekt\u00f6r\u00fc\" href=\"https:\/\/globalallianceregister.com\/?page_id=9&amp;lang=tr\" target=\"_blank\">DEN\u0130ZC\u0130L\u0130K<\/a><\/li>\n<\/ul>\n<\/td>\n<td style=\"width: 350px; border-color: #ffffff; height: 30px; text-align: left; vertical-align: middle; background-color: #f7f7f7;\" width=\"250\">\n<ul style=\"list-style-type: square;\">\n<li><a title=\"\u0130n\u015faat Sekt\u00f6r\u00fc\" href=\"https:\/\/globalallianceregister.com\/?page_id=11&amp;lang=tr\" target=\"_blank\">\u0130N\u015eAAT<\/a><\/li>\n<\/ul>\n<\/td>\n<td style=\"width: 350px; border-color: #ffffff; height: 30px; text-align: left; vertical-align: middle; background-color: #f7f7f7;\" width=\"251\">\n<ul style=\"list-style-type: square;\">\n<li><a title=\"Petrol &amp; Gaz Sekt\u00f6r\u00fc\" href=\"https:\/\/globalallianceregister.com\/?page_id=13&amp;lang=tr\" target=\"_blank\">PETROL &amp; GAZ<\/a><\/li>\n<\/ul>\n<\/td>\n<\/tr>\n<tr>\n<td style=\"width: 350px; border-color: #ffffff; height: 30px; text-align: left; vertical-align: middle; background-color: #f7f7f7;\" width=\"250\">\n<ul style=\"list-style-type: square;\">\n<li><a title=\"Enerji &amp; Tesisler\" href=\"https:\/\/globalallianceregister.com\/?page_id=15&amp;lang=tr\" target=\"_blank\">ENERJ\u0130 &amp; TES\u0130SLER<\/a><\/li>\n<\/ul>\n<\/td>\n<td style=\"width: 350px; border-color: #ffffff; height: 30px; text-align: left; vertical-align: middle; background-color: #f7f7f7;\" width=\"250\">\n<ul style=\"list-style-type: square;\">\n<li><a title=\"\u0130malat Sekt\u00f6r\u00fc\" href=\"https:\/\/globalallianceregister.com\/?page_id=20&amp;lang=tr\" target=\"_blank\">\u0130MALAT<\/a><\/li>\n<\/ul>\n<\/td>\n<td style=\"width: 350px; border-color: #ffffff; height: 30px; text-align: left; vertical-align: middle; background-color: #f7f7f7;\" width=\"251\">\n<ul style=\"list-style-type: square;\">\n<li><a title=\"Ula\u015ft\u0131rma &amp; Lojistik Sekt\u00f6r\u00fc\" href=\"https:\/\/globalallianceregister.com\/?page_id=22&amp;lang=tr\" target=\"_blank\">ULA\u015eTIRMA &amp; LOJ\u0130ST\u0130K<\/a><\/li>\n<\/ul>\n<\/td>\n<\/tr>\n<tr>\n<td style=\"width: 350px; border-color: #ffffff; height: 30px; text-align: left; vertical-align: middle; background-color: #f7f7f7;\" width=\"250\">\n<ul style=\"list-style-type: square;\">\n<li><a title=\"Uzay &amp; Havac\u0131l\u0131k Sekt\u00f6r\u00fc\" href=\"https:\/\/globalallianceregister.com\/?page_id=24&amp;lang=tr\" target=\"_blank\">UZAY &amp; HAVACILIK<\/a><\/li>\n<\/ul>\n<\/td>\n<td style=\"width: 350px; border-color: #ffffff; height: 30px; text-align: left; vertical-align: middle; background-color: #f7f7f7;\" width=\"250\">\n<ul style=\"list-style-type: square;\">\n<li><a title=\"Tar\u0131m &amp; G\u0131da Sekt\u00f6r\u00fc\" href=\"https:\/\/globalallianceregister.com\/?page_id=27&amp;lang=tr\" target=\"_blank\">TARIM &amp; GIDA<\/a><\/li>\n<\/ul>\n<\/td>\n<td style=\"width: 350px; border-color: #ffffff; height: 30px; text-align: left; vertical-align: middle; background-color: #f7f7f7;\" width=\"251\">\n<ul style=\"list-style-type: square;\">\n<li><a title=\"Turizm &amp; Otelcilik Sekt\u00f6r\u00fc\" href=\"https:\/\/globalallianceregister.com\/?page_id=29&amp;lang=tr\" target=\"_blank\">TUR\u0130ZM &amp; OTELC\u0130L\u0130K<\/a><\/li>\n<\/ul>\n<\/td>\n<\/tr>\n<tr>\n<td style=\"width: 350px; border-color: #ffffff; height: 30px; text-align: left; vertical-align: middle; background-color: #f7f7f7;\" width=\"250\">\n<ul style=\"list-style-type: square;\">\n<li><a title=\"Finans &amp; Bankac\u0131l\u0131k Sekt\u00f6r\u00fc\" href=\"https:\/\/globalallianceregister.com\/?page_id=38&amp;lang=tr\" target=\"_blank\">F\u0130NANS<\/a><\/li>\n<\/ul>\n<\/td>\n<td style=\"width: 350px; border-color: #ffffff; height: 30px; text-align: left; vertical-align: middle; background-color: #f7f7f7;\" width=\"250\">\n<ul style=\"list-style-type: square;\">\n<li><a title=\"Sigorta Sekt\u00f6r\u00fc\" href=\"https:\/\/globalallianceregister.com\/?page_id=40&amp;lang=tr\" target=\"_blank\">S\u0130GORTA<\/a><\/li>\n<\/ul>\n<\/td>\n<td style=\"width: 350px; border-color: #ffffff; height: 30px; text-align: left; vertical-align: middle; background-color: #f7f7f7;\" width=\"251\">\n<ul style=\"list-style-type: square;\">\n<li><a title=\"Bilgi Teknolojileri Sekt\u00f6r\u00fc\" href=\"https:\/\/globalallianceregister.com\/?page_id=52&amp;lang=tr\" target=\"_blank\">B\u0130LG\u0130 TEKNOLOJ\u0130LER\u0130<\/a><\/li>\n<\/ul>\n<\/td>\n<\/tr>\n<tr>\n<td style=\"width: 350px; border-color: #ffffff; height: 30px; text-align: left; vertical-align: middle; background-color: #f7f7f7;\" width=\"250\">\n<ul style=\"list-style-type: square;\">\n<li><a title=\"Telekom\u00fcnikasyon Sekt\u00f6r\u00fc\" href=\"https:\/\/globalallianceregister.com\/?page_id=54&amp;lang=tr\" target=\"_blank\">TELEKOM\u00dcN\u0130KASYON<\/a><\/li>\n<\/ul>\n<\/td>\n<td style=\"width: 350px; border-color: #ffffff; height: 30px; text-align: left; vertical-align: middle; background-color: #f7f7f7;\" width=\"250\">\n<ul style=\"list-style-type: square;\">\n<li><a title=\"Sa\u011fl\u0131k &amp; T\u0131p Sekt\u00f6r\u00fc\" href=\"https:\/\/globalallianceregister.com\/?page_id=56&amp;lang=tr\" target=\"_blank\">SA\u011eLIK &amp; TIP<\/a><\/li>\n<\/ul>\n<\/td>\n<td style=\"width: 350px; border-color: #ffffff; height: 30px; text-align: left; vertical-align: middle; background-color: #f7f7f7;\" width=\"251\">\u00a0<\/td>\n<\/tr>\n<\/tbody>\n<\/table>","protected":false},"excerpt":{"rendered":"<p>Yerel ve uluslararas\u0131 m\u00fc\u015fterilerimizin talepleri do\u011frultusunda, t\u00fcm sekt\u00f6rlerdeki y\u00fcksek teknik deneyim ve derin birikimimize duyduklar\u0131 g\u00fcvenle\u00a0 Teknik Terc\u00fcme &amp; Terc\u00fcmanl\u0131k Hizmetleri konusunda m\u00fc\u015fterilerine destek oluyor\u2026 Global Alliance Register Teknik \u00c7eviri&#8230; <\/p>\n","protected":false},"author":10,"featured_media":0,"parent":163,"menu_order":10,"comment_status":"closed","ping_status":"closed","template":"page-full.php","meta":{"_acf_changed":false,"om_disable_all_campaigns":false,"footnotes":""},"class_list":["post-107","page","type-page","status-publish","hentry"],"acf":[],"yoast_head":"<!-- This site is optimized with the Yoast SEO plugin v27.4 - https:\/\/yoast.com\/product\/yoast-seo-wordpress\/ -->\n<title>Teknik \u00c7eviri &amp; Terc\u00fcmanl\u0131k Hizmetleri - Global Alliance Register<\/title>\n<meta name=\"robots\" content=\"index, follow, max-snippet:-1, max-image-preview:large, max-video-preview:-1\" \/>\n<link rel=\"canonical\" href=\"https:\/\/globalallianceregister.com\/tr\/services\/assistance\/technical-translation-services\/\" \/>\n<meta property=\"og:locale\" content=\"tr_TR\" \/>\n<meta property=\"og:type\" content=\"article\" \/>\n<meta property=\"og:title\" content=\"Teknik \u00c7eviri &amp; Terc\u00fcmanl\u0131k Hizmetleri - Global Alliance Register\" \/>\n<meta property=\"og:description\" content=\"Yerel ve uluslararas\u0131 m\u00fc\u015fterilerimizin talepleri do\u011frultusunda, t\u00fcm sekt\u00f6rlerdeki y\u00fcksek teknik deneyim ve derin birikimimize duyduklar\u0131 g\u00fcvenle\u00a0 Teknik Terc\u00fcme &amp; Terc\u00fcmanl\u0131k Hizmetleri konusunda m\u00fc\u015fterilerine destek oluyor\u2026 Global Alliance Register Teknik \u00c7eviri...\" \/>\n<meta property=\"og:url\" content=\"https:\/\/globalallianceregister.com\/tr\/services\/assistance\/technical-translation-services\/\" \/>\n<meta property=\"og:site_name\" content=\"Global Alliance Register\" \/>\n<meta property=\"article:modified_time\" content=\"2016-02-03T10:38:25+00:00\" \/>\n<meta name=\"twitter:label1\" content=\"Tahmini okuma s\u00fcresi\" \/>\n\t<meta name=\"twitter:data1\" content=\"3 dakika\" \/>\n<script type=\"application\/ld+json\" class=\"yoast-schema-graph\">{\"@context\":\"https:\\\/\\\/schema.org\",\"@graph\":[{\"@type\":\"WebPage\",\"@id\":\"https:\\\/\\\/globalallianceregister.com\\\/tr\\\/services\\\/assistance\\\/technical-translation-services\\\/\",\"url\":\"https:\\\/\\\/globalallianceregister.com\\\/tr\\\/services\\\/assistance\\\/technical-translation-services\\\/\",\"name\":\"Teknik \u00c7eviri & Terc\u00fcmanl\u0131k Hizmetleri - Global Alliance Register\",\"isPartOf\":{\"@id\":\"https:\\\/\\\/globalallianceregister.com\\\/tr\\\/#website\"},\"datePublished\":\"2010-12-25T14:47:04+00:00\",\"dateModified\":\"2016-02-03T10:38:25+00:00\",\"breadcrumb\":{\"@id\":\"https:\\\/\\\/globalallianceregister.com\\\/tr\\\/services\\\/assistance\\\/technical-translation-services\\\/#breadcrumb\"},\"inLanguage\":\"tr\",\"potentialAction\":[{\"@type\":\"ReadAction\",\"target\":[[\"https:\\\/\\\/globalallianceregister.com\\\/tr\\\/services\\\/assistance\\\/technical-translation-services\\\/\"]]}]},{\"@type\":\"BreadcrumbList\",\"@id\":\"https:\\\/\\\/globalallianceregister.com\\\/tr\\\/services\\\/assistance\\\/technical-translation-services\\\/#breadcrumb\",\"itemListElement\":[{\"@type\":\"ListItem\",\"position\":1,\"name\":\"Anasayfa\",\"item\":\"https:\\\/\\\/globalallianceregister.com\\\/tr\\\/\"},{\"@type\":\"ListItem\",\"position\":2,\"name\":\"Teknik \u00c7eviri &#038; Terc\u00fcmanl\u0131k Hizmetleri\"}]},{\"@type\":\"WebSite\",\"@id\":\"https:\\\/\\\/globalallianceregister.com\\\/tr\\\/#website\",\"url\":\"https:\\\/\\\/globalallianceregister.com\\\/tr\\\/\",\"name\":\"Global Alliance Register\",\"description\":\"(EN) Together for Excellence\",\"potentialAction\":[{\"@type\":\"SearchAction\",\"target\":{\"@type\":\"EntryPoint\",\"urlTemplate\":\"https:\\\/\\\/globalallianceregister.com\\\/tr\\\/?s={search_term_string}\"},\"query-input\":{\"@type\":\"PropertyValueSpecification\",\"valueRequired\":true,\"valueName\":\"search_term_string\"}}],\"inLanguage\":\"tr\"}]}<\/script>\n<!-- \/ Yoast SEO plugin. -->","yoast_head_json":{"title":"Teknik \u00c7eviri & Terc\u00fcmanl\u0131k Hizmetleri - Global Alliance Register","robots":{"index":"index","follow":"follow","max-snippet":"max-snippet:-1","max-image-preview":"max-image-preview:large","max-video-preview":"max-video-preview:-1"},"canonical":"https:\/\/globalallianceregister.com\/tr\/services\/assistance\/technical-translation-services\/","og_locale":"tr_TR","og_type":"article","og_title":"Teknik \u00c7eviri & Terc\u00fcmanl\u0131k Hizmetleri - Global Alliance Register","og_description":"Yerel ve uluslararas\u0131 m\u00fc\u015fterilerimizin talepleri do\u011frultusunda, t\u00fcm sekt\u00f6rlerdeki y\u00fcksek teknik deneyim ve derin birikimimize duyduklar\u0131 g\u00fcvenle\u00a0 Teknik Terc\u00fcme &amp; Terc\u00fcmanl\u0131k Hizmetleri konusunda m\u00fc\u015fterilerine destek oluyor\u2026 Global Alliance Register Teknik \u00c7eviri...","og_url":"https:\/\/globalallianceregister.com\/tr\/services\/assistance\/technical-translation-services\/","og_site_name":"Global Alliance Register","article_modified_time":"2016-02-03T10:38:25+00:00","twitter_misc":{"Tahmini okuma s\u00fcresi":"3 dakika"},"schema":{"@context":"https:\/\/schema.org","@graph":[{"@type":"WebPage","@id":"https:\/\/globalallianceregister.com\/tr\/services\/assistance\/technical-translation-services\/","url":"https:\/\/globalallianceregister.com\/tr\/services\/assistance\/technical-translation-services\/","name":"Teknik \u00c7eviri & Terc\u00fcmanl\u0131k Hizmetleri - Global Alliance Register","isPartOf":{"@id":"https:\/\/globalallianceregister.com\/tr\/#website"},"datePublished":"2010-12-25T14:47:04+00:00","dateModified":"2016-02-03T10:38:25+00:00","breadcrumb":{"@id":"https:\/\/globalallianceregister.com\/tr\/services\/assistance\/technical-translation-services\/#breadcrumb"},"inLanguage":"tr","potentialAction":[{"@type":"ReadAction","target":[["https:\/\/globalallianceregister.com\/tr\/services\/assistance\/technical-translation-services\/"]]}]},{"@type":"BreadcrumbList","@id":"https:\/\/globalallianceregister.com\/tr\/services\/assistance\/technical-translation-services\/#breadcrumb","itemListElement":[{"@type":"ListItem","position":1,"name":"Anasayfa","item":"https:\/\/globalallianceregister.com\/tr\/"},{"@type":"ListItem","position":2,"name":"Teknik \u00c7eviri &#038; Terc\u00fcmanl\u0131k Hizmetleri"}]},{"@type":"WebSite","@id":"https:\/\/globalallianceregister.com\/tr\/#website","url":"https:\/\/globalallianceregister.com\/tr\/","name":"Global Alliance Register","description":"(EN) Together for Excellence","potentialAction":[{"@type":"SearchAction","target":{"@type":"EntryPoint","urlTemplate":"https:\/\/globalallianceregister.com\/tr\/?s={search_term_string}"},"query-input":{"@type":"PropertyValueSpecification","valueRequired":true,"valueName":"search_term_string"}}],"inLanguage":"tr"}]}},"_links":{"self":[{"href":"https:\/\/globalallianceregister.com\/tr\/wp-json\/wp\/v2\/pages\/107","targetHints":{"allow":["GET"]}}],"collection":[{"href":"https:\/\/globalallianceregister.com\/tr\/wp-json\/wp\/v2\/pages"}],"about":[{"href":"https:\/\/globalallianceregister.com\/tr\/wp-json\/wp\/v2\/types\/page"}],"author":[{"embeddable":true,"href":"https:\/\/globalallianceregister.com\/tr\/wp-json\/wp\/v2\/users\/10"}],"replies":[{"embeddable":true,"href":"https:\/\/globalallianceregister.com\/tr\/wp-json\/wp\/v2\/comments?post=107"}],"version-history":[{"count":0,"href":"https:\/\/globalallianceregister.com\/tr\/wp-json\/wp\/v2\/pages\/107\/revisions"}],"up":[{"embeddable":true,"href":"https:\/\/globalallianceregister.com\/tr\/wp-json\/wp\/v2\/pages\/163"}],"wp:attachment":[{"href":"https:\/\/globalallianceregister.com\/tr\/wp-json\/wp\/v2\/media?parent=107"}],"curies":[{"name":"wp","href":"https:\/\/api.w.org\/{rel}","templated":true}]}}