{"id":11,"date":"2010-12-25T13:24:34","date_gmt":"2010-12-25T13:24:34","guid":{"rendered":"https:\/\/globalallianceregister.com\/?page_id=11"},"modified":"2016-02-12T16:10:41","modified_gmt":"2016-02-12T16:10:41","slug":"construction","status":"publish","type":"page","link":"https:\/\/globalallianceregister.com\/tr\/sectors\/construction\/","title":{"rendered":"\u0130n\u015faat"},"content":{"rendered":"<p>Her t\u00fcrl\u00fc tesis ve binalara ait ger\u00e7ekle\u015ftirilecek olan yeni yat\u0131r\u0131mlarda; <strong>\u0130n\u015faat \u00d6ncesi Haz\u0131rl\u0131k A\u015famas\u0131\u2019ndan \u0130n\u015faat A\u015famas\u0131, Ge\u00e7ici &amp; Kesin Kabul, Bina &amp; Tesislerin \u0130\u015fletmeye Al\u0131nmas\u0131 A\u015famalar\u0131nda;<\/strong> <strong>Global Alliance Register \u0130n\u015faat B\u00f6l\u00fcm\u00fc<\/strong> projede ilgili taraflar olan; <strong>Finans Kurulu\u015flar\u0131, Sigorta Kurulu\u015flar\u0131, Ana M\u00fcteahhit\u00a0&amp; Y\u00fcklenicilere<\/strong> ve ayn\u0131 zaman da bir\u00e7ok konuyu y\u00f6netmek durumunda olan Y<strong>at\u0131r\u0131mc\u0131lara <\/strong><span style=\"text-decoration: underline;\">toplam \u00e7\u00f6z\u00fcm sunan stratejik i\u015f orta\u011f\u0131 kimli\u011fine sahiptir<\/span>.<\/p>\n<p>Global Alliance Register taraf\u0131ndan \u0130n\u015faat Sekt\u00f6r\u00fcnde sunulan hizmetlerin derinli\u011fi; <strong><a href=\"https:\/\/globalallianceregister.com\/en\/services\/project-management\/land-development-consultancy\/\" target=\"_blank\">Arsa \u00dcretimi<\/a>, <a href=\"https:\/\/globalallianceregister.com\/en\/services\/project-management\/land-due-diligence\/\" target=\"_blank\">Arsa Teknik De\u011ferlendirmesi<\/a>, <a href=\"https:\/\/globalallianceregister.com\/en\/services\/certification\/product-certification\/compulsory-certification-for-russia-ukraine-kazakhstan-turkmenistan\/design-review-verification\/\" target=\"_blank\">3. Taraf Tasar\u0131m G\u00f6zden Ge\u00e7irme &amp; Do\u011frulama<\/a>, <a href=\"https:\/\/globalallianceregister.com\/en\/services\/assistance\/engineering-design-support\/\" target=\"_blank\">M\u00fchendislik Teknik Deste\u011fi<\/a>, <a href=\"https:\/\/globalallianceregister.com\/en\/services\/consultancy\/regulatory-framework-consultancy\/\" target=\"_blank\">\u0130n\u015faat Ruhsat ve \u0130\u015fletme Ruhsat\u0131 Dan\u0131\u015fmanl\u0131\u011f\u0131<\/a>, <a href=\"https:\/\/globalallianceregister.com\/en\/services\/consultancy\/regulatory-framework-consultancy\/\" target=\"_blank\">Yerel Mevzuat Dan\u0131\u015fmanl\u0131\u011f\u0131<\/a>, <a href=\"https:\/\/globalallianceregister.com\/en\/services\/project-management\/\" target=\"_blank\">Proje Y\u00f6netimi<\/a>, <a href=\"https:\/\/globalallianceregister.com\/en\/services\/project-management\/\" target=\"_blank\">\u0130n\u015faat Y\u00f6netimi<\/a>, <a href=\"https:\/\/globalallianceregister.com\/en\/services\/assistance\/she-s-coaching-engineering-supervision-services\/\" target=\"_blank\">\u0130\u015f Sa\u011fl\u0131\u011f\u0131-G\u00fcvenli\u011fi\u00a0&amp; \u00c7evre Ko\u00e7luk- Saha S\u00fcpervize \u2013M\u00fchendislik Hizmetleri<\/a>, Saha Teknik Kontroll\u00fck Hizmetleri,\u00a0<a href=\"https:\/\/globalallianceregister.com\/en\/services\/project-management\/technical-site-supervision\/\" target=\"_blank\">\u0130n\u015faat Seyir Dosyas\u0131 Tutulmas\u0131 (Logbook Keeping) Hizmetleri<\/a>, <a href=\"https:\/\/globalallianceregister.com\/en\/services\/project-management\/\" target=\"_blank\">Ge\u00e7ici &amp; Kesin Kabul Destek Hizmetleri<\/a>, <a href=\"https:\/\/globalallianceregister.com\/en\/services\/project-management\/\" target=\"_blank\">Uluslararas\u0131 3. Taraf Ba\u011f\u0131ms\u0131z \u0130malat ve Saha G\u00f6zetimi Hizmetleri<\/a>, <a href=\"https:\/\/globalallianceregister.com\/en\/services\/project-management\/\" target=\"_blank\">Proje Sertifikasyonu<\/a>,<\/strong> ve di\u011fer s\u00f6z konusu olabilecek m\u00fc\u015fteriye \u00f6zel hizmetleri i\u00e7ermektedir.<\/p>\n<p>GAR Uzman M\u00fchendisleri taraf\u0131ndan ortaya konan t\u00fcm bu hizmet ve \u00e7abalar in\u015faat \u00f6ncesi ve in\u015faat a\u015famalar\u0131nda taahh\u00fct edilen planlanan zaman, b\u00fct\u00e7e ve kalitede projenin tamamlanmas\u0131na kritik \u00f6nemde katk\u0131 sa\u011flamaktad\u0131r.<\/p>\n<p>\u0130n\u015faat \u00f6ncesi ve in\u015faat a\u015famas\u0131nda sunulan hizmetlerin tamamlanmas\u0131 sonras\u0131, GAR Uzmanlar\u0131 in\u015fa edilen bina ve tesisler i\u00e7in; i\u015fletme esnas\u0131nda sunmakta oldu\u011fu hizmet-i\u00e7i \u00e7\u00f6z\u00fcm paketi ve sa\u011fl\u0131kl\u0131 i\u015fletme konseptini g\u00fc\u00e7lendirici hizmet se\u00e7enekleri ile t\u00fcm ya\u015fam d\u00f6ng\u00fcs\u00fc i\u00e7erisinde desteklemektedir.<\/p>\n<p>T\u00fcm d\u00fcnyadaki mevcut yerel ve uluslararas\u0131 kalifikasyonlara sahip kadrosu ile GAR ba\u011f\u0131ms\u0131z ekspertiz, \u00f6neri ve uzman tavsiyeleri ile ayr\u0131ca uluslararas\u0131 projelere katk\u0131 sa\u011flamaya devam etmektedir.<\/p>\n<h1><span style=\"font-size: 16px; line-height: 1.5;\">\u00a0<\/span><\/h1>\n<h1>\u00c7\u00f6z\u00fcmler<\/h1>\n<table>\n<tbody>\n<tr>\n<td style=\"width: 350px; border-color: #ffffff; text-align: left; vertical-align: middle; background-color: #f7f7f7;\" width=\"250\">\n<ul>\n<li><a href=\"https:\/\/globalallianceregister.com\/tr\/hizmetler\/asistans-hizmetleri\/\" target=\"_blank\">AS\u0130STANS<\/a><\/li>\n<\/ul>\n<\/td>\n<td style=\"width: 350px; border-color: #ffffff; text-align: left; vertical-align: middle; background-color: #f7f7f7;\" width=\"250\">\n<ul style=\"list-style-type: square;\">\n<li><a href=\"https:\/\/globalallianceregister.com\/tr\/hizmetler\/gozetim-ve-termin-kontrolu-hizmetleri\/\" target=\"_blank\">G\u00d6ZET\u0130M<\/a><\/li>\n<\/ul>\n<\/td>\n<td style=\"width: 350px; border-color: #ffffff; text-align: left; vertical-align: middle; background-color: #f7f7f7;\" width=\"251\">\n<ul style=\"list-style-type: square;\">\n<li><a href=\"https:\/\/globalallianceregister.com\/tr\/hizmetler\/danismanlik\/\" target=\"_blank\">DANI\u015eMANLIK<\/a><\/li>\n<\/ul>\n<\/td>\n<\/tr>\n<tr>\n<td style=\"width: 350px; border-color: #ffffff; text-align: left; vertical-align: middle; background-color: #f7f7f7;\" width=\"250\">\n<ul style=\"list-style-type: square;\">\n<li><a href=\"https:\/\/globalallianceregister.com\/tr\/hizmetler\/certification\/\" target=\"_blank\">BELGELEND\u0130RME<\/a><\/li>\n<\/ul>\n<\/td>\n<td style=\"width: 350px; border-color: #ffffff; text-align: left; vertical-align: middle; background-color: #f7f7f7;\" width=\"250\">\n<ul style=\"list-style-type: square;\">\n<li><a href=\"https:\/\/globalallianceregister.com\/tr\/hizmetler\/egitim\/\" target=\"_blank\">E\u011e\u0130T\u0130M<\/a><\/li>\n<\/ul>\n<\/td>\n<td style=\"width: 350px; border-color: #ffffff; text-align: left; vertical-align: middle; background-color: #f7f7f7;\" width=\"251\">\n<ul style=\"list-style-type: square;\">\n<li><a href=\"https:\/\/globalallianceregister.com\/hizmetler\/insaat-proje-yonetimi-musavirlik-hizmetleri\/\" target=\"_blank\">\u0130N\u015eAAT PROJE Y\u00d6NET\u0130M\u0130<\/a><\/li>\n<\/ul>\n<\/td>\n<\/tr>\n<tr>\n<td style=\"width: 350px; border-color: #ffffff; text-align: left; vertical-align: middle; background-color: #f7f7f7;\" width=\"250\">\n<ul style=\"list-style-type: square;\">\n<li><a href=\"https:\/\/globalallianceregister.com\/tr\/hizmetler\/dis-kaynak-tedariki\/\" target=\"_blank\">DI\u015e KAYNAK TEDAR\u0130K\u0130<\/a><\/li>\n<\/ul>\n<\/td>\n<td style=\"width: 350px; border-color: #ffffff; text-align: left; vertical-align: middle; background-color: #f7f7f7;\" width=\"250\">\n<ul style=\"list-style-type: square;\">\n<li><a href=\"https:\/\/globalallianceregister.com\/hizmetler\/karbon-ve-enerji-yonetimi\/\" target=\"_blank\">KARBON VE ENERJ\u0130 Y\u00d6NET\u0130M\u0130<\/a><\/li>\n<\/ul>\n<\/td>\n<td style=\"width: 350px; border-color: #ffffff; text-align: left; vertical-align: middle; background-color: #f7f7f7;\" width=\"251\">\n<ul style=\"list-style-type: square;\">\n<li><a href=\"https:\/\/globalallianceregister.com\/tr\/hizmetler\/kurumsal-sosyal-sorumluluk\/\" target=\"_blank\">KURUMSAL SOSYAL SORULMLULUK<\/a><\/li>\n<\/ul>\n<\/td>\n<\/tr>\n<\/tbody>\n<\/table>\n<h1>\u00a0<\/h1>","protected":false},"excerpt":{"rendered":"<p>Her t\u00fcrl\u00fc tesis ve binalara ait ger\u00e7ekle\u015ftirilecek olan yeni yat\u0131r\u0131mlarda; \u0130n\u015faat \u00d6ncesi Haz\u0131rl\u0131k A\u015famas\u0131\u2019ndan \u0130n\u015faat A\u015famas\u0131, Ge\u00e7ici &amp; Kesin Kabul, Bina &amp; Tesislerin \u0130\u015fletmeye Al\u0131nmas\u0131 A\u015famalar\u0131nda; Global Alliance Register \u0130n\u015faat&#8230; <\/p>\n","protected":false},"author":10,"featured_media":5125,"parent":4,"menu_order":2,"comment_status":"closed","ping_status":"closed","template":"page-full.php","meta":{"_acf_changed":false,"om_disable_all_campaigns":false,"footnotes":""},"class_list":["post-11","page","type-page","status-publish","has-post-thumbnail","hentry"],"acf":[],"yoast_head":"<!-- This site is optimized with the Yoast SEO plugin v27.4 - https:\/\/yoast.com\/product\/yoast-seo-wordpress\/ -->\n<title>\u0130n\u015faat - Global Alliance Register<\/title>\n<meta name=\"robots\" content=\"index, follow, max-snippet:-1, max-image-preview:large, max-video-preview:-1\" \/>\n<link rel=\"canonical\" href=\"https:\/\/globalallianceregister.com\/tr\/sectors\/construction\/\" \/>\n<meta property=\"og:locale\" content=\"tr_TR\" \/>\n<meta property=\"og:type\" content=\"article\" \/>\n<meta property=\"og:title\" content=\"\u0130n\u015faat - Global Alliance Register\" \/>\n<meta property=\"og:description\" content=\"Her t\u00fcrl\u00fc tesis ve binalara ait ger\u00e7ekle\u015ftirilecek olan yeni yat\u0131r\u0131mlarda; \u0130n\u015faat \u00d6ncesi Haz\u0131rl\u0131k A\u015famas\u0131\u2019ndan \u0130n\u015faat A\u015famas\u0131, Ge\u00e7ici &amp; Kesin Kabul, Bina &amp; Tesislerin \u0130\u015fletmeye Al\u0131nmas\u0131 A\u015famalar\u0131nda; Global Alliance Register \u0130n\u015faat...\" \/>\n<meta property=\"og:url\" content=\"https:\/\/globalallianceregister.com\/tr\/sectors\/construction\/\" \/>\n<meta property=\"og:site_name\" content=\"Global Alliance Register\" \/>\n<meta property=\"article:modified_time\" content=\"2016-02-12T16:10:41+00:00\" \/>\n<meta property=\"og:image\" content=\"https:\/\/globalallianceregister.com\/wp-content\/uploads\/2010\/12\/Construction-Inner-Page.jpg\" \/>\n\t<meta property=\"og:image:width\" content=\"614\" \/>\n\t<meta property=\"og:image:height\" content=\"200\" \/>\n\t<meta property=\"og:image:type\" content=\"image\/jpeg\" \/>\n<meta name=\"twitter:label1\" content=\"Tahmini okuma s\u00fcresi\" \/>\n\t<meta name=\"twitter:data1\" content=\"3 dakika\" \/>\n<script type=\"application\/ld+json\" class=\"yoast-schema-graph\">{\"@context\":\"https:\\\/\\\/schema.org\",\"@graph\":[{\"@type\":\"WebPage\",\"@id\":\"https:\\\/\\\/globalallianceregister.com\\\/tr\\\/sectors\\\/construction\\\/\",\"url\":\"https:\\\/\\\/globalallianceregister.com\\\/tr\\\/sectors\\\/construction\\\/\",\"name\":\"\u0130n\u015faat - Global Alliance Register\",\"isPartOf\":{\"@id\":\"https:\\\/\\\/globalallianceregister.com\\\/tr\\\/#website\"},\"primaryImageOfPage\":{\"@id\":\"https:\\\/\\\/globalallianceregister.com\\\/tr\\\/sectors\\\/construction\\\/#primaryimage\"},\"image\":{\"@id\":\"https:\\\/\\\/globalallianceregister.com\\\/sectors\\\/construction\\\/#primaryimage\"},\"thumbnailUrl\":\"https:\\\/\\\/globalallianceregister.com\\\/wp-content\\\/uploads\\\/2010\\\/12\\\/Construction-Inner-Page.jpg\",\"datePublished\":\"2010-12-25T13:24:34+00:00\",\"dateModified\":\"2016-02-12T16:10:41+00:00\",\"breadcrumb\":{\"@id\":\"https:\\\/\\\/globalallianceregister.com\\\/tr\\\/sectors\\\/construction\\\/#breadcrumb\"},\"inLanguage\":\"tr\",\"potentialAction\":[{\"@type\":\"ReadAction\",\"target\":[[\"https:\\\/\\\/globalallianceregister.com\\\/tr\\\/sectors\\\/construction\\\/\"]]}]},{\"@type\":\"ImageObject\",\"inLanguage\":\"tr\",\"@id\":\"https:\\\/\\\/globalallianceregister.com\\\/tr\\\/sectors\\\/construction\\\/#primaryimage\",\"url\":\"https:\\\/\\\/globalallianceregister.com\\\/wp-content\\\/uploads\\\/2010\\\/12\\\/Construction-Inner-Page.jpg\",\"contentUrl\":\"https:\\\/\\\/globalallianceregister.com\\\/wp-content\\\/uploads\\\/2010\\\/12\\\/Construction-Inner-Page.jpg\",\"width\":614,\"height\":200},{\"@type\":\"BreadcrumbList\",\"@id\":\"https:\\\/\\\/globalallianceregister.com\\\/tr\\\/sectors\\\/construction\\\/#breadcrumb\",\"itemListElement\":[{\"@type\":\"ListItem\",\"position\":1,\"name\":\"Anasayfa\",\"item\":\"https:\\\/\\\/globalallianceregister.com\\\/tr\\\/\"},{\"@type\":\"ListItem\",\"position\":2,\"name\":\"Sekt\u00f6rler\",\"item\":\"https:\\\/\\\/globalallianceregister.com\\\/tr\\\/sectors\\\/\"},{\"@type\":\"ListItem\",\"position\":3,\"name\":\"\u0130n\u015faat\"}]},{\"@type\":\"WebSite\",\"@id\":\"https:\\\/\\\/globalallianceregister.com\\\/tr\\\/#website\",\"url\":\"https:\\\/\\\/globalallianceregister.com\\\/tr\\\/\",\"name\":\"Global Alliance Register\",\"description\":\"(EN) Together for Excellence\",\"potentialAction\":[{\"@type\":\"SearchAction\",\"target\":{\"@type\":\"EntryPoint\",\"urlTemplate\":\"https:\\\/\\\/globalallianceregister.com\\\/tr\\\/?s={search_term_string}\"},\"query-input\":{\"@type\":\"PropertyValueSpecification\",\"valueRequired\":true,\"valueName\":\"search_term_string\"}}],\"inLanguage\":\"tr\"}]}<\/script>\n<!-- \/ Yoast SEO plugin. -->","yoast_head_json":{"title":"\u0130n\u015faat - Global Alliance Register","robots":{"index":"index","follow":"follow","max-snippet":"max-snippet:-1","max-image-preview":"max-image-preview:large","max-video-preview":"max-video-preview:-1"},"canonical":"https:\/\/globalallianceregister.com\/tr\/sectors\/construction\/","og_locale":"tr_TR","og_type":"article","og_title":"\u0130n\u015faat - Global Alliance Register","og_description":"Her t\u00fcrl\u00fc tesis ve binalara ait ger\u00e7ekle\u015ftirilecek olan yeni yat\u0131r\u0131mlarda; \u0130n\u015faat \u00d6ncesi Haz\u0131rl\u0131k A\u015famas\u0131\u2019ndan \u0130n\u015faat A\u015famas\u0131, Ge\u00e7ici &amp; Kesin Kabul, Bina &amp; Tesislerin \u0130\u015fletmeye Al\u0131nmas\u0131 A\u015famalar\u0131nda; Global Alliance Register \u0130n\u015faat...","og_url":"https:\/\/globalallianceregister.com\/tr\/sectors\/construction\/","og_site_name":"Global Alliance Register","article_modified_time":"2016-02-12T16:10:41+00:00","og_image":[{"width":614,"height":200,"url":"https:\/\/globalallianceregister.com\/wp-content\/uploads\/2010\/12\/Construction-Inner-Page.jpg","type":"image\/jpeg"}],"twitter_misc":{"Tahmini okuma s\u00fcresi":"3 dakika"},"schema":{"@context":"https:\/\/schema.org","@graph":[{"@type":"WebPage","@id":"https:\/\/globalallianceregister.com\/tr\/sectors\/construction\/","url":"https:\/\/globalallianceregister.com\/tr\/sectors\/construction\/","name":"\u0130n\u015faat - Global Alliance Register","isPartOf":{"@id":"https:\/\/globalallianceregister.com\/tr\/#website"},"primaryImageOfPage":{"@id":"https:\/\/globalallianceregister.com\/tr\/sectors\/construction\/#primaryimage"},"image":{"@id":"https:\/\/globalallianceregister.com\/sectors\/construction\/#primaryimage"},"thumbnailUrl":"https:\/\/globalallianceregister.com\/wp-content\/uploads\/2010\/12\/Construction-Inner-Page.jpg","datePublished":"2010-12-25T13:24:34+00:00","dateModified":"2016-02-12T16:10:41+00:00","breadcrumb":{"@id":"https:\/\/globalallianceregister.com\/tr\/sectors\/construction\/#breadcrumb"},"inLanguage":"tr","potentialAction":[{"@type":"ReadAction","target":[["https:\/\/globalallianceregister.com\/tr\/sectors\/construction\/"]]}]},{"@type":"ImageObject","inLanguage":"tr","@id":"https:\/\/globalallianceregister.com\/tr\/sectors\/construction\/#primaryimage","url":"https:\/\/globalallianceregister.com\/wp-content\/uploads\/2010\/12\/Construction-Inner-Page.jpg","contentUrl":"https:\/\/globalallianceregister.com\/wp-content\/uploads\/2010\/12\/Construction-Inner-Page.jpg","width":614,"height":200},{"@type":"BreadcrumbList","@id":"https:\/\/globalallianceregister.com\/tr\/sectors\/construction\/#breadcrumb","itemListElement":[{"@type":"ListItem","position":1,"name":"Anasayfa","item":"https:\/\/globalallianceregister.com\/tr\/"},{"@type":"ListItem","position":2,"name":"Sekt\u00f6rler","item":"https:\/\/globalallianceregister.com\/tr\/sectors\/"},{"@type":"ListItem","position":3,"name":"\u0130n\u015faat"}]},{"@type":"WebSite","@id":"https:\/\/globalallianceregister.com\/tr\/#website","url":"https:\/\/globalallianceregister.com\/tr\/","name":"Global Alliance Register","description":"(EN) Together for Excellence","potentialAction":[{"@type":"SearchAction","target":{"@type":"EntryPoint","urlTemplate":"https:\/\/globalallianceregister.com\/tr\/?s={search_term_string}"},"query-input":{"@type":"PropertyValueSpecification","valueRequired":true,"valueName":"search_term_string"}}],"inLanguage":"tr"}]}},"_links":{"self":[{"href":"https:\/\/globalallianceregister.com\/tr\/wp-json\/wp\/v2\/pages\/11","targetHints":{"allow":["GET"]}}],"collection":[{"href":"https:\/\/globalallianceregister.com\/tr\/wp-json\/wp\/v2\/pages"}],"about":[{"href":"https:\/\/globalallianceregister.com\/tr\/wp-json\/wp\/v2\/types\/page"}],"author":[{"embeddable":true,"href":"https:\/\/globalallianceregister.com\/tr\/wp-json\/wp\/v2\/users\/10"}],"replies":[{"embeddable":true,"href":"https:\/\/globalallianceregister.com\/tr\/wp-json\/wp\/v2\/comments?post=11"}],"version-history":[{"count":0,"href":"https:\/\/globalallianceregister.com\/tr\/wp-json\/wp\/v2\/pages\/11\/revisions"}],"up":[{"embeddable":true,"href":"https:\/\/globalallianceregister.com\/tr\/wp-json\/wp\/v2\/pages\/4"}],"wp:featuredmedia":[{"embeddable":true,"href":"https:\/\/globalallianceregister.com\/tr\/wp-json\/wp\/v2\/media\/5125"}],"wp:attachment":[{"href":"https:\/\/globalallianceregister.com\/tr\/wp-json\/wp\/v2\/media?parent=11"}],"curies":[{"name":"wp","href":"https:\/\/api.w.org\/{rel}","templated":true}]}}