{"id":1213,"date":"2011-03-08T20:13:26","date_gmt":"2011-03-08T20:13:26","guid":{"rendered":"https:\/\/globalallianceregister.com\/?page_id=1213"},"modified":"2023-06-26T04:54:25","modified_gmt":"2023-06-26T01:54:25","slug":"contact-us","status":"publish","type":"page","link":"https:\/\/globalallianceregister.com\/tr\/contact-us\/","title":{"rendered":"Bize Ula\u015f\u0131n"},"content":{"rendered":"<strong>Global Alliance Register (GAR)<\/strong> faliyet g\u00f6sterdi\u011fi konularda lider bir organizasyon olarak \u0130stanbul T\u00fcrkiye merkez ofisi \u00fczerinden uluslararas\u0131 ofis a\u011f\u0131 ve t\u00fcm d\u00fcnyada kurmu\u015f oldu\u011fu stratejik i\u015f ortaklar\u0131 ile m\u00fc\u015fterilerine t\u00fcm sekt\u00f6rlerde edindi\u011fi geni\u015f deneyimi T\u00fcrkiye ve uluslararas\u0131 arenada faaliyet g\u00f6steren\u00a0m\u00fc\u015fterilerine\u00a0transfer etmektedir. GAR Uzmanlar\u0131 taraf\u0131ndan sunulmakta olan katma de\u011ferli \u00e7\u00f6z\u00fcm ve g\u00fcvenilir hizmetlerin\u00a0ana ba\u015fl\u0131klar\u0131 aras\u0131nda; \u00a0<strong>Teknik Dan\u0131\u015fmanl\u0131k, Tasar\u0131m &amp; M\u00fchendislik Destek Hizmetleri\u00a0&amp; Validasyon, Uluslararas\u0131 Proje Y\u00f6netimi &amp; M\u00fc\u015favirlik Hizmetleri, 3. Taraf Uluslararas\u0131 Ba\u011f\u0131ms\u0131z G\u00f6zetim, Denetim, Belgelendirme, E\u011fitim\u00a0&amp; D\u0131\u015f Kaynak Tedariki Hizmetleri <\/strong>bulunmaktad\u0131r.<\/p>\n<p><span style=\"text-decoration: underline;\"><strong>Global Alliance Register Merkez Ofisi:<\/strong><\/span><\/p>\n<p>19 May\u0131s Mah S. Ercan Cad. Pasa Korusu No. 18 D6 Kazaskser Kad\u0131k\u00f6y &#8211; \u0130stanbul T\u00fcrkiye<\/p>\n<p><a href=\"mailto:info@GlobalAllianceRegister.com\">info@GlobalAllianceRegister.com<\/a><\/p>\n<p><a href=\"https:\/\/globalallianceregister.com\/\">www.GlobalAllianceRegister.com<\/a><\/p>\n<div><\/div>","protected":false},"excerpt":{"rendered":"<p>Global Alliance Register (GAR) faliyet g\u00f6sterdi\u011fi konularda lider bir organizasyon olarak \u0130stanbul T\u00fcrkiye merkez ofisi \u00fczerinden uluslararas\u0131 ofis a\u011f\u0131 ve t\u00fcm d\u00fcnyada kurmu\u015f oldu\u011fu stratejik i\u015f ortaklar\u0131 ile m\u00fc\u015fterilerine t\u00fcm&#8230; <\/p>\n","protected":false},"author":10,"featured_media":5168,"parent":0,"menu_order":5,"comment_status":"closed","ping_status":"closed","template":"page-full.php","meta":{"_acf_changed":false,"om_disable_all_campaigns":false,"footnotes":""},"class_list":["post-1213","page","type-page","status-publish","has-post-thumbnail","hentry"],"acf":[],"yoast_head":"<!-- This site is optimized with the Yoast SEO plugin v27.4 - https:\/\/yoast.com\/product\/yoast-seo-wordpress\/ -->\n<title>Bize Ula\u015f\u0131n - Global Alliance Register<\/title>\n<meta name=\"robots\" content=\"index, follow, max-snippet:-1, max-image-preview:large, max-video-preview:-1\" \/>\n<link rel=\"canonical\" href=\"https:\/\/globalallianceregister.com\/tr\/contact-us\/\" \/>\n<meta property=\"og:locale\" content=\"tr_TR\" \/>\n<meta property=\"og:type\" content=\"article\" \/>\n<meta property=\"og:title\" content=\"Bize Ula\u015f\u0131n - Global Alliance Register\" \/>\n<meta property=\"og:description\" content=\"Global Alliance Register (GAR) faliyet g\u00f6sterdi\u011fi konularda lider bir organizasyon olarak \u0130stanbul T\u00fcrkiye merkez ofisi \u00fczerinden uluslararas\u0131 ofis a\u011f\u0131 ve t\u00fcm d\u00fcnyada kurmu\u015f oldu\u011fu stratejik i\u015f ortaklar\u0131 ile m\u00fc\u015fterilerine t\u00fcm...\" \/>\n<meta property=\"og:url\" content=\"https:\/\/globalallianceregister.com\/tr\/contact-us\/\" \/>\n<meta property=\"og:site_name\" content=\"Global Alliance Register\" \/>\n<meta property=\"article:modified_time\" content=\"2023-06-26T01:54:25+00:00\" \/>\n<meta property=\"og:image\" content=\"https:\/\/globalallianceregister.com\/wp-content\/uploads\/2011\/03\/Headoffice-Inner-Page1.jpg\" \/>\n\t<meta property=\"og:image:width\" content=\"614\" \/>\n\t<meta property=\"og:image:height\" content=\"200\" \/>\n\t<meta property=\"og:image:type\" content=\"image\/jpeg\" \/>\n<meta name=\"twitter:label1\" content=\"Tahmini okuma s\u00fcresi\" \/>\n\t<meta name=\"twitter:data1\" content=\"1 dakika\" \/>\n<script type=\"application\/ld+json\" class=\"yoast-schema-graph\">{\"@context\":\"https:\\\/\\\/schema.org\",\"@graph\":[{\"@type\":\"WebPage\",\"@id\":\"https:\\\/\\\/globalallianceregister.com\\\/tr\\\/contact-us\\\/\",\"url\":\"https:\\\/\\\/globalallianceregister.com\\\/tr\\\/contact-us\\\/\",\"name\":\"Bize Ula\u015f\u0131n - Global Alliance Register\",\"isPartOf\":{\"@id\":\"https:\\\/\\\/globalallianceregister.com\\\/tr\\\/#website\"},\"primaryImageOfPage\":{\"@id\":\"https:\\\/\\\/globalallianceregister.com\\\/tr\\\/contact-us\\\/#primaryimage\"},\"image\":{\"@id\":\"https:\\\/\\\/globalallianceregister.com\\\/tr\\\/contact-us\\\/#primaryimage\"},\"thumbnailUrl\":\"https:\\\/\\\/globalallianceregister.com\\\/wp-content\\\/uploads\\\/2011\\\/03\\\/Headoffice-Inner-Page1.jpg\",\"datePublished\":\"2011-03-08T20:13:26+00:00\",\"dateModified\":\"2023-06-26T01:54:25+00:00\",\"breadcrumb\":{\"@id\":\"https:\\\/\\\/globalallianceregister.com\\\/tr\\\/contact-us\\\/#breadcrumb\"},\"inLanguage\":\"tr\",\"potentialAction\":[{\"@type\":\"ReadAction\",\"target\":[[\"https:\\\/\\\/globalallianceregister.com\\\/tr\\\/contact-us\\\/\"]]}]},{\"@type\":\"ImageObject\",\"inLanguage\":\"tr\",\"@id\":\"https:\\\/\\\/globalallianceregister.com\\\/tr\\\/contact-us\\\/#primaryimage\",\"url\":\"https:\\\/\\\/globalallianceregister.com\\\/wp-content\\\/uploads\\\/2011\\\/03\\\/Headoffice-Inner-Page1.jpg\",\"contentUrl\":\"https:\\\/\\\/globalallianceregister.com\\\/wp-content\\\/uploads\\\/2011\\\/03\\\/Headoffice-Inner-Page1.jpg\",\"width\":614,\"height\":200},{\"@type\":\"BreadcrumbList\",\"@id\":\"https:\\\/\\\/globalallianceregister.com\\\/tr\\\/contact-us\\\/#breadcrumb\",\"itemListElement\":[{\"@type\":\"ListItem\",\"position\":1,\"name\":\"Anasayfa\",\"item\":\"https:\\\/\\\/globalallianceregister.com\\\/tr\\\/\"},{\"@type\":\"ListItem\",\"position\":2,\"name\":\"Bize Ula\u015f\u0131n\"}]},{\"@type\":\"WebSite\",\"@id\":\"https:\\\/\\\/globalallianceregister.com\\\/tr\\\/#website\",\"url\":\"https:\\\/\\\/globalallianceregister.com\\\/tr\\\/\",\"name\":\"Global Alliance Register\",\"description\":\"(EN) Together for Excellence\",\"potentialAction\":[{\"@type\":\"SearchAction\",\"target\":{\"@type\":\"EntryPoint\",\"urlTemplate\":\"https:\\\/\\\/globalallianceregister.com\\\/tr\\\/?s={search_term_string}\"},\"query-input\":{\"@type\":\"PropertyValueSpecification\",\"valueRequired\":true,\"valueName\":\"search_term_string\"}}],\"inLanguage\":\"tr\"}]}<\/script>\n<!-- \/ Yoast SEO plugin. -->","yoast_head_json":{"title":"Bize Ula\u015f\u0131n - Global Alliance Register","robots":{"index":"index","follow":"follow","max-snippet":"max-snippet:-1","max-image-preview":"max-image-preview:large","max-video-preview":"max-video-preview:-1"},"canonical":"https:\/\/globalallianceregister.com\/tr\/contact-us\/","og_locale":"tr_TR","og_type":"article","og_title":"Bize Ula\u015f\u0131n - Global Alliance Register","og_description":"Global Alliance Register (GAR) faliyet g\u00f6sterdi\u011fi konularda lider bir organizasyon olarak \u0130stanbul T\u00fcrkiye merkez ofisi \u00fczerinden uluslararas\u0131 ofis a\u011f\u0131 ve t\u00fcm d\u00fcnyada kurmu\u015f oldu\u011fu stratejik i\u015f ortaklar\u0131 ile m\u00fc\u015fterilerine t\u00fcm...","og_url":"https:\/\/globalallianceregister.com\/tr\/contact-us\/","og_site_name":"Global Alliance Register","article_modified_time":"2023-06-26T01:54:25+00:00","og_image":[{"width":614,"height":200,"url":"https:\/\/globalallianceregister.com\/wp-content\/uploads\/2011\/03\/Headoffice-Inner-Page1.jpg","type":"image\/jpeg"}],"twitter_misc":{"Tahmini okuma s\u00fcresi":"1 dakika"},"schema":{"@context":"https:\/\/schema.org","@graph":[{"@type":"WebPage","@id":"https:\/\/globalallianceregister.com\/tr\/contact-us\/","url":"https:\/\/globalallianceregister.com\/tr\/contact-us\/","name":"Bize Ula\u015f\u0131n - Global Alliance Register","isPartOf":{"@id":"https:\/\/globalallianceregister.com\/tr\/#website"},"primaryImageOfPage":{"@id":"https:\/\/globalallianceregister.com\/tr\/contact-us\/#primaryimage"},"image":{"@id":"https:\/\/globalallianceregister.com\/tr\/contact-us\/#primaryimage"},"thumbnailUrl":"https:\/\/globalallianceregister.com\/wp-content\/uploads\/2011\/03\/Headoffice-Inner-Page1.jpg","datePublished":"2011-03-08T20:13:26+00:00","dateModified":"2023-06-26T01:54:25+00:00","breadcrumb":{"@id":"https:\/\/globalallianceregister.com\/tr\/contact-us\/#breadcrumb"},"inLanguage":"tr","potentialAction":[{"@type":"ReadAction","target":[["https:\/\/globalallianceregister.com\/tr\/contact-us\/"]]}]},{"@type":"ImageObject","inLanguage":"tr","@id":"https:\/\/globalallianceregister.com\/tr\/contact-us\/#primaryimage","url":"https:\/\/globalallianceregister.com\/wp-content\/uploads\/2011\/03\/Headoffice-Inner-Page1.jpg","contentUrl":"https:\/\/globalallianceregister.com\/wp-content\/uploads\/2011\/03\/Headoffice-Inner-Page1.jpg","width":614,"height":200},{"@type":"BreadcrumbList","@id":"https:\/\/globalallianceregister.com\/tr\/contact-us\/#breadcrumb","itemListElement":[{"@type":"ListItem","position":1,"name":"Anasayfa","item":"https:\/\/globalallianceregister.com\/tr\/"},{"@type":"ListItem","position":2,"name":"Bize Ula\u015f\u0131n"}]},{"@type":"WebSite","@id":"https:\/\/globalallianceregister.com\/tr\/#website","url":"https:\/\/globalallianceregister.com\/tr\/","name":"Global Alliance Register","description":"(EN) Together for Excellence","potentialAction":[{"@type":"SearchAction","target":{"@type":"EntryPoint","urlTemplate":"https:\/\/globalallianceregister.com\/tr\/?s={search_term_string}"},"query-input":{"@type":"PropertyValueSpecification","valueRequired":true,"valueName":"search_term_string"}}],"inLanguage":"tr"}]}},"_links":{"self":[{"href":"https:\/\/globalallianceregister.com\/tr\/wp-json\/wp\/v2\/pages\/1213","targetHints":{"allow":["GET"]}}],"collection":[{"href":"https:\/\/globalallianceregister.com\/tr\/wp-json\/wp\/v2\/pages"}],"about":[{"href":"https:\/\/globalallianceregister.com\/tr\/wp-json\/wp\/v2\/types\/page"}],"author":[{"embeddable":true,"href":"https:\/\/globalallianceregister.com\/tr\/wp-json\/wp\/v2\/users\/10"}],"replies":[{"embeddable":true,"href":"https:\/\/globalallianceregister.com\/tr\/wp-json\/wp\/v2\/comments?post=1213"}],"version-history":[{"count":0,"href":"https:\/\/globalallianceregister.com\/tr\/wp-json\/wp\/v2\/pages\/1213\/revisions"}],"wp:featuredmedia":[{"embeddable":true,"href":"https:\/\/globalallianceregister.com\/tr\/wp-json\/wp\/v2\/media\/5168"}],"wp:attachment":[{"href":"https:\/\/globalallianceregister.com\/tr\/wp-json\/wp\/v2\/media?parent=1213"}],"curies":[{"name":"wp","href":"https:\/\/api.w.org\/{rel}","templated":true}]}}