{"id":13,"date":"2010-12-25T13:25:19","date_gmt":"2010-12-25T13:25:19","guid":{"rendered":"https:\/\/globalallianceregister.com\/?page_id=13"},"modified":"2016-02-11T10:07:09","modified_gmt":"2016-02-11T10:07:09","slug":"oil-gas","status":"publish","type":"page","link":"https:\/\/globalallianceregister.com\/tr\/sectors\/oil-gas\/","title":{"rendered":"Petrol &#038; Gaz"},"content":{"rendered":"<p><strong>Global Alliance Register (GAR)<\/strong> <strong>Petrol &amp; Gaz Sekt\u00f6r\u00fc\u2019<\/strong>ndeki oyuncular\u0131n; <strong>Arama\/ \u00dcretim, Transfer\/ Depolama, Rafineri Segmenleri\u2019nde (Upstream-Midstream-Downstream)<\/strong> t\u00fcm tedarik zincirini kapsayacak \u015fekilde sunmakta oldu\u011fu entegre yakla\u015f\u0131m ile tam bir m\u00fckemmellik merkezidir&#8230;<\/p>\n<p>Hizmet portf\u00f6y\u00fc olduk\u00e7a geni\u015f bir kapsama sahip olup ana ba\u015fl\u0131klar alt\u0131nda; <strong><a href=\"https:\/\/globalallianceregister.com\/en\/services\/consultancy\/ce-marking-technical-consultancy\/\" target=\"_blank\">Teknik Dan\u0131\u015fmanl\u0131k<\/a>, <a href=\"https:\/\/globalallianceregister.com\/en\/services\/project-management\/design-engineering-review-verification\/\" target=\"_blank\">Tasar\u0131m &amp; M\u00fchendislik G\u00f6zden Ge\u00e7irme &amp; Do\u011frulama<\/a>, <a href=\"https:\/\/globalallianceregister.com\/en\/services\/project-management\/worldwide-shop-inspection-expediting-vendor-premises\/\" target=\"_blank\">Uluslararas\u0131 Ba\u011f\u0131ms\u0131z (3. Taraf) G\u00f6zetim &amp; \u0130malat Kontrol\u00fc<\/a>, <a href=\"https:\/\/globalallianceregister.com\/en\/services\/inspection-and-expediting-services\/preshipment-inspection\/\" target=\"_blank\">Y\u00fckleme G\u00f6zetimi<\/a>, <a href=\"https:\/\/globalallianceregister.com\/en\/services\/certification\/\" target=\"_blank\">Belgelendirme &amp;\u00a0 Denetim<\/a>, Entegre Varl\u0131k Y\u00f6netimi, <a href=\"https:\/\/globalallianceregister.com\/en\/services\/outsourcing\/\" target=\"_blank\">D\u0131\u015f Kaynak Tedariki<\/a>, <a href=\"https:\/\/globalallianceregister.com\/en\/services\/assistance\/technical-representation\/\" target=\"_blank\">Teknik M\u00fcmessillik (Temsilcilik)<\/a>,<a href=\"https:\/\/globalallianceregister.com\/en\/services\/training\/\" target=\"_blank\">E\u011fitim<\/a>, <\/strong>ve ayr\u0131ca daha spesifik alanlarda m\u00fc\u015fteri taraf\u0131ndan proje i\u00e7inde ya\u015fanan vaka bazl\u0131\u00a0y\u00f6nelik sunulan hizmetlerden olu\u015fmaktad\u0131r.<\/p>\n<p>Global Alliance Register esnek uluslararas\u0131 ofis a\u011f\u0131 ve yerel uzman kadrolar\u0131 ile; Petrol &amp; Gaz Sekt\u00f6r\u00fc \u2019n\u00fcn \u00f6nemli oyuncular\u0131n\u0131n karada ve denizde y\u00fcr\u00fctmekte oldu\u011fu t\u00fcm faaliyetlerinde g\u00fcvenilir stratejik i\u015f orta\u011f\u0131 haline gelmi\u015ftir.<\/p>\n<p>Global Alliance Register Uluslararas\u0131 &amp; Yerel Petrol &amp; Gaz Kurulu\u015flar\u0131, Ana Y\u00fcklenici Firmalara (EPC Contractors), ve donan\u0131m\/ malzeme sa\u011flay\u0131c\u0131lar\u0131 gibi sekt\u00f6r\u00fcn t\u00fcm tedarik zincirini kapsayacak \u015fekilde katma-de\u011fer sa\u011flayan hizmetler sunmaktad\u0131r.<\/p>\n<p>Uzmanl\u0131k alan\u0131m\u0131z m\u00fc\u015fterilerimizin t\u00fcm operasyonlar\u0131n\u0131n uygulanan kod ve standartlara uygunlu\u011funu sa\u011flayarak Kalite-\u0130\u015f G\u00fcvenli\u011fi &amp; Sa\u011fl\u0131\u011f\u0131-\u00c7evre-Kurumsal Sosyal Sorumluluk alanlar\u0131nda performanslar\u0131n\u0131 geli\u015ftirmelerine kritik derecede katk\u0131 sa\u011flamaktad\u0131r.<\/p>\n<h1>\u00c7\u00f6z\u00fcmler<\/h1>\n<table>\n<tbody>\n<tr>\n<td style=\"width: 350px; border-color: #ffffff; text-align: left; vertical-align: middle; background-color: #f7f7f7;\" width=\"250\">\n<ul>\n<li><a href=\"https:\/\/globalallianceregister.com\/tr\/hizmetler\/asistans-hizmetleri\/\" target=\"_blank\">AS\u0130STANS<\/a><\/li>\n<\/ul>\n<\/td>\n<td style=\"width: 350px; border-color: #ffffff; text-align: left; vertical-align: middle; background-color: #f7f7f7;\" width=\"250\">\n<ul style=\"list-style-type: square;\">\n<li><a href=\"https:\/\/globalallianceregister.com\/tr\/hizmetler\/gozetim-ve-termin-kontrolu-hizmetleri\/\" target=\"_blank\">G\u00d6ZET\u0130M<\/a><\/li>\n<\/ul>\n<\/td>\n<td style=\"width: 350px; border-color: #ffffff; text-align: left; vertical-align: middle; background-color: #f7f7f7;\" width=\"251\">\n<ul style=\"list-style-type: square;\">\n<li><a href=\"https:\/\/globalallianceregister.com\/tr\/hizmetler\/danismanlik\/\" target=\"_blank\">DANI\u015eMANLIK<\/a><\/li>\n<\/ul>\n<\/td>\n<\/tr>\n<tr>\n<td style=\"width: 350px; border-color: #ffffff; text-align: left; vertical-align: middle; background-color: #f7f7f7;\" width=\"250\">\n<ul style=\"list-style-type: square;\">\n<li><a href=\"https:\/\/globalallianceregister.com\/tr\/hizmetler\/certification\/\" target=\"_blank\">BELGELEND\u0130RME<\/a><\/li>\n<\/ul>\n<\/td>\n<td style=\"width: 350px; border-color: #ffffff; text-align: left; vertical-align: middle; background-color: #f7f7f7;\" width=\"250\">\n<ul style=\"list-style-type: square;\">\n<li><a href=\"https:\/\/globalallianceregister.com\/tr\/hizmetler\/egitim\/\" target=\"_blank\">E\u011e\u0130T\u0130M<\/a><\/li>\n<\/ul>\n<\/td>\n<td style=\"width: 350px; border-color: #ffffff; text-align: left; vertical-align: middle; background-color: #f7f7f7;\" width=\"251\">\n<ul style=\"list-style-type: square;\">\n<li><a href=\"https:\/\/globalallianceregister.com\/hizmetler\/insaat-proje-yonetimi-musavirlik-hizmetleri\/\" target=\"_blank\">\u0130N\u015eAAT PROJE Y\u00d6NET\u0130M\u0130<\/a><\/li>\n<\/ul>\n<\/td>\n<\/tr>\n<tr>\n<td style=\"width: 350px; border-color: #ffffff; text-align: left; vertical-align: middle; background-color: #f7f7f7;\" width=\"250\">\n<ul style=\"list-style-type: square;\">\n<li><a href=\"https:\/\/globalallianceregister.com\/tr\/hizmetler\/dis-kaynak-tedariki\/\" target=\"_blank\">DI\u015e KAYNAK TEDAR\u0130K\u0130<\/a><\/li>\n<\/ul>\n<\/td>\n<td style=\"width: 350px; border-color: #ffffff; text-align: left; vertical-align: middle; background-color: #f7f7f7;\" width=\"250\">\n<ul style=\"list-style-type: square;\">\n<li><a href=\"https:\/\/globalallianceregister.com\/hizmetler\/karbon-ve-enerji-yonetimi\/\" target=\"_blank\">KARBON VE ENERJ\u0130 Y\u00d6NET\u0130M\u0130<\/a><\/li>\n<\/ul>\n<\/td>\n<td style=\"width: 350px; border-color: #ffffff; text-align: left; vertical-align: middle; background-color: #f7f7f7;\" width=\"251\">\n<ul style=\"list-style-type: square;\">\n<li><a href=\"https:\/\/globalallianceregister.com\/tr\/hizmetler\/kurumsal-sosyal-sorumluluk\/\" target=\"_blank\">KURUMSAL SOSYAL SORULMLULUK<\/a><\/li>\n<\/ul>\n<\/td>\n<\/tr>\n<\/tbody>\n<\/table>","protected":false},"excerpt":{"rendered":"<p>Global Alliance Register (GAR) Petrol &amp; Gaz Sekt\u00f6r\u00fc\u2019ndeki oyuncular\u0131n; Arama\/ \u00dcretim, Transfer\/ Depolama, Rafineri Segmenleri\u2019nde (Upstream-Midstream-Downstream) t\u00fcm tedarik zincirini kapsayacak \u015fekilde sunmakta oldu\u011fu entegre yakla\u015f\u0131m ile tam bir m\u00fckemmellik merkezidir&#8230;&#8230; <\/p>\n","protected":false},"author":10,"featured_media":5126,"parent":4,"menu_order":3,"comment_status":"closed","ping_status":"closed","template":"page-full.php","meta":{"_acf_changed":false,"om_disable_all_campaigns":false,"footnotes":""},"class_list":["post-13","page","type-page","status-publish","has-post-thumbnail","hentry"],"acf":[],"yoast_head":"<!-- This site is optimized with the Yoast SEO plugin v27.4 - https:\/\/yoast.com\/product\/yoast-seo-wordpress\/ -->\n<title>Petrol &amp; Gaz - Global Alliance Register<\/title>\n<meta name=\"robots\" content=\"index, follow, max-snippet:-1, max-image-preview:large, max-video-preview:-1\" \/>\n<link rel=\"canonical\" href=\"https:\/\/globalallianceregister.com\/tr\/sectors\/oil-gas\/\" \/>\n<meta property=\"og:locale\" content=\"tr_TR\" \/>\n<meta property=\"og:type\" content=\"article\" \/>\n<meta property=\"og:title\" content=\"Petrol &amp; Gaz - Global Alliance Register\" \/>\n<meta property=\"og:description\" content=\"Global Alliance Register (GAR) Petrol &amp; Gaz Sekt\u00f6r\u00fc\u2019ndeki oyuncular\u0131n; Arama\/ \u00dcretim, Transfer\/ Depolama, Rafineri Segmenleri\u2019nde (Upstream-Midstream-Downstream) t\u00fcm tedarik zincirini kapsayacak \u015fekilde sunmakta oldu\u011fu entegre yakla\u015f\u0131m ile tam bir m\u00fckemmellik merkezidir&#8230;...\" \/>\n<meta property=\"og:url\" content=\"https:\/\/globalallianceregister.com\/tr\/sectors\/oil-gas\/\" \/>\n<meta property=\"og:site_name\" content=\"Global Alliance Register\" \/>\n<meta property=\"article:modified_time\" content=\"2016-02-11T10:07:09+00:00\" \/>\n<meta property=\"og:image\" content=\"https:\/\/globalallianceregister.com\/wp-content\/uploads\/2010\/12\/Oil-Gas-Inner-Page.jpg\" \/>\n\t<meta property=\"og:image:width\" content=\"614\" \/>\n\t<meta property=\"og:image:height\" content=\"200\" \/>\n\t<meta property=\"og:image:type\" content=\"image\/jpeg\" \/>\n<meta name=\"twitter:label1\" content=\"Tahmini okuma s\u00fcresi\" \/>\n\t<meta name=\"twitter:data1\" content=\"2 dakika\" \/>\n<script type=\"application\/ld+json\" class=\"yoast-schema-graph\">{\"@context\":\"https:\\\/\\\/schema.org\",\"@graph\":[{\"@type\":\"WebPage\",\"@id\":\"https:\\\/\\\/globalallianceregister.com\\\/tr\\\/sectors\\\/oil-gas\\\/\",\"url\":\"https:\\\/\\\/globalallianceregister.com\\\/tr\\\/sectors\\\/oil-gas\\\/\",\"name\":\"Petrol & Gaz - Global Alliance Register\",\"isPartOf\":{\"@id\":\"https:\\\/\\\/globalallianceregister.com\\\/tr\\\/#website\"},\"primaryImageOfPage\":{\"@id\":\"https:\\\/\\\/globalallianceregister.com\\\/tr\\\/sectors\\\/oil-gas\\\/#primaryimage\"},\"image\":{\"@id\":\"https:\\\/\\\/globalallianceregister.com\\\/sectors\\\/oil-gas\\\/#primaryimage\"},\"thumbnailUrl\":\"https:\\\/\\\/globalallianceregister.com\\\/wp-content\\\/uploads\\\/2010\\\/12\\\/Oil-Gas-Inner-Page.jpg\",\"datePublished\":\"2010-12-25T13:25:19+00:00\",\"dateModified\":\"2016-02-11T10:07:09+00:00\",\"breadcrumb\":{\"@id\":\"https:\\\/\\\/globalallianceregister.com\\\/tr\\\/sectors\\\/oil-gas\\\/#breadcrumb\"},\"inLanguage\":\"tr\",\"potentialAction\":[{\"@type\":\"ReadAction\",\"target\":[[\"https:\\\/\\\/globalallianceregister.com\\\/tr\\\/sectors\\\/oil-gas\\\/\"]]}]},{\"@type\":\"ImageObject\",\"inLanguage\":\"tr\",\"@id\":\"https:\\\/\\\/globalallianceregister.com\\\/tr\\\/sectors\\\/oil-gas\\\/#primaryimage\",\"url\":\"https:\\\/\\\/globalallianceregister.com\\\/wp-content\\\/uploads\\\/2010\\\/12\\\/Oil-Gas-Inner-Page.jpg\",\"contentUrl\":\"https:\\\/\\\/globalallianceregister.com\\\/wp-content\\\/uploads\\\/2010\\\/12\\\/Oil-Gas-Inner-Page.jpg\",\"width\":614,\"height\":200},{\"@type\":\"BreadcrumbList\",\"@id\":\"https:\\\/\\\/globalallianceregister.com\\\/tr\\\/sectors\\\/oil-gas\\\/#breadcrumb\",\"itemListElement\":[{\"@type\":\"ListItem\",\"position\":1,\"name\":\"Anasayfa\",\"item\":\"https:\\\/\\\/globalallianceregister.com\\\/tr\\\/\"},{\"@type\":\"ListItem\",\"position\":2,\"name\":\"Sekt\u00f6rler\",\"item\":\"https:\\\/\\\/globalallianceregister.com\\\/tr\\\/sectors\\\/\"},{\"@type\":\"ListItem\",\"position\":3,\"name\":\"Petrol &#038; Gaz\"}]},{\"@type\":\"WebSite\",\"@id\":\"https:\\\/\\\/globalallianceregister.com\\\/tr\\\/#website\",\"url\":\"https:\\\/\\\/globalallianceregister.com\\\/tr\\\/\",\"name\":\"Global Alliance Register\",\"description\":\"(EN) Together for Excellence\",\"potentialAction\":[{\"@type\":\"SearchAction\",\"target\":{\"@type\":\"EntryPoint\",\"urlTemplate\":\"https:\\\/\\\/globalallianceregister.com\\\/tr\\\/?s={search_term_string}\"},\"query-input\":{\"@type\":\"PropertyValueSpecification\",\"valueRequired\":true,\"valueName\":\"search_term_string\"}}],\"inLanguage\":\"tr\"}]}<\/script>\n<!-- \/ Yoast SEO plugin. -->","yoast_head_json":{"title":"Petrol & Gaz - Global Alliance Register","robots":{"index":"index","follow":"follow","max-snippet":"max-snippet:-1","max-image-preview":"max-image-preview:large","max-video-preview":"max-video-preview:-1"},"canonical":"https:\/\/globalallianceregister.com\/tr\/sectors\/oil-gas\/","og_locale":"tr_TR","og_type":"article","og_title":"Petrol & Gaz - Global Alliance Register","og_description":"Global Alliance Register (GAR) Petrol &amp; Gaz Sekt\u00f6r\u00fc\u2019ndeki oyuncular\u0131n; Arama\/ \u00dcretim, Transfer\/ Depolama, Rafineri Segmenleri\u2019nde (Upstream-Midstream-Downstream) t\u00fcm tedarik zincirini kapsayacak \u015fekilde sunmakta oldu\u011fu entegre yakla\u015f\u0131m ile tam bir m\u00fckemmellik merkezidir&#8230;...","og_url":"https:\/\/globalallianceregister.com\/tr\/sectors\/oil-gas\/","og_site_name":"Global Alliance Register","article_modified_time":"2016-02-11T10:07:09+00:00","og_image":[{"width":614,"height":200,"url":"https:\/\/globalallianceregister.com\/wp-content\/uploads\/2010\/12\/Oil-Gas-Inner-Page.jpg","type":"image\/jpeg"}],"twitter_misc":{"Tahmini okuma s\u00fcresi":"2 dakika"},"schema":{"@context":"https:\/\/schema.org","@graph":[{"@type":"WebPage","@id":"https:\/\/globalallianceregister.com\/tr\/sectors\/oil-gas\/","url":"https:\/\/globalallianceregister.com\/tr\/sectors\/oil-gas\/","name":"Petrol & Gaz - Global Alliance Register","isPartOf":{"@id":"https:\/\/globalallianceregister.com\/tr\/#website"},"primaryImageOfPage":{"@id":"https:\/\/globalallianceregister.com\/tr\/sectors\/oil-gas\/#primaryimage"},"image":{"@id":"https:\/\/globalallianceregister.com\/sectors\/oil-gas\/#primaryimage"},"thumbnailUrl":"https:\/\/globalallianceregister.com\/wp-content\/uploads\/2010\/12\/Oil-Gas-Inner-Page.jpg","datePublished":"2010-12-25T13:25:19+00:00","dateModified":"2016-02-11T10:07:09+00:00","breadcrumb":{"@id":"https:\/\/globalallianceregister.com\/tr\/sectors\/oil-gas\/#breadcrumb"},"inLanguage":"tr","potentialAction":[{"@type":"ReadAction","target":[["https:\/\/globalallianceregister.com\/tr\/sectors\/oil-gas\/"]]}]},{"@type":"ImageObject","inLanguage":"tr","@id":"https:\/\/globalallianceregister.com\/tr\/sectors\/oil-gas\/#primaryimage","url":"https:\/\/globalallianceregister.com\/wp-content\/uploads\/2010\/12\/Oil-Gas-Inner-Page.jpg","contentUrl":"https:\/\/globalallianceregister.com\/wp-content\/uploads\/2010\/12\/Oil-Gas-Inner-Page.jpg","width":614,"height":200},{"@type":"BreadcrumbList","@id":"https:\/\/globalallianceregister.com\/tr\/sectors\/oil-gas\/#breadcrumb","itemListElement":[{"@type":"ListItem","position":1,"name":"Anasayfa","item":"https:\/\/globalallianceregister.com\/tr\/"},{"@type":"ListItem","position":2,"name":"Sekt\u00f6rler","item":"https:\/\/globalallianceregister.com\/tr\/sectors\/"},{"@type":"ListItem","position":3,"name":"Petrol &#038; Gaz"}]},{"@type":"WebSite","@id":"https:\/\/globalallianceregister.com\/tr\/#website","url":"https:\/\/globalallianceregister.com\/tr\/","name":"Global Alliance Register","description":"(EN) Together for Excellence","potentialAction":[{"@type":"SearchAction","target":{"@type":"EntryPoint","urlTemplate":"https:\/\/globalallianceregister.com\/tr\/?s={search_term_string}"},"query-input":{"@type":"PropertyValueSpecification","valueRequired":true,"valueName":"search_term_string"}}],"inLanguage":"tr"}]}},"_links":{"self":[{"href":"https:\/\/globalallianceregister.com\/tr\/wp-json\/wp\/v2\/pages\/13","targetHints":{"allow":["GET"]}}],"collection":[{"href":"https:\/\/globalallianceregister.com\/tr\/wp-json\/wp\/v2\/pages"}],"about":[{"href":"https:\/\/globalallianceregister.com\/tr\/wp-json\/wp\/v2\/types\/page"}],"author":[{"embeddable":true,"href":"https:\/\/globalallianceregister.com\/tr\/wp-json\/wp\/v2\/users\/10"}],"replies":[{"embeddable":true,"href":"https:\/\/globalallianceregister.com\/tr\/wp-json\/wp\/v2\/comments?post=13"}],"version-history":[{"count":0,"href":"https:\/\/globalallianceregister.com\/tr\/wp-json\/wp\/v2\/pages\/13\/revisions"}],"up":[{"embeddable":true,"href":"https:\/\/globalallianceregister.com\/tr\/wp-json\/wp\/v2\/pages\/4"}],"wp:featuredmedia":[{"embeddable":true,"href":"https:\/\/globalallianceregister.com\/tr\/wp-json\/wp\/v2\/media\/5126"}],"wp:attachment":[{"href":"https:\/\/globalallianceregister.com\/tr\/wp-json\/wp\/v2\/media?parent=13"}],"curies":[{"name":"wp","href":"https:\/\/api.w.org\/{rel}","templated":true}]}}