{"id":141,"date":"2010-12-27T18:10:42","date_gmt":"2010-12-27T18:10:42","guid":{"rendered":"https:\/\/globalallianceregister.com\/?page_id=141"},"modified":"2016-02-05T14:46:01","modified_gmt":"2016-02-05T14:46:01","slug":"partners","status":"publish","type":"page","link":"https:\/\/globalallianceregister.com\/tr\/partners\/","title":{"rendered":"\u0130\u015f Ortakl\u0131\u011f\u0131"},"content":{"rendered":"<p>Global Alliance Register &#8211; GAR is a leading service provider in the field QHSE-CSR (Quality-Health \u2013 Safety &#8211; Environment \u2013 Corporate Social Responsibility) aiming to improve the performance of people and assets with added value services. GAR delivers high-end solutions to all markets within the scope of Technical Assistance, Conformity Assessment, Consultancy, Certification, Training, Project Management, Outsourcing, Energy &amp; Carbon Management, and Corporate Social Responsibility Services.<\/p>\n<p>GAR has strengthened its in-house expertise with worldwide strategic alliances through the business partners those are well recognized organizations within their operating territories and the field of activities. If you are interested in a partnership with Global Alliance Register in activities you believe could beneficial, please use the form provided herein this page to establish the first contact with us.<\/p>\n<p>Only the boxes marked with an asterisk are essential, but you can help us to help you quickly by providing as much relevant information as possible.<\/p>\n<div id=\"content_applied_s\">\n<h1>Applied Sectors<\/h1>\n<table>\n<tbody>\n<tr>\n<td style=\"width: 350px; border-color: #ffffff; height: 30px; text-align: left; vertical-align: middle; background-color: #f7f7f7;\" width=\"250\">\n<ul>\n<li><a href=\"https:\/\/globalallianceregister.com\/?page_id=9\" target=\"_blank\">MARINE<\/a><\/li>\n<\/ul>\n<\/td>\n<td style=\"width: 350px; border-color: #ffffff; height: 30px; text-align: left; vertical-align: middle; background-color: #f7f7f7;\" width=\"250\">\n<ul>\n<li><a href=\"https:\/\/globalallianceregister.com\/?page_id=11\" target=\"_blank\">CONSTRUCTION<\/a><\/li>\n<\/ul>\n<\/td>\n<td style=\"width: 350px; border-color: #ffffff; height: 30px; text-align: left; vertical-align: middle; background-color: #f7f7f7;\" width=\"251\">\n<ul>\n<li><a href=\"https:\/\/globalallianceregister.com\/?page_id=13\" target=\"_blank\">OIL &amp; GAS<\/a><\/li>\n<\/ul>\n<\/td>\n<\/tr>\n<tr>\n<td style=\"width: 350px; border-color: #ffffff; height: 30px; text-align: left; vertical-align: middle; background-color: #f7f7f7;\" width=\"250\">\n<ul>\n<li><a href=\"https:\/\/globalallianceregister.com\/?page_id=15\" target=\"_blank\">POWER &amp; UTILITIES<\/a><\/li>\n<\/ul>\n<\/td>\n<td style=\"width: 350px; border-color: #ffffff; height: 30px; text-align: left; vertical-align: middle; background-color: #f7f7f7;\" width=\"250\">\n<ul>\n<li><a href=\"https:\/\/globalallianceregister.com\/?page_id=20\" target=\"_blank\">MANUFACTURING<\/a><\/li>\n<\/ul>\n<\/td>\n<td style=\"width: 350px; border-color: #ffffff; height: 30px; text-align: left; vertical-align: middle; background-color: #f7f7f7;\" width=\"251\">\n<ul>\n<li><a href=\"https:\/\/globalallianceregister.com\/?page_id=22\" target=\"_blank\">TRANSPORT &amp; LOGISTICS<\/a><\/li>\n<\/ul>\n<\/td>\n<\/tr>\n<tr>\n<td style=\"width: 350px; border-color: #ffffff; height: 30px; text-align: left; vertical-align: middle; background-color: #f7f7f7;\" width=\"250\">\n<ul>\n<li><a href=\"https:\/\/globalallianceregister.com\/?page_id=24\" target=\"_blank\">AEROSPACE<\/a><\/li>\n<\/ul>\n<\/td>\n<td style=\"width: 350px; border-color: #ffffff; height: 30px; text-align: left; vertical-align: middle; background-color: #f7f7f7;\" width=\"250\">\n<ul>\n<li><a href=\"https:\/\/globalallianceregister.com\/?page_id=27\" target=\"_blank\">AGRICULTURE &amp; FOOD<\/a><\/li>\n<\/ul>\n<\/td>\n<td style=\"width: 350px; border-color: #ffffff; height: 30px; text-align: left; vertical-align: middle; background-color: #f7f7f7;\" width=\"251\">\n<ul>\n<li><a href=\"https:\/\/globalallianceregister.com\/?page_id=29\" target=\"_blank\">HOSPITALITY &amp; TOURISM<\/a><\/li>\n<\/ul>\n<\/td>\n<\/tr>\n<tr>\n<td style=\"width: 350px; border-color: #ffffff; height: 30px; text-align: left; vertical-align: middle; background-color: #f7f7f7;\" width=\"250\">\n<ul>\n<li><a href=\"https:\/\/globalallianceregister.com\/?page_id=38\" target=\"_blank\">FINANCIAL INSTITUTES<\/a><\/li>\n<\/ul>\n<\/td>\n<td style=\"width: 350px; border-color: #ffffff; height: 30px; text-align: left; vertical-align: middle; background-color: #f7f7f7;\" width=\"250\">\n<ul>\n<li><a href=\"https:\/\/globalallianceregister.com\/?page_id=40\" target=\"_blank\">INSURANCE<\/a><\/li>\n<\/ul>\n<\/td>\n<td style=\"width: 350px; border-color: #ffffff; height: 30px; text-align: left; vertical-align: middle; background-color: #f7f7f7;\" width=\"251\">\n<ul>\n<li><a href=\"https:\/\/globalallianceregister.com\/?page_id=52\" target=\"_blank\">INFORMATION TECHNOLOGY<\/a><\/li>\n<\/ul>\n<\/td>\n<\/tr>\n<tr>\n<td style=\"width: 350px; border-color: #ffffff; height: 30px; text-align: left; vertical-align: middle; background-color: #f7f7f7;\" width=\"250\">\n<ul>\n<li><a href=\"https:\/\/globalallianceregister.com\/?page_id=54\" target=\"_blank\">TELECOMMUNICATION<\/a><\/li>\n<\/ul>\n<\/td>\n<td style=\"width: 350px; border-color: #ffffff; height: 30px; text-align: left; vertical-align: middle; background-color: #f7f7f7;\" width=\"250\">\n<ul>\n<li><a href=\"https:\/\/globalallianceregister.com\/?page_id=56\" target=\"_blank\">HEALTHCARE &amp; MEDICAL<\/a><\/li>\n<\/ul>\n<\/td>\n<td style=\"width: 350px; border-color: #ffffff; height: 30px; text-align: left; vertical-align: middle; background-color: #f7f7f7;\" width=\"251\">\u00a0<\/td>\n<\/tr>\n<\/tbody>\n<\/table>\n<\/div>","protected":false},"excerpt":{"rendered":"<p>Global Alliance Register &#8211; GAR is a leading service provider in the field QHSE-CSR (Quality-Health \u2013 Safety &#8211; Environment \u2013 Corporate Social Responsibility) aiming to improve the performance of people&#8230; <\/p>\n","protected":false},"author":10,"featured_media":0,"parent":0,"menu_order":6,"comment_status":"closed","ping_status":"closed","template":"page-full.php","meta":{"_acf_changed":false,"om_disable_all_campaigns":false,"footnotes":""},"class_list":["post-141","page","type-page","status-publish","hentry"],"acf":[],"yoast_head":"<!-- This site is optimized with the Yoast SEO plugin v27.4 - https:\/\/yoast.com\/product\/yoast-seo-wordpress\/ -->\n<title>\u0130\u015f Ortakl\u0131\u011f\u0131 - Global Alliance Register<\/title>\n<meta name=\"robots\" content=\"index, follow, max-snippet:-1, max-image-preview:large, max-video-preview:-1\" \/>\n<link rel=\"canonical\" href=\"https:\/\/globalallianceregister.com\/tr\/partners\/\" \/>\n<meta property=\"og:locale\" content=\"tr_TR\" \/>\n<meta property=\"og:type\" content=\"article\" \/>\n<meta property=\"og:title\" content=\"\u0130\u015f Ortakl\u0131\u011f\u0131 - Global Alliance Register\" \/>\n<meta property=\"og:description\" content=\"Global Alliance Register &#8211; GAR is a leading service provider in the field QHSE-CSR (Quality-Health \u2013 Safety &#8211; Environment \u2013 Corporate Social Responsibility) aiming to improve the performance of people...\" \/>\n<meta property=\"og:url\" content=\"https:\/\/globalallianceregister.com\/tr\/partners\/\" \/>\n<meta property=\"og:site_name\" content=\"Global Alliance Register\" \/>\n<meta property=\"article:modified_time\" content=\"2016-02-05T14:46:01+00:00\" \/>\n<meta name=\"twitter:label1\" content=\"Tahmini okuma s\u00fcresi\" \/>\n\t<meta name=\"twitter:data1\" content=\"2 dakika\" \/>\n<script type=\"application\/ld+json\" class=\"yoast-schema-graph\">{\"@context\":\"https:\\\/\\\/schema.org\",\"@graph\":[{\"@type\":\"WebPage\",\"@id\":\"https:\\\/\\\/globalallianceregister.com\\\/tr\\\/partners\\\/\",\"url\":\"https:\\\/\\\/globalallianceregister.com\\\/tr\\\/partners\\\/\",\"name\":\"\u0130\u015f Ortakl\u0131\u011f\u0131 - Global Alliance Register\",\"isPartOf\":{\"@id\":\"https:\\\/\\\/globalallianceregister.com\\\/tr\\\/#website\"},\"datePublished\":\"2010-12-27T18:10:42+00:00\",\"dateModified\":\"2016-02-05T14:46:01+00:00\",\"breadcrumb\":{\"@id\":\"https:\\\/\\\/globalallianceregister.com\\\/tr\\\/partners\\\/#breadcrumb\"},\"inLanguage\":\"tr\",\"potentialAction\":[{\"@type\":\"ReadAction\",\"target\":[[\"https:\\\/\\\/globalallianceregister.com\\\/tr\\\/partners\\\/\"]]}]},{\"@type\":\"BreadcrumbList\",\"@id\":\"https:\\\/\\\/globalallianceregister.com\\\/tr\\\/partners\\\/#breadcrumb\",\"itemListElement\":[{\"@type\":\"ListItem\",\"position\":1,\"name\":\"Anasayfa\",\"item\":\"https:\\\/\\\/globalallianceregister.com\\\/tr\\\/\"},{\"@type\":\"ListItem\",\"position\":2,\"name\":\"\u0130\u015f Ortakl\u0131\u011f\u0131\"}]},{\"@type\":\"WebSite\",\"@id\":\"https:\\\/\\\/globalallianceregister.com\\\/tr\\\/#website\",\"url\":\"https:\\\/\\\/globalallianceregister.com\\\/tr\\\/\",\"name\":\"Global Alliance Register\",\"description\":\"(EN) Together for Excellence\",\"potentialAction\":[{\"@type\":\"SearchAction\",\"target\":{\"@type\":\"EntryPoint\",\"urlTemplate\":\"https:\\\/\\\/globalallianceregister.com\\\/tr\\\/?s={search_term_string}\"},\"query-input\":{\"@type\":\"PropertyValueSpecification\",\"valueRequired\":true,\"valueName\":\"search_term_string\"}}],\"inLanguage\":\"tr\"}]}<\/script>\n<!-- \/ Yoast SEO plugin. -->","yoast_head_json":{"title":"\u0130\u015f Ortakl\u0131\u011f\u0131 - Global Alliance Register","robots":{"index":"index","follow":"follow","max-snippet":"max-snippet:-1","max-image-preview":"max-image-preview:large","max-video-preview":"max-video-preview:-1"},"canonical":"https:\/\/globalallianceregister.com\/tr\/partners\/","og_locale":"tr_TR","og_type":"article","og_title":"\u0130\u015f Ortakl\u0131\u011f\u0131 - Global Alliance Register","og_description":"Global Alliance Register &#8211; GAR is a leading service provider in the field QHSE-CSR (Quality-Health \u2013 Safety &#8211; Environment \u2013 Corporate Social Responsibility) aiming to improve the performance of people...","og_url":"https:\/\/globalallianceregister.com\/tr\/partners\/","og_site_name":"Global Alliance Register","article_modified_time":"2016-02-05T14:46:01+00:00","twitter_misc":{"Tahmini okuma s\u00fcresi":"2 dakika"},"schema":{"@context":"https:\/\/schema.org","@graph":[{"@type":"WebPage","@id":"https:\/\/globalallianceregister.com\/tr\/partners\/","url":"https:\/\/globalallianceregister.com\/tr\/partners\/","name":"\u0130\u015f Ortakl\u0131\u011f\u0131 - Global Alliance Register","isPartOf":{"@id":"https:\/\/globalallianceregister.com\/tr\/#website"},"datePublished":"2010-12-27T18:10:42+00:00","dateModified":"2016-02-05T14:46:01+00:00","breadcrumb":{"@id":"https:\/\/globalallianceregister.com\/tr\/partners\/#breadcrumb"},"inLanguage":"tr","potentialAction":[{"@type":"ReadAction","target":[["https:\/\/globalallianceregister.com\/tr\/partners\/"]]}]},{"@type":"BreadcrumbList","@id":"https:\/\/globalallianceregister.com\/tr\/partners\/#breadcrumb","itemListElement":[{"@type":"ListItem","position":1,"name":"Anasayfa","item":"https:\/\/globalallianceregister.com\/tr\/"},{"@type":"ListItem","position":2,"name":"\u0130\u015f Ortakl\u0131\u011f\u0131"}]},{"@type":"WebSite","@id":"https:\/\/globalallianceregister.com\/tr\/#website","url":"https:\/\/globalallianceregister.com\/tr\/","name":"Global Alliance Register","description":"(EN) Together for Excellence","potentialAction":[{"@type":"SearchAction","target":{"@type":"EntryPoint","urlTemplate":"https:\/\/globalallianceregister.com\/tr\/?s={search_term_string}"},"query-input":{"@type":"PropertyValueSpecification","valueRequired":true,"valueName":"search_term_string"}}],"inLanguage":"tr"}]}},"_links":{"self":[{"href":"https:\/\/globalallianceregister.com\/tr\/wp-json\/wp\/v2\/pages\/141","targetHints":{"allow":["GET"]}}],"collection":[{"href":"https:\/\/globalallianceregister.com\/tr\/wp-json\/wp\/v2\/pages"}],"about":[{"href":"https:\/\/globalallianceregister.com\/tr\/wp-json\/wp\/v2\/types\/page"}],"author":[{"embeddable":true,"href":"https:\/\/globalallianceregister.com\/tr\/wp-json\/wp\/v2\/users\/10"}],"replies":[{"embeddable":true,"href":"https:\/\/globalallianceregister.com\/tr\/wp-json\/wp\/v2\/comments?post=141"}],"version-history":[{"count":0,"href":"https:\/\/globalallianceregister.com\/tr\/wp-json\/wp\/v2\/pages\/141\/revisions"}],"wp:attachment":[{"href":"https:\/\/globalallianceregister.com\/tr\/wp-json\/wp\/v2\/media?parent=141"}],"curies":[{"name":"wp","href":"https:\/\/api.w.org\/{rel}","templated":true}]}}