{"id":15,"date":"2010-12-25T13:26:01","date_gmt":"2010-12-25T13:26:01","guid":{"rendered":"https:\/\/globalallianceregister.com\/?page_id=15"},"modified":"2016-02-11T10:08:09","modified_gmt":"2016-02-11T10:08:09","slug":"power-utilities","status":"publish","type":"page","link":"https:\/\/globalallianceregister.com\/tr\/sectors\/power-utilities\/","title":{"rendered":"Enerji &#038; Tesisler"},"content":{"rendered":"<p><strong>Derin end\u00fcstriyel bilgi ve deneyimini ile Global Alliance Register &#8211; Enerji &amp; Tesisler Grubu t\u00fcm bran\u015flarda sizlere \u00e7\u00f6z\u00fcm sunuyor\u2026<\/strong><\/p>\n<p>GAR enerji sekt\u00f6r\u00fcn\u00fcn g\u00fcn\u00fcm\u00fcz zorlu ko\u015fullar\u0131nda pazar i\u00e7inde kalabilmeyi sa\u011flayacak kritik \u00f6neme sahip \u00a0hizmetleri ile verimli ve rekabet\u00e7i\u00a0kalabilmeyi sa\u011flamaktad\u0131r.<\/p>\n<p>Global Alliance Register bir\u00e7ok farkl\u0131 alanda sundu\u011fu hizmetlerle ilgili kod, standart, yerel mevzuata uygun \u00e7al\u0131\u015fma\u00a0ko\u015fullar\u0131n\u0131 olu\u015fturarak, d\u00fcnyan\u0131n neresinde olursan\u0131z olun Kalite- \u0130\u015f Sa\u011fl\u0131\u011f\u0131 &amp; G\u00fcvenli\u011fi- \u00c7evre- Kurumsal Sosyal Sorumluluk alanlar\u0131ndaki hassasiyetlerin ve risklerin minimize edilmesine \u00f6nemli katk\u0131lar sa\u011flamaktad\u0131r.<\/p>\n<p>Enerji &amp; Tesisler Sekt\u00f6r\u00fc\u2019ndeki ilgili riskler dikkate al\u0131nd\u0131\u011f\u0131nda, Global Alliance Register taraf\u0131ndan sunulan hizmetler; operasyonlar, sabit varl\u0131klar ve insan kaynaklar\u0131n\u0131z\u0131n muhtemel kay\u0131plardan korunmas\u0131 ve zorunlu ya da \u00f6nerilen uygulamalar\u0131n d\u00fcnyan\u0131n neresinde olursan\u0131z olun tam olarak hayata ge\u00e7irilmesi ile operasyonlar\u0131n\u0131z\u0131n g\u00fcvence alt\u0131na al\u0131nmas\u0131 a\u00e7\u0131s\u0131ndan \u00e7ok daha b\u00fcy\u00fck bir ihtiya\u00e7 haline gelmektedir.<\/p>\n<p>Global Alliance Register\u00a0hizmet portf\u00f6y\u00fc Tasar\u0131m\u2019dan \u0130n\u015faat\u2019a, \u0130\u015fletme A\u015famas\u0131\u2019ndaki faaliyetlerden \u0130\u015fletmenin Devri\u2019ne kadar operasyonlar\u0131n\u0131z\u0131n t\u00fcm ya\u015fam d\u00f6ng\u00fcs\u00fcn\u00fc kapsamaktad\u0131r.<\/p>\n<p>Global Alliance Register uluslararas\u0131 ofis a\u011f\u0131 ve stratejik i\u015f ortaklar\u0131 ile Enerji &amp; Tesisler Sekt\u00f6r\u00fc\u2019nde her zaman g\u00fcvenle ba\u015fvurabilece\u011finiz bilgi birikimi ve uzmanl\u0131\u011fa sahip bir organizasyondur.<\/p>\n<h1>\u00c7\u00f6z\u00fcmler<\/h1>\n<table>\n<tbody>\n<tr>\n<td style=\"width: 350px; border-color: #ffffff; text-align: left; vertical-align: middle; background-color: #f7f7f7;\" width=\"250\">\n<ul>\n<li><a href=\"https:\/\/globalallianceregister.com\/tr\/hizmetler\/asistans-hizmetleri\/\" target=\"_blank\">AS\u0130STANS<\/a><\/li>\n<\/ul>\n<\/td>\n<td style=\"width: 350px; border-color: #ffffff; text-align: left; vertical-align: middle; background-color: #f7f7f7;\" width=\"250\">\n<ul style=\"list-style-type: square;\">\n<li><a href=\"https:\/\/globalallianceregister.com\/tr\/hizmetler\/gozetim-ve-termin-kontrolu-hizmetleri\/\" target=\"_blank\">G\u00d6ZET\u0130M<\/a><\/li>\n<\/ul>\n<\/td>\n<td style=\"width: 350px; border-color: #ffffff; text-align: left; vertical-align: middle; background-color: #f7f7f7;\" width=\"251\">\n<ul style=\"list-style-type: square;\">\n<li><a href=\"https:\/\/globalallianceregister.com\/tr\/hizmetler\/danismanlik\/\" target=\"_blank\">DANI\u015eMANLIK<\/a><\/li>\n<\/ul>\n<\/td>\n<\/tr>\n<tr>\n<td style=\"width: 350px; border-color: #ffffff; text-align: left; vertical-align: middle; background-color: #f7f7f7;\" width=\"250\">\n<ul style=\"list-style-type: square;\">\n<li><a href=\"https:\/\/globalallianceregister.com\/tr\/hizmetler\/certification\/\" target=\"_blank\">BELGELEND\u0130RME<\/a><\/li>\n<\/ul>\n<\/td>\n<td style=\"width: 350px; border-color: #ffffff; text-align: left; vertical-align: middle; background-color: #f7f7f7;\" width=\"250\">\n<ul style=\"list-style-type: square;\">\n<li><a href=\"https:\/\/globalallianceregister.com\/tr\/hizmetler\/egitim\/\" target=\"_blank\">E\u011e\u0130T\u0130M<\/a><\/li>\n<\/ul>\n<\/td>\n<td style=\"width: 350px; border-color: #ffffff; text-align: left; vertical-align: middle; background-color: #f7f7f7;\" width=\"251\">\n<ul style=\"list-style-type: square;\">\n<li><a href=\"https:\/\/globalallianceregister.com\/hizmetler\/insaat-proje-yonetimi-musavirlik-hizmetleri\/\" target=\"_blank\">\u0130N\u015eAAT PROJE Y\u00d6NET\u0130M\u0130<\/a><\/li>\n<\/ul>\n<\/td>\n<\/tr>\n<tr>\n<td style=\"width: 350px; border-color: #ffffff; text-align: left; vertical-align: middle; background-color: #f7f7f7;\" width=\"250\">\n<ul style=\"list-style-type: square;\">\n<li><a href=\"https:\/\/globalallianceregister.com\/tr\/hizmetler\/dis-kaynak-tedariki\/\" target=\"_blank\">DI\u015e KAYNAK TEDAR\u0130K\u0130<\/a><\/li>\n<\/ul>\n<\/td>\n<td style=\"width: 350px; border-color: #ffffff; text-align: left; vertical-align: middle; background-color: #f7f7f7;\" width=\"250\">\n<ul style=\"list-style-type: square;\">\n<li><a href=\"https:\/\/globalallianceregister.com\/hizmetler\/karbon-ve-enerji-yonetimi\/\" target=\"_blank\">KARBON VE ENERJ\u0130 Y\u00d6NET\u0130M\u0130<\/a><\/li>\n<\/ul>\n<\/td>\n<td style=\"width: 350px; border-color: #ffffff; text-align: left; vertical-align: middle; background-color: #f7f7f7;\" width=\"251\">\n<ul style=\"list-style-type: square;\">\n<li><a href=\"https:\/\/globalallianceregister.com\/tr\/hizmetler\/kurumsal-sosyal-sorumluluk\/\" target=\"_blank\">KURUMSAL SOSYAL SORULMLULUK<\/a><\/li>\n<\/ul>\n<\/td>\n<\/tr>\n<\/tbody>\n<\/table>","protected":false},"excerpt":{"rendered":"<p>Derin end\u00fcstriyel bilgi ve deneyimini ile Global Alliance Register &#8211; Enerji &amp; Tesisler Grubu t\u00fcm bran\u015flarda sizlere \u00e7\u00f6z\u00fcm sunuyor\u2026 GAR enerji sekt\u00f6r\u00fcn\u00fcn g\u00fcn\u00fcm\u00fcz zorlu ko\u015fullar\u0131nda pazar i\u00e7inde kalabilmeyi sa\u011flayacak kritik&#8230; <\/p>\n","protected":false},"author":10,"featured_media":0,"parent":4,"menu_order":4,"comment_status":"closed","ping_status":"closed","template":"page-full.php","meta":{"_acf_changed":false,"om_disable_all_campaigns":false,"footnotes":""},"class_list":["post-15","page","type-page","status-publish","hentry"],"acf":[],"yoast_head":"<!-- This site is optimized with the Yoast SEO plugin v27.4 - https:\/\/yoast.com\/product\/yoast-seo-wordpress\/ -->\n<title>Enerji &amp; Tesisler - Global Alliance Register<\/title>\n<meta name=\"robots\" content=\"index, follow, max-snippet:-1, max-image-preview:large, max-video-preview:-1\" \/>\n<link rel=\"canonical\" href=\"https:\/\/globalallianceregister.com\/tr\/sectors\/power-utilities\/\" \/>\n<meta property=\"og:locale\" content=\"tr_TR\" \/>\n<meta property=\"og:type\" content=\"article\" \/>\n<meta property=\"og:title\" content=\"Enerji &amp; Tesisler - Global Alliance Register\" \/>\n<meta property=\"og:description\" content=\"Derin end\u00fcstriyel bilgi ve deneyimini ile Global Alliance Register &#8211; Enerji &amp; Tesisler Grubu t\u00fcm bran\u015flarda sizlere \u00e7\u00f6z\u00fcm sunuyor\u2026 GAR enerji sekt\u00f6r\u00fcn\u00fcn g\u00fcn\u00fcm\u00fcz zorlu ko\u015fullar\u0131nda pazar i\u00e7inde kalabilmeyi sa\u011flayacak kritik...\" \/>\n<meta property=\"og:url\" content=\"https:\/\/globalallianceregister.com\/tr\/sectors\/power-utilities\/\" \/>\n<meta property=\"og:site_name\" content=\"Global Alliance Register\" \/>\n<meta property=\"article:modified_time\" content=\"2016-02-11T10:08:09+00:00\" \/>\n<meta name=\"twitter:label1\" content=\"Tahmini okuma s\u00fcresi\" \/>\n\t<meta name=\"twitter:data1\" content=\"2 dakika\" \/>\n<script type=\"application\/ld+json\" class=\"yoast-schema-graph\">{\"@context\":\"https:\\\/\\\/schema.org\",\"@graph\":[{\"@type\":\"WebPage\",\"@id\":\"https:\\\/\\\/globalallianceregister.com\\\/tr\\\/sectors\\\/power-utilities\\\/\",\"url\":\"https:\\\/\\\/globalallianceregister.com\\\/tr\\\/sectors\\\/power-utilities\\\/\",\"name\":\"Enerji & Tesisler - Global Alliance Register\",\"isPartOf\":{\"@id\":\"https:\\\/\\\/globalallianceregister.com\\\/tr\\\/#website\"},\"datePublished\":\"2010-12-25T13:26:01+00:00\",\"dateModified\":\"2016-02-11T10:08:09+00:00\",\"breadcrumb\":{\"@id\":\"https:\\\/\\\/globalallianceregister.com\\\/tr\\\/sectors\\\/power-utilities\\\/#breadcrumb\"},\"inLanguage\":\"tr\",\"potentialAction\":[{\"@type\":\"ReadAction\",\"target\":[[\"https:\\\/\\\/globalallianceregister.com\\\/tr\\\/sectors\\\/power-utilities\\\/\"]]}]},{\"@type\":\"BreadcrumbList\",\"@id\":\"https:\\\/\\\/globalallianceregister.com\\\/tr\\\/sectors\\\/power-utilities\\\/#breadcrumb\",\"itemListElement\":[{\"@type\":\"ListItem\",\"position\":1,\"name\":\"Anasayfa\",\"item\":\"https:\\\/\\\/globalallianceregister.com\\\/tr\\\/\"},{\"@type\":\"ListItem\",\"position\":2,\"name\":\"Sekt\u00f6rler\",\"item\":\"https:\\\/\\\/globalallianceregister.com\\\/tr\\\/sectors\\\/\"},{\"@type\":\"ListItem\",\"position\":3,\"name\":\"Enerji &#038; Tesisler\"}]},{\"@type\":\"WebSite\",\"@id\":\"https:\\\/\\\/globalallianceregister.com\\\/tr\\\/#website\",\"url\":\"https:\\\/\\\/globalallianceregister.com\\\/tr\\\/\",\"name\":\"Global Alliance Register\",\"description\":\"(EN) Together for Excellence\",\"potentialAction\":[{\"@type\":\"SearchAction\",\"target\":{\"@type\":\"EntryPoint\",\"urlTemplate\":\"https:\\\/\\\/globalallianceregister.com\\\/tr\\\/?s={search_term_string}\"},\"query-input\":{\"@type\":\"PropertyValueSpecification\",\"valueRequired\":true,\"valueName\":\"search_term_string\"}}],\"inLanguage\":\"tr\"}]}<\/script>\n<!-- \/ Yoast SEO plugin. -->","yoast_head_json":{"title":"Enerji & Tesisler - Global Alliance Register","robots":{"index":"index","follow":"follow","max-snippet":"max-snippet:-1","max-image-preview":"max-image-preview:large","max-video-preview":"max-video-preview:-1"},"canonical":"https:\/\/globalallianceregister.com\/tr\/sectors\/power-utilities\/","og_locale":"tr_TR","og_type":"article","og_title":"Enerji & Tesisler - Global Alliance Register","og_description":"Derin end\u00fcstriyel bilgi ve deneyimini ile Global Alliance Register &#8211; Enerji &amp; Tesisler Grubu t\u00fcm bran\u015flarda sizlere \u00e7\u00f6z\u00fcm sunuyor\u2026 GAR enerji sekt\u00f6r\u00fcn\u00fcn g\u00fcn\u00fcm\u00fcz zorlu ko\u015fullar\u0131nda pazar i\u00e7inde kalabilmeyi sa\u011flayacak kritik...","og_url":"https:\/\/globalallianceregister.com\/tr\/sectors\/power-utilities\/","og_site_name":"Global Alliance Register","article_modified_time":"2016-02-11T10:08:09+00:00","twitter_misc":{"Tahmini okuma s\u00fcresi":"2 dakika"},"schema":{"@context":"https:\/\/schema.org","@graph":[{"@type":"WebPage","@id":"https:\/\/globalallianceregister.com\/tr\/sectors\/power-utilities\/","url":"https:\/\/globalallianceregister.com\/tr\/sectors\/power-utilities\/","name":"Enerji & Tesisler - Global Alliance Register","isPartOf":{"@id":"https:\/\/globalallianceregister.com\/tr\/#website"},"datePublished":"2010-12-25T13:26:01+00:00","dateModified":"2016-02-11T10:08:09+00:00","breadcrumb":{"@id":"https:\/\/globalallianceregister.com\/tr\/sectors\/power-utilities\/#breadcrumb"},"inLanguage":"tr","potentialAction":[{"@type":"ReadAction","target":[["https:\/\/globalallianceregister.com\/tr\/sectors\/power-utilities\/"]]}]},{"@type":"BreadcrumbList","@id":"https:\/\/globalallianceregister.com\/tr\/sectors\/power-utilities\/#breadcrumb","itemListElement":[{"@type":"ListItem","position":1,"name":"Anasayfa","item":"https:\/\/globalallianceregister.com\/tr\/"},{"@type":"ListItem","position":2,"name":"Sekt\u00f6rler","item":"https:\/\/globalallianceregister.com\/tr\/sectors\/"},{"@type":"ListItem","position":3,"name":"Enerji &#038; Tesisler"}]},{"@type":"WebSite","@id":"https:\/\/globalallianceregister.com\/tr\/#website","url":"https:\/\/globalallianceregister.com\/tr\/","name":"Global Alliance Register","description":"(EN) Together for Excellence","potentialAction":[{"@type":"SearchAction","target":{"@type":"EntryPoint","urlTemplate":"https:\/\/globalallianceregister.com\/tr\/?s={search_term_string}"},"query-input":{"@type":"PropertyValueSpecification","valueRequired":true,"valueName":"search_term_string"}}],"inLanguage":"tr"}]}},"_links":{"self":[{"href":"https:\/\/globalallianceregister.com\/tr\/wp-json\/wp\/v2\/pages\/15","targetHints":{"allow":["GET"]}}],"collection":[{"href":"https:\/\/globalallianceregister.com\/tr\/wp-json\/wp\/v2\/pages"}],"about":[{"href":"https:\/\/globalallianceregister.com\/tr\/wp-json\/wp\/v2\/types\/page"}],"author":[{"embeddable":true,"href":"https:\/\/globalallianceregister.com\/tr\/wp-json\/wp\/v2\/users\/10"}],"replies":[{"embeddable":true,"href":"https:\/\/globalallianceregister.com\/tr\/wp-json\/wp\/v2\/comments?post=15"}],"version-history":[{"count":0,"href":"https:\/\/globalallianceregister.com\/tr\/wp-json\/wp\/v2\/pages\/15\/revisions"}],"up":[{"embeddable":true,"href":"https:\/\/globalallianceregister.com\/tr\/wp-json\/wp\/v2\/pages\/4"}],"wp:attachment":[{"href":"https:\/\/globalallianceregister.com\/tr\/wp-json\/wp\/v2\/media?parent=15"}],"curies":[{"name":"wp","href":"https:\/\/api.w.org\/{rel}","templated":true}]}}