{"id":153,"date":"2010-12-27T19:10:03","date_gmt":"2010-12-27T19:10:03","guid":{"rendered":"https:\/\/globalallianceregister.com\/?page_id=153"},"modified":"2016-02-05T10:43:35","modified_gmt":"2016-02-05T10:43:35","slug":"outsourcing-center","status":"publish","type":"page","link":"https:\/\/globalallianceregister.com\/tr\/outsourcing-center\/","title":{"rendered":"D\u0131\u015f Kaynak Tedarik Merkezi"},"content":{"rendered":"<p><strong>Global Alliance Register<\/strong>, uluslararas\u0131 ofis a\u011f\u0131yla, <strong>D\u0131\u015f Kaynak Tedariki (Outsourcing)<\/strong> hizmetlerinde yerel ve uluslararas\u0131 m\u00fc\u015fterilerinin g\u00fcvenilir stratejik \u00e7\u00f6z\u00fcm orta\u011f\u0131d\u0131r&#8230;<\/p>\n<p><strong>Global Alliance Register \u2013 Outsourcing Center<\/strong>, m\u00fc\u015fterilerimizin \u00f6nceden belirlemi\u015f oldu\u011fu i\u015f takvimine uygun olarak olduk\u00e7a geni\u015f bir alanda; <strong>Teknik, Operasyonel, Pazarlama &amp; Sat\u0131\u015f ve \u0130dari Pozisyonlar <\/strong>gibi alanlar\u0131 kapsayarak sahip oldu\u011fu y\u00fcksek nitelikli yerel ve yabanc\u0131 insan kaynaklar\u0131 ile t\u00fcm sekt\u00f6rlere D\u0131\u015f Kaynak Tedariki \u00e7\u00f6z\u00fcmleri sunmaktad\u0131r.<\/p>\n<p><strong><span style=\"text-decoration: underline;\">Global Alliance Register taraf\u0131ndan sunulan D\u0131\u015f Kaynak Tedarik Hizmetleri\u2019nin yerel ve uluslararas\u0131 m\u00fc\u015fterilerine sa\u011flad\u0131\u011f\u0131 temel faydalar genel hatlar\u0131 \u015fu \u015fekilde \u00f6zetlenebilir:<\/span><\/strong><\/p>\n<ul>\n<li><strong>B\u00fct\u00e7e Tasarrufu:<\/strong> Hizmet maliyetlerinin \u00fcretilen i\u015f \u00fczerinde yaratt\u0131\u011f\u0131 olumsuz etkinin azalt\u0131lmas\u0131,<\/li>\n<li><strong>Temel Faaliyet Konusuna Odaklanma: <\/strong>Kaynaklar, (\u00f6rnek olarak yeni yat\u0131r\u0131m d\u00f6nemleri, altyap\u0131 \u00e7al\u0131\u015fmalar\u0131, insan kaynaklar\u0131 temini gerekti\u011finde) temel faaliyet alan\u0131na odakl\u0131 \u00e7al\u0131\u015fmaya devam ederler.<\/li>\n<li><strong>Maliyetin Yeniden Yap\u0131land\u0131r\u0131lmas\u0131:<\/strong> Operasyonel kald\u0131ra\u00e7 etkisi sabit maliyetlerin de\u011fi\u015fken maliyetlere etkisini kar\u015f\u0131la\u015ft\u0131ran bir \u00f6l\u00e7\u00fcd\u00fcr. D\u0131\u015f Kaynak Tedariki ile gereksiz sabit yat\u0131r\u0131m ihtiyac\u0131ndan kurtulursunuz.<\/li>\n<li><strong>Kalitenin Geli\u015ftirilmesi: <\/strong>D\u0131\u015f Kaynak Tedariki tercihi ile her seferinde ihtiya\u00e7lar\u0131n\u0131z\u0131 daha iyi kar\u015f\u0131layacak olan yeni hizmet kontrat\u0131 ile i\u015f kalitesinin \u00f6nemli derecede art\u0131r\u0131lmas\u0131n\u0131 sa\u011flars\u0131n\u0131z.<\/li>\n<li><strong>Bilgi:<\/strong> Entelekt\u00fcel varl\u0131klara ve daha geni\u015f bilgi ve deneyime ula\u015fma imkan\u0131 sa\u011flarsan\u0131z.<\/li>\n<li><strong>S\u00f6zle\u015fme:<\/strong> Hizmetler yasal a\u00e7\u0131dan taraflar\u0131n sorumlu oldu\u011fu finansal cezai m\u00fceyyidelerin ve yapt\u0131r\u0131mlar\u0131n belirtildi\u011fi s\u00f6zle\u015fmeler ile y\u00fcr\u00fct\u00fcl\u00fcr.<\/li>\n<li><strong>Operasyonel Uzmanl\u0131k: <\/strong>Firma-i\u00e7i geli\u015ftirilmesi m\u00fcmk\u00fcn olmayan veya zaman al\u0131c\u0131 olacak iyi uygulama \u00f6rneklerine eri\u015fim kolayl\u0131\u011f\u0131 sa\u011flanacakt\u0131r.<\/li>\n<li><strong>Yeteneklere Eri\u015fim: <\/strong>\u00c7ok daha geni\u015f yetenek havuzuna eri\u015fim ve s\u00fcrd\u00fcr\u00fclebilir beceri kayna\u011f\u0131na \u00f6zellikle bilim ve m\u00fchendislik alanlar\u0131nda kolayca ula\u015f\u0131m imkan\u0131 sa\u011flan\u0131r.<\/li>\n<li><strong>Kapasite Y\u00f6netimi: <\/strong>Hizmet ve Teknoloji Tedarik\u00e7ilerin fazla kapasite riskine girdi\u011fi alanlarda hizmet ve teknoloji kapasite y\u00f6netimi i\u00e7in geli\u015fmi\u015f bir \u00e7\u00f6z\u00fcm y\u00f6netimidir.<\/li>\n<li><strong>De\u011fi\u015fim \u0130\u00e7in Kataliz\u00f6r Etkisi:<\/strong> Organizasyonlar D\u0131\u015f Kaynak Tedariki Y\u00f6netimi ile tek ba\u015flar\u0131na ba\u015faramayacaklar\u0131 b\u00fcy\u00fck de\u011fi\u015fim veya yeniden yap\u0131lanma ad\u0131mlar\u0131nda \u00f6nemli kataliz\u00f6r etkisi yarat\u0131rlar.<\/li>\n<li><strong>\u0130novasyon \u0130\u00e7in Kapasite Art\u0131rma:<\/strong> Bir\u00e7ok m\u00fc\u015fterimiz daha fazla D\u0131\u015f Kaynak tedariki yaparak \u00fcr\u00fcn geli\u015ftirme ve inovasyon \u00e7al\u0131\u015fmalar\u0131 i\u00e7in firma-i\u00e7i kaynaklara destek g\u00fc\u00e7 sa\u011flamaktad\u0131r.<\/li>\n<li><strong>Pazara Ula\u015f\u0131m\u0131 H\u0131zland\u0131rma: <\/strong>D\u0131\u015f Kaynak Tedariki ile sa\u011flanacak ek kapasite ile \u00fcr\u00fcn geli\u015ftirme ve \u00fcretim s\u00fcre\u00e7lerinin h\u0131zland\u0131r\u0131lmas\u0131 g\u00fcvence alt\u0131na al\u0131n\u0131r.<\/li>\n<li><strong>\u0130\u015flerin Standart Hale Gelmesi: <\/strong>Bug\u00fcn t\u00fcm d\u00fcnyada hakim olan s\u00fcre\u00e7 i\u015flerin standart hale gelmesinin sa\u011flanmas\u0131d\u0131r ve D\u0131\u015f Kaynak Tedarik ile temel faaliyet konusu i\u00e7inde kalarak standart olmayan i\u015flerin d\u0131\u015f kaynaklardan tedariki yoluna gidilmektedir.<\/li>\n<li><strong>Risk Y\u00f6netimi:<\/strong> Emin olmad\u0131\u011f\u0131m\u0131z alanlarda riski bu konuya daha hakim olan organizasyonlarla i\u015f birli\u011fi yaparak ve D\u0131\u015f Kaynak Tedariki y\u00f6ntemi ile \u00e7\u00f6z\u00fcmlemek daha rasyonel bir yakla\u015f\u0131m olarak kabul edilmektedir.<\/li>\n<li><strong>Giri\u015fim Sermayesi: <\/strong>Baz\u0131 \u00fclkelerde sa\u011flanan devlet te\u015fvikleri veya \u00f6zel sekt\u00f6r giri\u015fim sermayelerini daha etkin y\u00f6netiminde D\u0131\u015f Kaynak Tedariki ile hizmet ve uzmanl\u0131k transferinin ihtiya\u00e7 duyulan d\u00f6nemlerde al\u0131nmas\u0131 \u00f6nemli f\u0131rsatlar sunar.<\/li>\n<li><strong>Vergi Avantaj\u0131:<\/strong> T\u00fcrkiye\u2019de de oldu\u011fu gibi bir\u00e7ok \u00fclke D\u0131\u015f Kaynak Tedariki ile vergi avantaj\u0131 elde edersiniz.<\/li>\n<li><strong>\u00d6l\u00e7eklendirilebilirlik:<\/strong> D\u0131\u015f Kaynak Tedariki yapan organizasyonlar ge\u00e7ici veya kal\u0131c\u0131 kapasite de\u011fi\u015fimlerinin y\u00f6netimine daha haz\u0131rl\u0131kl\u0131 olacakt\u0131r.<\/li>\n<li><strong>Serbest Zaman Yaratma: <\/strong>Kurumlar veya y\u00f6neticiler d\u0131\u015f kaynak tedariki y\u00f6ntemi ile di\u011fer \u00f6ncelikli faaliyetler i\u00e7in serbest zaman yaratma imk\u00e2n\u0131 bulamaktad\u0131rlar.<\/li>\n<\/ul>\n<p><strong>Global Alliance Register D\u0131\u015f Kaynak Tedarik Merkezi (Outsourcing Center) <\/strong>taraf\u0131ndan sunulan \u00e7\u00f6z\u00fcmler; t\u00fcm sekt\u00f6rlerde uzmanlar\u0131m\u0131z\u0131n sahip oldu\u011fu end\u00fcstriyel saha tecr\u00fcbeleri ile yerel ve uluslararas\u0131 m\u00fc\u015fterilerimize y\u00fcksek katma-de\u011fer sa\u011flamaktad\u0131r.<\/p>\n<p><strong>D\u0131\u015f Kaynak Tedariki (Outsourcing) <\/strong>konusunda talepleriniz ve t\u00fcm sorular\u0131n\u0131z i\u00e7in l\u00fctfen taraf\u0131m\u0131zla temas kurunuz\u2026<\/p>\n<p>&nbsp;<\/p>\n<h1>\u0130lgili Sekt\u00f6rler<\/h1>\n<table>\n<tbody>\n<tr>\n<td style=\"width: 350px; border-color: #ffffff; height: 30px; text-align: left; vertical-align: middle; background-color: #f7f7f7;\" width=\"250\">\n<ul style=\"list-style-type: square;\">\n<li><a title=\"Denizcilik Sekt\u00f6r\u00fc\" href=\"https:\/\/globalallianceregister.com\/?page_id=9&amp;lang=tr\" target=\"_blank\">DEN\u0130ZC\u0130L\u0130K<\/a><\/li>\n<\/ul>\n<\/td>\n<td style=\"width: 350px; border-color: #ffffff; height: 30px; text-align: left; vertical-align: middle; background-color: #f7f7f7;\" width=\"250\">\n<ul style=\"list-style-type: square;\">\n<li><a title=\"\u0130n\u015faat Sekt\u00f6r\u00fc\" href=\"https:\/\/globalallianceregister.com\/?page_id=11&amp;lang=tr\" target=\"_blank\">\u0130N\u015eAAT<\/a><\/li>\n<\/ul>\n<\/td>\n<td style=\"width: 350px; border-color: #ffffff; height: 30px; text-align: left; vertical-align: middle; background-color: #f7f7f7;\" width=\"251\">\n<ul style=\"list-style-type: square;\">\n<li><a title=\"Petrol &amp; Gaz Sekt\u00f6r\u00fc\" href=\"https:\/\/globalallianceregister.com\/?page_id=13&amp;lang=tr\" target=\"_blank\">PETROL &amp; GAZ<\/a><\/li>\n<\/ul>\n<\/td>\n<\/tr>\n<tr>\n<td style=\"width: 350px; border-color: #ffffff; height: 30px; text-align: left; vertical-align: middle; background-color: #f7f7f7;\" width=\"250\">\n<ul style=\"list-style-type: square;\">\n<li><a title=\"Enerji &amp; Tesisler\" href=\"https:\/\/globalallianceregister.com\/?page_id=15&amp;lang=tr\" target=\"_blank\">ENERJ\u0130 &amp; TES\u0130SLER<\/a><\/li>\n<\/ul>\n<\/td>\n<td style=\"width: 350px; border-color: #ffffff; height: 30px; text-align: left; vertical-align: middle; background-color: #f7f7f7;\" width=\"250\">\n<ul style=\"list-style-type: square;\">\n<li><a title=\"\u0130malat Sekt\u00f6r\u00fc\" href=\"https:\/\/globalallianceregister.com\/?page_id=20&amp;lang=tr\" target=\"_blank\">\u0130MALAT<\/a><\/li>\n<\/ul>\n<\/td>\n<td style=\"width: 350px; border-color: #ffffff; height: 30px; text-align: left; vertical-align: middle; background-color: #f7f7f7;\" width=\"251\">\n<ul style=\"list-style-type: square;\">\n<li><a title=\"Ula\u015ft\u0131rma &amp; Lojistik Sekt\u00f6r\u00fc\" href=\"https:\/\/globalallianceregister.com\/?page_id=22&amp;lang=tr\" target=\"_blank\">ULA\u015eTIRMA &amp; LOJ\u0130ST\u0130K<\/a><\/li>\n<\/ul>\n<\/td>\n<\/tr>\n<tr>\n<td style=\"width: 350px; border-color: #ffffff; height: 30px; text-align: left; vertical-align: middle; background-color: #f7f7f7;\" width=\"250\">\n<ul style=\"list-style-type: square;\">\n<li><a title=\"Uzay &amp; Havac\u0131l\u0131k Sekt\u00f6r\u00fc\" href=\"https:\/\/globalallianceregister.com\/?page_id=24&amp;lang=tr\" target=\"_blank\">UZAY &amp; HAVACILIK<\/a><\/li>\n<\/ul>\n<\/td>\n<td style=\"width: 350px; border-color: #ffffff; height: 30px; text-align: left; vertical-align: middle; background-color: #f7f7f7;\" width=\"250\">\n<ul style=\"list-style-type: square;\">\n<li><a title=\"Tar\u0131m &amp; G\u0131da Sekt\u00f6r\u00fc\" href=\"https:\/\/globalallianceregister.com\/?page_id=27&amp;lang=tr\" target=\"_blank\">TARIM &amp; GIDA<\/a><\/li>\n<\/ul>\n<\/td>\n<td style=\"width: 350px; border-color: #ffffff; height: 30px; text-align: left; vertical-align: middle; background-color: #f7f7f7;\" width=\"251\">\n<ul style=\"list-style-type: square;\">\n<li><a title=\"Turizm &amp; Otelcilik Sekt\u00f6r\u00fc\" href=\"https:\/\/globalallianceregister.com\/?page_id=29&amp;lang=tr\" target=\"_blank\">TUR\u0130ZM &amp; OTELC\u0130L\u0130K<\/a><\/li>\n<\/ul>\n<\/td>\n<\/tr>\n<tr>\n<td style=\"width: 350px; border-color: #ffffff; height: 30px; text-align: left; vertical-align: middle; background-color: #f7f7f7;\" width=\"250\">\n<ul style=\"list-style-type: square;\">\n<li><a title=\"Finans &amp; Bankac\u0131l\u0131k Sekt\u00f6r\u00fc\" href=\"https:\/\/globalallianceregister.com\/?page_id=38&amp;lang=tr\" target=\"_blank\">F\u0130NANS<\/a><\/li>\n<\/ul>\n<\/td>\n<td style=\"width: 350px; border-color: #ffffff; height: 30px; text-align: left; vertical-align: middle; background-color: #f7f7f7;\" width=\"250\">\n<ul style=\"list-style-type: square;\">\n<li><a title=\"Sigorta Sekt\u00f6r\u00fc\" href=\"https:\/\/globalallianceregister.com\/?page_id=40&amp;lang=tr\" target=\"_blank\">S\u0130GORTA<\/a><\/li>\n<\/ul>\n<\/td>\n<td style=\"width: 350px; border-color: #ffffff; height: 30px; text-align: left; vertical-align: middle; background-color: #f7f7f7;\" width=\"251\">\n<ul style=\"list-style-type: square;\">\n<li><a title=\"Bilgi Teknolojileri Sekt\u00f6r\u00fc\" href=\"https:\/\/globalallianceregister.com\/?page_id=52&amp;lang=tr\" target=\"_blank\">B\u0130LG\u0130 TEKNOLOJ\u0130LER\u0130<\/a><\/li>\n<\/ul>\n<\/td>\n<\/tr>\n<tr>\n<td style=\"width: 350px; border-color: #ffffff; height: 30px; text-align: left; vertical-align: middle; background-color: #f7f7f7;\" width=\"250\">\n<ul style=\"list-style-type: square;\">\n<li><a title=\"Telekom\u00fcnikasyon Sekt\u00f6r\u00fc\" href=\"https:\/\/globalallianceregister.com\/?page_id=54&amp;lang=tr\" target=\"_blank\">TELEKOM\u00dcN\u0130KASYON<\/a><\/li>\n<\/ul>\n<\/td>\n<td style=\"width: 350px; border-color: #ffffff; height: 30px; text-align: left; vertical-align: middle; background-color: #f7f7f7;\" width=\"250\">\n<ul style=\"list-style-type: square;\">\n<li><a title=\"Sa\u011fl\u0131k &amp; T\u0131p Sekt\u00f6r\u00fc\" href=\"https:\/\/globalallianceregister.com\/?page_id=56&amp;lang=tr\" target=\"_blank\">SA\u011eLIK &amp; TIP<\/a><\/li>\n<\/ul>\n<\/td>\n<td style=\"width: 350px; border-color: #ffffff; height: 30px; text-align: left; vertical-align: middle; background-color: #f7f7f7;\" width=\"251\">\u00a0<\/td>\n<\/tr>\n<\/tbody>\n<\/table>\n<div id=\"content_applied_s\">\u00a0<\/div>","protected":false},"excerpt":{"rendered":"<p>Global Alliance Register, uluslararas\u0131 ofis a\u011f\u0131yla, D\u0131\u015f Kaynak Tedariki (Outsourcing) hizmetlerinde yerel ve uluslararas\u0131 m\u00fc\u015fterilerinin g\u00fcvenilir stratejik \u00e7\u00f6z\u00fcm orta\u011f\u0131d\u0131r&#8230; Global Alliance Register \u2013 Outsourcing Center, m\u00fc\u015fterilerimizin \u00f6nceden belirlemi\u015f oldu\u011fu i\u015f&#8230; <\/p>\n","protected":false},"author":10,"featured_media":5173,"parent":0,"menu_order":4,"comment_status":"closed","ping_status":"closed","template":"page-full.php","meta":{"_acf_changed":false,"om_disable_all_campaigns":false,"footnotes":""},"class_list":["post-153","page","type-page","status-publish","has-post-thumbnail","hentry"],"acf":[],"yoast_head":"<!-- This site is optimized with the Yoast SEO plugin v27.4 - https:\/\/yoast.com\/product\/yoast-seo-wordpress\/ -->\n<title>D\u0131\u015f Kaynak Tedarik Merkezi - Global Alliance Register<\/title>\n<meta name=\"robots\" content=\"index, follow, max-snippet:-1, max-image-preview:large, max-video-preview:-1\" \/>\n<link rel=\"canonical\" href=\"https:\/\/globalallianceregister.com\/tr\/outsourcing-center\/\" \/>\n<meta property=\"og:locale\" content=\"tr_TR\" \/>\n<meta property=\"og:type\" content=\"article\" \/>\n<meta property=\"og:title\" content=\"D\u0131\u015f Kaynak Tedarik Merkezi - Global Alliance Register\" \/>\n<meta property=\"og:description\" content=\"Global Alliance Register, uluslararas\u0131 ofis a\u011f\u0131yla, D\u0131\u015f Kaynak Tedariki (Outsourcing) hizmetlerinde yerel ve uluslararas\u0131 m\u00fc\u015fterilerinin g\u00fcvenilir stratejik \u00e7\u00f6z\u00fcm orta\u011f\u0131d\u0131r&#8230; Global Alliance Register \u2013 Outsourcing Center, m\u00fc\u015fterilerimizin \u00f6nceden belirlemi\u015f oldu\u011fu i\u015f...\" \/>\n<meta property=\"og:url\" content=\"https:\/\/globalallianceregister.com\/tr\/outsourcing-center\/\" \/>\n<meta property=\"og:site_name\" content=\"Global Alliance Register\" \/>\n<meta property=\"article:modified_time\" content=\"2016-02-05T10:43:35+00:00\" \/>\n<meta property=\"og:image\" content=\"https:\/\/globalallianceregister.com\/wp-content\/uploads\/2010\/12\/Outsourcing-Inner-Page.jpg\" \/>\n\t<meta property=\"og:image:width\" content=\"614\" \/>\n\t<meta property=\"og:image:height\" content=\"200\" \/>\n\t<meta property=\"og:image:type\" content=\"image\/jpeg\" \/>\n<meta name=\"twitter:label1\" content=\"Tahmini okuma s\u00fcresi\" \/>\n\t<meta name=\"twitter:data1\" content=\"6 dakika\" \/>\n<script type=\"application\/ld+json\" class=\"yoast-schema-graph\">{\"@context\":\"https:\\\/\\\/schema.org\",\"@graph\":[{\"@type\":\"WebPage\",\"@id\":\"https:\\\/\\\/globalallianceregister.com\\\/tr\\\/outsourcing-center\\\/\",\"url\":\"https:\\\/\\\/globalallianceregister.com\\\/tr\\\/outsourcing-center\\\/\",\"name\":\"D\u0131\u015f Kaynak Tedarik Merkezi - Global Alliance Register\",\"isPartOf\":{\"@id\":\"https:\\\/\\\/globalallianceregister.com\\\/tr\\\/#website\"},\"primaryImageOfPage\":{\"@id\":\"https:\\\/\\\/globalallianceregister.com\\\/tr\\\/outsourcing-center\\\/#primaryimage\"},\"image\":{\"@id\":\"https:\\\/\\\/globalallianceregister.com\\\/tr\\\/outsourcing-center\\\/#primaryimage\"},\"thumbnailUrl\":\"https:\\\/\\\/globalallianceregister.com\\\/wp-content\\\/uploads\\\/2010\\\/12\\\/Outsourcing-Inner-Page.jpg\",\"datePublished\":\"2010-12-27T19:10:03+00:00\",\"dateModified\":\"2016-02-05T10:43:35+00:00\",\"breadcrumb\":{\"@id\":\"https:\\\/\\\/globalallianceregister.com\\\/tr\\\/outsourcing-center\\\/#breadcrumb\"},\"inLanguage\":\"tr\",\"potentialAction\":[{\"@type\":\"ReadAction\",\"target\":[[\"https:\\\/\\\/globalallianceregister.com\\\/tr\\\/outsourcing-center\\\/\"]]}]},{\"@type\":\"ImageObject\",\"inLanguage\":\"tr\",\"@id\":\"https:\\\/\\\/globalallianceregister.com\\\/tr\\\/outsourcing-center\\\/#primaryimage\",\"url\":\"https:\\\/\\\/globalallianceregister.com\\\/wp-content\\\/uploads\\\/2010\\\/12\\\/Outsourcing-Inner-Page.jpg\",\"contentUrl\":\"https:\\\/\\\/globalallianceregister.com\\\/wp-content\\\/uploads\\\/2010\\\/12\\\/Outsourcing-Inner-Page.jpg\",\"width\":614,\"height\":200},{\"@type\":\"BreadcrumbList\",\"@id\":\"https:\\\/\\\/globalallianceregister.com\\\/tr\\\/outsourcing-center\\\/#breadcrumb\",\"itemListElement\":[{\"@type\":\"ListItem\",\"position\":1,\"name\":\"Anasayfa\",\"item\":\"https:\\\/\\\/globalallianceregister.com\\\/tr\\\/\"},{\"@type\":\"ListItem\",\"position\":2,\"name\":\"D\u0131\u015f Kaynak Tedarik Merkezi\"}]},{\"@type\":\"WebSite\",\"@id\":\"https:\\\/\\\/globalallianceregister.com\\\/tr\\\/#website\",\"url\":\"https:\\\/\\\/globalallianceregister.com\\\/tr\\\/\",\"name\":\"Global Alliance Register\",\"description\":\"(EN) Together for Excellence\",\"potentialAction\":[{\"@type\":\"SearchAction\",\"target\":{\"@type\":\"EntryPoint\",\"urlTemplate\":\"https:\\\/\\\/globalallianceregister.com\\\/tr\\\/?s={search_term_string}\"},\"query-input\":{\"@type\":\"PropertyValueSpecification\",\"valueRequired\":true,\"valueName\":\"search_term_string\"}}],\"inLanguage\":\"tr\"}]}<\/script>\n<!-- \/ Yoast SEO plugin. -->","yoast_head_json":{"title":"D\u0131\u015f Kaynak Tedarik Merkezi - Global Alliance Register","robots":{"index":"index","follow":"follow","max-snippet":"max-snippet:-1","max-image-preview":"max-image-preview:large","max-video-preview":"max-video-preview:-1"},"canonical":"https:\/\/globalallianceregister.com\/tr\/outsourcing-center\/","og_locale":"tr_TR","og_type":"article","og_title":"D\u0131\u015f Kaynak Tedarik Merkezi - Global Alliance Register","og_description":"Global Alliance Register, uluslararas\u0131 ofis a\u011f\u0131yla, D\u0131\u015f Kaynak Tedariki (Outsourcing) hizmetlerinde yerel ve uluslararas\u0131 m\u00fc\u015fterilerinin g\u00fcvenilir stratejik \u00e7\u00f6z\u00fcm orta\u011f\u0131d\u0131r&#8230; Global Alliance Register \u2013 Outsourcing Center, m\u00fc\u015fterilerimizin \u00f6nceden belirlemi\u015f oldu\u011fu i\u015f...","og_url":"https:\/\/globalallianceregister.com\/tr\/outsourcing-center\/","og_site_name":"Global Alliance Register","article_modified_time":"2016-02-05T10:43:35+00:00","og_image":[{"width":614,"height":200,"url":"https:\/\/globalallianceregister.com\/wp-content\/uploads\/2010\/12\/Outsourcing-Inner-Page.jpg","type":"image\/jpeg"}],"twitter_misc":{"Tahmini okuma s\u00fcresi":"6 dakika"},"schema":{"@context":"https:\/\/schema.org","@graph":[{"@type":"WebPage","@id":"https:\/\/globalallianceregister.com\/tr\/outsourcing-center\/","url":"https:\/\/globalallianceregister.com\/tr\/outsourcing-center\/","name":"D\u0131\u015f Kaynak Tedarik Merkezi - Global Alliance Register","isPartOf":{"@id":"https:\/\/globalallianceregister.com\/tr\/#website"},"primaryImageOfPage":{"@id":"https:\/\/globalallianceregister.com\/tr\/outsourcing-center\/#primaryimage"},"image":{"@id":"https:\/\/globalallianceregister.com\/tr\/outsourcing-center\/#primaryimage"},"thumbnailUrl":"https:\/\/globalallianceregister.com\/wp-content\/uploads\/2010\/12\/Outsourcing-Inner-Page.jpg","datePublished":"2010-12-27T19:10:03+00:00","dateModified":"2016-02-05T10:43:35+00:00","breadcrumb":{"@id":"https:\/\/globalallianceregister.com\/tr\/outsourcing-center\/#breadcrumb"},"inLanguage":"tr","potentialAction":[{"@type":"ReadAction","target":[["https:\/\/globalallianceregister.com\/tr\/outsourcing-center\/"]]}]},{"@type":"ImageObject","inLanguage":"tr","@id":"https:\/\/globalallianceregister.com\/tr\/outsourcing-center\/#primaryimage","url":"https:\/\/globalallianceregister.com\/wp-content\/uploads\/2010\/12\/Outsourcing-Inner-Page.jpg","contentUrl":"https:\/\/globalallianceregister.com\/wp-content\/uploads\/2010\/12\/Outsourcing-Inner-Page.jpg","width":614,"height":200},{"@type":"BreadcrumbList","@id":"https:\/\/globalallianceregister.com\/tr\/outsourcing-center\/#breadcrumb","itemListElement":[{"@type":"ListItem","position":1,"name":"Anasayfa","item":"https:\/\/globalallianceregister.com\/tr\/"},{"@type":"ListItem","position":2,"name":"D\u0131\u015f Kaynak Tedarik Merkezi"}]},{"@type":"WebSite","@id":"https:\/\/globalallianceregister.com\/tr\/#website","url":"https:\/\/globalallianceregister.com\/tr\/","name":"Global Alliance Register","description":"(EN) Together for Excellence","potentialAction":[{"@type":"SearchAction","target":{"@type":"EntryPoint","urlTemplate":"https:\/\/globalallianceregister.com\/tr\/?s={search_term_string}"},"query-input":{"@type":"PropertyValueSpecification","valueRequired":true,"valueName":"search_term_string"}}],"inLanguage":"tr"}]}},"_links":{"self":[{"href":"https:\/\/globalallianceregister.com\/tr\/wp-json\/wp\/v2\/pages\/153","targetHints":{"allow":["GET"]}}],"collection":[{"href":"https:\/\/globalallianceregister.com\/tr\/wp-json\/wp\/v2\/pages"}],"about":[{"href":"https:\/\/globalallianceregister.com\/tr\/wp-json\/wp\/v2\/types\/page"}],"author":[{"embeddable":true,"href":"https:\/\/globalallianceregister.com\/tr\/wp-json\/wp\/v2\/users\/10"}],"replies":[{"embeddable":true,"href":"https:\/\/globalallianceregister.com\/tr\/wp-json\/wp\/v2\/comments?post=153"}],"version-history":[{"count":0,"href":"https:\/\/globalallianceregister.com\/tr\/wp-json\/wp\/v2\/pages\/153\/revisions"}],"wp:featuredmedia":[{"embeddable":true,"href":"https:\/\/globalallianceregister.com\/tr\/wp-json\/wp\/v2\/media\/5173"}],"wp:attachment":[{"href":"https:\/\/globalallianceregister.com\/tr\/wp-json\/wp\/v2\/media?parent=153"}],"curies":[{"name":"wp","href":"https:\/\/api.w.org\/{rel}","templated":true}]}}