{"id":163,"date":"2010-12-29T12:47:06","date_gmt":"2010-12-29T12:47:06","guid":{"rendered":"https:\/\/globalallianceregister.com\/?page_id=163"},"modified":"2016-02-03T11:46:45","modified_gmt":"2016-02-03T11:46:45","slug":"assistance","status":"publish","type":"page","link":"https:\/\/globalallianceregister.com\/tr\/services\/assistance\/","title":{"rendered":"Asistans Hizmetleri"},"content":{"rendered":"<p><strong>Profesyonel deste\u011fe ihtiyac\u0131n\u0131z oldu\u011funda g\u00fcvenebilece\u011finiz sade \u00e7\u00f6z\u00fcmler&#8230;<\/strong><\/p>\n<p><strong>Global Alliance Register<\/strong> stratejik orta\u011f\u0131 olarak hangi sekt\u00f6rde olursa olsun m\u00fc\u015fterilerinin i\u015f ya\u015fam\u0131n\u0131 ve s\u00fcre\u00e7lerini kolayla\u015ft\u0131racak \u015fekilde destek sa\u011flamaktad\u0131r.\u00a0Sahip oldu\u011fu uluslararas\u0131 deneyim ve derin bilgi\u00a0birikimi ile m\u00fc\u015fterilerinin ihtiya\u00e7lar\u0131n\u0131 \u00e7\u00f6z\u00fcmleyici bir perspektif ile gidermekteyiz.\u00a0Her bir proje ve vakaya \u00f6zel yakla\u015f\u0131m ve analiz yetene\u011fiyle y\u00fcksek nitelikli m\u00fc\u015favirlik hizmetleri sunarak sizlere optimum \u00e7\u00f6z\u00fcm \u00f6nerileri sunuyoruz.<\/p>\n<p><strong>Global Alliance Register <\/strong>taraf\u0131ndan sunulan<strong>\u00a0Asistans ve M\u00fc\u015favirlik Hizmetleri<\/strong> aras\u0131nda genel hatlar\u0131yla \u015funlar bulu\u0131nmaktad\u0131r;<\/p>\n<ul>\n<li><a href=\"https:\/\/globalallianceregister.com\/hizmetler\/asistans-hizmetleri\/teknik-temsilcilik\/\" target=\"_blank\">Teknik Temsilcilik<\/a><\/li>\n<li><a href=\"https:\/\/globalallianceregister.com\/hizmetler\/asistans-hizmetleri\/is-gelistirme-destegi\/\" target=\"_blank\">\u0130\u015f Geli\u015ftirme Deste\u011fi<\/a><\/li>\n<li><a href=\"https:\/\/globalallianceregister.com\/hizmetler\/asistans-hizmetleri\/pazar-arastirma-analizi\/\" target=\"_blank\">Pazar Ara\u015ft\u0131rma &amp; Analizi<\/a><\/li>\n<li><a href=\"https:\/\/globalallianceregister.com\/hizmetler\/asistans-hizmetleri\/muhendislik-tasarim-destegi\/\" target=\"_blank\">M\u00fchendislik &amp; Tasar\u0131m Deste\u011fi<\/a><\/li>\n<li><a href=\"https:\/\/globalallianceregister.com\/hizmetler\/asistans-hizmetleri\/bagimsiz-ekspertiz-hizmetleri\/\" target=\"_blank\">Ba\u011f\u0131ms\u0131z Ekspertiz Hizmetleri<\/a><\/li>\n<li><a href=\"https:\/\/globalallianceregister.com\/hizmetler\/asistans-hizmetleri\/proje-gelistirme-destegi\/\" target=\"_blank\">AB Fonlar\u0131 \u0130\u00e7in Proje Geli\u015ftirme Deste\u011fi<\/a><\/li>\n<li><a href=\"https:\/\/globalallianceregister.com\/hizmetler\/asistans-hizmetleri\/lojistik-destek-hizmetleri\/\" target=\"_blank\">Lojistik Destek Hizmetleri<\/a><\/li>\n<li><a href=\"https:\/\/globalallianceregister.com\/hizmetler\/asistans-hizmetleri\/saglik-emniyet-cevre-guvenlik-bazli-kocluk-muhendislik-ve-saha-supervize-hizmetleri\/\" target=\"_blank\">SE\u00c7-G (Sa\u011fl\u0131k-Emniyet-\u00c7evre-G\u00fcvenlik) Ko\u00e7luk- M\u00fchendislik- S\u00fcpervize Hizmetleri<\/a><\/li>\n<li><a href=\"https:\/\/globalallianceregister.com\/hizmetler\/asistans-hizmetleri\/hasar-yonetimi-danismanligi\/\" target=\"_blank\">Hasar Y\u00f6netimi &amp; Dan\u0131\u015fmanl\u0131\u011f\u0131<\/a><\/li>\n<li><a href=\"https:\/\/globalallianceregister.com\/hizmetler\/asistans-hizmetleri\/teknik-ceviri-tercumanlik-hizmetleri\/\" target=\"_blank\">Teknik \u00c7eviri &amp; Terc\u00fcme Hizmetleri<\/a><\/li>\n<li><a href=\"https:\/\/globalallianceregister.com\/hizmetler\/asistans-hizmetleri\/hukuki-musavirlik-hizmetleri\/\" target=\"_blank\">Hukuk\u00a0M\u00fc\u015favirlik Hizmetleri<\/a><\/li>\n<li><a href=\"https:\/\/globalallianceregister.com\/hizmetler\/asistans-hizmetleri\/etkinlik-konferans-yonetimi\/\" target=\"_blank\">Etkinlik &amp; Konferans Y\u00f6netimi<\/a><\/li>\n<li><a href=\"https:\/\/globalallianceregister.com\/hizmetler\/asistans-hizmetleri\/guvenlik-muhendisligi-tasarimi\/\" target=\"_blank\">G\u00fcvenlik M\u00fchendisli\u011fi &amp; Tasar\u0131m\u0131<\/a><\/li>\n<\/ul>\n<p><strong>Global Alliance Register Asistans ve M\u00fc\u015favirlik Hizmetleri <\/strong>hakk\u0131nda daha detayl\u0131 bilgi edinmek i\u00e7in l\u00fctfen bu sayfada sa\u011flanm\u0131\u015f olan linkleri ziyaret ediniz ya da taraf\u0131m\u0131zla temas kurunuz\u2026<\/p>\n<div id=\"content_applied_s\">\n<p>&nbsp;<\/p>\n<\/div>\n<h1>\u0130lgili Sekt\u00f6rler<\/h1>\n<table>\n<tbody>\n<tr>\n<td style=\"width: 350px; border-color: #ffffff; height: 30px; text-align: left; vertical-align: middle; background-color: #f7f7f7;\" width=\"250\">\n<ul style=\"list-style-type: square;\">\n<li><a title=\"Denizcilik Sekt\u00f6r\u00fc\" href=\"https:\/\/globalallianceregister.com\/?page_id=9&amp;lang=tr\" target=\"_blank\">DEN\u0130ZC\u0130L\u0130K<\/a><\/li>\n<\/ul>\n<\/td>\n<td style=\"width: 350px; border-color: #ffffff; height: 30px; text-align: left; vertical-align: middle; background-color: #f7f7f7;\" width=\"250\">\n<ul style=\"list-style-type: square;\">\n<li><a title=\"\u0130n\u015faat Sekt\u00f6r\u00fc\" href=\"https:\/\/globalallianceregister.com\/?page_id=11&amp;lang=tr\" target=\"_blank\">\u0130N\u015eAAT<\/a><\/li>\n<\/ul>\n<\/td>\n<td style=\"width: 350px; border-color: #ffffff; height: 30px; text-align: left; vertical-align: middle; background-color: #f7f7f7;\" width=\"251\">\n<ul style=\"list-style-type: square;\">\n<li><a title=\"Petrol &amp; Gaz Sekt\u00f6r\u00fc\" href=\"https:\/\/globalallianceregister.com\/?page_id=13&amp;lang=tr\" target=\"_blank\">PETROL &amp; GAZ<\/a><\/li>\n<\/ul>\n<\/td>\n<\/tr>\n<tr>\n<td style=\"width: 350px; border-color: #ffffff; height: 30px; text-align: left; vertical-align: middle; background-color: #f7f7f7;\" width=\"250\">\n<ul style=\"list-style-type: square;\">\n<li><a title=\"Enerji &amp; Tesisler\" href=\"https:\/\/globalallianceregister.com\/?page_id=15&amp;lang=tr\" target=\"_blank\">ENERJ\u0130 &amp; TES\u0130SLER<\/a><\/li>\n<\/ul>\n<\/td>\n<td style=\"width: 350px; border-color: #ffffff; height: 30px; text-align: left; vertical-align: middle; background-color: #f7f7f7;\" width=\"250\">\n<ul style=\"list-style-type: square;\">\n<li><a title=\"\u0130malat Sekt\u00f6r\u00fc\" href=\"https:\/\/globalallianceregister.com\/?page_id=20&amp;lang=tr\" target=\"_blank\">\u0130MALAT<\/a><\/li>\n<\/ul>\n<\/td>\n<td style=\"width: 350px; border-color: #ffffff; height: 30px; text-align: left; vertical-align: middle; background-color: #f7f7f7;\" width=\"251\">\n<ul style=\"list-style-type: square;\">\n<li><a title=\"Ula\u015ft\u0131rma &amp; Lojistik Sekt\u00f6r\u00fc\" href=\"https:\/\/globalallianceregister.com\/?page_id=22&amp;lang=tr\" target=\"_blank\">ULA\u015eTIRMA &amp; LOJ\u0130ST\u0130K<\/a><\/li>\n<\/ul>\n<\/td>\n<\/tr>\n<tr>\n<td style=\"width: 350px; border-color: #ffffff; height: 30px; text-align: left; vertical-align: middle; background-color: #f7f7f7;\" width=\"250\">\n<ul style=\"list-style-type: square;\">\n<li><a title=\"Uzay &amp; Havac\u0131l\u0131k Sekt\u00f6r\u00fc\" href=\"https:\/\/globalallianceregister.com\/?page_id=24&amp;lang=tr\" target=\"_blank\">UZAY &amp; HAVACILIK<\/a><\/li>\n<\/ul>\n<\/td>\n<td style=\"width: 350px; border-color: #ffffff; height: 30px; text-align: left; vertical-align: middle; background-color: #f7f7f7;\" width=\"250\">\n<ul style=\"list-style-type: square;\">\n<li><a title=\"Tar\u0131m &amp; G\u0131da Sekt\u00f6r\u00fc\" href=\"https:\/\/globalallianceregister.com\/?page_id=27&amp;lang=tr\" target=\"_blank\">TARIM &amp; GIDA<\/a><\/li>\n<\/ul>\n<\/td>\n<td style=\"width: 350px; border-color: #ffffff; height: 30px; text-align: left; vertical-align: middle; background-color: #f7f7f7;\" width=\"251\">\n<ul style=\"list-style-type: square;\">\n<li><a title=\"Turizm &amp; Otelcilik Sekt\u00f6r\u00fc\" href=\"https:\/\/globalallianceregister.com\/?page_id=29&amp;lang=tr\" target=\"_blank\">TUR\u0130ZM &amp; OTELC\u0130L\u0130K<\/a><\/li>\n<\/ul>\n<\/td>\n<\/tr>\n<tr>\n<td style=\"width: 350px; border-color: #ffffff; height: 30px; text-align: left; vertical-align: middle; background-color: #f7f7f7;\" width=\"250\">\n<ul style=\"list-style-type: square;\">\n<li><a title=\"Finans &amp; Bankac\u0131l\u0131k Sekt\u00f6r\u00fc\" href=\"https:\/\/globalallianceregister.com\/?page_id=38&amp;lang=tr\" target=\"_blank\">F\u0130NANS<\/a><\/li>\n<\/ul>\n<\/td>\n<td style=\"width: 350px; border-color: #ffffff; height: 30px; text-align: left; vertical-align: middle; background-color: #f7f7f7;\" width=\"250\">\n<ul style=\"list-style-type: square;\">\n<li><a title=\"Sigorta Sekt\u00f6r\u00fc\" href=\"https:\/\/globalallianceregister.com\/?page_id=40&amp;lang=tr\" target=\"_blank\">S\u0130GORTA<\/a><\/li>\n<\/ul>\n<\/td>\n<td style=\"width: 350px; border-color: #ffffff; height: 30px; text-align: left; vertical-align: middle; background-color: #f7f7f7;\" width=\"251\">\n<ul style=\"list-style-type: square;\">\n<li><a title=\"Bilgi Teknolojileri Sekt\u00f6r\u00fc\" href=\"https:\/\/globalallianceregister.com\/?page_id=52&amp;lang=tr\" target=\"_blank\">B\u0130LG\u0130 TEKNOLOJ\u0130LER\u0130<\/a><\/li>\n<\/ul>\n<\/td>\n<\/tr>\n<tr>\n<td style=\"width: 350px; border-color: #ffffff; height: 30px; text-align: left; vertical-align: middle; background-color: #f7f7f7;\" width=\"250\">\n<ul style=\"list-style-type: square;\">\n<li><a title=\"Telekom\u00fcnikasyon Sekt\u00f6r\u00fc\" href=\"https:\/\/globalallianceregister.com\/?page_id=54&amp;lang=tr\" target=\"_blank\">TELEKOM\u00dcN\u0130KASYON<\/a><\/li>\n<\/ul>\n<\/td>\n<td style=\"width: 350px; border-color: #ffffff; height: 30px; text-align: left; vertical-align: middle; background-color: #f7f7f7;\" width=\"250\">\n<ul style=\"list-style-type: square;\">\n<li><a title=\"Sa\u011fl\u0131k &amp; T\u0131p Sekt\u00f6r\u00fc\" href=\"https:\/\/globalallianceregister.com\/?page_id=56&amp;lang=tr\" target=\"_blank\">SA\u011eLIK &amp; TIP<\/a><\/li>\n<\/ul>\n<\/td>\n<td style=\"width: 350px; border-color: #ffffff; height: 30px; text-align: left; vertical-align: middle; background-color: #f7f7f7;\" width=\"251\">\u00a0<\/td>\n<\/tr>\n<\/tbody>\n<\/table>","protected":false},"excerpt":{"rendered":"<p>Profesyonel deste\u011fe ihtiyac\u0131n\u0131z oldu\u011funda g\u00fcvenebilece\u011finiz sade \u00e7\u00f6z\u00fcmler&#8230; Global Alliance Register stratejik orta\u011f\u0131 olarak hangi sekt\u00f6rde olursa olsun m\u00fc\u015fterilerinin i\u015f ya\u015fam\u0131n\u0131 ve s\u00fcre\u00e7lerini kolayla\u015ft\u0131racak \u015fekilde destek sa\u011flamaktad\u0131r.\u00a0Sahip oldu\u011fu uluslararas\u0131 deneyim ve&#8230; <\/p>\n","protected":false},"author":10,"featured_media":5112,"parent":7,"menu_order":1,"comment_status":"closed","ping_status":"closed","template":"page-full.php","meta":{"_acf_changed":false,"om_disable_all_campaigns":false,"footnotes":""},"class_list":["post-163","page","type-page","status-publish","has-post-thumbnail","hentry"],"acf":[],"yoast_head":"<!-- This site is optimized with the Yoast SEO plugin v27.4 - https:\/\/yoast.com\/product\/yoast-seo-wordpress\/ -->\n<title>Asistans Hizmetleri - Global Alliance Register<\/title>\n<meta name=\"robots\" content=\"index, follow, max-snippet:-1, max-image-preview:large, max-video-preview:-1\" \/>\n<link rel=\"canonical\" href=\"https:\/\/globalallianceregister.com\/tr\/services\/assistance\/\" \/>\n<meta property=\"og:locale\" content=\"tr_TR\" \/>\n<meta property=\"og:type\" content=\"article\" \/>\n<meta property=\"og:title\" content=\"Asistans Hizmetleri - Global Alliance Register\" \/>\n<meta property=\"og:description\" content=\"Profesyonel deste\u011fe ihtiyac\u0131n\u0131z oldu\u011funda g\u00fcvenebilece\u011finiz sade \u00e7\u00f6z\u00fcmler&#8230; Global Alliance Register stratejik orta\u011f\u0131 olarak hangi sekt\u00f6rde olursa olsun m\u00fc\u015fterilerinin i\u015f ya\u015fam\u0131n\u0131 ve s\u00fcre\u00e7lerini kolayla\u015ft\u0131racak \u015fekilde destek sa\u011flamaktad\u0131r.\u00a0Sahip oldu\u011fu uluslararas\u0131 deneyim ve...\" \/>\n<meta property=\"og:url\" content=\"https:\/\/globalallianceregister.com\/tr\/services\/assistance\/\" \/>\n<meta property=\"og:site_name\" content=\"Global Alliance Register\" \/>\n<meta property=\"article:modified_time\" content=\"2016-02-03T11:46:45+00:00\" \/>\n<meta property=\"og:image\" content=\"https:\/\/globalallianceregister.com\/wp-content\/uploads\/2010\/12\/Assistance-Inner-Page.jpg\" \/>\n\t<meta property=\"og:image:width\" content=\"614\" \/>\n\t<meta property=\"og:image:height\" content=\"200\" \/>\n\t<meta property=\"og:image:type\" content=\"image\/jpeg\" \/>\n<meta name=\"twitter:label1\" content=\"Tahmini okuma s\u00fcresi\" \/>\n\t<meta name=\"twitter:data1\" content=\"2 dakika\" \/>\n<script type=\"application\/ld+json\" class=\"yoast-schema-graph\">{\"@context\":\"https:\\\/\\\/schema.org\",\"@graph\":[{\"@type\":\"WebPage\",\"@id\":\"https:\\\/\\\/globalallianceregister.com\\\/tr\\\/services\\\/assistance\\\/\",\"url\":\"https:\\\/\\\/globalallianceregister.com\\\/tr\\\/services\\\/assistance\\\/\",\"name\":\"Asistans Hizmetleri - Global Alliance Register\",\"isPartOf\":{\"@id\":\"https:\\\/\\\/globalallianceregister.com\\\/tr\\\/#website\"},\"primaryImageOfPage\":{\"@id\":\"https:\\\/\\\/globalallianceregister.com\\\/tr\\\/services\\\/assistance\\\/#primaryimage\"},\"image\":{\"@id\":\"https:\\\/\\\/globalallianceregister.com\\\/tr\\\/services\\\/assistance\\\/#primaryimage\"},\"thumbnailUrl\":\"https:\\\/\\\/globalallianceregister.com\\\/wp-content\\\/uploads\\\/2010\\\/12\\\/Assistance-Inner-Page.jpg\",\"datePublished\":\"2010-12-29T12:47:06+00:00\",\"dateModified\":\"2016-02-03T11:46:45+00:00\",\"breadcrumb\":{\"@id\":\"https:\\\/\\\/globalallianceregister.com\\\/tr\\\/services\\\/assistance\\\/#breadcrumb\"},\"inLanguage\":\"tr\",\"potentialAction\":[{\"@type\":\"ReadAction\",\"target\":[[\"https:\\\/\\\/globalallianceregister.com\\\/tr\\\/services\\\/assistance\\\/\"]]}]},{\"@type\":\"ImageObject\",\"inLanguage\":\"tr\",\"@id\":\"https:\\\/\\\/globalallianceregister.com\\\/tr\\\/services\\\/assistance\\\/#primaryimage\",\"url\":\"https:\\\/\\\/globalallianceregister.com\\\/wp-content\\\/uploads\\\/2010\\\/12\\\/Assistance-Inner-Page.jpg\",\"contentUrl\":\"https:\\\/\\\/globalallianceregister.com\\\/wp-content\\\/uploads\\\/2010\\\/12\\\/Assistance-Inner-Page.jpg\",\"width\":614,\"height\":200},{\"@type\":\"BreadcrumbList\",\"@id\":\"https:\\\/\\\/globalallianceregister.com\\\/tr\\\/services\\\/assistance\\\/#breadcrumb\",\"itemListElement\":[{\"@type\":\"ListItem\",\"position\":1,\"name\":\"Anasayfa\",\"item\":\"https:\\\/\\\/globalallianceregister.com\\\/tr\\\/\"},{\"@type\":\"ListItem\",\"position\":2,\"name\":\"Asistans Hizmetleri\"}]},{\"@type\":\"WebSite\",\"@id\":\"https:\\\/\\\/globalallianceregister.com\\\/tr\\\/#website\",\"url\":\"https:\\\/\\\/globalallianceregister.com\\\/tr\\\/\",\"name\":\"Global Alliance Register\",\"description\":\"(EN) Together for Excellence\",\"potentialAction\":[{\"@type\":\"SearchAction\",\"target\":{\"@type\":\"EntryPoint\",\"urlTemplate\":\"https:\\\/\\\/globalallianceregister.com\\\/tr\\\/?s={search_term_string}\"},\"query-input\":{\"@type\":\"PropertyValueSpecification\",\"valueRequired\":true,\"valueName\":\"search_term_string\"}}],\"inLanguage\":\"tr\"}]}<\/script>\n<!-- \/ Yoast SEO plugin. -->","yoast_head_json":{"title":"Asistans Hizmetleri - Global Alliance Register","robots":{"index":"index","follow":"follow","max-snippet":"max-snippet:-1","max-image-preview":"max-image-preview:large","max-video-preview":"max-video-preview:-1"},"canonical":"https:\/\/globalallianceregister.com\/tr\/services\/assistance\/","og_locale":"tr_TR","og_type":"article","og_title":"Asistans Hizmetleri - Global Alliance Register","og_description":"Profesyonel deste\u011fe ihtiyac\u0131n\u0131z oldu\u011funda g\u00fcvenebilece\u011finiz sade \u00e7\u00f6z\u00fcmler&#8230; Global Alliance Register stratejik orta\u011f\u0131 olarak hangi sekt\u00f6rde olursa olsun m\u00fc\u015fterilerinin i\u015f ya\u015fam\u0131n\u0131 ve s\u00fcre\u00e7lerini kolayla\u015ft\u0131racak \u015fekilde destek sa\u011flamaktad\u0131r.\u00a0Sahip oldu\u011fu uluslararas\u0131 deneyim ve...","og_url":"https:\/\/globalallianceregister.com\/tr\/services\/assistance\/","og_site_name":"Global Alliance Register","article_modified_time":"2016-02-03T11:46:45+00:00","og_image":[{"width":614,"height":200,"url":"https:\/\/globalallianceregister.com\/wp-content\/uploads\/2010\/12\/Assistance-Inner-Page.jpg","type":"image\/jpeg"}],"twitter_misc":{"Tahmini okuma s\u00fcresi":"2 dakika"},"schema":{"@context":"https:\/\/schema.org","@graph":[{"@type":"WebPage","@id":"https:\/\/globalallianceregister.com\/tr\/services\/assistance\/","url":"https:\/\/globalallianceregister.com\/tr\/services\/assistance\/","name":"Asistans Hizmetleri - Global Alliance Register","isPartOf":{"@id":"https:\/\/globalallianceregister.com\/tr\/#website"},"primaryImageOfPage":{"@id":"https:\/\/globalallianceregister.com\/tr\/services\/assistance\/#primaryimage"},"image":{"@id":"https:\/\/globalallianceregister.com\/tr\/services\/assistance\/#primaryimage"},"thumbnailUrl":"https:\/\/globalallianceregister.com\/wp-content\/uploads\/2010\/12\/Assistance-Inner-Page.jpg","datePublished":"2010-12-29T12:47:06+00:00","dateModified":"2016-02-03T11:46:45+00:00","breadcrumb":{"@id":"https:\/\/globalallianceregister.com\/tr\/services\/assistance\/#breadcrumb"},"inLanguage":"tr","potentialAction":[{"@type":"ReadAction","target":[["https:\/\/globalallianceregister.com\/tr\/services\/assistance\/"]]}]},{"@type":"ImageObject","inLanguage":"tr","@id":"https:\/\/globalallianceregister.com\/tr\/services\/assistance\/#primaryimage","url":"https:\/\/globalallianceregister.com\/wp-content\/uploads\/2010\/12\/Assistance-Inner-Page.jpg","contentUrl":"https:\/\/globalallianceregister.com\/wp-content\/uploads\/2010\/12\/Assistance-Inner-Page.jpg","width":614,"height":200},{"@type":"BreadcrumbList","@id":"https:\/\/globalallianceregister.com\/tr\/services\/assistance\/#breadcrumb","itemListElement":[{"@type":"ListItem","position":1,"name":"Anasayfa","item":"https:\/\/globalallianceregister.com\/tr\/"},{"@type":"ListItem","position":2,"name":"Asistans Hizmetleri"}]},{"@type":"WebSite","@id":"https:\/\/globalallianceregister.com\/tr\/#website","url":"https:\/\/globalallianceregister.com\/tr\/","name":"Global Alliance Register","description":"(EN) Together for Excellence","potentialAction":[{"@type":"SearchAction","target":{"@type":"EntryPoint","urlTemplate":"https:\/\/globalallianceregister.com\/tr\/?s={search_term_string}"},"query-input":{"@type":"PropertyValueSpecification","valueRequired":true,"valueName":"search_term_string"}}],"inLanguage":"tr"}]}},"_links":{"self":[{"href":"https:\/\/globalallianceregister.com\/tr\/wp-json\/wp\/v2\/pages\/163","targetHints":{"allow":["GET"]}}],"collection":[{"href":"https:\/\/globalallianceregister.com\/tr\/wp-json\/wp\/v2\/pages"}],"about":[{"href":"https:\/\/globalallianceregister.com\/tr\/wp-json\/wp\/v2\/types\/page"}],"author":[{"embeddable":true,"href":"https:\/\/globalallianceregister.com\/tr\/wp-json\/wp\/v2\/users\/10"}],"replies":[{"embeddable":true,"href":"https:\/\/globalallianceregister.com\/tr\/wp-json\/wp\/v2\/comments?post=163"}],"version-history":[{"count":0,"href":"https:\/\/globalallianceregister.com\/tr\/wp-json\/wp\/v2\/pages\/163\/revisions"}],"up":[{"embeddable":true,"href":"https:\/\/globalallianceregister.com\/tr\/wp-json\/wp\/v2\/pages\/7"}],"wp:featuredmedia":[{"embeddable":true,"href":"https:\/\/globalallianceregister.com\/tr\/wp-json\/wp\/v2\/media\/5112"}],"wp:attachment":[{"href":"https:\/\/globalallianceregister.com\/tr\/wp-json\/wp\/v2\/media?parent=163"}],"curies":[{"name":"wp","href":"https:\/\/api.w.org\/{rel}","templated":true}]}}