{"id":167,"date":"2010-12-29T12:49:43","date_gmt":"2010-12-29T12:49:43","guid":{"rendered":"https:\/\/globalallianceregister.com\/?page_id=167"},"modified":"2016-02-12T14:45:17","modified_gmt":"2016-02-12T14:45:17","slug":"conformity-assessment","status":"publish","type":"page","link":"https:\/\/globalallianceregister.com\/tr\/services\/conformity-assessment\/","title":{"rendered":"G\u00f6zetim ve Termin Kontrol\u00fc Hizmetleri"},"content":{"rendered":"<p><strong>Global Alliance Register konusunda lider Uluslararas\u0131 Ba\u011f\u0131ms\u0131z G\u00f6zetim ve Termin Kontrol\u00fc Kurulu\u015fu olarak \u00fcr\u00fcn-hizmet-personel uygunlu\u011funu de\u011ferlendirip g\u00fcvence alt\u0131na alarak m\u00fc\u015fterilerine rekabet avantaj\u0131 sa\u011fl\u0131yor\u2026<\/strong><\/p>\n<p><strong>Global Alliance Register, Uluslararas\u0131 Ba\u011f\u0131ms\u0131z G\u00f6zetim\u00a0Kurulu\u015fu<\/strong> olarak; \u00fcr\u00fcn ve hizmetlerinize duyulan g\u00fcvenin art\u0131r\u0131lmas\u0131na destek olarak, yeni yat\u0131r\u0131m projeleriniz ve i\u015fletmede bulunan tesisleriniz i\u00e7in t\u00fcm de\u011fer zincirini i\u00e7ine alarak kalite maliyetlerinizin y\u00f6netiminde \u00f6nemli tasarruf sa\u011flamaktad\u0131r.<\/p>\n<p>Baz\u0131 end\u00fcstrilerde <strong>3.<\/strong> <strong>Taraf Ba\u011f\u0131ms\u0131z G\u00f6zetim ve Termin Kontrol\u00fc\u00a0Hizmetleri<\/strong> sonras\u0131 sa\u011flanan uygunluk belgesi, sertifika veya g\u00f6zetim raporlar\u0131 olmaks\u0131z\u0131n pazara girmek neredeyse imk\u00e2ns\u0131zd\u0131r ya da \u00fcr\u00fcnlerin g\u00f6zetimsiz pazara s\u00fcr\u00fclmesi \u00e7ok riskli olabilir. Bu nedenle <strong>Global Alliance Register <\/strong>yerel ve uluslararas\u0131 m\u00fc\u015fterilerine <strong>Kalite-Sa\u011fl\u0131k- Emniyet \u2013\u00c7evre-Kurumsal Sosyal Sorumluluk<\/strong> a\u00e7\u0131s\u0131ndan ta\u015f\u0131nmas\u0131 gereken uygunluk gerekliliklerini <strong>B\u00f6lge &#8211; Pazar &#8211; Proje &#8211; \u00dcr\u00fcn &#8211; Sistem -Kalifikasyon <\/strong>alanlar\u0131nda daha iyi anlamalar\u0131n\u0131 sa\u011fl\u0131yor, yeni yat\u0131r\u0131m projeleri ve i\u015fletmede bulunan tesisler i\u00e7in g\u00fcvenli bir \u015fekilde daha ileriye ad\u0131m atmalar\u0131na destek oluyor.<\/p>\n<p><strong>Global Alliance Register<\/strong> taraf\u0131ndan <strong>Uluslararas\u0131 Ba\u011f\u0131ms\u0131z G\u00f6zetim ve Termin Kontrol\u00fc Hizmetleri\u00a0<\/strong>kapsam\u0131nda geleneksel olarak sunulan hizmetler a\u015fa\u011f\u0131da \u00f6zetlenmekle birlikte, bu hizmetlerimize y\u00f6nelik daha detayl\u0131 bilgi i\u00e7in ilgilendi\u011finiz\u00a0linkleri bu sayfam\u0131z \u00fczerinden ziyaret edebilirsiniz:<\/p>\n<ul>\n<li><a href=\"https:\/\/globalallianceregister.com\/hizmetler\/gozetim-ve-termin-kontrolu-hizmetleri\/uluslararasi-bagimsiz-gozetim-ve-termin-kontrolu\/\" target=\"_blank\">Uluslararas\u0131 Ba\u011f\u0131ms\u0131z G\u00f6zetim &amp; Termin Kontrol\u00fc<\/a><\/li>\n<li><a href=\"https:\/\/globalallianceregister.com\/hizmetler\/gozetim-ve-termin-kontrolu-hizmetleri\/kalite-guvence-kalite-kontrol-gozetimi\/\" target=\"_blank\">Saha Kalite Kontrol\/ Kalite G\u00fcvence S\u00fcpervize Hizmetleri<\/a><\/li>\n<li><a href=\"https:\/\/globalallianceregister.com\/hizmetler\/gozetim-ve-termin-kontrolu-hizmetleri\/kredi-kuruluslari-adina-gozetim-proje-izleme\/\" target=\"_blank\">Finans Kurulu\u015flar\u0131 Ad\u0131na\u00a0Proje \u0130zleme\u00a0Hizmeti<\/a><\/li>\n<li><a href=\"https:\/\/globalallianceregister.com\/hizmetler\/gozetim-ve-termin-kontrolu-hizmetleri\/kredi-kuruluslari-adina-gozetim-proje-izleme\/\" target=\"_blank\">Ba\u011f\u0131ms\u0131z \u0130zleme Kurulu\u015fu Hizmeti (Monitoring)<\/a><\/li>\n<li><a href=\"https:\/\/globalallianceregister.com\/hizmetler\/gozetim-ve-termin-kontrolu-hizmetleri\/yukleme-ve-tahliye-gozetimi\/\" target=\"_blank\">Y\u00fckleme &amp; Tahliye G\u00f6zetimi<\/a><\/li>\n<li><a href=\"https:\/\/globalallianceregister.com\/hizmetler\/gozetim-ve-termin-kontrolu-hizmetleri\/ikinci-taraf-gozetim\/\" target=\"_blank\">\u0130kinci Taraf G\u00f6zetim Hizmeti<\/a><\/li>\n<li><a href=\"https:\/\/globalallianceregister.com\/hizmetler\/gozetim-ve-termin-kontrolu-hizmetleri\/tedarikci-denetimi-yonetimi\/\" target=\"_blank\">Tedarik\u00e7i Denetimi ve Y\u00f6netimi<\/a><\/li>\n<li><a href=\"https:\/\/globalallianceregister.com\/hizmetler\/gozetim-ve-termin-kontrolu-hizmetleri\/bagimsiz-degerlendirme-derecelendirme\/\" target=\"_blank\">Ba\u011f\u0131ms\u0131z De\u011ferlendirme &amp; Derecelendirme Hizmetleri<\/a><\/li>\n<li><a href=\"https:\/\/globalallianceregister.com\/tr\/hizmetler\/test-analiz-laboratuvar-hizmetleri\/\" target=\"_blank\">Test &amp; Analiz Hizmetleri<\/a><\/li>\n<li><a href=\"https:\/\/globalallianceregister.com\/hizmetler\/gozetim-ve-termin-kontrolu-hizmetleri\/is-sagligi-ve-guvenigi-cevre-sec-saha-gozetimi\/\" target=\"_blank\">SE\u00c7 (Sa\u011fl\u0131k-Emniyet-\u00c7evre) S\u00fcpervize Hizmetleri<\/a><\/li>\n<li><a href=\"https:\/\/globalallianceregister.com\/hizmetler\/gozetim-ve-termin-kontrolu-hizmetleri\/hasar-ekspertizi-sorveyi\/\" target=\"_blank\">Hasar Ekpertiz ve S\u00f6rvey Hizmetleri<\/a><\/li>\n<\/ul>\n<p><strong>Global Alliance Register<\/strong> taraf\u0131ndan sunulmakta olan <strong>G\u00f6zetim ve Termin Kontrol\u00fc Hizmetleri<\/strong> kapsam\u0131ndaki sorular\u0131n\u0131z ve talepleriniz i\u00e7in l\u00fctfen taraf\u0131m\u0131zla temas kurunuz\u2026<\/p>\n<p>&nbsp;<\/p>\n<h1>\u0130lgili Sekt\u00f6rler<\/h1>\n<table>\n<tbody>\n<tr>\n<td style=\"width: 350px; border-color: #ffffff; height: 30px; text-align: left; vertical-align: middle; background-color: #f7f7f7;\" width=\"250\">\n<ul style=\"list-style-type: square;\">\n<li><a title=\"Denizcilik Sekt\u00f6r\u00fc\" href=\"https:\/\/globalallianceregister.com\/?page_id=9&amp;lang=tr\" target=\"_blank\">DEN\u0130ZC\u0130L\u0130K<\/a><\/li>\n<\/ul>\n<\/td>\n<td style=\"width: 350px; border-color: #ffffff; height: 30px; text-align: left; vertical-align: middle; background-color: #f7f7f7;\" width=\"250\">\n<ul style=\"list-style-type: square;\">\n<li><a title=\"\u0130n\u015faat Sekt\u00f6r\u00fc\" href=\"https:\/\/globalallianceregister.com\/?page_id=11&amp;lang=tr\" target=\"_blank\">\u0130N\u015eAAT<\/a><\/li>\n<\/ul>\n<\/td>\n<td style=\"width: 350px; border-color: #ffffff; height: 30px; text-align: left; vertical-align: middle; background-color: #f7f7f7;\" width=\"251\">\n<ul style=\"list-style-type: square;\">\n<li><a title=\"Petrol &amp; Gaz Sekt\u00f6r\u00fc\" href=\"https:\/\/globalallianceregister.com\/?page_id=13&amp;lang=tr\" target=\"_blank\">PETROL &amp; GAZ<\/a><\/li>\n<\/ul>\n<\/td>\n<\/tr>\n<tr>\n<td style=\"width: 350px; border-color: #ffffff; height: 30px; text-align: left; vertical-align: middle; background-color: #f7f7f7;\" width=\"250\">\n<ul style=\"list-style-type: square;\">\n<li><a title=\"Enerji &amp; Tesisler\" href=\"https:\/\/globalallianceregister.com\/?page_id=15&amp;lang=tr\" target=\"_blank\">ENERJ\u0130 &amp; TES\u0130SLER<\/a><\/li>\n<\/ul>\n<\/td>\n<td style=\"width: 350px; border-color: #ffffff; height: 30px; text-align: left; vertical-align: middle; background-color: #f7f7f7;\" width=\"250\">\n<ul style=\"list-style-type: square;\">\n<li><a title=\"\u0130malat Sekt\u00f6r\u00fc\" href=\"https:\/\/globalallianceregister.com\/?page_id=20&amp;lang=tr\" target=\"_blank\">\u0130MALAT<\/a><\/li>\n<\/ul>\n<\/td>\n<td style=\"width: 350px; border-color: #ffffff; height: 30px; text-align: left; vertical-align: middle; background-color: #f7f7f7;\" width=\"251\">\n<ul style=\"list-style-type: square;\">\n<li><a title=\"Ula\u015ft\u0131rma &amp; Lojistik Sekt\u00f6r\u00fc\" href=\"https:\/\/globalallianceregister.com\/?page_id=22&amp;lang=tr\" target=\"_blank\">ULA\u015eTIRMA &amp; LOJ\u0130ST\u0130K<\/a><\/li>\n<\/ul>\n<\/td>\n<\/tr>\n<tr>\n<td style=\"width: 350px; border-color: #ffffff; height: 30px; text-align: left; vertical-align: middle; background-color: #f7f7f7;\" width=\"250\">\n<ul style=\"list-style-type: square;\">\n<li><a title=\"Uzay &amp; Havac\u0131l\u0131k Sekt\u00f6r\u00fc\" href=\"https:\/\/globalallianceregister.com\/?page_id=24&amp;lang=tr\" target=\"_blank\">UZAY &amp; HAVACILIK<\/a><\/li>\n<\/ul>\n<\/td>\n<td style=\"width: 350px; border-color: #ffffff; height: 30px; text-align: left; vertical-align: middle; background-color: #f7f7f7;\" width=\"250\">\n<ul style=\"list-style-type: square;\">\n<li><a title=\"Tar\u0131m &amp; G\u0131da Sekt\u00f6r\u00fc\" href=\"https:\/\/globalallianceregister.com\/?page_id=27&amp;lang=tr\" target=\"_blank\">TARIM &amp; GIDA<\/a><\/li>\n<\/ul>\n<\/td>\n<td style=\"width: 350px; border-color: #ffffff; height: 30px; text-align: left; vertical-align: middle; background-color: #f7f7f7;\" width=\"251\">\n<ul style=\"list-style-type: square;\">\n<li><a title=\"Turizm &amp; Otelcilik Sekt\u00f6r\u00fc\" href=\"https:\/\/globalallianceregister.com\/?page_id=29&amp;lang=tr\" target=\"_blank\">TUR\u0130ZM &amp; OTELC\u0130L\u0130K<\/a><\/li>\n<\/ul>\n<\/td>\n<\/tr>\n<tr>\n<td style=\"width: 350px; border-color: #ffffff; height: 30px; text-align: left; vertical-align: middle; background-color: #f7f7f7;\" width=\"250\">\n<ul style=\"list-style-type: square;\">\n<li><a title=\"Finans &amp; Bankac\u0131l\u0131k Sekt\u00f6r\u00fc\" href=\"https:\/\/globalallianceregister.com\/?page_id=38&amp;lang=tr\" target=\"_blank\">F\u0130NANS<\/a><\/li>\n<\/ul>\n<\/td>\n<td style=\"width: 350px; border-color: #ffffff; height: 30px; text-align: left; vertical-align: middle; background-color: #f7f7f7;\" width=\"250\">\n<ul style=\"list-style-type: square;\">\n<li><a title=\"Sigorta Sekt\u00f6r\u00fc\" href=\"https:\/\/globalallianceregister.com\/?page_id=40&amp;lang=tr\" target=\"_blank\">S\u0130GORTA<\/a><\/li>\n<\/ul>\n<\/td>\n<td style=\"width: 350px; border-color: #ffffff; height: 30px; text-align: left; vertical-align: middle; background-color: #f7f7f7;\" width=\"251\">\n<ul style=\"list-style-type: square;\">\n<li><a title=\"Bilgi Teknolojileri Sekt\u00f6r\u00fc\" href=\"https:\/\/globalallianceregister.com\/?page_id=52&amp;lang=tr\" target=\"_blank\">B\u0130LG\u0130 TEKNOLOJ\u0130LER\u0130<\/a><\/li>\n<\/ul>\n<\/td>\n<\/tr>\n<tr>\n<td style=\"width: 350px; border-color: #ffffff; height: 30px; text-align: left; vertical-align: middle; background-color: #f7f7f7;\" width=\"250\">\n<ul style=\"list-style-type: square;\">\n<li><a title=\"Telekom\u00fcnikasyon Sekt\u00f6r\u00fc\" href=\"https:\/\/globalallianceregister.com\/?page_id=54&amp;lang=tr\" target=\"_blank\">TELEKOM\u00dcN\u0130KASYON<\/a><\/li>\n<\/ul>\n<\/td>\n<td style=\"width: 350px; border-color: #ffffff; height: 30px; text-align: left; vertical-align: middle; background-color: #f7f7f7;\" width=\"250\">\n<ul style=\"list-style-type: square;\">\n<li><a title=\"Sa\u011fl\u0131k &amp; T\u0131p Sekt\u00f6r\u00fc\" href=\"https:\/\/globalallianceregister.com\/?page_id=56&amp;lang=tr\" target=\"_blank\">SA\u011eLIK &amp; TIP<\/a><\/li>\n<\/ul>\n<\/td>\n<td style=\"width: 350px; border-color: #ffffff; height: 30px; text-align: left; vertical-align: middle; background-color: #f7f7f7;\" width=\"251\">\u00a0<\/td>\n<\/tr>\n<\/tbody>\n<\/table>","protected":false},"excerpt":{"rendered":"<p>Global Alliance Register konusunda lider Uluslararas\u0131 Ba\u011f\u0131ms\u0131z G\u00f6zetim ve Termin Kontrol\u00fc Kurulu\u015fu olarak \u00fcr\u00fcn-hizmet-personel uygunlu\u011funu de\u011ferlendirip g\u00fcvence alt\u0131na alarak m\u00fc\u015fterilerine rekabet avantaj\u0131 sa\u011fl\u0131yor\u2026 Global Alliance Register, Uluslararas\u0131 Ba\u011f\u0131ms\u0131z G\u00f6zetim\u00a0Kurulu\u015fu olarak;&#8230; <\/p>\n","protected":false},"author":10,"featured_media":5115,"parent":7,"menu_order":2,"comment_status":"closed","ping_status":"closed","template":"page-full.php","meta":{"_acf_changed":false,"om_disable_all_campaigns":false,"footnotes":""},"class_list":["post-167","page","type-page","status-publish","has-post-thumbnail","hentry"],"acf":[],"yoast_head":"<!-- This site is optimized with the Yoast SEO plugin v27.4 - https:\/\/yoast.com\/product\/yoast-seo-wordpress\/ -->\n<title>G\u00f6zetim ve Termin Kontrol\u00fc Hizmetleri - Global Alliance Register<\/title>\n<meta name=\"robots\" content=\"index, follow, max-snippet:-1, max-image-preview:large, max-video-preview:-1\" \/>\n<link rel=\"canonical\" href=\"https:\/\/globalallianceregister.com\/tr\/services\/conformity-assessment\/\" \/>\n<meta property=\"og:locale\" content=\"tr_TR\" \/>\n<meta property=\"og:type\" content=\"article\" \/>\n<meta property=\"og:title\" content=\"G\u00f6zetim ve Termin Kontrol\u00fc Hizmetleri - Global Alliance Register\" \/>\n<meta property=\"og:description\" content=\"Global Alliance Register konusunda lider Uluslararas\u0131 Ba\u011f\u0131ms\u0131z G\u00f6zetim ve Termin Kontrol\u00fc Kurulu\u015fu olarak \u00fcr\u00fcn-hizmet-personel uygunlu\u011funu de\u011ferlendirip g\u00fcvence alt\u0131na alarak m\u00fc\u015fterilerine rekabet avantaj\u0131 sa\u011fl\u0131yor\u2026 Global Alliance Register, Uluslararas\u0131 Ba\u011f\u0131ms\u0131z G\u00f6zetim\u00a0Kurulu\u015fu olarak;...\" \/>\n<meta property=\"og:url\" content=\"https:\/\/globalallianceregister.com\/tr\/services\/conformity-assessment\/\" \/>\n<meta property=\"og:site_name\" content=\"Global Alliance Register\" \/>\n<meta property=\"article:modified_time\" content=\"2016-02-12T14:45:17+00:00\" \/>\n<meta property=\"og:image\" content=\"https:\/\/globalallianceregister.com\/wp-content\/uploads\/2010\/12\/Conformity-Assessment-Inner-Page-2.jpg\" \/>\n\t<meta property=\"og:image:width\" content=\"614\" \/>\n\t<meta property=\"og:image:height\" content=\"200\" \/>\n\t<meta property=\"og:image:type\" content=\"image\/jpeg\" \/>\n<meta name=\"twitter:label1\" content=\"Tahmini okuma s\u00fcresi\" \/>\n\t<meta name=\"twitter:data1\" content=\"3 dakika\" \/>\n<script type=\"application\/ld+json\" class=\"yoast-schema-graph\">{\"@context\":\"https:\\\/\\\/schema.org\",\"@graph\":[{\"@type\":\"WebPage\",\"@id\":\"https:\\\/\\\/globalallianceregister.com\\\/tr\\\/services\\\/conformity-assessment\\\/\",\"url\":\"https:\\\/\\\/globalallianceregister.com\\\/tr\\\/services\\\/conformity-assessment\\\/\",\"name\":\"G\u00f6zetim ve Termin Kontrol\u00fc Hizmetleri - Global Alliance Register\",\"isPartOf\":{\"@id\":\"https:\\\/\\\/globalallianceregister.com\\\/tr\\\/#website\"},\"primaryImageOfPage\":{\"@id\":\"https:\\\/\\\/globalallianceregister.com\\\/tr\\\/services\\\/conformity-assessment\\\/#primaryimage\"},\"image\":{\"@id\":\"https:\\\/\\\/globalallianceregister.com\\\/tr\\\/services\\\/conformity-assessment\\\/#primaryimage\"},\"thumbnailUrl\":\"https:\\\/\\\/globalallianceregister.com\\\/wp-content\\\/uploads\\\/2010\\\/12\\\/Conformity-Assessment-Inner-Page-2.jpg\",\"datePublished\":\"2010-12-29T12:49:43+00:00\",\"dateModified\":\"2016-02-12T14:45:17+00:00\",\"breadcrumb\":{\"@id\":\"https:\\\/\\\/globalallianceregister.com\\\/tr\\\/services\\\/conformity-assessment\\\/#breadcrumb\"},\"inLanguage\":\"tr\",\"potentialAction\":[{\"@type\":\"ReadAction\",\"target\":[[\"https:\\\/\\\/globalallianceregister.com\\\/tr\\\/services\\\/conformity-assessment\\\/\"]]}]},{\"@type\":\"ImageObject\",\"inLanguage\":\"tr\",\"@id\":\"https:\\\/\\\/globalallianceregister.com\\\/tr\\\/services\\\/conformity-assessment\\\/#primaryimage\",\"url\":\"https:\\\/\\\/globalallianceregister.com\\\/wp-content\\\/uploads\\\/2010\\\/12\\\/Conformity-Assessment-Inner-Page-2.jpg\",\"contentUrl\":\"https:\\\/\\\/globalallianceregister.com\\\/wp-content\\\/uploads\\\/2010\\\/12\\\/Conformity-Assessment-Inner-Page-2.jpg\",\"width\":614,\"height\":200},{\"@type\":\"BreadcrumbList\",\"@id\":\"https:\\\/\\\/globalallianceregister.com\\\/tr\\\/services\\\/conformity-assessment\\\/#breadcrumb\",\"itemListElement\":[{\"@type\":\"ListItem\",\"position\":1,\"name\":\"Anasayfa\",\"item\":\"https:\\\/\\\/globalallianceregister.com\\\/tr\\\/\"},{\"@type\":\"ListItem\",\"position\":2,\"name\":\"G\u00f6zetim ve Termin Kontrol\u00fc Hizmetleri\"}]},{\"@type\":\"WebSite\",\"@id\":\"https:\\\/\\\/globalallianceregister.com\\\/tr\\\/#website\",\"url\":\"https:\\\/\\\/globalallianceregister.com\\\/tr\\\/\",\"name\":\"Global Alliance Register\",\"description\":\"(EN) Together for Excellence\",\"potentialAction\":[{\"@type\":\"SearchAction\",\"target\":{\"@type\":\"EntryPoint\",\"urlTemplate\":\"https:\\\/\\\/globalallianceregister.com\\\/tr\\\/?s={search_term_string}\"},\"query-input\":{\"@type\":\"PropertyValueSpecification\",\"valueRequired\":true,\"valueName\":\"search_term_string\"}}],\"inLanguage\":\"tr\"}]}<\/script>\n<!-- \/ Yoast SEO plugin. -->","yoast_head_json":{"title":"G\u00f6zetim ve Termin Kontrol\u00fc Hizmetleri - Global Alliance Register","robots":{"index":"index","follow":"follow","max-snippet":"max-snippet:-1","max-image-preview":"max-image-preview:large","max-video-preview":"max-video-preview:-1"},"canonical":"https:\/\/globalallianceregister.com\/tr\/services\/conformity-assessment\/","og_locale":"tr_TR","og_type":"article","og_title":"G\u00f6zetim ve Termin Kontrol\u00fc Hizmetleri - Global Alliance Register","og_description":"Global Alliance Register konusunda lider Uluslararas\u0131 Ba\u011f\u0131ms\u0131z G\u00f6zetim ve Termin Kontrol\u00fc Kurulu\u015fu olarak \u00fcr\u00fcn-hizmet-personel uygunlu\u011funu de\u011ferlendirip g\u00fcvence alt\u0131na alarak m\u00fc\u015fterilerine rekabet avantaj\u0131 sa\u011fl\u0131yor\u2026 Global Alliance Register, Uluslararas\u0131 Ba\u011f\u0131ms\u0131z G\u00f6zetim\u00a0Kurulu\u015fu olarak;...","og_url":"https:\/\/globalallianceregister.com\/tr\/services\/conformity-assessment\/","og_site_name":"Global Alliance Register","article_modified_time":"2016-02-12T14:45:17+00:00","og_image":[{"width":614,"height":200,"url":"https:\/\/globalallianceregister.com\/wp-content\/uploads\/2010\/12\/Conformity-Assessment-Inner-Page-2.jpg","type":"image\/jpeg"}],"twitter_misc":{"Tahmini okuma s\u00fcresi":"3 dakika"},"schema":{"@context":"https:\/\/schema.org","@graph":[{"@type":"WebPage","@id":"https:\/\/globalallianceregister.com\/tr\/services\/conformity-assessment\/","url":"https:\/\/globalallianceregister.com\/tr\/services\/conformity-assessment\/","name":"G\u00f6zetim ve Termin Kontrol\u00fc Hizmetleri - Global Alliance Register","isPartOf":{"@id":"https:\/\/globalallianceregister.com\/tr\/#website"},"primaryImageOfPage":{"@id":"https:\/\/globalallianceregister.com\/tr\/services\/conformity-assessment\/#primaryimage"},"image":{"@id":"https:\/\/globalallianceregister.com\/tr\/services\/conformity-assessment\/#primaryimage"},"thumbnailUrl":"https:\/\/globalallianceregister.com\/wp-content\/uploads\/2010\/12\/Conformity-Assessment-Inner-Page-2.jpg","datePublished":"2010-12-29T12:49:43+00:00","dateModified":"2016-02-12T14:45:17+00:00","breadcrumb":{"@id":"https:\/\/globalallianceregister.com\/tr\/services\/conformity-assessment\/#breadcrumb"},"inLanguage":"tr","potentialAction":[{"@type":"ReadAction","target":[["https:\/\/globalallianceregister.com\/tr\/services\/conformity-assessment\/"]]}]},{"@type":"ImageObject","inLanguage":"tr","@id":"https:\/\/globalallianceregister.com\/tr\/services\/conformity-assessment\/#primaryimage","url":"https:\/\/globalallianceregister.com\/wp-content\/uploads\/2010\/12\/Conformity-Assessment-Inner-Page-2.jpg","contentUrl":"https:\/\/globalallianceregister.com\/wp-content\/uploads\/2010\/12\/Conformity-Assessment-Inner-Page-2.jpg","width":614,"height":200},{"@type":"BreadcrumbList","@id":"https:\/\/globalallianceregister.com\/tr\/services\/conformity-assessment\/#breadcrumb","itemListElement":[{"@type":"ListItem","position":1,"name":"Anasayfa","item":"https:\/\/globalallianceregister.com\/tr\/"},{"@type":"ListItem","position":2,"name":"G\u00f6zetim ve Termin Kontrol\u00fc Hizmetleri"}]},{"@type":"WebSite","@id":"https:\/\/globalallianceregister.com\/tr\/#website","url":"https:\/\/globalallianceregister.com\/tr\/","name":"Global Alliance Register","description":"(EN) Together for Excellence","potentialAction":[{"@type":"SearchAction","target":{"@type":"EntryPoint","urlTemplate":"https:\/\/globalallianceregister.com\/tr\/?s={search_term_string}"},"query-input":{"@type":"PropertyValueSpecification","valueRequired":true,"valueName":"search_term_string"}}],"inLanguage":"tr"}]}},"_links":{"self":[{"href":"https:\/\/globalallianceregister.com\/tr\/wp-json\/wp\/v2\/pages\/167","targetHints":{"allow":["GET"]}}],"collection":[{"href":"https:\/\/globalallianceregister.com\/tr\/wp-json\/wp\/v2\/pages"}],"about":[{"href":"https:\/\/globalallianceregister.com\/tr\/wp-json\/wp\/v2\/types\/page"}],"author":[{"embeddable":true,"href":"https:\/\/globalallianceregister.com\/tr\/wp-json\/wp\/v2\/users\/10"}],"replies":[{"embeddable":true,"href":"https:\/\/globalallianceregister.com\/tr\/wp-json\/wp\/v2\/comments?post=167"}],"version-history":[{"count":0,"href":"https:\/\/globalallianceregister.com\/tr\/wp-json\/wp\/v2\/pages\/167\/revisions"}],"up":[{"embeddable":true,"href":"https:\/\/globalallianceregister.com\/tr\/wp-json\/wp\/v2\/pages\/7"}],"wp:featuredmedia":[{"embeddable":true,"href":"https:\/\/globalallianceregister.com\/tr\/wp-json\/wp\/v2\/media\/5115"}],"wp:attachment":[{"href":"https:\/\/globalallianceregister.com\/tr\/wp-json\/wp\/v2\/media?parent=167"}],"curies":[{"name":"wp","href":"https:\/\/api.w.org\/{rel}","templated":true}]}}