{"id":170,"date":"2010-12-29T12:51:34","date_gmt":"2010-12-29T12:51:34","guid":{"rendered":"https:\/\/globalallianceregister.com\/?page_id=170"},"modified":"2016-01-02T10:46:22","modified_gmt":"2016-01-02T10:46:22","slug":"certification","status":"publish","type":"page","link":"https:\/\/globalallianceregister.com\/tr\/services\/certification\/","title":{"rendered":"Belgelendirme"},"content":{"rendered":"<p><strong>Global Alliance Register T\u00fcrkiye\u2019de ve uluslararas\u0131 arenada geni\u015f ofis a\u011f\u0131yla operasyonlar\u0131n\u0131z\u0131n oldu\u011fu t\u00fcm co\u011frafyalarda kurmu\u015f oldu\u011fu stratejik \u00e7\u00f6z\u00fcm ortakl\u0131klar\u0131yla Belgelendirme Hizmetleri sunuyor\u2026<\/strong><\/p>\n<p>\u00dcr\u00fcn &amp; Personel Belgelendirme alan\u0131nda Global Alliance Register taraf\u0131ndan sunulmakta olan hizmet portf\u00f6y\u00fc hakk\u0131nda a\u015fa\u011f\u0131da sa\u011flanm\u0131\u015f olan linkleri ziyaret ederek bilgi edinebilirsiniz.<\/p>\n<div id=\"content_applied_s\">\n<h1>\u00dcr\u00fcn Belgelendirme Portf\u00f6y\u00fc<\/h1>\n<ul>\n<li id=\"content_applied_s_left\"><a title=\"\u00dcr\u00fcn Tip Onay\u0131\" href=\"https:\/\/globalallianceregister.com\/?page_id=357&amp;lang=tr\">\u00dcr\u00fcn Tip Onay\u0131 (Prototip Onay\u0131)<\/a><\/li>\n<li><a title=\"CE Markalama\" href=\"https:\/\/globalallianceregister.com\/?page_id=359&amp;lang=tr\">CE Markalama<\/a><\/li>\n<li><a title=\"Zorunlu Belgelendirme Rusya Federasyonu\" href=\"https:\/\/globalallianceregister.com\/?page_id=361&amp;lang=tr\">Zorunlu Belgelendirme Rusya Federasyonu<\/a><\/li>\n<\/ul>\n<\/div>\n<div id=\"content_applied_s\">\n<h1>Personel Belgelendirme Portf\u00f6y\u00fc<\/h1>\n<ul>\n<li id=\"content_applied_s_left\"><a title=\"Kaynak\u00e7\u0131 E\u011fitimi\" href=\"https:\/\/globalallianceregister.com\/?page_id=364&amp;lang=tr\">Kaynak\u00e7\u0131 E\u011fitimi &amp; Belgelendirmesi<\/a><\/li>\n<li><a title=\"Kaynak Enspekt\u00f6r\u00fc E\u011fitimi\" href=\"https:\/\/globalallianceregister.com\/?page_id=366&amp;lang=tr\">Kaynak Enspekt\u00f6r\u00fc E\u011fitimi<\/a><\/li>\n<li><a title=\"NDT Tahribats\u0131z Muayene E\u011fitimi\" href=\"https:\/\/globalallianceregister.com\/?page_id=368&amp;lang=tr\">NDT Tahribats\u0131z Muayene E\u011fitimi<\/a><\/li>\n<li><a title=\"Boya Enspekt\u00f6r\u00fc E\u011fitimi\" href=\"https:\/\/globalallianceregister.com\/?page_id=370&amp;lang=tr\">Boya Enspekt\u00f6r\u00fc E\u011fitimi<\/a><\/li>\n<li><a title=\"Katodik Koruma Enspekt\u00f6r\u00fc E\u011fitimi\" href=\"https:\/\/globalallianceregister.com\/?page_id=372&amp;lang=tr\">Katodik Koruma Enspekt\u00f6r\u00fc E\u011fitimi<\/a><\/li>\n<li><a title=\"Teknik Personel E\u011fitimleri\" href=\"https:\/\/globalallianceregister.com\/?page_id=374&amp;lang=tr\">Teknik Personel E\u011fitimleri<\/a><\/li>\n<li id=\"content_applied_s_right\"><a title=\"Oryantasyon E\u011fitimleri\" href=\"https:\/\/globalallianceregister.com\/?page_id=376&amp;lang=tr\">Oryantasyon E\u011fitimleri<\/a><\/li>\n<li><a title=\"Tedarik\u00e7i E\u011fitimi &amp; Onay\u0131\" href=\"https:\/\/globalallianceregister.com\/?page_id=378&amp;lang=tr\">Tedarik\u00e7i E\u011fitimi &amp; Onay\u0131<\/a><\/li>\n<\/ul>\n<\/div>\n<p><strong><em>\u00dcr\u00fcn &amp; Personel Belgelendirme Hizmetleri kapsam\u0131ndaki sorular\u0131n\u0131z ve talepleriniz i\u00e7in l\u00fctfen taraf\u0131m\u0131zla temas kurunuz\u2026<\/em><\/strong><\/p>\n<h1>\u00a0<\/h1>\n<h1>\u0130lgili Sekt\u00f6rler<\/h1>\n<table>\n<tbody>\n<tr>\n<td style=\"width: 350px; border-color: #ffffff; height: 30px; text-align: left; vertical-align: middle; background-color: #f7f7f7;\" width=\"250\">\n<ul style=\"list-style-type: square;\">\n<li><a title=\"Denizcilik Sekt\u00f6r\u00fc\" href=\"https:\/\/globalallianceregister.com\/?page_id=9&amp;lang=tr\" target=\"_blank\">DEN\u0130ZC\u0130L\u0130K<\/a><\/li>\n<\/ul>\n<\/td>\n<td style=\"width: 350px; border-color: #ffffff; height: 30px; text-align: left; vertical-align: middle; background-color: #f7f7f7;\" width=\"250\">\n<ul style=\"list-style-type: square;\">\n<li><a title=\"\u0130n\u015faat Sekt\u00f6r\u00fc\" href=\"https:\/\/globalallianceregister.com\/?page_id=11&amp;lang=tr\" target=\"_blank\">\u0130N\u015eAAT<\/a><\/li>\n<\/ul>\n<\/td>\n<td style=\"width: 350px; border-color: #ffffff; height: 30px; text-align: left; vertical-align: middle; background-color: #f7f7f7;\" width=\"251\">\n<ul style=\"list-style-type: square;\">\n<li><a title=\"Petrol &amp; Gaz Sekt\u00f6r\u00fc\" href=\"https:\/\/globalallianceregister.com\/?page_id=13&amp;lang=tr\" target=\"_blank\">PETROL &amp; GAZ<\/a><\/li>\n<\/ul>\n<\/td>\n<\/tr>\n<tr>\n<td style=\"width: 350px; border-color: #ffffff; height: 30px; text-align: left; vertical-align: middle; background-color: #f7f7f7;\" width=\"250\">\n<ul style=\"list-style-type: square;\">\n<li><a title=\"Enerji &amp; Tesisler\" href=\"https:\/\/globalallianceregister.com\/?page_id=15&amp;lang=tr\" target=\"_blank\">ENERJ\u0130 &amp; TES\u0130SLER<\/a><\/li>\n<\/ul>\n<\/td>\n<td style=\"width: 350px; border-color: #ffffff; height: 30px; text-align: left; vertical-align: middle; background-color: #f7f7f7;\" width=\"250\">\n<ul style=\"list-style-type: square;\">\n<li><a title=\"\u0130malat Sekt\u00f6r\u00fc\" href=\"https:\/\/globalallianceregister.com\/?page_id=20&amp;lang=tr\" target=\"_blank\">\u0130MALAT<\/a><\/li>\n<\/ul>\n<\/td>\n<td style=\"width: 350px; border-color: #ffffff; height: 30px; text-align: left; vertical-align: middle; background-color: #f7f7f7;\" width=\"251\">\n<ul style=\"list-style-type: square;\">\n<li><a title=\"Ula\u015ft\u0131rma &amp; Lojistik Sekt\u00f6r\u00fc\" href=\"https:\/\/globalallianceregister.com\/?page_id=22&amp;lang=tr\" target=\"_blank\">ULA\u015eTIRMA &amp; LOJ\u0130ST\u0130K<\/a><\/li>\n<\/ul>\n<\/td>\n<\/tr>\n<tr>\n<td style=\"width: 350px; border-color: #ffffff; height: 30px; text-align: left; vertical-align: middle; background-color: #f7f7f7;\" width=\"250\">\n<ul style=\"list-style-type: square;\">\n<li><a title=\"Uzay &amp; Havac\u0131l\u0131k Sekt\u00f6r\u00fc\" href=\"https:\/\/globalallianceregister.com\/?page_id=24&amp;lang=tr\" target=\"_blank\">UZAY &amp; HAVACILIK<\/a><\/li>\n<\/ul>\n<\/td>\n<td style=\"width: 350px; border-color: #ffffff; height: 30px; text-align: left; vertical-align: middle; background-color: #f7f7f7;\" width=\"250\">\n<ul style=\"list-style-type: square;\">\n<li><a title=\"Tar\u0131m &amp; G\u0131da Sekt\u00f6r\u00fc\" href=\"https:\/\/globalallianceregister.com\/?page_id=27&amp;lang=tr\" target=\"_blank\">TARIM &amp; GIDA<\/a><\/li>\n<\/ul>\n<\/td>\n<td style=\"width: 350px; border-color: #ffffff; height: 30px; text-align: left; vertical-align: middle; background-color: #f7f7f7;\" width=\"251\">\n<ul style=\"list-style-type: square;\">\n<li><a title=\"Turizm &amp; Otelcilik Sekt\u00f6r\u00fc\" href=\"https:\/\/globalallianceregister.com\/?page_id=29&amp;lang=tr\" target=\"_blank\">TUR\u0130ZM &amp; OTELC\u0130L\u0130K<\/a><\/li>\n<\/ul>\n<\/td>\n<\/tr>\n<tr>\n<td style=\"width: 350px; border-color: #ffffff; height: 30px; text-align: left; vertical-align: middle; background-color: #f7f7f7;\" width=\"250\">\n<ul style=\"list-style-type: square;\">\n<li><a title=\"Finans &amp; Bankac\u0131l\u0131k Sekt\u00f6r\u00fc\" href=\"https:\/\/globalallianceregister.com\/?page_id=38&amp;lang=tr\" target=\"_blank\">F\u0130NANS<\/a><\/li>\n<\/ul>\n<\/td>\n<td style=\"width: 350px; border-color: #ffffff; height: 30px; text-align: left; vertical-align: middle; background-color: #f7f7f7;\" width=\"250\">\n<ul style=\"list-style-type: square;\">\n<li><a title=\"Sigorta Sekt\u00f6r\u00fc\" href=\"https:\/\/globalallianceregister.com\/?page_id=40&amp;lang=tr\" target=\"_blank\">S\u0130GORTA<\/a><\/li>\n<\/ul>\n<\/td>\n<td style=\"width: 350px; border-color: #ffffff; height: 30px; text-align: left; vertical-align: middle; background-color: #f7f7f7;\" width=\"251\">\n<ul style=\"list-style-type: square;\">\n<li><a title=\"Bilgi Teknolojileri Sekt\u00f6r\u00fc\" href=\"https:\/\/globalallianceregister.com\/?page_id=52&amp;lang=tr\" target=\"_blank\">B\u0130LG\u0130 TEKNOLOJ\u0130LER\u0130<\/a><\/li>\n<\/ul>\n<\/td>\n<\/tr>\n<tr>\n<td style=\"width: 350px; border-color: #ffffff; height: 30px; text-align: left; vertical-align: middle; background-color: #f7f7f7;\" width=\"250\">\n<ul style=\"list-style-type: square;\">\n<li><a title=\"Telekom\u00fcnikasyon Sekt\u00f6r\u00fc\" href=\"https:\/\/globalallianceregister.com\/?page_id=54&amp;lang=tr\" target=\"_blank\">TELEKOM\u00dcN\u0130KASYON<\/a><\/li>\n<\/ul>\n<\/td>\n<td style=\"width: 350px; border-color: #ffffff; height: 30px; text-align: left; vertical-align: middle; background-color: #f7f7f7;\" width=\"250\">\n<ul style=\"list-style-type: square;\">\n<li><a title=\"Sa\u011fl\u0131k &amp; T\u0131p Sekt\u00f6r\u00fc\" href=\"https:\/\/globalallianceregister.com\/?page_id=56&amp;lang=tr\" target=\"_blank\">SA\u011eLIK &amp; TIP<\/a><\/li>\n<\/ul>\n<\/td>\n<td style=\"width: 350px; border-color: #ffffff; height: 30px; text-align: left; vertical-align: middle; background-color: #f7f7f7;\" width=\"251\">\u00a0<\/td>\n<\/tr>\n<\/tbody>\n<\/table>","protected":false},"excerpt":{"rendered":"<p>Global Alliance Register T\u00fcrkiye\u2019de ve uluslararas\u0131 arenada geni\u015f ofis a\u011f\u0131yla operasyonlar\u0131n\u0131z\u0131n oldu\u011fu t\u00fcm co\u011frafyalarda kurmu\u015f oldu\u011fu stratejik \u00e7\u00f6z\u00fcm ortakl\u0131klar\u0131yla Belgelendirme Hizmetleri sunuyor\u2026 \u00dcr\u00fcn &amp; Personel Belgelendirme alan\u0131nda Global Alliance Register&#8230; <\/p>\n","protected":false},"author":10,"featured_media":5110,"parent":7,"menu_order":4,"comment_status":"closed","ping_status":"closed","template":"page-full.php","meta":{"_acf_changed":false,"om_disable_all_campaigns":false,"footnotes":""},"class_list":["post-170","page","type-page","status-publish","has-post-thumbnail","hentry"],"acf":[],"yoast_head":"<!-- This site is optimized with the Yoast SEO plugin v27.4 - https:\/\/yoast.com\/product\/yoast-seo-wordpress\/ -->\n<title>Belgelendirme - Global Alliance Register<\/title>\n<meta name=\"robots\" content=\"index, follow, max-snippet:-1, max-image-preview:large, max-video-preview:-1\" \/>\n<link rel=\"canonical\" href=\"https:\/\/globalallianceregister.com\/tr\/services\/certification\/\" \/>\n<meta property=\"og:locale\" content=\"tr_TR\" \/>\n<meta property=\"og:type\" content=\"article\" \/>\n<meta property=\"og:title\" content=\"Belgelendirme - Global Alliance Register\" \/>\n<meta property=\"og:description\" content=\"Global Alliance Register T\u00fcrkiye\u2019de ve uluslararas\u0131 arenada geni\u015f ofis a\u011f\u0131yla operasyonlar\u0131n\u0131z\u0131n oldu\u011fu t\u00fcm co\u011frafyalarda kurmu\u015f oldu\u011fu stratejik \u00e7\u00f6z\u00fcm ortakl\u0131klar\u0131yla Belgelendirme Hizmetleri sunuyor\u2026 \u00dcr\u00fcn &amp; Personel Belgelendirme alan\u0131nda Global Alliance Register...\" \/>\n<meta property=\"og:url\" content=\"https:\/\/globalallianceregister.com\/tr\/services\/certification\/\" \/>\n<meta property=\"og:site_name\" content=\"Global Alliance Register\" \/>\n<meta property=\"article:modified_time\" content=\"2016-01-02T10:46:22+00:00\" \/>\n<meta property=\"og:image\" content=\"https:\/\/globalallianceregister.com\/wp-content\/uploads\/2010\/12\/Certification-Inner-Page.jpg\" \/>\n\t<meta property=\"og:image:width\" content=\"614\" \/>\n\t<meta property=\"og:image:height\" content=\"200\" \/>\n\t<meta property=\"og:image:type\" content=\"image\/jpeg\" \/>\n<meta name=\"twitter:label1\" content=\"Tahmini okuma s\u00fcresi\" \/>\n\t<meta name=\"twitter:data1\" content=\"1 dakika\" \/>\n<script type=\"application\/ld+json\" class=\"yoast-schema-graph\">{\"@context\":\"https:\\\/\\\/schema.org\",\"@graph\":[{\"@type\":\"WebPage\",\"@id\":\"https:\\\/\\\/globalallianceregister.com\\\/tr\\\/services\\\/certification\\\/\",\"url\":\"https:\\\/\\\/globalallianceregister.com\\\/tr\\\/services\\\/certification\\\/\",\"name\":\"Belgelendirme - Global Alliance Register\",\"isPartOf\":{\"@id\":\"https:\\\/\\\/globalallianceregister.com\\\/tr\\\/#website\"},\"primaryImageOfPage\":{\"@id\":\"https:\\\/\\\/globalallianceregister.com\\\/tr\\\/services\\\/certification\\\/#primaryimage\"},\"image\":{\"@id\":\"https:\\\/\\\/globalallianceregister.com\\\/tr\\\/services\\\/certification\\\/#primaryimage\"},\"thumbnailUrl\":\"https:\\\/\\\/globalallianceregister.com\\\/wp-content\\\/uploads\\\/2010\\\/12\\\/Certification-Inner-Page.jpg\",\"datePublished\":\"2010-12-29T12:51:34+00:00\",\"dateModified\":\"2016-01-02T10:46:22+00:00\",\"breadcrumb\":{\"@id\":\"https:\\\/\\\/globalallianceregister.com\\\/tr\\\/services\\\/certification\\\/#breadcrumb\"},\"inLanguage\":\"tr\",\"potentialAction\":[{\"@type\":\"ReadAction\",\"target\":[[\"https:\\\/\\\/globalallianceregister.com\\\/tr\\\/services\\\/certification\\\/\"]]}]},{\"@type\":\"ImageObject\",\"inLanguage\":\"tr\",\"@id\":\"https:\\\/\\\/globalallianceregister.com\\\/tr\\\/services\\\/certification\\\/#primaryimage\",\"url\":\"https:\\\/\\\/globalallianceregister.com\\\/wp-content\\\/uploads\\\/2010\\\/12\\\/Certification-Inner-Page.jpg\",\"contentUrl\":\"https:\\\/\\\/globalallianceregister.com\\\/wp-content\\\/uploads\\\/2010\\\/12\\\/Certification-Inner-Page.jpg\",\"width\":614,\"height\":200},{\"@type\":\"BreadcrumbList\",\"@id\":\"https:\\\/\\\/globalallianceregister.com\\\/tr\\\/services\\\/certification\\\/#breadcrumb\",\"itemListElement\":[{\"@type\":\"ListItem\",\"position\":1,\"name\":\"Anasayfa\",\"item\":\"https:\\\/\\\/globalallianceregister.com\\\/tr\\\/\"},{\"@type\":\"ListItem\",\"position\":2,\"name\":\"Belgelendirme\"}]},{\"@type\":\"WebSite\",\"@id\":\"https:\\\/\\\/globalallianceregister.com\\\/tr\\\/#website\",\"url\":\"https:\\\/\\\/globalallianceregister.com\\\/tr\\\/\",\"name\":\"Global Alliance Register\",\"description\":\"(EN) Together for Excellence\",\"potentialAction\":[{\"@type\":\"SearchAction\",\"target\":{\"@type\":\"EntryPoint\",\"urlTemplate\":\"https:\\\/\\\/globalallianceregister.com\\\/tr\\\/?s={search_term_string}\"},\"query-input\":{\"@type\":\"PropertyValueSpecification\",\"valueRequired\":true,\"valueName\":\"search_term_string\"}}],\"inLanguage\":\"tr\"}]}<\/script>\n<!-- \/ Yoast SEO plugin. -->","yoast_head_json":{"title":"Belgelendirme - Global Alliance Register","robots":{"index":"index","follow":"follow","max-snippet":"max-snippet:-1","max-image-preview":"max-image-preview:large","max-video-preview":"max-video-preview:-1"},"canonical":"https:\/\/globalallianceregister.com\/tr\/services\/certification\/","og_locale":"tr_TR","og_type":"article","og_title":"Belgelendirme - Global Alliance Register","og_description":"Global Alliance Register T\u00fcrkiye\u2019de ve uluslararas\u0131 arenada geni\u015f ofis a\u011f\u0131yla operasyonlar\u0131n\u0131z\u0131n oldu\u011fu t\u00fcm co\u011frafyalarda kurmu\u015f oldu\u011fu stratejik \u00e7\u00f6z\u00fcm ortakl\u0131klar\u0131yla Belgelendirme Hizmetleri sunuyor\u2026 \u00dcr\u00fcn &amp; Personel Belgelendirme alan\u0131nda Global Alliance Register...","og_url":"https:\/\/globalallianceregister.com\/tr\/services\/certification\/","og_site_name":"Global Alliance Register","article_modified_time":"2016-01-02T10:46:22+00:00","og_image":[{"width":614,"height":200,"url":"https:\/\/globalallianceregister.com\/wp-content\/uploads\/2010\/12\/Certification-Inner-Page.jpg","type":"image\/jpeg"}],"twitter_misc":{"Tahmini okuma s\u00fcresi":"1 dakika"},"schema":{"@context":"https:\/\/schema.org","@graph":[{"@type":"WebPage","@id":"https:\/\/globalallianceregister.com\/tr\/services\/certification\/","url":"https:\/\/globalallianceregister.com\/tr\/services\/certification\/","name":"Belgelendirme - Global Alliance Register","isPartOf":{"@id":"https:\/\/globalallianceregister.com\/tr\/#website"},"primaryImageOfPage":{"@id":"https:\/\/globalallianceregister.com\/tr\/services\/certification\/#primaryimage"},"image":{"@id":"https:\/\/globalallianceregister.com\/tr\/services\/certification\/#primaryimage"},"thumbnailUrl":"https:\/\/globalallianceregister.com\/wp-content\/uploads\/2010\/12\/Certification-Inner-Page.jpg","datePublished":"2010-12-29T12:51:34+00:00","dateModified":"2016-01-02T10:46:22+00:00","breadcrumb":{"@id":"https:\/\/globalallianceregister.com\/tr\/services\/certification\/#breadcrumb"},"inLanguage":"tr","potentialAction":[{"@type":"ReadAction","target":[["https:\/\/globalallianceregister.com\/tr\/services\/certification\/"]]}]},{"@type":"ImageObject","inLanguage":"tr","@id":"https:\/\/globalallianceregister.com\/tr\/services\/certification\/#primaryimage","url":"https:\/\/globalallianceregister.com\/wp-content\/uploads\/2010\/12\/Certification-Inner-Page.jpg","contentUrl":"https:\/\/globalallianceregister.com\/wp-content\/uploads\/2010\/12\/Certification-Inner-Page.jpg","width":614,"height":200},{"@type":"BreadcrumbList","@id":"https:\/\/globalallianceregister.com\/tr\/services\/certification\/#breadcrumb","itemListElement":[{"@type":"ListItem","position":1,"name":"Anasayfa","item":"https:\/\/globalallianceregister.com\/tr\/"},{"@type":"ListItem","position":2,"name":"Belgelendirme"}]},{"@type":"WebSite","@id":"https:\/\/globalallianceregister.com\/tr\/#website","url":"https:\/\/globalallianceregister.com\/tr\/","name":"Global Alliance Register","description":"(EN) Together for Excellence","potentialAction":[{"@type":"SearchAction","target":{"@type":"EntryPoint","urlTemplate":"https:\/\/globalallianceregister.com\/tr\/?s={search_term_string}"},"query-input":{"@type":"PropertyValueSpecification","valueRequired":true,"valueName":"search_term_string"}}],"inLanguage":"tr"}]}},"_links":{"self":[{"href":"https:\/\/globalallianceregister.com\/tr\/wp-json\/wp\/v2\/pages\/170","targetHints":{"allow":["GET"]}}],"collection":[{"href":"https:\/\/globalallianceregister.com\/tr\/wp-json\/wp\/v2\/pages"}],"about":[{"href":"https:\/\/globalallianceregister.com\/tr\/wp-json\/wp\/v2\/types\/page"}],"author":[{"embeddable":true,"href":"https:\/\/globalallianceregister.com\/tr\/wp-json\/wp\/v2\/users\/10"}],"replies":[{"embeddable":true,"href":"https:\/\/globalallianceregister.com\/tr\/wp-json\/wp\/v2\/comments?post=170"}],"version-history":[{"count":0,"href":"https:\/\/globalallianceregister.com\/tr\/wp-json\/wp\/v2\/pages\/170\/revisions"}],"up":[{"embeddable":true,"href":"https:\/\/globalallianceregister.com\/tr\/wp-json\/wp\/v2\/pages\/7"}],"wp:featuredmedia":[{"embeddable":true,"href":"https:\/\/globalallianceregister.com\/tr\/wp-json\/wp\/v2\/media\/5110"}],"wp:attachment":[{"href":"https:\/\/globalallianceregister.com\/tr\/wp-json\/wp\/v2\/media?parent=170"}],"curies":[{"name":"wp","href":"https:\/\/api.w.org\/{rel}","templated":true}]}}