{"id":176,"date":"2010-12-29T12:56:57","date_gmt":"2010-12-29T12:56:57","guid":{"rendered":"https:\/\/globalallianceregister.com\/?page_id=176"},"modified":"2016-02-03T11:19:39","modified_gmt":"2016-02-03T11:19:39","slug":"business-development-support","status":"publish","type":"page","link":"https:\/\/globalallianceregister.com\/tr\/services\/assistance\/business-development-support\/","title":{"rendered":"\u0130\u015f Geli\u015ftirme Deste\u011fi"},"content":{"rendered":"<p><strong>Global Alliance Register<\/strong><strong>, stratejik i\u015f orta\u011f\u0131 olarak, m\u00fc\u015fterilerinin i\u015f d\u00fcnyas\u0131ndaki s\u00fcrekli de\u011fi\u015fen dengelere tutarl\u0131 ve s\u00fcrd\u00fcr\u00fclebilir bir \u015fekilde uyum sa\u011flanmas\u0131na kurumsal b\u00fcy\u00fcme hedeflerinin tan\u0131mlanmas\u0131, planlanmas\u0131 ve y\u00f6netimi alanlar\u0131nda sundu\u011fu <\/strong><strong>\u0130\u015f Geli\u015ftirme Deste\u011fi<\/strong><strong> ile kritik \u00f6nemde katk\u0131da bulunmaktad\u0131r.<\/strong><\/p>\n<p><strong>Global Alliance Register \u0130\u015f Geli\u015ftirme Deste\u011fi <\/strong>kapsam\u0131nda s\u00fcre\u00e7lerinin g\u00f6zden ge\u00e7irilmesi, analizi, yorumlanmas\u0131n\u0131n yan\u0131 s\u0131ra yeni ve mevcut i\u015f f\u0131rsatlar\u0131n\u0131n, m\u00fc\u015fteri ve \u00fcr\u00fcnlerin, \u00fcr\u00fcn ve hizmetlerin ne olmas\u0131 gerekti\u011fi konusuna netlik kazand\u0131rmaktad\u0131r.<\/p>\n<p><strong>Global Alliance Register<\/strong>, mutlaka stratejik d\u00fc\u015f\u00fcnce ve nitelikli planlama gerektiren b\u00fcy\u00fcme hedeflerinin ba\u015far\u0131lmas\u0131nda yeterli zaman\u0131 olmayan veya\u00a0uygun deneyim ve birikimin organizasyon i\u00e7indeki insan kaynaklar\u0131nda mevcut olmamas\u0131 halinde; her biri konusunda uzman ve yerel &amp; uluslararas\u0131 yetkinliklere sahip \u0130\u015f Geli\u015ftirme Uzmanlar\u0131 ile m\u00fc\u015fterilerine ihtiya\u00e7 duyulan alanlarda \u00e7\u00f6z\u00fcmler sunmaktad\u0131r.<\/p>\n<p><strong>Global Alliance Register <\/strong>ayn\u0131 zamanda farkl\u0131 i\u015f disiplinlerinde farkl\u0131 kaynaklar\u0131n ara\u015ft\u0131rmas\u0131 ve y\u00f6netimi konusunda karma\u015f\u0131k s\u00fcre\u00e7lerle zaman kaybetmek istemeyen m\u00fc\u015fterilerine i\u015f geli\u015ftirme planlar\u0131n\u0131n hayata ge\u00e7irilmesi ve y\u00f6netimi konusunda da dan\u0131\u015fmanl\u0131k hizmetleri sunmaktad\u0131r.<\/p>\n<p><strong>Global Alliance Register M\u00fc\u015fterileri<\/strong>; yeni f\u0131rsatlar\u0131n getirdi\u011fi a\u00e7t\u0131\u011f\u0131 yeni ufuklardan, problem \u00e7\u00f6zmeye odaklanma, sonu\u00e7 merkezli stratejik planlama yapabilme, yeni pazarlara ula\u015fma ve do\u011fal olarak s\u00fcrd\u00fcr\u00fclebilir b\u00fcy\u00fcmenin sa\u011flanmas\u0131 hedeflerini ger\u00e7ekle\u015ftirmek gibi daha bir\u00e7ok konuda geli\u015fim imk\u00e2nlar\u0131ndan yararlan\u0131rlar.<\/p>\n<p><strong>Global Alliance Register,<\/strong> t\u00fcm sekt\u00f6rlerde benzersiz deneyimi ve global ofis a\u011f\u0131 ile m\u00fc\u015fterilerine g\u00fcvenilir \u00e7\u00f6z\u00fcmler sunmakta olup, i\u015f geli\u015ftirme deste\u011fi i\u015f kapsam\u0131 temel kategoriler halinde \u015fu \u015fekilde \u00f6zetlenebilir:<\/p>\n<ul>\n<li>Sistem-\u00dcr\u00fcn-Hizmet- Pazar Ara\u015ft\u0131rma &amp; Analizi<\/li>\n<li>\u0130\u015f Geli\u015ftirme Planlanmas\u0131<\/li>\n<li>Stratejik Pazarlama<\/li>\n<li>Marka Stratejisi<\/li>\n<li>\u015eirket Evlili\u011fi (Birle\u015fme &amp; Devralma)<\/li>\n<li>Arac\u0131 Kurum Hizmetleri<\/li>\n<\/ul>\n<p><strong>\u0130\u015f Geli\u015ftirme Deste\u011fi Hizmetleri <\/strong>hakk\u0131nda daha fazla bilgi ve sorular\u0131n\u0131z i\u00e7in l\u00fctfen taraf\u0131m\u0131zla temas kurunuz\u2026<\/p>\n<div id=\"content_applied_s\">\n<h1>\u0130lgili Sekt\u00f6rler<\/h1>\n<table>\n<tbody>\n<tr>\n<td style=\"width: 350px; border-color: #ffffff; height: 30px; text-align: left; vertical-align: middle; background-color: #f7f7f7;\" width=\"250\">\n<ul style=\"list-style-type: square;\">\n<li><a title=\"Denizcilik Sekt\u00f6r\u00fc\" href=\"https:\/\/globalallianceregister.com\/?page_id=9&amp;lang=tr\" target=\"_blank\">DEN\u0130ZC\u0130L\u0130K<\/a><\/li>\n<\/ul>\n<\/td>\n<td style=\"width: 350px; border-color: #ffffff; height: 30px; text-align: left; vertical-align: middle; background-color: #f7f7f7;\" width=\"250\">\n<ul style=\"list-style-type: square;\">\n<li><a title=\"\u0130n\u015faat Sekt\u00f6r\u00fc\" href=\"https:\/\/globalallianceregister.com\/?page_id=11&amp;lang=tr\" target=\"_blank\">\u0130N\u015eAAT<\/a><\/li>\n<\/ul>\n<\/td>\n<td style=\"width: 350px; border-color: #ffffff; height: 30px; text-align: left; vertical-align: middle; background-color: #f7f7f7;\" width=\"251\">\n<ul style=\"list-style-type: square;\">\n<li><a title=\"Petrol &amp; Gaz Sekt\u00f6r\u00fc\" href=\"https:\/\/globalallianceregister.com\/?page_id=13&amp;lang=tr\" target=\"_blank\">PETROL &amp; GAZ<\/a><\/li>\n<\/ul>\n<\/td>\n<\/tr>\n<tr>\n<td style=\"width: 350px; border-color: #ffffff; height: 30px; text-align: left; vertical-align: middle; background-color: #f7f7f7;\" width=\"250\">\n<ul style=\"list-style-type: square;\">\n<li><a title=\"Enerji &amp; Tesisler\" href=\"https:\/\/globalallianceregister.com\/?page_id=15&amp;lang=tr\" target=\"_blank\">ENERJ\u0130 &amp; TES\u0130SLER<\/a><\/li>\n<\/ul>\n<\/td>\n<td style=\"width: 350px; border-color: #ffffff; height: 30px; text-align: left; vertical-align: middle; background-color: #f7f7f7;\" width=\"250\">\n<ul style=\"list-style-type: square;\">\n<li><a title=\"\u0130malat Sekt\u00f6r\u00fc\" href=\"https:\/\/globalallianceregister.com\/?page_id=20&amp;lang=tr\" target=\"_blank\">\u0130MALAT<\/a><\/li>\n<\/ul>\n<\/td>\n<td style=\"width: 350px; border-color: #ffffff; height: 30px; text-align: left; vertical-align: middle; background-color: #f7f7f7;\" width=\"251\">\n<ul style=\"list-style-type: square;\">\n<li><a title=\"Ula\u015ft\u0131rma &amp; Lojistik Sekt\u00f6r\u00fc\" href=\"https:\/\/globalallianceregister.com\/?page_id=22&amp;lang=tr\" target=\"_blank\">ULA\u015eTIRMA &amp; LOJ\u0130ST\u0130K<\/a><\/li>\n<\/ul>\n<\/td>\n<\/tr>\n<tr>\n<td style=\"width: 350px; border-color: #ffffff; height: 30px; text-align: left; vertical-align: middle; background-color: #f7f7f7;\" width=\"250\">\n<ul style=\"list-style-type: square;\">\n<li><a title=\"Uzay &amp; Havac\u0131l\u0131k Sekt\u00f6r\u00fc\" href=\"https:\/\/globalallianceregister.com\/?page_id=24&amp;lang=tr\" target=\"_blank\">UZAY &amp; HAVACILIK<\/a><\/li>\n<\/ul>\n<\/td>\n<td style=\"width: 350px; border-color: #ffffff; height: 30px; text-align: left; vertical-align: middle; background-color: #f7f7f7;\" width=\"250\">\n<ul style=\"list-style-type: square;\">\n<li><a title=\"Tar\u0131m &amp; G\u0131da Sekt\u00f6r\u00fc\" href=\"https:\/\/globalallianceregister.com\/?page_id=27&amp;lang=tr\" target=\"_blank\">TARIM &amp; GIDA<\/a><\/li>\n<\/ul>\n<\/td>\n<td style=\"width: 350px; border-color: #ffffff; height: 30px; text-align: left; vertical-align: middle; background-color: #f7f7f7;\" width=\"251\">\n<ul style=\"list-style-type: square;\">\n<li><a title=\"Turizm &amp; Otelcilik Sekt\u00f6r\u00fc\" href=\"https:\/\/globalallianceregister.com\/?page_id=29&amp;lang=tr\" target=\"_blank\">TUR\u0130ZM &amp; OTELC\u0130L\u0130K<\/a><\/li>\n<\/ul>\n<\/td>\n<\/tr>\n<tr>\n<td style=\"width: 350px; border-color: #ffffff; height: 30px; text-align: left; vertical-align: middle; background-color: #f7f7f7;\" width=\"250\">\n<ul style=\"list-style-type: square;\">\n<li><a title=\"Finans &amp; Bankac\u0131l\u0131k Sekt\u00f6r\u00fc\" href=\"https:\/\/globalallianceregister.com\/?page_id=38&amp;lang=tr\" target=\"_blank\">F\u0130NANS<\/a><\/li>\n<\/ul>\n<\/td>\n<td style=\"width: 350px; border-color: #ffffff; height: 30px; text-align: left; vertical-align: middle; background-color: #f7f7f7;\" width=\"250\">\n<ul style=\"list-style-type: square;\">\n<li><a title=\"Sigorta Sekt\u00f6r\u00fc\" href=\"https:\/\/globalallianceregister.com\/?page_id=40&amp;lang=tr\" target=\"_blank\">S\u0130GORTA<\/a><\/li>\n<\/ul>\n<\/td>\n<td style=\"width: 350px; border-color: #ffffff; height: 30px; text-align: left; vertical-align: middle; background-color: #f7f7f7;\" width=\"251\">\n<ul style=\"list-style-type: square;\">\n<li><a title=\"Bilgi Teknolojileri Sekt\u00f6r\u00fc\" href=\"https:\/\/globalallianceregister.com\/?page_id=52&amp;lang=tr\" target=\"_blank\">B\u0130LG\u0130 TEKNOLOJ\u0130LER\u0130<\/a><\/li>\n<\/ul>\n<\/td>\n<\/tr>\n<tr>\n<td style=\"width: 350px; border-color: #ffffff; height: 30px; text-align: left; vertical-align: middle; background-color: #f7f7f7;\" width=\"250\">\n<ul style=\"list-style-type: square;\">\n<li><a title=\"Telekom\u00fcnikasyon Sekt\u00f6r\u00fc\" href=\"https:\/\/globalallianceregister.com\/?page_id=54&amp;lang=tr\" target=\"_blank\">TELEKOM\u00dcN\u0130KASYON<\/a><\/li>\n<\/ul>\n<\/td>\n<td style=\"width: 350px; border-color: #ffffff; height: 30px; text-align: left; vertical-align: middle; background-color: #f7f7f7;\" width=\"250\">\n<ul style=\"list-style-type: square;\">\n<li><a title=\"Sa\u011fl\u0131k &amp; T\u0131p Sekt\u00f6r\u00fc\" href=\"https:\/\/globalallianceregister.com\/?page_id=56&amp;lang=tr\" target=\"_blank\">SA\u011eLIK &amp; TIP<\/a><\/li>\n<\/ul>\n<\/td>\n<td style=\"width: 350px; border-color: #ffffff; height: 30px; text-align: left; vertical-align: middle; background-color: #f7f7f7;\" width=\"251\">\u00a0<\/td>\n<\/tr>\n<\/tbody>\n<\/table>\n<\/div>","protected":false},"excerpt":{"rendered":"<p>Global Alliance Register, stratejik i\u015f orta\u011f\u0131 olarak, m\u00fc\u015fterilerinin i\u015f d\u00fcnyas\u0131ndaki s\u00fcrekli de\u011fi\u015fen dengelere tutarl\u0131 ve s\u00fcrd\u00fcr\u00fclebilir bir \u015fekilde uyum sa\u011flanmas\u0131na kurumsal b\u00fcy\u00fcme hedeflerinin tan\u0131mlanmas\u0131, planlanmas\u0131 ve y\u00f6netimi alanlar\u0131nda sundu\u011fu \u0130\u015f&#8230; <\/p>\n","protected":false},"author":10,"featured_media":0,"parent":163,"menu_order":2,"comment_status":"closed","ping_status":"closed","template":"page-full.php","meta":{"_acf_changed":false,"om_disable_all_campaigns":false,"footnotes":""},"class_list":["post-176","page","type-page","status-publish","hentry"],"acf":[],"yoast_head":"<!-- This site is optimized with the Yoast SEO plugin v27.4 - https:\/\/yoast.com\/product\/yoast-seo-wordpress\/ -->\n<title>\u0130\u015f Geli\u015ftirme Deste\u011fi - Global Alliance Register<\/title>\n<meta name=\"robots\" content=\"index, follow, max-snippet:-1, max-image-preview:large, max-video-preview:-1\" \/>\n<link rel=\"canonical\" href=\"https:\/\/globalallianceregister.com\/tr\/services\/assistance\/business-development-support\/\" \/>\n<meta property=\"og:locale\" content=\"tr_TR\" \/>\n<meta property=\"og:type\" content=\"article\" \/>\n<meta property=\"og:title\" content=\"\u0130\u015f Geli\u015ftirme Deste\u011fi - Global Alliance Register\" \/>\n<meta property=\"og:description\" content=\"Global Alliance Register, stratejik i\u015f orta\u011f\u0131 olarak, m\u00fc\u015fterilerinin i\u015f d\u00fcnyas\u0131ndaki s\u00fcrekli de\u011fi\u015fen dengelere tutarl\u0131 ve s\u00fcrd\u00fcr\u00fclebilir bir \u015fekilde uyum sa\u011flanmas\u0131na kurumsal b\u00fcy\u00fcme hedeflerinin tan\u0131mlanmas\u0131, planlanmas\u0131 ve y\u00f6netimi alanlar\u0131nda sundu\u011fu \u0130\u015f...\" \/>\n<meta property=\"og:url\" content=\"https:\/\/globalallianceregister.com\/tr\/services\/assistance\/business-development-support\/\" \/>\n<meta property=\"og:site_name\" content=\"Global Alliance Register\" \/>\n<meta property=\"article:modified_time\" content=\"2016-02-03T11:19:39+00:00\" \/>\n<meta name=\"twitter:label1\" content=\"Tahmini okuma s\u00fcresi\" \/>\n\t<meta name=\"twitter:data1\" content=\"3 dakika\" \/>\n<script type=\"application\/ld+json\" class=\"yoast-schema-graph\">{\"@context\":\"https:\\\/\\\/schema.org\",\"@graph\":[{\"@type\":\"WebPage\",\"@id\":\"https:\\\/\\\/globalallianceregister.com\\\/tr\\\/services\\\/assistance\\\/business-development-support\\\/\",\"url\":\"https:\\\/\\\/globalallianceregister.com\\\/tr\\\/services\\\/assistance\\\/business-development-support\\\/\",\"name\":\"\u0130\u015f Geli\u015ftirme Deste\u011fi - Global Alliance Register\",\"isPartOf\":{\"@id\":\"https:\\\/\\\/globalallianceregister.com\\\/tr\\\/#website\"},\"datePublished\":\"2010-12-29T12:56:57+00:00\",\"dateModified\":\"2016-02-03T11:19:39+00:00\",\"breadcrumb\":{\"@id\":\"https:\\\/\\\/globalallianceregister.com\\\/tr\\\/services\\\/assistance\\\/business-development-support\\\/#breadcrumb\"},\"inLanguage\":\"tr\",\"potentialAction\":[{\"@type\":\"ReadAction\",\"target\":[[\"https:\\\/\\\/globalallianceregister.com\\\/tr\\\/services\\\/assistance\\\/business-development-support\\\/\"]]}]},{\"@type\":\"BreadcrumbList\",\"@id\":\"https:\\\/\\\/globalallianceregister.com\\\/tr\\\/services\\\/assistance\\\/business-development-support\\\/#breadcrumb\",\"itemListElement\":[{\"@type\":\"ListItem\",\"position\":1,\"name\":\"Anasayfa\",\"item\":\"https:\\\/\\\/globalallianceregister.com\\\/tr\\\/\"},{\"@type\":\"ListItem\",\"position\":2,\"name\":\"\u0130\u015f Geli\u015ftirme Deste\u011fi\"}]},{\"@type\":\"WebSite\",\"@id\":\"https:\\\/\\\/globalallianceregister.com\\\/tr\\\/#website\",\"url\":\"https:\\\/\\\/globalallianceregister.com\\\/tr\\\/\",\"name\":\"Global Alliance Register\",\"description\":\"(EN) Together for Excellence\",\"potentialAction\":[{\"@type\":\"SearchAction\",\"target\":{\"@type\":\"EntryPoint\",\"urlTemplate\":\"https:\\\/\\\/globalallianceregister.com\\\/tr\\\/?s={search_term_string}\"},\"query-input\":{\"@type\":\"PropertyValueSpecification\",\"valueRequired\":true,\"valueName\":\"search_term_string\"}}],\"inLanguage\":\"tr\"}]}<\/script>\n<!-- \/ Yoast SEO plugin. -->","yoast_head_json":{"title":"\u0130\u015f Geli\u015ftirme Deste\u011fi - Global Alliance Register","robots":{"index":"index","follow":"follow","max-snippet":"max-snippet:-1","max-image-preview":"max-image-preview:large","max-video-preview":"max-video-preview:-1"},"canonical":"https:\/\/globalallianceregister.com\/tr\/services\/assistance\/business-development-support\/","og_locale":"tr_TR","og_type":"article","og_title":"\u0130\u015f Geli\u015ftirme Deste\u011fi - Global Alliance Register","og_description":"Global Alliance Register, stratejik i\u015f orta\u011f\u0131 olarak, m\u00fc\u015fterilerinin i\u015f d\u00fcnyas\u0131ndaki s\u00fcrekli de\u011fi\u015fen dengelere tutarl\u0131 ve s\u00fcrd\u00fcr\u00fclebilir bir \u015fekilde uyum sa\u011flanmas\u0131na kurumsal b\u00fcy\u00fcme hedeflerinin tan\u0131mlanmas\u0131, planlanmas\u0131 ve y\u00f6netimi alanlar\u0131nda sundu\u011fu \u0130\u015f...","og_url":"https:\/\/globalallianceregister.com\/tr\/services\/assistance\/business-development-support\/","og_site_name":"Global Alliance Register","article_modified_time":"2016-02-03T11:19:39+00:00","twitter_misc":{"Tahmini okuma s\u00fcresi":"3 dakika"},"schema":{"@context":"https:\/\/schema.org","@graph":[{"@type":"WebPage","@id":"https:\/\/globalallianceregister.com\/tr\/services\/assistance\/business-development-support\/","url":"https:\/\/globalallianceregister.com\/tr\/services\/assistance\/business-development-support\/","name":"\u0130\u015f Geli\u015ftirme Deste\u011fi - Global Alliance Register","isPartOf":{"@id":"https:\/\/globalallianceregister.com\/tr\/#website"},"datePublished":"2010-12-29T12:56:57+00:00","dateModified":"2016-02-03T11:19:39+00:00","breadcrumb":{"@id":"https:\/\/globalallianceregister.com\/tr\/services\/assistance\/business-development-support\/#breadcrumb"},"inLanguage":"tr","potentialAction":[{"@type":"ReadAction","target":[["https:\/\/globalallianceregister.com\/tr\/services\/assistance\/business-development-support\/"]]}]},{"@type":"BreadcrumbList","@id":"https:\/\/globalallianceregister.com\/tr\/services\/assistance\/business-development-support\/#breadcrumb","itemListElement":[{"@type":"ListItem","position":1,"name":"Anasayfa","item":"https:\/\/globalallianceregister.com\/tr\/"},{"@type":"ListItem","position":2,"name":"\u0130\u015f Geli\u015ftirme Deste\u011fi"}]},{"@type":"WebSite","@id":"https:\/\/globalallianceregister.com\/tr\/#website","url":"https:\/\/globalallianceregister.com\/tr\/","name":"Global Alliance Register","description":"(EN) Together for Excellence","potentialAction":[{"@type":"SearchAction","target":{"@type":"EntryPoint","urlTemplate":"https:\/\/globalallianceregister.com\/tr\/?s={search_term_string}"},"query-input":{"@type":"PropertyValueSpecification","valueRequired":true,"valueName":"search_term_string"}}],"inLanguage":"tr"}]}},"_links":{"self":[{"href":"https:\/\/globalallianceregister.com\/tr\/wp-json\/wp\/v2\/pages\/176","targetHints":{"allow":["GET"]}}],"collection":[{"href":"https:\/\/globalallianceregister.com\/tr\/wp-json\/wp\/v2\/pages"}],"about":[{"href":"https:\/\/globalallianceregister.com\/tr\/wp-json\/wp\/v2\/types\/page"}],"author":[{"embeddable":true,"href":"https:\/\/globalallianceregister.com\/tr\/wp-json\/wp\/v2\/users\/10"}],"replies":[{"embeddable":true,"href":"https:\/\/globalallianceregister.com\/tr\/wp-json\/wp\/v2\/comments?post=176"}],"version-history":[{"count":0,"href":"https:\/\/globalallianceregister.com\/tr\/wp-json\/wp\/v2\/pages\/176\/revisions"}],"up":[{"embeddable":true,"href":"https:\/\/globalallianceregister.com\/tr\/wp-json\/wp\/v2\/pages\/163"}],"wp:attachment":[{"href":"https:\/\/globalallianceregister.com\/tr\/wp-json\/wp\/v2\/media?parent=176"}],"curies":[{"name":"wp","href":"https:\/\/api.w.org\/{rel}","templated":true}]}}