{"id":178,"date":"2010-12-29T12:57:42","date_gmt":"2010-12-29T12:57:42","guid":{"rendered":"https:\/\/globalallianceregister.com\/?page_id=178"},"modified":"2016-02-03T10:11:38","modified_gmt":"2016-02-03T10:11:38","slug":"market-survey-analysis","status":"publish","type":"page","link":"https:\/\/globalallianceregister.com\/tr\/services\/assistance\/market-survey-analysis\/","title":{"rendered":"Pazar Ara\u015ft\u0131rma &#038; Analizi"},"content":{"rendered":"<p><strong>Global Alliance Register uluslararas\u0131 ara\u015ft\u0131rma ve analiz hizmetlerinde kurudu\u011fu stratejik i\u015f ortakl\u0131klar\u0131 ve entelekt\u00fcel uzman altyap\u0131s\u0131yla konusunda lider bir organizasyondur&#8230;<\/strong><\/p>\n<p>Global Alliance Register, <strong>Pazar Ara\u015ft\u0131rma &amp; Analizi<\/strong> alan\u0131nda uluslararas\u0131 kabul g\u00f6ren en son metodolojileri uygulayarak olduk\u00e7a geni\u015f yelpazede hizmet sunmaktad\u0131r.<\/p>\n<p><strong>Pazar Ara\u015ft\u0131rma &amp; Analizi\u00a0<\/strong>i\u015f kapsam\u0131 alt\u0131nda uzman bir kurulu\u015f olarak sunmakta oldu\u011fumuz hizmetler \u015fu \u015fekilde \u00f6zetlenebilir:<\/p>\n<ul>\n<li>Veri \u0130\u015fleme<\/li>\n<li>Pazar Ara\u015ft\u0131rma Verilerinin Analizi<\/li>\n<li>Anket Analizi<\/li>\n<li>Pazarlama Anketi Tasar\u0131m\u0131<\/li>\n<li>\u00d6zet Ara\u015ft\u0131rma Raporu Yaz\u0131m\u0131<\/li>\n<li>Rekabet\u00e7i \u0130\u015f Analizi<\/li>\n<li>Sendikasyon Ara\u015ft\u0131rmalar\u0131<\/li>\n<li>Trend (E\u011filim) Analizi<\/li>\n<li>Rekabet Analizi<\/li>\n<li>\u015eirket Profilleme<\/li>\n<\/ul>\n<p><strong>Pazar Ara\u015ft\u0131r\u0131ma &amp; Analiz Hizmetleri<\/strong>; <strong>Global Alliance Register<\/strong> taraf\u0131ndan t\u00fcm sekt\u00f6rlere uygulanabilir herhangi bir i\u015f s\u00fcrecine entegre \u015fekilde m\u00fc\u015fterilerine sa\u011flanmaktad\u0131r. Bu hizmetin sunulmas\u0131 a\u015famas\u0131nda m\u00fc\u015fterinin \u00e7al\u0131\u015fma alan\u0131n\u0131 do\u011fru anlamak kritik \u00f6neme sahiptir. \u00a0Ancak bu sayede m\u00fc\u015fteriler, pazar ni\u015fleri, \u00a0pazarlama programlar\u0131na katk\u0131 sa\u011flayacak b\u00fct\u00fcnsel bir yakla\u015f\u0131mla sa\u011fl\u0131kl\u0131 bilgi toplama ve veri analizi yap\u0131labilir. Pazar Ara\u015ft\u0131rmalar\u0131 \u00f6nemli bilgilerin temini sa\u011flayan ve i\u015f stratejisine k\u0131lavuzluk yapan \u00f6nemli bir s\u00fcre\u00e7tir.<\/p>\n<p><strong>Pazar Ara\u015ft\u0131rma s\u00fcre\u00e7 yakla\u015f\u0131m\u0131m\u0131z a\u015fa\u011f\u0131daki a\u015famalardan olu\u015fmaktad\u0131r:<\/strong><\/p>\n<ul>\n<li>Sorun ve ara\u015ft\u0131rma hedeflerinin belirlenmesi,<\/li>\n<li>Ara\u015ft\u0131rma Plan\u0131n\u0131n geli\u015ftirilmesi,<\/li>\n<li>Bilgi toplanmas\u0131,<\/li>\n<li>Bir araya getirilen bilgilerin analiz edilmesi,<\/li>\n<li>Bulgular\u0131n sunumu,<\/li>\n<li>Gerekli kararlar\u0131n al\u0131nmas\u0131,<\/li>\n<\/ul>\n<p>Global Alliance Register, uzman insan kaynaklar\u0131n\u0131n sahip oldu\u011fu deneyim ve uluslararas\u0131 stratejik i\u015f ortaklar\u0131 ile y\u00fcr\u00fct\u00fclen \u00e7al\u0131\u015fmalar sayesinde, pazar ara\u015ft\u0131rma hizmetlerinin t\u00fcm disiplinlerinde toplam \u00e7\u00f6z\u00fcm orta\u011f\u0131n\u0131zd\u0131r.\u00a0Taraf\u0131m\u0131zdan sunulan geni\u015f kapsaml\u0131 ara\u015ft\u0131rma ve analiz hizmetleri m\u00fc\u015fterilerinin \u00fcst y\u00f6netimin kritik kararlar alma a\u015famas\u0131nda ba\u015fvurdu\u011fu \u00f6nemli referanslardan biri olmu\u015ftur.<\/p>\n<p><strong>Pazar Ara\u015ft\u0131rma &amp; Analizi <\/strong>hizmetleri ile ilgili daha fazla bilgi almak veya her t\u00fcrl\u00fc hizmet talebiniz i\u00e7in l\u00fctfen taraf\u0131m\u0131zla temas kurunuz\u2026<\/p>\n<div id=\"content_applied_s\">\n<h1>\u0130lgili Sekt\u00f6rler<\/h1>\n<table>\n<tbody>\n<tr>\n<td style=\"width: 350px; border-color: #ffffff; height: 30px; text-align: left; vertical-align: middle; background-color: #f7f7f7;\" width=\"250\">\n<ul style=\"list-style-type: square;\">\n<li><a title=\"Denizcilik Sekt\u00f6r\u00fc\" href=\"https:\/\/globalallianceregister.com\/?page_id=9&amp;lang=tr\" target=\"_blank\">DEN\u0130ZC\u0130L\u0130K<\/a><\/li>\n<\/ul>\n<\/td>\n<td style=\"width: 350px; border-color: #ffffff; height: 30px; text-align: left; vertical-align: middle; background-color: #f7f7f7;\" width=\"250\">\n<ul style=\"list-style-type: square;\">\n<li><a title=\"\u0130n\u015faat Sekt\u00f6r\u00fc\" href=\"https:\/\/globalallianceregister.com\/?page_id=11&amp;lang=tr\" target=\"_blank\">\u0130N\u015eAAT<\/a><\/li>\n<\/ul>\n<\/td>\n<td style=\"width: 350px; border-color: #ffffff; height: 30px; text-align: left; vertical-align: middle; background-color: #f7f7f7;\" width=\"251\">\n<ul style=\"list-style-type: square;\">\n<li><a title=\"Petrol &amp; Gaz Sekt\u00f6r\u00fc\" href=\"https:\/\/globalallianceregister.com\/?page_id=13&amp;lang=tr\" target=\"_blank\">PETROL &amp; GAZ<\/a><\/li>\n<\/ul>\n<\/td>\n<\/tr>\n<tr>\n<td style=\"width: 350px; border-color: #ffffff; height: 30px; text-align: left; vertical-align: middle; background-color: #f7f7f7;\" width=\"250\">\n<ul style=\"list-style-type: square;\">\n<li><a title=\"Enerji &amp; Tesisler\" href=\"https:\/\/globalallianceregister.com\/?page_id=15&amp;lang=tr\" target=\"_blank\">ENERJ\u0130 &amp; TES\u0130SLER<\/a><\/li>\n<\/ul>\n<\/td>\n<td style=\"width: 350px; border-color: #ffffff; height: 30px; text-align: left; vertical-align: middle; background-color: #f7f7f7;\" width=\"250\">\n<ul style=\"list-style-type: square;\">\n<li><a title=\"\u0130malat Sekt\u00f6r\u00fc\" href=\"https:\/\/globalallianceregister.com\/?page_id=20&amp;lang=tr\" target=\"_blank\">\u0130MALAT<\/a><\/li>\n<\/ul>\n<\/td>\n<td style=\"width: 350px; border-color: #ffffff; height: 30px; text-align: left; vertical-align: middle; background-color: #f7f7f7;\" width=\"251\">\n<ul style=\"list-style-type: square;\">\n<li><a title=\"Ula\u015ft\u0131rma &amp; Lojistik Sekt\u00f6r\u00fc\" href=\"https:\/\/globalallianceregister.com\/?page_id=22&amp;lang=tr\" target=\"_blank\">ULA\u015eTIRMA &amp; LOJ\u0130ST\u0130K<\/a><\/li>\n<\/ul>\n<\/td>\n<\/tr>\n<tr>\n<td style=\"width: 350px; border-color: #ffffff; height: 30px; text-align: left; vertical-align: middle; background-color: #f7f7f7;\" width=\"250\">\n<ul style=\"list-style-type: square;\">\n<li><a title=\"Uzay &amp; Havac\u0131l\u0131k Sekt\u00f6r\u00fc\" href=\"https:\/\/globalallianceregister.com\/?page_id=24&amp;lang=tr\" target=\"_blank\">UZAY &amp; HAVACILIK<\/a><\/li>\n<\/ul>\n<\/td>\n<td style=\"width: 350px; border-color: #ffffff; height: 30px; text-align: left; vertical-align: middle; background-color: #f7f7f7;\" width=\"250\">\n<ul style=\"list-style-type: square;\">\n<li><a title=\"Tar\u0131m &amp; G\u0131da Sekt\u00f6r\u00fc\" href=\"https:\/\/globalallianceregister.com\/?page_id=27&amp;lang=tr\" target=\"_blank\">TARIM &amp; GIDA<\/a><\/li>\n<\/ul>\n<\/td>\n<td style=\"width: 350px; border-color: #ffffff; height: 30px; text-align: left; vertical-align: middle; background-color: #f7f7f7;\" width=\"251\">\n<ul style=\"list-style-type: square;\">\n<li><a title=\"Turizm &amp; Otelcilik Sekt\u00f6r\u00fc\" href=\"https:\/\/globalallianceregister.com\/?page_id=29&amp;lang=tr\" target=\"_blank\">TUR\u0130ZM &amp; OTELC\u0130L\u0130K<\/a><\/li>\n<\/ul>\n<\/td>\n<\/tr>\n<tr>\n<td style=\"width: 350px; border-color: #ffffff; height: 30px; text-align: left; vertical-align: middle; background-color: #f7f7f7;\" width=\"250\">\n<ul style=\"list-style-type: square;\">\n<li><a title=\"Finans &amp; Bankac\u0131l\u0131k Sekt\u00f6r\u00fc\" href=\"https:\/\/globalallianceregister.com\/?page_id=38&amp;lang=tr\" target=\"_blank\">F\u0130NANS<\/a><\/li>\n<\/ul>\n<\/td>\n<td style=\"width: 350px; border-color: #ffffff; height: 30px; text-align: left; vertical-align: middle; background-color: #f7f7f7;\" width=\"250\">\n<ul style=\"list-style-type: square;\">\n<li><a title=\"Sigorta Sekt\u00f6r\u00fc\" href=\"https:\/\/globalallianceregister.com\/?page_id=40&amp;lang=tr\" target=\"_blank\">S\u0130GORTA<\/a><\/li>\n<\/ul>\n<\/td>\n<td style=\"width: 350px; border-color: #ffffff; height: 30px; text-align: left; vertical-align: middle; background-color: #f7f7f7;\" width=\"251\">\n<ul style=\"list-style-type: square;\">\n<li><a title=\"Bilgi Teknolojileri Sekt\u00f6r\u00fc\" href=\"https:\/\/globalallianceregister.com\/?page_id=52&amp;lang=tr\" target=\"_blank\">B\u0130LG\u0130 TEKNOLOJ\u0130LER\u0130<\/a><\/li>\n<\/ul>\n<\/td>\n<\/tr>\n<tr>\n<td style=\"width: 350px; border-color: #ffffff; height: 30px; text-align: left; vertical-align: middle; background-color: #f7f7f7;\" width=\"250\">\n<ul style=\"list-style-type: square;\">\n<li><a title=\"Telekom\u00fcnikasyon Sekt\u00f6r\u00fc\" href=\"https:\/\/globalallianceregister.com\/?page_id=54&amp;lang=tr\" target=\"_blank\">TELEKOM\u00dcN\u0130KASYON<\/a><\/li>\n<\/ul>\n<\/td>\n<td style=\"width: 350px; border-color: #ffffff; height: 30px; text-align: left; vertical-align: middle; background-color: #f7f7f7;\" width=\"250\">\n<ul style=\"list-style-type: square;\">\n<li><a title=\"Sa\u011fl\u0131k &amp; T\u0131p Sekt\u00f6r\u00fc\" href=\"https:\/\/globalallianceregister.com\/?page_id=56&amp;lang=tr\" target=\"_blank\">SA\u011eLIK &amp; TIP<\/a><\/li>\n<\/ul>\n<\/td>\n<td style=\"width: 350px; border-color: #ffffff; height: 30px; text-align: left; vertical-align: middle; background-color: #f7f7f7;\" width=\"251\">\u00a0<\/td>\n<\/tr>\n<\/tbody>\n<\/table>\n<\/div>","protected":false},"excerpt":{"rendered":"<p>Global Alliance Register uluslararas\u0131 ara\u015ft\u0131rma ve analiz hizmetlerinde kurudu\u011fu stratejik i\u015f ortakl\u0131klar\u0131 ve entelekt\u00fcel uzman altyap\u0131s\u0131yla konusunda lider bir organizasyondur&#8230; Global Alliance Register, Pazar Ara\u015ft\u0131rma &amp; Analizi alan\u0131nda uluslararas\u0131 kabul&#8230; <\/p>\n","protected":false},"author":10,"featured_media":0,"parent":163,"menu_order":3,"comment_status":"closed","ping_status":"closed","template":"page-full.php","meta":{"_acf_changed":false,"om_disable_all_campaigns":false,"footnotes":""},"class_list":["post-178","page","type-page","status-publish","hentry"],"acf":[],"yoast_head":"<!-- This site is optimized with the Yoast SEO plugin v27.4 - https:\/\/yoast.com\/product\/yoast-seo-wordpress\/ -->\n<title>Pazar Ara\u015ft\u0131rma &amp; Analizi - Global Alliance Register<\/title>\n<meta name=\"robots\" content=\"index, follow, max-snippet:-1, max-image-preview:large, max-video-preview:-1\" \/>\n<link rel=\"canonical\" href=\"https:\/\/globalallianceregister.com\/tr\/services\/assistance\/market-survey-analysis\/\" \/>\n<meta property=\"og:locale\" content=\"tr_TR\" \/>\n<meta property=\"og:type\" content=\"article\" \/>\n<meta property=\"og:title\" content=\"Pazar Ara\u015ft\u0131rma &amp; Analizi - Global Alliance Register\" \/>\n<meta property=\"og:description\" content=\"Global Alliance Register uluslararas\u0131 ara\u015ft\u0131rma ve analiz hizmetlerinde kurudu\u011fu stratejik i\u015f ortakl\u0131klar\u0131 ve entelekt\u00fcel uzman altyap\u0131s\u0131yla konusunda lider bir organizasyondur&#8230; Global Alliance Register, Pazar Ara\u015ft\u0131rma &amp; Analizi alan\u0131nda uluslararas\u0131 kabul...\" \/>\n<meta property=\"og:url\" content=\"https:\/\/globalallianceregister.com\/tr\/services\/assistance\/market-survey-analysis\/\" \/>\n<meta property=\"og:site_name\" content=\"Global Alliance Register\" \/>\n<meta property=\"article:modified_time\" content=\"2016-02-03T10:11:38+00:00\" \/>\n<meta name=\"twitter:label1\" content=\"Tahmini okuma s\u00fcresi\" \/>\n\t<meta name=\"twitter:data1\" content=\"3 dakika\" \/>\n<script type=\"application\/ld+json\" class=\"yoast-schema-graph\">{\"@context\":\"https:\\\/\\\/schema.org\",\"@graph\":[{\"@type\":\"WebPage\",\"@id\":\"https:\\\/\\\/globalallianceregister.com\\\/tr\\\/services\\\/assistance\\\/market-survey-analysis\\\/\",\"url\":\"https:\\\/\\\/globalallianceregister.com\\\/tr\\\/services\\\/assistance\\\/market-survey-analysis\\\/\",\"name\":\"Pazar Ara\u015ft\u0131rma & Analizi - Global Alliance Register\",\"isPartOf\":{\"@id\":\"https:\\\/\\\/globalallianceregister.com\\\/tr\\\/#website\"},\"datePublished\":\"2010-12-29T12:57:42+00:00\",\"dateModified\":\"2016-02-03T10:11:38+00:00\",\"breadcrumb\":{\"@id\":\"https:\\\/\\\/globalallianceregister.com\\\/tr\\\/services\\\/assistance\\\/market-survey-analysis\\\/#breadcrumb\"},\"inLanguage\":\"tr\",\"potentialAction\":[{\"@type\":\"ReadAction\",\"target\":[[\"https:\\\/\\\/globalallianceregister.com\\\/tr\\\/services\\\/assistance\\\/market-survey-analysis\\\/\"]]}]},{\"@type\":\"BreadcrumbList\",\"@id\":\"https:\\\/\\\/globalallianceregister.com\\\/tr\\\/services\\\/assistance\\\/market-survey-analysis\\\/#breadcrumb\",\"itemListElement\":[{\"@type\":\"ListItem\",\"position\":1,\"name\":\"Anasayfa\",\"item\":\"https:\\\/\\\/globalallianceregister.com\\\/tr\\\/\"},{\"@type\":\"ListItem\",\"position\":2,\"name\":\"Pazar Ara\u015ft\u0131rma &#038; Analizi\"}]},{\"@type\":\"WebSite\",\"@id\":\"https:\\\/\\\/globalallianceregister.com\\\/tr\\\/#website\",\"url\":\"https:\\\/\\\/globalallianceregister.com\\\/tr\\\/\",\"name\":\"Global Alliance Register\",\"description\":\"(EN) Together for Excellence\",\"potentialAction\":[{\"@type\":\"SearchAction\",\"target\":{\"@type\":\"EntryPoint\",\"urlTemplate\":\"https:\\\/\\\/globalallianceregister.com\\\/tr\\\/?s={search_term_string}\"},\"query-input\":{\"@type\":\"PropertyValueSpecification\",\"valueRequired\":true,\"valueName\":\"search_term_string\"}}],\"inLanguage\":\"tr\"}]}<\/script>\n<!-- \/ Yoast SEO plugin. -->","yoast_head_json":{"title":"Pazar Ara\u015ft\u0131rma & Analizi - Global Alliance Register","robots":{"index":"index","follow":"follow","max-snippet":"max-snippet:-1","max-image-preview":"max-image-preview:large","max-video-preview":"max-video-preview:-1"},"canonical":"https:\/\/globalallianceregister.com\/tr\/services\/assistance\/market-survey-analysis\/","og_locale":"tr_TR","og_type":"article","og_title":"Pazar Ara\u015ft\u0131rma & Analizi - Global Alliance Register","og_description":"Global Alliance Register uluslararas\u0131 ara\u015ft\u0131rma ve analiz hizmetlerinde kurudu\u011fu stratejik i\u015f ortakl\u0131klar\u0131 ve entelekt\u00fcel uzman altyap\u0131s\u0131yla konusunda lider bir organizasyondur&#8230; Global Alliance Register, Pazar Ara\u015ft\u0131rma &amp; Analizi alan\u0131nda uluslararas\u0131 kabul...","og_url":"https:\/\/globalallianceregister.com\/tr\/services\/assistance\/market-survey-analysis\/","og_site_name":"Global Alliance Register","article_modified_time":"2016-02-03T10:11:38+00:00","twitter_misc":{"Tahmini okuma s\u00fcresi":"3 dakika"},"schema":{"@context":"https:\/\/schema.org","@graph":[{"@type":"WebPage","@id":"https:\/\/globalallianceregister.com\/tr\/services\/assistance\/market-survey-analysis\/","url":"https:\/\/globalallianceregister.com\/tr\/services\/assistance\/market-survey-analysis\/","name":"Pazar Ara\u015ft\u0131rma & Analizi - Global Alliance Register","isPartOf":{"@id":"https:\/\/globalallianceregister.com\/tr\/#website"},"datePublished":"2010-12-29T12:57:42+00:00","dateModified":"2016-02-03T10:11:38+00:00","breadcrumb":{"@id":"https:\/\/globalallianceregister.com\/tr\/services\/assistance\/market-survey-analysis\/#breadcrumb"},"inLanguage":"tr","potentialAction":[{"@type":"ReadAction","target":[["https:\/\/globalallianceregister.com\/tr\/services\/assistance\/market-survey-analysis\/"]]}]},{"@type":"BreadcrumbList","@id":"https:\/\/globalallianceregister.com\/tr\/services\/assistance\/market-survey-analysis\/#breadcrumb","itemListElement":[{"@type":"ListItem","position":1,"name":"Anasayfa","item":"https:\/\/globalallianceregister.com\/tr\/"},{"@type":"ListItem","position":2,"name":"Pazar Ara\u015ft\u0131rma &#038; Analizi"}]},{"@type":"WebSite","@id":"https:\/\/globalallianceregister.com\/tr\/#website","url":"https:\/\/globalallianceregister.com\/tr\/","name":"Global Alliance Register","description":"(EN) Together for Excellence","potentialAction":[{"@type":"SearchAction","target":{"@type":"EntryPoint","urlTemplate":"https:\/\/globalallianceregister.com\/tr\/?s={search_term_string}"},"query-input":{"@type":"PropertyValueSpecification","valueRequired":true,"valueName":"search_term_string"}}],"inLanguage":"tr"}]}},"_links":{"self":[{"href":"https:\/\/globalallianceregister.com\/tr\/wp-json\/wp\/v2\/pages\/178","targetHints":{"allow":["GET"]}}],"collection":[{"href":"https:\/\/globalallianceregister.com\/tr\/wp-json\/wp\/v2\/pages"}],"about":[{"href":"https:\/\/globalallianceregister.com\/tr\/wp-json\/wp\/v2\/types\/page"}],"author":[{"embeddable":true,"href":"https:\/\/globalallianceregister.com\/tr\/wp-json\/wp\/v2\/users\/10"}],"replies":[{"embeddable":true,"href":"https:\/\/globalallianceregister.com\/tr\/wp-json\/wp\/v2\/comments?post=178"}],"version-history":[{"count":0,"href":"https:\/\/globalallianceregister.com\/tr\/wp-json\/wp\/v2\/pages\/178\/revisions"}],"up":[{"embeddable":true,"href":"https:\/\/globalallianceregister.com\/tr\/wp-json\/wp\/v2\/pages\/163"}],"wp:attachment":[{"href":"https:\/\/globalallianceregister.com\/tr\/wp-json\/wp\/v2\/media?parent=178"}],"curies":[{"name":"wp","href":"https:\/\/api.w.org\/{rel}","templated":true}]}}