{"id":180,"date":"2010-12-29T12:58:40","date_gmt":"2010-12-29T12:58:40","guid":{"rendered":"https:\/\/globalallianceregister.com\/?page_id=180"},"modified":"2016-02-03T10:14:40","modified_gmt":"2016-02-03T10:14:40","slug":"engineering-support","status":"publish","type":"page","link":"https:\/\/globalallianceregister.com\/tr\/services\/assistance\/engineering-support\/","title":{"rendered":"M\u00fchendislik &#038; Tasar\u0131m Deste\u011fi"},"content":{"rendered":"<p><strong>Global Alliance Register kurmu\u015f oldu\u011fu stratejik i\u015f ortakl\u0131klar\u0131yla uluslararas\u0131 arenada m\u00fchendislik ve tasar\u0131m konusunda lider kurulu\u015flardan biridir. <\/strong><\/p>\n<p><strong>Zaman\u0131n kritik \u00f6nem ta\u015f\u0131d\u0131\u011f\u0131 en zorlu altyap\u0131 projelerinden her ge\u00e7en g\u00fcn daha da b\u00fcy\u00fck \u00f6nem arz eden d\u00fc\u015f\u00fck karbon emisyonuna ge\u00e7i\u015f \u00e7al\u0131\u015fmalar\u0131na uzanan t\u00fcm proje tiplerinde sahip oldu\u011fu derin deneyim ile m\u00fchendislik ve tasar\u0131m \u00e7al\u0131\u015fmalar\u0131nda m\u00fc\u015fterilerimizin vazge\u00e7ilmez \u00e7\u00f6z\u00fcm merkeziyiz.<\/strong><\/p>\n<p>Yerel ve uluslararas\u0131 m\u00fc\u015fterilerimize sundu\u011fumuz g\u00fcvenilir \u00e7\u00f6z\u00fcmler ve karar alma s\u00fcrecinde alternatif m\u00fchendislik \u00f6nerileri getirmekteyiz. Geni\u015f deneyime sahip ve farkl\u0131 bran\u015flarda m\u00fchendis kadrolar\u0131m\u0131z ile <strong>g\u00f6kdelen in\u015faat\u0131ndan, demiryolu rehabilitasyonu, sel savunma sistemlerinin modellemesi ya da petrol ve gaz sekt\u00f6r\u00fcnde a\u00e7\u0131k deniz petrol aramalar\u0131nda kullan\u0131lan platformlar\u0131n in\u015faat\u0131, yeni bir rafineri in\u015faat\u0131, enerji santrali \u00a0in\u015faat\u0131, ve gemi in\u015fa alanlar\u0131nda \u00a0m\u00fchendislik &amp; tasar\u0131m \u00e7al\u0131\u015fmalar\u0131n\u0131 destekliyor<\/strong> bunlara ek olarak proje y\u00f6netim s\u00fcrecinin geli\u015ftirmesine katk\u0131 sa\u011fl\u0131yoruz.<\/p>\n<p><strong>Global Alliance Register Tasar\u0131m M\u00fchendisleri; <\/strong><strong>jeoloji, harita, yap\u0131, in\u015faat, stabilite, mekanik, elektrik, entr\u00fcmantasyon, \u0131s\u0131tma &amp; havaland\u0131rma sistemleri, yap\u0131 g\u00fcvenlik sistemleri ve projeye \u00f6zel burada detayland\u0131ramad\u0131\u011f\u0131m\u0131z di\u011fer m\u00fchendislik bran\u015flar\u0131nda sahip oldu\u011fu derin uzmanl\u0131\u011fa sahiptirler.<\/strong><\/p>\n<p><strong>Global Alliance Register Tasar\u0131m &amp; M\u00fchendislik Hizmetleri,<\/strong> in\u015faa h\u0131z\u0131n\u0131 art\u0131rarak uygulamada kolayla\u015ft\u0131r\u0131c\u0131 etki sa\u011flayarak in\u015faat maliyetini azaltan y\u00fcksek standartlar koymaktad\u0131r. Ayn\u0131 zamanda \u00e7ok disiplinli m\u00fchendislik faaliyetlerinde her tip proje i\u00e7in sundu\u011fu \u00e7\u00f6z\u00fcmlerini kendi m\u00fchendislik ofislerinde geli\u015ftiriyor olmas\u0131 m\u00fc\u015fterilerinin bu karma\u015f\u0131k s\u00fcreci y\u00f6netim sorumlulu\u011fundan kurtararak tasar\u0131m ve m\u00fchendislik maliyetlerini d\u00fc\u015f\u00fcr\u00fcc\u00fc etki yaratmaktad\u0131r. T\u00fcm bu fakt\u00f6rler, Global Alliance Register taraf\u0131ndan sunulan m\u00fchendislik ve tasar\u0131m hizmetlerinin en etkili ve rekabet\u00e7i y\u00f6ntem olmas\u0131n\u0131 da beraberinde getirmektedir. M\u00fc\u015fterilerimize katma-de\u011fer sa\u011fl\u0131yor olmak\u00a0Global Alliance Register\u00a0i\u00e7in \u00f6nemlidir.<\/p>\n<p><strong>Global Alliance Register<\/strong> kurmu\u015f oldu\u011fu stratejik i\u015f ortaklar\u0131 ile m\u00fc\u015fterilerinin taleplerine etkin ve zaman\u0131nda yan\u0131tlar sunan, t\u00fcm d\u00fcnyada hak etti\u011fi sayg\u0131y\u0131 kazanm\u0131\u015f bir organizasyondur. Modern m\u00fchendislik &amp; tasar\u0131m ofislerinde sa\u011flanan uluslararas\u0131 Kabul g\u00f6ren m\u00fchendislik ve tasar\u0131m yaz\u0131l\u0131mlar\u0131 altyap\u0131s\u0131 Global Alliance Register taraf\u0131ndan t\u00fcm bran\u015flarda \u00e7\u00f6z\u00fcm sunmas\u0131n\u0131 olanakl\u0131 k\u0131lmaktad\u0131r.<\/p>\n<p><strong>M\u00fchendislik &amp; Tasar\u0131m Hizmetleri<\/strong> \u00e7\u00f6z\u00fcmleri hakk\u0131nda daha fazla bilgi almak ve her t\u00fcrl\u00fc talebiniz i\u00e7in l\u00fctfen taraf\u0131m\u0131zla temas kurunuz\u2026<\/p>\n<p>&nbsp;<\/p>\n<h1>\u0130lgili Sekt\u00f6rler<\/h1>\n<table>\n<tbody>\n<tr>\n<td style=\"width: 350px; border-color: #ffffff; height: 30px; text-align: left; vertical-align: middle; background-color: #f7f7f7;\" width=\"250\">\n<ul style=\"list-style-type: square;\">\n<li><a title=\"Denizcilik Sekt\u00f6r\u00fc\" href=\"https:\/\/globalallianceregister.com\/?page_id=9&amp;lang=tr\" target=\"_blank\">DEN\u0130ZC\u0130L\u0130K<\/a><\/li>\n<\/ul>\n<\/td>\n<td style=\"width: 350px; border-color: #ffffff; height: 30px; text-align: left; vertical-align: middle; background-color: #f7f7f7;\" width=\"250\">\n<ul style=\"list-style-type: square;\">\n<li><a title=\"\u0130n\u015faat Sekt\u00f6r\u00fc\" href=\"https:\/\/globalallianceregister.com\/?page_id=11&amp;lang=tr\" target=\"_blank\">\u0130N\u015eAAT<\/a><\/li>\n<\/ul>\n<\/td>\n<td style=\"width: 350px; border-color: #ffffff; height: 30px; text-align: left; vertical-align: middle; background-color: #f7f7f7;\" width=\"251\">\n<ul style=\"list-style-type: square;\">\n<li><a title=\"Petrol &amp; Gaz Sekt\u00f6r\u00fc\" href=\"https:\/\/globalallianceregister.com\/?page_id=13&amp;lang=tr\" target=\"_blank\">PETROL &amp; GAZ<\/a><\/li>\n<\/ul>\n<\/td>\n<\/tr>\n<tr>\n<td style=\"width: 350px; border-color: #ffffff; height: 30px; text-align: left; vertical-align: middle; background-color: #f7f7f7;\" width=\"250\">\n<ul style=\"list-style-type: square;\">\n<li><a title=\"Enerji &amp; Tesisler\" href=\"https:\/\/globalallianceregister.com\/?page_id=15&amp;lang=tr\" target=\"_blank\">ENERJ\u0130 &amp; TES\u0130SLER<\/a><\/li>\n<\/ul>\n<\/td>\n<td style=\"width: 350px; border-color: #ffffff; height: 30px; text-align: left; vertical-align: middle; background-color: #f7f7f7;\" width=\"250\">\n<ul style=\"list-style-type: square;\">\n<li><a title=\"\u0130malat Sekt\u00f6r\u00fc\" href=\"https:\/\/globalallianceregister.com\/?page_id=20&amp;lang=tr\" target=\"_blank\">\u0130MALAT<\/a><\/li>\n<\/ul>\n<\/td>\n<td style=\"width: 350px; border-color: #ffffff; height: 30px; text-align: left; vertical-align: middle; background-color: #f7f7f7;\" width=\"251\">\n<ul style=\"list-style-type: square;\">\n<li><a title=\"Ula\u015ft\u0131rma &amp; Lojistik Sekt\u00f6r\u00fc\" href=\"https:\/\/globalallianceregister.com\/?page_id=22&amp;lang=tr\" target=\"_blank\">ULA\u015eTIRMA &amp; LOJ\u0130ST\u0130K<\/a><\/li>\n<\/ul>\n<\/td>\n<\/tr>\n<tr>\n<td style=\"width: 350px; border-color: #ffffff; height: 30px; text-align: left; vertical-align: middle; background-color: #f7f7f7;\" width=\"250\">\n<ul style=\"list-style-type: square;\">\n<li><a title=\"Uzay &amp; Havac\u0131l\u0131k Sekt\u00f6r\u00fc\" href=\"https:\/\/globalallianceregister.com\/?page_id=24&amp;lang=tr\" target=\"_blank\">UZAY &amp; HAVACILIK<\/a><\/li>\n<\/ul>\n<\/td>\n<td style=\"width: 350px; border-color: #ffffff; height: 30px; text-align: left; vertical-align: middle; background-color: #f7f7f7;\" width=\"250\">\n<ul style=\"list-style-type: square;\">\n<li><a title=\"Tar\u0131m &amp; G\u0131da Sekt\u00f6r\u00fc\" href=\"https:\/\/globalallianceregister.com\/?page_id=27&amp;lang=tr\" target=\"_blank\">TARIM &amp; GIDA<\/a><\/li>\n<\/ul>\n<\/td>\n<td style=\"width: 350px; border-color: #ffffff; height: 30px; text-align: left; vertical-align: middle; background-color: #f7f7f7;\" width=\"251\">\n<ul style=\"list-style-type: square;\">\n<li><a title=\"Turizm &amp; Otelcilik Sekt\u00f6r\u00fc\" href=\"https:\/\/globalallianceregister.com\/?page_id=29&amp;lang=tr\" target=\"_blank\">TUR\u0130ZM &amp; OTELC\u0130L\u0130K<\/a><\/li>\n<\/ul>\n<\/td>\n<\/tr>\n<tr>\n<td style=\"width: 350px; border-color: #ffffff; height: 30px; text-align: left; vertical-align: middle; background-color: #f7f7f7;\" width=\"250\">\n<ul style=\"list-style-type: square;\">\n<li><a title=\"Finans &amp; Bankac\u0131l\u0131k Sekt\u00f6r\u00fc\" href=\"https:\/\/globalallianceregister.com\/?page_id=38&amp;lang=tr\" target=\"_blank\">F\u0130NANS<\/a><\/li>\n<\/ul>\n<\/td>\n<td style=\"width: 350px; border-color: #ffffff; height: 30px; text-align: left; vertical-align: middle; background-color: #f7f7f7;\" width=\"250\">\n<ul style=\"list-style-type: square;\">\n<li><a title=\"Sigorta Sekt\u00f6r\u00fc\" href=\"https:\/\/globalallianceregister.com\/?page_id=40&amp;lang=tr\" target=\"_blank\">S\u0130GORTA<\/a><\/li>\n<\/ul>\n<\/td>\n<td style=\"width: 350px; border-color: #ffffff; height: 30px; text-align: left; vertical-align: middle; background-color: #f7f7f7;\" width=\"251\">\n<ul style=\"list-style-type: square;\">\n<li><a title=\"Bilgi Teknolojileri Sekt\u00f6r\u00fc\" href=\"https:\/\/globalallianceregister.com\/?page_id=52&amp;lang=tr\" target=\"_blank\">B\u0130LG\u0130 TEKNOLOJ\u0130LER\u0130<\/a><\/li>\n<\/ul>\n<\/td>\n<\/tr>\n<tr>\n<td style=\"width: 350px; border-color: #ffffff; height: 30px; text-align: left; vertical-align: middle; background-color: #f7f7f7;\" width=\"250\">\n<ul style=\"list-style-type: square;\">\n<li><a title=\"Telekom\u00fcnikasyon Sekt\u00f6r\u00fc\" href=\"https:\/\/globalallianceregister.com\/?page_id=54&amp;lang=tr\" target=\"_blank\">TELEKOM\u00dcN\u0130KASYON<\/a><\/li>\n<\/ul>\n<\/td>\n<td style=\"width: 350px; border-color: #ffffff; height: 30px; text-align: left; vertical-align: middle; background-color: #f7f7f7;\" width=\"250\">\n<ul style=\"list-style-type: square;\">\n<li><a title=\"Sa\u011fl\u0131k &amp; T\u0131p Sekt\u00f6r\u00fc\" href=\"https:\/\/globalallianceregister.com\/?page_id=56&amp;lang=tr\" target=\"_blank\">SA\u011eLIK &amp; TIP<\/a><\/li>\n<\/ul>\n<\/td>\n<td style=\"width: 350px; border-color: #ffffff; height: 30px; text-align: left; vertical-align: middle; background-color: #f7f7f7;\" width=\"251\">\u00a0<\/td>\n<\/tr>\n<\/tbody>\n<\/table>","protected":false},"excerpt":{"rendered":"<p>Global Alliance Register kurmu\u015f oldu\u011fu stratejik i\u015f ortakl\u0131klar\u0131yla uluslararas\u0131 arenada m\u00fchendislik ve tasar\u0131m konusunda lider kurulu\u015flardan biridir. Zaman\u0131n kritik \u00f6nem ta\u015f\u0131d\u0131\u011f\u0131 en zorlu altyap\u0131 projelerinden her ge\u00e7en g\u00fcn daha da&#8230; <\/p>\n","protected":false},"author":10,"featured_media":0,"parent":163,"menu_order":4,"comment_status":"closed","ping_status":"closed","template":"page-full.php","meta":{"_acf_changed":false,"om_disable_all_campaigns":false,"footnotes":""},"class_list":["post-180","page","type-page","status-publish","hentry"],"acf":[],"yoast_head":"<!-- This site is optimized with the Yoast SEO plugin v27.4 - https:\/\/yoast.com\/product\/yoast-seo-wordpress\/ -->\n<title>M\u00fchendislik &amp; Tasar\u0131m Deste\u011fi - Global Alliance Register<\/title>\n<meta name=\"robots\" content=\"index, follow, max-snippet:-1, max-image-preview:large, max-video-preview:-1\" \/>\n<link rel=\"canonical\" href=\"https:\/\/globalallianceregister.com\/tr\/services\/assistance\/engineering-support\/\" \/>\n<meta property=\"og:locale\" content=\"tr_TR\" \/>\n<meta property=\"og:type\" content=\"article\" \/>\n<meta property=\"og:title\" content=\"M\u00fchendislik &amp; Tasar\u0131m Deste\u011fi - Global Alliance Register\" \/>\n<meta property=\"og:description\" content=\"Global Alliance Register kurmu\u015f oldu\u011fu stratejik i\u015f ortakl\u0131klar\u0131yla uluslararas\u0131 arenada m\u00fchendislik ve tasar\u0131m konusunda lider kurulu\u015flardan biridir. Zaman\u0131n kritik \u00f6nem ta\u015f\u0131d\u0131\u011f\u0131 en zorlu altyap\u0131 projelerinden her ge\u00e7en g\u00fcn daha da...\" \/>\n<meta property=\"og:url\" content=\"https:\/\/globalallianceregister.com\/tr\/services\/assistance\/engineering-support\/\" \/>\n<meta property=\"og:site_name\" content=\"Global Alliance Register\" \/>\n<meta property=\"article:modified_time\" content=\"2016-02-03T10:14:40+00:00\" \/>\n<meta name=\"twitter:label1\" content=\"Tahmini okuma s\u00fcresi\" \/>\n\t<meta name=\"twitter:data1\" content=\"4 dakika\" \/>\n<script type=\"application\/ld+json\" class=\"yoast-schema-graph\">{\"@context\":\"https:\\\/\\\/schema.org\",\"@graph\":[{\"@type\":\"WebPage\",\"@id\":\"https:\\\/\\\/globalallianceregister.com\\\/tr\\\/services\\\/assistance\\\/engineering-support\\\/\",\"url\":\"https:\\\/\\\/globalallianceregister.com\\\/tr\\\/services\\\/assistance\\\/engineering-support\\\/\",\"name\":\"M\u00fchendislik & Tasar\u0131m Deste\u011fi - Global Alliance Register\",\"isPartOf\":{\"@id\":\"https:\\\/\\\/globalallianceregister.com\\\/tr\\\/#website\"},\"datePublished\":\"2010-12-29T12:58:40+00:00\",\"dateModified\":\"2016-02-03T10:14:40+00:00\",\"breadcrumb\":{\"@id\":\"https:\\\/\\\/globalallianceregister.com\\\/tr\\\/services\\\/assistance\\\/engineering-support\\\/#breadcrumb\"},\"inLanguage\":\"tr\",\"potentialAction\":[{\"@type\":\"ReadAction\",\"target\":[[\"https:\\\/\\\/globalallianceregister.com\\\/tr\\\/services\\\/assistance\\\/engineering-support\\\/\"]]}]},{\"@type\":\"BreadcrumbList\",\"@id\":\"https:\\\/\\\/globalallianceregister.com\\\/tr\\\/services\\\/assistance\\\/engineering-support\\\/#breadcrumb\",\"itemListElement\":[{\"@type\":\"ListItem\",\"position\":1,\"name\":\"Anasayfa\",\"item\":\"https:\\\/\\\/globalallianceregister.com\\\/tr\\\/\"},{\"@type\":\"ListItem\",\"position\":2,\"name\":\"M\u00fchendislik &#038; Tasar\u0131m Deste\u011fi\"}]},{\"@type\":\"WebSite\",\"@id\":\"https:\\\/\\\/globalallianceregister.com\\\/tr\\\/#website\",\"url\":\"https:\\\/\\\/globalallianceregister.com\\\/tr\\\/\",\"name\":\"Global Alliance Register\",\"description\":\"(EN) Together for Excellence\",\"potentialAction\":[{\"@type\":\"SearchAction\",\"target\":{\"@type\":\"EntryPoint\",\"urlTemplate\":\"https:\\\/\\\/globalallianceregister.com\\\/tr\\\/?s={search_term_string}\"},\"query-input\":{\"@type\":\"PropertyValueSpecification\",\"valueRequired\":true,\"valueName\":\"search_term_string\"}}],\"inLanguage\":\"tr\"}]}<\/script>\n<!-- \/ Yoast SEO plugin. -->","yoast_head_json":{"title":"M\u00fchendislik & Tasar\u0131m Deste\u011fi - Global Alliance Register","robots":{"index":"index","follow":"follow","max-snippet":"max-snippet:-1","max-image-preview":"max-image-preview:large","max-video-preview":"max-video-preview:-1"},"canonical":"https:\/\/globalallianceregister.com\/tr\/services\/assistance\/engineering-support\/","og_locale":"tr_TR","og_type":"article","og_title":"M\u00fchendislik & Tasar\u0131m Deste\u011fi - Global Alliance Register","og_description":"Global Alliance Register kurmu\u015f oldu\u011fu stratejik i\u015f ortakl\u0131klar\u0131yla uluslararas\u0131 arenada m\u00fchendislik ve tasar\u0131m konusunda lider kurulu\u015flardan biridir. Zaman\u0131n kritik \u00f6nem ta\u015f\u0131d\u0131\u011f\u0131 en zorlu altyap\u0131 projelerinden her ge\u00e7en g\u00fcn daha da...","og_url":"https:\/\/globalallianceregister.com\/tr\/services\/assistance\/engineering-support\/","og_site_name":"Global Alliance Register","article_modified_time":"2016-02-03T10:14:40+00:00","twitter_misc":{"Tahmini okuma s\u00fcresi":"4 dakika"},"schema":{"@context":"https:\/\/schema.org","@graph":[{"@type":"WebPage","@id":"https:\/\/globalallianceregister.com\/tr\/services\/assistance\/engineering-support\/","url":"https:\/\/globalallianceregister.com\/tr\/services\/assistance\/engineering-support\/","name":"M\u00fchendislik & Tasar\u0131m Deste\u011fi - Global Alliance Register","isPartOf":{"@id":"https:\/\/globalallianceregister.com\/tr\/#website"},"datePublished":"2010-12-29T12:58:40+00:00","dateModified":"2016-02-03T10:14:40+00:00","breadcrumb":{"@id":"https:\/\/globalallianceregister.com\/tr\/services\/assistance\/engineering-support\/#breadcrumb"},"inLanguage":"tr","potentialAction":[{"@type":"ReadAction","target":[["https:\/\/globalallianceregister.com\/tr\/services\/assistance\/engineering-support\/"]]}]},{"@type":"BreadcrumbList","@id":"https:\/\/globalallianceregister.com\/tr\/services\/assistance\/engineering-support\/#breadcrumb","itemListElement":[{"@type":"ListItem","position":1,"name":"Anasayfa","item":"https:\/\/globalallianceregister.com\/tr\/"},{"@type":"ListItem","position":2,"name":"M\u00fchendislik &#038; Tasar\u0131m Deste\u011fi"}]},{"@type":"WebSite","@id":"https:\/\/globalallianceregister.com\/tr\/#website","url":"https:\/\/globalallianceregister.com\/tr\/","name":"Global Alliance Register","description":"(EN) Together for Excellence","potentialAction":[{"@type":"SearchAction","target":{"@type":"EntryPoint","urlTemplate":"https:\/\/globalallianceregister.com\/tr\/?s={search_term_string}"},"query-input":{"@type":"PropertyValueSpecification","valueRequired":true,"valueName":"search_term_string"}}],"inLanguage":"tr"}]}},"_links":{"self":[{"href":"https:\/\/globalallianceregister.com\/tr\/wp-json\/wp\/v2\/pages\/180","targetHints":{"allow":["GET"]}}],"collection":[{"href":"https:\/\/globalallianceregister.com\/tr\/wp-json\/wp\/v2\/pages"}],"about":[{"href":"https:\/\/globalallianceregister.com\/tr\/wp-json\/wp\/v2\/types\/page"}],"author":[{"embeddable":true,"href":"https:\/\/globalallianceregister.com\/tr\/wp-json\/wp\/v2\/users\/10"}],"replies":[{"embeddable":true,"href":"https:\/\/globalallianceregister.com\/tr\/wp-json\/wp\/v2\/comments?post=180"}],"version-history":[{"count":0,"href":"https:\/\/globalallianceregister.com\/tr\/wp-json\/wp\/v2\/pages\/180\/revisions"}],"up":[{"embeddable":true,"href":"https:\/\/globalallianceregister.com\/tr\/wp-json\/wp\/v2\/pages\/163"}],"wp:attachment":[{"href":"https:\/\/globalallianceregister.com\/tr\/wp-json\/wp\/v2\/media?parent=180"}],"curies":[{"name":"wp","href":"https:\/\/api.w.org\/{rel}","templated":true}]}}