{"id":182,"date":"2010-12-29T12:59:39","date_gmt":"2010-12-29T12:59:39","guid":{"rendered":"https:\/\/globalallianceregister.com\/?page_id=182"},"modified":"2016-02-03T09:49:38","modified_gmt":"2016-02-03T09:49:38","slug":"expertise-services","status":"publish","type":"page","link":"https:\/\/globalallianceregister.com\/tr\/services\/assistance\/expertise-services\/","title":{"rendered":"Ba\u011f\u0131ms\u0131z Ekspertiz Hizmetleri"},"content":{"rendered":"<p><strong>Sigorta sekt\u00f6r\u00fc ve t\u00fcm pazar segmentlerinde faaliyet g\u00f6steren organizasyonlara d\u00fcnyan\u0131n\u0131m neresinde olursan\u0131z olun hasar y\u00f6netiminde Global Alliance Register Ekspertiz Hizmetleri ile g\u00fcvenilir \u00e7\u00f6z\u00fcm orta\u011f\u0131n\u0131z\u2026<\/strong><\/p>\n<p>GAR Eksperleri taraf\u0131ndan Ba\u011f\u0131ms\u0131z G\u00f6zetim Kurulu\u015fu kimli\u011fi sunulmakta olan Ekspertiz Hizmetleri genellikle sigorta kurulu\u015flar\u0131 veya m\u00fc\u015fteriler taraf\u0131ndan poli\u00e7ede \u00f6ng\u00f6r\u00fclen risklerin olu\u015fmas\u0131 durumunda veya imalat\u00e7\u0131lar taraf\u0131ndan sa\u011flanan \u00fcr\u00fcnlerin garanti kapsam\u0131 i\u00e7inde olu\u015fan hasarlar\u0131n veya bozulman\u0131n tespiti amac\u0131yla sunulmaktad\u0131r.<\/p>\n<p><strong>Global Alliance Register Ba\u011f\u0131ms\u0131z (3. Taraf) Ekspertiz Hizmetleri\u00a0temel olarak a\u015fa\u011f\u0131da belirtilen hizmetleri kapsamaktad\u0131r:<\/strong><\/p>\n<ul>\n<li>Sigorta Kurulu\u015fu ad\u0131na hasar ekspertizi (araba, makina, kargo, gemi, konteyner, mal, t\u00fcketici \u00fcr\u00fcn\u00fc v.b.)<\/li>\n<li>Ara\u00e7 Hasar Takip Hizmetleri \u2013 yeni ara\u00e7lar\u0131n imal edildikten sonra fabrikadan, sat\u0131\u015f a\u011f\u0131 ve son kullan\u0131c\u0131ya kadar \u00a0ge\u00e7en s\u00fcre\u00e7te lojistik y\u00fckleme ve transfer sahalar\u0131nda hasar takibi,<\/li>\n<li>T\u00fcm vakalar i\u00e7in hasar ekspertizi,<\/li>\n<li>Kaza Ara\u015ft\u0131rmas\u0131,<\/li>\n<li>Mahkeme Davalar\u0131nda Eksper (Bilirki\u015fi) \u015eahitli\u011fi,<\/li>\n<li>Kay\u0131p\/ Onar\u0131m Maliyeti\/ Mevcut De\u011fer Tespiti,<\/li>\n<li>Sabit Tesis Varl\u0131klar\u0131n\u0131n Kalan \u00d6m\u00fcr Tayini,<\/li>\n<li>Y\u00fckleme\/ Tahliye Limanlar\u0131nda \u0130thalat\/ \u0130hracat Operasyonlar\u0131 \u0130\u00e7in Ekspertiz &amp; G\u00f6zetim Hizmetleri,<\/li>\n<li>Finans Kurulu\u015flar\u0131 Ad\u0131na Finanse Edilen Projeler \u0130\u00e7in Proje \u0130lerleme \u0130zleme &amp; Ekspertizi Hizmetleri,<\/li>\n<\/ul>\n<p><strong><em>Ekspertiz Hizmeti talepleriniz ve daha fazla bilgi i\u00e7in l\u00fctfen taraf\u0131m\u0131zla temas kurunuz\u2026<\/em><\/strong><\/p>\n<p>&nbsp;<\/p>\n<h1>\u0130lgili Sekt\u00f6rler<\/h1>\n<table>\n<tbody>\n<tr>\n<td style=\"width: 350px; border-color: #ffffff; height: 30px; text-align: left; vertical-align: middle; background-color: #f7f7f7;\" width=\"250\">\n<ul style=\"list-style-type: square;\">\n<li><a title=\"Denizcilik Sekt\u00f6r\u00fc\" href=\"https:\/\/globalallianceregister.com\/?page_id=9&amp;lang=tr\" target=\"_blank\">DEN\u0130ZC\u0130L\u0130K<\/a><\/li>\n<\/ul>\n<\/td>\n<td style=\"width: 350px; border-color: #ffffff; height: 30px; text-align: left; vertical-align: middle; background-color: #f7f7f7;\" width=\"250\">\n<ul style=\"list-style-type: square;\">\n<li><a title=\"\u0130n\u015faat Sekt\u00f6r\u00fc\" href=\"https:\/\/globalallianceregister.com\/?page_id=11&amp;lang=tr\" target=\"_blank\">\u0130N\u015eAAT<\/a><\/li>\n<\/ul>\n<\/td>\n<td style=\"width: 350px; border-color: #ffffff; height: 30px; text-align: left; vertical-align: middle; background-color: #f7f7f7;\" width=\"251\">\n<ul style=\"list-style-type: square;\">\n<li><a title=\"Petrol &amp; Gaz Sekt\u00f6r\u00fc\" href=\"https:\/\/globalallianceregister.com\/?page_id=13&amp;lang=tr\" target=\"_blank\">PETROL &amp; GAZ<\/a><\/li>\n<\/ul>\n<\/td>\n<\/tr>\n<tr>\n<td style=\"width: 350px; border-color: #ffffff; height: 30px; text-align: left; vertical-align: middle; background-color: #f7f7f7;\" width=\"250\">\n<ul style=\"list-style-type: square;\">\n<li><a title=\"Enerji &amp; Tesisler\" href=\"https:\/\/globalallianceregister.com\/?page_id=15&amp;lang=tr\" target=\"_blank\">ENERJ\u0130 &amp; TES\u0130SLER<\/a><\/li>\n<\/ul>\n<\/td>\n<td style=\"width: 350px; border-color: #ffffff; height: 30px; text-align: left; vertical-align: middle; background-color: #f7f7f7;\" width=\"250\">\n<ul style=\"list-style-type: square;\">\n<li><a title=\"\u0130malat Sekt\u00f6r\u00fc\" href=\"https:\/\/globalallianceregister.com\/?page_id=20&amp;lang=tr\" target=\"_blank\">\u0130MALAT<\/a><\/li>\n<\/ul>\n<\/td>\n<td style=\"width: 350px; border-color: #ffffff; height: 30px; text-align: left; vertical-align: middle; background-color: #f7f7f7;\" width=\"251\">\n<ul style=\"list-style-type: square;\">\n<li><a title=\"Ula\u015ft\u0131rma &amp; Lojistik Sekt\u00f6r\u00fc\" href=\"https:\/\/globalallianceregister.com\/?page_id=22&amp;lang=tr\" target=\"_blank\">ULA\u015eTIRMA &amp; LOJ\u0130ST\u0130K<\/a><\/li>\n<\/ul>\n<\/td>\n<\/tr>\n<tr>\n<td style=\"width: 350px; border-color: #ffffff; height: 30px; text-align: left; vertical-align: middle; background-color: #f7f7f7;\" width=\"250\">\n<ul style=\"list-style-type: square;\">\n<li><a title=\"Uzay &amp; Havac\u0131l\u0131k Sekt\u00f6r\u00fc\" href=\"https:\/\/globalallianceregister.com\/?page_id=24&amp;lang=tr\" target=\"_blank\">UZAY &amp; HAVACILIK<\/a><\/li>\n<\/ul>\n<\/td>\n<td style=\"width: 350px; border-color: #ffffff; height: 30px; text-align: left; vertical-align: middle; background-color: #f7f7f7;\" width=\"250\">\n<ul style=\"list-style-type: square;\">\n<li><a title=\"Tar\u0131m &amp; G\u0131da Sekt\u00f6r\u00fc\" href=\"https:\/\/globalallianceregister.com\/?page_id=27&amp;lang=tr\" target=\"_blank\">TARIM &amp; GIDA<\/a><\/li>\n<\/ul>\n<\/td>\n<td style=\"width: 350px; border-color: #ffffff; height: 30px; text-align: left; vertical-align: middle; background-color: #f7f7f7;\" width=\"251\">\n<ul style=\"list-style-type: square;\">\n<li><a title=\"Turizm &amp; Otelcilik Sekt\u00f6r\u00fc\" href=\"https:\/\/globalallianceregister.com\/?page_id=29&amp;lang=tr\" target=\"_blank\">TUR\u0130ZM &amp; OTELC\u0130L\u0130K<\/a><\/li>\n<\/ul>\n<\/td>\n<\/tr>\n<tr>\n<td style=\"width: 350px; border-color: #ffffff; height: 30px; text-align: left; vertical-align: middle; background-color: #f7f7f7;\" width=\"250\">\n<ul style=\"list-style-type: square;\">\n<li><a title=\"Finans &amp; Bankac\u0131l\u0131k Sekt\u00f6r\u00fc\" href=\"https:\/\/globalallianceregister.com\/?page_id=38&amp;lang=tr\" target=\"_blank\">F\u0130NANS<\/a><\/li>\n<\/ul>\n<\/td>\n<td style=\"width: 350px; border-color: #ffffff; height: 30px; text-align: left; vertical-align: middle; background-color: #f7f7f7;\" width=\"250\">\n<ul style=\"list-style-type: square;\">\n<li><a title=\"Sigorta Sekt\u00f6r\u00fc\" href=\"https:\/\/globalallianceregister.com\/?page_id=40&amp;lang=tr\" target=\"_blank\">S\u0130GORTA<\/a><\/li>\n<\/ul>\n<\/td>\n<td style=\"width: 350px; border-color: #ffffff; height: 30px; text-align: left; vertical-align: middle; background-color: #f7f7f7;\" width=\"251\">\n<ul style=\"list-style-type: square;\">\n<li><a title=\"Bilgi Teknolojileri Sekt\u00f6r\u00fc\" href=\"https:\/\/globalallianceregister.com\/?page_id=52&amp;lang=tr\" target=\"_blank\">B\u0130LG\u0130 TEKNOLOJ\u0130LER\u0130<\/a><\/li>\n<\/ul>\n<\/td>\n<\/tr>\n<tr>\n<td style=\"width: 350px; border-color: #ffffff; height: 30px; text-align: left; vertical-align: middle; background-color: #f7f7f7;\" width=\"250\">\n<ul style=\"list-style-type: square;\">\n<li><a title=\"Telekom\u00fcnikasyon Sekt\u00f6r\u00fc\" href=\"https:\/\/globalallianceregister.com\/?page_id=54&amp;lang=tr\" target=\"_blank\">TELEKOM\u00dcN\u0130KASYON<\/a><\/li>\n<\/ul>\n<\/td>\n<td style=\"width: 350px; border-color: #ffffff; height: 30px; text-align: left; vertical-align: middle; background-color: #f7f7f7;\" width=\"250\">\n<ul style=\"list-style-type: square;\">\n<li><a title=\"Sa\u011fl\u0131k &amp; T\u0131p Sekt\u00f6r\u00fc\" href=\"https:\/\/globalallianceregister.com\/?page_id=56&amp;lang=tr\" target=\"_blank\">SA\u011eLIK &amp; TIP<\/a><\/li>\n<\/ul>\n<\/td>\n<td style=\"width: 350px; border-color: #ffffff; height: 30px; text-align: left; vertical-align: middle; background-color: #f7f7f7;\" width=\"251\">\u00a0<\/td>\n<\/tr>\n<\/tbody>\n<\/table>","protected":false},"excerpt":{"rendered":"<p>Sigorta sekt\u00f6r\u00fc ve t\u00fcm pazar segmentlerinde faaliyet g\u00f6steren organizasyonlara d\u00fcnyan\u0131n\u0131m neresinde olursan\u0131z olun hasar y\u00f6netiminde Global Alliance Register Ekspertiz Hizmetleri ile g\u00fcvenilir \u00e7\u00f6z\u00fcm orta\u011f\u0131n\u0131z\u2026 GAR Eksperleri taraf\u0131ndan Ba\u011f\u0131ms\u0131z G\u00f6zetim Kurulu\u015fu&#8230; <\/p>\n","protected":false},"author":10,"featured_media":0,"parent":163,"menu_order":5,"comment_status":"closed","ping_status":"closed","template":"page-full.php","meta":{"_acf_changed":false,"om_disable_all_campaigns":false,"footnotes":""},"class_list":["post-182","page","type-page","status-publish","hentry"],"acf":[],"yoast_head":"<!-- This site is optimized with the Yoast SEO plugin v27.4 - https:\/\/yoast.com\/product\/yoast-seo-wordpress\/ -->\n<title>Ba\u011f\u0131ms\u0131z Ekspertiz Hizmetleri - Global Alliance Register<\/title>\n<meta name=\"robots\" content=\"index, follow, max-snippet:-1, max-image-preview:large, max-video-preview:-1\" \/>\n<link rel=\"canonical\" href=\"https:\/\/globalallianceregister.com\/tr\/services\/assistance\/expertise-services\/\" \/>\n<meta property=\"og:locale\" content=\"tr_TR\" \/>\n<meta property=\"og:type\" content=\"article\" \/>\n<meta property=\"og:title\" content=\"Ba\u011f\u0131ms\u0131z Ekspertiz Hizmetleri - Global Alliance Register\" \/>\n<meta property=\"og:description\" content=\"Sigorta sekt\u00f6r\u00fc ve t\u00fcm pazar segmentlerinde faaliyet g\u00f6steren organizasyonlara d\u00fcnyan\u0131n\u0131m neresinde olursan\u0131z olun hasar y\u00f6netiminde Global Alliance Register Ekspertiz Hizmetleri ile g\u00fcvenilir \u00e7\u00f6z\u00fcm orta\u011f\u0131n\u0131z\u2026 GAR Eksperleri taraf\u0131ndan Ba\u011f\u0131ms\u0131z G\u00f6zetim Kurulu\u015fu...\" \/>\n<meta property=\"og:url\" content=\"https:\/\/globalallianceregister.com\/tr\/services\/assistance\/expertise-services\/\" \/>\n<meta property=\"og:site_name\" content=\"Global Alliance Register\" \/>\n<meta property=\"article:modified_time\" content=\"2016-02-03T09:49:38+00:00\" \/>\n<meta name=\"twitter:label1\" content=\"Tahmini okuma s\u00fcresi\" \/>\n\t<meta name=\"twitter:data1\" content=\"2 dakika\" \/>\n<script type=\"application\/ld+json\" class=\"yoast-schema-graph\">{\"@context\":\"https:\\\/\\\/schema.org\",\"@graph\":[{\"@type\":\"WebPage\",\"@id\":\"https:\\\/\\\/globalallianceregister.com\\\/tr\\\/services\\\/assistance\\\/expertise-services\\\/\",\"url\":\"https:\\\/\\\/globalallianceregister.com\\\/tr\\\/services\\\/assistance\\\/expertise-services\\\/\",\"name\":\"Ba\u011f\u0131ms\u0131z Ekspertiz Hizmetleri - Global Alliance Register\",\"isPartOf\":{\"@id\":\"https:\\\/\\\/globalallianceregister.com\\\/tr\\\/#website\"},\"datePublished\":\"2010-12-29T12:59:39+00:00\",\"dateModified\":\"2016-02-03T09:49:38+00:00\",\"breadcrumb\":{\"@id\":\"https:\\\/\\\/globalallianceregister.com\\\/tr\\\/services\\\/assistance\\\/expertise-services\\\/#breadcrumb\"},\"inLanguage\":\"tr\",\"potentialAction\":[{\"@type\":\"ReadAction\",\"target\":[[\"https:\\\/\\\/globalallianceregister.com\\\/tr\\\/services\\\/assistance\\\/expertise-services\\\/\"]]}]},{\"@type\":\"BreadcrumbList\",\"@id\":\"https:\\\/\\\/globalallianceregister.com\\\/tr\\\/services\\\/assistance\\\/expertise-services\\\/#breadcrumb\",\"itemListElement\":[{\"@type\":\"ListItem\",\"position\":1,\"name\":\"Anasayfa\",\"item\":\"https:\\\/\\\/globalallianceregister.com\\\/tr\\\/\"},{\"@type\":\"ListItem\",\"position\":2,\"name\":\"Ba\u011f\u0131ms\u0131z Ekspertiz Hizmetleri\"}]},{\"@type\":\"WebSite\",\"@id\":\"https:\\\/\\\/globalallianceregister.com\\\/tr\\\/#website\",\"url\":\"https:\\\/\\\/globalallianceregister.com\\\/tr\\\/\",\"name\":\"Global Alliance Register\",\"description\":\"(EN) Together for Excellence\",\"potentialAction\":[{\"@type\":\"SearchAction\",\"target\":{\"@type\":\"EntryPoint\",\"urlTemplate\":\"https:\\\/\\\/globalallianceregister.com\\\/tr\\\/?s={search_term_string}\"},\"query-input\":{\"@type\":\"PropertyValueSpecification\",\"valueRequired\":true,\"valueName\":\"search_term_string\"}}],\"inLanguage\":\"tr\"}]}<\/script>\n<!-- \/ Yoast SEO plugin. -->","yoast_head_json":{"title":"Ba\u011f\u0131ms\u0131z Ekspertiz Hizmetleri - Global Alliance Register","robots":{"index":"index","follow":"follow","max-snippet":"max-snippet:-1","max-image-preview":"max-image-preview:large","max-video-preview":"max-video-preview:-1"},"canonical":"https:\/\/globalallianceregister.com\/tr\/services\/assistance\/expertise-services\/","og_locale":"tr_TR","og_type":"article","og_title":"Ba\u011f\u0131ms\u0131z Ekspertiz Hizmetleri - Global Alliance Register","og_description":"Sigorta sekt\u00f6r\u00fc ve t\u00fcm pazar segmentlerinde faaliyet g\u00f6steren organizasyonlara d\u00fcnyan\u0131n\u0131m neresinde olursan\u0131z olun hasar y\u00f6netiminde Global Alliance Register Ekspertiz Hizmetleri ile g\u00fcvenilir \u00e7\u00f6z\u00fcm orta\u011f\u0131n\u0131z\u2026 GAR Eksperleri taraf\u0131ndan Ba\u011f\u0131ms\u0131z G\u00f6zetim Kurulu\u015fu...","og_url":"https:\/\/globalallianceregister.com\/tr\/services\/assistance\/expertise-services\/","og_site_name":"Global Alliance Register","article_modified_time":"2016-02-03T09:49:38+00:00","twitter_misc":{"Tahmini okuma s\u00fcresi":"2 dakika"},"schema":{"@context":"https:\/\/schema.org","@graph":[{"@type":"WebPage","@id":"https:\/\/globalallianceregister.com\/tr\/services\/assistance\/expertise-services\/","url":"https:\/\/globalallianceregister.com\/tr\/services\/assistance\/expertise-services\/","name":"Ba\u011f\u0131ms\u0131z Ekspertiz Hizmetleri - Global Alliance Register","isPartOf":{"@id":"https:\/\/globalallianceregister.com\/tr\/#website"},"datePublished":"2010-12-29T12:59:39+00:00","dateModified":"2016-02-03T09:49:38+00:00","breadcrumb":{"@id":"https:\/\/globalallianceregister.com\/tr\/services\/assistance\/expertise-services\/#breadcrumb"},"inLanguage":"tr","potentialAction":[{"@type":"ReadAction","target":[["https:\/\/globalallianceregister.com\/tr\/services\/assistance\/expertise-services\/"]]}]},{"@type":"BreadcrumbList","@id":"https:\/\/globalallianceregister.com\/tr\/services\/assistance\/expertise-services\/#breadcrumb","itemListElement":[{"@type":"ListItem","position":1,"name":"Anasayfa","item":"https:\/\/globalallianceregister.com\/tr\/"},{"@type":"ListItem","position":2,"name":"Ba\u011f\u0131ms\u0131z Ekspertiz Hizmetleri"}]},{"@type":"WebSite","@id":"https:\/\/globalallianceregister.com\/tr\/#website","url":"https:\/\/globalallianceregister.com\/tr\/","name":"Global Alliance Register","description":"(EN) Together for Excellence","potentialAction":[{"@type":"SearchAction","target":{"@type":"EntryPoint","urlTemplate":"https:\/\/globalallianceregister.com\/tr\/?s={search_term_string}"},"query-input":{"@type":"PropertyValueSpecification","valueRequired":true,"valueName":"search_term_string"}}],"inLanguage":"tr"}]}},"_links":{"self":[{"href":"https:\/\/globalallianceregister.com\/tr\/wp-json\/wp\/v2\/pages\/182","targetHints":{"allow":["GET"]}}],"collection":[{"href":"https:\/\/globalallianceregister.com\/tr\/wp-json\/wp\/v2\/pages"}],"about":[{"href":"https:\/\/globalallianceregister.com\/tr\/wp-json\/wp\/v2\/types\/page"}],"author":[{"embeddable":true,"href":"https:\/\/globalallianceregister.com\/tr\/wp-json\/wp\/v2\/users\/10"}],"replies":[{"embeddable":true,"href":"https:\/\/globalallianceregister.com\/tr\/wp-json\/wp\/v2\/comments?post=182"}],"version-history":[{"count":0,"href":"https:\/\/globalallianceregister.com\/tr\/wp-json\/wp\/v2\/pages\/182\/revisions"}],"up":[{"embeddable":true,"href":"https:\/\/globalallianceregister.com\/tr\/wp-json\/wp\/v2\/pages\/163"}],"wp:attachment":[{"href":"https:\/\/globalallianceregister.com\/tr\/wp-json\/wp\/v2\/media?parent=182"}],"curies":[{"name":"wp","href":"https:\/\/api.w.org\/{rel}","templated":true}]}}