{"id":184,"date":"2010-12-29T13:00:28","date_gmt":"2010-12-29T13:00:28","guid":{"rendered":"https:\/\/globalallianceregister.com\/?page_id=184"},"modified":"2016-02-03T11:26:31","modified_gmt":"2016-02-03T11:26:31","slug":"project-development-assistance","status":"publish","type":"page","link":"https:\/\/globalallianceregister.com\/tr\/services\/assistance\/project-development-assistance\/","title":{"rendered":"A.B. Fonlar\u0131 \u0130\u00e7in Proje Geli\u015ftirme Deste\u011fi"},"content":{"rendered":"<p><strong>G\u00fcvenilir straejik i\u015f orta\u011f\u0131n\u0131z olarak Global Alliance Register proje geli\u015ftirme s\u00fcrecine hakim uzmanlar\u0131 ile m\u00fc\u015fterilerinin i\u015f gereksinimleri ile tutarl\u0131 bir \u015fekilde katma-de\u011fer sa\u011fl\u0131yor\u2026<\/strong><\/p>\n<p><strong>Proje Geli\u015ftirme Destek Program\u0131 AB Fon<\/strong> olanaklar\u0131ndan faydalan\u0131labilecek t\u00fcm proje tiplerini kapsamaktad\u0131r. Global Alliance Register misyonu de\u011fi\u015fime \u00f6nc\u00fc olan proje liderlerine etkin ve zaman\u0131nda destek sunarak geli\u015ftirmeyi ama\u00e7lad\u0131klar\u0131 projeler i\u00e7in mevcut AB fonlar\u0131ndan maksimum seviyede ve en verimli \u015fekilde yararlanmalar\u0131n\u0131 sa\u011flamakt\u0131r. Amac\u0131m\u0131z proje geli\u015ftirme a\u015famas\u0131nda ileri eri\u015fim metotlar\u0131n\u0131 uygulanmas\u0131n\u0131 sa\u011flamakt\u0131r.<\/p>\n<p><strong>Proje Geli\u015ftirme Destek Program\u0131<\/strong> proje liderlerinin pratik anlamda de\u011ferlendirebilecekleri, ger\u00e7ek\u00e7i hedefler ve ilgili ba\u011flant\u0131larla projelerde b\u00fcy\u00fck etki yaratacak, gerekli kaynaklar\u0131 mobilize ederek kaliteli sonu\u00e7 al\u0131nmas\u0131n\u0131 g\u00fcvence alt\u0131na alacak \u015fekilde her bir proje i\u00e7in \u00f6zg\u00fcn yap\u0131land\u0131r\u0131lmaktad\u0131r. <strong>AB Fonlar\u0131 i\u00e7in Proje Geli\u015ftirme Destek Program\u0131<\/strong> uygulamalar\u0131nda ba\u015far\u0131l\u0131 sonu\u00e7 al\u0131nabilmesi i\u00e7in Global Alliance Register Dan\u0131\u015fmanlar\u0131 taraf\u0131ndan somut proje \u00fczerinde sahip oldu\u011funuz uzmanl\u0131klar ve kabiliyetleri de\u011ferlendirilir, ilgili projenin kalite gerekliliklerini ve fon sa\u011flayacak kurum taraf\u0131ndan belirlenen ve kritik \u00f6neme sahip olan kabul kriterlerinin t\u00fcm boyutlar\u0131 de\u011ferlendirilmektedir.<\/p>\n<p>Projeleriniz i\u00e7in Global Alliance Register dan\u0131\u015fmanlar\u0131 taraf\u0131ndan proje \u00e7al\u0131\u015fmas\u0131 \u00f6ncesi t\u00fcm fon, te\u015fvik, kredi imkanlar\u0131 hakk\u0131nda bilgilendirme yap\u0131lmaktad\u0131r. Proje geli\u015ftirme \u00e7al\u0131\u015fmalar\u0131n\u0131zda\u00a0ba\u015far\u0131l\u0131 sonu\u00e7 al\u0131nabilmesini sa\u011flamak i\u00e7in her a\u015famada temel parametreler g\u00f6zden ge\u00e7irilerek, gerekli fon toplama \u00a0ve ileti\u015fim becerileri rafine edilir ve bu alandaki deneyimlerimiz ile benzeri olamayan iyi uygulama \u00f6rneklerinden m\u00fc\u015fterilerimiz faydalan\u0131r.<\/p>\n<p><strong>Global Alliance Register taraf\u0131ndan sunulmakta olan Proje Geli\u015ftirme Destek Program\u0131 kapsam\u0131 genel hatlar\u0131yla \u015fu \u015fekilde \u00f6zetlenebilir:<\/strong><\/p>\n<ul>\n<li>Proje \u00e7er\u00e7evesinin belirlenmesi,<\/li>\n<li>Mevcut fonlar\u0131n ara\u015ft\u0131r\u0131lmas\u0131,<\/li>\n<li>Fon prensiplerinin belirlenmesi (strateji, politika, program, fona \u00f6zel gereklilikler),<\/li>\n<li>Proje ortam\u0131n\u0131n ve ortaklar\u0131n\u0131n analizi,<\/li>\n<li>Sekt\u00f6rler aras\u0131 ve b\u00f6lgesel i\u015fbirli\u011fi ile kritik \u00f6nceliklerin belirlenmesi,<\/li>\n<li>Proje tasar\u0131m matrisi ve kalite \u00e7er\u00e7evesi metodolojisinin olu\u015fturulmas\u0131,<\/li>\n<li>Arka plan dok\u00fcmantasyonlar\u0131n\u0131n olu\u015fturulmas\u0131,<\/li>\n<li>Proje amac\u0131 ve spesifik hedeflerinin belirlenmesi,<\/li>\n<li>Proje giri\u015fiminin tan\u0131mlanmas\u0131,<\/li>\n<li>Proje teklifinin geli\u015ftirilmesi,<\/li>\n<li>\u0130lgili fonlara proje teklifinin sunulmas\u0131,<\/li>\n<li>Proje teklifi dosyas\u0131n\u0131n takibi ve olas\u0131 sorular\u0131n cevapland\u0131r\u0131lmas\u0131,<\/li>\n<li>Talep edilmesi durumunda m\u00fc\u015fteri ad\u0131na sa\u011flanan fonun b\u00fct\u00e7e &amp; proje y\u00f6netiminin fon ko\u015ful ve \u015fartlar\u0131na uygun olarak sa\u011flanmas\u0131,<\/li>\n<\/ul>\n<p><strong>A.B. Fonlar\u0131 \u0130\u00e7in Proje Geli\u015ftirme Destek Program\u0131 <\/strong>hakk\u0131nda soru ve talepleriniz i\u00e7in l\u00fctfen taraf\u0131m\u0131zla temas kurunuz\u2026<\/p>\n<h1>\u0130lgili Sekt\u00f6rler<\/h1>\n<table>\n<tbody>\n<tr>\n<td style=\"width: 350px; border-color: #ffffff; height: 30px; text-align: left; vertical-align: middle; background-color: #f7f7f7;\" width=\"250\">\n<ul style=\"list-style-type: square;\">\n<li><a title=\"Denizcilik Sekt\u00f6r\u00fc\" href=\"https:\/\/globalallianceregister.com\/?page_id=9&amp;lang=tr\" target=\"_blank\">DEN\u0130ZC\u0130L\u0130K<\/a><\/li>\n<\/ul>\n<\/td>\n<td style=\"width: 350px; border-color: #ffffff; height: 30px; text-align: left; vertical-align: middle; background-color: #f7f7f7;\" width=\"250\">\n<ul style=\"list-style-type: square;\">\n<li><a title=\"\u0130n\u015faat Sekt\u00f6r\u00fc\" href=\"https:\/\/globalallianceregister.com\/?page_id=11&amp;lang=tr\" target=\"_blank\">\u0130N\u015eAAT<\/a><\/li>\n<\/ul>\n<\/td>\n<td style=\"width: 350px; border-color: #ffffff; height: 30px; text-align: left; vertical-align: middle; background-color: #f7f7f7;\" width=\"251\">\n<ul style=\"list-style-type: square;\">\n<li><a title=\"Petrol &amp; Gaz Sekt\u00f6r\u00fc\" href=\"https:\/\/globalallianceregister.com\/?page_id=13&amp;lang=tr\" target=\"_blank\">PETROL &amp; GAZ<\/a><\/li>\n<\/ul>\n<\/td>\n<\/tr>\n<tr>\n<td style=\"width: 350px; border-color: #ffffff; height: 30px; text-align: left; vertical-align: middle; background-color: #f7f7f7;\" width=\"250\">\n<ul style=\"list-style-type: square;\">\n<li><a title=\"Enerji &amp; Tesisler\" href=\"https:\/\/globalallianceregister.com\/?page_id=15&amp;lang=tr\" target=\"_blank\">ENERJ\u0130 &amp; TES\u0130SLER<\/a><\/li>\n<\/ul>\n<\/td>\n<td style=\"width: 350px; border-color: #ffffff; height: 30px; text-align: left; vertical-align: middle; background-color: #f7f7f7;\" width=\"250\">\n<ul style=\"list-style-type: square;\">\n<li><a title=\"\u0130malat Sekt\u00f6r\u00fc\" href=\"https:\/\/globalallianceregister.com\/?page_id=20&amp;lang=tr\" target=\"_blank\">\u0130MALAT<\/a><\/li>\n<\/ul>\n<\/td>\n<td style=\"width: 350px; border-color: #ffffff; height: 30px; text-align: left; vertical-align: middle; background-color: #f7f7f7;\" width=\"251\">\n<ul style=\"list-style-type: square;\">\n<li><a title=\"Ula\u015ft\u0131rma &amp; Lojistik Sekt\u00f6r\u00fc\" href=\"https:\/\/globalallianceregister.com\/?page_id=22&amp;lang=tr\" target=\"_blank\">ULA\u015eTIRMA &amp; LOJ\u0130ST\u0130K<\/a><\/li>\n<\/ul>\n<\/td>\n<\/tr>\n<tr>\n<td style=\"width: 350px; border-color: #ffffff; height: 30px; text-align: left; vertical-align: middle; background-color: #f7f7f7;\" width=\"250\">\n<ul style=\"list-style-type: square;\">\n<li><a title=\"Uzay &amp; Havac\u0131l\u0131k Sekt\u00f6r\u00fc\" href=\"https:\/\/globalallianceregister.com\/?page_id=24&amp;lang=tr\" target=\"_blank\">UZAY &amp; HAVACILIK<\/a><\/li>\n<\/ul>\n<\/td>\n<td style=\"width: 350px; border-color: #ffffff; height: 30px; text-align: left; vertical-align: middle; background-color: #f7f7f7;\" width=\"250\">\n<ul style=\"list-style-type: square;\">\n<li><a title=\"Tar\u0131m &amp; G\u0131da Sekt\u00f6r\u00fc\" href=\"https:\/\/globalallianceregister.com\/?page_id=27&amp;lang=tr\" target=\"_blank\">TARIM &amp; GIDA<\/a><\/li>\n<\/ul>\n<\/td>\n<td style=\"width: 350px; border-color: #ffffff; height: 30px; text-align: left; vertical-align: middle; background-color: #f7f7f7;\" width=\"251\">\n<ul style=\"list-style-type: square;\">\n<li><a title=\"Turizm &amp; Otelcilik Sekt\u00f6r\u00fc\" href=\"https:\/\/globalallianceregister.com\/?page_id=29&amp;lang=tr\" target=\"_blank\">TUR\u0130ZM &amp; OTELC\u0130L\u0130K<\/a><\/li>\n<\/ul>\n<\/td>\n<\/tr>\n<tr>\n<td style=\"width: 350px; border-color: #ffffff; height: 30px; text-align: left; vertical-align: middle; background-color: #f7f7f7;\" width=\"250\">\n<ul style=\"list-style-type: square;\">\n<li><a title=\"Finans &amp; Bankac\u0131l\u0131k Sekt\u00f6r\u00fc\" href=\"https:\/\/globalallianceregister.com\/?page_id=38&amp;lang=tr\" target=\"_blank\">F\u0130NANS<\/a><\/li>\n<\/ul>\n<\/td>\n<td style=\"width: 350px; border-color: #ffffff; height: 30px; text-align: left; vertical-align: middle; background-color: #f7f7f7;\" width=\"250\">\n<ul style=\"list-style-type: square;\">\n<li><a title=\"Sigorta Sekt\u00f6r\u00fc\" href=\"https:\/\/globalallianceregister.com\/?page_id=40&amp;lang=tr\" target=\"_blank\">S\u0130GORTA<\/a><\/li>\n<\/ul>\n<\/td>\n<td style=\"width: 350px; border-color: #ffffff; height: 30px; text-align: left; vertical-align: middle; background-color: #f7f7f7;\" width=\"251\">\n<ul style=\"list-style-type: square;\">\n<li><a title=\"Bilgi Teknolojileri Sekt\u00f6r\u00fc\" href=\"https:\/\/globalallianceregister.com\/?page_id=52&amp;lang=tr\" target=\"_blank\">B\u0130LG\u0130 TEKNOLOJ\u0130LER\u0130<\/a><\/li>\n<\/ul>\n<\/td>\n<\/tr>\n<tr>\n<td style=\"width: 350px; border-color: #ffffff; height: 30px; text-align: left; vertical-align: middle; background-color: #f7f7f7;\" width=\"250\">\n<ul style=\"list-style-type: square;\">\n<li><a title=\"Telekom\u00fcnikasyon Sekt\u00f6r\u00fc\" href=\"https:\/\/globalallianceregister.com\/?page_id=54&amp;lang=tr\" target=\"_blank\">TELEKOM\u00dcN\u0130KASYON<\/a><\/li>\n<\/ul>\n<\/td>\n<td style=\"width: 350px; border-color: #ffffff; height: 30px; text-align: left; vertical-align: middle; background-color: #f7f7f7;\" width=\"250\">\n<ul style=\"list-style-type: square;\">\n<li><a title=\"Sa\u011fl\u0131k &amp; T\u0131p Sekt\u00f6r\u00fc\" href=\"https:\/\/globalallianceregister.com\/?page_id=56&amp;lang=tr\" target=\"_blank\">SA\u011eLIK &amp; TIP<\/a><\/li>\n<\/ul>\n<\/td>\n<td style=\"width: 350px; border-color: #ffffff; height: 30px; text-align: left; vertical-align: middle; background-color: #f7f7f7;\" width=\"251\">\u00a0<\/td>\n<\/tr>\n<\/tbody>\n<\/table>","protected":false},"excerpt":{"rendered":"<p>G\u00fcvenilir straejik i\u015f orta\u011f\u0131n\u0131z olarak Global Alliance Register proje geli\u015ftirme s\u00fcrecine hakim uzmanlar\u0131 ile m\u00fc\u015fterilerinin i\u015f gereksinimleri ile tutarl\u0131 bir \u015fekilde katma-de\u011fer sa\u011fl\u0131yor\u2026 Proje Geli\u015ftirme Destek Program\u0131 AB Fon olanaklar\u0131ndan&#8230; <\/p>\n","protected":false},"author":10,"featured_media":0,"parent":163,"menu_order":6,"comment_status":"closed","ping_status":"closed","template":"page-full.php","meta":{"_acf_changed":false,"om_disable_all_campaigns":false,"footnotes":""},"class_list":["post-184","page","type-page","status-publish","hentry"],"acf":[],"yoast_head":"<!-- This site is optimized with the Yoast SEO plugin v27.4 - https:\/\/yoast.com\/product\/yoast-seo-wordpress\/ -->\n<title>A.B. Fonlar\u0131 \u0130\u00e7in Proje Geli\u015ftirme Deste\u011fi - Global Alliance Register<\/title>\n<meta name=\"robots\" content=\"index, follow, max-snippet:-1, max-image-preview:large, max-video-preview:-1\" \/>\n<link rel=\"canonical\" href=\"https:\/\/globalallianceregister.com\/tr\/services\/assistance\/project-development-assistance\/\" \/>\n<meta property=\"og:locale\" content=\"tr_TR\" \/>\n<meta property=\"og:type\" content=\"article\" \/>\n<meta property=\"og:title\" content=\"A.B. Fonlar\u0131 \u0130\u00e7in Proje Geli\u015ftirme Deste\u011fi - Global Alliance Register\" \/>\n<meta property=\"og:description\" content=\"G\u00fcvenilir straejik i\u015f orta\u011f\u0131n\u0131z olarak Global Alliance Register proje geli\u015ftirme s\u00fcrecine hakim uzmanlar\u0131 ile m\u00fc\u015fterilerinin i\u015f gereksinimleri ile tutarl\u0131 bir \u015fekilde katma-de\u011fer sa\u011fl\u0131yor\u2026 Proje Geli\u015ftirme Destek Program\u0131 AB Fon olanaklar\u0131ndan...\" \/>\n<meta property=\"og:url\" content=\"https:\/\/globalallianceregister.com\/tr\/services\/assistance\/project-development-assistance\/\" \/>\n<meta property=\"og:site_name\" content=\"Global Alliance Register\" \/>\n<meta property=\"article:modified_time\" content=\"2016-02-03T11:26:31+00:00\" \/>\n<meta name=\"twitter:label1\" content=\"Tahmini okuma s\u00fcresi\" \/>\n\t<meta name=\"twitter:data1\" content=\"4 dakika\" \/>\n<script type=\"application\/ld+json\" class=\"yoast-schema-graph\">{\"@context\":\"https:\\\/\\\/schema.org\",\"@graph\":[{\"@type\":\"WebPage\",\"@id\":\"https:\\\/\\\/globalallianceregister.com\\\/tr\\\/services\\\/assistance\\\/project-development-assistance\\\/\",\"url\":\"https:\\\/\\\/globalallianceregister.com\\\/tr\\\/services\\\/assistance\\\/project-development-assistance\\\/\",\"name\":\"A.B. Fonlar\u0131 \u0130\u00e7in Proje Geli\u015ftirme Deste\u011fi - Global Alliance Register\",\"isPartOf\":{\"@id\":\"https:\\\/\\\/globalallianceregister.com\\\/tr\\\/#website\"},\"datePublished\":\"2010-12-29T13:00:28+00:00\",\"dateModified\":\"2016-02-03T11:26:31+00:00\",\"breadcrumb\":{\"@id\":\"https:\\\/\\\/globalallianceregister.com\\\/tr\\\/services\\\/assistance\\\/project-development-assistance\\\/#breadcrumb\"},\"inLanguage\":\"tr\",\"potentialAction\":[{\"@type\":\"ReadAction\",\"target\":[[\"https:\\\/\\\/globalallianceregister.com\\\/tr\\\/services\\\/assistance\\\/project-development-assistance\\\/\"]]}]},{\"@type\":\"BreadcrumbList\",\"@id\":\"https:\\\/\\\/globalallianceregister.com\\\/tr\\\/services\\\/assistance\\\/project-development-assistance\\\/#breadcrumb\",\"itemListElement\":[{\"@type\":\"ListItem\",\"position\":1,\"name\":\"Anasayfa\",\"item\":\"https:\\\/\\\/globalallianceregister.com\\\/tr\\\/\"},{\"@type\":\"ListItem\",\"position\":2,\"name\":\"A.B. Fonlar\u0131 \u0130\u00e7in Proje Geli\u015ftirme Deste\u011fi\"}]},{\"@type\":\"WebSite\",\"@id\":\"https:\\\/\\\/globalallianceregister.com\\\/tr\\\/#website\",\"url\":\"https:\\\/\\\/globalallianceregister.com\\\/tr\\\/\",\"name\":\"Global Alliance Register\",\"description\":\"(EN) Together for Excellence\",\"potentialAction\":[{\"@type\":\"SearchAction\",\"target\":{\"@type\":\"EntryPoint\",\"urlTemplate\":\"https:\\\/\\\/globalallianceregister.com\\\/tr\\\/?s={search_term_string}\"},\"query-input\":{\"@type\":\"PropertyValueSpecification\",\"valueRequired\":true,\"valueName\":\"search_term_string\"}}],\"inLanguage\":\"tr\"}]}<\/script>\n<!-- \/ Yoast SEO plugin. -->","yoast_head_json":{"title":"A.B. Fonlar\u0131 \u0130\u00e7in Proje Geli\u015ftirme Deste\u011fi - Global Alliance Register","robots":{"index":"index","follow":"follow","max-snippet":"max-snippet:-1","max-image-preview":"max-image-preview:large","max-video-preview":"max-video-preview:-1"},"canonical":"https:\/\/globalallianceregister.com\/tr\/services\/assistance\/project-development-assistance\/","og_locale":"tr_TR","og_type":"article","og_title":"A.B. Fonlar\u0131 \u0130\u00e7in Proje Geli\u015ftirme Deste\u011fi - Global Alliance Register","og_description":"G\u00fcvenilir straejik i\u015f orta\u011f\u0131n\u0131z olarak Global Alliance Register proje geli\u015ftirme s\u00fcrecine hakim uzmanlar\u0131 ile m\u00fc\u015fterilerinin i\u015f gereksinimleri ile tutarl\u0131 bir \u015fekilde katma-de\u011fer sa\u011fl\u0131yor\u2026 Proje Geli\u015ftirme Destek Program\u0131 AB Fon olanaklar\u0131ndan...","og_url":"https:\/\/globalallianceregister.com\/tr\/services\/assistance\/project-development-assistance\/","og_site_name":"Global Alliance Register","article_modified_time":"2016-02-03T11:26:31+00:00","twitter_misc":{"Tahmini okuma s\u00fcresi":"4 dakika"},"schema":{"@context":"https:\/\/schema.org","@graph":[{"@type":"WebPage","@id":"https:\/\/globalallianceregister.com\/tr\/services\/assistance\/project-development-assistance\/","url":"https:\/\/globalallianceregister.com\/tr\/services\/assistance\/project-development-assistance\/","name":"A.B. Fonlar\u0131 \u0130\u00e7in Proje Geli\u015ftirme Deste\u011fi - Global Alliance Register","isPartOf":{"@id":"https:\/\/globalallianceregister.com\/tr\/#website"},"datePublished":"2010-12-29T13:00:28+00:00","dateModified":"2016-02-03T11:26:31+00:00","breadcrumb":{"@id":"https:\/\/globalallianceregister.com\/tr\/services\/assistance\/project-development-assistance\/#breadcrumb"},"inLanguage":"tr","potentialAction":[{"@type":"ReadAction","target":[["https:\/\/globalallianceregister.com\/tr\/services\/assistance\/project-development-assistance\/"]]}]},{"@type":"BreadcrumbList","@id":"https:\/\/globalallianceregister.com\/tr\/services\/assistance\/project-development-assistance\/#breadcrumb","itemListElement":[{"@type":"ListItem","position":1,"name":"Anasayfa","item":"https:\/\/globalallianceregister.com\/tr\/"},{"@type":"ListItem","position":2,"name":"A.B. Fonlar\u0131 \u0130\u00e7in Proje Geli\u015ftirme Deste\u011fi"}]},{"@type":"WebSite","@id":"https:\/\/globalallianceregister.com\/tr\/#website","url":"https:\/\/globalallianceregister.com\/tr\/","name":"Global Alliance Register","description":"(EN) Together for Excellence","potentialAction":[{"@type":"SearchAction","target":{"@type":"EntryPoint","urlTemplate":"https:\/\/globalallianceregister.com\/tr\/?s={search_term_string}"},"query-input":{"@type":"PropertyValueSpecification","valueRequired":true,"valueName":"search_term_string"}}],"inLanguage":"tr"}]}},"_links":{"self":[{"href":"https:\/\/globalallianceregister.com\/tr\/wp-json\/wp\/v2\/pages\/184","targetHints":{"allow":["GET"]}}],"collection":[{"href":"https:\/\/globalallianceregister.com\/tr\/wp-json\/wp\/v2\/pages"}],"about":[{"href":"https:\/\/globalallianceregister.com\/tr\/wp-json\/wp\/v2\/types\/page"}],"author":[{"embeddable":true,"href":"https:\/\/globalallianceregister.com\/tr\/wp-json\/wp\/v2\/users\/10"}],"replies":[{"embeddable":true,"href":"https:\/\/globalallianceregister.com\/tr\/wp-json\/wp\/v2\/comments?post=184"}],"version-history":[{"count":0,"href":"https:\/\/globalallianceregister.com\/tr\/wp-json\/wp\/v2\/pages\/184\/revisions"}],"up":[{"embeddable":true,"href":"https:\/\/globalallianceregister.com\/tr\/wp-json\/wp\/v2\/pages\/163"}],"wp:attachment":[{"href":"https:\/\/globalallianceregister.com\/tr\/wp-json\/wp\/v2\/media?parent=184"}],"curies":[{"name":"wp","href":"https:\/\/api.w.org\/{rel}","templated":true}]}}