{"id":186,"date":"2010-12-29T13:01:16","date_gmt":"2010-12-29T13:01:16","guid":{"rendered":"https:\/\/globalallianceregister.com\/?page_id=186"},"modified":"2016-02-03T10:30:29","modified_gmt":"2016-02-03T10:30:29","slug":"logistic-support-services","status":"publish","type":"page","link":"https:\/\/globalallianceregister.com\/tr\/services\/assistance\/logistic-support-services\/","title":{"rendered":"Lojistik Destek Hizmetleri"},"content":{"rendered":"<p><strong>Toplam \u00e7\u00f6z\u00fcm orta\u011f\u0131n\u0131z Global Alliance Register; yerel ve uluslararas\u0131 m\u00fc\u015fterilerine Lojistik Destek Hizmetleri sunuyor\u2026<\/strong><\/p>\n<p>Global Alliance Register Lojistik Destek Tak\u0131m\u0131 m\u00fc\u015fterilerinin i\u015f giri\u015fimlerinde att\u0131\u011f\u0131 t\u00fcm ad\u0131mlarda zaman kaybetmeksizin ve s\u00fcrprizlerle kar\u015f\u0131la\u015fmadan onlar\u0131 rahat hissettirecek ve kendilerini g\u00fcvende hissetirecek \u00e7\u00f6z\u00fcmler sunuyor. Bu alanda sunulan hizmet paketi m\u00fc\u015fteri taleplerinin tamam\u0131yla kar\u015f\u0131lanaca\u011f\u0131 \u015fekilde modellenmektedir. \u0130\u015f emrinin a\u00e7\u0131l\u0131\u015f\u0131ndan tamamlanmas\u0131na kadar ge\u00e7en s\u00fcrede m\u00fc\u015fterilerimizle s\u00fcrekli ileti\u015fim i\u00e7erisinde lojistik destek sa\u011flanmaktad\u0131r.<\/p>\n<p>Bu \u00e7er\u00e7evede m\u00fc\u015fterilerimize sa\u011flad\u0131\u011f\u0131m\u0131z y\u00fcksek kaliteli ve g\u00fcvenilir \u00e7\u00f6z\u00fcmlerden baz\u0131lar\u0131 \u015fu \u015fekilde \u00f6zetlenebilir:<\/p>\n<ul>\n<li>Kar\u015f\u0131lama ve Havaliman\u0131 Terminali CIP Lounge Eri\u015fimi,<\/li>\n<li>U\u00e7ak &amp; Otel Rezervasyonu,<\/li>\n<li>Business Class Havaliman\u0131 Transferi &amp; ilgili Yabanc\u0131 Dili Bilen \u015eof\u00f6rl\u00fc Ara\u00e7 Kiralama Hizmetleri,<\/li>\n<li>M\u00fc\u015fteri Taraf\u0131ndan Belirlenen Organizasyonlardan Toplant\u0131 Randevular\u0131n\u0131n Al\u0131nmas\u0131,<\/li>\n<li>Toplant\u0131, Konferans, Etkinlik Organizasyonu,<\/li>\n<li>Toplant\u0131larda Teknik Uzman Deste\u011fi,<\/li>\n<li>G\u00fcvenlik Kontrol\u00fc &amp; Destek Hizmeti,<\/li>\n<li>Tur Liderli\u011fi &amp; Simultane Terc\u00fcme Hizmetleri,<\/li>\n<li>\u0130\u015f Program\u0131na Ba\u011fl\u0131 Olarak A\u011f\u0131rlama (Hosting) &amp; E\u015flik Etme (Escort) Hizmetleri,<\/li>\n<\/ul>\n<p><strong>Global Allliance Register Lojistik Destek Hizmetleri&#8217;<\/strong>ne ili\u015fkin soru ve talepleriniz i\u00e7in l\u00fctfen taraf\u0131m\u0131zla temas kurunuz&#8230;<\/p>\n<div id=\"content_applied_s\">\n<h1>\u0130lgili Sekt\u00f6rler<\/h1>\n<table>\n<tbody>\n<tr>\n<td style=\"width: 350px; border-color: #ffffff; height: 30px; text-align: left; vertical-align: middle; background-color: #f7f7f7;\" width=\"250\">\n<ul style=\"list-style-type: square;\">\n<li><a title=\"Denizcilik Sekt\u00f6r\u00fc\" href=\"https:\/\/globalallianceregister.com\/?page_id=9&amp;lang=tr\" target=\"_blank\">DEN\u0130ZC\u0130L\u0130K<\/a><\/li>\n<\/ul>\n<\/td>\n<td style=\"width: 350px; border-color: #ffffff; height: 30px; text-align: left; vertical-align: middle; background-color: #f7f7f7;\" width=\"250\">\n<ul style=\"list-style-type: square;\">\n<li><a title=\"\u0130n\u015faat Sekt\u00f6r\u00fc\" href=\"https:\/\/globalallianceregister.com\/?page_id=11&amp;lang=tr\" target=\"_blank\">\u0130N\u015eAAT<\/a><\/li>\n<\/ul>\n<\/td>\n<td style=\"width: 350px; border-color: #ffffff; height: 30px; text-align: left; vertical-align: middle; background-color: #f7f7f7;\" width=\"251\">\n<ul style=\"list-style-type: square;\">\n<li><a title=\"Petrol &amp; Gaz Sekt\u00f6r\u00fc\" href=\"https:\/\/globalallianceregister.com\/?page_id=13&amp;lang=tr\" target=\"_blank\">PETROL &amp; GAZ<\/a><\/li>\n<\/ul>\n<\/td>\n<\/tr>\n<tr>\n<td style=\"width: 350px; border-color: #ffffff; height: 30px; text-align: left; vertical-align: middle; background-color: #f7f7f7;\" width=\"250\">\n<ul style=\"list-style-type: square;\">\n<li><a title=\"Enerji &amp; Tesisler\" href=\"https:\/\/globalallianceregister.com\/?page_id=15&amp;lang=tr\" target=\"_blank\">ENERJ\u0130 &amp; TES\u0130SLER<\/a><\/li>\n<\/ul>\n<\/td>\n<td style=\"width: 350px; border-color: #ffffff; height: 30px; text-align: left; vertical-align: middle; background-color: #f7f7f7;\" width=\"250\">\n<ul style=\"list-style-type: square;\">\n<li><a title=\"\u0130malat Sekt\u00f6r\u00fc\" href=\"https:\/\/globalallianceregister.com\/?page_id=20&amp;lang=tr\" target=\"_blank\">\u0130MALAT<\/a><\/li>\n<\/ul>\n<\/td>\n<td style=\"width: 350px; border-color: #ffffff; height: 30px; text-align: left; vertical-align: middle; background-color: #f7f7f7;\" width=\"251\">\n<ul style=\"list-style-type: square;\">\n<li><a title=\"Ula\u015ft\u0131rma &amp; Lojistik Sekt\u00f6r\u00fc\" href=\"https:\/\/globalallianceregister.com\/?page_id=22&amp;lang=tr\" target=\"_blank\">ULA\u015eTIRMA &amp; LOJ\u0130ST\u0130K<\/a><\/li>\n<\/ul>\n<\/td>\n<\/tr>\n<tr>\n<td style=\"width: 350px; border-color: #ffffff; height: 30px; text-align: left; vertical-align: middle; background-color: #f7f7f7;\" width=\"250\">\n<ul style=\"list-style-type: square;\">\n<li><a title=\"Uzay &amp; Havac\u0131l\u0131k Sekt\u00f6r\u00fc\" href=\"https:\/\/globalallianceregister.com\/?page_id=24&amp;lang=tr\" target=\"_blank\">UZAY &amp; HAVACILIK<\/a><\/li>\n<\/ul>\n<\/td>\n<td style=\"width: 350px; border-color: #ffffff; height: 30px; text-align: left; vertical-align: middle; background-color: #f7f7f7;\" width=\"250\">\n<ul style=\"list-style-type: square;\">\n<li><a title=\"Tar\u0131m &amp; G\u0131da Sekt\u00f6r\u00fc\" href=\"https:\/\/globalallianceregister.com\/?page_id=27&amp;lang=tr\" target=\"_blank\">TARIM &amp; GIDA<\/a><\/li>\n<\/ul>\n<\/td>\n<td style=\"width: 350px; border-color: #ffffff; height: 30px; text-align: left; vertical-align: middle; background-color: #f7f7f7;\" width=\"251\">\n<ul style=\"list-style-type: square;\">\n<li><a title=\"Turizm &amp; Otelcilik Sekt\u00f6r\u00fc\" href=\"https:\/\/globalallianceregister.com\/?page_id=29&amp;lang=tr\" target=\"_blank\">TUR\u0130ZM &amp; OTELC\u0130L\u0130K<\/a><\/li>\n<\/ul>\n<\/td>\n<\/tr>\n<tr>\n<td style=\"width: 350px; border-color: #ffffff; height: 30px; text-align: left; vertical-align: middle; background-color: #f7f7f7;\" width=\"250\">\n<ul style=\"list-style-type: square;\">\n<li><a title=\"Finans &amp; Bankac\u0131l\u0131k Sekt\u00f6r\u00fc\" href=\"https:\/\/globalallianceregister.com\/?page_id=38&amp;lang=tr\" target=\"_blank\">F\u0130NANS<\/a><\/li>\n<\/ul>\n<\/td>\n<td style=\"width: 350px; border-color: #ffffff; height: 30px; text-align: left; vertical-align: middle; background-color: #f7f7f7;\" width=\"250\">\n<ul style=\"list-style-type: square;\">\n<li><a title=\"Sigorta Sekt\u00f6r\u00fc\" href=\"https:\/\/globalallianceregister.com\/?page_id=40&amp;lang=tr\" target=\"_blank\">S\u0130GORTA<\/a><\/li>\n<\/ul>\n<\/td>\n<td style=\"width: 350px; border-color: #ffffff; height: 30px; text-align: left; vertical-align: middle; background-color: #f7f7f7;\" width=\"251\">\n<ul style=\"list-style-type: square;\">\n<li><a title=\"Bilgi Teknolojileri Sekt\u00f6r\u00fc\" href=\"https:\/\/globalallianceregister.com\/?page_id=52&amp;lang=tr\" target=\"_blank\">B\u0130LG\u0130 TEKNOLOJ\u0130LER\u0130<\/a><\/li>\n<\/ul>\n<\/td>\n<\/tr>\n<tr>\n<td style=\"width: 350px; border-color: #ffffff; height: 30px; text-align: left; vertical-align: middle; background-color: #f7f7f7;\" width=\"250\">\n<ul style=\"list-style-type: square;\">\n<li><a title=\"Telekom\u00fcnikasyon Sekt\u00f6r\u00fc\" href=\"https:\/\/globalallianceregister.com\/?page_id=54&amp;lang=tr\" target=\"_blank\">TELEKOM\u00dcN\u0130KASYON<\/a><\/li>\n<\/ul>\n<\/td>\n<td style=\"width: 350px; border-color: #ffffff; height: 30px; text-align: left; vertical-align: middle; background-color: #f7f7f7;\" width=\"250\">\n<ul style=\"list-style-type: square;\">\n<li><a title=\"Sa\u011fl\u0131k &amp; T\u0131p Sekt\u00f6r\u00fc\" href=\"https:\/\/globalallianceregister.com\/?page_id=56&amp;lang=tr\" target=\"_blank\">SA\u011eLIK &amp; TIP<\/a><\/li>\n<\/ul>\n<\/td>\n<td style=\"width: 350px; border-color: #ffffff; height: 30px; text-align: left; vertical-align: middle; background-color: #f7f7f7;\" width=\"251\">\u00a0<\/td>\n<\/tr>\n<\/tbody>\n<\/table>\n<\/div>","protected":false},"excerpt":{"rendered":"<p>Toplam \u00e7\u00f6z\u00fcm orta\u011f\u0131n\u0131z Global Alliance Register; yerel ve uluslararas\u0131 m\u00fc\u015fterilerine Lojistik Destek Hizmetleri sunuyor\u2026 Global Alliance Register Lojistik Destek Tak\u0131m\u0131 m\u00fc\u015fterilerinin i\u015f giri\u015fimlerinde att\u0131\u011f\u0131 t\u00fcm ad\u0131mlarda zaman kaybetmeksizin ve s\u00fcrprizlerle&#8230; <\/p>\n","protected":false},"author":10,"featured_media":0,"parent":163,"menu_order":7,"comment_status":"closed","ping_status":"closed","template":"page-full.php","meta":{"_acf_changed":false,"om_disable_all_campaigns":false,"footnotes":""},"class_list":["post-186","page","type-page","status-publish","hentry"],"acf":[],"yoast_head":"<!-- This site is optimized with the Yoast SEO plugin v27.4 - https:\/\/yoast.com\/product\/yoast-seo-wordpress\/ -->\n<title>Lojistik Destek Hizmetleri - Global Alliance Register<\/title>\n<meta name=\"robots\" content=\"index, follow, max-snippet:-1, max-image-preview:large, max-video-preview:-1\" \/>\n<link rel=\"canonical\" href=\"https:\/\/globalallianceregister.com\/tr\/services\/assistance\/logistic-support-services\/\" \/>\n<meta property=\"og:locale\" content=\"tr_TR\" \/>\n<meta property=\"og:type\" content=\"article\" \/>\n<meta property=\"og:title\" content=\"Lojistik Destek Hizmetleri - Global Alliance Register\" \/>\n<meta property=\"og:description\" content=\"Toplam \u00e7\u00f6z\u00fcm orta\u011f\u0131n\u0131z Global Alliance Register; yerel ve uluslararas\u0131 m\u00fc\u015fterilerine Lojistik Destek Hizmetleri sunuyor\u2026 Global Alliance Register Lojistik Destek Tak\u0131m\u0131 m\u00fc\u015fterilerinin i\u015f giri\u015fimlerinde att\u0131\u011f\u0131 t\u00fcm ad\u0131mlarda zaman kaybetmeksizin ve s\u00fcrprizlerle...\" \/>\n<meta property=\"og:url\" content=\"https:\/\/globalallianceregister.com\/tr\/services\/assistance\/logistic-support-services\/\" \/>\n<meta property=\"og:site_name\" content=\"Global Alliance Register\" \/>\n<meta property=\"article:modified_time\" content=\"2016-02-03T10:30:29+00:00\" \/>\n<meta name=\"twitter:label1\" content=\"Tahmini okuma s\u00fcresi\" \/>\n\t<meta name=\"twitter:data1\" content=\"2 dakika\" \/>\n<script type=\"application\/ld+json\" class=\"yoast-schema-graph\">{\"@context\":\"https:\\\/\\\/schema.org\",\"@graph\":[{\"@type\":\"WebPage\",\"@id\":\"https:\\\/\\\/globalallianceregister.com\\\/tr\\\/services\\\/assistance\\\/logistic-support-services\\\/\",\"url\":\"https:\\\/\\\/globalallianceregister.com\\\/tr\\\/services\\\/assistance\\\/logistic-support-services\\\/\",\"name\":\"Lojistik Destek Hizmetleri - Global Alliance Register\",\"isPartOf\":{\"@id\":\"https:\\\/\\\/globalallianceregister.com\\\/tr\\\/#website\"},\"datePublished\":\"2010-12-29T13:01:16+00:00\",\"dateModified\":\"2016-02-03T10:30:29+00:00\",\"breadcrumb\":{\"@id\":\"https:\\\/\\\/globalallianceregister.com\\\/tr\\\/services\\\/assistance\\\/logistic-support-services\\\/#breadcrumb\"},\"inLanguage\":\"tr\",\"potentialAction\":[{\"@type\":\"ReadAction\",\"target\":[[\"https:\\\/\\\/globalallianceregister.com\\\/tr\\\/services\\\/assistance\\\/logistic-support-services\\\/\"]]}]},{\"@type\":\"BreadcrumbList\",\"@id\":\"https:\\\/\\\/globalallianceregister.com\\\/tr\\\/services\\\/assistance\\\/logistic-support-services\\\/#breadcrumb\",\"itemListElement\":[{\"@type\":\"ListItem\",\"position\":1,\"name\":\"Anasayfa\",\"item\":\"https:\\\/\\\/globalallianceregister.com\\\/tr\\\/\"},{\"@type\":\"ListItem\",\"position\":2,\"name\":\"Lojistik Destek Hizmetleri\"}]},{\"@type\":\"WebSite\",\"@id\":\"https:\\\/\\\/globalallianceregister.com\\\/tr\\\/#website\",\"url\":\"https:\\\/\\\/globalallianceregister.com\\\/tr\\\/\",\"name\":\"Global Alliance Register\",\"description\":\"(EN) Together for Excellence\",\"potentialAction\":[{\"@type\":\"SearchAction\",\"target\":{\"@type\":\"EntryPoint\",\"urlTemplate\":\"https:\\\/\\\/globalallianceregister.com\\\/tr\\\/?s={search_term_string}\"},\"query-input\":{\"@type\":\"PropertyValueSpecification\",\"valueRequired\":true,\"valueName\":\"search_term_string\"}}],\"inLanguage\":\"tr\"}]}<\/script>\n<!-- \/ Yoast SEO plugin. -->","yoast_head_json":{"title":"Lojistik Destek Hizmetleri - Global Alliance Register","robots":{"index":"index","follow":"follow","max-snippet":"max-snippet:-1","max-image-preview":"max-image-preview:large","max-video-preview":"max-video-preview:-1"},"canonical":"https:\/\/globalallianceregister.com\/tr\/services\/assistance\/logistic-support-services\/","og_locale":"tr_TR","og_type":"article","og_title":"Lojistik Destek Hizmetleri - Global Alliance Register","og_description":"Toplam \u00e7\u00f6z\u00fcm orta\u011f\u0131n\u0131z Global Alliance Register; yerel ve uluslararas\u0131 m\u00fc\u015fterilerine Lojistik Destek Hizmetleri sunuyor\u2026 Global Alliance Register Lojistik Destek Tak\u0131m\u0131 m\u00fc\u015fterilerinin i\u015f giri\u015fimlerinde att\u0131\u011f\u0131 t\u00fcm ad\u0131mlarda zaman kaybetmeksizin ve s\u00fcrprizlerle...","og_url":"https:\/\/globalallianceregister.com\/tr\/services\/assistance\/logistic-support-services\/","og_site_name":"Global Alliance Register","article_modified_time":"2016-02-03T10:30:29+00:00","twitter_misc":{"Tahmini okuma s\u00fcresi":"2 dakika"},"schema":{"@context":"https:\/\/schema.org","@graph":[{"@type":"WebPage","@id":"https:\/\/globalallianceregister.com\/tr\/services\/assistance\/logistic-support-services\/","url":"https:\/\/globalallianceregister.com\/tr\/services\/assistance\/logistic-support-services\/","name":"Lojistik Destek Hizmetleri - Global Alliance Register","isPartOf":{"@id":"https:\/\/globalallianceregister.com\/tr\/#website"},"datePublished":"2010-12-29T13:01:16+00:00","dateModified":"2016-02-03T10:30:29+00:00","breadcrumb":{"@id":"https:\/\/globalallianceregister.com\/tr\/services\/assistance\/logistic-support-services\/#breadcrumb"},"inLanguage":"tr","potentialAction":[{"@type":"ReadAction","target":[["https:\/\/globalallianceregister.com\/tr\/services\/assistance\/logistic-support-services\/"]]}]},{"@type":"BreadcrumbList","@id":"https:\/\/globalallianceregister.com\/tr\/services\/assistance\/logistic-support-services\/#breadcrumb","itemListElement":[{"@type":"ListItem","position":1,"name":"Anasayfa","item":"https:\/\/globalallianceregister.com\/tr\/"},{"@type":"ListItem","position":2,"name":"Lojistik Destek Hizmetleri"}]},{"@type":"WebSite","@id":"https:\/\/globalallianceregister.com\/tr\/#website","url":"https:\/\/globalallianceregister.com\/tr\/","name":"Global Alliance Register","description":"(EN) Together for Excellence","potentialAction":[{"@type":"SearchAction","target":{"@type":"EntryPoint","urlTemplate":"https:\/\/globalallianceregister.com\/tr\/?s={search_term_string}"},"query-input":{"@type":"PropertyValueSpecification","valueRequired":true,"valueName":"search_term_string"}}],"inLanguage":"tr"}]}},"_links":{"self":[{"href":"https:\/\/globalallianceregister.com\/tr\/wp-json\/wp\/v2\/pages\/186","targetHints":{"allow":["GET"]}}],"collection":[{"href":"https:\/\/globalallianceregister.com\/tr\/wp-json\/wp\/v2\/pages"}],"about":[{"href":"https:\/\/globalallianceregister.com\/tr\/wp-json\/wp\/v2\/types\/page"}],"author":[{"embeddable":true,"href":"https:\/\/globalallianceregister.com\/tr\/wp-json\/wp\/v2\/users\/10"}],"replies":[{"embeddable":true,"href":"https:\/\/globalallianceregister.com\/tr\/wp-json\/wp\/v2\/comments?post=186"}],"version-history":[{"count":0,"href":"https:\/\/globalallianceregister.com\/tr\/wp-json\/wp\/v2\/pages\/186\/revisions"}],"up":[{"embeddable":true,"href":"https:\/\/globalallianceregister.com\/tr\/wp-json\/wp\/v2\/pages\/163"}],"wp:attachment":[{"href":"https:\/\/globalallianceregister.com\/tr\/wp-json\/wp\/v2\/media?parent=186"}],"curies":[{"name":"wp","href":"https:\/\/api.w.org\/{rel}","templated":true}]}}