{"id":188,"date":"2010-12-29T13:02:26","date_gmt":"2010-12-29T13:02:26","guid":{"rendered":"https:\/\/globalallianceregister.com\/?page_id=188"},"modified":"2016-02-02T18:13:35","modified_gmt":"2016-02-02T18:13:35","slug":"hsse-coaching-engineering","status":"publish","type":"page","link":"https:\/\/globalallianceregister.com\/tr\/services\/assistance\/hsse-coaching-engineering\/","title":{"rendered":"Sa\u011fl\u0131k- Emniyet &#8211; \u00c7evre &#8211; G\u00fcvenlik Bazl\u0131 Ko\u00e7luk M\u00fchendislik ve Saha S\u00fcpervize Hizmetleri"},"content":{"rendered":"<p><strong>Global Alliance Register, \u0130\u015f Sa\u011fl\u0131\u011f\u0131\u2013G\u00fcvenli\u011fi-\u00c7evre-G\u00fcvenlik (SE\u00c7-G) kapsam\u0131nda m\u00fc\u015fterilerinin yerel ve uluslararas\u0131 arenada yeni yat\u0131r\u0131m ve mevcut tesisleri i\u00e7in d\u00fcnyan\u0131n neresinde olursa olsun nitelikli \u00e7\u00f6z\u00fcmler sunuyor\u2026 <\/strong><\/p>\n<p>Global Alliance Register SE\u00c7-G Grubu konusunda her biri deneyim sahibi SE\u00c7-G M\u00fchendis &amp; Ko\u00e7lar\u0131 ile proje gerekliliklerini \u00e7ok iyi anlayarak m\u00fc\u015fterilerine emniyetli-sorumlu-g\u00fcvenilir \u00e7\u00f6z\u00fcmler sa\u011fl\u0131yor.<\/p>\n<p>GAR SE\u00c7-G Ko\u00e7luk &amp; M\u00fchendislik Hizmetleri; saha ve i\u015fletme y\u00f6netimi alanlar\u0131nda g\u00fc\u00e7l\u00fc altyap\u0131s\u0131 ile m\u00fc\u015fteri ve \u00e7al\u0131\u015fanlar\u0131na her zaman ideal \u00e7\u00f6z\u00fcmler geli\u015ftirme yetene\u011finde ve liderlik \u00f6zelliklerine sahip Global Alliance Register Dan\u0131\u015fmanlar\u0131 taraf\u0131ndan sunulmaktad\u0131r. Global Alliance Register SE\u00c7-G Ko\u00e7 &amp; M\u00fchendisleri karma\u015f\u0131k vakalar\u0131 sadele\u015ftiren yakla\u015f\u0131m\u0131 ile m\u00fc\u015fteri ve \u00e7al\u0131\u015fanlar\u0131na sundu\u011fu \u00e7\u00f6z\u00fcmleri pragmatik \u015fekilde hayata ge\u00e7irmesinde \u00f6nemli bir rol \u00fcstlenmektedir.<\/p>\n<p>Rol\u00fcm\u00fcz\u00fcn de\u011fi\u015fime arac\u0131l\u0131k yapmak oldu\u011funun fark\u0131nda olan bir organizasyon olarak, SE\u00c7-G konusunda M\u00fchendislik &amp; Ko\u00e7luk yapman\u0131n \u00f6nemini gerekti\u011fi \u015fekilde kavrayarak sorumlu bir yakla\u015f\u0131mla sahip oldu\u011fumuz deneyim ve birikimleri m\u00fc\u015fterilerimizle payla\u015farak SE\u00c7-G s\u00fcre\u00e7lerinin y\u00f6netiminde y\u00fcksek katma-de\u011fer sa\u011fl\u0131yoruz. Gerek yeni yat\u0131r\u0131m projelerinde \u015fantiye gerekse i\u015fletmede bulunan tesislerde; i\u015f sahas\u0131nda m\u00fc\u015fterilerimizin SE\u00c7-G k\u00fclt\u00fcr\u00fc ve uygulamalar\u0131n\u0131 g\u00f6zden ge\u00e7iriyor, y\u00f6netiyor ve de\u011fi\u015fimin zorunlu oldu\u011fu noktalarda de\u011fi\u015fim i\u00e7in m\u00fc\u015fterilerimize destek oluyoruz.<\/p>\n<p>Global Alliance Register SE\u00c7-G Ko\u00e7luk &amp; M\u00fchendislik Hizmetleri kapsam\u0131nda m\u00fc\u015fterilerimizin proje ekibinin ayr\u0131lmaz bir par\u00e7as\u0131 olarak; s\u00fcre\u00e7 y\u00f6netiminde \u00f6nemli farkl\u0131l\u0131klar yaratma konusunda yeni f\u0131rsatlar sunuyoruz.<\/p>\n<p><strong>Global Alliance Register <\/strong>taraf\u0131ndan;<strong>\u00a0&#8220;Sa\u011fl\u0131k- Emniyet &#8211; \u00c7evre &#8211; G\u00fcvenlik Bazl\u0131 Ko\u00e7luk M\u00fchendislik ve Saha S\u00fcpervize Hizmetleri&#8221;\u00a0<\/strong>kapsam\u0131nda<strong>\u00a0<\/strong>sunulmakta olan \u00e7\u00f6z\u00fcmlerden baz\u0131lar\u0131n\u0131 \u015fu \u015fekilde \u00f6zetleyebiliriz<strong>:<\/strong><\/p>\n<ul>\n<li>Proje SE\u00c7-G Planlar\u0131n\u0131n ilgili proje gereklilikleri, mevzuat ve reg\u00fclasyonlara uygun olarak g\u00f6zden ge\u00e7irilmesi veya SE\u00c7-G Planlar\u0131n\u0131n uzmanlar\u0131m\u0131z taraf\u0131ndan olu\u015fturulmas\u0131,<\/li>\n<li>SE\u00c7-G Y\u00f6netim Sistemi\u2019nin i\u015f\/ proje bazl\u0131 olarak geli\u015ftirilmesi, m\u00fc\u015fteri y\u00f6netimi ve \u00e7al\u0131\u015fanlara ko\u00e7luk yap\u0131lmas\u0131, proje ve i\u015fletmede herhangi bir olay\/kaza ya\u015fanmamas\u0131n\u0131 g\u00fcvence alt\u0131na alacak \u015fekilde faaliyetlere s\u00fcpervize edilmesi,<\/li>\n<li>M\u00fc\u015fteri organizasyonunda ilgili y\u00f6netici ve \u00e7al\u0131\u015fanlara liderlik yapmak ve motivasyon geli\u015ftirme programlar\u0131n\u0131n uygulanmas\u0131,<\/li>\n<li>SE\u00c7-G Prosed\u00fcrleri Hakk\u0131nda Saha \u00c7al\u0131\u015fanlar\u0131n\u0131n Bilin\u00e7lendirme &amp; Oryantasyon E\u011fitimleri,<\/li>\n<li>SE\u00c7-G merkezli, geli\u015fime a\u00e7\u0131k olan beceri ve davran\u0131\u015f bi\u00e7imlerinin tespit edilmesi,<\/li>\n<li>\u0130\u015fyeri davran\u0131\u015flar\u0131n\u0131n g\u00f6zlemlenmesi, analiz edilmesi ve y\u00f6netime geri besleme yap\u0131lmas\u0131,<\/li>\n<li>SE\u00c7-G Performans\u0131n\u0131n s\u00fcrekli geli\u015fiminin g\u00fcvence alt\u0131na al\u0131nmas\u0131,<\/li>\n<li>\u00c7al\u0131\u015fanlar\u0131n SE\u00c7-G \u0130\u015f Plan\u0131, Prosed\u00fcrleri ve Uygulamalar\u0131 hakk\u0131nda do\u011fru \u015fekilde bilgilendirilme yap\u0131lmas\u0131n\u0131n g\u00fcvence alt\u0131na al\u0131nmas\u0131,<\/li>\n<li>\u0130\u015f \u00f6ncesi SE\u00c7-G Saha Denetiminin yap\u0131lmas\u0131,<\/li>\n<li>SE\u00c7-G Metot Bildirimlerinin g\u00f6zden ge\u00e7irilerek do\u011frulanmas\u0131,<\/li>\n<li>Saha \u00e7al\u0131\u015fmalar\u0131 once gerekli Risk De\u011ferlendirmelerinin yap\u0131lmas\u0131,<\/li>\n<li>SE\u00c7-G Plan\u0131 ve Denetim Program\u0131\u2019n\u0131n Y\u00f6netimi,<\/li>\n<li>\u0130zin Ba\u015fvurular\u0131n\u0131n ilgili idarelerle \u00e7\u00f6z\u00fcmlenmesi ve varsa sorunlar\u0131n giderilmesi,<\/li>\n<li>Saha verilerinin toplanmas\u0131 ve haftal\u0131k\/ ayl\u0131k SE\u00c7-G Raporlar\u0131n\u0131n y\u00f6netime sunulmas\u0131,<\/li>\n<li>SE\u00c7-G Toplant\u0131lar\u0131\u2019na Y\u00f6netim Temsilcisi olarak kat\u0131l\u0131m sa\u011flanmas\u0131,<\/li>\n<li>T\u00fcm Saha Emniyeti giri\u015fimleri ve kampanyalar\u0131n\u0131n organize edilmesi ve y\u00f6netimi,<\/li>\n<li>Risk De\u011ferlendirme Toplant\u0131lar\u0131\u2019n\u0131n organize edilerek y\u00f6netilmesi,<\/li>\n<li>Saha SE\u00c7-G E\u011fitimlerinin organize edilerek t\u00fcm \u00e7al\u0131\u015fanlara verilmesi ve E\u011fitim Sertifikalar\u0131n\u0131n sa\u011flanarak, e\u011fitim kay\u0131tlar\u0131n\u0131n tutulmas\u0131,<\/li>\n<li>T\u00fcm Olay Yeri &amp; Kaza \u0130ncelemelerinin ilgili prosed\u00fcr ve y\u00f6netmeliklere ba\u011fl\u0131 olarak yap\u0131lmas\u0131, k\u00f6k-neden analizlerinin yap\u0131lmas\u0131 ve tavsiyelerin y\u00f6netime bildirilmesi,<\/li>\n<\/ul>\n<p>Global Alliance Register m\u00fc\u015fteri beklentilerini kar\u015f\u0131layacak \u015fekilde sundu\u011fu \u00e7\u00f6z\u00fcmlerle, SE\u00c7-G hizmetlerine y\u00fcksek kalite standartlar\u0131 getirmektedir. Kalite ve \u00fcretkenli\u011fi koruyarak monit\u00f6r ederek, sistematik ve disiplinli \u00e7al\u0131\u015fma k\u00fclt\u00fcr\u00fc ile proje hedeflerine tutarl\u0131 bir \u015fekilde ba\u015far\u0131lmas\u0131na destek olan GAR SE\u00c7-G Uzmanlar\u0131; m\u00fc\u015fterilerini olas\u0131 ticari kay\u0131plardan korumaktad\u0131r. GAR SE\u00c7-G Uzmanlar\u0131 taraf\u0131ndan sunulan hizmetler ile; m\u00fc\u015fterilerimiz daima do\u011fru y\u00f6nlendirilerek SE\u00c7-G konusunda gerekli duyarl\u0131l\u0131\u011f\u0131n\u0131n sahada \u00e7al\u0131\u015fanlar taraf\u0131ndan g\u00f6sterilmesini g\u00fcvence alt\u0131na al\u0131r ve tak\u0131m \u00e7al\u0131\u015fmas\u0131 k\u00fclt\u00fcr\u00fcn\u00fc \u00f6n planda tutarak gerekli motivasyonu sa\u011flayarak; SE\u00c7-G performans\u0131 ile ilgili olas\u0131 sorunlarda kararl\u0131 ad\u0131mlar at\u0131lmas\u0131na gerekli deste\u011fi sunar. Global Alliance Register SE\u00c7-G Hizmetleri kapsam\u0131nda t\u00fcm proje tipleri ve i\u015fletmede bulunan tesisler i\u00e7in sahip oldu\u011fu yerel ve uluslararas\u0131 deneyim ile de\u011fi\u015fen durumlara ve farkl\u0131 vakalar\u0131 \u00e7\u00f6z\u00fcmler, yeni fikirler sunarak de\u011fi\u015fim giri\u015fimine liderlik yapar, m\u00fc\u015fterilerin kurumsal k\u00fclt\u00fcr\u00fcne entegre olarak, k\u00fclt\u00fcrel farkl\u0131l\u0131klara sayg\u0131 duymaktad\u0131r.<\/p>\n<p><strong><em>Sa\u011fl\u0131k- Emniyet &#8211; \u00c7evre &#8211; G\u00fcvenlik Bazl\u0131 Ko\u00e7luk M\u00fchendislik ve Saha S\u00fcpervize Hizmetleri kapsam\u0131ndaki t\u00fcm sorular\u0131n\u0131z ve talepleriniz i\u00e7in l\u00fctfen taraf\u0131m\u0131zla temas kurunuz\u2026<\/em><\/strong><\/p>\n<p>&nbsp;<\/p>\n<h1>\u0130lgili Sekt\u00f6rler<\/h1>\n<table>\n<tbody>\n<tr>\n<td style=\"width: 350px; border-color: #ffffff; height: 30px; text-align: left; vertical-align: middle; background-color: #f7f7f7;\" width=\"250\">\n<ul style=\"list-style-type: square;\">\n<li><a title=\"Denizcilik Sekt\u00f6r\u00fc\" href=\"https:\/\/globalallianceregister.com\/?page_id=9&amp;lang=tr\" target=\"_blank\">DEN\u0130ZC\u0130L\u0130K<\/a><\/li>\n<\/ul>\n<\/td>\n<td style=\"width: 350px; border-color: #ffffff; height: 30px; text-align: left; vertical-align: middle; background-color: #f7f7f7;\" width=\"250\">\n<ul style=\"list-style-type: square;\">\n<li><a title=\"\u0130n\u015faat Sekt\u00f6r\u00fc\" href=\"https:\/\/globalallianceregister.com\/?page_id=11&amp;lang=tr\" target=\"_blank\">\u0130N\u015eAAT<\/a><\/li>\n<\/ul>\n<\/td>\n<td style=\"width: 350px; border-color: #ffffff; height: 30px; text-align: left; vertical-align: middle; background-color: #f7f7f7;\" width=\"251\">\n<ul style=\"list-style-type: square;\">\n<li><a title=\"Petrol &amp; Gaz Sekt\u00f6r\u00fc\" href=\"https:\/\/globalallianceregister.com\/?page_id=13&amp;lang=tr\" target=\"_blank\">PETROL &amp; GAZ<\/a><\/li>\n<\/ul>\n<\/td>\n<\/tr>\n<tr>\n<td style=\"width: 350px; border-color: #ffffff; height: 30px; text-align: left; vertical-align: middle; background-color: #f7f7f7;\" width=\"250\">\n<ul style=\"list-style-type: square;\">\n<li><a title=\"Enerji &amp; Tesisler\" href=\"https:\/\/globalallianceregister.com\/?page_id=15&amp;lang=tr\" target=\"_blank\">ENERJ\u0130 &amp; TES\u0130SLER<\/a><\/li>\n<\/ul>\n<\/td>\n<td style=\"width: 350px; border-color: #ffffff; height: 30px; text-align: left; vertical-align: middle; background-color: #f7f7f7;\" width=\"250\">\n<ul style=\"list-style-type: square;\">\n<li><a title=\"\u0130malat Sekt\u00f6r\u00fc\" href=\"https:\/\/globalallianceregister.com\/?page_id=20&amp;lang=tr\" target=\"_blank\">\u0130MALAT<\/a><\/li>\n<\/ul>\n<\/td>\n<td style=\"width: 350px; border-color: #ffffff; height: 30px; text-align: left; vertical-align: middle; background-color: #f7f7f7;\" width=\"251\">\n<ul style=\"list-style-type: square;\">\n<li><a title=\"Ula\u015ft\u0131rma &amp; Lojistik Sekt\u00f6r\u00fc\" href=\"https:\/\/globalallianceregister.com\/?page_id=22&amp;lang=tr\" target=\"_blank\">ULA\u015eTIRMA &amp; LOJ\u0130ST\u0130K<\/a><\/li>\n<\/ul>\n<\/td>\n<\/tr>\n<tr>\n<td style=\"width: 350px; border-color: #ffffff; height: 30px; text-align: left; vertical-align: middle; background-color: #f7f7f7;\" width=\"250\">\n<ul style=\"list-style-type: square;\">\n<li><a title=\"Uzay &amp; Havac\u0131l\u0131k Sekt\u00f6r\u00fc\" href=\"https:\/\/globalallianceregister.com\/?page_id=24&amp;lang=tr\" target=\"_blank\">UZAY &amp; HAVACILIK<\/a><\/li>\n<\/ul>\n<\/td>\n<td style=\"width: 350px; border-color: #ffffff; height: 30px; text-align: left; vertical-align: middle; background-color: #f7f7f7;\" width=\"250\">\n<ul style=\"list-style-type: square;\">\n<li><a title=\"Tar\u0131m &amp; G\u0131da Sekt\u00f6r\u00fc\" href=\"https:\/\/globalallianceregister.com\/?page_id=27&amp;lang=tr\" target=\"_blank\">TARIM &amp; GIDA<\/a><\/li>\n<\/ul>\n<\/td>\n<td style=\"width: 350px; border-color: #ffffff; height: 30px; text-align: left; vertical-align: middle; background-color: #f7f7f7;\" width=\"251\">\n<ul style=\"list-style-type: square;\">\n<li><a title=\"Turizm &amp; Otelcilik Sekt\u00f6r\u00fc\" href=\"https:\/\/globalallianceregister.com\/?page_id=29&amp;lang=tr\" target=\"_blank\">TUR\u0130ZM &amp; OTELC\u0130L\u0130K<\/a><\/li>\n<\/ul>\n<\/td>\n<\/tr>\n<tr>\n<td style=\"width: 350px; border-color: #ffffff; height: 30px; text-align: left; vertical-align: middle; background-color: #f7f7f7;\" width=\"250\">\n<ul style=\"list-style-type: square;\">\n<li><a title=\"Finans &amp; Bankac\u0131l\u0131k Sekt\u00f6r\u00fc\" href=\"https:\/\/globalallianceregister.com\/?page_id=38&amp;lang=tr\" target=\"_blank\">F\u0130NANS<\/a><\/li>\n<\/ul>\n<\/td>\n<td style=\"width: 350px; border-color: #ffffff; height: 30px; text-align: left; vertical-align: middle; background-color: #f7f7f7;\" width=\"250\">\n<ul style=\"list-style-type: square;\">\n<li><a title=\"Sigorta Sekt\u00f6r\u00fc\" href=\"https:\/\/globalallianceregister.com\/?page_id=40&amp;lang=tr\" target=\"_blank\">S\u0130GORTA<\/a><\/li>\n<\/ul>\n<\/td>\n<td style=\"width: 350px; border-color: #ffffff; height: 30px; text-align: left; vertical-align: middle; background-color: #f7f7f7;\" width=\"251\">\n<ul style=\"list-style-type: square;\">\n<li><a title=\"Bilgi Teknolojileri Sekt\u00f6r\u00fc\" href=\"https:\/\/globalallianceregister.com\/?page_id=52&amp;lang=tr\" target=\"_blank\">B\u0130LG\u0130 TEKNOLOJ\u0130LER\u0130<\/a><\/li>\n<\/ul>\n<\/td>\n<\/tr>\n<tr>\n<td style=\"width: 350px; border-color: #ffffff; height: 30px; text-align: left; vertical-align: middle; background-color: #f7f7f7;\" width=\"250\">\n<ul style=\"list-style-type: square;\">\n<li><a title=\"Telekom\u00fcnikasyon Sekt\u00f6r\u00fc\" href=\"https:\/\/globalallianceregister.com\/?page_id=54&amp;lang=tr\" target=\"_blank\">TELEKOM\u00dcN\u0130KASYON<\/a><\/li>\n<\/ul>\n<\/td>\n<td style=\"width: 350px; border-color: #ffffff; height: 30px; text-align: left; vertical-align: middle; background-color: #f7f7f7;\" width=\"250\">\n<ul style=\"list-style-type: square;\">\n<li><a title=\"Sa\u011fl\u0131k &amp; T\u0131p Sekt\u00f6r\u00fc\" href=\"https:\/\/globalallianceregister.com\/?page_id=56&amp;lang=tr\" target=\"_blank\">SA\u011eLIK &amp; TIP<\/a><\/li>\n<\/ul>\n<\/td>\n<td style=\"width: 350px; border-color: #ffffff; height: 30px; text-align: left; vertical-align: middle; background-color: #f7f7f7;\" width=\"251\">\u00a0<\/td>\n<\/tr>\n<\/tbody>\n<\/table>","protected":false},"excerpt":{"rendered":"<p>Global Alliance Register, \u0130\u015f Sa\u011fl\u0131\u011f\u0131\u2013G\u00fcvenli\u011fi-\u00c7evre-G\u00fcvenlik (SE\u00c7-G) kapsam\u0131nda m\u00fc\u015fterilerinin yerel ve uluslararas\u0131 arenada yeni yat\u0131r\u0131m ve mevcut tesisleri i\u00e7in d\u00fcnyan\u0131n neresinde olursa olsun nitelikli \u00e7\u00f6z\u00fcmler sunuyor\u2026 Global Alliance Register SE\u00c7-G Grubu&#8230; <\/p>\n","protected":false},"author":10,"featured_media":0,"parent":163,"menu_order":8,"comment_status":"closed","ping_status":"closed","template":"page-full.php","meta":{"_acf_changed":false,"om_disable_all_campaigns":false,"footnotes":""},"class_list":["post-188","page","type-page","status-publish","hentry"],"acf":[],"yoast_head":"<!-- This site is optimized with the Yoast SEO plugin v27.4 - https:\/\/yoast.com\/product\/yoast-seo-wordpress\/ -->\n<title>Sa\u011fl\u0131k- Emniyet - \u00c7evre - G\u00fcvenlik Bazl\u0131 Ko\u00e7luk M\u00fchendislik ve Saha S\u00fcpervize Hizmetleri - Global Alliance Register<\/title>\n<meta name=\"robots\" content=\"index, follow, max-snippet:-1, max-image-preview:large, max-video-preview:-1\" \/>\n<link rel=\"canonical\" href=\"https:\/\/globalallianceregister.com\/tr\/services\/assistance\/hsse-coaching-engineering\/\" \/>\n<meta property=\"og:locale\" content=\"tr_TR\" \/>\n<meta property=\"og:type\" content=\"article\" \/>\n<meta property=\"og:title\" content=\"Sa\u011fl\u0131k- Emniyet - \u00c7evre - G\u00fcvenlik Bazl\u0131 Ko\u00e7luk M\u00fchendislik ve Saha S\u00fcpervize Hizmetleri - Global Alliance Register\" \/>\n<meta property=\"og:description\" content=\"Global Alliance Register, \u0130\u015f Sa\u011fl\u0131\u011f\u0131\u2013G\u00fcvenli\u011fi-\u00c7evre-G\u00fcvenlik (SE\u00c7-G) kapsam\u0131nda m\u00fc\u015fterilerinin yerel ve uluslararas\u0131 arenada yeni yat\u0131r\u0131m ve mevcut tesisleri i\u00e7in d\u00fcnyan\u0131n neresinde olursa olsun nitelikli \u00e7\u00f6z\u00fcmler sunuyor\u2026 Global Alliance Register SE\u00c7-G Grubu...\" \/>\n<meta property=\"og:url\" content=\"https:\/\/globalallianceregister.com\/tr\/services\/assistance\/hsse-coaching-engineering\/\" \/>\n<meta property=\"og:site_name\" content=\"Global Alliance Register\" \/>\n<meta property=\"article:modified_time\" content=\"2016-02-02T18:13:35+00:00\" \/>\n<meta name=\"twitter:label1\" content=\"Tahmini okuma s\u00fcresi\" \/>\n\t<meta name=\"twitter:data1\" content=\"8 dakika\" \/>\n<script type=\"application\/ld+json\" class=\"yoast-schema-graph\">{\"@context\":\"https:\\\/\\\/schema.org\",\"@graph\":[{\"@type\":\"WebPage\",\"@id\":\"https:\\\/\\\/globalallianceregister.com\\\/tr\\\/services\\\/assistance\\\/hsse-coaching-engineering\\\/\",\"url\":\"https:\\\/\\\/globalallianceregister.com\\\/tr\\\/services\\\/assistance\\\/hsse-coaching-engineering\\\/\",\"name\":\"Sa\u011fl\u0131k- Emniyet - \u00c7evre - G\u00fcvenlik Bazl\u0131 Ko\u00e7luk M\u00fchendislik ve Saha S\u00fcpervize Hizmetleri - Global Alliance Register\",\"isPartOf\":{\"@id\":\"https:\\\/\\\/globalallianceregister.com\\\/tr\\\/#website\"},\"datePublished\":\"2010-12-29T13:02:26+00:00\",\"dateModified\":\"2016-02-02T18:13:35+00:00\",\"breadcrumb\":{\"@id\":\"https:\\\/\\\/globalallianceregister.com\\\/tr\\\/services\\\/assistance\\\/hsse-coaching-engineering\\\/#breadcrumb\"},\"inLanguage\":\"tr\",\"potentialAction\":[{\"@type\":\"ReadAction\",\"target\":[[\"https:\\\/\\\/globalallianceregister.com\\\/tr\\\/services\\\/assistance\\\/hsse-coaching-engineering\\\/\"]]}]},{\"@type\":\"BreadcrumbList\",\"@id\":\"https:\\\/\\\/globalallianceregister.com\\\/tr\\\/services\\\/assistance\\\/hsse-coaching-engineering\\\/#breadcrumb\",\"itemListElement\":[{\"@type\":\"ListItem\",\"position\":1,\"name\":\"Anasayfa\",\"item\":\"https:\\\/\\\/globalallianceregister.com\\\/tr\\\/\"},{\"@type\":\"ListItem\",\"position\":2,\"name\":\"Sa\u011fl\u0131k- Emniyet &#8211; \u00c7evre &#8211; G\u00fcvenlik Bazl\u0131 Ko\u00e7luk M\u00fchendislik ve Saha S\u00fcpervize Hizmetleri\"}]},{\"@type\":\"WebSite\",\"@id\":\"https:\\\/\\\/globalallianceregister.com\\\/tr\\\/#website\",\"url\":\"https:\\\/\\\/globalallianceregister.com\\\/tr\\\/\",\"name\":\"Global Alliance Register\",\"description\":\"(EN) Together for Excellence\",\"potentialAction\":[{\"@type\":\"SearchAction\",\"target\":{\"@type\":\"EntryPoint\",\"urlTemplate\":\"https:\\\/\\\/globalallianceregister.com\\\/tr\\\/?s={search_term_string}\"},\"query-input\":{\"@type\":\"PropertyValueSpecification\",\"valueRequired\":true,\"valueName\":\"search_term_string\"}}],\"inLanguage\":\"tr\"}]}<\/script>\n<!-- \/ Yoast SEO plugin. -->","yoast_head_json":{"title":"Sa\u011fl\u0131k- Emniyet - \u00c7evre - G\u00fcvenlik Bazl\u0131 Ko\u00e7luk M\u00fchendislik ve Saha S\u00fcpervize Hizmetleri - Global Alliance Register","robots":{"index":"index","follow":"follow","max-snippet":"max-snippet:-1","max-image-preview":"max-image-preview:large","max-video-preview":"max-video-preview:-1"},"canonical":"https:\/\/globalallianceregister.com\/tr\/services\/assistance\/hsse-coaching-engineering\/","og_locale":"tr_TR","og_type":"article","og_title":"Sa\u011fl\u0131k- Emniyet - \u00c7evre - G\u00fcvenlik Bazl\u0131 Ko\u00e7luk M\u00fchendislik ve Saha S\u00fcpervize Hizmetleri - Global Alliance Register","og_description":"Global Alliance Register, \u0130\u015f Sa\u011fl\u0131\u011f\u0131\u2013G\u00fcvenli\u011fi-\u00c7evre-G\u00fcvenlik (SE\u00c7-G) kapsam\u0131nda m\u00fc\u015fterilerinin yerel ve uluslararas\u0131 arenada yeni yat\u0131r\u0131m ve mevcut tesisleri i\u00e7in d\u00fcnyan\u0131n neresinde olursa olsun nitelikli \u00e7\u00f6z\u00fcmler sunuyor\u2026 Global Alliance Register SE\u00c7-G Grubu...","og_url":"https:\/\/globalallianceregister.com\/tr\/services\/assistance\/hsse-coaching-engineering\/","og_site_name":"Global Alliance Register","article_modified_time":"2016-02-02T18:13:35+00:00","twitter_misc":{"Tahmini okuma s\u00fcresi":"8 dakika"},"schema":{"@context":"https:\/\/schema.org","@graph":[{"@type":"WebPage","@id":"https:\/\/globalallianceregister.com\/tr\/services\/assistance\/hsse-coaching-engineering\/","url":"https:\/\/globalallianceregister.com\/tr\/services\/assistance\/hsse-coaching-engineering\/","name":"Sa\u011fl\u0131k- Emniyet - \u00c7evre - G\u00fcvenlik Bazl\u0131 Ko\u00e7luk M\u00fchendislik ve Saha S\u00fcpervize Hizmetleri - Global Alliance Register","isPartOf":{"@id":"https:\/\/globalallianceregister.com\/tr\/#website"},"datePublished":"2010-12-29T13:02:26+00:00","dateModified":"2016-02-02T18:13:35+00:00","breadcrumb":{"@id":"https:\/\/globalallianceregister.com\/tr\/services\/assistance\/hsse-coaching-engineering\/#breadcrumb"},"inLanguage":"tr","potentialAction":[{"@type":"ReadAction","target":[["https:\/\/globalallianceregister.com\/tr\/services\/assistance\/hsse-coaching-engineering\/"]]}]},{"@type":"BreadcrumbList","@id":"https:\/\/globalallianceregister.com\/tr\/services\/assistance\/hsse-coaching-engineering\/#breadcrumb","itemListElement":[{"@type":"ListItem","position":1,"name":"Anasayfa","item":"https:\/\/globalallianceregister.com\/tr\/"},{"@type":"ListItem","position":2,"name":"Sa\u011fl\u0131k- Emniyet &#8211; \u00c7evre &#8211; G\u00fcvenlik Bazl\u0131 Ko\u00e7luk M\u00fchendislik ve Saha S\u00fcpervize Hizmetleri"}]},{"@type":"WebSite","@id":"https:\/\/globalallianceregister.com\/tr\/#website","url":"https:\/\/globalallianceregister.com\/tr\/","name":"Global Alliance Register","description":"(EN) Together for Excellence","potentialAction":[{"@type":"SearchAction","target":{"@type":"EntryPoint","urlTemplate":"https:\/\/globalallianceregister.com\/tr\/?s={search_term_string}"},"query-input":{"@type":"PropertyValueSpecification","valueRequired":true,"valueName":"search_term_string"}}],"inLanguage":"tr"}]}},"_links":{"self":[{"href":"https:\/\/globalallianceregister.com\/tr\/wp-json\/wp\/v2\/pages\/188","targetHints":{"allow":["GET"]}}],"collection":[{"href":"https:\/\/globalallianceregister.com\/tr\/wp-json\/wp\/v2\/pages"}],"about":[{"href":"https:\/\/globalallianceregister.com\/tr\/wp-json\/wp\/v2\/types\/page"}],"author":[{"embeddable":true,"href":"https:\/\/globalallianceregister.com\/tr\/wp-json\/wp\/v2\/users\/10"}],"replies":[{"embeddable":true,"href":"https:\/\/globalallianceregister.com\/tr\/wp-json\/wp\/v2\/comments?post=188"}],"version-history":[{"count":0,"href":"https:\/\/globalallianceregister.com\/tr\/wp-json\/wp\/v2\/pages\/188\/revisions"}],"up":[{"embeddable":true,"href":"https:\/\/globalallianceregister.com\/tr\/wp-json\/wp\/v2\/pages\/163"}],"wp:attachment":[{"href":"https:\/\/globalallianceregister.com\/tr\/wp-json\/wp\/v2\/media?parent=188"}],"curies":[{"name":"wp","href":"https:\/\/api.w.org\/{rel}","templated":true}]}}