{"id":193,"date":"2010-12-29T13:05:22","date_gmt":"2010-12-29T13:05:22","guid":{"rendered":"https:\/\/globalallianceregister.com\/?page_id=193"},"modified":"2016-02-03T10:42:24","modified_gmt":"2016-02-03T10:42:24","slug":"legal-advisory-services","status":"publish","type":"page","link":"https:\/\/globalallianceregister.com\/tr\/services\/assistance\/legal-advisory-services\/","title":{"rendered":"Hukuki M\u00fc\u015favirlik Hizmetleri"},"content":{"rendered":"<p><strong>Global Alliance Register, KOB\u0130 ve b\u00fcy\u00fck \u00f6l\u00e7ekli organizasyonlara profesyonel hukuk m\u00fc\u015favirli\u011fi hizmetleri sunan uluslararas\u0131 arenada konusunda lider bir kurulu\u015ftur\u2026 <\/strong><\/p>\n<p>Konusunda yetkin her biri sahip oldu\u011fu farkl\u0131 sekt\u00f6rel tecr\u00fcbelerle uzman avukatlardan olu\u015fan kadromuz; Hukuk M\u00fc\u015favirli\u011fi Hizmetleri alan\u0131nda olduk\u00e7a geni\u015f kapsaml\u0131 \u00e7\u00f6z\u00fcmler sunmakta olup, uluslararas\u0131 arenada ba\u015far\u0131l\u0131 i\u015f giri\u015fimleri ve operasyon i\u00e7in Global Alliance Register vazge\u00e7ilmez stratejik \u00e7\u00f6z\u00fcm orta\u011f\u0131n\u0131zd\u0131r. Petrol &amp; Gaz, Enerji &amp; Tesisler, \u0130n\u015faat, Finansal Kurulu\u015flar, \u0130malat, Telekom\u00fcnikasyon ve di\u011fer Pazar segmentlerinde benzersiz deneyim ve bilgi birikimiyle; Global Alliance Register Hukuk M\u00fc\u015favirleri ihtiya\u00e7 duyulan alanlarda yerel ve uluslararas\u0131 m\u00fc\u015fterilere destek olmaktad\u0131r. Temel amac\u0131m\u0131z m\u00fc\u015fterilerimize zaman\u0131nda geri besleme yaparak her bir vakaya ili\u015fkin t\u00fcm de\u011fer zincirini kapsayacak \u015fekilde de\u011ferlendirme yap\u0131lmas\u0131d\u0131r.<\/p>\n<p>Global Alliance Register taraf\u0131ndan sunulan Teknik Dan\u0131\u015fmanl\u0131k, 3. Taraf Ba\u011f\u0131ms\u0131z G\u00f6zetim, Proje Y\u00f6netimi, D\u0131\u015f Kaynak Tedariki, E\u011fitim, Belgelendirme gibi hizmetlerin yan\u0131 s\u0131ra yerel ve uluslararas\u0131 m\u00fc\u015fterilerimizin yo\u011fun talepleri do\u011frultusunda <strong>Hukuk M\u00fc\u015favirlik Hizmetleri<\/strong> de portf\u00f6y\u00fcm\u00fcze entegre olarak, \u00a0b\u00fcnyemizde mevcut avukatlar arac\u0131l\u0131\u011f\u0131 ile tek \u015femsiye alt\u0131nda m\u00fc\u015fterilerimize al\u0131\u015fageldi\u011finiz Global Alliance Register g\u00fcvencesi ile stratejik \u00e7\u00f6z\u00fcmler sa\u011flanmaktad\u0131r. Bu entegre hizmet anlay\u0131\u015f\u0131m\u0131z ile; taraflar\u0131n uyum i\u00e7inde \u00e7al\u0131\u015fmas\u0131 sa\u011flanarak, projelerde ve i\u015f giri\u015fimlerinde bir di\u011fer hizmet sa\u011flay\u0131c\u0131n\u0131n aranmas\u0131 esnas\u0131nda olu\u015fabilecek zaman ve efor kayb\u0131 \u00f6nlenmektedir.<\/p>\n<p><strong>Global Alliance Register taraf\u0131ndan sunulan Hukuk M\u00fc\u015favirlik Hizmetleri\u2019nden baz\u0131lar\u0131 \u015fu \u015fekildedir:<\/strong><\/p>\n<ul>\n<li>Yasal dok\u00fcmanlara ili\u015fkin dan\u0131\u015fmanl\u0131k hizmetleri,<\/li>\n<li>Kurumsal Durum De\u011ferlendirmesi,<\/li>\n<li>B\u00fcy\u00fck m\u00fc\u015fterilerin yeniden yap\u0131land\u0131r\u0131lmas\u0131,<\/li>\n<li>\u015eirket hisselerin sat\u0131\u015f ve transferi,<\/li>\n<li>\u015eirket Kurulu\u015flar\u0131,<\/li>\n<li>\u015eirket sat\u0131\u015f\u0131 ve birle\u015fmeleri alan\u0131nda teknik dan\u0131\u015fmanl\u0131k arabuluculuk hizmetleri,<\/li>\n<li>Yerel mevzuat, reg\u00fclasyonlar ve ilgili yasa\/ kanunlar hakk\u0131nda m\u00fc\u015favirlik hizmetleri,<\/li>\n<li>Tedarik\u00e7i s\u00f6zle\u015fmelerinin olu\u015fturulmas\u0131,<\/li>\n<li>\u0130n\u015faat, Enerji &amp; Tesisler, Petrol &amp; Gaz, \u0130malat, Ula\u015ft\u0131rma &amp; Lojistik ve faaliyette bulundu\u011fumuz di\u011fer t\u00fcm sekt\u00f6rlerde zorunlu Lisans &amp; \u0130zin konular\u0131nda kapsaml\u0131 hukuki m\u00fc\u015favirlik ve dan\u0131\u015fmanl\u0131k hizmetleri,<\/li>\n<li>Mahkeme duru\u015fmalar\u0131nda bilirki\u015fi \u015fahitlik hizmetleri,<\/li>\n<li>Personel, Y\u00f6netim ve Hizmet Anla\u015fmalar\u0131n\u0131n olu\u015fturulmas\u0131,<\/li>\n<li>Yabanc\u0131 \u00e7al\u0131\u015fanlar i\u00e7in \u00e7al\u0131\u015fma ve oturma m\u00fcsaadelerinin al\u0131nmas\u0131,<\/li>\n<\/ul>\n<p><strong>Global Alliance Register <\/strong>taraf\u0131ndan sunulan<strong> Hukuk M\u00fc\u015favirlik Hizmetleri<\/strong> ile ilgili t\u00fcm sorular\u0131n\u0131z ve hizmet talepleriniz i\u00e7in l\u00fctfen taraf\u0131m\u0131zla temas kurunuz\u2026<\/p>\n<h1>\u00a0<\/h1>\n<h1>\u0130lgili Sekt\u00f6rler<\/h1>\n<table>\n<tbody>\n<tr>\n<td style=\"width: 350px; border-color: #ffffff; height: 30px; text-align: left; vertical-align: middle; background-color: #f7f7f7;\" width=\"250\">\n<ul style=\"list-style-type: square;\">\n<li><a title=\"Denizcilik Sekt\u00f6r\u00fc\" href=\"https:\/\/globalallianceregister.com\/?page_id=9&amp;lang=tr\" target=\"_blank\">DEN\u0130ZC\u0130L\u0130K<\/a><\/li>\n<\/ul>\n<\/td>\n<td style=\"width: 350px; border-color: #ffffff; height: 30px; text-align: left; vertical-align: middle; background-color: #f7f7f7;\" width=\"250\">\n<ul style=\"list-style-type: square;\">\n<li><a title=\"\u0130n\u015faat Sekt\u00f6r\u00fc\" href=\"https:\/\/globalallianceregister.com\/?page_id=11&amp;lang=tr\" target=\"_blank\">\u0130N\u015eAAT<\/a><\/li>\n<\/ul>\n<\/td>\n<td style=\"width: 350px; border-color: #ffffff; height: 30px; text-align: left; vertical-align: middle; background-color: #f7f7f7;\" width=\"251\">\n<ul style=\"list-style-type: square;\">\n<li><a title=\"Petrol &amp; Gaz Sekt\u00f6r\u00fc\" href=\"https:\/\/globalallianceregister.com\/?page_id=13&amp;lang=tr\" target=\"_blank\">PETROL &amp; GAZ<\/a><\/li>\n<\/ul>\n<\/td>\n<\/tr>\n<tr>\n<td style=\"width: 350px; border-color: #ffffff; height: 30px; text-align: left; vertical-align: middle; background-color: #f7f7f7;\" width=\"250\">\n<ul style=\"list-style-type: square;\">\n<li><a title=\"Enerji &amp; Tesisler\" href=\"https:\/\/globalallianceregister.com\/?page_id=15&amp;lang=tr\" target=\"_blank\">ENERJ\u0130 &amp; TES\u0130SLER<\/a><\/li>\n<\/ul>\n<\/td>\n<td style=\"width: 350px; border-color: #ffffff; height: 30px; text-align: left; vertical-align: middle; background-color: #f7f7f7;\" width=\"250\">\n<ul style=\"list-style-type: square;\">\n<li><a title=\"\u0130malat Sekt\u00f6r\u00fc\" href=\"https:\/\/globalallianceregister.com\/?page_id=20&amp;lang=tr\" target=\"_blank\">\u0130MALAT<\/a><\/li>\n<\/ul>\n<\/td>\n<td style=\"width: 350px; border-color: #ffffff; height: 30px; text-align: left; vertical-align: middle; background-color: #f7f7f7;\" width=\"251\">\n<ul style=\"list-style-type: square;\">\n<li><a title=\"Ula\u015ft\u0131rma &amp; Lojistik Sekt\u00f6r\u00fc\" href=\"https:\/\/globalallianceregister.com\/?page_id=22&amp;lang=tr\" target=\"_blank\">ULA\u015eTIRMA &amp; LOJ\u0130ST\u0130K<\/a><\/li>\n<\/ul>\n<\/td>\n<\/tr>\n<tr>\n<td style=\"width: 350px; border-color: #ffffff; height: 30px; text-align: left; vertical-align: middle; background-color: #f7f7f7;\" width=\"250\">\n<ul style=\"list-style-type: square;\">\n<li><a title=\"Uzay &amp; Havac\u0131l\u0131k Sekt\u00f6r\u00fc\" href=\"https:\/\/globalallianceregister.com\/?page_id=24&amp;lang=tr\" target=\"_blank\">UZAY &amp; HAVACILIK<\/a><\/li>\n<\/ul>\n<\/td>\n<td style=\"width: 350px; border-color: #ffffff; height: 30px; text-align: left; vertical-align: middle; background-color: #f7f7f7;\" width=\"250\">\n<ul style=\"list-style-type: square;\">\n<li><a title=\"Tar\u0131m &amp; G\u0131da Sekt\u00f6r\u00fc\" href=\"https:\/\/globalallianceregister.com\/?page_id=27&amp;lang=tr\" target=\"_blank\">TARIM &amp; GIDA<\/a><\/li>\n<\/ul>\n<\/td>\n<td style=\"width: 350px; border-color: #ffffff; height: 30px; text-align: left; vertical-align: middle; background-color: #f7f7f7;\" width=\"251\">\n<ul style=\"list-style-type: square;\">\n<li><a title=\"Turizm &amp; Otelcilik Sekt\u00f6r\u00fc\" href=\"https:\/\/globalallianceregister.com\/?page_id=29&amp;lang=tr\" target=\"_blank\">TUR\u0130ZM &amp; OTELC\u0130L\u0130K<\/a><\/li>\n<\/ul>\n<\/td>\n<\/tr>\n<tr>\n<td style=\"width: 350px; border-color: #ffffff; height: 30px; text-align: left; vertical-align: middle; background-color: #f7f7f7;\" width=\"250\">\n<ul style=\"list-style-type: square;\">\n<li><a title=\"Finans &amp; Bankac\u0131l\u0131k Sekt\u00f6r\u00fc\" href=\"https:\/\/globalallianceregister.com\/?page_id=38&amp;lang=tr\" target=\"_blank\">F\u0130NANS<\/a><\/li>\n<\/ul>\n<\/td>\n<td style=\"width: 350px; border-color: #ffffff; height: 30px; text-align: left; vertical-align: middle; background-color: #f7f7f7;\" width=\"250\">\n<ul style=\"list-style-type: square;\">\n<li><a title=\"Sigorta Sekt\u00f6r\u00fc\" href=\"https:\/\/globalallianceregister.com\/?page_id=40&amp;lang=tr\" target=\"_blank\">S\u0130GORTA<\/a><\/li>\n<\/ul>\n<\/td>\n<td style=\"width: 350px; border-color: #ffffff; height: 30px; text-align: left; vertical-align: middle; background-color: #f7f7f7;\" width=\"251\">\n<ul style=\"list-style-type: square;\">\n<li><a title=\"Bilgi Teknolojileri Sekt\u00f6r\u00fc\" href=\"https:\/\/globalallianceregister.com\/?page_id=52&amp;lang=tr\" target=\"_blank\">B\u0130LG\u0130 TEKNOLOJ\u0130LER\u0130<\/a><\/li>\n<\/ul>\n<\/td>\n<\/tr>\n<tr>\n<td style=\"width: 350px; border-color: #ffffff; height: 30px; text-align: left; vertical-align: middle; background-color: #f7f7f7;\" width=\"250\">\n<ul style=\"list-style-type: square;\">\n<li><a title=\"Telekom\u00fcnikasyon Sekt\u00f6r\u00fc\" href=\"https:\/\/globalallianceregister.com\/?page_id=54&amp;lang=tr\" target=\"_blank\">TELEKOM\u00dcN\u0130KASYON<\/a><\/li>\n<\/ul>\n<\/td>\n<td style=\"width: 350px; border-color: #ffffff; height: 30px; text-align: left; vertical-align: middle; background-color: #f7f7f7;\" width=\"250\">\n<ul style=\"list-style-type: square;\">\n<li><a title=\"Sa\u011fl\u0131k &amp; T\u0131p Sekt\u00f6r\u00fc\" href=\"https:\/\/globalallianceregister.com\/?page_id=56&amp;lang=tr\" target=\"_blank\">SA\u011eLIK &amp; TIP<\/a><\/li>\n<\/ul>\n<\/td>\n<td style=\"width: 350px; border-color: #ffffff; height: 30px; text-align: left; vertical-align: middle; background-color: #f7f7f7;\" width=\"251\">\u00a0<\/td>\n<\/tr>\n<\/tbody>\n<\/table>","protected":false},"excerpt":{"rendered":"<p>Global Alliance Register, KOB\u0130 ve b\u00fcy\u00fck \u00f6l\u00e7ekli organizasyonlara profesyonel hukuk m\u00fc\u015favirli\u011fi hizmetleri sunan uluslararas\u0131 arenada konusunda lider bir kurulu\u015ftur\u2026 Konusunda yetkin her biri sahip oldu\u011fu farkl\u0131 sekt\u00f6rel tecr\u00fcbelerle uzman avukatlardan&#8230; <\/p>\n","protected":false},"author":10,"featured_media":0,"parent":163,"menu_order":11,"comment_status":"closed","ping_status":"closed","template":"page-full.php","meta":{"_acf_changed":false,"om_disable_all_campaigns":false,"footnotes":""},"class_list":["post-193","page","type-page","status-publish","hentry"],"acf":[],"yoast_head":"<!-- This site is optimized with the Yoast SEO plugin v27.4 - https:\/\/yoast.com\/product\/yoast-seo-wordpress\/ -->\n<title>Hukuki M\u00fc\u015favirlik Hizmetleri - Global Alliance Register<\/title>\n<meta name=\"robots\" content=\"index, follow, max-snippet:-1, max-image-preview:large, max-video-preview:-1\" \/>\n<link rel=\"canonical\" href=\"https:\/\/globalallianceregister.com\/tr\/services\/assistance\/legal-advisory-services\/\" \/>\n<meta property=\"og:locale\" content=\"tr_TR\" \/>\n<meta property=\"og:type\" content=\"article\" \/>\n<meta property=\"og:title\" content=\"Hukuki M\u00fc\u015favirlik Hizmetleri - Global Alliance Register\" \/>\n<meta property=\"og:description\" content=\"Global Alliance Register, KOB\u0130 ve b\u00fcy\u00fck \u00f6l\u00e7ekli organizasyonlara profesyonel hukuk m\u00fc\u015favirli\u011fi hizmetleri sunan uluslararas\u0131 arenada konusunda lider bir kurulu\u015ftur\u2026 Konusunda yetkin her biri sahip oldu\u011fu farkl\u0131 sekt\u00f6rel tecr\u00fcbelerle uzman avukatlardan...\" \/>\n<meta property=\"og:url\" content=\"https:\/\/globalallianceregister.com\/tr\/services\/assistance\/legal-advisory-services\/\" \/>\n<meta property=\"og:site_name\" content=\"Global Alliance Register\" \/>\n<meta property=\"article:modified_time\" content=\"2016-02-03T10:42:24+00:00\" \/>\n<meta name=\"twitter:label1\" content=\"Tahmini okuma s\u00fcresi\" \/>\n\t<meta name=\"twitter:data1\" content=\"4 dakika\" \/>\n<script type=\"application\/ld+json\" class=\"yoast-schema-graph\">{\"@context\":\"https:\\\/\\\/schema.org\",\"@graph\":[{\"@type\":\"WebPage\",\"@id\":\"https:\\\/\\\/globalallianceregister.com\\\/tr\\\/services\\\/assistance\\\/legal-advisory-services\\\/\",\"url\":\"https:\\\/\\\/globalallianceregister.com\\\/tr\\\/services\\\/assistance\\\/legal-advisory-services\\\/\",\"name\":\"Hukuki M\u00fc\u015favirlik Hizmetleri - Global Alliance Register\",\"isPartOf\":{\"@id\":\"https:\\\/\\\/globalallianceregister.com\\\/tr\\\/#website\"},\"datePublished\":\"2010-12-29T13:05:22+00:00\",\"dateModified\":\"2016-02-03T10:42:24+00:00\",\"breadcrumb\":{\"@id\":\"https:\\\/\\\/globalallianceregister.com\\\/tr\\\/services\\\/assistance\\\/legal-advisory-services\\\/#breadcrumb\"},\"inLanguage\":\"tr\",\"potentialAction\":[{\"@type\":\"ReadAction\",\"target\":[[\"https:\\\/\\\/globalallianceregister.com\\\/tr\\\/services\\\/assistance\\\/legal-advisory-services\\\/\"]]}]},{\"@type\":\"BreadcrumbList\",\"@id\":\"https:\\\/\\\/globalallianceregister.com\\\/tr\\\/services\\\/assistance\\\/legal-advisory-services\\\/#breadcrumb\",\"itemListElement\":[{\"@type\":\"ListItem\",\"position\":1,\"name\":\"Anasayfa\",\"item\":\"https:\\\/\\\/globalallianceregister.com\\\/tr\\\/\"},{\"@type\":\"ListItem\",\"position\":2,\"name\":\"Hukuki M\u00fc\u015favirlik Hizmetleri\"}]},{\"@type\":\"WebSite\",\"@id\":\"https:\\\/\\\/globalallianceregister.com\\\/tr\\\/#website\",\"url\":\"https:\\\/\\\/globalallianceregister.com\\\/tr\\\/\",\"name\":\"Global Alliance Register\",\"description\":\"(EN) Together for Excellence\",\"potentialAction\":[{\"@type\":\"SearchAction\",\"target\":{\"@type\":\"EntryPoint\",\"urlTemplate\":\"https:\\\/\\\/globalallianceregister.com\\\/tr\\\/?s={search_term_string}\"},\"query-input\":{\"@type\":\"PropertyValueSpecification\",\"valueRequired\":true,\"valueName\":\"search_term_string\"}}],\"inLanguage\":\"tr\"}]}<\/script>\n<!-- \/ Yoast SEO plugin. -->","yoast_head_json":{"title":"Hukuki M\u00fc\u015favirlik Hizmetleri - Global Alliance Register","robots":{"index":"index","follow":"follow","max-snippet":"max-snippet:-1","max-image-preview":"max-image-preview:large","max-video-preview":"max-video-preview:-1"},"canonical":"https:\/\/globalallianceregister.com\/tr\/services\/assistance\/legal-advisory-services\/","og_locale":"tr_TR","og_type":"article","og_title":"Hukuki M\u00fc\u015favirlik Hizmetleri - Global Alliance Register","og_description":"Global Alliance Register, KOB\u0130 ve b\u00fcy\u00fck \u00f6l\u00e7ekli organizasyonlara profesyonel hukuk m\u00fc\u015favirli\u011fi hizmetleri sunan uluslararas\u0131 arenada konusunda lider bir kurulu\u015ftur\u2026 Konusunda yetkin her biri sahip oldu\u011fu farkl\u0131 sekt\u00f6rel tecr\u00fcbelerle uzman avukatlardan...","og_url":"https:\/\/globalallianceregister.com\/tr\/services\/assistance\/legal-advisory-services\/","og_site_name":"Global Alliance Register","article_modified_time":"2016-02-03T10:42:24+00:00","twitter_misc":{"Tahmini okuma s\u00fcresi":"4 dakika"},"schema":{"@context":"https:\/\/schema.org","@graph":[{"@type":"WebPage","@id":"https:\/\/globalallianceregister.com\/tr\/services\/assistance\/legal-advisory-services\/","url":"https:\/\/globalallianceregister.com\/tr\/services\/assistance\/legal-advisory-services\/","name":"Hukuki M\u00fc\u015favirlik Hizmetleri - Global Alliance Register","isPartOf":{"@id":"https:\/\/globalallianceregister.com\/tr\/#website"},"datePublished":"2010-12-29T13:05:22+00:00","dateModified":"2016-02-03T10:42:24+00:00","breadcrumb":{"@id":"https:\/\/globalallianceregister.com\/tr\/services\/assistance\/legal-advisory-services\/#breadcrumb"},"inLanguage":"tr","potentialAction":[{"@type":"ReadAction","target":[["https:\/\/globalallianceregister.com\/tr\/services\/assistance\/legal-advisory-services\/"]]}]},{"@type":"BreadcrumbList","@id":"https:\/\/globalallianceregister.com\/tr\/services\/assistance\/legal-advisory-services\/#breadcrumb","itemListElement":[{"@type":"ListItem","position":1,"name":"Anasayfa","item":"https:\/\/globalallianceregister.com\/tr\/"},{"@type":"ListItem","position":2,"name":"Hukuki M\u00fc\u015favirlik Hizmetleri"}]},{"@type":"WebSite","@id":"https:\/\/globalallianceregister.com\/tr\/#website","url":"https:\/\/globalallianceregister.com\/tr\/","name":"Global Alliance Register","description":"(EN) Together for Excellence","potentialAction":[{"@type":"SearchAction","target":{"@type":"EntryPoint","urlTemplate":"https:\/\/globalallianceregister.com\/tr\/?s={search_term_string}"},"query-input":{"@type":"PropertyValueSpecification","valueRequired":true,"valueName":"search_term_string"}}],"inLanguage":"tr"}]}},"_links":{"self":[{"href":"https:\/\/globalallianceregister.com\/tr\/wp-json\/wp\/v2\/pages\/193","targetHints":{"allow":["GET"]}}],"collection":[{"href":"https:\/\/globalallianceregister.com\/tr\/wp-json\/wp\/v2\/pages"}],"about":[{"href":"https:\/\/globalallianceregister.com\/tr\/wp-json\/wp\/v2\/types\/page"}],"author":[{"embeddable":true,"href":"https:\/\/globalallianceregister.com\/tr\/wp-json\/wp\/v2\/users\/10"}],"replies":[{"embeddable":true,"href":"https:\/\/globalallianceregister.com\/tr\/wp-json\/wp\/v2\/comments?post=193"}],"version-history":[{"count":0,"href":"https:\/\/globalallianceregister.com\/tr\/wp-json\/wp\/v2\/pages\/193\/revisions"}],"up":[{"embeddable":true,"href":"https:\/\/globalallianceregister.com\/tr\/wp-json\/wp\/v2\/pages\/163"}],"wp:attachment":[{"href":"https:\/\/globalallianceregister.com\/tr\/wp-json\/wp\/v2\/media?parent=193"}],"curies":[{"name":"wp","href":"https:\/\/api.w.org\/{rel}","templated":true}]}}