{"id":195,"date":"2010-12-29T13:06:11","date_gmt":"2010-12-29T13:06:11","guid":{"rendered":"https:\/\/globalallianceregister.com\/?page_id=195"},"modified":"2016-02-03T10:44:33","modified_gmt":"2016-02-03T10:44:33","slug":"event-organization","status":"publish","type":"page","link":"https:\/\/globalallianceregister.com\/tr\/services\/assistance\/event-organization\/","title":{"rendered":"Etkinlik &#038; Konferans Y\u00f6netimi"},"content":{"rendered":"<p><strong>Global Alliance Register, Etkinlik &amp; Konferans Y\u00f6netimi alan\u0131nda planlama, y\u00f6netimi, pazarlama, sponsorluk programlar\u0131 kapsam\u0131nda uluslararas\u0131 arenada konusunda lider kurulu\u015flardan biridir\u2026<\/strong><\/p>\n<p>T\u00fcm sekt\u00f6rlerde sahip oldu\u011fumuz bilgi birikimi ve deneyimle Global Alliance Register Y\u00f6netimi olarak yerel ve uluslararas\u0131 m\u00fc\u015fterilerimizin Etkinlik Y\u00f6netimi konusundaki beklentilerini \u00f6ng\u00f6rebilmektedir. Etkinlik, konferans ya da road-show programlar\u0131 i\u00e7in hedeflenen sonu\u00e7lara ula\u015f\u0131labilmesi i\u00e7in, Global Alliance Register Hizmetleri yarat\u0131c\u0131, detaylara \u00f6nem veren, esnek ve profesyonel heyecan\u0131 i\u00e7erisinde her zaman bulunduran bir \u015fekilde yap\u0131land\u0131r\u0131lm\u0131\u015ft\u0131r.<\/p>\n<p>Global Alliance Register taraf\u0131ndan verilen s\u00f6z; sizlerin ba\u015far\u0131s\u0131, buna ek olarak konferans ve etkinlik y\u00f6netimi alan\u0131nda ekibimizin uzmanl\u0131\u011f\u0131, y\u00fcksek hizmet kalitesi, \u00f6l\u00e7\u00fclebilir sonu\u00e7lar sa\u011flayarak m\u00fc\u015fteri memnuniyetin sa\u011flanmas\u0131d\u0131r. Global Alliance Register Uzmanlar\u0131 taraf\u0131ndan Etkinlik &amp; Konferans Y\u00f6netimi\u2019nde sunulan inovatif \u00e7\u00f6z\u00fcmler; etkinlik organizasyonunda alternatif tasar\u0131mlar, yer se\u00e7imi, s\u00f6zle\u015fme g\u00f6r\u00fc\u015fmeleri, etkinli\u011fin pazarlanmas\u0131, sponsorluk program\u0131n\u0131n y\u00f6netimi gibi konularda i\u015f hayat\u0131na farkl\u0131 bir perspektif getiriyor.<\/p>\n<p>Global Alliance Register, t\u00fcm sekt\u00f6rlerde proje gereksinimlerin s\u00fcratle kavrayarak, projeye \u00f6zg\u00fc \u00e7\u00f6z\u00fcm geli\u015ftiren, m\u00fc\u015fteri ekibi ile entegre ve uyum i\u00e7inde \u00e7al\u0131\u015fan bir i\u015f k\u00fclt\u00fcr\u00fc ile m\u00fc\u015fterilerine hizmet sunmaktad\u0131r. Global Alliance Register ile Etkinlik &amp; Konferans Y\u00f6netimi konusunda \u00e7al\u0131\u015fma karar\u0131 veren m\u00fc\u015fterilerimiz temel faaliyet alanlar\u0131na daha fazla zaman ayr\u0131ma imk\u00e2n\u0131 bulurken, GAR Uzmanlar\u0131 etkinlik y\u00f6netimi alan\u0131ndaki projenin gerekliliklerini proje sahibi olarak ele al\u0131r ve hedeflenen sonu\u00e7lara ula\u015f\u0131lmas\u0131n\u0131 g\u00fcvence alt\u0131na al\u0131r.<\/p>\n<p>Global Alliance Register daima m\u00fc\u015fterilerine katma-de\u011fer sa\u011flama amac\u0131yla Etkinlik &amp; Konferans Y\u00f6netimi alan\u0131nda y\u00fcksek standartlar koymaya adanm\u0131\u015ft\u0131r. Etkinlik &amp; Konferans Y\u00f6netimi alan\u0131nda m\u00fc\u015fterilerimizin beklentileri GAR Uzman Proje M\u00fcd\u00fcrleri taraf\u0131ndan ele al\u0131narak, etkinli\u011fin tasar\u0131m\u0131 a\u015famas\u0131nda t\u00fcm detaylar dikkate al\u0131narak program\u0131n organizasyonu ve uygulamas\u0131 a\u015famas\u0131nda ideal sonu\u00e7lar al\u0131n\u0131r. Her bir proje i\u00e7in m\u00fc\u015fterilerimize etkinlik hedeflerinin belirlenmesinde, kritik yol haritas\u0131n\u0131n olu\u015fturulmas\u0131nda, proje organizasyon \u015femas\u0131n\u0131n olu\u015fturulmas\u0131, b\u00fct\u00e7e- i\u015f tan\u0131mlar\u0131 ve di\u011fer t\u00fcm planlar\u0131n haz\u0131rlanmas\u0131na yard\u0131mc\u0131 olarak hedeflenen sonu\u00e7lara ula\u015f\u0131lmas\u0131n\u0131 kolayla\u015ft\u0131rmaktay\u0131z. Ayr\u0131ca etkinli\u011fe ili\u015fkin t\u00fcm alt y\u00fcklenicilerin se\u00e7imi ve koordinasyonunu sa\u011flayarak s\u00fcrecin ba\u015far\u0131l\u0131 bir \u015fekilde y\u00f6netilmesini g\u00fcvence alt\u0131na almaktay\u0131z.<\/p>\n<p><strong>Global Alliance Register taraf\u0131ndan Etkinlik &amp; Konferans Y\u00f6netimi kapsam\u0131nda sunulan hizmetlerden baz\u0131lar\u0131 \u015funlard\u0131r:<\/strong><\/p>\n<ul>\n<li>Konferans Organizasyonu &amp; Y\u00f6netimi,<\/li>\n<li>Simultane terc\u00fcme,<\/li>\n<li>Etkinlik \u0130\u00e7in Gerekli Olan Teknik Altyap\u0131 Deste\u011fi &amp; AV Ekipman Tedariki,<\/li>\n<li>\u00d6d\u00fcl T\u00f6reni &amp; Gala Yeme\u011fi Organizasyonu,<\/li>\n<li>\u00d6deme &amp; \u00dccret Tahsilat\u0131 Deste\u011fi,<\/li>\n<li>Yer Se\u00e7imi,<\/li>\n<li>D\u0131\u015f Kaynak Tedariki \u2013 Etkinlik Esnas\u0131nda Kat\u0131l\u0131mc\u0131\/ Delege Kay\u0131tlar\u0131n\u0131n Yap\u0131lmas\u0131 \u2013 Badge Sa\u011flanmas\u0131,<\/li>\n<li>Pazarlama Y\u00f6netimi, PR Tan\u0131t\u0131m \u00c7al\u0131\u015fmalar\u0131, Sponsorluk Program\u0131 Y\u00f6netimi,<\/li>\n<li>Fuarlar \u0130\u00e7in Sat\u0131\u015f &amp; Pazarlama Y\u00f6netimi Deste\u011fi,<\/li>\n<li>Delege Paketlerinin Haz\u0131rlanmas\u0131,<\/li>\n<li>Delege Kayd\u0131,<\/li>\n<\/ul>\n<p><strong>Etkinlik &amp; Konferans Y\u00f6netimi Hizmetleri <\/strong>hakk\u0131nda t\u00fcm sorular\u0131n\u0131z ve hizmet taleplerinize ili\u015fkin l\u00fctfen taraf\u0131m\u0131zla temas kurunuz\u2026<\/p>\n<h1>\u0130lgili Sekt\u00f6rler<\/h1>\n<table>\n<tbody>\n<tr>\n<td style=\"width: 350px; border-color: #ffffff; height: 30px; text-align: left; vertical-align: middle; background-color: #f7f7f7;\" width=\"250\">\n<ul style=\"list-style-type: square;\">\n<li><a title=\"Denizcilik Sekt\u00f6r\u00fc\" href=\"https:\/\/globalallianceregister.com\/?page_id=9&amp;lang=tr\" target=\"_blank\">DEN\u0130ZC\u0130L\u0130K<\/a><\/li>\n<\/ul>\n<\/td>\n<td style=\"width: 350px; border-color: #ffffff; height: 30px; text-align: left; vertical-align: middle; background-color: #f7f7f7;\" width=\"250\">\n<ul style=\"list-style-type: square;\">\n<li><a title=\"\u0130n\u015faat Sekt\u00f6r\u00fc\" href=\"https:\/\/globalallianceregister.com\/?page_id=11&amp;lang=tr\" target=\"_blank\">\u0130N\u015eAAT<\/a><\/li>\n<\/ul>\n<\/td>\n<td style=\"width: 350px; border-color: #ffffff; height: 30px; text-align: left; vertical-align: middle; background-color: #f7f7f7;\" width=\"251\">\n<ul style=\"list-style-type: square;\">\n<li><a title=\"Petrol &amp; Gaz Sekt\u00f6r\u00fc\" href=\"https:\/\/globalallianceregister.com\/?page_id=13&amp;lang=tr\" target=\"_blank\">PETROL &amp; GAZ<\/a><\/li>\n<\/ul>\n<\/td>\n<\/tr>\n<tr>\n<td style=\"width: 350px; border-color: #ffffff; height: 30px; text-align: left; vertical-align: middle; background-color: #f7f7f7;\" width=\"250\">\n<ul style=\"list-style-type: square;\">\n<li><a title=\"Enerji &amp; Tesisler\" href=\"https:\/\/globalallianceregister.com\/?page_id=15&amp;lang=tr\" target=\"_blank\">ENERJ\u0130 &amp; TES\u0130SLER<\/a><\/li>\n<\/ul>\n<\/td>\n<td style=\"width: 350px; border-color: #ffffff; height: 30px; text-align: left; vertical-align: middle; background-color: #f7f7f7;\" width=\"250\">\n<ul style=\"list-style-type: square;\">\n<li><a title=\"\u0130malat Sekt\u00f6r\u00fc\" href=\"https:\/\/globalallianceregister.com\/?page_id=20&amp;lang=tr\" target=\"_blank\">\u0130MALAT<\/a><\/li>\n<\/ul>\n<\/td>\n<td style=\"width: 350px; border-color: #ffffff; height: 30px; text-align: left; vertical-align: middle; background-color: #f7f7f7;\" width=\"251\">\n<ul style=\"list-style-type: square;\">\n<li><a title=\"Ula\u015ft\u0131rma &amp; Lojistik Sekt\u00f6r\u00fc\" href=\"https:\/\/globalallianceregister.com\/?page_id=22&amp;lang=tr\" target=\"_blank\">ULA\u015eTIRMA &amp; LOJ\u0130ST\u0130K<\/a><\/li>\n<\/ul>\n<\/td>\n<\/tr>\n<tr>\n<td style=\"width: 350px; border-color: #ffffff; height: 30px; text-align: left; vertical-align: middle; background-color: #f7f7f7;\" width=\"250\">\n<ul style=\"list-style-type: square;\">\n<li><a title=\"Uzay &amp; Havac\u0131l\u0131k Sekt\u00f6r\u00fc\" href=\"https:\/\/globalallianceregister.com\/?page_id=24&amp;lang=tr\" target=\"_blank\">UZAY &amp; HAVACILIK<\/a><\/li>\n<\/ul>\n<\/td>\n<td style=\"width: 350px; border-color: #ffffff; height: 30px; text-align: left; vertical-align: middle; background-color: #f7f7f7;\" width=\"250\">\n<ul style=\"list-style-type: square;\">\n<li><a title=\"Tar\u0131m &amp; G\u0131da Sekt\u00f6r\u00fc\" href=\"https:\/\/globalallianceregister.com\/?page_id=27&amp;lang=tr\" target=\"_blank\">TARIM &amp; GIDA<\/a><\/li>\n<\/ul>\n<\/td>\n<td style=\"width: 350px; border-color: #ffffff; height: 30px; text-align: left; vertical-align: middle; background-color: #f7f7f7;\" width=\"251\">\n<ul style=\"list-style-type: square;\">\n<li><a title=\"Turizm &amp; Otelcilik Sekt\u00f6r\u00fc\" href=\"https:\/\/globalallianceregister.com\/?page_id=29&amp;lang=tr\" target=\"_blank\">TUR\u0130ZM &amp; OTELC\u0130L\u0130K<\/a><\/li>\n<\/ul>\n<\/td>\n<\/tr>\n<tr>\n<td style=\"width: 350px; border-color: #ffffff; height: 30px; text-align: left; vertical-align: middle; background-color: #f7f7f7;\" width=\"250\">\n<ul style=\"list-style-type: square;\">\n<li><a title=\"Finans &amp; Bankac\u0131l\u0131k Sekt\u00f6r\u00fc\" href=\"https:\/\/globalallianceregister.com\/?page_id=38&amp;lang=tr\" target=\"_blank\">F\u0130NANS<\/a><\/li>\n<\/ul>\n<\/td>\n<td style=\"width: 350px; border-color: #ffffff; height: 30px; text-align: left; vertical-align: middle; background-color: #f7f7f7;\" width=\"250\">\n<ul style=\"list-style-type: square;\">\n<li><a title=\"Sigorta Sekt\u00f6r\u00fc\" href=\"https:\/\/globalallianceregister.com\/?page_id=40&amp;lang=tr\" target=\"_blank\">S\u0130GORTA<\/a><\/li>\n<\/ul>\n<\/td>\n<td style=\"width: 350px; border-color: #ffffff; height: 30px; text-align: left; vertical-align: middle; background-color: #f7f7f7;\" width=\"251\">\n<ul style=\"list-style-type: square;\">\n<li><a title=\"Bilgi Teknolojileri Sekt\u00f6r\u00fc\" href=\"https:\/\/globalallianceregister.com\/?page_id=52&amp;lang=tr\" target=\"_blank\">B\u0130LG\u0130 TEKNOLOJ\u0130LER\u0130<\/a><\/li>\n<\/ul>\n<\/td>\n<\/tr>\n<tr>\n<td style=\"width: 350px; border-color: #ffffff; height: 30px; text-align: left; vertical-align: middle; background-color: #f7f7f7;\" width=\"250\">\n<ul style=\"list-style-type: square;\">\n<li><a title=\"Telekom\u00fcnikasyon Sekt\u00f6r\u00fc\" href=\"https:\/\/globalallianceregister.com\/?page_id=54&amp;lang=tr\" target=\"_blank\">TELEKOM\u00dcN\u0130KASYON<\/a><\/li>\n<\/ul>\n<\/td>\n<td style=\"width: 350px; border-color: #ffffff; height: 30px; text-align: left; vertical-align: middle; background-color: #f7f7f7;\" width=\"250\">\n<ul style=\"list-style-type: square;\">\n<li><a title=\"Sa\u011fl\u0131k &amp; T\u0131p Sekt\u00f6r\u00fc\" href=\"https:\/\/globalallianceregister.com\/?page_id=56&amp;lang=tr\" target=\"_blank\">SA\u011eLIK &amp; TIP<\/a><\/li>\n<\/ul>\n<\/td>\n<td style=\"width: 350px; border-color: #ffffff; height: 30px; text-align: left; vertical-align: middle; background-color: #f7f7f7;\" width=\"251\">\u00a0<\/td>\n<\/tr>\n<\/tbody>\n<\/table>","protected":false},"excerpt":{"rendered":"<p>Global Alliance Register, Etkinlik &amp; Konferans Y\u00f6netimi alan\u0131nda planlama, y\u00f6netimi, pazarlama, sponsorluk programlar\u0131 kapsam\u0131nda uluslararas\u0131 arenada konusunda lider kurulu\u015flardan biridir\u2026 T\u00fcm sekt\u00f6rlerde sahip oldu\u011fumuz bilgi birikimi ve deneyimle Global Alliance&#8230; <\/p>\n","protected":false},"author":10,"featured_media":0,"parent":163,"menu_order":12,"comment_status":"closed","ping_status":"closed","template":"page-full.php","meta":{"_acf_changed":false,"om_disable_all_campaigns":false,"footnotes":""},"class_list":["post-195","page","type-page","status-publish","hentry"],"acf":[],"yoast_head":"<!-- This site is optimized with the Yoast SEO plugin v27.4 - https:\/\/yoast.com\/product\/yoast-seo-wordpress\/ -->\n<title>Etkinlik &amp; Konferans Y\u00f6netimi - Global Alliance Register<\/title>\n<meta name=\"robots\" content=\"index, follow, max-snippet:-1, max-image-preview:large, max-video-preview:-1\" \/>\n<link rel=\"canonical\" href=\"https:\/\/globalallianceregister.com\/tr\/services\/assistance\/event-organization\/\" \/>\n<meta property=\"og:locale\" content=\"tr_TR\" \/>\n<meta property=\"og:type\" content=\"article\" \/>\n<meta property=\"og:title\" content=\"Etkinlik &amp; Konferans Y\u00f6netimi - Global Alliance Register\" \/>\n<meta property=\"og:description\" content=\"Global Alliance Register, Etkinlik &amp; Konferans Y\u00f6netimi alan\u0131nda planlama, y\u00f6netimi, pazarlama, sponsorluk programlar\u0131 kapsam\u0131nda uluslararas\u0131 arenada konusunda lider kurulu\u015flardan biridir\u2026 T\u00fcm sekt\u00f6rlerde sahip oldu\u011fumuz bilgi birikimi ve deneyimle Global Alliance...\" \/>\n<meta property=\"og:url\" content=\"https:\/\/globalallianceregister.com\/tr\/services\/assistance\/event-organization\/\" \/>\n<meta property=\"og:site_name\" content=\"Global Alliance Register\" \/>\n<meta property=\"article:modified_time\" content=\"2016-02-03T10:44:33+00:00\" \/>\n<meta name=\"twitter:label1\" content=\"Tahmini okuma s\u00fcresi\" \/>\n\t<meta name=\"twitter:data1\" content=\"5 dakika\" \/>\n<script type=\"application\/ld+json\" class=\"yoast-schema-graph\">{\"@context\":\"https:\\\/\\\/schema.org\",\"@graph\":[{\"@type\":\"WebPage\",\"@id\":\"https:\\\/\\\/globalallianceregister.com\\\/tr\\\/services\\\/assistance\\\/event-organization\\\/\",\"url\":\"https:\\\/\\\/globalallianceregister.com\\\/tr\\\/services\\\/assistance\\\/event-organization\\\/\",\"name\":\"Etkinlik & Konferans Y\u00f6netimi - Global Alliance Register\",\"isPartOf\":{\"@id\":\"https:\\\/\\\/globalallianceregister.com\\\/tr\\\/#website\"},\"datePublished\":\"2010-12-29T13:06:11+00:00\",\"dateModified\":\"2016-02-03T10:44:33+00:00\",\"breadcrumb\":{\"@id\":\"https:\\\/\\\/globalallianceregister.com\\\/tr\\\/services\\\/assistance\\\/event-organization\\\/#breadcrumb\"},\"inLanguage\":\"tr\",\"potentialAction\":[{\"@type\":\"ReadAction\",\"target\":[[\"https:\\\/\\\/globalallianceregister.com\\\/tr\\\/services\\\/assistance\\\/event-organization\\\/\"]]}]},{\"@type\":\"BreadcrumbList\",\"@id\":\"https:\\\/\\\/globalallianceregister.com\\\/tr\\\/services\\\/assistance\\\/event-organization\\\/#breadcrumb\",\"itemListElement\":[{\"@type\":\"ListItem\",\"position\":1,\"name\":\"Anasayfa\",\"item\":\"https:\\\/\\\/globalallianceregister.com\\\/tr\\\/\"},{\"@type\":\"ListItem\",\"position\":2,\"name\":\"Etkinlik &#038; Konferans Y\u00f6netimi\"}]},{\"@type\":\"WebSite\",\"@id\":\"https:\\\/\\\/globalallianceregister.com\\\/tr\\\/#website\",\"url\":\"https:\\\/\\\/globalallianceregister.com\\\/tr\\\/\",\"name\":\"Global Alliance Register\",\"description\":\"(EN) Together for Excellence\",\"potentialAction\":[{\"@type\":\"SearchAction\",\"target\":{\"@type\":\"EntryPoint\",\"urlTemplate\":\"https:\\\/\\\/globalallianceregister.com\\\/tr\\\/?s={search_term_string}\"},\"query-input\":{\"@type\":\"PropertyValueSpecification\",\"valueRequired\":true,\"valueName\":\"search_term_string\"}}],\"inLanguage\":\"tr\"}]}<\/script>\n<!-- \/ Yoast SEO plugin. -->","yoast_head_json":{"title":"Etkinlik & Konferans Y\u00f6netimi - Global Alliance Register","robots":{"index":"index","follow":"follow","max-snippet":"max-snippet:-1","max-image-preview":"max-image-preview:large","max-video-preview":"max-video-preview:-1"},"canonical":"https:\/\/globalallianceregister.com\/tr\/services\/assistance\/event-organization\/","og_locale":"tr_TR","og_type":"article","og_title":"Etkinlik & Konferans Y\u00f6netimi - Global Alliance Register","og_description":"Global Alliance Register, Etkinlik &amp; Konferans Y\u00f6netimi alan\u0131nda planlama, y\u00f6netimi, pazarlama, sponsorluk programlar\u0131 kapsam\u0131nda uluslararas\u0131 arenada konusunda lider kurulu\u015flardan biridir\u2026 T\u00fcm sekt\u00f6rlerde sahip oldu\u011fumuz bilgi birikimi ve deneyimle Global Alliance...","og_url":"https:\/\/globalallianceregister.com\/tr\/services\/assistance\/event-organization\/","og_site_name":"Global Alliance Register","article_modified_time":"2016-02-03T10:44:33+00:00","twitter_misc":{"Tahmini okuma s\u00fcresi":"5 dakika"},"schema":{"@context":"https:\/\/schema.org","@graph":[{"@type":"WebPage","@id":"https:\/\/globalallianceregister.com\/tr\/services\/assistance\/event-organization\/","url":"https:\/\/globalallianceregister.com\/tr\/services\/assistance\/event-organization\/","name":"Etkinlik & Konferans Y\u00f6netimi - Global Alliance Register","isPartOf":{"@id":"https:\/\/globalallianceregister.com\/tr\/#website"},"datePublished":"2010-12-29T13:06:11+00:00","dateModified":"2016-02-03T10:44:33+00:00","breadcrumb":{"@id":"https:\/\/globalallianceregister.com\/tr\/services\/assistance\/event-organization\/#breadcrumb"},"inLanguage":"tr","potentialAction":[{"@type":"ReadAction","target":[["https:\/\/globalallianceregister.com\/tr\/services\/assistance\/event-organization\/"]]}]},{"@type":"BreadcrumbList","@id":"https:\/\/globalallianceregister.com\/tr\/services\/assistance\/event-organization\/#breadcrumb","itemListElement":[{"@type":"ListItem","position":1,"name":"Anasayfa","item":"https:\/\/globalallianceregister.com\/tr\/"},{"@type":"ListItem","position":2,"name":"Etkinlik &#038; Konferans Y\u00f6netimi"}]},{"@type":"WebSite","@id":"https:\/\/globalallianceregister.com\/tr\/#website","url":"https:\/\/globalallianceregister.com\/tr\/","name":"Global Alliance Register","description":"(EN) Together for Excellence","potentialAction":[{"@type":"SearchAction","target":{"@type":"EntryPoint","urlTemplate":"https:\/\/globalallianceregister.com\/tr\/?s={search_term_string}"},"query-input":{"@type":"PropertyValueSpecification","valueRequired":true,"valueName":"search_term_string"}}],"inLanguage":"tr"}]}},"_links":{"self":[{"href":"https:\/\/globalallianceregister.com\/tr\/wp-json\/wp\/v2\/pages\/195","targetHints":{"allow":["GET"]}}],"collection":[{"href":"https:\/\/globalallianceregister.com\/tr\/wp-json\/wp\/v2\/pages"}],"about":[{"href":"https:\/\/globalallianceregister.com\/tr\/wp-json\/wp\/v2\/types\/page"}],"author":[{"embeddable":true,"href":"https:\/\/globalallianceregister.com\/tr\/wp-json\/wp\/v2\/users\/10"}],"replies":[{"embeddable":true,"href":"https:\/\/globalallianceregister.com\/tr\/wp-json\/wp\/v2\/comments?post=195"}],"version-history":[{"count":0,"href":"https:\/\/globalallianceregister.com\/tr\/wp-json\/wp\/v2\/pages\/195\/revisions"}],"up":[{"embeddable":true,"href":"https:\/\/globalallianceregister.com\/tr\/wp-json\/wp\/v2\/pages\/163"}],"wp:attachment":[{"href":"https:\/\/globalallianceregister.com\/tr\/wp-json\/wp\/v2\/media?parent=195"}],"curies":[{"name":"wp","href":"https:\/\/api.w.org\/{rel}","templated":true}]}}