{"id":197,"date":"2010-12-29T13:08:57","date_gmt":"2010-12-29T13:08:57","guid":{"rendered":"https:\/\/globalallianceregister.com\/?page_id=197"},"modified":"2016-02-03T10:55:54","modified_gmt":"2016-02-03T10:55:54","slug":"representative-office-services","status":"publish","type":"page","link":"https:\/\/globalallianceregister.com\/tr\/services\/assistance\/representative-office-services\/","title":{"rendered":"Temsilcilik Hizmetleri"},"content":{"rendered":"<p><strong>Global Alliance Register yerel ve uluslararas\u0131 m\u00fc\u015fterilerinin stratejik i\u015f orta\u011f\u0131 olarak yeni pazarlara giri\u015flerinde ihtiya\u00e7 duyabilecekleri t\u00fcm alanlar\u0131 kapsayan Temsilcilik Hizmetleri sunuyor\u2026<\/strong><\/p>\n<p>Bu kapsamda m\u00fc\u015fterilerimize sundu\u011fumuz hizmetlerle m\u00fc\u015fterilerimizin T\u00fcrkiye\u2019de ve d\u00fcnyan\u0131n di\u011fer \u00fclkelerinde varl\u0131klar\u0131n\u0131 profesyonel bir \u00e7er\u00e7evede konulan hedefleri zaman\u0131nda ve b\u00fct\u00e7e i\u00e7inde ba\u015farmalar\u0131na \u00f6nemli katk\u0131 sa\u011fl\u0131yoruz. Global Alliance Register uluslararas\u0131 ofis a\u011f\u0131yla i\u015finizde t\u00fcm s\u0131n\u0131rlar\u0131 kald\u0131r\u0131yor.<\/p>\n<p>Yaln\u0131zca maliyet d\u00fc\u015f\u00fcr\u00fcc\u00fc etki yaratmaktan daha \u00f6te, Global Alliance Register m\u00fc\u015fterileri ayn\u0131 zamanda ilgili pazarlarda sahip oldu\u011fumuz deneyim ve bilgi biriminden t\u00fcm i\u015f s\u00fcre\u00e7lerinde verimlili\u011fi sa\u011flayarak g\u00fcvence alt\u0131na al\u0131yor. Temsilcilik Hizmetleri m\u00fc\u015fterilerimize belirlenen\u00a0pazarlarda\u00a0profesyonel ve nitelikli insan kaynaklar\u0131m\u0131z ile s\u00fcratli bir \u015fekilde faaliyete ge\u00e7melerini sa\u011fl\u0131yor.<\/p>\n<p>Yeni i\u015f giri\u015fimleri, pazar dinamikleri, rekabet\u00e7i ortam, end\u00fcstriyel gereklilikler, teknoloji, mevzuat, standartlar ve y\u00f6netmeliklerin yan\u0131 s\u0131ra her bir pazar segmentinde yeni e\u011filimleri sahip oldu\u011fu saha deneyimi ve bilgi birikimi ile Global Alliance Register Y\u00f6netimi ve Uzmanlar\u0131 m\u00fc\u015fterilerinin pazar geli\u015ftirme gayretlerine \u00f6nemli \u00f6l\u00e7\u00fcde destek sunma kapasitesine sahiptir.<\/p>\n<p><strong>Temsilcilik\u00a0Hizmetleri<\/strong> kapsam\u0131nda <strong>Global Alliance Register<\/strong>; ofis, sekretarya, toplant\u0131 salonu, ziyaret\u00e7i kabul ve idari destek gibi hizmetlerin yan\u0131 s\u0131ra m\u00fc\u015fterilerimize i\u015f s\u00fcre\u00e7leri y\u00f6netiminde idari, i\u015f geli\u015ftirme, pazarlama &amp; sat\u0131\u015f, ve teknik temsilcilik hizmetleri gibi olduk\u00e7a geni\u015f bir alanda y\u00fcksek nitelikli insan kaynaklar\u0131 ile se\u00e7ilen pazarlarda belirlenen hedeflerin ba\u015far\u0131lmas\u0131na katk\u0131 sa\u011flamaktad\u0131r. Global Alliance Register hizmetleri m\u00fc\u015fteri beklentilerine ba\u011fl\u0131 olarak tasarlanmaktad\u0131r.<\/p>\n<p><strong>A\u015fa\u011f\u0131da belirtili olan paket se\u00e7ilmi\u015f olan \u00fclke ve pazarda i\u015f faaliyetlerinize katk\u0131 sunabilecek \u015fu temel hizmetleri kapsamaktad\u0131r:<\/strong><\/p>\n<ul>\n<li>Yat\u0131r\u0131m Dan\u0131\u015fmanl\u0131\u011f\u0131,<\/li>\n<li>M\u00fc\u015fteri \u0130li\u015fkileri Y\u00f6netimi,<\/li>\n<li>Sekretarya Deste\u011fi,<\/li>\n<li>Y\u00f6netim Deste\u011fi &amp; \u0130\u015f Toplant\u0131lar\u0131n\u0131n Koordinasyonu,<\/li>\n<li>Lojistik Destek Hizmetleri Kar\u015f\u0131lama- Otel-U\u00e7ak rezervasyonu, Transfer Hizmetleri, \u015eof\u00f6rl\u00fc Ara\u00e7 Kiralama,<\/li>\n<li>Yerel ofis adresi ve \u00fclke ofisi faaliyetleri i\u00e7in kartvizit sa\u011flama,<\/li>\n<li>Yerel telefon ve faks numaras\u0131 sa\u011flama,<\/li>\n<li>\u00c7eviri &amp; Terc\u00fcmanl\u0131k Hizmetleri,<\/li>\n<li>Ofis ve Toplant\u0131 Salonu,<\/li>\n<\/ul>\n<p>Global Alliance Register profesyonel ve deneyimli uzman kadrolar\u0131 ile m\u00fc\u015fterilerinin i\u015f stratejisi ve planlar\u0131na uygun tasarlad\u0131\u011f\u0131 hizmet paketi i\u00e7erisinde a\u015fa\u011f\u0131da belirtili olan alanlarda y\u00fcksek katma de\u011ferli \u00e7\u00f6z\u00fcmler sunmaktad\u0131r:<\/p>\n<ul>\n<li>Yat\u0131r\u0131m Dan\u0131\u015fmanl\u0131\u011f\u0131,<\/li>\n<li>M\u00fc\u015fteri Taraf\u0131ndan Talep Edilen Alanlarda Uygun \u0130\u015f Orta\u011f\u0131 Ara\u015ft\u0131rmas\u0131,<\/li>\n<li>\u0130\u015f Geli\u015ftirme &amp; Pazar Ara\u015ft\u0131rma Dan\u0131\u015fmanl\u0131\u011f\u0131,<\/li>\n<li>Yerel Mevzuat &amp; Y\u00f6netmelik Deste\u011fi,<\/li>\n<li>Hukuki M\u00fc\u015favirlik Hizmetleri,<\/li>\n<li>Pazarlama &amp; Sat\u0131\u015f Deste\u011fi,<\/li>\n<li>\u00c7a\u011fr\u0131 Merkezi Operasyonlar\u0131n\u0131n Sa\u011flanmas\u0131 &amp; Y\u00f6netimi,<\/li>\n<li>Proje Y\u00f6netimi,<\/li>\n<li>M\u00fchendislik &amp; Tasar\u0131m Deste\u011fi,<\/li>\n<li>Tedarik\u00e7ilerin Se\u00e7imi- \u00d6n Yeterlilik De\u011ferlendirmesi- Denetimi- Performans \u0130zleme,<\/li>\n<li>Uluslararas\u0131 Ba\u011f\u0131ms\u0131z Kalite Kontrol\/ Kalite G\u00fcvence G\u00f6zetim Hizmetleri,<\/li>\n<li>Uluslararas\u0131 Ba\u011f\u0131ms\u0131z Y\u00fckleme\/ Tahliye G\u00f6zetim Hizmetleri,<\/li>\n<li>De\u011ferlendirme\/ derecelendirme Hizmetleri,<\/li>\n<li>Tedarik\u00e7i Mahallinde \u0130malat G\u00f6zetimi,<\/li>\n<li>Tan\u0131t\u0131m-Teknik Etkinlik &amp; Seminer Organizasyonlar\u0131,<\/li>\n<li>M\u00fc\u015fteri Ad\u0131na Fuarlara Kat\u0131l\u0131m, Servis &amp; \u00dcr\u00fcnlerin Tan\u0131t\u0131m\u0131,<\/li>\n<li>M\u00fc\u015fteri \u0130li\u015fkileri Y\u00f6netimi,<\/li>\n<li>Teknik Destek,<\/li>\n<li>\u00dcr\u00fcn Geli\u015ftirme Deste\u011fi,<\/li>\n<li>Ara\u015ft\u0131rma &amp; Geli\u015ftirme Projeleri \u0130\u00e7in Teknik Destek,<\/li>\n<li>Franchise Y\u00f6netimi &amp; A\u011f Geli\u015ftirme Dan\u0131\u015fmanl\u0131\u011f\u0131,<\/li>\n<li>\u015eirket Kurulu\u015fu M\u00fc\u015favirlik Hizmetleri,<\/li>\n<\/ul>\n<p><strong>Global Alliance Register <\/strong>taraf\u0131ndan sunulan<strong> Temsilcilik Hizmetleri <\/strong>hakk\u0131nda t\u00fcm sorular\u0131n\u0131z ve talepleriniz i\u00e7in l\u00fctfen taraf\u0131m\u0131zla temas kurunuz\u2026<\/p>\n<h1>\u00a0<\/h1>\n<h1>\u0130lgili Sekt\u00f6rler<\/h1>\n<table>\n<tbody>\n<tr>\n<td style=\"width: 350px; border-color: #ffffff; height: 30px; text-align: left; vertical-align: middle; background-color: #f7f7f7;\" width=\"250\">\n<ul style=\"list-style-type: square;\">\n<li><a title=\"Denizcilik Sekt\u00f6r\u00fc\" href=\"https:\/\/globalallianceregister.com\/?page_id=9&amp;lang=tr\" target=\"_blank\">DEN\u0130ZC\u0130L\u0130K<\/a><\/li>\n<\/ul>\n<\/td>\n<td style=\"width: 350px; border-color: #ffffff; height: 30px; text-align: left; vertical-align: middle; background-color: #f7f7f7;\" width=\"250\">\n<ul style=\"list-style-type: square;\">\n<li><a title=\"\u0130n\u015faat Sekt\u00f6r\u00fc\" href=\"https:\/\/globalallianceregister.com\/?page_id=11&amp;lang=tr\" target=\"_blank\">\u0130N\u015eAAT<\/a><\/li>\n<\/ul>\n<\/td>\n<td style=\"width: 350px; border-color: #ffffff; height: 30px; text-align: left; vertical-align: middle; background-color: #f7f7f7;\" width=\"251\">\n<ul style=\"list-style-type: square;\">\n<li><a title=\"Petrol &amp; Gaz Sekt\u00f6r\u00fc\" href=\"https:\/\/globalallianceregister.com\/?page_id=13&amp;lang=tr\" target=\"_blank\">PETROL &amp; GAZ<\/a><\/li>\n<\/ul>\n<\/td>\n<\/tr>\n<tr>\n<td style=\"width: 350px; border-color: #ffffff; height: 30px; text-align: left; vertical-align: middle; background-color: #f7f7f7;\" width=\"250\">\n<ul style=\"list-style-type: square;\">\n<li><a title=\"Enerji &amp; Tesisler\" href=\"https:\/\/globalallianceregister.com\/?page_id=15&amp;lang=tr\" target=\"_blank\">ENERJ\u0130 &amp; TES\u0130SLER<\/a><\/li>\n<\/ul>\n<\/td>\n<td style=\"width: 350px; border-color: #ffffff; height: 30px; text-align: left; vertical-align: middle; background-color: #f7f7f7;\" width=\"250\">\n<ul style=\"list-style-type: square;\">\n<li><a title=\"\u0130malat Sekt\u00f6r\u00fc\" href=\"https:\/\/globalallianceregister.com\/?page_id=20&amp;lang=tr\" target=\"_blank\">\u0130MALAT<\/a><\/li>\n<\/ul>\n<\/td>\n<td style=\"width: 350px; border-color: #ffffff; height: 30px; text-align: left; vertical-align: middle; background-color: #f7f7f7;\" width=\"251\">\n<ul style=\"list-style-type: square;\">\n<li><a title=\"Ula\u015ft\u0131rma &amp; Lojistik Sekt\u00f6r\u00fc\" href=\"https:\/\/globalallianceregister.com\/?page_id=22&amp;lang=tr\" target=\"_blank\">ULA\u015eTIRMA &amp; LOJ\u0130ST\u0130K<\/a><\/li>\n<\/ul>\n<\/td>\n<\/tr>\n<tr>\n<td style=\"width: 350px; border-color: #ffffff; height: 30px; text-align: left; vertical-align: middle; background-color: #f7f7f7;\" width=\"250\">\n<ul style=\"list-style-type: square;\">\n<li><a title=\"Uzay &amp; Havac\u0131l\u0131k Sekt\u00f6r\u00fc\" href=\"https:\/\/globalallianceregister.com\/?page_id=24&amp;lang=tr\" target=\"_blank\">UZAY &amp; HAVACILIK<\/a><\/li>\n<\/ul>\n<\/td>\n<td style=\"width: 350px; border-color: #ffffff; height: 30px; text-align: left; vertical-align: middle; background-color: #f7f7f7;\" width=\"250\">\n<ul style=\"list-style-type: square;\">\n<li><a title=\"Tar\u0131m &amp; G\u0131da Sekt\u00f6r\u00fc\" href=\"https:\/\/globalallianceregister.com\/?page_id=27&amp;lang=tr\" target=\"_blank\">TARIM &amp; GIDA<\/a><\/li>\n<\/ul>\n<\/td>\n<td style=\"width: 350px; border-color: #ffffff; height: 30px; text-align: left; vertical-align: middle; background-color: #f7f7f7;\" width=\"251\">\n<ul style=\"list-style-type: square;\">\n<li><a title=\"Turizm &amp; Otelcilik Sekt\u00f6r\u00fc\" href=\"https:\/\/globalallianceregister.com\/?page_id=29&amp;lang=tr\" target=\"_blank\">TUR\u0130ZM &amp; OTELC\u0130L\u0130K<\/a><\/li>\n<\/ul>\n<\/td>\n<\/tr>\n<tr>\n<td style=\"width: 350px; border-color: #ffffff; height: 30px; text-align: left; vertical-align: middle; background-color: #f7f7f7;\" width=\"250\">\n<ul style=\"list-style-type: square;\">\n<li><a title=\"Finans &amp; Bankac\u0131l\u0131k Sekt\u00f6r\u00fc\" href=\"https:\/\/globalallianceregister.com\/?page_id=38&amp;lang=tr\" target=\"_blank\">F\u0130NANS<\/a><\/li>\n<\/ul>\n<\/td>\n<td style=\"width: 350px; border-color: #ffffff; height: 30px; text-align: left; vertical-align: middle; background-color: #f7f7f7;\" width=\"250\">\n<ul style=\"list-style-type: square;\">\n<li><a title=\"Sigorta Sekt\u00f6r\u00fc\" href=\"https:\/\/globalallianceregister.com\/?page_id=40&amp;lang=tr\" target=\"_blank\">S\u0130GORTA<\/a><\/li>\n<\/ul>\n<\/td>\n<td style=\"width: 350px; border-color: #ffffff; height: 30px; text-align: left; vertical-align: middle; background-color: #f7f7f7;\" width=\"251\">\n<ul style=\"list-style-type: square;\">\n<li><a title=\"Bilgi Teknolojileri Sekt\u00f6r\u00fc\" href=\"https:\/\/globalallianceregister.com\/?page_id=52&amp;lang=tr\" target=\"_blank\">B\u0130LG\u0130 TEKNOLOJ\u0130LER\u0130<\/a><\/li>\n<\/ul>\n<\/td>\n<\/tr>\n<tr>\n<td style=\"width: 350px; border-color: #ffffff; height: 30px; text-align: left; vertical-align: middle; background-color: #f7f7f7;\" width=\"250\">\n<ul style=\"list-style-type: square;\">\n<li><a title=\"Telekom\u00fcnikasyon Sekt\u00f6r\u00fc\" href=\"https:\/\/globalallianceregister.com\/?page_id=54&amp;lang=tr\" target=\"_blank\">TELEKOM\u00dcN\u0130KASYON<\/a><\/li>\n<\/ul>\n<\/td>\n<td style=\"width: 350px; border-color: #ffffff; height: 30px; text-align: left; vertical-align: middle; background-color: #f7f7f7;\" width=\"250\">\n<ul style=\"list-style-type: square;\">\n<li><a title=\"Sa\u011fl\u0131k &amp; T\u0131p Sekt\u00f6r\u00fc\" href=\"https:\/\/globalallianceregister.com\/?page_id=56&amp;lang=tr\" target=\"_blank\">SA\u011eLIK &amp; TIP<\/a><\/li>\n<\/ul>\n<\/td>\n<td style=\"width: 350px; border-color: #ffffff; height: 30px; text-align: left; vertical-align: middle; background-color: #f7f7f7;\" width=\"251\">\u00a0<\/td>\n<\/tr>\n<\/tbody>\n<\/table>","protected":false},"excerpt":{"rendered":"<p>Global Alliance Register yerel ve uluslararas\u0131 m\u00fc\u015fterilerinin stratejik i\u015f orta\u011f\u0131 olarak yeni pazarlara giri\u015flerinde ihtiya\u00e7 duyabilecekleri t\u00fcm alanlar\u0131 kapsayan Temsilcilik Hizmetleri sunuyor\u2026 Bu kapsamda m\u00fc\u015fterilerimize sundu\u011fumuz hizmetlerle m\u00fc\u015fterilerimizin T\u00fcrkiye\u2019de ve&#8230; <\/p>\n","protected":false},"author":10,"featured_media":0,"parent":163,"menu_order":14,"comment_status":"closed","ping_status":"closed","template":"page-full.php","meta":{"_acf_changed":false,"om_disable_all_campaigns":false,"footnotes":""},"class_list":["post-197","page","type-page","status-publish","hentry"],"acf":[],"yoast_head":"<!-- This site is optimized with the Yoast SEO plugin v27.4 - https:\/\/yoast.com\/product\/yoast-seo-wordpress\/ -->\n<title>Temsilcilik Hizmetleri - Global Alliance Register<\/title>\n<meta name=\"robots\" content=\"index, follow, max-snippet:-1, max-image-preview:large, max-video-preview:-1\" \/>\n<link rel=\"canonical\" href=\"https:\/\/globalallianceregister.com\/tr\/services\/assistance\/representative-office-services\/\" \/>\n<meta property=\"og:locale\" content=\"tr_TR\" \/>\n<meta property=\"og:type\" content=\"article\" \/>\n<meta property=\"og:title\" content=\"Temsilcilik Hizmetleri - Global Alliance Register\" \/>\n<meta property=\"og:description\" content=\"Global Alliance Register yerel ve uluslararas\u0131 m\u00fc\u015fterilerinin stratejik i\u015f orta\u011f\u0131 olarak yeni pazarlara giri\u015flerinde ihtiya\u00e7 duyabilecekleri t\u00fcm alanlar\u0131 kapsayan Temsilcilik Hizmetleri sunuyor\u2026 Bu kapsamda m\u00fc\u015fterilerimize sundu\u011fumuz hizmetlerle m\u00fc\u015fterilerimizin T\u00fcrkiye\u2019de ve...\" \/>\n<meta property=\"og:url\" content=\"https:\/\/globalallianceregister.com\/tr\/services\/assistance\/representative-office-services\/\" \/>\n<meta property=\"og:site_name\" content=\"Global Alliance Register\" \/>\n<meta property=\"article:modified_time\" content=\"2016-02-03T10:55:54+00:00\" \/>\n<meta name=\"twitter:label1\" content=\"Tahmini okuma s\u00fcresi\" \/>\n\t<meta name=\"twitter:data1\" content=\"6 dakika\" \/>\n<script type=\"application\/ld+json\" class=\"yoast-schema-graph\">{\"@context\":\"https:\\\/\\\/schema.org\",\"@graph\":[{\"@type\":\"WebPage\",\"@id\":\"https:\\\/\\\/globalallianceregister.com\\\/tr\\\/services\\\/assistance\\\/representative-office-services\\\/\",\"url\":\"https:\\\/\\\/globalallianceregister.com\\\/tr\\\/services\\\/assistance\\\/representative-office-services\\\/\",\"name\":\"Temsilcilik Hizmetleri - Global Alliance Register\",\"isPartOf\":{\"@id\":\"https:\\\/\\\/globalallianceregister.com\\\/tr\\\/#website\"},\"datePublished\":\"2010-12-29T13:08:57+00:00\",\"dateModified\":\"2016-02-03T10:55:54+00:00\",\"breadcrumb\":{\"@id\":\"https:\\\/\\\/globalallianceregister.com\\\/tr\\\/services\\\/assistance\\\/representative-office-services\\\/#breadcrumb\"},\"inLanguage\":\"tr\",\"potentialAction\":[{\"@type\":\"ReadAction\",\"target\":[[\"https:\\\/\\\/globalallianceregister.com\\\/tr\\\/services\\\/assistance\\\/representative-office-services\\\/\"]]}]},{\"@type\":\"BreadcrumbList\",\"@id\":\"https:\\\/\\\/globalallianceregister.com\\\/tr\\\/services\\\/assistance\\\/representative-office-services\\\/#breadcrumb\",\"itemListElement\":[{\"@type\":\"ListItem\",\"position\":1,\"name\":\"Anasayfa\",\"item\":\"https:\\\/\\\/globalallianceregister.com\\\/tr\\\/\"},{\"@type\":\"ListItem\",\"position\":2,\"name\":\"Temsilcilik Hizmetleri\"}]},{\"@type\":\"WebSite\",\"@id\":\"https:\\\/\\\/globalallianceregister.com\\\/tr\\\/#website\",\"url\":\"https:\\\/\\\/globalallianceregister.com\\\/tr\\\/\",\"name\":\"Global Alliance Register\",\"description\":\"(EN) Together for Excellence\",\"potentialAction\":[{\"@type\":\"SearchAction\",\"target\":{\"@type\":\"EntryPoint\",\"urlTemplate\":\"https:\\\/\\\/globalallianceregister.com\\\/tr\\\/?s={search_term_string}\"},\"query-input\":{\"@type\":\"PropertyValueSpecification\",\"valueRequired\":true,\"valueName\":\"search_term_string\"}}],\"inLanguage\":\"tr\"}]}<\/script>\n<!-- \/ Yoast SEO plugin. -->","yoast_head_json":{"title":"Temsilcilik Hizmetleri - Global Alliance Register","robots":{"index":"index","follow":"follow","max-snippet":"max-snippet:-1","max-image-preview":"max-image-preview:large","max-video-preview":"max-video-preview:-1"},"canonical":"https:\/\/globalallianceregister.com\/tr\/services\/assistance\/representative-office-services\/","og_locale":"tr_TR","og_type":"article","og_title":"Temsilcilik Hizmetleri - Global Alliance Register","og_description":"Global Alliance Register yerel ve uluslararas\u0131 m\u00fc\u015fterilerinin stratejik i\u015f orta\u011f\u0131 olarak yeni pazarlara giri\u015flerinde ihtiya\u00e7 duyabilecekleri t\u00fcm alanlar\u0131 kapsayan Temsilcilik Hizmetleri sunuyor\u2026 Bu kapsamda m\u00fc\u015fterilerimize sundu\u011fumuz hizmetlerle m\u00fc\u015fterilerimizin T\u00fcrkiye\u2019de ve...","og_url":"https:\/\/globalallianceregister.com\/tr\/services\/assistance\/representative-office-services\/","og_site_name":"Global Alliance Register","article_modified_time":"2016-02-03T10:55:54+00:00","twitter_misc":{"Tahmini okuma s\u00fcresi":"6 dakika"},"schema":{"@context":"https:\/\/schema.org","@graph":[{"@type":"WebPage","@id":"https:\/\/globalallianceregister.com\/tr\/services\/assistance\/representative-office-services\/","url":"https:\/\/globalallianceregister.com\/tr\/services\/assistance\/representative-office-services\/","name":"Temsilcilik Hizmetleri - Global Alliance Register","isPartOf":{"@id":"https:\/\/globalallianceregister.com\/tr\/#website"},"datePublished":"2010-12-29T13:08:57+00:00","dateModified":"2016-02-03T10:55:54+00:00","breadcrumb":{"@id":"https:\/\/globalallianceregister.com\/tr\/services\/assistance\/representative-office-services\/#breadcrumb"},"inLanguage":"tr","potentialAction":[{"@type":"ReadAction","target":[["https:\/\/globalallianceregister.com\/tr\/services\/assistance\/representative-office-services\/"]]}]},{"@type":"BreadcrumbList","@id":"https:\/\/globalallianceregister.com\/tr\/services\/assistance\/representative-office-services\/#breadcrumb","itemListElement":[{"@type":"ListItem","position":1,"name":"Anasayfa","item":"https:\/\/globalallianceregister.com\/tr\/"},{"@type":"ListItem","position":2,"name":"Temsilcilik Hizmetleri"}]},{"@type":"WebSite","@id":"https:\/\/globalallianceregister.com\/tr\/#website","url":"https:\/\/globalallianceregister.com\/tr\/","name":"Global Alliance Register","description":"(EN) Together for Excellence","potentialAction":[{"@type":"SearchAction","target":{"@type":"EntryPoint","urlTemplate":"https:\/\/globalallianceregister.com\/tr\/?s={search_term_string}"},"query-input":{"@type":"PropertyValueSpecification","valueRequired":true,"valueName":"search_term_string"}}],"inLanguage":"tr"}]}},"_links":{"self":[{"href":"https:\/\/globalallianceregister.com\/tr\/wp-json\/wp\/v2\/pages\/197","targetHints":{"allow":["GET"]}}],"collection":[{"href":"https:\/\/globalallianceregister.com\/tr\/wp-json\/wp\/v2\/pages"}],"about":[{"href":"https:\/\/globalallianceregister.com\/tr\/wp-json\/wp\/v2\/types\/page"}],"author":[{"embeddable":true,"href":"https:\/\/globalallianceregister.com\/tr\/wp-json\/wp\/v2\/users\/10"}],"replies":[{"embeddable":true,"href":"https:\/\/globalallianceregister.com\/tr\/wp-json\/wp\/v2\/comments?post=197"}],"version-history":[{"count":0,"href":"https:\/\/globalallianceregister.com\/tr\/wp-json\/wp\/v2\/pages\/197\/revisions"}],"up":[{"embeddable":true,"href":"https:\/\/globalallianceregister.com\/tr\/wp-json\/wp\/v2\/pages\/163"}],"wp:attachment":[{"href":"https:\/\/globalallianceregister.com\/tr\/wp-json\/wp\/v2\/media?parent=197"}],"curies":[{"name":"wp","href":"https:\/\/api.w.org\/{rel}","templated":true}]}}