{"id":20,"date":"2010-12-25T13:29:30","date_gmt":"2010-12-25T13:29:30","guid":{"rendered":"https:\/\/globalallianceregister.com\/?page_id=20"},"modified":"2016-02-11T10:08:57","modified_gmt":"2016-02-11T10:08:57","slug":"manufacturing","status":"publish","type":"page","link":"https:\/\/globalallianceregister.com\/tr\/sectors\/manufacturing\/","title":{"rendered":"\u0130malat"},"content":{"rendered":"<p><strong>\u0130malat Sekt\u00f6r\u00fc\u2019n\u00fcn t\u00fcm bran\u015flar\u0131nda \u00fcr\u00fcn ve proseslerinizin geli\u015fimi i\u00e7in karar alma ihtiyac\u0131 hissetti\u011finizde daima yan\u0131n\u0131zda g\u00fcvenilir i\u015f orta\u011f\u0131\u2026.<\/strong><\/p>\n<p>Global Alliance Register imalat sekt\u00f6r\u00fcn\u00fcn her alan\u0131nda benzersiz yakla\u015f\u0131m\u0131 ile\u00a0 i\u015f performans\u0131n\u0131z\u0131 optimize edilmesinde bir \u00e7ok farkl\u0131 hizmet \u00e7\u00f6z\u00fcm\u00fc ile kritik \u00f6neme sahip katk\u0131lar sunmaktad\u0131r.<\/p>\n<p>Her biri konusunda uzman ve derin deneyimlere sahip GAR Uzmanlar\u0131, yaln\u0131zca geleneksel hizmetler de\u011fil bunun yan\u0131 s\u0131ra kritik kararlar al\u0131nmas\u0131 a\u015famas\u0131nda m\u00fc\u015fterileriyle el ele tam bir tak\u0131m \u00e7al\u0131\u015fmas\u0131 sergilemektedir.<\/p>\n<p>Global Alliance Register uluslararas\u0131 teknik uzmanl\u0131\u011f\u0131 ve birikimi ile m\u00fc\u015fterilerine g\u00fcven vermektedir.<\/p>\n<h1>\u00c7\u00f6z\u00fcmler<\/h1>\n<table>\n<tbody>\n<tr>\n<td style=\"width: 350px; border-color: #ffffff; text-align: left; vertical-align: middle; background-color: #f7f7f7;\" width=\"250\">\n<ul>\n<li><a href=\"https:\/\/globalallianceregister.com\/tr\/hizmetler\/asistans-hizmetleri\/\" target=\"_blank\">AS\u0130STANS<\/a><\/li>\n<\/ul>\n<\/td>\n<td style=\"width: 350px; border-color: #ffffff; text-align: left; vertical-align: middle; background-color: #f7f7f7;\" width=\"250\">\n<ul style=\"list-style-type: square;\">\n<li><a href=\"https:\/\/globalallianceregister.com\/tr\/hizmetler\/gozetim-ve-termin-kontrolu-hizmetleri\/\" target=\"_blank\">G\u00d6ZET\u0130M<\/a><\/li>\n<\/ul>\n<\/td>\n<td style=\"width: 350px; border-color: #ffffff; text-align: left; vertical-align: middle; background-color: #f7f7f7;\" width=\"251\">\n<ul style=\"list-style-type: square;\">\n<li><a href=\"https:\/\/globalallianceregister.com\/tr\/hizmetler\/danismanlik\/\" target=\"_blank\">DANI\u015eMANLIK<\/a><\/li>\n<\/ul>\n<\/td>\n<\/tr>\n<tr>\n<td style=\"width: 350px; border-color: #ffffff; text-align: left; vertical-align: middle; background-color: #f7f7f7;\" width=\"250\">\n<ul style=\"list-style-type: square;\">\n<li><a href=\"https:\/\/globalallianceregister.com\/tr\/hizmetler\/certification\/\" target=\"_blank\">BELGELEND\u0130RME<\/a><\/li>\n<\/ul>\n<\/td>\n<td style=\"width: 350px; border-color: #ffffff; text-align: left; vertical-align: middle; background-color: #f7f7f7;\" width=\"250\">\n<ul style=\"list-style-type: square;\">\n<li><a href=\"https:\/\/globalallianceregister.com\/tr\/hizmetler\/egitim\/\" target=\"_blank\">E\u011e\u0130T\u0130M<\/a><\/li>\n<\/ul>\n<\/td>\n<td style=\"width: 350px; border-color: #ffffff; text-align: left; vertical-align: middle; background-color: #f7f7f7;\" width=\"251\">\n<ul style=\"list-style-type: square;\">\n<li><a href=\"https:\/\/globalallianceregister.com\/hizmetler\/insaat-proje-yonetimi-musavirlik-hizmetleri\/\" target=\"_blank\">\u0130N\u015eAAT PROJE Y\u00d6NET\u0130M\u0130<\/a><\/li>\n<\/ul>\n<\/td>\n<\/tr>\n<tr>\n<td style=\"width: 350px; border-color: #ffffff; text-align: left; vertical-align: middle; background-color: #f7f7f7;\" width=\"250\">\n<ul style=\"list-style-type: square;\">\n<li><a href=\"https:\/\/globalallianceregister.com\/tr\/hizmetler\/dis-kaynak-tedariki\/\" target=\"_blank\">DI\u015e KAYNAK TEDAR\u0130K\u0130<\/a><\/li>\n<\/ul>\n<\/td>\n<td style=\"width: 350px; border-color: #ffffff; text-align: left; vertical-align: middle; background-color: #f7f7f7;\" width=\"250\">\n<ul style=\"list-style-type: square;\">\n<li><a href=\"https:\/\/globalallianceregister.com\/hizmetler\/karbon-ve-enerji-yonetimi\/\" target=\"_blank\">KARBON VE ENERJ\u0130 Y\u00d6NET\u0130M\u0130<\/a><\/li>\n<\/ul>\n<\/td>\n<td style=\"width: 350px; border-color: #ffffff; text-align: left; vertical-align: middle; background-color: #f7f7f7;\" width=\"251\">\n<ul style=\"list-style-type: square;\">\n<li><a href=\"https:\/\/globalallianceregister.com\/tr\/hizmetler\/kurumsal-sosyal-sorumluluk\/\" target=\"_blank\">KURUMSAL SOSYAL SORULMLULUK<\/a><\/li>\n<\/ul>\n<\/td>\n<\/tr>\n<\/tbody>\n<\/table>","protected":false},"excerpt":{"rendered":"<p>\u0130malat Sekt\u00f6r\u00fc\u2019n\u00fcn t\u00fcm bran\u015flar\u0131nda \u00fcr\u00fcn ve proseslerinizin geli\u015fimi i\u00e7in karar alma ihtiyac\u0131 hissetti\u011finizde daima yan\u0131n\u0131zda g\u00fcvenilir i\u015f orta\u011f\u0131\u2026. Global Alliance Register imalat sekt\u00f6r\u00fcn\u00fcn her alan\u0131nda benzersiz yakla\u015f\u0131m\u0131 ile\u00a0 i\u015f performans\u0131n\u0131z\u0131&#8230; <\/p>\n","protected":false},"author":10,"featured_media":5127,"parent":4,"menu_order":5,"comment_status":"closed","ping_status":"closed","template":"page-full.php","meta":{"_acf_changed":false,"om_disable_all_campaigns":false,"footnotes":""},"class_list":["post-20","page","type-page","status-publish","has-post-thumbnail","hentry"],"acf":[],"yoast_head":"<!-- This site is optimized with the Yoast SEO plugin v27.4 - https:\/\/yoast.com\/product\/yoast-seo-wordpress\/ -->\n<title>\u0130malat - Global Alliance Register<\/title>\n<meta name=\"robots\" content=\"index, follow, max-snippet:-1, max-image-preview:large, max-video-preview:-1\" \/>\n<link rel=\"canonical\" href=\"https:\/\/globalallianceregister.com\/tr\/sectors\/manufacturing\/\" \/>\n<meta property=\"og:locale\" content=\"tr_TR\" \/>\n<meta property=\"og:type\" content=\"article\" \/>\n<meta property=\"og:title\" content=\"\u0130malat - Global Alliance Register\" \/>\n<meta property=\"og:description\" content=\"\u0130malat Sekt\u00f6r\u00fc\u2019n\u00fcn t\u00fcm bran\u015flar\u0131nda \u00fcr\u00fcn ve proseslerinizin geli\u015fimi i\u00e7in karar alma ihtiyac\u0131 hissetti\u011finizde daima yan\u0131n\u0131zda g\u00fcvenilir i\u015f orta\u011f\u0131\u2026. Global Alliance Register imalat sekt\u00f6r\u00fcn\u00fcn her alan\u0131nda benzersiz yakla\u015f\u0131m\u0131 ile\u00a0 i\u015f performans\u0131n\u0131z\u0131...\" \/>\n<meta property=\"og:url\" content=\"https:\/\/globalallianceregister.com\/tr\/sectors\/manufacturing\/\" \/>\n<meta property=\"og:site_name\" content=\"Global Alliance Register\" \/>\n<meta property=\"article:modified_time\" content=\"2016-02-11T10:08:57+00:00\" \/>\n<meta property=\"og:image\" content=\"https:\/\/globalallianceregister.com\/wp-content\/uploads\/2010\/12\/Manufacturing-Inner-Page.jpg\" \/>\n\t<meta property=\"og:image:width\" content=\"614\" \/>\n\t<meta property=\"og:image:height\" content=\"200\" \/>\n\t<meta property=\"og:image:type\" content=\"image\/jpeg\" \/>\n<meta name=\"twitter:label1\" content=\"Tahmini okuma s\u00fcresi\" \/>\n\t<meta name=\"twitter:data1\" content=\"1 dakika\" \/>\n<script type=\"application\/ld+json\" class=\"yoast-schema-graph\">{\"@context\":\"https:\\\/\\\/schema.org\",\"@graph\":[{\"@type\":\"WebPage\",\"@id\":\"https:\\\/\\\/globalallianceregister.com\\\/tr\\\/sectors\\\/manufacturing\\\/\",\"url\":\"https:\\\/\\\/globalallianceregister.com\\\/tr\\\/sectors\\\/manufacturing\\\/\",\"name\":\"\u0130malat - Global Alliance Register\",\"isPartOf\":{\"@id\":\"https:\\\/\\\/globalallianceregister.com\\\/tr\\\/#website\"},\"primaryImageOfPage\":{\"@id\":\"https:\\\/\\\/globalallianceregister.com\\\/tr\\\/sectors\\\/manufacturing\\\/#primaryimage\"},\"image\":{\"@id\":\"https:\\\/\\\/globalallianceregister.com\\\/sectors\\\/manufacturing\\\/#primaryimage\"},\"thumbnailUrl\":\"https:\\\/\\\/globalallianceregister.com\\\/wp-content\\\/uploads\\\/2010\\\/12\\\/Manufacturing-Inner-Page.jpg\",\"datePublished\":\"2010-12-25T13:29:30+00:00\",\"dateModified\":\"2016-02-11T10:08:57+00:00\",\"breadcrumb\":{\"@id\":\"https:\\\/\\\/globalallianceregister.com\\\/tr\\\/sectors\\\/manufacturing\\\/#breadcrumb\"},\"inLanguage\":\"tr\",\"potentialAction\":[{\"@type\":\"ReadAction\",\"target\":[[\"https:\\\/\\\/globalallianceregister.com\\\/tr\\\/sectors\\\/manufacturing\\\/\"]]}]},{\"@type\":\"ImageObject\",\"inLanguage\":\"tr\",\"@id\":\"https:\\\/\\\/globalallianceregister.com\\\/tr\\\/sectors\\\/manufacturing\\\/#primaryimage\",\"url\":\"https:\\\/\\\/globalallianceregister.com\\\/wp-content\\\/uploads\\\/2010\\\/12\\\/Manufacturing-Inner-Page.jpg\",\"contentUrl\":\"https:\\\/\\\/globalallianceregister.com\\\/wp-content\\\/uploads\\\/2010\\\/12\\\/Manufacturing-Inner-Page.jpg\",\"width\":614,\"height\":200},{\"@type\":\"BreadcrumbList\",\"@id\":\"https:\\\/\\\/globalallianceregister.com\\\/tr\\\/sectors\\\/manufacturing\\\/#breadcrumb\",\"itemListElement\":[{\"@type\":\"ListItem\",\"position\":1,\"name\":\"Anasayfa\",\"item\":\"https:\\\/\\\/globalallianceregister.com\\\/tr\\\/\"},{\"@type\":\"ListItem\",\"position\":2,\"name\":\"Sekt\u00f6rler\",\"item\":\"https:\\\/\\\/globalallianceregister.com\\\/tr\\\/sectors\\\/\"},{\"@type\":\"ListItem\",\"position\":3,\"name\":\"\u0130malat\"}]},{\"@type\":\"WebSite\",\"@id\":\"https:\\\/\\\/globalallianceregister.com\\\/tr\\\/#website\",\"url\":\"https:\\\/\\\/globalallianceregister.com\\\/tr\\\/\",\"name\":\"Global Alliance Register\",\"description\":\"(EN) Together for Excellence\",\"potentialAction\":[{\"@type\":\"SearchAction\",\"target\":{\"@type\":\"EntryPoint\",\"urlTemplate\":\"https:\\\/\\\/globalallianceregister.com\\\/tr\\\/?s={search_term_string}\"},\"query-input\":{\"@type\":\"PropertyValueSpecification\",\"valueRequired\":true,\"valueName\":\"search_term_string\"}}],\"inLanguage\":\"tr\"}]}<\/script>\n<!-- \/ Yoast SEO plugin. -->","yoast_head_json":{"title":"\u0130malat - Global Alliance Register","robots":{"index":"index","follow":"follow","max-snippet":"max-snippet:-1","max-image-preview":"max-image-preview:large","max-video-preview":"max-video-preview:-1"},"canonical":"https:\/\/globalallianceregister.com\/tr\/sectors\/manufacturing\/","og_locale":"tr_TR","og_type":"article","og_title":"\u0130malat - Global Alliance Register","og_description":"\u0130malat Sekt\u00f6r\u00fc\u2019n\u00fcn t\u00fcm bran\u015flar\u0131nda \u00fcr\u00fcn ve proseslerinizin geli\u015fimi i\u00e7in karar alma ihtiyac\u0131 hissetti\u011finizde daima yan\u0131n\u0131zda g\u00fcvenilir i\u015f orta\u011f\u0131\u2026. Global Alliance Register imalat sekt\u00f6r\u00fcn\u00fcn her alan\u0131nda benzersiz yakla\u015f\u0131m\u0131 ile\u00a0 i\u015f performans\u0131n\u0131z\u0131...","og_url":"https:\/\/globalallianceregister.com\/tr\/sectors\/manufacturing\/","og_site_name":"Global Alliance Register","article_modified_time":"2016-02-11T10:08:57+00:00","og_image":[{"width":614,"height":200,"url":"https:\/\/globalallianceregister.com\/wp-content\/uploads\/2010\/12\/Manufacturing-Inner-Page.jpg","type":"image\/jpeg"}],"twitter_misc":{"Tahmini okuma s\u00fcresi":"1 dakika"},"schema":{"@context":"https:\/\/schema.org","@graph":[{"@type":"WebPage","@id":"https:\/\/globalallianceregister.com\/tr\/sectors\/manufacturing\/","url":"https:\/\/globalallianceregister.com\/tr\/sectors\/manufacturing\/","name":"\u0130malat - Global Alliance Register","isPartOf":{"@id":"https:\/\/globalallianceregister.com\/tr\/#website"},"primaryImageOfPage":{"@id":"https:\/\/globalallianceregister.com\/tr\/sectors\/manufacturing\/#primaryimage"},"image":{"@id":"https:\/\/globalallianceregister.com\/sectors\/manufacturing\/#primaryimage"},"thumbnailUrl":"https:\/\/globalallianceregister.com\/wp-content\/uploads\/2010\/12\/Manufacturing-Inner-Page.jpg","datePublished":"2010-12-25T13:29:30+00:00","dateModified":"2016-02-11T10:08:57+00:00","breadcrumb":{"@id":"https:\/\/globalallianceregister.com\/tr\/sectors\/manufacturing\/#breadcrumb"},"inLanguage":"tr","potentialAction":[{"@type":"ReadAction","target":[["https:\/\/globalallianceregister.com\/tr\/sectors\/manufacturing\/"]]}]},{"@type":"ImageObject","inLanguage":"tr","@id":"https:\/\/globalallianceregister.com\/tr\/sectors\/manufacturing\/#primaryimage","url":"https:\/\/globalallianceregister.com\/wp-content\/uploads\/2010\/12\/Manufacturing-Inner-Page.jpg","contentUrl":"https:\/\/globalallianceregister.com\/wp-content\/uploads\/2010\/12\/Manufacturing-Inner-Page.jpg","width":614,"height":200},{"@type":"BreadcrumbList","@id":"https:\/\/globalallianceregister.com\/tr\/sectors\/manufacturing\/#breadcrumb","itemListElement":[{"@type":"ListItem","position":1,"name":"Anasayfa","item":"https:\/\/globalallianceregister.com\/tr\/"},{"@type":"ListItem","position":2,"name":"Sekt\u00f6rler","item":"https:\/\/globalallianceregister.com\/tr\/sectors\/"},{"@type":"ListItem","position":3,"name":"\u0130malat"}]},{"@type":"WebSite","@id":"https:\/\/globalallianceregister.com\/tr\/#website","url":"https:\/\/globalallianceregister.com\/tr\/","name":"Global Alliance Register","description":"(EN) Together for Excellence","potentialAction":[{"@type":"SearchAction","target":{"@type":"EntryPoint","urlTemplate":"https:\/\/globalallianceregister.com\/tr\/?s={search_term_string}"},"query-input":{"@type":"PropertyValueSpecification","valueRequired":true,"valueName":"search_term_string"}}],"inLanguage":"tr"}]}},"_links":{"self":[{"href":"https:\/\/globalallianceregister.com\/tr\/wp-json\/wp\/v2\/pages\/20","targetHints":{"allow":["GET"]}}],"collection":[{"href":"https:\/\/globalallianceregister.com\/tr\/wp-json\/wp\/v2\/pages"}],"about":[{"href":"https:\/\/globalallianceregister.com\/tr\/wp-json\/wp\/v2\/types\/page"}],"author":[{"embeddable":true,"href":"https:\/\/globalallianceregister.com\/tr\/wp-json\/wp\/v2\/users\/10"}],"replies":[{"embeddable":true,"href":"https:\/\/globalallianceregister.com\/tr\/wp-json\/wp\/v2\/comments?post=20"}],"version-history":[{"count":0,"href":"https:\/\/globalallianceregister.com\/tr\/wp-json\/wp\/v2\/pages\/20\/revisions"}],"up":[{"embeddable":true,"href":"https:\/\/globalallianceregister.com\/tr\/wp-json\/wp\/v2\/pages\/4"}],"wp:featuredmedia":[{"embeddable":true,"href":"https:\/\/globalallianceregister.com\/tr\/wp-json\/wp\/v2\/media\/5127"}],"wp:attachment":[{"href":"https:\/\/globalallianceregister.com\/tr\/wp-json\/wp\/v2\/media?parent=20"}],"curies":[{"name":"wp","href":"https:\/\/api.w.org\/{rel}","templated":true}]}}