{"id":201,"date":"2010-12-29T13:12:41","date_gmt":"2010-12-29T13:12:41","guid":{"rendered":"https:\/\/globalallianceregister.com\/?page_id=201"},"modified":"2016-02-03T10:49:40","modified_gmt":"2016-02-03T10:49:40","slug":"security-engineering","status":"publish","type":"page","link":"https:\/\/globalallianceregister.com\/tr\/services\/assistance\/security-engineering\/","title":{"rendered":"G\u00fcvenlik M\u00fchendisli\u011fi &#038; Tasar\u0131m\u0131"},"content":{"rendered":"<p><strong>Global Alliance Register temel i\u015f kollar\u0131ndan biri olarak bina ve tesislerin\u00a0g\u00fcvenli\u011fi i\u00e7in konusunda uzman m\u00fchendis kadrolar\u0131 ile uluslararas\u0131 standartlara uygun olarak tasar\u0131m ve m\u00fchendislik hizmetleri sunuyor\u2026<\/strong><\/p>\n<p>Global Alliance Register di\u011fer i\u015f kollar\u0131ndaki faaliyetleri ile entegre \u015fekilde y\u0131llar i\u00e7inde s\u00fcrd\u00fcr\u00fclebilir bir uzmanl\u0131k alan\u0131 olarak \u00a0geli\u015ftirdi\u011fi G\u00fcvenlik M\u00fchendisli\u011fi &amp; Tasar\u0131m\u0131 konusunda ticari tesisler ve binalar\u0131n g\u00fcvenli\u011fini sa\u011flayacak altyap\u0131 tasar\u0131m \u00e7al\u0131\u015fmalar\u0131 ile inovatif \u00e7\u00f6z\u00fcmler sunuyor. Uzman ekibimiz taraf\u0131ndan sunulan ilgili hizmetler tersane ve ula\u015ft\u0131rma sistemleri altyap\u0131 rehabilitasyonu, tesis durum de\u011ferlendirmesi ve sistem tasar\u0131m\u0131, ve m\u00fc\u015fteri tesislerinde GAR G\u00fcvenlik M\u00fchendisleri taraf\u0131ndan tespit edilebilecek di\u011fer tesis g\u00fcvenli\u011fine ili\u015fkin m\u00fchendislik ve tasar\u0131m \u00f6nerilerini kapsamaktad\u0131r.<\/p>\n<p><strong>Global Alliance Register G\u00fcvenlik Tasar\u0131m M\u00fchendisleri<\/strong> sahip olduklar\u0131 uluslararas\u0131 kalifikasyonlarla liman otoritelerine, ula\u015ft\u0131rma sekt\u00f6r\u00fcnde di\u011fer ilgili otoritelere, kamu ve \u00f6zel sekt\u00f6re ait tersanelere, devlet ve yerel idari otoritelere, ticari be end\u00fcstriyel kurulu\u015flara g\u00fcvenilir m\u00fchendislik \u00e7\u00f6z\u00fcmleri sunmaktad\u0131r.<\/p>\n<p>Tesis sahipleri, y\u00f6neticileri ve \u00e7al\u0131\u015fanlar\u0131 i\u00e7in; proje y\u00f6netimi ve karma\u015f\u0131k vakalardan mevcut operasyonel performans\u0131n geli\u015ftirilmesine y\u00f6nelik sunulan kapsaml\u0131 hizmet portf\u00f6y\u00fc ile <strong>Global Alliance Register G\u00fcvenlik Tasar\u0131m\u0131 &amp; M\u00fchendisli\u011fi Birimi<\/strong> m\u00fc\u015fterilerine g\u00fcvenli \u00e7al\u0131\u015fmay\u0131 taahh\u00fct ediyor.<\/p>\n<p><strong>Global Alliance Register G\u00fcvenlik M\u00fchendislik &amp; Tasar\u0131m Hizmetleri<\/strong> portf\u00f6y\u00fc; Enerji, Denizcilik, Petrol &amp; Gaz, Ula\u015ft\u0131rma, \u0130malat vb. sekt\u00f6rlerde faaliyet g\u00f6steren tesisler ile kamu kurum ve kurulu\u015flar\u0131, sivil havac\u0131l\u0131k otoriteleri, liman otoriterleri, yerel idareler ve belediyeler gibi bir\u00e7ok farkl\u0131 alanda projeleri i\u00e7ine almaktad\u0131r. GAR G\u00fcvenlik M\u00fchendisleri g\u00fcn\u00fcm\u00fcz g\u00fcvenlik kod ve uygulamalar\u0131na hakim, teknoloji ve prosed\u00fcrleri takip eden, ve geni\u015f alana yay\u0131lm\u0131\u015f uzmanl\u0131\u011f\u0131 ile her t\u00fcrl\u00fc projeye \u00f6zg\u00fcn \u00e7\u00f6z\u00fcmler geli\u015ftirebilme kapasitesine sahiptir.<\/p>\n<p><strong>Global Alliance Register G\u00fcvenlik M\u00fchendislik &amp; Tasar\u0131m<\/strong> \u00e7\u00f6z\u00fcmleri yaln\u0131zca yeni yat\u0131r\u0131m projelerine y\u00f6nelik olmay\u0131p, mevcut tesis ve yap\u0131larda hizmet-i\u00e7i m\u00fchendislik ve iyile\u015ftirme \u00e7al\u0131\u015fmalar\u0131n\u0131 da kapsamaktad\u0131r. Global Alliance Register G\u00fcvenlik M\u00fchendislik &amp; Tasar\u0131m Hizmetleri en karma\u015f\u0131k sistem geli\u015ftirme \u00e7al\u0131\u015fmalar\u0131nda; i\u015fletme ko\u015fullar\u0131na d\u00f6n\u00fc\u015f\u00fcm\u00fcnden detayl\u0131 sistem gereklilikleri, denetleme, planlama, de\u011ferlendirme ve program\u0131n uygulanmas\u0131 gibi t\u00fcm boyutlar\u0131 destekleyecek \u015fekilde yap\u0131land\u0131r\u0131lm\u0131\u015ft\u0131r. Global Alliance Register G\u00fcvenlik M\u00fchendisleri sahip olduklar\u0131 benzersiz kalifikasyonlar ve deneyim ile; tasar\u0131m, montaj, test ve i\u015fletmeye alma s\u00fcre\u00e7lerinde en karma\u015f\u0131k projelerde dahi ba\u015far\u0131l\u0131 sonu\u00e7lar elde edilmesini g\u00fcvence alt\u0131na almaktad\u0131r.<\/p>\n<p><strong>GAR G\u00fcvenlik M\u00fchendisli\u011fi &amp; Tasar\u0131m Hizmetleri kapsam\u0131nda sunulan hizmetlerden baz\u0131lar\u0131 \u015fu \u015fekilde \u00f6zetlenebilir:<\/strong><\/p>\n<ul>\n<li>Tekno-Ekonomik Fizibilite \u00c7al\u0131\u015fmalar\u0131,<\/li>\n<li>Proje Y\u00f6netimi,<\/li>\n<li>Proje Sahibi Ad\u0131na Teknik Temsilcilik,<\/li>\n<li>Saha De\u011ferlendirmesi,<\/li>\n<li>Risk De\u011ferlendirmesi,<\/li>\n<li>Sistem M\u00fchendisli\u011fi, Montaj\u0131 &amp; Entegrasyonu<\/li>\n<li>Detay G\u00fcvenlik M\u00fchendisli\u011fi Hizmetleri,<\/li>\n<li>\u0130hale Y\u00f6netimi- Teknik \u015eartname &amp; S\u00f6zle\u015fme Haz\u0131rl\u0131\u011f\u0131<\/li>\n<li>Uygulanabilir G\u00fcvenlik Standartlar\u0131\u2019n\u0131n Yorumlanmas\u0131nda Teknik Destek,<\/li>\n<li>M\u00fchendislik Analizleri, Sim\u00fclasyon, ve 3d Modelleme,<\/li>\n<li>Kamera, Fens, Eri\u015fim Kontrol\u00fc, Sens\u00f6r Sistemleri Se\u00e7iminde Teknik Yard\u0131m,<\/li>\n<li>Yerel Mevzuat &amp; Reg\u00fclasyonlara \u0130li\u015fkin Gereklilikler &amp; Onaylar Konusunda Teknik Destek,<\/li>\n<li>G\u00fcvenlik Sistemi Bak\u0131m Deste\u011fi,<\/li>\n<li>Sistem Maliyet Hesab\u0131 Deste\u011fi,<\/li>\n<li>Acil Tahliye Sistemleri,<\/li>\n<li>Telekom, intercom, radyo ileti\u015fim sistemleri,<\/li>\n<li>Liman tesisleri g\u00fcvenlik m\u00fchendisli\u011fi,<\/li>\n<li>Dry-Dock S\u00f6rvey Hizmetleri &amp; Bak\u0131m \u00d6nerileri,<\/li>\n<li>Vin\u00e7 G\u00fcvenlik Sistemi M\u00fchendisli\u011fi &amp; Durum De\u011ferlendirme S\u00f6rveyi,<\/li>\n<li>Montaj Esnas\u0131nda G\u00fcvenlik M\u00fchendisli\u011fi Deste\u011fi,<\/li>\n<li>Kamu Ula\u015f\u0131m Tesisleri, K\u00f6pr\u00fcler, T\u00fcneller ve Marin Terminalleri \u0130\u00e7in G\u00f6zetim, Eri\u015fim Kontrol\u00fc ve G\u00fcvenlik Sistemleri M\u00fchendisli\u011fi,<\/li>\n<li>Yeni teknoloji G\u00fcvenlik Sistemleri ve Komponentleri \u0130le \u0130lgili Dan\u0131\u015fmanl\u0131k Hizmetleri,<\/li>\n<\/ul>\n<p><strong>Global Alliance Register G\u00fcvenlik M\u00fchendisli\u011fi &amp; Tasar\u0131m Hizmetleri <\/strong>ile ilgili t\u00fcm sorular\u0131n\u0131z ve talepleriniz i\u00e7in l\u00fctfen taraf\u0131m\u0131zla temas kurunuz\u2026<\/p>\n<h1>\u00a0<\/h1>\n<h1>\u0130lgili Sekt\u00f6rler<\/h1>\n<table>\n<tbody>\n<tr>\n<td style=\"width: 350px; border-color: #ffffff; height: 30px; text-align: left; vertical-align: middle; background-color: #f7f7f7;\" width=\"250\">\n<ul style=\"list-style-type: square;\">\n<li><a title=\"Denizcilik Sekt\u00f6r\u00fc\" href=\"https:\/\/globalallianceregister.com\/?page_id=9&amp;lang=tr\" target=\"_blank\">DEN\u0130ZC\u0130L\u0130K<\/a><\/li>\n<\/ul>\n<\/td>\n<td style=\"width: 350px; border-color: #ffffff; height: 30px; text-align: left; vertical-align: middle; background-color: #f7f7f7;\" width=\"250\">\n<ul style=\"list-style-type: square;\">\n<li><a title=\"\u0130n\u015faat Sekt\u00f6r\u00fc\" href=\"https:\/\/globalallianceregister.com\/?page_id=11&amp;lang=tr\" target=\"_blank\">\u0130N\u015eAAT<\/a><\/li>\n<\/ul>\n<\/td>\n<td style=\"width: 350px; border-color: #ffffff; height: 30px; text-align: left; vertical-align: middle; background-color: #f7f7f7;\" width=\"251\">\n<ul style=\"list-style-type: square;\">\n<li><a title=\"Petrol &amp; Gaz Sekt\u00f6r\u00fc\" href=\"https:\/\/globalallianceregister.com\/?page_id=13&amp;lang=tr\" target=\"_blank\">PETROL &amp; GAZ<\/a><\/li>\n<\/ul>\n<\/td>\n<\/tr>\n<tr>\n<td style=\"width: 350px; border-color: #ffffff; height: 30px; text-align: left; vertical-align: middle; background-color: #f7f7f7;\" width=\"250\">\n<ul style=\"list-style-type: square;\">\n<li><a title=\"Enerji &amp; Tesisler\" href=\"https:\/\/globalallianceregister.com\/?page_id=15&amp;lang=tr\" target=\"_blank\">ENERJ\u0130 &amp; TES\u0130SLER<\/a><\/li>\n<\/ul>\n<\/td>\n<td style=\"width: 350px; border-color: #ffffff; height: 30px; text-align: left; vertical-align: middle; background-color: #f7f7f7;\" width=\"250\">\n<ul style=\"list-style-type: square;\">\n<li><a title=\"\u0130malat Sekt\u00f6r\u00fc\" href=\"https:\/\/globalallianceregister.com\/?page_id=20&amp;lang=tr\" target=\"_blank\">\u0130MALAT<\/a><\/li>\n<\/ul>\n<\/td>\n<td style=\"width: 350px; border-color: #ffffff; height: 30px; text-align: left; vertical-align: middle; background-color: #f7f7f7;\" width=\"251\">\n<ul style=\"list-style-type: square;\">\n<li><a title=\"Ula\u015ft\u0131rma &amp; Lojistik Sekt\u00f6r\u00fc\" href=\"https:\/\/globalallianceregister.com\/?page_id=22&amp;lang=tr\" target=\"_blank\">ULA\u015eTIRMA &amp; LOJ\u0130ST\u0130K<\/a><\/li>\n<\/ul>\n<\/td>\n<\/tr>\n<tr>\n<td style=\"width: 350px; border-color: #ffffff; height: 30px; text-align: left; vertical-align: middle; background-color: #f7f7f7;\" width=\"250\">\n<ul style=\"list-style-type: square;\">\n<li><a title=\"Uzay &amp; Havac\u0131l\u0131k Sekt\u00f6r\u00fc\" href=\"https:\/\/globalallianceregister.com\/?page_id=24&amp;lang=tr\" target=\"_blank\">UZAY &amp; HAVACILIK<\/a><\/li>\n<\/ul>\n<\/td>\n<td style=\"width: 350px; border-color: #ffffff; height: 30px; text-align: left; vertical-align: middle; background-color: #f7f7f7;\" width=\"250\">\n<ul style=\"list-style-type: square;\">\n<li><a title=\"Tar\u0131m &amp; G\u0131da Sekt\u00f6r\u00fc\" href=\"https:\/\/globalallianceregister.com\/?page_id=27&amp;lang=tr\" target=\"_blank\">TARIM &amp; GIDA<\/a><\/li>\n<\/ul>\n<\/td>\n<td style=\"width: 350px; border-color: #ffffff; height: 30px; text-align: left; vertical-align: middle; background-color: #f7f7f7;\" width=\"251\">\n<ul style=\"list-style-type: square;\">\n<li><a title=\"Turizm &amp; Otelcilik Sekt\u00f6r\u00fc\" href=\"https:\/\/globalallianceregister.com\/?page_id=29&amp;lang=tr\" target=\"_blank\">TUR\u0130ZM &amp; OTELC\u0130L\u0130K<\/a><\/li>\n<\/ul>\n<\/td>\n<\/tr>\n<tr>\n<td style=\"width: 350px; border-color: #ffffff; height: 30px; text-align: left; vertical-align: middle; background-color: #f7f7f7;\" width=\"250\">\n<ul style=\"list-style-type: square;\">\n<li><a title=\"Finans &amp; Bankac\u0131l\u0131k Sekt\u00f6r\u00fc\" href=\"https:\/\/globalallianceregister.com\/?page_id=38&amp;lang=tr\" target=\"_blank\">F\u0130NANS<\/a><\/li>\n<\/ul>\n<\/td>\n<td style=\"width: 350px; border-color: #ffffff; height: 30px; text-align: left; vertical-align: middle; background-color: #f7f7f7;\" width=\"250\">\n<ul style=\"list-style-type: square;\">\n<li><a title=\"Sigorta Sekt\u00f6r\u00fc\" href=\"https:\/\/globalallianceregister.com\/?page_id=40&amp;lang=tr\" target=\"_blank\">S\u0130GORTA<\/a><\/li>\n<\/ul>\n<\/td>\n<td style=\"width: 350px; border-color: #ffffff; height: 30px; text-align: left; vertical-align: middle; background-color: #f7f7f7;\" width=\"251\">\n<ul style=\"list-style-type: square;\">\n<li><a title=\"Bilgi Teknolojileri Sekt\u00f6r\u00fc\" href=\"https:\/\/globalallianceregister.com\/?page_id=52&amp;lang=tr\" target=\"_blank\">B\u0130LG\u0130 TEKNOLOJ\u0130LER\u0130<\/a><\/li>\n<\/ul>\n<\/td>\n<\/tr>\n<tr>\n<td style=\"width: 350px; border-color: #ffffff; height: 30px; text-align: left; vertical-align: middle; background-color: #f7f7f7;\" width=\"250\">\n<ul style=\"list-style-type: square;\">\n<li><a title=\"Telekom\u00fcnikasyon Sekt\u00f6r\u00fc\" href=\"https:\/\/globalallianceregister.com\/?page_id=54&amp;lang=tr\" target=\"_blank\">TELEKOM\u00dcN\u0130KASYON<\/a><\/li>\n<\/ul>\n<\/td>\n<td style=\"width: 350px; border-color: #ffffff; height: 30px; text-align: left; vertical-align: middle; background-color: #f7f7f7;\" width=\"250\">\n<ul style=\"list-style-type: square;\">\n<li><a title=\"Sa\u011fl\u0131k &amp; T\u0131p Sekt\u00f6r\u00fc\" href=\"https:\/\/globalallianceregister.com\/?page_id=56&amp;lang=tr\" target=\"_blank\">SA\u011eLIK &amp; TIP<\/a><\/li>\n<\/ul>\n<\/td>\n<td style=\"width: 350px; border-color: #ffffff; height: 30px; text-align: left; vertical-align: middle; background-color: #f7f7f7;\" width=\"251\">\u00a0<\/td>\n<\/tr>\n<\/tbody>\n<\/table>","protected":false},"excerpt":{"rendered":"<p>Global Alliance Register temel i\u015f kollar\u0131ndan biri olarak bina ve tesislerin\u00a0g\u00fcvenli\u011fi i\u00e7in konusunda uzman m\u00fchendis kadrolar\u0131 ile uluslararas\u0131 standartlara uygun olarak tasar\u0131m ve m\u00fchendislik hizmetleri sunuyor\u2026 Global Alliance Register di\u011fer&#8230; <\/p>\n","protected":false},"author":10,"featured_media":0,"parent":163,"menu_order":13,"comment_status":"closed","ping_status":"closed","template":"page-full.php","meta":{"_acf_changed":false,"om_disable_all_campaigns":false,"footnotes":""},"class_list":["post-201","page","type-page","status-publish","hentry"],"acf":[],"yoast_head":"<!-- This site is optimized with the Yoast SEO plugin v27.4 - https:\/\/yoast.com\/product\/yoast-seo-wordpress\/ -->\n<title>G\u00fcvenlik M\u00fchendisli\u011fi &amp; Tasar\u0131m\u0131 - Global Alliance Register<\/title>\n<meta name=\"robots\" content=\"index, follow, max-snippet:-1, max-image-preview:large, max-video-preview:-1\" \/>\n<link rel=\"canonical\" href=\"https:\/\/globalallianceregister.com\/tr\/services\/assistance\/security-engineering\/\" \/>\n<meta property=\"og:locale\" content=\"tr_TR\" \/>\n<meta property=\"og:type\" content=\"article\" \/>\n<meta property=\"og:title\" content=\"G\u00fcvenlik M\u00fchendisli\u011fi &amp; Tasar\u0131m\u0131 - Global Alliance Register\" \/>\n<meta property=\"og:description\" content=\"Global Alliance Register temel i\u015f kollar\u0131ndan biri olarak bina ve tesislerin\u00a0g\u00fcvenli\u011fi i\u00e7in konusunda uzman m\u00fchendis kadrolar\u0131 ile uluslararas\u0131 standartlara uygun olarak tasar\u0131m ve m\u00fchendislik hizmetleri sunuyor\u2026 Global Alliance Register di\u011fer...\" \/>\n<meta property=\"og:url\" content=\"https:\/\/globalallianceregister.com\/tr\/services\/assistance\/security-engineering\/\" \/>\n<meta property=\"og:site_name\" content=\"Global Alliance Register\" \/>\n<meta property=\"article:modified_time\" content=\"2016-02-03T10:49:40+00:00\" \/>\n<meta name=\"twitter:label1\" content=\"Tahmini okuma s\u00fcresi\" \/>\n\t<meta name=\"twitter:data1\" content=\"6 dakika\" \/>\n<script type=\"application\/ld+json\" class=\"yoast-schema-graph\">{\"@context\":\"https:\\\/\\\/schema.org\",\"@graph\":[{\"@type\":\"WebPage\",\"@id\":\"https:\\\/\\\/globalallianceregister.com\\\/tr\\\/services\\\/assistance\\\/security-engineering\\\/\",\"url\":\"https:\\\/\\\/globalallianceregister.com\\\/tr\\\/services\\\/assistance\\\/security-engineering\\\/\",\"name\":\"G\u00fcvenlik M\u00fchendisli\u011fi & Tasar\u0131m\u0131 - Global Alliance Register\",\"isPartOf\":{\"@id\":\"https:\\\/\\\/globalallianceregister.com\\\/tr\\\/#website\"},\"datePublished\":\"2010-12-29T13:12:41+00:00\",\"dateModified\":\"2016-02-03T10:49:40+00:00\",\"breadcrumb\":{\"@id\":\"https:\\\/\\\/globalallianceregister.com\\\/tr\\\/services\\\/assistance\\\/security-engineering\\\/#breadcrumb\"},\"inLanguage\":\"tr\",\"potentialAction\":[{\"@type\":\"ReadAction\",\"target\":[[\"https:\\\/\\\/globalallianceregister.com\\\/tr\\\/services\\\/assistance\\\/security-engineering\\\/\"]]}]},{\"@type\":\"BreadcrumbList\",\"@id\":\"https:\\\/\\\/globalallianceregister.com\\\/tr\\\/services\\\/assistance\\\/security-engineering\\\/#breadcrumb\",\"itemListElement\":[{\"@type\":\"ListItem\",\"position\":1,\"name\":\"Anasayfa\",\"item\":\"https:\\\/\\\/globalallianceregister.com\\\/tr\\\/\"},{\"@type\":\"ListItem\",\"position\":2,\"name\":\"G\u00fcvenlik M\u00fchendisli\u011fi &#038; Tasar\u0131m\u0131\"}]},{\"@type\":\"WebSite\",\"@id\":\"https:\\\/\\\/globalallianceregister.com\\\/tr\\\/#website\",\"url\":\"https:\\\/\\\/globalallianceregister.com\\\/tr\\\/\",\"name\":\"Global Alliance Register\",\"description\":\"(EN) Together for Excellence\",\"potentialAction\":[{\"@type\":\"SearchAction\",\"target\":{\"@type\":\"EntryPoint\",\"urlTemplate\":\"https:\\\/\\\/globalallianceregister.com\\\/tr\\\/?s={search_term_string}\"},\"query-input\":{\"@type\":\"PropertyValueSpecification\",\"valueRequired\":true,\"valueName\":\"search_term_string\"}}],\"inLanguage\":\"tr\"}]}<\/script>\n<!-- \/ Yoast SEO plugin. -->","yoast_head_json":{"title":"G\u00fcvenlik M\u00fchendisli\u011fi & Tasar\u0131m\u0131 - Global Alliance Register","robots":{"index":"index","follow":"follow","max-snippet":"max-snippet:-1","max-image-preview":"max-image-preview:large","max-video-preview":"max-video-preview:-1"},"canonical":"https:\/\/globalallianceregister.com\/tr\/services\/assistance\/security-engineering\/","og_locale":"tr_TR","og_type":"article","og_title":"G\u00fcvenlik M\u00fchendisli\u011fi & Tasar\u0131m\u0131 - Global Alliance Register","og_description":"Global Alliance Register temel i\u015f kollar\u0131ndan biri olarak bina ve tesislerin\u00a0g\u00fcvenli\u011fi i\u00e7in konusunda uzman m\u00fchendis kadrolar\u0131 ile uluslararas\u0131 standartlara uygun olarak tasar\u0131m ve m\u00fchendislik hizmetleri sunuyor\u2026 Global Alliance Register di\u011fer...","og_url":"https:\/\/globalallianceregister.com\/tr\/services\/assistance\/security-engineering\/","og_site_name":"Global Alliance Register","article_modified_time":"2016-02-03T10:49:40+00:00","twitter_misc":{"Tahmini okuma s\u00fcresi":"6 dakika"},"schema":{"@context":"https:\/\/schema.org","@graph":[{"@type":"WebPage","@id":"https:\/\/globalallianceregister.com\/tr\/services\/assistance\/security-engineering\/","url":"https:\/\/globalallianceregister.com\/tr\/services\/assistance\/security-engineering\/","name":"G\u00fcvenlik M\u00fchendisli\u011fi & Tasar\u0131m\u0131 - Global Alliance Register","isPartOf":{"@id":"https:\/\/globalallianceregister.com\/tr\/#website"},"datePublished":"2010-12-29T13:12:41+00:00","dateModified":"2016-02-03T10:49:40+00:00","breadcrumb":{"@id":"https:\/\/globalallianceregister.com\/tr\/services\/assistance\/security-engineering\/#breadcrumb"},"inLanguage":"tr","potentialAction":[{"@type":"ReadAction","target":[["https:\/\/globalallianceregister.com\/tr\/services\/assistance\/security-engineering\/"]]}]},{"@type":"BreadcrumbList","@id":"https:\/\/globalallianceregister.com\/tr\/services\/assistance\/security-engineering\/#breadcrumb","itemListElement":[{"@type":"ListItem","position":1,"name":"Anasayfa","item":"https:\/\/globalallianceregister.com\/tr\/"},{"@type":"ListItem","position":2,"name":"G\u00fcvenlik M\u00fchendisli\u011fi &#038; Tasar\u0131m\u0131"}]},{"@type":"WebSite","@id":"https:\/\/globalallianceregister.com\/tr\/#website","url":"https:\/\/globalallianceregister.com\/tr\/","name":"Global Alliance Register","description":"(EN) Together for Excellence","potentialAction":[{"@type":"SearchAction","target":{"@type":"EntryPoint","urlTemplate":"https:\/\/globalallianceregister.com\/tr\/?s={search_term_string}"},"query-input":{"@type":"PropertyValueSpecification","valueRequired":true,"valueName":"search_term_string"}}],"inLanguage":"tr"}]}},"_links":{"self":[{"href":"https:\/\/globalallianceregister.com\/tr\/wp-json\/wp\/v2\/pages\/201","targetHints":{"allow":["GET"]}}],"collection":[{"href":"https:\/\/globalallianceregister.com\/tr\/wp-json\/wp\/v2\/pages"}],"about":[{"href":"https:\/\/globalallianceregister.com\/tr\/wp-json\/wp\/v2\/types\/page"}],"author":[{"embeddable":true,"href":"https:\/\/globalallianceregister.com\/tr\/wp-json\/wp\/v2\/users\/10"}],"replies":[{"embeddable":true,"href":"https:\/\/globalallianceregister.com\/tr\/wp-json\/wp\/v2\/comments?post=201"}],"version-history":[{"count":0,"href":"https:\/\/globalallianceregister.com\/tr\/wp-json\/wp\/v2\/pages\/201\/revisions"}],"up":[{"embeddable":true,"href":"https:\/\/globalallianceregister.com\/tr\/wp-json\/wp\/v2\/pages\/163"}],"wp:attachment":[{"href":"https:\/\/globalallianceregister.com\/tr\/wp-json\/wp\/v2\/media?parent=201"}],"curies":[{"name":"wp","href":"https:\/\/api.w.org\/{rel}","templated":true}]}}