{"id":207,"date":"2010-12-29T13:25:36","date_gmt":"2010-12-29T13:25:36","guid":{"rendered":"https:\/\/globalallianceregister.com\/?page_id=207"},"modified":"2016-01-15T18:41:32","modified_gmt":"2016-01-15T18:41:32","slug":"qaqc-supervision-at-site","status":"publish","type":"page","link":"https:\/\/globalallianceregister.com\/tr\/services\/conformity-assessment\/qaqc-supervision-at-site\/","title":{"rendered":"Kalite G\u00fcvence &#038; Kalite Kontrol G\u00f6zetimi"},"content":{"rendered":"<p><strong>Global Alliance Register uluslararas\u0131 ofis a\u011f\u0131yla konusunda lider ba\u011f\u0131ms\u0131z g\u00f6zetim kurulu\u015fu olarak imalat sekt\u00f6r\u00fcn\u00fcn t\u00fcm alanlar\u0131nda Kalite G\u00fcvence &amp; Kalite Kontrol G\u00f6zetimi Hizmetleri sunuyor\u2026<\/strong><\/p>\n<p>Kalite G\u00fcvence &amp; Kalite Kontrol G\u00f6zetimi Hizmetleri ile; m\u00fc\u015fterilerimizin \u00fcretti\u011fi ve\/veya sat\u0131n ald\u0131\u011f\u0131 \u00fcr\u00fcnlerin ilgili \u015fartnamelere, kodlara, kontrat kalite plan\u0131na, g\u00f6zetim ve test protokollerine, ya da ilgili g\u00f6zetim prosed\u00fcrlerine uygunlu\u011funu Global Alliance Register Ba\u011f\u0131ms\u0131z G\u00f6zetim Kurulu\u015fu olarak g\u00fcvence alt\u0131na almaktad\u0131r.<\/p>\n<p>Global Alliance Register uluslararas\u0131 ofis a\u011f\u0131nda g\u00f6rev yapan QA\/QC S\u00fcperviz\u00f6rleri &amp; Enspekt\u00f6rleri uluslararas\u0131 kalifikasyonlara ve ilgili disiplinlerde y\u00fcksek deneyime \u00a0sahiptirler. Kodlar, standartlar, ve \u015fartnamelerin do\u011fru yorumlanabilmesi ve olas\u0131 uygunsuzluklar\u0131n zaman\u0131nda \u00f6nlenebilmesi i\u00e7in y\u00fcksek seviyede bilgi birikimi ve uzmanl\u0131k gereklidir, aksi takdirde imalat s\u00fcreci tamam\u0131yla durabilir ya da\u00a0 \u00fcr\u00fcn\u00fcn nihai kabul\u00fc gecikebilir.<\/p>\n<p>GAR S\u00fcperviz\u00f6r &amp; Enspekt\u00f6rleri ilgili m\u00fchendislik kodlar\u0131 ve standartlar\u0131nda gerekli tecr\u00fcbeye sahip olup, imalat esnas\u0131nda k\u00fc\u00e7\u00fck detaylar\u0131n b\u00fcy\u00fck uygunsuzluklara d\u00f6n\u00fc\u015fmesine engel olarak t\u00fcm imalat s\u00fcrecinin sekteye u\u011framadan s\u00fcreklili\u011fini ve \u00fcretilen \u00fcr\u00fcnlerin ilgili kod ve standartlara uygunlu\u011funu g\u00fcvence alt\u0131na al\u0131rlar.<\/p>\n<p>Global Alliance Register t\u00fcm bunlara ek olarak Tedarik\u00e7i Denetimi Hizmetleri ile ilgili tedarik\u00e7ilerin \u00f6n yeterlilik a\u015famas\u0131nda tedarik\u00e7ilerin yetkinlik seviyesini, kapasitesi, i\u015f performans\u0131 ve taahh\u00fctlerini yerine getirip getiremeyece\u011fini sipari\u015f \u00f6ncesi belirleyerek m\u00fc\u015fterilerinin do\u011fru tercihler yapmas\u0131n\u0131 kolayla\u015ft\u0131r\u0131r.<\/p>\n<p><strong><span style=\"text-decoration: underline;\">Kalite G\u00fcvence &amp; Kalite Kontrol G\u00f6zetimi kapsam\u0131nda Global Alliance Register taraf\u0131ndan sunulmakta olan hizmet ba\u015fl\u0131klar\u0131ndan baz\u0131lar\u0131 \u015fu \u015fekildedir:<\/span><\/strong><\/p>\n<ul>\n<li>Tedarik\u00e7i Denetimi, \u00d6n Yeterlilik A\u015famas\u0131nda De\u011ferlendirme &amp; Derecelendirme,<\/li>\n<li>Kontrat Kalite Plan\u0131 &#8211; G\u00f6zetim &amp; Test Plan\u0131 &#8211; NDT Plan\u0131 Haz\u0131rlama Deste\u011fi,<\/li>\n<li>Kaynakl\u0131 \u0130malatlar \u0130\u00e7in WPS\/ PQR Haz\u0131rlama &amp; Onay\u0131,<\/li>\n<li>\u0130malat \u0130\u00e7i Kalite G\u00fcvence\/ Kalite Kontrol G\u00f6zetimi,<\/li>\n<li>Kaynakl\u0131 \u0130malat S\u00fcpervize Hizmeti,<\/li>\n<li>NDT Tahribats\u0131z Muayene S\u00fcpervize Hizmetleri,<\/li>\n<li>Gelen Malzeme Muayenesi &amp; Onay\u0131,<\/li>\n<li>\u0130malat-\u0130\u00e7i &amp; Son Kabul Testlerine Nezaret,<\/li>\n<li>Kalite G\u00fcvence\/ Kalite Kontrol Dosyalar\u0131n\u0131n G\u00f6zden Ge\u00e7irilerek Onaylanmas\u0131,<\/li>\n<li>Prototip \u00dcr\u00fcn \u0130malat\u0131 G\u00f6zetimi &amp; Onay\u0131,<\/li>\n<li>Muayene &amp; Test Laboratuvarlar\u0131n\u0131n Denetimi &amp; Onay\u0131,<\/li>\n<li>Petrol &amp; Gaz Sekt\u00f6r\u00fcnde Offshore (Deniz) &amp; Onshore (Kara) Yap\u0131 &amp; Tesisleri\u2019nin \u0130malat Sahas\u0131 Kalite G\u00fcvence\/ Kalite Kontrol G\u00f6zetimleri,<\/li>\n<li>Boru \u0130malat\u0131 Kalite G\u00fcvence\/ Kalite Kontrol G\u00f6zetimi,<\/li>\n<li>Boru Hatlar\u0131n\u0131n D\u00f6\u015fenmesi Esnas\u0131nda Sahada Kalite G\u00fcvence\/ Kalite Kontrol G\u00f6zetimi,<\/li>\n<li>Y\u00fckleme G\u00f6zetimi &amp; M\u00fch\u00fcrleme,<\/li>\n<li>Tahliye G\u00f6zetimi,<\/li>\n<\/ul>\n<p><strong>Global Alliance Register <\/strong>taraf\u0131ndan sunulmakta olan<strong> Kalite G\u00fcvence &amp; Kalite Kontrol G\u00f6zetimi Hizmetleri <\/strong>hakk\u0131nda daha detayl\u0131 bilgi ve talepleriniz i\u00e7in l\u00fctfen taraf\u0131m\u0131zla temas kurunuz\u2026<\/p>\n<p>&nbsp;<\/p>\n<h1>\u0130lgili Sekt\u00f6rler<\/h1>\n<table>\n<tbody>\n<tr>\n<td style=\"width: 350px; border-color: #ffffff; height: 30px; text-align: left; vertical-align: middle; background-color: #f7f7f7;\" width=\"250\">\n<ul style=\"list-style-type: square;\">\n<li><a title=\"Denizcilik Sekt\u00f6r\u00fc\" href=\"https:\/\/globalallianceregister.com\/?page_id=9&amp;lang=tr\" target=\"_blank\">DEN\u0130ZC\u0130L\u0130K<\/a><\/li>\n<\/ul>\n<\/td>\n<td style=\"width: 350px; border-color: #ffffff; height: 30px; text-align: left; vertical-align: middle; background-color: #f7f7f7;\" width=\"250\">\n<ul style=\"list-style-type: square;\">\n<li><a title=\"\u0130n\u015faat Sekt\u00f6r\u00fc\" href=\"https:\/\/globalallianceregister.com\/?page_id=11&amp;lang=tr\" target=\"_blank\">\u0130N\u015eAAT<\/a><\/li>\n<\/ul>\n<\/td>\n<td style=\"width: 350px; border-color: #ffffff; height: 30px; text-align: left; vertical-align: middle; background-color: #f7f7f7;\" width=\"251\">\n<ul style=\"list-style-type: square;\">\n<li><a title=\"Petrol &amp; Gaz Sekt\u00f6r\u00fc\" href=\"https:\/\/globalallianceregister.com\/?page_id=13&amp;lang=tr\" target=\"_blank\">PETROL &amp; GAZ<\/a><\/li>\n<\/ul>\n<\/td>\n<\/tr>\n<tr>\n<td style=\"width: 350px; border-color: #ffffff; height: 30px; text-align: left; vertical-align: middle; background-color: #f7f7f7;\" width=\"250\">\n<ul style=\"list-style-type: square;\">\n<li><a title=\"Enerji &amp; Tesisler\" href=\"https:\/\/globalallianceregister.com\/?page_id=15&amp;lang=tr\" target=\"_blank\">ENERJ\u0130 &amp; TES\u0130SLER<\/a><\/li>\n<\/ul>\n<\/td>\n<td style=\"width: 350px; border-color: #ffffff; height: 30px; text-align: left; vertical-align: middle; background-color: #f7f7f7;\" width=\"250\">\n<ul style=\"list-style-type: square;\">\n<li><a title=\"\u0130malat Sekt\u00f6r\u00fc\" href=\"https:\/\/globalallianceregister.com\/?page_id=20&amp;lang=tr\" target=\"_blank\">\u0130MALAT<\/a><\/li>\n<\/ul>\n<\/td>\n<td style=\"width: 350px; border-color: #ffffff; height: 30px; text-align: left; vertical-align: middle; background-color: #f7f7f7;\" width=\"251\">\n<ul style=\"list-style-type: square;\">\n<li><a title=\"Ula\u015ft\u0131rma &amp; Lojistik Sekt\u00f6r\u00fc\" href=\"https:\/\/globalallianceregister.com\/?page_id=22&amp;lang=tr\" target=\"_blank\">ULA\u015eTIRMA &amp; LOJ\u0130ST\u0130K<\/a><\/li>\n<\/ul>\n<\/td>\n<\/tr>\n<tr>\n<td style=\"width: 350px; border-color: #ffffff; height: 30px; text-align: left; vertical-align: middle; background-color: #f7f7f7;\" width=\"250\">\n<ul style=\"list-style-type: square;\">\n<li><a title=\"Uzay &amp; Havac\u0131l\u0131k Sekt\u00f6r\u00fc\" href=\"https:\/\/globalallianceregister.com\/?page_id=24&amp;lang=tr\" target=\"_blank\">UZAY &amp; HAVACILIK<\/a><\/li>\n<\/ul>\n<\/td>\n<td style=\"width: 350px; border-color: #ffffff; height: 30px; text-align: left; vertical-align: middle; background-color: #f7f7f7;\" width=\"250\">\n<ul style=\"list-style-type: square;\">\n<li><a title=\"Tar\u0131m &amp; G\u0131da Sekt\u00f6r\u00fc\" href=\"https:\/\/globalallianceregister.com\/?page_id=27&amp;lang=tr\" target=\"_blank\">TARIM &amp; GIDA<\/a><\/li>\n<\/ul>\n<\/td>\n<td style=\"width: 350px; border-color: #ffffff; height: 30px; text-align: left; vertical-align: middle; background-color: #f7f7f7;\" width=\"251\">\n<ul style=\"list-style-type: square;\">\n<li><a title=\"Turizm &amp; Otelcilik Sekt\u00f6r\u00fc\" href=\"https:\/\/globalallianceregister.com\/?page_id=29&amp;lang=tr\" target=\"_blank\">TUR\u0130ZM &amp; OTELC\u0130L\u0130K<\/a><\/li>\n<\/ul>\n<\/td>\n<\/tr>\n<tr>\n<td style=\"width: 350px; border-color: #ffffff; height: 30px; text-align: left; vertical-align: middle; background-color: #f7f7f7;\" width=\"250\">\n<ul style=\"list-style-type: square;\">\n<li><a title=\"Finans &amp; Bankac\u0131l\u0131k Sekt\u00f6r\u00fc\" href=\"https:\/\/globalallianceregister.com\/?page_id=38&amp;lang=tr\" target=\"_blank\">F\u0130NANS<\/a><\/li>\n<\/ul>\n<\/td>\n<td style=\"width: 350px; border-color: #ffffff; height: 30px; text-align: left; vertical-align: middle; background-color: #f7f7f7;\" width=\"250\">\n<ul style=\"list-style-type: square;\">\n<li><a title=\"Sigorta Sekt\u00f6r\u00fc\" href=\"https:\/\/globalallianceregister.com\/?page_id=40&amp;lang=tr\" target=\"_blank\">S\u0130GORTA<\/a><\/li>\n<\/ul>\n<\/td>\n<td style=\"width: 350px; border-color: #ffffff; height: 30px; text-align: left; vertical-align: middle; background-color: #f7f7f7;\" width=\"251\">\n<ul style=\"list-style-type: square;\">\n<li><a title=\"Bilgi Teknolojileri Sekt\u00f6r\u00fc\" href=\"https:\/\/globalallianceregister.com\/?page_id=52&amp;lang=tr\" target=\"_blank\">B\u0130LG\u0130 TEKNOLOJ\u0130LER\u0130<\/a><\/li>\n<\/ul>\n<\/td>\n<\/tr>\n<tr>\n<td style=\"width: 350px; border-color: #ffffff; height: 30px; text-align: left; vertical-align: middle; background-color: #f7f7f7;\" width=\"250\">\n<ul style=\"list-style-type: square;\">\n<li><a title=\"Telekom\u00fcnikasyon Sekt\u00f6r\u00fc\" href=\"https:\/\/globalallianceregister.com\/?page_id=54&amp;lang=tr\" target=\"_blank\">TELEKOM\u00dcN\u0130KASYON<\/a><\/li>\n<\/ul>\n<\/td>\n<td style=\"width: 350px; border-color: #ffffff; height: 30px; text-align: left; vertical-align: middle; background-color: #f7f7f7;\" width=\"250\">\n<ul style=\"list-style-type: square;\">\n<li><a title=\"Sa\u011fl\u0131k &amp; T\u0131p Sekt\u00f6r\u00fc\" href=\"https:\/\/globalallianceregister.com\/?page_id=56&amp;lang=tr\" target=\"_blank\">SA\u011eLIK &amp; TIP<\/a><\/li>\n<\/ul>\n<\/td>\n<td style=\"width: 350px; border-color: #ffffff; height: 30px; text-align: left; vertical-align: middle; background-color: #f7f7f7;\" width=\"251\">\u00a0<\/td>\n<\/tr>\n<\/tbody>\n<\/table>","protected":false},"excerpt":{"rendered":"<p>Global Alliance Register uluslararas\u0131 ofis a\u011f\u0131yla konusunda lider ba\u011f\u0131ms\u0131z g\u00f6zetim kurulu\u015fu olarak imalat sekt\u00f6r\u00fcn\u00fcn t\u00fcm alanlar\u0131nda Kalite G\u00fcvence &amp; Kalite Kontrol G\u00f6zetimi Hizmetleri sunuyor\u2026 Kalite G\u00fcvence &amp; Kalite Kontrol G\u00f6zetimi&#8230; <\/p>\n","protected":false},"author":10,"featured_media":5114,"parent":167,"menu_order":2,"comment_status":"closed","ping_status":"closed","template":"page-full.php","meta":{"_acf_changed":false,"om_disable_all_campaigns":false,"footnotes":""},"class_list":["post-207","page","type-page","status-publish","has-post-thumbnail","hentry"],"acf":[],"yoast_head":"<!-- This site is optimized with the Yoast SEO plugin v27.4 - https:\/\/yoast.com\/product\/yoast-seo-wordpress\/ -->\n<title>Kalite G\u00fcvence &amp; Kalite Kontrol G\u00f6zetimi - Global Alliance Register<\/title>\n<meta name=\"robots\" content=\"index, follow, max-snippet:-1, max-image-preview:large, max-video-preview:-1\" \/>\n<link rel=\"canonical\" href=\"https:\/\/globalallianceregister.com\/tr\/services\/conformity-assessment\/qaqc-supervision-at-site\/\" \/>\n<meta property=\"og:locale\" content=\"tr_TR\" \/>\n<meta property=\"og:type\" content=\"article\" \/>\n<meta property=\"og:title\" content=\"Kalite G\u00fcvence &amp; Kalite Kontrol G\u00f6zetimi - Global Alliance Register\" \/>\n<meta property=\"og:description\" content=\"Global Alliance Register uluslararas\u0131 ofis a\u011f\u0131yla konusunda lider ba\u011f\u0131ms\u0131z g\u00f6zetim kurulu\u015fu olarak imalat sekt\u00f6r\u00fcn\u00fcn t\u00fcm alanlar\u0131nda Kalite G\u00fcvence &amp; Kalite Kontrol G\u00f6zetimi Hizmetleri sunuyor\u2026 Kalite G\u00fcvence &amp; Kalite Kontrol G\u00f6zetimi...\" \/>\n<meta property=\"og:url\" content=\"https:\/\/globalallianceregister.com\/tr\/services\/conformity-assessment\/qaqc-supervision-at-site\/\" \/>\n<meta property=\"og:site_name\" content=\"Global Alliance Register\" \/>\n<meta property=\"article:modified_time\" content=\"2016-01-15T18:41:32+00:00\" \/>\n<meta property=\"og:image\" content=\"https:\/\/globalallianceregister.com\/wp-content\/uploads\/2010\/12\/Conformtiy-Assessment-Inner-Page.jpg\" \/>\n\t<meta property=\"og:image:width\" content=\"614\" \/>\n\t<meta property=\"og:image:height\" content=\"200\" \/>\n\t<meta property=\"og:image:type\" content=\"image\/jpeg\" \/>\n<meta name=\"twitter:label1\" content=\"Tahmini okuma s\u00fcresi\" \/>\n\t<meta name=\"twitter:data1\" content=\"4 dakika\" \/>\n<script type=\"application\/ld+json\" class=\"yoast-schema-graph\">{\"@context\":\"https:\\\/\\\/schema.org\",\"@graph\":[{\"@type\":\"WebPage\",\"@id\":\"https:\\\/\\\/globalallianceregister.com\\\/tr\\\/services\\\/conformity-assessment\\\/qaqc-supervision-at-site\\\/\",\"url\":\"https:\\\/\\\/globalallianceregister.com\\\/tr\\\/services\\\/conformity-assessment\\\/qaqc-supervision-at-site\\\/\",\"name\":\"Kalite G\u00fcvence & Kalite Kontrol G\u00f6zetimi - Global Alliance Register\",\"isPartOf\":{\"@id\":\"https:\\\/\\\/globalallianceregister.com\\\/tr\\\/#website\"},\"primaryImageOfPage\":{\"@id\":\"https:\\\/\\\/globalallianceregister.com\\\/tr\\\/services\\\/conformity-assessment\\\/qaqc-supervision-at-site\\\/#primaryimage\"},\"image\":{\"@id\":\"https:\\\/\\\/globalallianceregister.com\\\/tr\\\/services\\\/conformity-assessment\\\/qaqc-supervision-at-site\\\/#primaryimage\"},\"thumbnailUrl\":\"https:\\\/\\\/globalallianceregister.com\\\/wp-content\\\/uploads\\\/2010\\\/12\\\/Conformtiy-Assessment-Inner-Page.jpg\",\"datePublished\":\"2010-12-29T13:25:36+00:00\",\"dateModified\":\"2016-01-15T18:41:32+00:00\",\"breadcrumb\":{\"@id\":\"https:\\\/\\\/globalallianceregister.com\\\/tr\\\/services\\\/conformity-assessment\\\/qaqc-supervision-at-site\\\/#breadcrumb\"},\"inLanguage\":\"tr\",\"potentialAction\":[{\"@type\":\"ReadAction\",\"target\":[[\"https:\\\/\\\/globalallianceregister.com\\\/tr\\\/services\\\/conformity-assessment\\\/qaqc-supervision-at-site\\\/\"]]}]},{\"@type\":\"ImageObject\",\"inLanguage\":\"tr\",\"@id\":\"https:\\\/\\\/globalallianceregister.com\\\/tr\\\/services\\\/conformity-assessment\\\/qaqc-supervision-at-site\\\/#primaryimage\",\"url\":\"https:\\\/\\\/globalallianceregister.com\\\/wp-content\\\/uploads\\\/2010\\\/12\\\/Conformtiy-Assessment-Inner-Page.jpg\",\"contentUrl\":\"https:\\\/\\\/globalallianceregister.com\\\/wp-content\\\/uploads\\\/2010\\\/12\\\/Conformtiy-Assessment-Inner-Page.jpg\",\"width\":614,\"height\":200},{\"@type\":\"BreadcrumbList\",\"@id\":\"https:\\\/\\\/globalallianceregister.com\\\/tr\\\/services\\\/conformity-assessment\\\/qaqc-supervision-at-site\\\/#breadcrumb\",\"itemListElement\":[{\"@type\":\"ListItem\",\"position\":1,\"name\":\"Anasayfa\",\"item\":\"https:\\\/\\\/globalallianceregister.com\\\/tr\\\/\"},{\"@type\":\"ListItem\",\"position\":2,\"name\":\"Kalite G\u00fcvence &#038; Kalite Kontrol G\u00f6zetimi\"}]},{\"@type\":\"WebSite\",\"@id\":\"https:\\\/\\\/globalallianceregister.com\\\/tr\\\/#website\",\"url\":\"https:\\\/\\\/globalallianceregister.com\\\/tr\\\/\",\"name\":\"Global Alliance Register\",\"description\":\"(EN) Together for Excellence\",\"potentialAction\":[{\"@type\":\"SearchAction\",\"target\":{\"@type\":\"EntryPoint\",\"urlTemplate\":\"https:\\\/\\\/globalallianceregister.com\\\/tr\\\/?s={search_term_string}\"},\"query-input\":{\"@type\":\"PropertyValueSpecification\",\"valueRequired\":true,\"valueName\":\"search_term_string\"}}],\"inLanguage\":\"tr\"}]}<\/script>\n<!-- \/ Yoast SEO plugin. -->","yoast_head_json":{"title":"Kalite G\u00fcvence & Kalite Kontrol G\u00f6zetimi - Global Alliance Register","robots":{"index":"index","follow":"follow","max-snippet":"max-snippet:-1","max-image-preview":"max-image-preview:large","max-video-preview":"max-video-preview:-1"},"canonical":"https:\/\/globalallianceregister.com\/tr\/services\/conformity-assessment\/qaqc-supervision-at-site\/","og_locale":"tr_TR","og_type":"article","og_title":"Kalite G\u00fcvence & Kalite Kontrol G\u00f6zetimi - Global Alliance Register","og_description":"Global Alliance Register uluslararas\u0131 ofis a\u011f\u0131yla konusunda lider ba\u011f\u0131ms\u0131z g\u00f6zetim kurulu\u015fu olarak imalat sekt\u00f6r\u00fcn\u00fcn t\u00fcm alanlar\u0131nda Kalite G\u00fcvence &amp; Kalite Kontrol G\u00f6zetimi Hizmetleri sunuyor\u2026 Kalite G\u00fcvence &amp; Kalite Kontrol G\u00f6zetimi...","og_url":"https:\/\/globalallianceregister.com\/tr\/services\/conformity-assessment\/qaqc-supervision-at-site\/","og_site_name":"Global Alliance Register","article_modified_time":"2016-01-15T18:41:32+00:00","og_image":[{"width":614,"height":200,"url":"https:\/\/globalallianceregister.com\/wp-content\/uploads\/2010\/12\/Conformtiy-Assessment-Inner-Page.jpg","type":"image\/jpeg"}],"twitter_misc":{"Tahmini okuma s\u00fcresi":"4 dakika"},"schema":{"@context":"https:\/\/schema.org","@graph":[{"@type":"WebPage","@id":"https:\/\/globalallianceregister.com\/tr\/services\/conformity-assessment\/qaqc-supervision-at-site\/","url":"https:\/\/globalallianceregister.com\/tr\/services\/conformity-assessment\/qaqc-supervision-at-site\/","name":"Kalite G\u00fcvence & Kalite Kontrol G\u00f6zetimi - Global Alliance Register","isPartOf":{"@id":"https:\/\/globalallianceregister.com\/tr\/#website"},"primaryImageOfPage":{"@id":"https:\/\/globalallianceregister.com\/tr\/services\/conformity-assessment\/qaqc-supervision-at-site\/#primaryimage"},"image":{"@id":"https:\/\/globalallianceregister.com\/tr\/services\/conformity-assessment\/qaqc-supervision-at-site\/#primaryimage"},"thumbnailUrl":"https:\/\/globalallianceregister.com\/wp-content\/uploads\/2010\/12\/Conformtiy-Assessment-Inner-Page.jpg","datePublished":"2010-12-29T13:25:36+00:00","dateModified":"2016-01-15T18:41:32+00:00","breadcrumb":{"@id":"https:\/\/globalallianceregister.com\/tr\/services\/conformity-assessment\/qaqc-supervision-at-site\/#breadcrumb"},"inLanguage":"tr","potentialAction":[{"@type":"ReadAction","target":[["https:\/\/globalallianceregister.com\/tr\/services\/conformity-assessment\/qaqc-supervision-at-site\/"]]}]},{"@type":"ImageObject","inLanguage":"tr","@id":"https:\/\/globalallianceregister.com\/tr\/services\/conformity-assessment\/qaqc-supervision-at-site\/#primaryimage","url":"https:\/\/globalallianceregister.com\/wp-content\/uploads\/2010\/12\/Conformtiy-Assessment-Inner-Page.jpg","contentUrl":"https:\/\/globalallianceregister.com\/wp-content\/uploads\/2010\/12\/Conformtiy-Assessment-Inner-Page.jpg","width":614,"height":200},{"@type":"BreadcrumbList","@id":"https:\/\/globalallianceregister.com\/tr\/services\/conformity-assessment\/qaqc-supervision-at-site\/#breadcrumb","itemListElement":[{"@type":"ListItem","position":1,"name":"Anasayfa","item":"https:\/\/globalallianceregister.com\/tr\/"},{"@type":"ListItem","position":2,"name":"Kalite G\u00fcvence &#038; Kalite Kontrol G\u00f6zetimi"}]},{"@type":"WebSite","@id":"https:\/\/globalallianceregister.com\/tr\/#website","url":"https:\/\/globalallianceregister.com\/tr\/","name":"Global Alliance Register","description":"(EN) Together for Excellence","potentialAction":[{"@type":"SearchAction","target":{"@type":"EntryPoint","urlTemplate":"https:\/\/globalallianceregister.com\/tr\/?s={search_term_string}"},"query-input":{"@type":"PropertyValueSpecification","valueRequired":true,"valueName":"search_term_string"}}],"inLanguage":"tr"}]}},"_links":{"self":[{"href":"https:\/\/globalallianceregister.com\/tr\/wp-json\/wp\/v2\/pages\/207","targetHints":{"allow":["GET"]}}],"collection":[{"href":"https:\/\/globalallianceregister.com\/tr\/wp-json\/wp\/v2\/pages"}],"about":[{"href":"https:\/\/globalallianceregister.com\/tr\/wp-json\/wp\/v2\/types\/page"}],"author":[{"embeddable":true,"href":"https:\/\/globalallianceregister.com\/tr\/wp-json\/wp\/v2\/users\/10"}],"replies":[{"embeddable":true,"href":"https:\/\/globalallianceregister.com\/tr\/wp-json\/wp\/v2\/comments?post=207"}],"version-history":[{"count":0,"href":"https:\/\/globalallianceregister.com\/tr\/wp-json\/wp\/v2\/pages\/207\/revisions"}],"up":[{"embeddable":true,"href":"https:\/\/globalallianceregister.com\/tr\/wp-json\/wp\/v2\/pages\/167"}],"wp:featuredmedia":[{"embeddable":true,"href":"https:\/\/globalallianceregister.com\/tr\/wp-json\/wp\/v2\/media\/5114"}],"wp:attachment":[{"href":"https:\/\/globalallianceregister.com\/tr\/wp-json\/wp\/v2\/media?parent=207"}],"curies":[{"name":"wp","href":"https:\/\/api.w.org\/{rel}","templated":true}]}}