{"id":2082,"date":"2014-12-15T17:54:59","date_gmt":"2014-12-15T17:54:59","guid":{"rendered":"https:\/\/globalallianceregister.com\/?page_id=2082"},"modified":"2015-12-11T16:26:29","modified_gmt":"2015-12-11T16:26:29","slug":"turkce-irca-kayitli-iso-9001-kalite-yonetim-sistemi-bas-denetci-egitimi-5-gun","status":"publish","type":"page","link":"https:\/\/globalallianceregister.com\/tr\/services\/egitim\/turkce-yonetim-sistemleri\/turkce-irca-kayitli-iso-9001-kalite-yonetim-sistemi-bas-denetci-egitimi-5-gun\/","title":{"rendered":"IRCA Kay\u0131tl\u0131 ISO 9001 Kalite Y\u00f6netim Sistemi Ba\u015f Denet\u00e7i E\u011fitimi \u2013 5 g\u00fcn"},"content":{"rendered":"<p>\u00a0 <strong>Kat\u0131l\u0131mc\u0131 Profili<\/strong><\/p>\n<ul>\n<li>Kalite Y\u00f6netim Sistemlerinin 3.taraf (belgelendirme) denetimlerinde g\u00f6rev alacak \u00e7al\u0131\u015fanlar ile konu hakk\u0131nda \u00fcst d\u00fczey bilgi ve beceriye sahip olmas\u0131 gerekli g\u00f6r\u00fclen \u00e7al\u0131\u015fanlar ve y\u00f6neticiler bu e\u011fitimden yarar sa\u011flayabilecektir.<\/li>\n<\/ul>\n<p>\u00a0 <strong>Hedeflenen Sonu\u00e7<\/strong><\/p>\n<ul>\n<li>Kalite denetimlerinin y\u00f6netilmesi ve organize edilmesi, denetim s\u0131ras\u0131nda ortaya \u00e7\u0131kan stresin y\u00f6netilmesi, denetim bulgular\u0131n\u0131n de\u011ferlendirilmesi ve raporlanmas\u0131, d\u00fczeltici faaliyetlerin etkinli\u011finin de\u011ferlendirilmesi, takip denetimlerinin ve rutin ara denetimlerin ger\u00e7ekle\u015ftirilmesi i\u00e7in ihtiya\u00e7 duyulan yetenek ve bilgiyi sa\u011flar. Bu kurs IRCA taraf\u0131ndan belgelendirilecek olup, IRCA denet\u00e7i belgelendirme kapsam\u0131nda kay\u0131tl\u0131 e\u011fitim almak isteyen kat\u0131l\u0131mc\u0131lar i\u00e7in resmi e\u011fitim gerekliliklerini sa\u011flar.<\/li>\n<\/ul>\n<ul>\n<li>\u0130nteraktif olarak ger\u00e7ekle\u015ftirilen e\u011fitim esnas\u0131nda anlay\u0131\u015f\u0131n peki\u015ftirilmesi i\u00e7in\u00a0 genel \u00f6rnekler verilmekte, ya\u015fanm\u0131\u015f olaylardan edinilen tecr\u00fcbeler tart\u0131\u015f\u0131lmaktad\u0131r.<\/li>\n<\/ul>\n<ul>\n<li>E\u011fitim sonunda, kat\u0131l\u0131mc\u0131lar, ISO 9001 ve ISO19011 standartla GLOBAL ALLIANCE ili\u015fkin gereklilikler konusunda bilgi edinecekler, uygulamalar\u0131 hakk\u0131nda tecr\u00fcbe sahibi olacaklard\u0131r.<\/li>\n<\/ul>\n<p>\u00a0 <strong>E\u011fitim \u0130\u00e7eri\u011fi<\/strong><\/p>\n<table style=\"height: 228px;\" width=\"764\">\n<tbody>\n<tr>\n<td width=\"373\">\n<ul>\n<li>ISO 9001 Maddeleri<\/li>\n<li>Denetim Tipleri<\/li>\n<li>Kalite Y\u00f6netim sistemi<\/li>\n<li>Y\u00f6netimin Sorumlulu\u011fu<\/li>\n<li>Kaynak Y\u00f6netimi<\/li>\n<li>\u00dcr\u00fcn Ger\u00e7ekle\u015ftirme<\/li>\n<li>\u00d6l\u00e7me Analiz ve \u0130yile\u015ftirme<\/li>\n<li>ISO 19011<\/li>\n<li>ISO 19011 Denet\u00e7i yetkinli\u011fi<\/li>\n<li>Denetim Ekibinin Sorumluluklar\u0131<\/li>\n<\/ul>\n<\/td>\n<td width=\"402\">\n<ul>\n<li>Denetim Kapsam\u0131<\/li>\n<li>Dok\u00fcmanlar\u0131n G\u00f6zden Ge\u00e7irilmesi<\/li>\n<li>Denetime Haz\u0131rl\u0131k<\/li>\n<li>Denetim Kontrol Listeleri<\/li>\n<li>Denetim A\u00e7\u0131l\u0131\u015f Toplant\u0131s\u0131<\/li>\n<li>Denetim Teknikleri<\/li>\n<li>Uygunsuzluk Raporlama<\/li>\n<li>Denetim Kapan\u0131\u015f Toplant\u0131s\u0131<\/li>\n<li>Takip Faaliyetleri<\/li>\n<li>IRCA Sertifikasyon Sistemi Tan\u0131t\u0131m\u0131<\/li>\n<\/ul>\n<\/td>\n<\/tr>\n<\/tbody>\n<\/table>\n<p><strong>Sertifika<\/strong><\/p>\n<ul>\n<li>E\u011fitimi ba\u015far\u0131 ile tamamlayan t\u00fcm kat\u0131l\u0131mc\u0131lara GLOBAL ALLIANCE ACADEMY taraf\u0131ndan, &#8220;IRCA Kay\u0131tl\u0131 ISO 9001 Kalite Y\u00f6netim Sistemi Ba\u015f Denet\u00e7i Ba\u015far\u0131 Sertifikas\u0131&#8221; verilecektir.<\/li>\n<\/ul>","protected":false},"excerpt":{"rendered":"<p>\u00a0 Kat\u0131l\u0131mc\u0131 Profili Kalite Y\u00f6netim Sistemlerinin 3.taraf (belgelendirme) denetimlerinde g\u00f6rev alacak \u00e7al\u0131\u015fanlar ile konu hakk\u0131nda \u00fcst d\u00fczey bilgi ve beceriye sahip olmas\u0131 gerekli g\u00f6r\u00fclen \u00e7al\u0131\u015fanlar ve y\u00f6neticiler bu e\u011fitimden yarar&#8230; <\/p>\n","protected":false},"author":10,"featured_media":5171,"parent":2143,"menu_order":3,"comment_status":"closed","ping_status":"closed","template":"page-full.php","meta":{"_acf_changed":false,"om_disable_all_campaigns":false,"footnotes":""},"class_list":["post-2082","page","type-page","status-publish","has-post-thumbnail","hentry"],"acf":[],"yoast_head":"<!-- This site is optimized with the Yoast SEO plugin v27.4 - https:\/\/yoast.com\/product\/yoast-seo-wordpress\/ -->\n<title>IRCA Kay\u0131tl\u0131 ISO 9001 Kalite Y\u00f6netim Sistemi Ba\u015f Denet\u00e7i E\u011fitimi \u2013 5 g\u00fcn - Global Alliance Register<\/title>\n<meta name=\"robots\" content=\"index, follow, max-snippet:-1, max-image-preview:large, max-video-preview:-1\" \/>\n<link rel=\"canonical\" href=\"https:\/\/globalallianceregister.com\/tr\/services\/egitim\/turkce-yonetim-sistemleri\/turkce-irca-kayitli-iso-9001-kalite-yonetim-sistemi-bas-denetci-egitimi-5-gun\/\" \/>\n<meta property=\"og:locale\" content=\"tr_TR\" \/>\n<meta property=\"og:type\" content=\"article\" \/>\n<meta property=\"og:title\" content=\"IRCA Kay\u0131tl\u0131 ISO 9001 Kalite Y\u00f6netim Sistemi Ba\u015f Denet\u00e7i E\u011fitimi \u2013 5 g\u00fcn - Global Alliance Register\" \/>\n<meta property=\"og:description\" content=\"\u00a0 Kat\u0131l\u0131mc\u0131 Profili Kalite Y\u00f6netim Sistemlerinin 3.taraf (belgelendirme) denetimlerinde g\u00f6rev alacak \u00e7al\u0131\u015fanlar ile konu hakk\u0131nda \u00fcst d\u00fczey bilgi ve beceriye sahip olmas\u0131 gerekli g\u00f6r\u00fclen \u00e7al\u0131\u015fanlar ve y\u00f6neticiler bu e\u011fitimden yarar...\" \/>\n<meta property=\"og:url\" content=\"https:\/\/globalallianceregister.com\/tr\/services\/egitim\/turkce-yonetim-sistemleri\/turkce-irca-kayitli-iso-9001-kalite-yonetim-sistemi-bas-denetci-egitimi-5-gun\/\" \/>\n<meta property=\"og:site_name\" content=\"Global Alliance Register\" \/>\n<meta property=\"article:modified_time\" content=\"2015-12-11T16:26:29+00:00\" \/>\n<meta property=\"og:image\" content=\"https:\/\/globalallianceregister.com\/wp-content\/uploads\/2015\/08\/Training-Inner-Page.jpg\" \/>\n\t<meta property=\"og:image:width\" content=\"614\" \/>\n\t<meta property=\"og:image:height\" content=\"200\" \/>\n\t<meta property=\"og:image:type\" content=\"image\/jpeg\" \/>\n<meta name=\"twitter:label1\" content=\"Tahmini okuma s\u00fcresi\" \/>\n\t<meta name=\"twitter:data1\" content=\"1 dakika\" \/>\n<script type=\"application\/ld+json\" class=\"yoast-schema-graph\">{\"@context\":\"https:\\\/\\\/schema.org\",\"@graph\":[{\"@type\":\"WebPage\",\"@id\":\"https:\\\/\\\/globalallianceregister.com\\\/tr\\\/services\\\/egitim\\\/turkce-yonetim-sistemleri\\\/turkce-irca-kayitli-iso-9001-kalite-yonetim-sistemi-bas-denetci-egitimi-5-gun\\\/\",\"url\":\"https:\\\/\\\/globalallianceregister.com\\\/tr\\\/services\\\/egitim\\\/turkce-yonetim-sistemleri\\\/turkce-irca-kayitli-iso-9001-kalite-yonetim-sistemi-bas-denetci-egitimi-5-gun\\\/\",\"name\":\"IRCA Kay\u0131tl\u0131 ISO 9001 Kalite Y\u00f6netim Sistemi Ba\u015f Denet\u00e7i E\u011fitimi \u2013 5 g\u00fcn - Global Alliance Register\",\"isPartOf\":{\"@id\":\"https:\\\/\\\/globalallianceregister.com\\\/tr\\\/#website\"},\"primaryImageOfPage\":{\"@id\":\"https:\\\/\\\/globalallianceregister.com\\\/tr\\\/services\\\/egitim\\\/turkce-yonetim-sistemleri\\\/turkce-irca-kayitli-iso-9001-kalite-yonetim-sistemi-bas-denetci-egitimi-5-gun\\\/#primaryimage\"},\"image\":{\"@id\":\"https:\\\/\\\/globalallianceregister.com\\\/tr\\\/services\\\/egitim\\\/turkce-yonetim-sistemleri\\\/turkce-irca-kayitli-iso-9001-kalite-yonetim-sistemi-bas-denetci-egitimi-5-gun\\\/#primaryimage\"},\"thumbnailUrl\":\"https:\\\/\\\/globalallianceregister.com\\\/wp-content\\\/uploads\\\/2015\\\/08\\\/Training-Inner-Page.jpg\",\"datePublished\":\"2014-12-15T17:54:59+00:00\",\"dateModified\":\"2015-12-11T16:26:29+00:00\",\"breadcrumb\":{\"@id\":\"https:\\\/\\\/globalallianceregister.com\\\/tr\\\/services\\\/egitim\\\/turkce-yonetim-sistemleri\\\/turkce-irca-kayitli-iso-9001-kalite-yonetim-sistemi-bas-denetci-egitimi-5-gun\\\/#breadcrumb\"},\"inLanguage\":\"tr\",\"potentialAction\":[{\"@type\":\"ReadAction\",\"target\":[[\"https:\\\/\\\/globalallianceregister.com\\\/tr\\\/services\\\/egitim\\\/turkce-yonetim-sistemleri\\\/turkce-irca-kayitli-iso-9001-kalite-yonetim-sistemi-bas-denetci-egitimi-5-gun\\\/\"]]}]},{\"@type\":\"ImageObject\",\"inLanguage\":\"tr\",\"@id\":\"https:\\\/\\\/globalallianceregister.com\\\/tr\\\/services\\\/egitim\\\/turkce-yonetim-sistemleri\\\/turkce-irca-kayitli-iso-9001-kalite-yonetim-sistemi-bas-denetci-egitimi-5-gun\\\/#primaryimage\",\"url\":\"https:\\\/\\\/globalallianceregister.com\\\/wp-content\\\/uploads\\\/2015\\\/08\\\/Training-Inner-Page.jpg\",\"contentUrl\":\"https:\\\/\\\/globalallianceregister.com\\\/wp-content\\\/uploads\\\/2015\\\/08\\\/Training-Inner-Page.jpg\",\"width\":614,\"height\":200},{\"@type\":\"BreadcrumbList\",\"@id\":\"https:\\\/\\\/globalallianceregister.com\\\/tr\\\/services\\\/egitim\\\/turkce-yonetim-sistemleri\\\/turkce-irca-kayitli-iso-9001-kalite-yonetim-sistemi-bas-denetci-egitimi-5-gun\\\/#breadcrumb\",\"itemListElement\":[{\"@type\":\"ListItem\",\"position\":1,\"name\":\"Anasayfa\",\"item\":\"https:\\\/\\\/globalallianceregister.com\\\/tr\\\/\"},{\"@type\":\"ListItem\",\"position\":2,\"name\":\"IRCA Kay\u0131tl\u0131 ISO 9001 Kalite Y\u00f6netim Sistemi Ba\u015f Denet\u00e7i E\u011fitimi \u2013 5 g\u00fcn\"}]},{\"@type\":\"WebSite\",\"@id\":\"https:\\\/\\\/globalallianceregister.com\\\/tr\\\/#website\",\"url\":\"https:\\\/\\\/globalallianceregister.com\\\/tr\\\/\",\"name\":\"Global Alliance Register\",\"description\":\"(EN) Together for Excellence\",\"potentialAction\":[{\"@type\":\"SearchAction\",\"target\":{\"@type\":\"EntryPoint\",\"urlTemplate\":\"https:\\\/\\\/globalallianceregister.com\\\/tr\\\/?s={search_term_string}\"},\"query-input\":{\"@type\":\"PropertyValueSpecification\",\"valueRequired\":true,\"valueName\":\"search_term_string\"}}],\"inLanguage\":\"tr\"}]}<\/script>\n<!-- \/ Yoast SEO plugin. -->","yoast_head_json":{"title":"IRCA Kay\u0131tl\u0131 ISO 9001 Kalite Y\u00f6netim Sistemi Ba\u015f Denet\u00e7i E\u011fitimi \u2013 5 g\u00fcn - Global Alliance Register","robots":{"index":"index","follow":"follow","max-snippet":"max-snippet:-1","max-image-preview":"max-image-preview:large","max-video-preview":"max-video-preview:-1"},"canonical":"https:\/\/globalallianceregister.com\/tr\/services\/egitim\/turkce-yonetim-sistemleri\/turkce-irca-kayitli-iso-9001-kalite-yonetim-sistemi-bas-denetci-egitimi-5-gun\/","og_locale":"tr_TR","og_type":"article","og_title":"IRCA Kay\u0131tl\u0131 ISO 9001 Kalite Y\u00f6netim Sistemi Ba\u015f Denet\u00e7i E\u011fitimi \u2013 5 g\u00fcn - Global Alliance Register","og_description":"\u00a0 Kat\u0131l\u0131mc\u0131 Profili Kalite Y\u00f6netim Sistemlerinin 3.taraf (belgelendirme) denetimlerinde g\u00f6rev alacak \u00e7al\u0131\u015fanlar ile konu hakk\u0131nda \u00fcst d\u00fczey bilgi ve beceriye sahip olmas\u0131 gerekli g\u00f6r\u00fclen \u00e7al\u0131\u015fanlar ve y\u00f6neticiler bu e\u011fitimden yarar...","og_url":"https:\/\/globalallianceregister.com\/tr\/services\/egitim\/turkce-yonetim-sistemleri\/turkce-irca-kayitli-iso-9001-kalite-yonetim-sistemi-bas-denetci-egitimi-5-gun\/","og_site_name":"Global Alliance Register","article_modified_time":"2015-12-11T16:26:29+00:00","og_image":[{"width":614,"height":200,"url":"https:\/\/globalallianceregister.com\/wp-content\/uploads\/2015\/08\/Training-Inner-Page.jpg","type":"image\/jpeg"}],"twitter_misc":{"Tahmini okuma s\u00fcresi":"1 dakika"},"schema":{"@context":"https:\/\/schema.org","@graph":[{"@type":"WebPage","@id":"https:\/\/globalallianceregister.com\/tr\/services\/egitim\/turkce-yonetim-sistemleri\/turkce-irca-kayitli-iso-9001-kalite-yonetim-sistemi-bas-denetci-egitimi-5-gun\/","url":"https:\/\/globalallianceregister.com\/tr\/services\/egitim\/turkce-yonetim-sistemleri\/turkce-irca-kayitli-iso-9001-kalite-yonetim-sistemi-bas-denetci-egitimi-5-gun\/","name":"IRCA Kay\u0131tl\u0131 ISO 9001 Kalite Y\u00f6netim Sistemi Ba\u015f Denet\u00e7i E\u011fitimi \u2013 5 g\u00fcn - Global Alliance Register","isPartOf":{"@id":"https:\/\/globalallianceregister.com\/tr\/#website"},"primaryImageOfPage":{"@id":"https:\/\/globalallianceregister.com\/tr\/services\/egitim\/turkce-yonetim-sistemleri\/turkce-irca-kayitli-iso-9001-kalite-yonetim-sistemi-bas-denetci-egitimi-5-gun\/#primaryimage"},"image":{"@id":"https:\/\/globalallianceregister.com\/tr\/services\/egitim\/turkce-yonetim-sistemleri\/turkce-irca-kayitli-iso-9001-kalite-yonetim-sistemi-bas-denetci-egitimi-5-gun\/#primaryimage"},"thumbnailUrl":"https:\/\/globalallianceregister.com\/wp-content\/uploads\/2015\/08\/Training-Inner-Page.jpg","datePublished":"2014-12-15T17:54:59+00:00","dateModified":"2015-12-11T16:26:29+00:00","breadcrumb":{"@id":"https:\/\/globalallianceregister.com\/tr\/services\/egitim\/turkce-yonetim-sistemleri\/turkce-irca-kayitli-iso-9001-kalite-yonetim-sistemi-bas-denetci-egitimi-5-gun\/#breadcrumb"},"inLanguage":"tr","potentialAction":[{"@type":"ReadAction","target":[["https:\/\/globalallianceregister.com\/tr\/services\/egitim\/turkce-yonetim-sistemleri\/turkce-irca-kayitli-iso-9001-kalite-yonetim-sistemi-bas-denetci-egitimi-5-gun\/"]]}]},{"@type":"ImageObject","inLanguage":"tr","@id":"https:\/\/globalallianceregister.com\/tr\/services\/egitim\/turkce-yonetim-sistemleri\/turkce-irca-kayitli-iso-9001-kalite-yonetim-sistemi-bas-denetci-egitimi-5-gun\/#primaryimage","url":"https:\/\/globalallianceregister.com\/wp-content\/uploads\/2015\/08\/Training-Inner-Page.jpg","contentUrl":"https:\/\/globalallianceregister.com\/wp-content\/uploads\/2015\/08\/Training-Inner-Page.jpg","width":614,"height":200},{"@type":"BreadcrumbList","@id":"https:\/\/globalallianceregister.com\/tr\/services\/egitim\/turkce-yonetim-sistemleri\/turkce-irca-kayitli-iso-9001-kalite-yonetim-sistemi-bas-denetci-egitimi-5-gun\/#breadcrumb","itemListElement":[{"@type":"ListItem","position":1,"name":"Anasayfa","item":"https:\/\/globalallianceregister.com\/tr\/"},{"@type":"ListItem","position":2,"name":"IRCA Kay\u0131tl\u0131 ISO 9001 Kalite Y\u00f6netim Sistemi Ba\u015f Denet\u00e7i E\u011fitimi \u2013 5 g\u00fcn"}]},{"@type":"WebSite","@id":"https:\/\/globalallianceregister.com\/tr\/#website","url":"https:\/\/globalallianceregister.com\/tr\/","name":"Global Alliance Register","description":"(EN) Together for Excellence","potentialAction":[{"@type":"SearchAction","target":{"@type":"EntryPoint","urlTemplate":"https:\/\/globalallianceregister.com\/tr\/?s={search_term_string}"},"query-input":{"@type":"PropertyValueSpecification","valueRequired":true,"valueName":"search_term_string"}}],"inLanguage":"tr"}]}},"_links":{"self":[{"href":"https:\/\/globalallianceregister.com\/tr\/wp-json\/wp\/v2\/pages\/2082","targetHints":{"allow":["GET"]}}],"collection":[{"href":"https:\/\/globalallianceregister.com\/tr\/wp-json\/wp\/v2\/pages"}],"about":[{"href":"https:\/\/globalallianceregister.com\/tr\/wp-json\/wp\/v2\/types\/page"}],"author":[{"embeddable":true,"href":"https:\/\/globalallianceregister.com\/tr\/wp-json\/wp\/v2\/users\/10"}],"replies":[{"embeddable":true,"href":"https:\/\/globalallianceregister.com\/tr\/wp-json\/wp\/v2\/comments?post=2082"}],"version-history":[{"count":0,"href":"https:\/\/globalallianceregister.com\/tr\/wp-json\/wp\/v2\/pages\/2082\/revisions"}],"up":[{"embeddable":true,"href":"https:\/\/globalallianceregister.com\/tr\/wp-json\/wp\/v2\/pages\/2143"}],"wp:featuredmedia":[{"embeddable":true,"href":"https:\/\/globalallianceregister.com\/tr\/wp-json\/wp\/v2\/media\/5171"}],"wp:attachment":[{"href":"https:\/\/globalallianceregister.com\/tr\/wp-json\/wp\/v2\/media?parent=2082"}],"curies":[{"name":"wp","href":"https:\/\/api.w.org\/{rel}","templated":true}]}}