{"id":210,"date":"2010-12-29T13:26:26","date_gmt":"2010-12-29T13:26:26","guid":{"rendered":"https:\/\/globalallianceregister.com\/?page_id=210"},"modified":"2016-01-15T18:44:48","modified_gmt":"2016-01-15T18:44:48","slug":"lenders-supervision","status":"publish","type":"page","link":"https:\/\/globalallianceregister.com\/tr\/services\/conformity-assessment\/lenders-supervision\/","title":{"rendered":"Kredi Kurulu\u015flar\u0131 Ad\u0131na G\u00f6zetim &#038; Proje \u0130zleme"},"content":{"rendered":"<p><strong>Global Alliance Register teknik ve proje b\u00fct\u00e7esi y\u00f6netimi \u00e7er\u00e7evesinde Proje Y\u00f6netimi Hizmetleri\u2019nin entegre bir par\u00e7as\u0131 olarak uluslararas\u0131 ofis a\u011f\u0131 ve konusunda uzman m\u00fchendisleri ve proje y\u00f6neticileri ile Kredi Kurulu\u015flar\u0131 Ad\u0131na G\u00f6zetim &amp; Proje \u0130zleme Hizmetleri sunuyor\u2026<\/strong><\/p>\n<p>Kredi Kurulu\u015flar\u0131 Ad\u0131na G\u00f6zetim &amp; Proje \u0130zleme Hizmetleri ile; finansal kurulu\u015flar kredi tesis ettikleri projelerin zaman\u0131nda ve belirlenen b\u00fct\u00e7e i\u00e7inde tamamlanmas\u0131 \u00f6n\u00fcndeki olas\u0131 tehditleri \u00e7ok ge\u00e7 olmadan belirleyebilmekte ve buna ek olarak proje ilerleme raporlar\u0131, g\u00fcncellenmi\u015f i\u015f programlar\u0131, tespit edilen riskler, g\u00f6zlemler ve varsa uygunsuzluklara ili\u015fkin haz\u0131rlam\u0131\u015f oldu\u011fumuz raporlarla d\u00fczenli olarak bilgi sahibi oluyorlar.<\/p>\n<p>Global Alliance Register ayn\u0131 zamanda proje kredisi ba\u015fvurusu yapan organizasyonlar veya proje finansman\u0131 aray\u0131\u015f\u0131nda olan kurulu\u015flar i\u00e7in ilgili kredinin tesis edilmesini h\u0131zland\u0131r\u0131c\u0131 etki sa\u011flayacak; proje geli\u015ftirme, proje finansman\u0131 hizmetleri, m\u00fc\u015fteri ad\u0131na kredi kurulu\u015fu ile y\u00fcr\u00fct\u00fclen g\u00f6r\u00fc\u015fmeler esnas\u0131nda teknik temsilcilik hizmetleri, teknik de\u011ferIendirme, yerel ve uluslararas\u0131 mevzuatlara ili\u015fkin dan\u0131\u015fmanl\u0131k ve di\u011fer ilgili konularda m\u00fc\u015favirlik hizmetleri de sunmaktad\u0131r.<\/p>\n<p><strong>Kredi Kurulu\u015fu Ad\u0131na G\u00f6zetim &amp; Proje \u0130zleme Hizmetleri i\u015f kapsam\u0131m\u0131z genellikle finans kurulu\u015flar\u0131 taraf\u0131ndan belirlense de bu \u00e7er\u00e7evede sunmakta oldu\u011fumuz hizmetler genel hatlar\u0131 ile \u015fu \u015fekilde \u00f6zetlenebilir:<\/strong><\/p>\n<ul>\n<li>Yeni Yat\u0131r\u0131m Projelerinde Ba\u011f\u0131ms\u0131z Tasar\u0131m &amp; M\u00fchendislik G\u00f6zden Ge\u00e7irme &amp; Do\u011frulama Hizmeti (in\u015faat projeleri, s\u00f6zle\u015fmeler, sigorta poli\u00e7eleri, b\u00fct\u00e7e, i\u015f plan\u0131, izin ve lisanslar vb.),<\/li>\n<li>Tam Zamanl\u0131- Spot Saha Teknik G\u00f6zetimi,<\/li>\n<li>Proje Sahibi, Ana M\u00fcteahhit ve Alt Y\u00fcklenicilerle Toplant\u0131lara Kat\u0131l\u0131m,<\/li>\n<li>Kurumsal Sosyal Sorumluluk \u00c7er\u00e7evesinde \u0130lgili kredi Kurulu\u015fu Taraf\u0131ndan Belirlenmi\u015f Performans Standartlar\u0131na Uygunlu\u011fun De\u011ferlendirilmesi,<\/li>\n<li>Proje \u0130lerleme G\u00f6zetimi &amp; Raporlama,<\/li>\n<li>Hakedi\u015f \u00d6demelerinin G\u00f6zden Ge\u00e7irilmesi &amp; Onaylanmas\u0131,<\/li>\n<li>Ge\u00e7ici Kabul &amp; Kesin Kabul A\u015famalar\u0131na Nezaret Edilmesi,<\/li>\n<li>S\u00f6zle\u015fmeden Kaynaklanan Sorumluluklar\u0131n Yerine Getirildi\u011fine Dair G\u00f6zden ge\u00e7irme &amp; Do\u011frulama,<\/li>\n<li>Tesis Sahibine Ana M\u00fcteahhit Taraf\u0131ndan Devir \u00c7al\u0131\u015fmalar\u0131na Nezaret,<\/li>\n<li>3. Taraf Proje Sertifikasyonu,<\/li>\n<\/ul>\n<p><strong>Kredi Kurulu\u015flar\u0131 Ad\u0131na G\u00f6zetim &amp; Proje \u0130zleme Hizmetleri <\/strong>ile ilgili t\u00fcm sorular\u0131n\u0131z ve talepleriniz i\u00e7in l\u00fctfen taraf\u0131m\u0131zla temas kurunuz\u2026<\/p>\n<p>&nbsp;<\/p>\n<h1>\u0130lgili Sekt\u00f6rler<\/h1>\n<table>\n<tbody>\n<tr>\n<td style=\"width: 350px; border-color: #ffffff; height: 30px; text-align: left; vertical-align: middle; background-color: #f7f7f7;\" width=\"250\">\n<ul style=\"list-style-type: square;\">\n<li><a title=\"Denizcilik Sekt\u00f6r\u00fc\" href=\"https:\/\/globalallianceregister.com\/?page_id=9&amp;lang=tr\" target=\"_blank\">DEN\u0130ZC\u0130L\u0130K<\/a><\/li>\n<\/ul>\n<\/td>\n<td style=\"width: 350px; border-color: #ffffff; height: 30px; text-align: left; vertical-align: middle; background-color: #f7f7f7;\" width=\"250\">\n<ul style=\"list-style-type: square;\">\n<li><a title=\"\u0130n\u015faat Sekt\u00f6r\u00fc\" href=\"https:\/\/globalallianceregister.com\/?page_id=11&amp;lang=tr\" target=\"_blank\">\u0130N\u015eAAT<\/a><\/li>\n<\/ul>\n<\/td>\n<td style=\"width: 350px; border-color: #ffffff; height: 30px; text-align: left; vertical-align: middle; background-color: #f7f7f7;\" width=\"251\">\n<ul style=\"list-style-type: square;\">\n<li><a title=\"Petrol &amp; Gaz Sekt\u00f6r\u00fc\" href=\"https:\/\/globalallianceregister.com\/?page_id=13&amp;lang=tr\" target=\"_blank\">PETROL &amp; GAZ<\/a><\/li>\n<\/ul>\n<\/td>\n<\/tr>\n<tr>\n<td style=\"width: 350px; border-color: #ffffff; height: 30px; text-align: left; vertical-align: middle; background-color: #f7f7f7;\" width=\"250\">\n<ul style=\"list-style-type: square;\">\n<li><a title=\"Enerji &amp; Tesisler\" href=\"https:\/\/globalallianceregister.com\/?page_id=15&amp;lang=tr\" target=\"_blank\">ENERJ\u0130 &amp; TES\u0130SLER<\/a><\/li>\n<\/ul>\n<\/td>\n<td style=\"width: 350px; border-color: #ffffff; height: 30px; text-align: left; vertical-align: middle; background-color: #f7f7f7;\" width=\"250\">\n<ul style=\"list-style-type: square;\">\n<li><a title=\"\u0130malat Sekt\u00f6r\u00fc\" href=\"https:\/\/globalallianceregister.com\/?page_id=20&amp;lang=tr\" target=\"_blank\">\u0130MALAT<\/a><\/li>\n<\/ul>\n<\/td>\n<td style=\"width: 350px; border-color: #ffffff; height: 30px; text-align: left; vertical-align: middle; background-color: #f7f7f7;\" width=\"251\">\n<ul style=\"list-style-type: square;\">\n<li><a title=\"Ula\u015ft\u0131rma &amp; Lojistik Sekt\u00f6r\u00fc\" href=\"https:\/\/globalallianceregister.com\/?page_id=22&amp;lang=tr\" target=\"_blank\">ULA\u015eTIRMA &amp; LOJ\u0130ST\u0130K<\/a><\/li>\n<\/ul>\n<\/td>\n<\/tr>\n<tr>\n<td style=\"width: 350px; border-color: #ffffff; height: 30px; text-align: left; vertical-align: middle; background-color: #f7f7f7;\" width=\"250\">\n<ul style=\"list-style-type: square;\">\n<li><a title=\"Uzay &amp; Havac\u0131l\u0131k Sekt\u00f6r\u00fc\" href=\"https:\/\/globalallianceregister.com\/?page_id=24&amp;lang=tr\" target=\"_blank\">UZAY &amp; HAVACILIK<\/a><\/li>\n<\/ul>\n<\/td>\n<td style=\"width: 350px; border-color: #ffffff; height: 30px; text-align: left; vertical-align: middle; background-color: #f7f7f7;\" width=\"250\">\n<ul style=\"list-style-type: square;\">\n<li><a title=\"Tar\u0131m &amp; G\u0131da Sekt\u00f6r\u00fc\" href=\"https:\/\/globalallianceregister.com\/?page_id=27&amp;lang=tr\" target=\"_blank\">TARIM &amp; GIDA<\/a><\/li>\n<\/ul>\n<\/td>\n<td style=\"width: 350px; border-color: #ffffff; height: 30px; text-align: left; vertical-align: middle; background-color: #f7f7f7;\" width=\"251\">\n<ul style=\"list-style-type: square;\">\n<li><a title=\"Turizm &amp; Otelcilik Sekt\u00f6r\u00fc\" href=\"https:\/\/globalallianceregister.com\/?page_id=29&amp;lang=tr\" target=\"_blank\">TUR\u0130ZM &amp; OTELC\u0130L\u0130K<\/a><\/li>\n<\/ul>\n<\/td>\n<\/tr>\n<tr>\n<td style=\"width: 350px; border-color: #ffffff; height: 30px; text-align: left; vertical-align: middle; background-color: #f7f7f7;\" width=\"250\">\n<ul style=\"list-style-type: square;\">\n<li><a title=\"Finans &amp; Bankac\u0131l\u0131k Sekt\u00f6r\u00fc\" href=\"https:\/\/globalallianceregister.com\/?page_id=38&amp;lang=tr\" target=\"_blank\">F\u0130NANS<\/a><\/li>\n<\/ul>\n<\/td>\n<td style=\"width: 350px; border-color: #ffffff; height: 30px; text-align: left; vertical-align: middle; background-color: #f7f7f7;\" width=\"250\">\n<ul style=\"list-style-type: square;\">\n<li><a title=\"Sigorta Sekt\u00f6r\u00fc\" href=\"https:\/\/globalallianceregister.com\/?page_id=40&amp;lang=tr\" target=\"_blank\">S\u0130GORTA<\/a><\/li>\n<\/ul>\n<\/td>\n<td style=\"width: 350px; border-color: #ffffff; height: 30px; text-align: left; vertical-align: middle; background-color: #f7f7f7;\" width=\"251\">\n<ul style=\"list-style-type: square;\">\n<li><a title=\"Bilgi Teknolojileri Sekt\u00f6r\u00fc\" href=\"https:\/\/globalallianceregister.com\/?page_id=52&amp;lang=tr\" target=\"_blank\">B\u0130LG\u0130 TEKNOLOJ\u0130LER\u0130<\/a><\/li>\n<\/ul>\n<\/td>\n<\/tr>\n<tr>\n<td style=\"width: 350px; border-color: #ffffff; height: 30px; text-align: left; vertical-align: middle; background-color: #f7f7f7;\" width=\"250\">\n<ul style=\"list-style-type: square;\">\n<li><a title=\"Telekom\u00fcnikasyon Sekt\u00f6r\u00fc\" href=\"https:\/\/globalallianceregister.com\/?page_id=54&amp;lang=tr\" target=\"_blank\">TELEKOM\u00dcN\u0130KASYON<\/a><\/li>\n<\/ul>\n<\/td>\n<td style=\"width: 350px; border-color: #ffffff; height: 30px; text-align: left; vertical-align: middle; background-color: #f7f7f7;\" width=\"250\">\n<ul style=\"list-style-type: square;\">\n<li><a title=\"Sa\u011fl\u0131k &amp; T\u0131p Sekt\u00f6r\u00fc\" href=\"https:\/\/globalallianceregister.com\/?page_id=56&amp;lang=tr\" target=\"_blank\">SA\u011eLIK &amp; TIP<\/a><\/li>\n<\/ul>\n<\/td>\n<td style=\"width: 350px; border-color: #ffffff; height: 30px; text-align: left; vertical-align: middle; background-color: #f7f7f7;\" width=\"251\">\u00a0<\/td>\n<\/tr>\n<\/tbody>\n<\/table>\n<p>&nbsp;<\/p>","protected":false},"excerpt":{"rendered":"<p>Global Alliance Register teknik ve proje b\u00fct\u00e7esi y\u00f6netimi \u00e7er\u00e7evesinde Proje Y\u00f6netimi Hizmetleri\u2019nin entegre bir par\u00e7as\u0131 olarak uluslararas\u0131 ofis a\u011f\u0131 ve konusunda uzman m\u00fchendisleri ve proje y\u00f6neticileri ile Kredi Kurulu\u015flar\u0131 Ad\u0131na&#8230; <\/p>\n","protected":false},"author":10,"featured_media":5119,"parent":167,"menu_order":3,"comment_status":"closed","ping_status":"closed","template":"page-full.php","meta":{"_acf_changed":false,"om_disable_all_campaigns":false,"footnotes":""},"class_list":["post-210","page","type-page","status-publish","has-post-thumbnail","hentry"],"acf":[],"yoast_head":"<!-- This site is optimized with the Yoast SEO plugin v27.4 - https:\/\/yoast.com\/product\/yoast-seo-wordpress\/ -->\n<title>Kredi Kurulu\u015flar\u0131 Ad\u0131na G\u00f6zetim &amp; Proje \u0130zleme - Global Alliance Register<\/title>\n<meta name=\"robots\" content=\"index, follow, max-snippet:-1, max-image-preview:large, max-video-preview:-1\" \/>\n<link rel=\"canonical\" href=\"https:\/\/globalallianceregister.com\/tr\/services\/conformity-assessment\/lenders-supervision\/\" \/>\n<meta property=\"og:locale\" content=\"tr_TR\" \/>\n<meta property=\"og:type\" content=\"article\" \/>\n<meta property=\"og:title\" content=\"Kredi Kurulu\u015flar\u0131 Ad\u0131na G\u00f6zetim &amp; Proje \u0130zleme - Global Alliance Register\" \/>\n<meta property=\"og:description\" content=\"Global Alliance Register teknik ve proje b\u00fct\u00e7esi y\u00f6netimi \u00e7er\u00e7evesinde Proje Y\u00f6netimi Hizmetleri\u2019nin entegre bir par\u00e7as\u0131 olarak uluslararas\u0131 ofis a\u011f\u0131 ve konusunda uzman m\u00fchendisleri ve proje y\u00f6neticileri ile Kredi Kurulu\u015flar\u0131 Ad\u0131na...\" \/>\n<meta property=\"og:url\" content=\"https:\/\/globalallianceregister.com\/tr\/services\/conformity-assessment\/lenders-supervision\/\" \/>\n<meta property=\"og:site_name\" content=\"Global Alliance Register\" \/>\n<meta property=\"article:modified_time\" content=\"2016-01-15T18:44:48+00:00\" \/>\n<meta property=\"og:image\" content=\"https:\/\/globalallianceregister.com\/wp-content\/uploads\/2010\/12\/Project-Management-Inner-Page-3.jpg\" \/>\n\t<meta property=\"og:image:width\" content=\"614\" \/>\n\t<meta property=\"og:image:height\" content=\"200\" \/>\n\t<meta property=\"og:image:type\" content=\"image\/jpeg\" \/>\n<meta name=\"twitter:label1\" content=\"Tahmini okuma s\u00fcresi\" \/>\n\t<meta name=\"twitter:data1\" content=\"4 dakika\" \/>\n<script type=\"application\/ld+json\" class=\"yoast-schema-graph\">{\"@context\":\"https:\\\/\\\/schema.org\",\"@graph\":[{\"@type\":\"WebPage\",\"@id\":\"https:\\\/\\\/globalallianceregister.com\\\/tr\\\/services\\\/conformity-assessment\\\/lenders-supervision\\\/\",\"url\":\"https:\\\/\\\/globalallianceregister.com\\\/tr\\\/services\\\/conformity-assessment\\\/lenders-supervision\\\/\",\"name\":\"Kredi Kurulu\u015flar\u0131 Ad\u0131na G\u00f6zetim & Proje \u0130zleme - Global Alliance Register\",\"isPartOf\":{\"@id\":\"https:\\\/\\\/globalallianceregister.com\\\/tr\\\/#website\"},\"primaryImageOfPage\":{\"@id\":\"https:\\\/\\\/globalallianceregister.com\\\/tr\\\/services\\\/conformity-assessment\\\/lenders-supervision\\\/#primaryimage\"},\"image\":{\"@id\":\"https:\\\/\\\/globalallianceregister.com\\\/tr\\\/services\\\/conformity-assessment\\\/lenders-supervision\\\/#primaryimage\"},\"thumbnailUrl\":\"https:\\\/\\\/globalallianceregister.com\\\/wp-content\\\/uploads\\\/2010\\\/12\\\/Project-Management-Inner-Page-3.jpg\",\"datePublished\":\"2010-12-29T13:26:26+00:00\",\"dateModified\":\"2016-01-15T18:44:48+00:00\",\"breadcrumb\":{\"@id\":\"https:\\\/\\\/globalallianceregister.com\\\/tr\\\/services\\\/conformity-assessment\\\/lenders-supervision\\\/#breadcrumb\"},\"inLanguage\":\"tr\",\"potentialAction\":[{\"@type\":\"ReadAction\",\"target\":[[\"https:\\\/\\\/globalallianceregister.com\\\/tr\\\/services\\\/conformity-assessment\\\/lenders-supervision\\\/\"]]}]},{\"@type\":\"ImageObject\",\"inLanguage\":\"tr\",\"@id\":\"https:\\\/\\\/globalallianceregister.com\\\/tr\\\/services\\\/conformity-assessment\\\/lenders-supervision\\\/#primaryimage\",\"url\":\"https:\\\/\\\/globalallianceregister.com\\\/wp-content\\\/uploads\\\/2010\\\/12\\\/Project-Management-Inner-Page-3.jpg\",\"contentUrl\":\"https:\\\/\\\/globalallianceregister.com\\\/wp-content\\\/uploads\\\/2010\\\/12\\\/Project-Management-Inner-Page-3.jpg\",\"width\":614,\"height\":200},{\"@type\":\"BreadcrumbList\",\"@id\":\"https:\\\/\\\/globalallianceregister.com\\\/tr\\\/services\\\/conformity-assessment\\\/lenders-supervision\\\/#breadcrumb\",\"itemListElement\":[{\"@type\":\"ListItem\",\"position\":1,\"name\":\"Anasayfa\",\"item\":\"https:\\\/\\\/globalallianceregister.com\\\/tr\\\/\"},{\"@type\":\"ListItem\",\"position\":2,\"name\":\"Kredi Kurulu\u015flar\u0131 Ad\u0131na G\u00f6zetim &#038; Proje \u0130zleme\"}]},{\"@type\":\"WebSite\",\"@id\":\"https:\\\/\\\/globalallianceregister.com\\\/tr\\\/#website\",\"url\":\"https:\\\/\\\/globalallianceregister.com\\\/tr\\\/\",\"name\":\"Global Alliance Register\",\"description\":\"(EN) Together for Excellence\",\"potentialAction\":[{\"@type\":\"SearchAction\",\"target\":{\"@type\":\"EntryPoint\",\"urlTemplate\":\"https:\\\/\\\/globalallianceregister.com\\\/tr\\\/?s={search_term_string}\"},\"query-input\":{\"@type\":\"PropertyValueSpecification\",\"valueRequired\":true,\"valueName\":\"search_term_string\"}}],\"inLanguage\":\"tr\"}]}<\/script>\n<!-- \/ Yoast SEO plugin. -->","yoast_head_json":{"title":"Kredi Kurulu\u015flar\u0131 Ad\u0131na G\u00f6zetim & Proje \u0130zleme - Global Alliance Register","robots":{"index":"index","follow":"follow","max-snippet":"max-snippet:-1","max-image-preview":"max-image-preview:large","max-video-preview":"max-video-preview:-1"},"canonical":"https:\/\/globalallianceregister.com\/tr\/services\/conformity-assessment\/lenders-supervision\/","og_locale":"tr_TR","og_type":"article","og_title":"Kredi Kurulu\u015flar\u0131 Ad\u0131na G\u00f6zetim & Proje \u0130zleme - Global Alliance Register","og_description":"Global Alliance Register teknik ve proje b\u00fct\u00e7esi y\u00f6netimi \u00e7er\u00e7evesinde Proje Y\u00f6netimi Hizmetleri\u2019nin entegre bir par\u00e7as\u0131 olarak uluslararas\u0131 ofis a\u011f\u0131 ve konusunda uzman m\u00fchendisleri ve proje y\u00f6neticileri ile Kredi Kurulu\u015flar\u0131 Ad\u0131na...","og_url":"https:\/\/globalallianceregister.com\/tr\/services\/conformity-assessment\/lenders-supervision\/","og_site_name":"Global Alliance Register","article_modified_time":"2016-01-15T18:44:48+00:00","og_image":[{"width":614,"height":200,"url":"https:\/\/globalallianceregister.com\/wp-content\/uploads\/2010\/12\/Project-Management-Inner-Page-3.jpg","type":"image\/jpeg"}],"twitter_misc":{"Tahmini okuma s\u00fcresi":"4 dakika"},"schema":{"@context":"https:\/\/schema.org","@graph":[{"@type":"WebPage","@id":"https:\/\/globalallianceregister.com\/tr\/services\/conformity-assessment\/lenders-supervision\/","url":"https:\/\/globalallianceregister.com\/tr\/services\/conformity-assessment\/lenders-supervision\/","name":"Kredi Kurulu\u015flar\u0131 Ad\u0131na G\u00f6zetim & Proje \u0130zleme - Global Alliance Register","isPartOf":{"@id":"https:\/\/globalallianceregister.com\/tr\/#website"},"primaryImageOfPage":{"@id":"https:\/\/globalallianceregister.com\/tr\/services\/conformity-assessment\/lenders-supervision\/#primaryimage"},"image":{"@id":"https:\/\/globalallianceregister.com\/tr\/services\/conformity-assessment\/lenders-supervision\/#primaryimage"},"thumbnailUrl":"https:\/\/globalallianceregister.com\/wp-content\/uploads\/2010\/12\/Project-Management-Inner-Page-3.jpg","datePublished":"2010-12-29T13:26:26+00:00","dateModified":"2016-01-15T18:44:48+00:00","breadcrumb":{"@id":"https:\/\/globalallianceregister.com\/tr\/services\/conformity-assessment\/lenders-supervision\/#breadcrumb"},"inLanguage":"tr","potentialAction":[{"@type":"ReadAction","target":[["https:\/\/globalallianceregister.com\/tr\/services\/conformity-assessment\/lenders-supervision\/"]]}]},{"@type":"ImageObject","inLanguage":"tr","@id":"https:\/\/globalallianceregister.com\/tr\/services\/conformity-assessment\/lenders-supervision\/#primaryimage","url":"https:\/\/globalallianceregister.com\/wp-content\/uploads\/2010\/12\/Project-Management-Inner-Page-3.jpg","contentUrl":"https:\/\/globalallianceregister.com\/wp-content\/uploads\/2010\/12\/Project-Management-Inner-Page-3.jpg","width":614,"height":200},{"@type":"BreadcrumbList","@id":"https:\/\/globalallianceregister.com\/tr\/services\/conformity-assessment\/lenders-supervision\/#breadcrumb","itemListElement":[{"@type":"ListItem","position":1,"name":"Anasayfa","item":"https:\/\/globalallianceregister.com\/tr\/"},{"@type":"ListItem","position":2,"name":"Kredi Kurulu\u015flar\u0131 Ad\u0131na G\u00f6zetim &#038; Proje \u0130zleme"}]},{"@type":"WebSite","@id":"https:\/\/globalallianceregister.com\/tr\/#website","url":"https:\/\/globalallianceregister.com\/tr\/","name":"Global Alliance Register","description":"(EN) Together for Excellence","potentialAction":[{"@type":"SearchAction","target":{"@type":"EntryPoint","urlTemplate":"https:\/\/globalallianceregister.com\/tr\/?s={search_term_string}"},"query-input":{"@type":"PropertyValueSpecification","valueRequired":true,"valueName":"search_term_string"}}],"inLanguage":"tr"}]}},"_links":{"self":[{"href":"https:\/\/globalallianceregister.com\/tr\/wp-json\/wp\/v2\/pages\/210","targetHints":{"allow":["GET"]}}],"collection":[{"href":"https:\/\/globalallianceregister.com\/tr\/wp-json\/wp\/v2\/pages"}],"about":[{"href":"https:\/\/globalallianceregister.com\/tr\/wp-json\/wp\/v2\/types\/page"}],"author":[{"embeddable":true,"href":"https:\/\/globalallianceregister.com\/tr\/wp-json\/wp\/v2\/users\/10"}],"replies":[{"embeddable":true,"href":"https:\/\/globalallianceregister.com\/tr\/wp-json\/wp\/v2\/comments?post=210"}],"version-history":[{"count":0,"href":"https:\/\/globalallianceregister.com\/tr\/wp-json\/wp\/v2\/pages\/210\/revisions"}],"up":[{"embeddable":true,"href":"https:\/\/globalallianceregister.com\/tr\/wp-json\/wp\/v2\/pages\/167"}],"wp:featuredmedia":[{"embeddable":true,"href":"https:\/\/globalallianceregister.com\/tr\/wp-json\/wp\/v2\/media\/5119"}],"wp:attachment":[{"href":"https:\/\/globalallianceregister.com\/tr\/wp-json\/wp\/v2\/media?parent=210"}],"curies":[{"name":"wp","href":"https:\/\/api.w.org\/{rel}","templated":true}]}}