{"id":2112,"date":"2014-12-15T18:21:56","date_gmt":"2014-12-15T18:21:56","guid":{"rendered":"https:\/\/globalallianceregister.com\/?page_id=2112"},"modified":"2015-12-11T16:33:39","modified_gmt":"2015-12-11T16:33:39","slug":"turkce-irca-kayitli-ohsas-18001-isci-sagligi-ve-guvenligi-yonetim-sistemi-bas-denetci-5-gun","status":"publish","type":"page","link":"https:\/\/globalallianceregister.com\/tr\/services\/egitim\/turkce-yonetim-sistemleri\/turkce-irca-kayitli-ohsas-18001-isci-sagligi-ve-guvenligi-yonetim-sistemi-bas-denetci-5-gun\/","title":{"rendered":"IRCA Kay\u0131tl\u0131 OHSAS 18001 \u0130\u015f\u00e7i Sa\u011fl\u0131\u011f\u0131 ve G\u00fcvenli\u011fi Y\u00f6netim Sistemi Ba\u015f Denet\u00e7i &#8211; 5 g\u00fcn"},"content":{"rendered":"<p>\u00a0 <strong>Kat\u0131l\u0131mc\u0131 Profili<\/strong><\/p>\n<ul>\n<li>OHSAS 18001 \u0130\u015f\u00e7i Sa\u011fl\u0131\u011f\u0131 ve G\u00fcvenli\u011fi Y\u00f6netim Sistemi\u2019ni uygulamaya ba\u015flayacak olan veya uygulayan t\u00fcm sistem sorumlular\u0131, e\u011fitmenler, dan\u0131\u015fmanlar ve denet\u00e7iler<\/li>\n<\/ul>\n<p>\u00a0 <strong>Hedeflenen Sonu\u00e7<\/strong><\/p>\n<ul>\n<li>Kat\u0131l\u0131mc\u0131lara kurulu\u015flar\u0131nda OHSAS 18001 \u0130\u015f\u00e7i Sa\u011fl\u0131\u011f\u0131 ve G\u00fcvenli\u011fi Y\u00f6netim Sistemi\u2019nin kurulmas\u0131, uygulanmas\u0131 ve sistemin s\u00fcrekli geli\u015ftirilebilmesi i\u00e7in gerekli olan bilgiyi vermek, sistem i\u00e7in denet\u00e7i\/ ba\u015f denet\u00e7i yeti\u015ftirmek<\/li>\n<\/ul>\n<p>\u00a0 <strong>E\u011fitim \u0130\u00e7eri\u011fi<\/strong><\/p>\n<ul>\n<li>Denet\u00e7i belgelendirmede IRCA\u2019 n\u0131n rol\u00fc<\/li>\n<\/ul>\n<ul>\n<li>\u0130\u015f\u00e7i Sa\u011fl\u0131\u011f\u0131 ve \u0130\u015f G\u00fcvenli\u011fi Y\u00f6netim Sisteminin amac\u0131<\/li>\n<\/ul>\n<ul>\n<li>OHSAS 18001 standard\u0131 maddelerinin incelenmesi<\/li>\n<\/ul>\n<ul>\n<li>OHSAS 18001\u2019in faydalar\u0131<\/li>\n<\/ul>\n<ul>\n<li>Risk de\u011ferlendirme<\/li>\n<\/ul>\n<ul>\n<li>Dok\u00fcmantasyon<\/li>\n<\/ul>\n<ul>\n<li>Acil durum planlar\u0131<\/li>\n<\/ul>\n<ul>\n<li>Mevzuat (Yeni \u0130\u015f Kanunu ve y\u00f6netmelikler d\u00e2hil)<\/li>\n<li>Akreditasyon ve Belgelendirme<\/li>\n<\/ul>\n<ul>\n<li>\u00c7al\u0131\u015fanlar\u0131n yeterlili\u011fi<\/li>\n<\/ul>\n<ul>\n<li>Denet\u00e7i \u00f6zellikleri<\/li>\n<\/ul>\n<ul>\n<li>Tetkik\u00e7i, ba\u015f tetkik\u00e7i ve tetkik edilenin sorumluluk ve faaliyetleri<\/li>\n<\/ul>\n<ul>\n<li>Denetime s\u00fcre\u00e7 yakla\u015f\u0131m\u0131<\/li>\n<\/ul>\n<ul>\n<li>Denetim planlama<\/li>\n<\/ul>\n<ul>\n<li>A\u00e7\u0131l\u0131\u015f toplant\u0131s\u0131<\/li>\n<\/ul>\n<ul>\n<li>Kan\u0131t toplama<\/li>\n<\/ul>\n<ul>\n<li>Denetimi raporlama<\/li>\n<\/ul>\n<ul>\n<li>Kapan\u0131\u015f toplant\u0131s\u0131<\/li>\n<li>\u00d6rnek tetkik uygulamalar\u0131<\/li>\n<\/ul>\n<p>\u00a0 <strong>Sertifika<\/strong><\/p>\n<ul>\n<li>E\u011fitimi ba\u015far\u0131 ile tamamlayan t\u00fcm kat\u0131l\u0131mc\u0131lara GLOBAL ALLIANCE ACADEMY taraf\u0131ndan, &#8220;IRCA Kay\u0131tl\u0131 OHSAS 18001 \u0130\u015f\u00e7i Sa\u011fl\u0131\u011f\u0131 ve G\u00fcvenli\u011fi Y\u00f6netim Sistemi Ba\u015f Denet\u00e7i Ba\u015far\u0131 Sertifikas\u0131&#8221; verilecektir.<\/li>\n<\/ul>","protected":false},"excerpt":{"rendered":"<p>\u00a0 Kat\u0131l\u0131mc\u0131 Profili OHSAS 18001 \u0130\u015f\u00e7i Sa\u011fl\u0131\u011f\u0131 ve G\u00fcvenli\u011fi Y\u00f6netim Sistemi\u2019ni uygulamaya ba\u015flayacak olan veya uygulayan t\u00fcm sistem sorumlular\u0131, e\u011fitmenler, dan\u0131\u015fmanlar ve denet\u00e7iler \u00a0 Hedeflenen Sonu\u00e7 Kat\u0131l\u0131mc\u0131lara kurulu\u015flar\u0131nda OHSAS 18001&#8230; <\/p>\n","protected":false},"author":10,"featured_media":5171,"parent":2143,"menu_order":9,"comment_status":"closed","ping_status":"closed","template":"page-full.php","meta":{"_acf_changed":false,"om_disable_all_campaigns":false,"footnotes":""},"class_list":["post-2112","page","type-page","status-publish","has-post-thumbnail","hentry"],"acf":[],"yoast_head":"<!-- This site is optimized with the Yoast SEO plugin v27.4 - https:\/\/yoast.com\/product\/yoast-seo-wordpress\/ -->\n<title>IRCA Kay\u0131tl\u0131 OHSAS 18001 \u0130\u015f\u00e7i Sa\u011fl\u0131\u011f\u0131 ve G\u00fcvenli\u011fi Y\u00f6netim Sistemi Ba\u015f Denet\u00e7i - 5 g\u00fcn - Global Alliance Register<\/title>\n<meta name=\"robots\" content=\"index, follow, max-snippet:-1, max-image-preview:large, max-video-preview:-1\" \/>\n<link rel=\"canonical\" href=\"https:\/\/globalallianceregister.com\/tr\/services\/egitim\/turkce-yonetim-sistemleri\/turkce-irca-kayitli-ohsas-18001-isci-sagligi-ve-guvenligi-yonetim-sistemi-bas-denetci-5-gun\/\" \/>\n<meta property=\"og:locale\" content=\"tr_TR\" \/>\n<meta property=\"og:type\" content=\"article\" \/>\n<meta property=\"og:title\" content=\"IRCA Kay\u0131tl\u0131 OHSAS 18001 \u0130\u015f\u00e7i Sa\u011fl\u0131\u011f\u0131 ve G\u00fcvenli\u011fi Y\u00f6netim Sistemi Ba\u015f Denet\u00e7i - 5 g\u00fcn - Global Alliance Register\" \/>\n<meta property=\"og:description\" content=\"\u00a0 Kat\u0131l\u0131mc\u0131 Profili OHSAS 18001 \u0130\u015f\u00e7i Sa\u011fl\u0131\u011f\u0131 ve G\u00fcvenli\u011fi Y\u00f6netim Sistemi\u2019ni uygulamaya ba\u015flayacak olan veya uygulayan t\u00fcm sistem sorumlular\u0131, e\u011fitmenler, dan\u0131\u015fmanlar ve denet\u00e7iler \u00a0 Hedeflenen Sonu\u00e7 Kat\u0131l\u0131mc\u0131lara kurulu\u015flar\u0131nda OHSAS 18001...\" \/>\n<meta property=\"og:url\" content=\"https:\/\/globalallianceregister.com\/tr\/services\/egitim\/turkce-yonetim-sistemleri\/turkce-irca-kayitli-ohsas-18001-isci-sagligi-ve-guvenligi-yonetim-sistemi-bas-denetci-5-gun\/\" \/>\n<meta property=\"og:site_name\" content=\"Global Alliance Register\" \/>\n<meta property=\"article:modified_time\" content=\"2015-12-11T16:33:39+00:00\" \/>\n<meta property=\"og:image\" content=\"https:\/\/globalallianceregister.com\/wp-content\/uploads\/2015\/08\/Training-Inner-Page.jpg\" \/>\n\t<meta property=\"og:image:width\" content=\"614\" \/>\n\t<meta property=\"og:image:height\" content=\"200\" \/>\n\t<meta property=\"og:image:type\" content=\"image\/jpeg\" \/>\n<meta name=\"twitter:label1\" content=\"Tahmini okuma s\u00fcresi\" \/>\n\t<meta name=\"twitter:data1\" content=\"1 dakika\" \/>\n<script type=\"application\/ld+json\" class=\"yoast-schema-graph\">{\"@context\":\"https:\\\/\\\/schema.org\",\"@graph\":[{\"@type\":\"WebPage\",\"@id\":\"https:\\\/\\\/globalallianceregister.com\\\/tr\\\/services\\\/egitim\\\/turkce-yonetim-sistemleri\\\/turkce-irca-kayitli-ohsas-18001-isci-sagligi-ve-guvenligi-yonetim-sistemi-bas-denetci-5-gun\\\/\",\"url\":\"https:\\\/\\\/globalallianceregister.com\\\/tr\\\/services\\\/egitim\\\/turkce-yonetim-sistemleri\\\/turkce-irca-kayitli-ohsas-18001-isci-sagligi-ve-guvenligi-yonetim-sistemi-bas-denetci-5-gun\\\/\",\"name\":\"IRCA Kay\u0131tl\u0131 OHSAS 18001 \u0130\u015f\u00e7i Sa\u011fl\u0131\u011f\u0131 ve G\u00fcvenli\u011fi Y\u00f6netim Sistemi Ba\u015f Denet\u00e7i - 5 g\u00fcn - Global Alliance Register\",\"isPartOf\":{\"@id\":\"https:\\\/\\\/globalallianceregister.com\\\/tr\\\/#website\"},\"primaryImageOfPage\":{\"@id\":\"https:\\\/\\\/globalallianceregister.com\\\/tr\\\/services\\\/egitim\\\/turkce-yonetim-sistemleri\\\/turkce-irca-kayitli-ohsas-18001-isci-sagligi-ve-guvenligi-yonetim-sistemi-bas-denetci-5-gun\\\/#primaryimage\"},\"image\":{\"@id\":\"https:\\\/\\\/globalallianceregister.com\\\/tr\\\/services\\\/egitim\\\/turkce-yonetim-sistemleri\\\/turkce-irca-kayitli-ohsas-18001-isci-sagligi-ve-guvenligi-yonetim-sistemi-bas-denetci-5-gun\\\/#primaryimage\"},\"thumbnailUrl\":\"https:\\\/\\\/globalallianceregister.com\\\/wp-content\\\/uploads\\\/2015\\\/08\\\/Training-Inner-Page.jpg\",\"datePublished\":\"2014-12-15T18:21:56+00:00\",\"dateModified\":\"2015-12-11T16:33:39+00:00\",\"breadcrumb\":{\"@id\":\"https:\\\/\\\/globalallianceregister.com\\\/tr\\\/services\\\/egitim\\\/turkce-yonetim-sistemleri\\\/turkce-irca-kayitli-ohsas-18001-isci-sagligi-ve-guvenligi-yonetim-sistemi-bas-denetci-5-gun\\\/#breadcrumb\"},\"inLanguage\":\"tr\",\"potentialAction\":[{\"@type\":\"ReadAction\",\"target\":[[\"https:\\\/\\\/globalallianceregister.com\\\/tr\\\/services\\\/egitim\\\/turkce-yonetim-sistemleri\\\/turkce-irca-kayitli-ohsas-18001-isci-sagligi-ve-guvenligi-yonetim-sistemi-bas-denetci-5-gun\\\/\"]]}]},{\"@type\":\"ImageObject\",\"inLanguage\":\"tr\",\"@id\":\"https:\\\/\\\/globalallianceregister.com\\\/tr\\\/services\\\/egitim\\\/turkce-yonetim-sistemleri\\\/turkce-irca-kayitli-ohsas-18001-isci-sagligi-ve-guvenligi-yonetim-sistemi-bas-denetci-5-gun\\\/#primaryimage\",\"url\":\"https:\\\/\\\/globalallianceregister.com\\\/wp-content\\\/uploads\\\/2015\\\/08\\\/Training-Inner-Page.jpg\",\"contentUrl\":\"https:\\\/\\\/globalallianceregister.com\\\/wp-content\\\/uploads\\\/2015\\\/08\\\/Training-Inner-Page.jpg\",\"width\":614,\"height\":200},{\"@type\":\"BreadcrumbList\",\"@id\":\"https:\\\/\\\/globalallianceregister.com\\\/tr\\\/services\\\/egitim\\\/turkce-yonetim-sistemleri\\\/turkce-irca-kayitli-ohsas-18001-isci-sagligi-ve-guvenligi-yonetim-sistemi-bas-denetci-5-gun\\\/#breadcrumb\",\"itemListElement\":[{\"@type\":\"ListItem\",\"position\":1,\"name\":\"Anasayfa\",\"item\":\"https:\\\/\\\/globalallianceregister.com\\\/tr\\\/\"},{\"@type\":\"ListItem\",\"position\":2,\"name\":\"IRCA Kay\u0131tl\u0131 OHSAS 18001 \u0130\u015f\u00e7i Sa\u011fl\u0131\u011f\u0131 ve G\u00fcvenli\u011fi Y\u00f6netim Sistemi Ba\u015f Denet\u00e7i &#8211; 5 g\u00fcn\"}]},{\"@type\":\"WebSite\",\"@id\":\"https:\\\/\\\/globalallianceregister.com\\\/tr\\\/#website\",\"url\":\"https:\\\/\\\/globalallianceregister.com\\\/tr\\\/\",\"name\":\"Global Alliance Register\",\"description\":\"(EN) Together for Excellence\",\"potentialAction\":[{\"@type\":\"SearchAction\",\"target\":{\"@type\":\"EntryPoint\",\"urlTemplate\":\"https:\\\/\\\/globalallianceregister.com\\\/tr\\\/?s={search_term_string}\"},\"query-input\":{\"@type\":\"PropertyValueSpecification\",\"valueRequired\":true,\"valueName\":\"search_term_string\"}}],\"inLanguage\":\"tr\"}]}<\/script>\n<!-- \/ Yoast SEO plugin. -->","yoast_head_json":{"title":"IRCA Kay\u0131tl\u0131 OHSAS 18001 \u0130\u015f\u00e7i Sa\u011fl\u0131\u011f\u0131 ve G\u00fcvenli\u011fi Y\u00f6netim Sistemi Ba\u015f Denet\u00e7i - 5 g\u00fcn - Global Alliance Register","robots":{"index":"index","follow":"follow","max-snippet":"max-snippet:-1","max-image-preview":"max-image-preview:large","max-video-preview":"max-video-preview:-1"},"canonical":"https:\/\/globalallianceregister.com\/tr\/services\/egitim\/turkce-yonetim-sistemleri\/turkce-irca-kayitli-ohsas-18001-isci-sagligi-ve-guvenligi-yonetim-sistemi-bas-denetci-5-gun\/","og_locale":"tr_TR","og_type":"article","og_title":"IRCA Kay\u0131tl\u0131 OHSAS 18001 \u0130\u015f\u00e7i Sa\u011fl\u0131\u011f\u0131 ve G\u00fcvenli\u011fi Y\u00f6netim Sistemi Ba\u015f Denet\u00e7i - 5 g\u00fcn - Global Alliance Register","og_description":"\u00a0 Kat\u0131l\u0131mc\u0131 Profili OHSAS 18001 \u0130\u015f\u00e7i Sa\u011fl\u0131\u011f\u0131 ve G\u00fcvenli\u011fi Y\u00f6netim Sistemi\u2019ni uygulamaya ba\u015flayacak olan veya uygulayan t\u00fcm sistem sorumlular\u0131, e\u011fitmenler, dan\u0131\u015fmanlar ve denet\u00e7iler \u00a0 Hedeflenen Sonu\u00e7 Kat\u0131l\u0131mc\u0131lara kurulu\u015flar\u0131nda OHSAS 18001...","og_url":"https:\/\/globalallianceregister.com\/tr\/services\/egitim\/turkce-yonetim-sistemleri\/turkce-irca-kayitli-ohsas-18001-isci-sagligi-ve-guvenligi-yonetim-sistemi-bas-denetci-5-gun\/","og_site_name":"Global Alliance Register","article_modified_time":"2015-12-11T16:33:39+00:00","og_image":[{"width":614,"height":200,"url":"https:\/\/globalallianceregister.com\/wp-content\/uploads\/2015\/08\/Training-Inner-Page.jpg","type":"image\/jpeg"}],"twitter_misc":{"Tahmini okuma s\u00fcresi":"1 dakika"},"schema":{"@context":"https:\/\/schema.org","@graph":[{"@type":"WebPage","@id":"https:\/\/globalallianceregister.com\/tr\/services\/egitim\/turkce-yonetim-sistemleri\/turkce-irca-kayitli-ohsas-18001-isci-sagligi-ve-guvenligi-yonetim-sistemi-bas-denetci-5-gun\/","url":"https:\/\/globalallianceregister.com\/tr\/services\/egitim\/turkce-yonetim-sistemleri\/turkce-irca-kayitli-ohsas-18001-isci-sagligi-ve-guvenligi-yonetim-sistemi-bas-denetci-5-gun\/","name":"IRCA Kay\u0131tl\u0131 OHSAS 18001 \u0130\u015f\u00e7i Sa\u011fl\u0131\u011f\u0131 ve G\u00fcvenli\u011fi Y\u00f6netim Sistemi Ba\u015f Denet\u00e7i - 5 g\u00fcn - Global Alliance Register","isPartOf":{"@id":"https:\/\/globalallianceregister.com\/tr\/#website"},"primaryImageOfPage":{"@id":"https:\/\/globalallianceregister.com\/tr\/services\/egitim\/turkce-yonetim-sistemleri\/turkce-irca-kayitli-ohsas-18001-isci-sagligi-ve-guvenligi-yonetim-sistemi-bas-denetci-5-gun\/#primaryimage"},"image":{"@id":"https:\/\/globalallianceregister.com\/tr\/services\/egitim\/turkce-yonetim-sistemleri\/turkce-irca-kayitli-ohsas-18001-isci-sagligi-ve-guvenligi-yonetim-sistemi-bas-denetci-5-gun\/#primaryimage"},"thumbnailUrl":"https:\/\/globalallianceregister.com\/wp-content\/uploads\/2015\/08\/Training-Inner-Page.jpg","datePublished":"2014-12-15T18:21:56+00:00","dateModified":"2015-12-11T16:33:39+00:00","breadcrumb":{"@id":"https:\/\/globalallianceregister.com\/tr\/services\/egitim\/turkce-yonetim-sistemleri\/turkce-irca-kayitli-ohsas-18001-isci-sagligi-ve-guvenligi-yonetim-sistemi-bas-denetci-5-gun\/#breadcrumb"},"inLanguage":"tr","potentialAction":[{"@type":"ReadAction","target":[["https:\/\/globalallianceregister.com\/tr\/services\/egitim\/turkce-yonetim-sistemleri\/turkce-irca-kayitli-ohsas-18001-isci-sagligi-ve-guvenligi-yonetim-sistemi-bas-denetci-5-gun\/"]]}]},{"@type":"ImageObject","inLanguage":"tr","@id":"https:\/\/globalallianceregister.com\/tr\/services\/egitim\/turkce-yonetim-sistemleri\/turkce-irca-kayitli-ohsas-18001-isci-sagligi-ve-guvenligi-yonetim-sistemi-bas-denetci-5-gun\/#primaryimage","url":"https:\/\/globalallianceregister.com\/wp-content\/uploads\/2015\/08\/Training-Inner-Page.jpg","contentUrl":"https:\/\/globalallianceregister.com\/wp-content\/uploads\/2015\/08\/Training-Inner-Page.jpg","width":614,"height":200},{"@type":"BreadcrumbList","@id":"https:\/\/globalallianceregister.com\/tr\/services\/egitim\/turkce-yonetim-sistemleri\/turkce-irca-kayitli-ohsas-18001-isci-sagligi-ve-guvenligi-yonetim-sistemi-bas-denetci-5-gun\/#breadcrumb","itemListElement":[{"@type":"ListItem","position":1,"name":"Anasayfa","item":"https:\/\/globalallianceregister.com\/tr\/"},{"@type":"ListItem","position":2,"name":"IRCA Kay\u0131tl\u0131 OHSAS 18001 \u0130\u015f\u00e7i Sa\u011fl\u0131\u011f\u0131 ve G\u00fcvenli\u011fi Y\u00f6netim Sistemi Ba\u015f Denet\u00e7i &#8211; 5 g\u00fcn"}]},{"@type":"WebSite","@id":"https:\/\/globalallianceregister.com\/tr\/#website","url":"https:\/\/globalallianceregister.com\/tr\/","name":"Global Alliance Register","description":"(EN) Together for Excellence","potentialAction":[{"@type":"SearchAction","target":{"@type":"EntryPoint","urlTemplate":"https:\/\/globalallianceregister.com\/tr\/?s={search_term_string}"},"query-input":{"@type":"PropertyValueSpecification","valueRequired":true,"valueName":"search_term_string"}}],"inLanguage":"tr"}]}},"_links":{"self":[{"href":"https:\/\/globalallianceregister.com\/tr\/wp-json\/wp\/v2\/pages\/2112","targetHints":{"allow":["GET"]}}],"collection":[{"href":"https:\/\/globalallianceregister.com\/tr\/wp-json\/wp\/v2\/pages"}],"about":[{"href":"https:\/\/globalallianceregister.com\/tr\/wp-json\/wp\/v2\/types\/page"}],"author":[{"embeddable":true,"href":"https:\/\/globalallianceregister.com\/tr\/wp-json\/wp\/v2\/users\/10"}],"replies":[{"embeddable":true,"href":"https:\/\/globalallianceregister.com\/tr\/wp-json\/wp\/v2\/comments?post=2112"}],"version-history":[{"count":0,"href":"https:\/\/globalallianceregister.com\/tr\/wp-json\/wp\/v2\/pages\/2112\/revisions"}],"up":[{"embeddable":true,"href":"https:\/\/globalallianceregister.com\/tr\/wp-json\/wp\/v2\/pages\/2143"}],"wp:featuredmedia":[{"embeddable":true,"href":"https:\/\/globalallianceregister.com\/tr\/wp-json\/wp\/v2\/media\/5171"}],"wp:attachment":[{"href":"https:\/\/globalallianceregister.com\/tr\/wp-json\/wp\/v2\/media?parent=2112"}],"curies":[{"name":"wp","href":"https:\/\/api.w.org\/{rel}","templated":true}]}}