{"id":2143,"date":"2014-12-15T19:37:25","date_gmt":"2014-12-15T19:37:25","guid":{"rendered":"https:\/\/globalallianceregister.com\/?page_id=2143"},"modified":"2016-02-04T12:03:01","modified_gmt":"2016-02-04T12:03:01","slug":"turkce-yonetim-sistemleri","status":"publish","type":"page","link":"https:\/\/globalallianceregister.com\/tr\/services\/egitim\/turkce-yonetim-sistemleri\/","title":{"rendered":"Y\u00f6netim Sistemleri E\u011fitim Program\u0131"},"content":{"rendered":"<p>&nbsp;<\/p>\n<table width=\"563\">\n<tbody>\n<tr>\n<td width=\"107\"><strong>E\u011fitim Kodu<\/strong><\/td>\n<td width=\"389\"><strong>E\u011fitim Konusu<\/strong><\/td>\n<td colspan=\"2\" width=\"67\"><strong>S\u00fcre<\/strong><\/td>\n<\/tr>\n<tr>\n<td>GAA-YS-001<\/td>\n<td width=\"389\"><a href=\"https:\/\/globalallianceregister.com\/?p=2074\" target=\"_blank\">ISO 9001 Kalite Y\u00f6netim Sistemi Bilin\u00e7lendirme<\/a><\/td>\n<td>1<\/td>\n<td>G\u00fcn<\/td>\n<\/tr>\n<tr>\n<td>GAA-YS-002<\/td>\n<td width=\"389\"><a href=\"https:\/\/globalallianceregister.com\/?p=2077\" target=\"_blank\">ISO 9001 Kalite Y\u00f6netim Sistemi \u0130\u00e7 Denet\u00e7i<\/a><\/td>\n<td>2<\/td>\n<td>G\u00fcn<\/td>\n<\/tr>\n<tr>\n<td>GAA-YS-003<\/td>\n<td width=\"389\"><a href=\"https:\/\/globalallianceregister.com\/?p=2082\" target=\"_blank\">ISO 9001 Kalite Y\u00f6netim Sistemi IRCA Kay\u0131tl\u0131 Ba\u015f Denet\u00e7i<\/a><\/td>\n<td>5<\/td>\n<td>G\u00fcn<\/td>\n<\/tr>\n<tr>\n<td>GAA-YS-004<\/td>\n<td width=\"389\"><a href=\"https:\/\/globalallianceregister.com\/?p=2088\" target=\"_blank\">ISO 14001 \u00c7evre Y\u00f6netim Sistemi Bilin\u00e7lendirme<\/a><\/td>\n<td>1<\/td>\n<td>G\u00fcn<\/td>\n<\/tr>\n<tr>\n<td>GAA-YS-005<\/td>\n<td width=\"389\"><a href=\"https:\/\/globalallianceregister.com\/?p=2092\" target=\"_blank\">ISO 14001 \u00c7evre Y\u00f6netim Sistemi \u0130\u00e7 Denet\u00e7i<\/a><\/td>\n<td>2<\/td>\n<td>G\u00fcn<\/td>\n<\/tr>\n<tr>\n<td>GAA-YS-006<\/td>\n<td width=\"389\">I<a href=\"https:\/\/globalallianceregister.com\/?p=2098\" target=\"_blank\">SO 14001 \u00c7evre Y\u00f6netim Sistemi Ba\u015f Denet\u00e7i<\/a><\/td>\n<td>5<\/td>\n<td>G\u00fcn<\/td>\n<\/tr>\n<tr>\n<td>GAA-YS-007<\/td>\n<td width=\"389\"><a href=\"https:\/\/globalallianceregister.com\/?p=2102\" target=\"_blank\">OHSAS 18001 \u0130\u015f Sa\u011fl\u0131\u011f\u0131 &amp; G\u00fcvenli\u011fi Y\u00f6netim Sistemi Bilin\u00e7lendirme<\/a><\/td>\n<td>1<\/td>\n<td>G\u00fcn<\/td>\n<\/tr>\n<tr>\n<td>GAA-YS-008<\/td>\n<td width=\"389\"><a href=\"https:\/\/globalallianceregister.com\/?p=2107\" target=\"_blank\">OHSAS 18001 \u0130\u015f Sa\u011fl\u0131\u011f\u0131 &amp; G\u00fcvenli\u011fi Y\u00f6netim Sistemi \u0130\u00e7 Denet\u00e7i<\/a><\/td>\n<td>2<\/td>\n<td>G\u00fcn<\/td>\n<\/tr>\n<tr>\n<td>GAA-YS-009<\/td>\n<td width=\"389\"><a href=\"https:\/\/globalallianceregister.com\/?p=2112\" target=\"_blank\">OHSAS 18001 \u0130\u015f Sa\u011fl\u0131\u011f\u0131 &amp; G\u00fcvenli\u011fi Y\u00f6netim Sistemi Ba\u015f Denet\u00e7i<\/a><\/td>\n<td>5<\/td>\n<td>G\u00fcn<\/td>\n<\/tr>\n<tr>\n<td>GAA-YS-010<\/td>\n<td width=\"389\"><a href=\"https:\/\/globalallianceregister.com\/?p=2117\" target=\"_blank\">ISO 9001-ISO 14001- OHSAS 18001 Bilin\u00e7lendirme<\/a><\/td>\n<td>3<\/td>\n<td>G\u00fcn<\/td>\n<\/tr>\n<tr>\n<td>GAA-YS-011<\/td>\n<td width=\"389\"><a href=\"https:\/\/globalallianceregister.com\/?p=2121\" target=\"_blank\">ISO 9001-ISO 14001- OHSAS 18001 \u0130\u00e7 Denet\u00e7i<\/a><\/td>\n<td>3<\/td>\n<td>G\u00fcn<\/td>\n<\/tr>\n<tr>\n<td>GAA-YS-012<\/td>\n<td width=\"389\"><a href=\"https:\/\/globalallianceregister.com\/?p=2125\" target=\"_blank\">ISO 9001-ISO 14001 Bilin\u00e7lendirme<\/a><\/td>\n<td>2<\/td>\n<td>G\u00fcn<\/td>\n<\/tr>\n<tr>\n<td>GAA-YS-013<\/td>\n<td width=\"389\"><a href=\"https:\/\/globalallianceregister.com\/?p=2130\" target=\"_blank\">ISO 9001-ISO 14001 \u0130\u00e7 Denet\u00e7i<\/a><\/td>\n<td>3<\/td>\n<td>G\u00fcn<\/td>\n<\/tr>\n<tr>\n<td>GAA-YS-014<\/td>\n<td width=\"389\"><a href=\"https:\/\/globalallianceregister.com\/?p=2312\" target=\"_blank\">ISO 14001-OHSAS 18001 Entegre Y\u00f6netim Sistemi Bilin\u00e7lendirme<\/a><\/td>\n<td>2<\/td>\n<td>G\u00fcn<\/td>\n<\/tr>\n<tr>\n<td>GAA-YS-015<\/td>\n<td width=\"389\"><a href=\"https:\/\/globalallianceregister.com\/?p=2181\" target=\"_blank\">ISO 14001-OHSAS 18001 Entegre Y\u00f6netim Sistemi \u0130\u00e7 Denet\u00e7i<\/a><\/td>\n<td>3<\/td>\n<td>G\u00fcn<\/td>\n<\/tr>\n<tr>\n<td>GAA-YS-016<\/td>\n<td width=\"389\"><a href=\"https:\/\/globalallianceregister.com\/?p=2187\" target=\"_blank\">ISO 9001-OHSAS 18001 Entegre Y\u00f6netim Sistemi Bilin\u00e7lendirme<\/a><\/td>\n<td>2<\/td>\n<td>G\u00fcn<\/td>\n<\/tr>\n<tr>\n<td>GAA-YS-017<\/td>\n<td width=\"389\">I<a href=\"https:\/\/globalallianceregister.com\/?p=2191\" target=\"_blank\">SO 9001-OHSAS 18001 Entegre Y\u00f6netim Sistemi \u0130\u00e7 Denet\u00e7i<\/a><\/td>\n<td>3<\/td>\n<td>G\u00fcn<\/td>\n<\/tr>\n<tr>\n<td>GAA-YS-018<\/td>\n<td width=\"389\"><a href=\"https:\/\/globalallianceregister.com\/?p=2195\" target=\"_blank\">TS 16949:2009 Otomotiv Sekt\u00f6r\u00fc Kalite Y\u00f6netim Sistemi Bilin\u00e7lendirme<\/a><\/td>\n<td>2<\/td>\n<td>G\u00fcn<\/td>\n<\/tr>\n<tr>\n<td>GAA-YS-019<\/td>\n<td width=\"389\"><a href=\"https:\/\/globalallianceregister.com\/?p=2200\" target=\"_blank\">TS 16949 Otomotiv Sekt\u00f6r\u00fc Kalite Y\u00f6netim Sistemi \u0130\u00e7 Denet\u00e7i<\/a><\/td>\n<td>3<\/td>\n<td>G\u00fcn<\/td>\n<\/tr>\n<tr>\n<td>GAA-YS-020<\/td>\n<td width=\"389\"><a href=\"https:\/\/globalallianceregister.com\/?p=2204\" target=\"_blank\">ISO 27001:2005 Bilgi G\u00fcvenli\u011fi Y\u00f6netimi Bilin\u00e7lendirme<\/a><\/td>\n<td>1<\/td>\n<td>G\u00fcn<\/td>\n<\/tr>\n<tr>\n<td>GAA-YS-021<\/td>\n<td width=\"389\"><a href=\"https:\/\/globalallianceregister.com\/?p=2206\" target=\"_blank\">ISO 27001:2005 Bilgi G\u00fcvenli\u011fi Y\u00f6netimi \u0130\u00e7 Denet\u00e7i<\/a><\/td>\n<td>2<\/td>\n<td>G\u00fcn<\/td>\n<\/tr>\n<tr>\n<td>GAA-YS-022<\/td>\n<td width=\"389\"><a href=\"https:\/\/globalallianceregister.com\/?p=2208\" target=\"_blank\">ISO 27001:2005 Bilgi G\u00fcvenli\u011fi Y\u00f6netimi Ba\u015f Denet\u00e7i<\/a><\/td>\n<td>5<\/td>\n<td>G\u00fcn<\/td>\n<\/tr>\n<tr>\n<td>GAA-YS-023<\/td>\n<td width=\"389\"><a href=\"https:\/\/globalallianceregister.com\/?p=2212\" target=\"_blank\">ISO 22000 G\u0131da G\u00fcvenli\u011fi Y\u00f6netimi Bilin\u00e7lendirme<\/a><\/td>\n<td>1<\/td>\n<td>G\u00fcn<\/td>\n<\/tr>\n<tr>\n<td>GAA-YS-024<\/td>\n<td width=\"389\"><a href=\"https:\/\/globalallianceregister.com\/?p=2214\" target=\"_blank\">ISO 22000 G\u0131da G\u00fcvenli\u011fi Y\u00f6netimi \u0130\u00e7 Denet\u00e7i<\/a><\/td>\n<td>2<\/td>\n<td>G\u00fcn<\/td>\n<\/tr>\n<tr>\n<td>GAA-YS-025<\/td>\n<td width=\"389\"><a href=\"https:\/\/globalallianceregister.com\/?p=2218\" target=\"_blank\">ISO 22000 G\u0131da G\u00fcvenli\u011fi Y\u00f6netimi Ba\u015f Denet\u00e7i<\/a><\/td>\n<td>5<\/td>\n<td>G\u00fcn<\/td>\n<\/tr>\n<tr>\n<td>GAA-YS-026<\/td>\n<td width=\"389\"><a href=\"https:\/\/globalallianceregister.com\/?p=2221\" target=\"_blank\">BRC IOP Temel<\/a><\/td>\n<td>2<\/td>\n<td>G\u00fcn<\/td>\n<\/tr>\n<tr>\n<td>GAA-YS-027<\/td>\n<td width=\"389\"><a href=\"https:\/\/globalallianceregister.com\/?p=2223\" target=\"_blank\">BRC Global G\u0131da Standart\u0131 Bilin\u00e7lendirme<\/a><\/td>\n<td>2<\/td>\n<td>G\u00fcn<\/td>\n<\/tr>\n<tr>\n<td>GAA-YS-028<\/td>\n<td width=\"389\">I<a href=\"https:\/\/globalallianceregister.com\/?p=2225\" target=\"_blank\">FS Uluslararas\u0131 G\u0131da Standart\u0131 Bilin\u00e7lendirme<\/a><\/td>\n<td>2<\/td>\n<td>G\u00fcn<\/td>\n<\/tr>\n<tr>\n<td>GAA-YS-029<\/td>\n<td width=\"389\"><a href=\"https:\/\/globalallianceregister.com\/?p=2229\" target=\"_blank\">ISO 9001:2008 Ba\u015f Denet\u00e7isi Olanlar i\u00e7in OHSAS 18001 Ba\u015f Denet\u00e7i<\/a><\/td>\n<td>3<\/td>\n<td>G\u00fcn<\/td>\n<\/tr>\n<tr>\n<td>GAA-YS-030<\/td>\n<td width=\"389\"><a href=\"https:\/\/globalallianceregister.com\/?p=2232\" target=\"_blank\">ISO IEC 17025 Deney Ve Kalibrasyon Laboratuvarlar\u0131n\u0131n Yeterlili\u011fi \u0130\u00e7in Genel \u015eartlar<\/a><\/td>\n<td>2<\/td>\n<td>G\u00fcn<\/td>\n<\/tr>\n<tr>\n<td>GAA-YS-031<\/td>\n<td width=\"389\"><a href=\"https:\/\/globalallianceregister.com\/?p=2234\" target=\"_blank\">ISO IEC 17025 Deney Ve Kalibrasyon Laboratuvarlar\u0131n\u0131n Yeterlili\u011fi \u0130\u00e7in Genel \u015eartlar &#8211; \u0130\u00e7 Denet\u00e7i<\/a><\/td>\n<td>2<\/td>\n<td>G\u00fcn<\/td>\n<\/tr>\n<tr>\n<td>GAA-YS-032<\/td>\n<td width=\"389\"><a href=\"https:\/\/globalallianceregister.com\/?p=2236\" target=\"_blank\">ISO 10002 M\u00fc\u015fteri Memnuniyeti ve M\u00fc\u015fteri \u015eikayetlerinin Ele Al\u0131nmas\u0131 Temel<\/a><\/td>\n<td>1<\/td>\n<td>G\u00fcn<\/td>\n<\/tr>\n<tr>\n<td>GAA-YS-032<\/td>\n<td width=\"389\"><a href=\"https:\/\/globalallianceregister.com\/?p=2240\" target=\"_blank\">ISO 10002 M\u00fc\u015fteri Memnuniyeti ve M\u00fc\u015fteri \u015eikayetlerinin Ele Al\u0131nmas\u0131 Temel ve \u0130\u00e7 Denet\u00e7i<\/a><\/td>\n<td>2<\/td>\n<td>G\u00fcn<\/td>\n<\/tr>\n<tr>\n<td>GAA-YS-033<\/td>\n<td width=\"389\"><a href=\"https:\/\/globalallianceregister.com\/?p=2247\" target=\"_blank\">ISO 50001 Enerji Y\u00f6netim Sistemi Bilin\u00e7lendirme<\/a><\/td>\n<td>2<\/td>\n<td>G\u00fcn<\/td>\n<\/tr>\n<tr>\n<td>GAA-YS-034<\/td>\n<td width=\"389\"><a href=\"https:\/\/globalallianceregister.com\/?p=2250\" target=\"_blank\">ISO 50001Enerji Y\u00f6netim Sistemi \u0130\u00e7 Tetkik\u00e7i<\/a><\/td>\n<td>3<\/td>\n<td>G\u00fcn<\/td>\n<\/tr>\n<tr>\n<td>GAA-YS-035<\/td>\n<td><a href=\"https:\/\/globalallianceregister.com\/?p=2252\" target=\"_blank\">ISO 31000 Uygulama E\u011fitimi<\/a><\/td>\n<td>2<\/td>\n<td>G\u00fcn<\/td>\n<\/tr>\n<tr>\n<td>GAA-YS-036<\/td>\n<td><a href=\"https:\/\/globalallianceregister.com\/?p=2256\" target=\"_blank\">ISO 14064-1:2006 Sera Gaz\u0131 Hesaplanmas\u0131 E\u011fitimi<\/a><\/td>\n<td>1<\/td>\n<td>G\u00fcn<\/td>\n<\/tr>\n<tr>\n<td>GAA-YS-037<\/td>\n<td><a href=\"https:\/\/globalallianceregister.com\/?p=2258\" target=\"_blank\">ISO 14064-1:2006 Sera Gaz\u0131 Envanteri Standard\u0131 Temel E\u011fitimi<\/a><\/td>\n<td>2<\/td>\n<td>G\u00fcn<\/td>\n<\/tr>\n<tr>\n<td>GAA-YS-038<\/td>\n<td width=\"389\"><a href=\"https:\/\/globalallianceregister.com\/?p=2260\" target=\"_blank\">AS9100 (Rev.C) Havac\u0131l\u0131k, Uzay ve Savunma Organizasyonlar\u0131 i\u00e7in Kalite Y\u00f6netim Sistemleri Gerekleri Temel<\/a><\/td>\n<td>2<\/td>\n<td>G\u00fcn<\/td>\n<\/tr>\n<tr>\n<td>GAA-YS-039<\/td>\n<td width=\"389\"><a href=\"https:\/\/globalallianceregister.com\/?p=2262\" target=\"_blank\">AS9100 (Rev.C) Havac\u0131l\u0131k, Uzay ve Savunma Organizasyonlar\u0131 i\u00e7in Kalite Y\u00f6netim Sistemleri Gerekleri \u0130\u00e7 Denet\u00e7i<\/a><\/td>\n<td>3<\/td>\n<td>G\u00fcn<\/td>\n<\/tr>\n<tr>\n<td>GAA-YS-040<\/td>\n<td width=\"389\"><a href=\"https:\/\/globalallianceregister.com\/?p=2264\" target=\"_blank\">IRIS- Uluslararas\u0131 Demiryollar\u0131- Rayl\u0131 Ta\u015f\u0131mac\u0131l\u0131k End\u00fcstri Standard\u0131 E\u011fitimi<\/a><\/td>\n<td>2<\/td>\n<td>G\u00fcn<\/td>\n<\/tr>\n<tr>\n<td>GAA-YS-041<\/td>\n<td width=\"389\"><a href=\"https:\/\/globalallianceregister.com\/?p=2266\" target=\"_blank\">IRIS- Uluslararas\u0131 Demiryollar\u0131- Rayl\u0131 Ta\u015f\u0131mac\u0131l\u0131k End\u00fcstri Standard\u0131 \u0130\u00e7 Denet\u00e7i E\u011fitimi<\/a><\/td>\n<td>3<\/td>\n<td>G\u00fcn<\/td>\n<\/tr>\n<tr>\n<td>GAA-YS-042<\/td>\n<td><a href=\"https:\/\/globalallianceregister.com\/?p=2268\" target=\"_blank\">Kalibrasyon ve \u00d6l\u00e7\u00fcm Belirsizlikleri<\/a><\/td>\n<td>2<\/td>\n<td>G\u00fcn<\/td>\n<\/tr>\n<tr>\n<td>GAA-YS-043<\/td>\n<td><a href=\"https:\/\/globalallianceregister.com\/?p=2270\" target=\"_blank\">Kalite Y\u00f6neticili\u011fi Sertifika Program\u0131<\/a><\/td>\n<td>7<\/td>\n<td>G\u00fcn<\/td>\n<\/tr>\n<tr>\n<td>GAA-YS-044<\/td>\n<td><a href=\"https:\/\/globalallianceregister.com\/?p=2273\" target=\"_blank\">Karbon &amp; Enerji \u00a0Y\u00f6neticisi Sertifika Program\u0131<\/a><\/td>\n<td>7<\/td>\n<td>G\u00fcn<\/td>\n<\/tr>\n<tr>\n<td>GAA-YS-045<\/td>\n<td><a href=\"https:\/\/globalallianceregister.com\/?p=2276\" target=\"_blank\">Otomotiv Sekt\u00f6r\u00fc Kalite Y\u00f6neticisi\u00a0Sertifika Program\u0131<\/a><\/td>\n<td>7<\/td>\n<td>G\u00fcn<\/td>\n<\/tr>\n<tr>\n<td>GAA-YS-046<\/td>\n<td><a href=\"https:\/\/globalallianceregister.com\/?p=2279\" target=\"_blank\">Bilgi G\u00fcvenli\u011fi Y\u00f6neticisi\u00a0Sertifika Program\u0131<\/a><\/td>\n<td>7<\/td>\n<td>G\u00fcn<\/td>\n<\/tr>\n<tr>\n<td>GAA-YS-047<\/td>\n<td><a href=\"https:\/\/globalallianceregister.com\/?p=2227\" target=\"_blank\">ISO 9001 Ba\u015f Denet\u00e7ileri \u0130\u00e7in ISO 14001 \u00c7evre Y\u00f6netim Sistemi IRCA Kay\u0131tl\u0131 Ba\u015f Denet\u00e7i E\u011fitimi<\/a><\/td>\n<td>3<\/td>\n<td>G\u00fcn<\/td>\n<\/tr>\n<\/tbody>\n<\/table>","protected":false},"excerpt":{"rendered":"<p>&nbsp; E\u011fitim Kodu E\u011fitim Konusu S\u00fcre GAA-YS-001 ISO 9001 Kalite Y\u00f6netim Sistemi Bilin\u00e7lendirme 1 G\u00fcn GAA-YS-002 ISO 9001 Kalite Y\u00f6netim Sistemi \u0130\u00e7 Denet\u00e7i 2 G\u00fcn GAA-YS-003 ISO 9001 Kalite Y\u00f6netim&#8230; <\/p>\n","protected":false},"author":10,"featured_media":5171,"parent":103,"menu_order":1,"comment_status":"closed","ping_status":"closed","template":"page-full.php","meta":{"_acf_changed":false,"om_disable_all_campaigns":false,"footnotes":""},"class_list":["post-2143","page","type-page","status-publish","has-post-thumbnail","hentry"],"acf":[],"yoast_head":"<!-- This site is optimized with the Yoast SEO plugin v27.4 - https:\/\/yoast.com\/product\/yoast-seo-wordpress\/ -->\n<title>Y\u00f6netim Sistemleri E\u011fitim Program\u0131 - Global Alliance Register<\/title>\n<meta name=\"robots\" content=\"index, follow, max-snippet:-1, max-image-preview:large, max-video-preview:-1\" \/>\n<link rel=\"canonical\" href=\"https:\/\/globalallianceregister.com\/tr\/services\/egitim\/turkce-yonetim-sistemleri\/\" \/>\n<meta property=\"og:locale\" content=\"tr_TR\" \/>\n<meta property=\"og:type\" content=\"article\" \/>\n<meta property=\"og:title\" content=\"Y\u00f6netim Sistemleri E\u011fitim Program\u0131 - Global Alliance Register\" \/>\n<meta property=\"og:description\" content=\"&nbsp; E\u011fitim Kodu E\u011fitim Konusu S\u00fcre GAA-YS-001 ISO 9001 Kalite Y\u00f6netim Sistemi Bilin\u00e7lendirme 1 G\u00fcn GAA-YS-002 ISO 9001 Kalite Y\u00f6netim Sistemi \u0130\u00e7 Denet\u00e7i 2 G\u00fcn GAA-YS-003 ISO 9001 Kalite Y\u00f6netim...\" \/>\n<meta property=\"og:url\" content=\"https:\/\/globalallianceregister.com\/tr\/services\/egitim\/turkce-yonetim-sistemleri\/\" \/>\n<meta property=\"og:site_name\" content=\"Global Alliance Register\" \/>\n<meta property=\"article:modified_time\" content=\"2016-02-04T12:03:01+00:00\" \/>\n<meta property=\"og:image\" content=\"https:\/\/globalallianceregister.com\/wp-content\/uploads\/2015\/08\/Training-Inner-Page.jpg\" \/>\n\t<meta property=\"og:image:width\" content=\"614\" \/>\n\t<meta property=\"og:image:height\" content=\"200\" \/>\n\t<meta property=\"og:image:type\" content=\"image\/jpeg\" \/>\n<meta name=\"twitter:label1\" content=\"Tahmini okuma s\u00fcresi\" \/>\n\t<meta name=\"twitter:data1\" content=\"3 dakika\" \/>\n<script type=\"application\/ld+json\" class=\"yoast-schema-graph\">{\"@context\":\"https:\\\/\\\/schema.org\",\"@graph\":[{\"@type\":\"WebPage\",\"@id\":\"https:\\\/\\\/globalallianceregister.com\\\/tr\\\/services\\\/egitim\\\/turkce-yonetim-sistemleri\\\/\",\"url\":\"https:\\\/\\\/globalallianceregister.com\\\/tr\\\/services\\\/egitim\\\/turkce-yonetim-sistemleri\\\/\",\"name\":\"Y\u00f6netim Sistemleri E\u011fitim Program\u0131 - Global Alliance Register\",\"isPartOf\":{\"@id\":\"https:\\\/\\\/globalallianceregister.com\\\/tr\\\/#website\"},\"primaryImageOfPage\":{\"@id\":\"https:\\\/\\\/globalallianceregister.com\\\/tr\\\/services\\\/egitim\\\/turkce-yonetim-sistemleri\\\/#primaryimage\"},\"image\":{\"@id\":\"https:\\\/\\\/globalallianceregister.com\\\/services\\\/egitim\\\/turkce-yonetim-sistemleri\\\/#primaryimage\"},\"thumbnailUrl\":\"https:\\\/\\\/globalallianceregister.com\\\/wp-content\\\/uploads\\\/2015\\\/08\\\/Training-Inner-Page.jpg\",\"datePublished\":\"2014-12-15T19:37:25+00:00\",\"dateModified\":\"2016-02-04T12:03:01+00:00\",\"breadcrumb\":{\"@id\":\"https:\\\/\\\/globalallianceregister.com\\\/tr\\\/services\\\/egitim\\\/turkce-yonetim-sistemleri\\\/#breadcrumb\"},\"inLanguage\":\"tr\",\"potentialAction\":[{\"@type\":\"ReadAction\",\"target\":[[\"https:\\\/\\\/globalallianceregister.com\\\/tr\\\/services\\\/egitim\\\/turkce-yonetim-sistemleri\\\/\"]]}]},{\"@type\":\"ImageObject\",\"inLanguage\":\"tr\",\"@id\":\"https:\\\/\\\/globalallianceregister.com\\\/tr\\\/services\\\/egitim\\\/turkce-yonetim-sistemleri\\\/#primaryimage\",\"url\":\"https:\\\/\\\/globalallianceregister.com\\\/wp-content\\\/uploads\\\/2015\\\/08\\\/Training-Inner-Page.jpg\",\"contentUrl\":\"https:\\\/\\\/globalallianceregister.com\\\/wp-content\\\/uploads\\\/2015\\\/08\\\/Training-Inner-Page.jpg\",\"width\":614,\"height\":200},{\"@type\":\"BreadcrumbList\",\"@id\":\"https:\\\/\\\/globalallianceregister.com\\\/tr\\\/services\\\/egitim\\\/turkce-yonetim-sistemleri\\\/#breadcrumb\",\"itemListElement\":[{\"@type\":\"ListItem\",\"position\":1,\"name\":\"Anasayfa\",\"item\":\"https:\\\/\\\/globalallianceregister.com\\\/tr\\\/\"},{\"@type\":\"ListItem\",\"position\":2,\"name\":\"Hizmetler\",\"item\":\"https:\\\/\\\/globalallianceregister.com\\\/tr\\\/services\\\/\"},{\"@type\":\"ListItem\",\"position\":3,\"name\":\"E\u011fitim\",\"item\":\"https:\\\/\\\/globalallianceregister.com\\\/tr\\\/services\\\/egitim\\\/\"},{\"@type\":\"ListItem\",\"position\":4,\"name\":\"Y\u00f6netim Sistemleri E\u011fitim Program\u0131\"}]},{\"@type\":\"WebSite\",\"@id\":\"https:\\\/\\\/globalallianceregister.com\\\/tr\\\/#website\",\"url\":\"https:\\\/\\\/globalallianceregister.com\\\/tr\\\/\",\"name\":\"Global Alliance Register\",\"description\":\"(EN) Together for Excellence\",\"potentialAction\":[{\"@type\":\"SearchAction\",\"target\":{\"@type\":\"EntryPoint\",\"urlTemplate\":\"https:\\\/\\\/globalallianceregister.com\\\/tr\\\/?s={search_term_string}\"},\"query-input\":{\"@type\":\"PropertyValueSpecification\",\"valueRequired\":true,\"valueName\":\"search_term_string\"}}],\"inLanguage\":\"tr\"}]}<\/script>\n<!-- \/ Yoast SEO plugin. -->","yoast_head_json":{"title":"Y\u00f6netim Sistemleri E\u011fitim Program\u0131 - Global Alliance Register","robots":{"index":"index","follow":"follow","max-snippet":"max-snippet:-1","max-image-preview":"max-image-preview:large","max-video-preview":"max-video-preview:-1"},"canonical":"https:\/\/globalallianceregister.com\/tr\/services\/egitim\/turkce-yonetim-sistemleri\/","og_locale":"tr_TR","og_type":"article","og_title":"Y\u00f6netim Sistemleri E\u011fitim Program\u0131 - Global Alliance Register","og_description":"&nbsp; E\u011fitim Kodu E\u011fitim Konusu S\u00fcre GAA-YS-001 ISO 9001 Kalite Y\u00f6netim Sistemi Bilin\u00e7lendirme 1 G\u00fcn GAA-YS-002 ISO 9001 Kalite Y\u00f6netim Sistemi \u0130\u00e7 Denet\u00e7i 2 G\u00fcn GAA-YS-003 ISO 9001 Kalite Y\u00f6netim...","og_url":"https:\/\/globalallianceregister.com\/tr\/services\/egitim\/turkce-yonetim-sistemleri\/","og_site_name":"Global Alliance Register","article_modified_time":"2016-02-04T12:03:01+00:00","og_image":[{"width":614,"height":200,"url":"https:\/\/globalallianceregister.com\/wp-content\/uploads\/2015\/08\/Training-Inner-Page.jpg","type":"image\/jpeg"}],"twitter_misc":{"Tahmini okuma s\u00fcresi":"3 dakika"},"schema":{"@context":"https:\/\/schema.org","@graph":[{"@type":"WebPage","@id":"https:\/\/globalallianceregister.com\/tr\/services\/egitim\/turkce-yonetim-sistemleri\/","url":"https:\/\/globalallianceregister.com\/tr\/services\/egitim\/turkce-yonetim-sistemleri\/","name":"Y\u00f6netim Sistemleri E\u011fitim Program\u0131 - Global Alliance Register","isPartOf":{"@id":"https:\/\/globalallianceregister.com\/tr\/#website"},"primaryImageOfPage":{"@id":"https:\/\/globalallianceregister.com\/tr\/services\/egitim\/turkce-yonetim-sistemleri\/#primaryimage"},"image":{"@id":"https:\/\/globalallianceregister.com\/services\/egitim\/turkce-yonetim-sistemleri\/#primaryimage"},"thumbnailUrl":"https:\/\/globalallianceregister.com\/wp-content\/uploads\/2015\/08\/Training-Inner-Page.jpg","datePublished":"2014-12-15T19:37:25+00:00","dateModified":"2016-02-04T12:03:01+00:00","breadcrumb":{"@id":"https:\/\/globalallianceregister.com\/tr\/services\/egitim\/turkce-yonetim-sistemleri\/#breadcrumb"},"inLanguage":"tr","potentialAction":[{"@type":"ReadAction","target":[["https:\/\/globalallianceregister.com\/tr\/services\/egitim\/turkce-yonetim-sistemleri\/"]]}]},{"@type":"ImageObject","inLanguage":"tr","@id":"https:\/\/globalallianceregister.com\/tr\/services\/egitim\/turkce-yonetim-sistemleri\/#primaryimage","url":"https:\/\/globalallianceregister.com\/wp-content\/uploads\/2015\/08\/Training-Inner-Page.jpg","contentUrl":"https:\/\/globalallianceregister.com\/wp-content\/uploads\/2015\/08\/Training-Inner-Page.jpg","width":614,"height":200},{"@type":"BreadcrumbList","@id":"https:\/\/globalallianceregister.com\/tr\/services\/egitim\/turkce-yonetim-sistemleri\/#breadcrumb","itemListElement":[{"@type":"ListItem","position":1,"name":"Anasayfa","item":"https:\/\/globalallianceregister.com\/tr\/"},{"@type":"ListItem","position":2,"name":"Hizmetler","item":"https:\/\/globalallianceregister.com\/tr\/services\/"},{"@type":"ListItem","position":3,"name":"E\u011fitim","item":"https:\/\/globalallianceregister.com\/tr\/services\/egitim\/"},{"@type":"ListItem","position":4,"name":"Y\u00f6netim Sistemleri E\u011fitim Program\u0131"}]},{"@type":"WebSite","@id":"https:\/\/globalallianceregister.com\/tr\/#website","url":"https:\/\/globalallianceregister.com\/tr\/","name":"Global Alliance Register","description":"(EN) Together for Excellence","potentialAction":[{"@type":"SearchAction","target":{"@type":"EntryPoint","urlTemplate":"https:\/\/globalallianceregister.com\/tr\/?s={search_term_string}"},"query-input":{"@type":"PropertyValueSpecification","valueRequired":true,"valueName":"search_term_string"}}],"inLanguage":"tr"}]}},"_links":{"self":[{"href":"https:\/\/globalallianceregister.com\/tr\/wp-json\/wp\/v2\/pages\/2143","targetHints":{"allow":["GET"]}}],"collection":[{"href":"https:\/\/globalallianceregister.com\/tr\/wp-json\/wp\/v2\/pages"}],"about":[{"href":"https:\/\/globalallianceregister.com\/tr\/wp-json\/wp\/v2\/types\/page"}],"author":[{"embeddable":true,"href":"https:\/\/globalallianceregister.com\/tr\/wp-json\/wp\/v2\/users\/10"}],"replies":[{"embeddable":true,"href":"https:\/\/globalallianceregister.com\/tr\/wp-json\/wp\/v2\/comments?post=2143"}],"version-history":[{"count":0,"href":"https:\/\/globalallianceregister.com\/tr\/wp-json\/wp\/v2\/pages\/2143\/revisions"}],"up":[{"embeddable":true,"href":"https:\/\/globalallianceregister.com\/tr\/wp-json\/wp\/v2\/pages\/103"}],"wp:featuredmedia":[{"embeddable":true,"href":"https:\/\/globalallianceregister.com\/tr\/wp-json\/wp\/v2\/media\/5171"}],"wp:attachment":[{"href":"https:\/\/globalallianceregister.com\/tr\/wp-json\/wp\/v2\/media?parent=2143"}],"curies":[{"name":"wp","href":"https:\/\/api.w.org\/{rel}","templated":true}]}}