{"id":2155,"date":"2014-12-15T19:47:44","date_gmt":"2014-12-15T19:47:44","guid":{"rendered":"https:\/\/globalallianceregister.com\/?page_id=2155"},"modified":"2016-02-04T14:35:40","modified_gmt":"2016-02-04T14:35:40","slug":"turkce-yalin-uretim-egitim-programi","status":"publish","type":"page","link":"https:\/\/globalallianceregister.com\/tr\/services\/egitim\/turkce-yalin-uretim-egitim-programi\/","title":{"rendered":"Yal\u0131n \u00dcretim Teknikleri E\u011fitim Program\u0131"},"content":{"rendered":"<table width=\"811\">\n<tbody>\n<tr>\n<td width=\"105\">\n<p><strong>E\u011fitim Kodu<\/strong><\/p>\n<\/td>\n<td width=\"525\">\n<p><strong>E\u011fitim Konusu<\/strong><\/p>\n<\/td>\n<td colspan=\"2\" width=\"90\">\n<p><strong>S\u00fcre<\/strong><\/p>\n<\/td>\n<\/tr>\n<tr>\n<td width=\"105\">\n<p>GAA-YU-001<\/p>\n<\/td>\n<td width=\"525\">\n<p><a href=\"https:\/\/globalallianceregister.com\/?p=5369\" target=\"_blank\">Hoshin Kanri &#8211; Stratejik Planlama E\u011fitimi<\/a><\/p>\n<\/td>\n<td width=\"45\">\n<p>1<\/p>\n<\/td>\n<td width=\"45\">\n<p>G\u00fcn<\/p>\n<\/td>\n<\/tr>\n<tr>\n<td width=\"105\">\n<p>GAA-YU-002<\/p>\n<\/td>\n<td width=\"525\">\n<p><a href=\"https:\/\/globalallianceregister.com\/?p=5372\" target=\"_blank\">Heijunka uygulamalar\u0131 ve EPEI<\/a><\/p>\n<\/td>\n<td width=\"45\">\n<p>2<\/p>\n<\/td>\n<td width=\"45\">\n<p>G\u00fcn<\/p>\n<\/td>\n<\/tr>\n<tr>\n<td width=\"105\">\n<p>GAA-YU-003<\/p>\n<\/td>\n<td width=\"525\">\n<p><a href=\"https:\/\/globalallianceregister.com\/?p=5405\" target=\"_blank\">Global Alliance LeanAcademy\u00ae E\u011fitim Paketi<\/a><\/p>\n<\/td>\n<td width=\"45\">\n<p>*<\/p>\n<\/td>\n<td width=\"45\">\n<p>*<\/p>\n<\/td>\n<\/tr>\n<tr>\n<td width=\"105\">\n<p>GAA-YU-004<\/p>\n<\/td>\n<td width=\"525\">\n<p><a href=\"https:\/\/globalallianceregister.com\/?p=5408\" target=\"_blank\">SAP\u00ae meets Lean<\/a><\/p>\n<\/td>\n<td width=\"45\">\n<p>2<\/p>\n<\/td>\n<td width=\"45\">\n<p>G\u00fcn<\/p>\n<\/td>\n<\/tr>\n<tr>\n<td width=\"105\">\n<p>GAA-YU-005<\/p>\n<\/td>\n<td width=\"525\">\n<p><a href=\"https:\/\/globalallianceregister.com\/?p=5375\" target=\"_blank\">Esnek \u00dcretim- Temel<\/a><\/p>\n<\/td>\n<td width=\"45\">\n<p>2<\/p>\n<\/td>\n<td width=\"45\">\n<p>G\u00fcn<\/p>\n<\/td>\n<\/tr>\n<tr>\n<td width=\"105\">\n<p>GAA-YU-006<\/p>\n<\/td>\n<td width=\"525\">\n<p><a href=\"https:\/\/globalallianceregister.com\/?p=5378\" target=\"_blank\">Esnek \u00dcretim \u2013 \u0130leri<\/a><\/p>\n<\/td>\n<td width=\"45\">\n<p>2<\/p>\n<\/td>\n<td width=\"45\">\n<p>G\u00fcn<\/p>\n<\/td>\n<\/tr>\n<tr>\n<td width=\"105\">\n<p>GAA-YU-007<\/p>\n<\/td>\n<td width=\"525\">\n<p><a href=\"https:\/\/globalallianceregister.com\/?p=5381\" target=\"_blank\">Kanban E\u011fitimi<\/a><\/p>\n<\/td>\n<td width=\"45\">\n<p>2<\/p>\n<\/td>\n<td width=\"45\">\n<p>G\u00fcn<\/p>\n<\/td>\n<\/tr>\n<tr>\n<td width=\"105\">\n<p>GAA-YU-008<\/p>\n<\/td>\n<td width=\"525\">\n<p><a href=\"https:\/\/globalallianceregister.com\/?p=5384\" target=\"_blank\">De\u011fer Ak\u0131\u015f\u0131 Analizi E\u011fitimi<\/a><\/p>\n<\/td>\n<td width=\"45\">\n<p>2<\/p>\n<\/td>\n<td width=\"45\">\n<p>G\u00fcn<\/p>\n<\/td>\n<\/tr>\n<tr>\n<td width=\"105\">\n<p>GAA-YU-009<\/p>\n<\/td>\n<td width=\"525\">\n<p><a href=\"https:\/\/globalallianceregister.com\/?p=5387\" target=\"_blank\">Tek Par\u00e7a Ak\u0131\u015f\u0131 E\u011fitimi<\/a><\/p>\n<\/td>\n<td width=\"45\">\n<p>1<\/p>\n<\/td>\n<td width=\"45\">\n<p>G\u00fcn<\/p>\n<\/td>\n<\/tr>\n<tr>\n<td width=\"105\">\n<p>GAA-YU-010<\/p>\n<\/td>\n<td width=\"525\">\n<p><a href=\"https:\/\/globalallianceregister.com\/?p=5390\" target=\"_blank\">Kaizen E\u011fitimi<\/a><\/p>\n<\/td>\n<td width=\"45\">\n<p>6<\/p>\n<\/td>\n<td width=\"45\">\n<p>G\u00fcn<\/p>\n<\/td>\n<\/tr>\n<tr>\n<td width=\"105\">\n<p>GAA-YU-011<\/p>\n<\/td>\n<td width=\"525\">\n<p><a href=\"https:\/\/globalallianceregister.com\/?p=5393\" target=\"_blank\">5S E\u011fitimi<\/a><\/p>\n<\/td>\n<td width=\"45\">\n<p>6<\/p>\n<\/td>\n<td width=\"45\">\n<p>G\u00fcn<\/p>\n<\/td>\n<\/tr>\n<tr>\n<td width=\"105\">\n<p>GAA-YU-012<\/p>\n<\/td>\n<td width=\"525\">\n<p><a href=\"https:\/\/globalallianceregister.com\/?p=5396\" target=\"_blank\">SMED E\u011fitimi<\/a><\/p>\n<\/td>\n<td width=\"45\">\n<p>6<\/p>\n<\/td>\n<td width=\"45\">\n<p>g\u00fcn<\/p>\n<\/td>\n<\/tr>\n<tr>\n<td width=\"105\">\n<p>GAA-YU-013<\/p>\n<\/td>\n<td width=\"525\">\n<p><a href=\"https:\/\/globalallianceregister.com\/?p=5399\" target=\"_blank\">Jidoka &#8211; S\u0131f\u0131r Fireli \u00dcretim E\u011fitimi<\/a><\/p>\n<\/td>\n<td width=\"45\">\n<p>1<\/p>\n<\/td>\n<td width=\"45\">\n<p>g\u00fcn<\/p>\n<\/td>\n<\/tr>\n<tr>\n<td width=\"105\">\n<p>GAA-YU-014<\/p>\n<\/td>\n<td width=\"525\">\n<p><a href=\"https:\/\/globalallianceregister.com\/?p=5410\" target=\"_blank\">Haz\u0131r Giyim Sanayiinde 5S E\u011fitimi (Tekstil)<\/a><\/p>\n<\/td>\n<td width=\"45\">\n<p>1<\/p>\n<\/td>\n<td width=\"45\">\n<p>g\u00fcn<\/p>\n<\/td>\n<\/tr>\n<tr>\n<td width=\"105\">\n<p>GAA-YU-015<\/p>\n<\/td>\n<td width=\"525\">\n<p><a href=\"https:\/\/globalallianceregister.com\/?p=5413\" target=\"_blank\">Haz\u0131r Giyim Sanayiinde Koleksiyon Haz\u0131rlama<\/a><\/p>\n<\/td>\n<td width=\"45\">\n<p>3<\/p>\n<\/td>\n<td width=\"45\">\n<p>Saat<\/p>\n<\/td>\n<\/tr>\n<tr>\n<td width=\"105\">\n<p>GAA-YU-016<\/p>\n<\/td>\n<td width=\"525\">\n<p><a href=\"https:\/\/globalallianceregister.com\/?p=5416\" target=\"_blank\">Haz\u0131r Giyim Sanayiinde Yal\u0131n \u00dcretim (Tekstil)<\/a><\/p>\n<\/td>\n<td width=\"45\">\n<p>2<\/p>\n<\/td>\n<td width=\"45\">\n<p>G\u00fcn<\/p>\n<\/td>\n<\/tr>\n<tr>\n<td width=\"105\">\n<p>GAA-YU-017<\/p>\n<\/td>\n<td width=\"525\">\n<p><a href=\"https:\/\/globalallianceregister.com\/?p=5419\" target=\"_blank\">Haz\u0131r Giyim Sanayiinde Maliyet \u00c7\u0131karma Y\u00f6ntemleri<\/a><\/p>\n<\/td>\n<td width=\"45\">\n<p>3<\/p>\n<\/td>\n<td width=\"45\">\n<p>Saat<\/p>\n<\/td>\n<\/tr>\n<tr>\n<td width=\"105\">\n<p>GAA-YU-018<\/p>\n<\/td>\n<td width=\"525\">\n<p><a href=\"https:\/\/globalallianceregister.com\/?p=5402\" target=\"_blank\">TPM &#8211; Toplam \u00dcretken Bak\u0131m E\u011fitimi<\/a><\/p>\n<\/td>\n<td width=\"45\">\n<p>6<\/p>\n<\/td>\n<td width=\"45\">\n<p>G\u00fcn<\/p>\n<\/td>\n<\/tr>\n<tr>\n<td width=\"105\">\n<p>GAA-YU-019<\/p>\n<\/td>\n<td width=\"525\">\n<p><a href=\"https:\/\/globalallianceregister.com\/?p=5422\" target=\"_blank\">Haz\u0131r Giyim Sanayiinde Problem \u00c7\u00f6zme Teknikleri<\/a><\/p>\n<\/td>\n<td width=\"45\">\n<p>1<\/p>\n<\/td>\n<td width=\"45\">\n<p>G\u00fcn<\/p>\n<\/td>\n<\/tr>\n<tr>\n<td width=\"105\">\n<p>GAA-YU-020<\/p>\n<\/td>\n<td width=\"525\">\n<p><a href=\"https:\/\/globalallianceregister.com\/?p=5425\" target=\"_blank\">Haz\u0131r Giyim Sanayiinde Marka Y\u00f6netimi<\/a><\/p>\n<\/td>\n<td width=\"45\">\n<p>1<\/p>\n<\/td>\n<td width=\"45\">\n<p>G\u00fcn<\/p>\n<\/td>\n<\/tr>\n<\/tbody>\n<\/table>","protected":false},"excerpt":{"rendered":"<p>E\u011fitim Kodu E\u011fitim Konusu S\u00fcre GAA-YU-001 Hoshin Kanri &#8211; Stratejik Planlama E\u011fitimi 1 G\u00fcn GAA-YU-002 Heijunka uygulamalar\u0131 ve EPEI 2 G\u00fcn GAA-YU-003 Global Alliance LeanAcademy\u00ae E\u011fitim Paketi * * GAA-YU-004&#8230; <\/p>\n","protected":false},"author":10,"featured_media":5171,"parent":103,"menu_order":8,"comment_status":"closed","ping_status":"closed","template":"page-full.php","meta":{"_acf_changed":false,"om_disable_all_campaigns":false,"footnotes":""},"class_list":["post-2155","page","type-page","status-publish","has-post-thumbnail","hentry"],"acf":[],"yoast_head":"<!-- This site is optimized with the Yoast SEO plugin v27.4 - https:\/\/yoast.com\/product\/yoast-seo-wordpress\/ -->\n<title>Yal\u0131n \u00dcretim Teknikleri E\u011fitim Program\u0131 - Global Alliance Register<\/title>\n<meta name=\"robots\" content=\"index, follow, max-snippet:-1, max-image-preview:large, max-video-preview:-1\" \/>\n<link rel=\"canonical\" href=\"https:\/\/globalallianceregister.com\/tr\/services\/egitim\/turkce-yalin-uretim-egitim-programi\/\" \/>\n<meta property=\"og:locale\" content=\"tr_TR\" \/>\n<meta property=\"og:type\" content=\"article\" \/>\n<meta property=\"og:title\" content=\"Yal\u0131n \u00dcretim Teknikleri E\u011fitim Program\u0131 - Global Alliance Register\" \/>\n<meta property=\"og:description\" content=\"E\u011fitim Kodu E\u011fitim Konusu S\u00fcre GAA-YU-001 Hoshin Kanri &#8211; Stratejik Planlama E\u011fitimi 1 G\u00fcn GAA-YU-002 Heijunka uygulamalar\u0131 ve EPEI 2 G\u00fcn GAA-YU-003 Global Alliance LeanAcademy\u00ae E\u011fitim Paketi * * GAA-YU-004...\" \/>\n<meta property=\"og:url\" content=\"https:\/\/globalallianceregister.com\/tr\/services\/egitim\/turkce-yalin-uretim-egitim-programi\/\" \/>\n<meta property=\"og:site_name\" content=\"Global Alliance Register\" \/>\n<meta property=\"article:modified_time\" content=\"2016-02-04T14:35:40+00:00\" \/>\n<meta property=\"og:image\" content=\"https:\/\/globalallianceregister.com\/wp-content\/uploads\/2015\/08\/Training-Inner-Page.jpg\" \/>\n\t<meta property=\"og:image:width\" content=\"614\" \/>\n\t<meta property=\"og:image:height\" content=\"200\" \/>\n\t<meta property=\"og:image:type\" content=\"image\/jpeg\" \/>\n<meta name=\"twitter:label1\" content=\"Tahmini okuma s\u00fcresi\" \/>\n\t<meta name=\"twitter:data1\" content=\"1 dakika\" \/>\n<script type=\"application\/ld+json\" class=\"yoast-schema-graph\">{\"@context\":\"https:\\\/\\\/schema.org\",\"@graph\":[{\"@type\":\"WebPage\",\"@id\":\"https:\\\/\\\/globalallianceregister.com\\\/tr\\\/services\\\/egitim\\\/turkce-yalin-uretim-egitim-programi\\\/\",\"url\":\"https:\\\/\\\/globalallianceregister.com\\\/tr\\\/services\\\/egitim\\\/turkce-yalin-uretim-egitim-programi\\\/\",\"name\":\"Yal\u0131n \u00dcretim Teknikleri E\u011fitim Program\u0131 - Global Alliance Register\",\"isPartOf\":{\"@id\":\"https:\\\/\\\/globalallianceregister.com\\\/tr\\\/#website\"},\"primaryImageOfPage\":{\"@id\":\"https:\\\/\\\/globalallianceregister.com\\\/tr\\\/services\\\/egitim\\\/turkce-yalin-uretim-egitim-programi\\\/#primaryimage\"},\"image\":{\"@id\":\"https:\\\/\\\/globalallianceregister.com\\\/services\\\/egitim\\\/turkce-yalin-uretim-egitim-programi\\\/#primaryimage\"},\"thumbnailUrl\":\"https:\\\/\\\/globalallianceregister.com\\\/wp-content\\\/uploads\\\/2015\\\/08\\\/Training-Inner-Page.jpg\",\"datePublished\":\"2014-12-15T19:47:44+00:00\",\"dateModified\":\"2016-02-04T14:35:40+00:00\",\"breadcrumb\":{\"@id\":\"https:\\\/\\\/globalallianceregister.com\\\/tr\\\/services\\\/egitim\\\/turkce-yalin-uretim-egitim-programi\\\/#breadcrumb\"},\"inLanguage\":\"tr\",\"potentialAction\":[{\"@type\":\"ReadAction\",\"target\":[[\"https:\\\/\\\/globalallianceregister.com\\\/tr\\\/services\\\/egitim\\\/turkce-yalin-uretim-egitim-programi\\\/\"]]}]},{\"@type\":\"ImageObject\",\"inLanguage\":\"tr\",\"@id\":\"https:\\\/\\\/globalallianceregister.com\\\/tr\\\/services\\\/egitim\\\/turkce-yalin-uretim-egitim-programi\\\/#primaryimage\",\"url\":\"https:\\\/\\\/globalallianceregister.com\\\/wp-content\\\/uploads\\\/2015\\\/08\\\/Training-Inner-Page.jpg\",\"contentUrl\":\"https:\\\/\\\/globalallianceregister.com\\\/wp-content\\\/uploads\\\/2015\\\/08\\\/Training-Inner-Page.jpg\",\"width\":614,\"height\":200},{\"@type\":\"BreadcrumbList\",\"@id\":\"https:\\\/\\\/globalallianceregister.com\\\/tr\\\/services\\\/egitim\\\/turkce-yalin-uretim-egitim-programi\\\/#breadcrumb\",\"itemListElement\":[{\"@type\":\"ListItem\",\"position\":1,\"name\":\"Anasayfa\",\"item\":\"https:\\\/\\\/globalallianceregister.com\\\/tr\\\/\"},{\"@type\":\"ListItem\",\"position\":2,\"name\":\"Hizmetler\",\"item\":\"https:\\\/\\\/globalallianceregister.com\\\/tr\\\/services\\\/\"},{\"@type\":\"ListItem\",\"position\":3,\"name\":\"E\u011fitim\",\"item\":\"https:\\\/\\\/globalallianceregister.com\\\/tr\\\/services\\\/egitim\\\/\"},{\"@type\":\"ListItem\",\"position\":4,\"name\":\"Lean Manufacturing Technics Training Program\"}]},{\"@type\":\"WebSite\",\"@id\":\"https:\\\/\\\/globalallianceregister.com\\\/tr\\\/#website\",\"url\":\"https:\\\/\\\/globalallianceregister.com\\\/tr\\\/\",\"name\":\"Global Alliance Register\",\"description\":\"(EN) Together for Excellence\",\"potentialAction\":[{\"@type\":\"SearchAction\",\"target\":{\"@type\":\"EntryPoint\",\"urlTemplate\":\"https:\\\/\\\/globalallianceregister.com\\\/tr\\\/?s={search_term_string}\"},\"query-input\":{\"@type\":\"PropertyValueSpecification\",\"valueRequired\":true,\"valueName\":\"search_term_string\"}}],\"inLanguage\":\"tr\"}]}<\/script>\n<!-- \/ Yoast SEO plugin. -->","yoast_head_json":{"title":"Yal\u0131n \u00dcretim Teknikleri E\u011fitim Program\u0131 - Global Alliance Register","robots":{"index":"index","follow":"follow","max-snippet":"max-snippet:-1","max-image-preview":"max-image-preview:large","max-video-preview":"max-video-preview:-1"},"canonical":"https:\/\/globalallianceregister.com\/tr\/services\/egitim\/turkce-yalin-uretim-egitim-programi\/","og_locale":"tr_TR","og_type":"article","og_title":"Yal\u0131n \u00dcretim Teknikleri E\u011fitim Program\u0131 - Global Alliance Register","og_description":"E\u011fitim Kodu E\u011fitim Konusu S\u00fcre GAA-YU-001 Hoshin Kanri &#8211; Stratejik Planlama E\u011fitimi 1 G\u00fcn GAA-YU-002 Heijunka uygulamalar\u0131 ve EPEI 2 G\u00fcn GAA-YU-003 Global Alliance LeanAcademy\u00ae E\u011fitim Paketi * * GAA-YU-004...","og_url":"https:\/\/globalallianceregister.com\/tr\/services\/egitim\/turkce-yalin-uretim-egitim-programi\/","og_site_name":"Global Alliance Register","article_modified_time":"2016-02-04T14:35:40+00:00","og_image":[{"width":614,"height":200,"url":"https:\/\/globalallianceregister.com\/wp-content\/uploads\/2015\/08\/Training-Inner-Page.jpg","type":"image\/jpeg"}],"twitter_misc":{"Tahmini okuma s\u00fcresi":"1 dakika"},"schema":{"@context":"https:\/\/schema.org","@graph":[{"@type":"WebPage","@id":"https:\/\/globalallianceregister.com\/tr\/services\/egitim\/turkce-yalin-uretim-egitim-programi\/","url":"https:\/\/globalallianceregister.com\/tr\/services\/egitim\/turkce-yalin-uretim-egitim-programi\/","name":"Yal\u0131n \u00dcretim Teknikleri E\u011fitim Program\u0131 - Global Alliance Register","isPartOf":{"@id":"https:\/\/globalallianceregister.com\/tr\/#website"},"primaryImageOfPage":{"@id":"https:\/\/globalallianceregister.com\/tr\/services\/egitim\/turkce-yalin-uretim-egitim-programi\/#primaryimage"},"image":{"@id":"https:\/\/globalallianceregister.com\/services\/egitim\/turkce-yalin-uretim-egitim-programi\/#primaryimage"},"thumbnailUrl":"https:\/\/globalallianceregister.com\/wp-content\/uploads\/2015\/08\/Training-Inner-Page.jpg","datePublished":"2014-12-15T19:47:44+00:00","dateModified":"2016-02-04T14:35:40+00:00","breadcrumb":{"@id":"https:\/\/globalallianceregister.com\/tr\/services\/egitim\/turkce-yalin-uretim-egitim-programi\/#breadcrumb"},"inLanguage":"tr","potentialAction":[{"@type":"ReadAction","target":[["https:\/\/globalallianceregister.com\/tr\/services\/egitim\/turkce-yalin-uretim-egitim-programi\/"]]}]},{"@type":"ImageObject","inLanguage":"tr","@id":"https:\/\/globalallianceregister.com\/tr\/services\/egitim\/turkce-yalin-uretim-egitim-programi\/#primaryimage","url":"https:\/\/globalallianceregister.com\/wp-content\/uploads\/2015\/08\/Training-Inner-Page.jpg","contentUrl":"https:\/\/globalallianceregister.com\/wp-content\/uploads\/2015\/08\/Training-Inner-Page.jpg","width":614,"height":200},{"@type":"BreadcrumbList","@id":"https:\/\/globalallianceregister.com\/tr\/services\/egitim\/turkce-yalin-uretim-egitim-programi\/#breadcrumb","itemListElement":[{"@type":"ListItem","position":1,"name":"Anasayfa","item":"https:\/\/globalallianceregister.com\/tr\/"},{"@type":"ListItem","position":2,"name":"Hizmetler","item":"https:\/\/globalallianceregister.com\/tr\/services\/"},{"@type":"ListItem","position":3,"name":"E\u011fitim","item":"https:\/\/globalallianceregister.com\/tr\/services\/egitim\/"},{"@type":"ListItem","position":4,"name":"Lean Manufacturing Technics Training Program"}]},{"@type":"WebSite","@id":"https:\/\/globalallianceregister.com\/tr\/#website","url":"https:\/\/globalallianceregister.com\/tr\/","name":"Global Alliance Register","description":"(EN) Together for Excellence","potentialAction":[{"@type":"SearchAction","target":{"@type":"EntryPoint","urlTemplate":"https:\/\/globalallianceregister.com\/tr\/?s={search_term_string}"},"query-input":{"@type":"PropertyValueSpecification","valueRequired":true,"valueName":"search_term_string"}}],"inLanguage":"tr"}]}},"_links":{"self":[{"href":"https:\/\/globalallianceregister.com\/tr\/wp-json\/wp\/v2\/pages\/2155","targetHints":{"allow":["GET"]}}],"collection":[{"href":"https:\/\/globalallianceregister.com\/tr\/wp-json\/wp\/v2\/pages"}],"about":[{"href":"https:\/\/globalallianceregister.com\/tr\/wp-json\/wp\/v2\/types\/page"}],"author":[{"embeddable":true,"href":"https:\/\/globalallianceregister.com\/tr\/wp-json\/wp\/v2\/users\/10"}],"replies":[{"embeddable":true,"href":"https:\/\/globalallianceregister.com\/tr\/wp-json\/wp\/v2\/comments?post=2155"}],"version-history":[{"count":0,"href":"https:\/\/globalallianceregister.com\/tr\/wp-json\/wp\/v2\/pages\/2155\/revisions"}],"up":[{"embeddable":true,"href":"https:\/\/globalallianceregister.com\/tr\/wp-json\/wp\/v2\/pages\/103"}],"wp:featuredmedia":[{"embeddable":true,"href":"https:\/\/globalallianceregister.com\/tr\/wp-json\/wp\/v2\/media\/5171"}],"wp:attachment":[{"href":"https:\/\/globalallianceregister.com\/tr\/wp-json\/wp\/v2\/media?parent=2155"}],"curies":[{"name":"wp","href":"https:\/\/api.w.org\/{rel}","templated":true}]}}