{"id":2160,"date":"2014-12-15T19:50:31","date_gmt":"2014-12-15T19:50:31","guid":{"rendered":"https:\/\/globalallianceregister.com\/?page_id=2160"},"modified":"2016-02-04T15:23:24","modified_gmt":"2016-02-04T15:23:24","slug":"turkce-satis-yonetimi-egitim-programi","status":"publish","type":"page","link":"https:\/\/globalallianceregister.com\/tr\/services\/egitim\/turkce-satis-yonetimi-egitim-programi\/","title":{"rendered":"Sat\u0131\u015f Y\u00f6netimi E\u011fitim Program\u0131"},"content":{"rendered":"<table width=\"563\">\n<tbody>\n<tr>\n<td width=\"107\"><strong>E\u011fitim Kodu<\/strong><\/td>\n<td width=\"389\"><strong>E\u011fitim Konusu<\/strong><\/td>\n<td colspan=\"2\" width=\"67\"><strong>S\u00fcre<\/strong><\/td>\n<\/tr>\n<tr>\n<td>GAA-SA-001<\/td>\n<td width=\"389\"><a href=\"https:\/\/globalallianceregister.com\/?p=2416\" target=\"_blank\">Beden Dili ve Ki\u015fisel \u0130maj ile Sat\u0131\u015f<\/a><\/td>\n<td>1<\/td>\n<td>G\u00fcn<\/td>\n<\/tr>\n<tr>\n<td>GAA-SA-002<\/td>\n<td width=\"389\"><a href=\"https:\/\/globalallianceregister.com\/?p=2418\" target=\"_blank\">Cinsiyet Kategorilerine Y\u00f6nelik Sat\u0131\u015f<\/a><\/td>\n<td>1<\/td>\n<td>G\u00fcn<\/td>\n<\/tr>\n<tr>\n<td>GAA-SA-003<\/td>\n<td width=\"389\"><a href=\"https:\/\/globalallianceregister.com\/?p=2420\" target=\"_blank\">Etkin \u0130kna Teknikleriyle Sat\u0131\u015f<\/a><\/td>\n<td>1<\/td>\n<td>G\u00fcn<\/td>\n<\/tr>\n<tr>\n<td>GAA-SA-004<\/td>\n<td width=\"389\"><a href=\"https:\/\/globalallianceregister.com\/?p=2422\" target=\"_blank\">Fiyat Stratejileriyle Sat\u0131\u015f<\/a><\/td>\n<td>2<\/td>\n<td>G\u00fcn<\/td>\n<\/tr>\n<tr>\n<td>GAA-SA-005<\/td>\n<td width=\"389\"><a href=\"https:\/\/globalallianceregister.com\/?p=2424\" target=\"_blank\">Hizmet Sat\u0131\u015f\u0131<\/a><\/td>\n<td>1<\/td>\n<td>G\u00fcn<\/td>\n<\/tr>\n<tr>\n<td>GAA-SA-006<\/td>\n<td width=\"389\"><a href=\"https:\/\/globalallianceregister.com\/?p=2426\" target=\"_blank\">\u0130leri D\u00fczey Zihin Teknikleriyle Sat\u0131\u015f<\/a><\/td>\n<td>1<\/td>\n<td>G\u00fcn<\/td>\n<\/tr>\n<tr>\n<td>GAA-SA-007<\/td>\n<td width=\"389\"><a href=\"https:\/\/globalallianceregister.com\/?p=2428\" target=\"_blank\">Proaktif Sat\u0131\u015f Strateji<\/a><\/td>\n<td>1<\/td>\n<td>G\u00fcn<\/td>\n<\/tr>\n<tr>\n<td>GAA-SA-008<\/td>\n<td width=\"389\"><a href=\"https:\/\/globalallianceregister.com\/?p=2430\" target=\"_blank\">Sat\u0131\u015f Rotas\u0131<\/a><\/td>\n<td>2<\/td>\n<td>G\u00fcn<\/td>\n<\/tr>\n<tr>\n<td>GAA-SA-009<\/td>\n<td width=\"389\"><a href=\"https:\/\/globalallianceregister.com\/?p=2432\" target=\"_blank\">Stratejik Sat\u0131\u015f Y\u00f6netimi<\/a><\/td>\n<td>2<\/td>\n<td>G\u00fcn<\/td>\n<\/tr>\n<tr>\n<td>GAA-SA-010<\/td>\n<td width=\"389\"><a href=\"https:\/\/globalallianceregister.com\/?p=2434\" target=\"_blank\">Telefonda Sat\u0131\u015f<\/a><\/td>\n<td>2<\/td>\n<td>G\u00fcn<\/td>\n<\/tr>\n<tr>\n<td>GAA-SA-011<\/td>\n<td width=\"389\"><a href=\"https:\/\/globalallianceregister.com\/hizmetler\/egitim-2\/satis-yonetimi-egitim-programi\/krg-02-musteri-iliskileri-yonetimi-2-gun\/\" target=\"_blank\">M\u00fc\u015fteri \u0130li\u015fkileri Y\u00f6netimi<\/a><\/td>\n<td>2<\/td>\n<td>G\u00fcn<\/td>\n<\/tr>\n<\/tbody>\n<\/table>","protected":false},"excerpt":{"rendered":"<p>E\u011fitim Kodu E\u011fitim Konusu S\u00fcre GAA-SA-001 Beden Dili ve Ki\u015fisel \u0130maj ile Sat\u0131\u015f 1 G\u00fcn GAA-SA-002 Cinsiyet Kategorilerine Y\u00f6nelik Sat\u0131\u015f 1 G\u00fcn GAA-SA-003 Etkin \u0130kna Teknikleriyle Sat\u0131\u015f 1 G\u00fcn GAA-SA-004&#8230; <\/p>\n","protected":false},"author":10,"featured_media":5171,"parent":103,"menu_order":11,"comment_status":"closed","ping_status":"closed","template":"page-full.php","meta":{"_acf_changed":false,"om_disable_all_campaigns":false,"footnotes":""},"class_list":["post-2160","page","type-page","status-publish","has-post-thumbnail","hentry"],"acf":[],"yoast_head":"<!-- This site is optimized with the Yoast SEO plugin v27.4 - https:\/\/yoast.com\/product\/yoast-seo-wordpress\/ -->\n<title>Sat\u0131\u015f Y\u00f6netimi E\u011fitim Program\u0131 - Global Alliance Register<\/title>\n<meta name=\"robots\" content=\"index, follow, max-snippet:-1, max-image-preview:large, max-video-preview:-1\" \/>\n<link rel=\"canonical\" href=\"https:\/\/globalallianceregister.com\/tr\/services\/egitim\/turkce-satis-yonetimi-egitim-programi\/\" \/>\n<meta property=\"og:locale\" content=\"tr_TR\" \/>\n<meta property=\"og:type\" content=\"article\" \/>\n<meta property=\"og:title\" content=\"Sat\u0131\u015f Y\u00f6netimi E\u011fitim Program\u0131 - Global Alliance Register\" \/>\n<meta property=\"og:description\" content=\"E\u011fitim Kodu E\u011fitim Konusu S\u00fcre GAA-SA-001 Beden Dili ve Ki\u015fisel \u0130maj ile Sat\u0131\u015f 1 G\u00fcn GAA-SA-002 Cinsiyet Kategorilerine Y\u00f6nelik Sat\u0131\u015f 1 G\u00fcn GAA-SA-003 Etkin \u0130kna Teknikleriyle Sat\u0131\u015f 1 G\u00fcn GAA-SA-004...\" \/>\n<meta property=\"og:url\" content=\"https:\/\/globalallianceregister.com\/tr\/services\/egitim\/turkce-satis-yonetimi-egitim-programi\/\" \/>\n<meta property=\"og:site_name\" content=\"Global Alliance Register\" \/>\n<meta property=\"article:modified_time\" content=\"2016-02-04T15:23:24+00:00\" \/>\n<meta property=\"og:image\" content=\"https:\/\/globalallianceregister.com\/wp-content\/uploads\/2015\/08\/Training-Inner-Page.jpg\" \/>\n\t<meta property=\"og:image:width\" content=\"614\" \/>\n\t<meta property=\"og:image:height\" content=\"200\" \/>\n\t<meta property=\"og:image:type\" content=\"image\/jpeg\" \/>\n<script type=\"application\/ld+json\" class=\"yoast-schema-graph\">{\"@context\":\"https:\\\/\\\/schema.org\",\"@graph\":[{\"@type\":\"WebPage\",\"@id\":\"https:\\\/\\\/globalallianceregister.com\\\/tr\\\/services\\\/egitim\\\/turkce-satis-yonetimi-egitim-programi\\\/\",\"url\":\"https:\\\/\\\/globalallianceregister.com\\\/tr\\\/services\\\/egitim\\\/turkce-satis-yonetimi-egitim-programi\\\/\",\"name\":\"Sat\u0131\u015f Y\u00f6netimi E\u011fitim Program\u0131 - Global Alliance Register\",\"isPartOf\":{\"@id\":\"https:\\\/\\\/globalallianceregister.com\\\/tr\\\/#website\"},\"primaryImageOfPage\":{\"@id\":\"https:\\\/\\\/globalallianceregister.com\\\/tr\\\/services\\\/egitim\\\/turkce-satis-yonetimi-egitim-programi\\\/#primaryimage\"},\"image\":{\"@id\":\"https:\\\/\\\/globalallianceregister.com\\\/tr\\\/services\\\/egitim\\\/turkce-satis-yonetimi-egitim-programi\\\/#primaryimage\"},\"thumbnailUrl\":\"https:\\\/\\\/globalallianceregister.com\\\/wp-content\\\/uploads\\\/2015\\\/08\\\/Training-Inner-Page.jpg\",\"datePublished\":\"2014-12-15T19:50:31+00:00\",\"dateModified\":\"2016-02-04T15:23:24+00:00\",\"breadcrumb\":{\"@id\":\"https:\\\/\\\/globalallianceregister.com\\\/tr\\\/services\\\/egitim\\\/turkce-satis-yonetimi-egitim-programi\\\/#breadcrumb\"},\"inLanguage\":\"tr\",\"potentialAction\":[{\"@type\":\"ReadAction\",\"target\":[[\"https:\\\/\\\/globalallianceregister.com\\\/tr\\\/services\\\/egitim\\\/turkce-satis-yonetimi-egitim-programi\\\/\"]]}]},{\"@type\":\"ImageObject\",\"inLanguage\":\"tr\",\"@id\":\"https:\\\/\\\/globalallianceregister.com\\\/tr\\\/services\\\/egitim\\\/turkce-satis-yonetimi-egitim-programi\\\/#primaryimage\",\"url\":\"https:\\\/\\\/globalallianceregister.com\\\/wp-content\\\/uploads\\\/2015\\\/08\\\/Training-Inner-Page.jpg\",\"contentUrl\":\"https:\\\/\\\/globalallianceregister.com\\\/wp-content\\\/uploads\\\/2015\\\/08\\\/Training-Inner-Page.jpg\",\"width\":614,\"height\":200},{\"@type\":\"BreadcrumbList\",\"@id\":\"https:\\\/\\\/globalallianceregister.com\\\/tr\\\/services\\\/egitim\\\/turkce-satis-yonetimi-egitim-programi\\\/#breadcrumb\",\"itemListElement\":[{\"@type\":\"ListItem\",\"position\":1,\"name\":\"Anasayfa\",\"item\":\"https:\\\/\\\/globalallianceregister.com\\\/tr\\\/\"},{\"@type\":\"ListItem\",\"position\":2,\"name\":\"Sat\u0131\u015f Y\u00f6netimi E\u011fitim Program\u0131\"}]},{\"@type\":\"WebSite\",\"@id\":\"https:\\\/\\\/globalallianceregister.com\\\/tr\\\/#website\",\"url\":\"https:\\\/\\\/globalallianceregister.com\\\/tr\\\/\",\"name\":\"Global Alliance Register\",\"description\":\"(EN) Together for Excellence\",\"potentialAction\":[{\"@type\":\"SearchAction\",\"target\":{\"@type\":\"EntryPoint\",\"urlTemplate\":\"https:\\\/\\\/globalallianceregister.com\\\/tr\\\/?s={search_term_string}\"},\"query-input\":{\"@type\":\"PropertyValueSpecification\",\"valueRequired\":true,\"valueName\":\"search_term_string\"}}],\"inLanguage\":\"tr\"}]}<\/script>\n<!-- \/ Yoast SEO plugin. -->","yoast_head_json":{"title":"Sat\u0131\u015f Y\u00f6netimi E\u011fitim Program\u0131 - Global Alliance Register","robots":{"index":"index","follow":"follow","max-snippet":"max-snippet:-1","max-image-preview":"max-image-preview:large","max-video-preview":"max-video-preview:-1"},"canonical":"https:\/\/globalallianceregister.com\/tr\/services\/egitim\/turkce-satis-yonetimi-egitim-programi\/","og_locale":"tr_TR","og_type":"article","og_title":"Sat\u0131\u015f Y\u00f6netimi E\u011fitim Program\u0131 - Global Alliance Register","og_description":"E\u011fitim Kodu E\u011fitim Konusu S\u00fcre GAA-SA-001 Beden Dili ve Ki\u015fisel \u0130maj ile Sat\u0131\u015f 1 G\u00fcn GAA-SA-002 Cinsiyet Kategorilerine Y\u00f6nelik Sat\u0131\u015f 1 G\u00fcn GAA-SA-003 Etkin \u0130kna Teknikleriyle Sat\u0131\u015f 1 G\u00fcn GAA-SA-004...","og_url":"https:\/\/globalallianceregister.com\/tr\/services\/egitim\/turkce-satis-yonetimi-egitim-programi\/","og_site_name":"Global Alliance Register","article_modified_time":"2016-02-04T15:23:24+00:00","og_image":[{"width":614,"height":200,"url":"https:\/\/globalallianceregister.com\/wp-content\/uploads\/2015\/08\/Training-Inner-Page.jpg","type":"image\/jpeg"}],"schema":{"@context":"https:\/\/schema.org","@graph":[{"@type":"WebPage","@id":"https:\/\/globalallianceregister.com\/tr\/services\/egitim\/turkce-satis-yonetimi-egitim-programi\/","url":"https:\/\/globalallianceregister.com\/tr\/services\/egitim\/turkce-satis-yonetimi-egitim-programi\/","name":"Sat\u0131\u015f Y\u00f6netimi E\u011fitim Program\u0131 - Global Alliance Register","isPartOf":{"@id":"https:\/\/globalallianceregister.com\/tr\/#website"},"primaryImageOfPage":{"@id":"https:\/\/globalallianceregister.com\/tr\/services\/egitim\/turkce-satis-yonetimi-egitim-programi\/#primaryimage"},"image":{"@id":"https:\/\/globalallianceregister.com\/tr\/services\/egitim\/turkce-satis-yonetimi-egitim-programi\/#primaryimage"},"thumbnailUrl":"https:\/\/globalallianceregister.com\/wp-content\/uploads\/2015\/08\/Training-Inner-Page.jpg","datePublished":"2014-12-15T19:50:31+00:00","dateModified":"2016-02-04T15:23:24+00:00","breadcrumb":{"@id":"https:\/\/globalallianceregister.com\/tr\/services\/egitim\/turkce-satis-yonetimi-egitim-programi\/#breadcrumb"},"inLanguage":"tr","potentialAction":[{"@type":"ReadAction","target":[["https:\/\/globalallianceregister.com\/tr\/services\/egitim\/turkce-satis-yonetimi-egitim-programi\/"]]}]},{"@type":"ImageObject","inLanguage":"tr","@id":"https:\/\/globalallianceregister.com\/tr\/services\/egitim\/turkce-satis-yonetimi-egitim-programi\/#primaryimage","url":"https:\/\/globalallianceregister.com\/wp-content\/uploads\/2015\/08\/Training-Inner-Page.jpg","contentUrl":"https:\/\/globalallianceregister.com\/wp-content\/uploads\/2015\/08\/Training-Inner-Page.jpg","width":614,"height":200},{"@type":"BreadcrumbList","@id":"https:\/\/globalallianceregister.com\/tr\/services\/egitim\/turkce-satis-yonetimi-egitim-programi\/#breadcrumb","itemListElement":[{"@type":"ListItem","position":1,"name":"Anasayfa","item":"https:\/\/globalallianceregister.com\/tr\/"},{"@type":"ListItem","position":2,"name":"Sat\u0131\u015f Y\u00f6netimi E\u011fitim Program\u0131"}]},{"@type":"WebSite","@id":"https:\/\/globalallianceregister.com\/tr\/#website","url":"https:\/\/globalallianceregister.com\/tr\/","name":"Global Alliance Register","description":"(EN) Together for Excellence","potentialAction":[{"@type":"SearchAction","target":{"@type":"EntryPoint","urlTemplate":"https:\/\/globalallianceregister.com\/tr\/?s={search_term_string}"},"query-input":{"@type":"PropertyValueSpecification","valueRequired":true,"valueName":"search_term_string"}}],"inLanguage":"tr"}]}},"_links":{"self":[{"href":"https:\/\/globalallianceregister.com\/tr\/wp-json\/wp\/v2\/pages\/2160","targetHints":{"allow":["GET"]}}],"collection":[{"href":"https:\/\/globalallianceregister.com\/tr\/wp-json\/wp\/v2\/pages"}],"about":[{"href":"https:\/\/globalallianceregister.com\/tr\/wp-json\/wp\/v2\/types\/page"}],"author":[{"embeddable":true,"href":"https:\/\/globalallianceregister.com\/tr\/wp-json\/wp\/v2\/users\/10"}],"replies":[{"embeddable":true,"href":"https:\/\/globalallianceregister.com\/tr\/wp-json\/wp\/v2\/comments?post=2160"}],"version-history":[{"count":0,"href":"https:\/\/globalallianceregister.com\/tr\/wp-json\/wp\/v2\/pages\/2160\/revisions"}],"up":[{"embeddable":true,"href":"https:\/\/globalallianceregister.com\/tr\/wp-json\/wp\/v2\/pages\/103"}],"wp:featuredmedia":[{"embeddable":true,"href":"https:\/\/globalallianceregister.com\/tr\/wp-json\/wp\/v2\/media\/5171"}],"wp:attachment":[{"href":"https:\/\/globalallianceregister.com\/tr\/wp-json\/wp\/v2\/media?parent=2160"}],"curies":[{"name":"wp","href":"https:\/\/api.w.org\/{rel}","templated":true}]}}