{"id":2165,"date":"2014-12-15T19:53:12","date_gmt":"2014-12-15T19:53:12","guid":{"rendered":"https:\/\/globalallianceregister.com\/?page_id=2165"},"modified":"2016-02-04T14:34:35","modified_gmt":"2016-02-04T14:34:35","slug":"turkce-saglik-emniyet-cevre-egitim-programi","status":"publish","type":"page","link":"https:\/\/globalallianceregister.com\/tr\/services\/egitim\/turkce-saglik-emniyet-cevre-egitim-programi\/","title":{"rendered":"\u0130\u015f Sa\u011fl\u0131\u011f\u0131 &#038; G\u00fcvenli\u011fi &#8211; \u00c7evre E\u011fitim Program\u0131"},"content":{"rendered":"<table width=\"563\">\n<tbody>\n<tr>\n<td width=\"107\"><strong>E\u011fitim Kodu<\/strong><\/td>\n<td width=\"389\"><strong>E\u011fitim Konusu<\/strong><\/td>\n<td colspan=\"2\" width=\"67\"><strong>S\u00fcre<\/strong><\/td>\n<\/tr>\n<tr>\n<td>GAA-SE\u00c7-001<\/td>\n<td width=\"389\"><a href=\"https:\/\/globalallianceregister.com\/?p=2444\" target=\"_blank\">\u00c7evre Boyut &amp; Etkileri Analizi<\/a><\/td>\n<td>1<\/td>\n<td>G\u00fcn<\/td>\n<\/tr>\n<tr>\n<td>GAA-SE\u00c7-002<\/td>\n<td width=\"389\"><a href=\"https:\/\/globalallianceregister.com\/?p=2449\" target=\"_blank\">Risk De\u011ferlendirmesi<\/a><\/td>\n<td>1<\/td>\n<td>G\u00fcn<\/td>\n<\/tr>\n<tr>\n<td>GAA-SE\u00c7-003<\/td>\n<td width=\"389\"><a href=\"https:\/\/globalallianceregister.com\/?p=2451\" target=\"_blank\">Hijyen Denetimi<\/a><\/td>\n<td>1<\/td>\n<td>G\u00fcn<\/td>\n<\/tr>\n<tr>\n<td>GAA-SE\u00c7-004<\/td>\n<td width=\"389\"><a href=\"https:\/\/globalallianceregister.com\/?p=2453\" target=\"_blank\">Tehlikeli \u0130\u015flerde \u00c7al\u0131\u015fma<\/a><\/td>\n<td>1,5<\/td>\n<td>G\u00fcn<\/td>\n<\/tr>\n<tr>\n<td>GAA-SE\u00c7-005<\/td>\n<td width=\"389\"><a href=\"https:\/\/globalallianceregister.com\/?p=5357\" target=\"_blank\">Elektrikle \u00c7al\u0131\u015fmalarda \u0130\u015f Sa\u011fl\u0131\u011f\u0131 ve G\u00fcvenli\u011fi<\/a><\/td>\n<td>0,5<\/td>\n<td>G\u00fcn<\/td>\n<\/tr>\n<tr>\n<td>GAA-SE\u00c7-006<\/td>\n<td width=\"389\"><a href=\"https:\/\/globalallianceregister.com\/?p=2455\" target=\"_blank\">\u0130\u015f Sa\u011fl\u0131\u011f\u0131 ve G\u00fcvenli\u011fi Temel Bilgilendirme E\u011fitimi<\/a><\/td>\n<td>2<\/td>\n<td>G\u00fcn<\/td>\n<\/tr>\n<tr>\n<td>GAA-SE\u00c7-007<\/td>\n<td width=\"389\"><a href=\"https:\/\/globalallianceregister.com\/?p=2457\" target=\"_blank\">Y\u00fcksekte G\u00fcvenli \u00c7al\u0131\u015fma<\/a><\/td>\n<td>1<\/td>\n<td>G\u00fcn<\/td>\n<\/tr>\n<tr>\n<td>GAA-SE\u00c7-008<\/td>\n<td width=\"389\"><a href=\"https:\/\/globalallianceregister.com\/?p=2459\" target=\"_blank\">Kaza ve Olay Ara\u015ft\u0131rma<\/a><\/td>\n<td>1<\/td>\n<td>G\u00fcn<\/td>\n<\/tr>\n<tr>\n<td>GAA-SE\u00c7-009<\/td>\n<td width=\"389\"><a href=\"https:\/\/globalallianceregister.com\/?p=2461\" target=\"_blank\">Exproof Ortamlarda G\u00fcvenli \u00c7al\u0131\u015fma Prensipleri &amp; ATEX Direktifi<\/a><\/td>\n<td>2<\/td>\n<td>G\u00fcn<\/td>\n<\/tr>\n<\/tbody>\n<\/table>","protected":false},"excerpt":{"rendered":"<p>E\u011fitim Kodu E\u011fitim Konusu S\u00fcre GAA-SE\u00c7-001 \u00c7evre Boyut &amp; Etkileri Analizi 1 G\u00fcn GAA-SE\u00c7-002 Risk De\u011ferlendirmesi 1 G\u00fcn GAA-SE\u00c7-003 Hijyen Denetimi 1 G\u00fcn GAA-SE\u00c7-004 Tehlikeli \u0130\u015flerde \u00c7al\u0131\u015fma 1,5 G\u00fcn GAA-SE\u00c7-005&#8230; <\/p>\n","protected":false},"author":10,"featured_media":5171,"parent":103,"menu_order":7,"comment_status":"closed","ping_status":"closed","template":"page-full.php","meta":{"_acf_changed":false,"om_disable_all_campaigns":false,"footnotes":""},"class_list":["post-2165","page","type-page","status-publish","has-post-thumbnail","hentry"],"acf":[],"yoast_head":"<!-- This site is optimized with the Yoast SEO plugin v27.4 - https:\/\/yoast.com\/product\/yoast-seo-wordpress\/ -->\n<title>\u0130\u015f Sa\u011fl\u0131\u011f\u0131 &amp; G\u00fcvenli\u011fi - \u00c7evre E\u011fitim Program\u0131 - Global Alliance Register<\/title>\n<meta name=\"robots\" content=\"index, follow, max-snippet:-1, max-image-preview:large, max-video-preview:-1\" \/>\n<link rel=\"canonical\" href=\"https:\/\/globalallianceregister.com\/tr\/services\/egitim\/turkce-saglik-emniyet-cevre-egitim-programi\/\" \/>\n<meta property=\"og:locale\" content=\"tr_TR\" \/>\n<meta property=\"og:type\" content=\"article\" \/>\n<meta property=\"og:title\" content=\"\u0130\u015f Sa\u011fl\u0131\u011f\u0131 &amp; G\u00fcvenli\u011fi - \u00c7evre E\u011fitim Program\u0131 - Global Alliance Register\" \/>\n<meta property=\"og:description\" content=\"E\u011fitim Kodu E\u011fitim Konusu S\u00fcre GAA-SE\u00c7-001 \u00c7evre Boyut &amp; Etkileri Analizi 1 G\u00fcn GAA-SE\u00c7-002 Risk De\u011ferlendirmesi 1 G\u00fcn GAA-SE\u00c7-003 Hijyen Denetimi 1 G\u00fcn GAA-SE\u00c7-004 Tehlikeli \u0130\u015flerde \u00c7al\u0131\u015fma 1,5 G\u00fcn GAA-SE\u00c7-005...\" \/>\n<meta property=\"og:url\" content=\"https:\/\/globalallianceregister.com\/tr\/services\/egitim\/turkce-saglik-emniyet-cevre-egitim-programi\/\" \/>\n<meta property=\"og:site_name\" content=\"Global Alliance Register\" \/>\n<meta property=\"article:modified_time\" content=\"2016-02-04T14:34:35+00:00\" \/>\n<meta property=\"og:image\" content=\"https:\/\/globalallianceregister.com\/wp-content\/uploads\/2015\/08\/Training-Inner-Page.jpg\" \/>\n\t<meta property=\"og:image:width\" content=\"614\" \/>\n\t<meta property=\"og:image:height\" content=\"200\" \/>\n\t<meta property=\"og:image:type\" content=\"image\/jpeg\" \/>\n<script type=\"application\/ld+json\" class=\"yoast-schema-graph\">{\"@context\":\"https:\\\/\\\/schema.org\",\"@graph\":[{\"@type\":\"WebPage\",\"@id\":\"https:\\\/\\\/globalallianceregister.com\\\/tr\\\/services\\\/egitim\\\/turkce-saglik-emniyet-cevre-egitim-programi\\\/\",\"url\":\"https:\\\/\\\/globalallianceregister.com\\\/tr\\\/services\\\/egitim\\\/turkce-saglik-emniyet-cevre-egitim-programi\\\/\",\"name\":\"\u0130\u015f Sa\u011fl\u0131\u011f\u0131 & G\u00fcvenli\u011fi - \u00c7evre E\u011fitim Program\u0131 - Global Alliance Register\",\"isPartOf\":{\"@id\":\"https:\\\/\\\/globalallianceregister.com\\\/tr\\\/#website\"},\"primaryImageOfPage\":{\"@id\":\"https:\\\/\\\/globalallianceregister.com\\\/tr\\\/services\\\/egitim\\\/turkce-saglik-emniyet-cevre-egitim-programi\\\/#primaryimage\"},\"image\":{\"@id\":\"https:\\\/\\\/globalallianceregister.com\\\/services\\\/egitim\\\/turkce-saglik-emniyet-cevre-egitim-programi\\\/#primaryimage\"},\"thumbnailUrl\":\"https:\\\/\\\/globalallianceregister.com\\\/wp-content\\\/uploads\\\/2015\\\/08\\\/Training-Inner-Page.jpg\",\"datePublished\":\"2014-12-15T19:53:12+00:00\",\"dateModified\":\"2016-02-04T14:34:35+00:00\",\"breadcrumb\":{\"@id\":\"https:\\\/\\\/globalallianceregister.com\\\/tr\\\/services\\\/egitim\\\/turkce-saglik-emniyet-cevre-egitim-programi\\\/#breadcrumb\"},\"inLanguage\":\"tr\",\"potentialAction\":[{\"@type\":\"ReadAction\",\"target\":[[\"https:\\\/\\\/globalallianceregister.com\\\/tr\\\/services\\\/egitim\\\/turkce-saglik-emniyet-cevre-egitim-programi\\\/\"]]}]},{\"@type\":\"ImageObject\",\"inLanguage\":\"tr\",\"@id\":\"https:\\\/\\\/globalallianceregister.com\\\/tr\\\/services\\\/egitim\\\/turkce-saglik-emniyet-cevre-egitim-programi\\\/#primaryimage\",\"url\":\"https:\\\/\\\/globalallianceregister.com\\\/wp-content\\\/uploads\\\/2015\\\/08\\\/Training-Inner-Page.jpg\",\"contentUrl\":\"https:\\\/\\\/globalallianceregister.com\\\/wp-content\\\/uploads\\\/2015\\\/08\\\/Training-Inner-Page.jpg\",\"width\":614,\"height\":200},{\"@type\":\"BreadcrumbList\",\"@id\":\"https:\\\/\\\/globalallianceregister.com\\\/tr\\\/services\\\/egitim\\\/turkce-saglik-emniyet-cevre-egitim-programi\\\/#breadcrumb\",\"itemListElement\":[{\"@type\":\"ListItem\",\"position\":1,\"name\":\"Anasayfa\",\"item\":\"https:\\\/\\\/globalallianceregister.com\\\/tr\\\/\"},{\"@type\":\"ListItem\",\"position\":2,\"name\":\"Hizmetler\",\"item\":\"https:\\\/\\\/globalallianceregister.com\\\/tr\\\/services\\\/\"},{\"@type\":\"ListItem\",\"position\":3,\"name\":\"E\u011fitim\",\"item\":\"https:\\\/\\\/globalallianceregister.com\\\/tr\\\/services\\\/egitim\\\/\"},{\"@type\":\"ListItem\",\"position\":4,\"name\":\"Occupational Heath &#038; Safety, Environment Training Program\"}]},{\"@type\":\"WebSite\",\"@id\":\"https:\\\/\\\/globalallianceregister.com\\\/tr\\\/#website\",\"url\":\"https:\\\/\\\/globalallianceregister.com\\\/tr\\\/\",\"name\":\"Global Alliance Register\",\"description\":\"(EN) Together for Excellence\",\"potentialAction\":[{\"@type\":\"SearchAction\",\"target\":{\"@type\":\"EntryPoint\",\"urlTemplate\":\"https:\\\/\\\/globalallianceregister.com\\\/tr\\\/?s={search_term_string}\"},\"query-input\":{\"@type\":\"PropertyValueSpecification\",\"valueRequired\":true,\"valueName\":\"search_term_string\"}}],\"inLanguage\":\"tr\"}]}<\/script>\n<!-- \/ Yoast SEO plugin. -->","yoast_head_json":{"title":"\u0130\u015f Sa\u011fl\u0131\u011f\u0131 & G\u00fcvenli\u011fi - \u00c7evre E\u011fitim Program\u0131 - Global Alliance Register","robots":{"index":"index","follow":"follow","max-snippet":"max-snippet:-1","max-image-preview":"max-image-preview:large","max-video-preview":"max-video-preview:-1"},"canonical":"https:\/\/globalallianceregister.com\/tr\/services\/egitim\/turkce-saglik-emniyet-cevre-egitim-programi\/","og_locale":"tr_TR","og_type":"article","og_title":"\u0130\u015f Sa\u011fl\u0131\u011f\u0131 & G\u00fcvenli\u011fi - \u00c7evre E\u011fitim Program\u0131 - Global Alliance Register","og_description":"E\u011fitim Kodu E\u011fitim Konusu S\u00fcre GAA-SE\u00c7-001 \u00c7evre Boyut &amp; Etkileri Analizi 1 G\u00fcn GAA-SE\u00c7-002 Risk De\u011ferlendirmesi 1 G\u00fcn GAA-SE\u00c7-003 Hijyen Denetimi 1 G\u00fcn GAA-SE\u00c7-004 Tehlikeli \u0130\u015flerde \u00c7al\u0131\u015fma 1,5 G\u00fcn GAA-SE\u00c7-005...","og_url":"https:\/\/globalallianceregister.com\/tr\/services\/egitim\/turkce-saglik-emniyet-cevre-egitim-programi\/","og_site_name":"Global Alliance Register","article_modified_time":"2016-02-04T14:34:35+00:00","og_image":[{"width":614,"height":200,"url":"https:\/\/globalallianceregister.com\/wp-content\/uploads\/2015\/08\/Training-Inner-Page.jpg","type":"image\/jpeg"}],"schema":{"@context":"https:\/\/schema.org","@graph":[{"@type":"WebPage","@id":"https:\/\/globalallianceregister.com\/tr\/services\/egitim\/turkce-saglik-emniyet-cevre-egitim-programi\/","url":"https:\/\/globalallianceregister.com\/tr\/services\/egitim\/turkce-saglik-emniyet-cevre-egitim-programi\/","name":"\u0130\u015f Sa\u011fl\u0131\u011f\u0131 & G\u00fcvenli\u011fi - \u00c7evre E\u011fitim Program\u0131 - Global Alliance Register","isPartOf":{"@id":"https:\/\/globalallianceregister.com\/tr\/#website"},"primaryImageOfPage":{"@id":"https:\/\/globalallianceregister.com\/tr\/services\/egitim\/turkce-saglik-emniyet-cevre-egitim-programi\/#primaryimage"},"image":{"@id":"https:\/\/globalallianceregister.com\/services\/egitim\/turkce-saglik-emniyet-cevre-egitim-programi\/#primaryimage"},"thumbnailUrl":"https:\/\/globalallianceregister.com\/wp-content\/uploads\/2015\/08\/Training-Inner-Page.jpg","datePublished":"2014-12-15T19:53:12+00:00","dateModified":"2016-02-04T14:34:35+00:00","breadcrumb":{"@id":"https:\/\/globalallianceregister.com\/tr\/services\/egitim\/turkce-saglik-emniyet-cevre-egitim-programi\/#breadcrumb"},"inLanguage":"tr","potentialAction":[{"@type":"ReadAction","target":[["https:\/\/globalallianceregister.com\/tr\/services\/egitim\/turkce-saglik-emniyet-cevre-egitim-programi\/"]]}]},{"@type":"ImageObject","inLanguage":"tr","@id":"https:\/\/globalallianceregister.com\/tr\/services\/egitim\/turkce-saglik-emniyet-cevre-egitim-programi\/#primaryimage","url":"https:\/\/globalallianceregister.com\/wp-content\/uploads\/2015\/08\/Training-Inner-Page.jpg","contentUrl":"https:\/\/globalallianceregister.com\/wp-content\/uploads\/2015\/08\/Training-Inner-Page.jpg","width":614,"height":200},{"@type":"BreadcrumbList","@id":"https:\/\/globalallianceregister.com\/tr\/services\/egitim\/turkce-saglik-emniyet-cevre-egitim-programi\/#breadcrumb","itemListElement":[{"@type":"ListItem","position":1,"name":"Anasayfa","item":"https:\/\/globalallianceregister.com\/tr\/"},{"@type":"ListItem","position":2,"name":"Hizmetler","item":"https:\/\/globalallianceregister.com\/tr\/services\/"},{"@type":"ListItem","position":3,"name":"E\u011fitim","item":"https:\/\/globalallianceregister.com\/tr\/services\/egitim\/"},{"@type":"ListItem","position":4,"name":"Occupational Heath &#038; Safety, Environment Training Program"}]},{"@type":"WebSite","@id":"https:\/\/globalallianceregister.com\/tr\/#website","url":"https:\/\/globalallianceregister.com\/tr\/","name":"Global Alliance Register","description":"(EN) Together for Excellence","potentialAction":[{"@type":"SearchAction","target":{"@type":"EntryPoint","urlTemplate":"https:\/\/globalallianceregister.com\/tr\/?s={search_term_string}"},"query-input":{"@type":"PropertyValueSpecification","valueRequired":true,"valueName":"search_term_string"}}],"inLanguage":"tr"}]}},"_links":{"self":[{"href":"https:\/\/globalallianceregister.com\/tr\/wp-json\/wp\/v2\/pages\/2165","targetHints":{"allow":["GET"]}}],"collection":[{"href":"https:\/\/globalallianceregister.com\/tr\/wp-json\/wp\/v2\/pages"}],"about":[{"href":"https:\/\/globalallianceregister.com\/tr\/wp-json\/wp\/v2\/types\/page"}],"author":[{"embeddable":true,"href":"https:\/\/globalallianceregister.com\/tr\/wp-json\/wp\/v2\/users\/10"}],"replies":[{"embeddable":true,"href":"https:\/\/globalallianceregister.com\/tr\/wp-json\/wp\/v2\/comments?post=2165"}],"version-history":[{"count":0,"href":"https:\/\/globalallianceregister.com\/tr\/wp-json\/wp\/v2\/pages\/2165\/revisions"}],"up":[{"embeddable":true,"href":"https:\/\/globalallianceregister.com\/tr\/wp-json\/wp\/v2\/pages\/103"}],"wp:featuredmedia":[{"embeddable":true,"href":"https:\/\/globalallianceregister.com\/tr\/wp-json\/wp\/v2\/media\/5171"}],"wp:attachment":[{"href":"https:\/\/globalallianceregister.com\/tr\/wp-json\/wp\/v2\/media?parent=2165"}],"curies":[{"name":"wp","href":"https:\/\/api.w.org\/{rel}","templated":true}]}}