{"id":217,"date":"2010-12-29T13:32:33","date_gmt":"2010-12-29T13:32:33","guid":{"rendered":"https:\/\/globalallianceregister.com\/?page_id=217"},"modified":"2016-02-04T17:36:23","modified_gmt":"2016-02-04T17:36:23","slug":"supplier-audits","status":"publish","type":"page","link":"https:\/\/globalallianceregister.com\/tr\/services\/conformity-assessment\/supplier-audits\/","title":{"rendered":"Tedarik\u00e7i Denetimi &#038; Y\u00f6netimi"},"content":{"rendered":"<p><strong>Global Alliance Register T\u00fcrkiye\u2019de ve uluslararas\u0131 ofis a\u011f\u0131yla t\u00fcm d\u00fcnyada; imalat, sevkiyat, m\u00fchendislik, tasar\u0131m, faturalama ve kalite kontrol a\u015famas\u0131nda tedarik\u00e7i taraf\u0131nda olas\u0131 uygunsuzluklar\u0131 tespit amac\u0131yla m\u00fc\u015fteri bazl\u0131 &#8220;Tedarik\u00e7i Denetimi &amp; Y\u00f6netimi Program\u0131&#8221; hizmetleri\u00a0sunuyor\u2026<\/strong><\/p>\n<p>Tedarik\u00e7i Denetimi kapsam\u0131nda tamamlanan her bir denetim sonras\u0131 haz\u0131rlanan raporlar ile m\u00fc\u015fteri taleplerinin tam olarak kar\u015f\u0131lanmas\u0131 i\u00e7in gerekli d\u00fczeltici ve \u00f6nleyici faaliyetleri terminleri ile birlikte yazarak detayland\u0131r\u0131yoruz.<\/p>\n<p>Global Alliance Register Tedarik\u00e7i Denetimi &amp; Y\u00f6netimi Hizmetleri kapsam\u0131nda m\u00fc\u015fterilerimize ayn\u0131 zamanda denetim planlama, uygulama plan\u0131 ve denetim y\u00f6netimi planlamas\u0131 ve ara\u00e7lar\u0131, denetim raporu formlar\u0131n\u0131n olu\u015fturulmas\u0131, tedarik\u00e7i de\u011ferlendirme ve derecelendirme, tedarik\u00e7i e\u011fitimi gibi konularda da dan\u0131\u015fmanl\u0131k ve e\u011fitim hizmetleri sunuyoruz.<\/p>\n<p>Tedarik\u00e7i Denetim &amp; Y\u00f6netimi Program\u0131 vas\u0131tas\u0131yla; Global Alliance Register m\u00fc\u015fterilerine hizmet sunan veya \u00fcr\u00fcn sa\u011flayan t\u00fcm tedarik\u00e7ilerinin performanslar\u0131n\u0131 art\u0131r\u0131rken, zaman\u0131nda ve b\u00fct\u00e7e i\u00e7inde kalite \u00fcr\u00fcn\/ hizmet al\u0131nmas\u0131n\u0131 g\u00fcvence alt\u0131na almaktad\u0131r. \u0130malat\u00e7\u0131lar veya al\u0131c\u0131\/ sat\u0131c\u0131 taraflarca talep edilen Global Alliance Register hizmetleri tedarik\u00e7i bazl\u0131 riskleri ortadan kald\u0131r\u0131rken kalite maliyetlerini minimize etmektedir.<\/p>\n<p><strong>Global Alliance Register<\/strong> taraf\u0131ndan sunulan <strong>Tedarik\u00e7i Denetimi &amp; Y\u00f6netimi Program\u0131<\/strong> kapsam\u0131nda t\u00fcm sorular\u0131n\u0131z ve hizmet talepleriniz i\u00e7in l\u00fctfen taraf\u0131m\u0131zla temas kurunuz\u2026<\/p>\n<h1>\u0130lgili Sekt\u00f6rler<\/h1>\n<table>\n<tbody>\n<tr>\n<td style=\"width: 350px; border-color: #ffffff; height: 30px; text-align: left; vertical-align: middle; background-color: #f7f7f7;\" width=\"250\">\n<ul style=\"list-style-type: square;\">\n<li><a title=\"Denizcilik Sekt\u00f6r\u00fc\" href=\"https:\/\/globalallianceregister.com\/?page_id=9&amp;lang=tr\" target=\"_blank\">DEN\u0130ZC\u0130L\u0130K<\/a><\/li>\n<\/ul>\n<\/td>\n<td style=\"width: 350px; border-color: #ffffff; height: 30px; text-align: left; vertical-align: middle; background-color: #f7f7f7;\" width=\"250\">\n<ul style=\"list-style-type: square;\">\n<li><a title=\"\u0130n\u015faat Sekt\u00f6r\u00fc\" href=\"https:\/\/globalallianceregister.com\/?page_id=11&amp;lang=tr\" target=\"_blank\">\u0130N\u015eAAT<\/a><\/li>\n<\/ul>\n<\/td>\n<td style=\"width: 350px; border-color: #ffffff; height: 30px; text-align: left; vertical-align: middle; background-color: #f7f7f7;\" width=\"251\">\n<ul style=\"list-style-type: square;\">\n<li><a title=\"Petrol &amp; Gaz Sekt\u00f6r\u00fc\" href=\"https:\/\/globalallianceregister.com\/?page_id=13&amp;lang=tr\" target=\"_blank\">PETROL &amp; GAZ<\/a><\/li>\n<\/ul>\n<\/td>\n<\/tr>\n<tr>\n<td style=\"width: 350px; border-color: #ffffff; height: 30px; text-align: left; vertical-align: middle; background-color: #f7f7f7;\" width=\"250\">\n<ul style=\"list-style-type: square;\">\n<li><a title=\"Enerji &amp; Tesisler\" href=\"https:\/\/globalallianceregister.com\/?page_id=15&amp;lang=tr\" target=\"_blank\">ENERJ\u0130 &amp; TES\u0130SLER<\/a><\/li>\n<\/ul>\n<\/td>\n<td style=\"width: 350px; border-color: #ffffff; height: 30px; text-align: left; vertical-align: middle; background-color: #f7f7f7;\" width=\"250\">\n<ul style=\"list-style-type: square;\">\n<li><a title=\"\u0130malat Sekt\u00f6r\u00fc\" href=\"https:\/\/globalallianceregister.com\/?page_id=20&amp;lang=tr\" target=\"_blank\">\u0130MALAT<\/a><\/li>\n<\/ul>\n<\/td>\n<td style=\"width: 350px; border-color: #ffffff; height: 30px; text-align: left; vertical-align: middle; background-color: #f7f7f7;\" width=\"251\">\n<ul style=\"list-style-type: square;\">\n<li><a title=\"Ula\u015ft\u0131rma &amp; Lojistik Sekt\u00f6r\u00fc\" href=\"https:\/\/globalallianceregister.com\/?page_id=22&amp;lang=tr\" target=\"_blank\">ULA\u015eTIRMA &amp; LOJ\u0130ST\u0130K<\/a><\/li>\n<\/ul>\n<\/td>\n<\/tr>\n<tr>\n<td style=\"width: 350px; border-color: #ffffff; height: 30px; text-align: left; vertical-align: middle; background-color: #f7f7f7;\" width=\"250\">\n<ul style=\"list-style-type: square;\">\n<li><a title=\"Uzay &amp; Havac\u0131l\u0131k Sekt\u00f6r\u00fc\" href=\"https:\/\/globalallianceregister.com\/?page_id=24&amp;lang=tr\" target=\"_blank\">UZAY &amp; HAVACILIK<\/a><\/li>\n<\/ul>\n<\/td>\n<td style=\"width: 350px; border-color: #ffffff; height: 30px; text-align: left; vertical-align: middle; background-color: #f7f7f7;\" width=\"250\">\n<ul style=\"list-style-type: square;\">\n<li><a title=\"Tar\u0131m &amp; G\u0131da Sekt\u00f6r\u00fc\" href=\"https:\/\/globalallianceregister.com\/?page_id=27&amp;lang=tr\" target=\"_blank\">TARIM &amp; GIDA<\/a><\/li>\n<\/ul>\n<\/td>\n<td style=\"width: 350px; border-color: #ffffff; height: 30px; text-align: left; vertical-align: middle; background-color: #f7f7f7;\" width=\"251\">\n<ul style=\"list-style-type: square;\">\n<li><a title=\"Turizm &amp; Otelcilik Sekt\u00f6r\u00fc\" href=\"https:\/\/globalallianceregister.com\/?page_id=29&amp;lang=tr\" target=\"_blank\">TUR\u0130ZM &amp; OTELC\u0130L\u0130K<\/a><\/li>\n<\/ul>\n<\/td>\n<\/tr>\n<tr>\n<td style=\"width: 350px; border-color: #ffffff; height: 30px; text-align: left; vertical-align: middle; background-color: #f7f7f7;\" width=\"250\">\n<ul style=\"list-style-type: square;\">\n<li><a title=\"Finans &amp; Bankac\u0131l\u0131k Sekt\u00f6r\u00fc\" href=\"https:\/\/globalallianceregister.com\/?page_id=38&amp;lang=tr\" target=\"_blank\">F\u0130NANS<\/a><\/li>\n<\/ul>\n<\/td>\n<td style=\"width: 350px; border-color: #ffffff; height: 30px; text-align: left; vertical-align: middle; background-color: #f7f7f7;\" width=\"250\">\n<ul style=\"list-style-type: square;\">\n<li><a title=\"Sigorta Sekt\u00f6r\u00fc\" href=\"https:\/\/globalallianceregister.com\/?page_id=40&amp;lang=tr\" target=\"_blank\">S\u0130GORTA<\/a><\/li>\n<\/ul>\n<\/td>\n<td style=\"width: 350px; border-color: #ffffff; height: 30px; text-align: left; vertical-align: middle; background-color: #f7f7f7;\" width=\"251\">\n<ul style=\"list-style-type: square;\">\n<li><a title=\"Bilgi Teknolojileri Sekt\u00f6r\u00fc\" href=\"https:\/\/globalallianceregister.com\/?page_id=52&amp;lang=tr\" target=\"_blank\">B\u0130LG\u0130 TEKNOLOJ\u0130LER\u0130<\/a><\/li>\n<\/ul>\n<\/td>\n<\/tr>\n<tr>\n<td style=\"width: 350px; border-color: #ffffff; height: 30px; text-align: left; vertical-align: middle; background-color: #f7f7f7;\" width=\"250\">\n<ul style=\"list-style-type: square;\">\n<li><a title=\"Telekom\u00fcnikasyon Sekt\u00f6r\u00fc\" href=\"https:\/\/globalallianceregister.com\/?page_id=54&amp;lang=tr\" target=\"_blank\">TELEKOM\u00dcN\u0130KASYON<\/a><\/li>\n<\/ul>\n<\/td>\n<td style=\"width: 350px; border-color: #ffffff; height: 30px; text-align: left; vertical-align: middle; background-color: #f7f7f7;\" width=\"250\">\n<ul style=\"list-style-type: square;\">\n<li><a title=\"Sa\u011fl\u0131k &amp; T\u0131p Sekt\u00f6r\u00fc\" href=\"https:\/\/globalallianceregister.com\/?page_id=56&amp;lang=tr\" target=\"_blank\">SA\u011eLIK &amp; TIP<\/a><\/li>\n<\/ul>\n<\/td>\n<td style=\"width: 350px; border-color: #ffffff; height: 30px; text-align: left; vertical-align: middle; background-color: #f7f7f7;\" width=\"251\">\u00a0<\/td>\n<\/tr>\n<\/tbody>\n<\/table>","protected":false},"excerpt":{"rendered":"<p>Global Alliance Register T\u00fcrkiye\u2019de ve uluslararas\u0131 ofis a\u011f\u0131yla t\u00fcm d\u00fcnyada; imalat, sevkiyat, m\u00fchendislik, tasar\u0131m, faturalama ve kalite kontrol a\u015famas\u0131nda tedarik\u00e7i taraf\u0131nda olas\u0131 uygunsuzluklar\u0131 tespit amac\u0131yla m\u00fc\u015fteri bazl\u0131 &#8220;Tedarik\u00e7i Denetimi &amp;&#8230; <\/p>\n","protected":false},"author":10,"featured_media":0,"parent":167,"menu_order":7,"comment_status":"closed","ping_status":"closed","template":"page-full.php","meta":{"_acf_changed":false,"om_disable_all_campaigns":false,"footnotes":""},"class_list":["post-217","page","type-page","status-publish","hentry"],"acf":[],"yoast_head":"<!-- This site is optimized with the Yoast SEO plugin v27.4 - https:\/\/yoast.com\/product\/yoast-seo-wordpress\/ -->\n<title>Tedarik\u00e7i Denetimi &amp; Y\u00f6netimi - Global Alliance Register<\/title>\n<meta name=\"robots\" content=\"index, follow, max-snippet:-1, max-image-preview:large, max-video-preview:-1\" \/>\n<link rel=\"canonical\" href=\"https:\/\/globalallianceregister.com\/tr\/services\/conformity-assessment\/supplier-audits\/\" \/>\n<meta property=\"og:locale\" content=\"tr_TR\" \/>\n<meta property=\"og:type\" content=\"article\" \/>\n<meta property=\"og:title\" content=\"Tedarik\u00e7i Denetimi &amp; Y\u00f6netimi - Global Alliance Register\" \/>\n<meta property=\"og:description\" content=\"Global Alliance Register T\u00fcrkiye\u2019de ve uluslararas\u0131 ofis a\u011f\u0131yla t\u00fcm d\u00fcnyada; imalat, sevkiyat, m\u00fchendislik, tasar\u0131m, faturalama ve kalite kontrol a\u015famas\u0131nda tedarik\u00e7i taraf\u0131nda olas\u0131 uygunsuzluklar\u0131 tespit amac\u0131yla m\u00fc\u015fteri bazl\u0131 &#8220;Tedarik\u00e7i Denetimi &amp;...\" \/>\n<meta property=\"og:url\" content=\"https:\/\/globalallianceregister.com\/tr\/services\/conformity-assessment\/supplier-audits\/\" \/>\n<meta property=\"og:site_name\" content=\"Global Alliance Register\" \/>\n<meta property=\"article:modified_time\" content=\"2016-02-04T17:36:23+00:00\" \/>\n<meta name=\"twitter:label1\" content=\"Tahmini okuma s\u00fcresi\" \/>\n\t<meta name=\"twitter:data1\" content=\"2 dakika\" \/>\n<script type=\"application\/ld+json\" class=\"yoast-schema-graph\">{\"@context\":\"https:\\\/\\\/schema.org\",\"@graph\":[{\"@type\":\"WebPage\",\"@id\":\"https:\\\/\\\/globalallianceregister.com\\\/tr\\\/services\\\/conformity-assessment\\\/supplier-audits\\\/\",\"url\":\"https:\\\/\\\/globalallianceregister.com\\\/tr\\\/services\\\/conformity-assessment\\\/supplier-audits\\\/\",\"name\":\"Tedarik\u00e7i Denetimi & Y\u00f6netimi - Global Alliance Register\",\"isPartOf\":{\"@id\":\"https:\\\/\\\/globalallianceregister.com\\\/tr\\\/#website\"},\"datePublished\":\"2010-12-29T13:32:33+00:00\",\"dateModified\":\"2016-02-04T17:36:23+00:00\",\"breadcrumb\":{\"@id\":\"https:\\\/\\\/globalallianceregister.com\\\/tr\\\/services\\\/conformity-assessment\\\/supplier-audits\\\/#breadcrumb\"},\"inLanguage\":\"tr\",\"potentialAction\":[{\"@type\":\"ReadAction\",\"target\":[[\"https:\\\/\\\/globalallianceregister.com\\\/tr\\\/services\\\/conformity-assessment\\\/supplier-audits\\\/\"]]}]},{\"@type\":\"BreadcrumbList\",\"@id\":\"https:\\\/\\\/globalallianceregister.com\\\/tr\\\/services\\\/conformity-assessment\\\/supplier-audits\\\/#breadcrumb\",\"itemListElement\":[{\"@type\":\"ListItem\",\"position\":1,\"name\":\"Anasayfa\",\"item\":\"https:\\\/\\\/globalallianceregister.com\\\/tr\\\/\"},{\"@type\":\"ListItem\",\"position\":2,\"name\":\"Tedarik\u00e7i Denetimi &#038; Y\u00f6netimi\"}]},{\"@type\":\"WebSite\",\"@id\":\"https:\\\/\\\/globalallianceregister.com\\\/tr\\\/#website\",\"url\":\"https:\\\/\\\/globalallianceregister.com\\\/tr\\\/\",\"name\":\"Global Alliance Register\",\"description\":\"(EN) Together for Excellence\",\"potentialAction\":[{\"@type\":\"SearchAction\",\"target\":{\"@type\":\"EntryPoint\",\"urlTemplate\":\"https:\\\/\\\/globalallianceregister.com\\\/tr\\\/?s={search_term_string}\"},\"query-input\":{\"@type\":\"PropertyValueSpecification\",\"valueRequired\":true,\"valueName\":\"search_term_string\"}}],\"inLanguage\":\"tr\"}]}<\/script>\n<!-- \/ Yoast SEO plugin. -->","yoast_head_json":{"title":"Tedarik\u00e7i Denetimi & Y\u00f6netimi - Global Alliance Register","robots":{"index":"index","follow":"follow","max-snippet":"max-snippet:-1","max-image-preview":"max-image-preview:large","max-video-preview":"max-video-preview:-1"},"canonical":"https:\/\/globalallianceregister.com\/tr\/services\/conformity-assessment\/supplier-audits\/","og_locale":"tr_TR","og_type":"article","og_title":"Tedarik\u00e7i Denetimi & Y\u00f6netimi - Global Alliance Register","og_description":"Global Alliance Register T\u00fcrkiye\u2019de ve uluslararas\u0131 ofis a\u011f\u0131yla t\u00fcm d\u00fcnyada; imalat, sevkiyat, m\u00fchendislik, tasar\u0131m, faturalama ve kalite kontrol a\u015famas\u0131nda tedarik\u00e7i taraf\u0131nda olas\u0131 uygunsuzluklar\u0131 tespit amac\u0131yla m\u00fc\u015fteri bazl\u0131 &#8220;Tedarik\u00e7i Denetimi &amp;...","og_url":"https:\/\/globalallianceregister.com\/tr\/services\/conformity-assessment\/supplier-audits\/","og_site_name":"Global Alliance Register","article_modified_time":"2016-02-04T17:36:23+00:00","twitter_misc":{"Tahmini okuma s\u00fcresi":"2 dakika"},"schema":{"@context":"https:\/\/schema.org","@graph":[{"@type":"WebPage","@id":"https:\/\/globalallianceregister.com\/tr\/services\/conformity-assessment\/supplier-audits\/","url":"https:\/\/globalallianceregister.com\/tr\/services\/conformity-assessment\/supplier-audits\/","name":"Tedarik\u00e7i Denetimi & Y\u00f6netimi - Global Alliance Register","isPartOf":{"@id":"https:\/\/globalallianceregister.com\/tr\/#website"},"datePublished":"2010-12-29T13:32:33+00:00","dateModified":"2016-02-04T17:36:23+00:00","breadcrumb":{"@id":"https:\/\/globalallianceregister.com\/tr\/services\/conformity-assessment\/supplier-audits\/#breadcrumb"},"inLanguage":"tr","potentialAction":[{"@type":"ReadAction","target":[["https:\/\/globalallianceregister.com\/tr\/services\/conformity-assessment\/supplier-audits\/"]]}]},{"@type":"BreadcrumbList","@id":"https:\/\/globalallianceregister.com\/tr\/services\/conformity-assessment\/supplier-audits\/#breadcrumb","itemListElement":[{"@type":"ListItem","position":1,"name":"Anasayfa","item":"https:\/\/globalallianceregister.com\/tr\/"},{"@type":"ListItem","position":2,"name":"Tedarik\u00e7i Denetimi &#038; Y\u00f6netimi"}]},{"@type":"WebSite","@id":"https:\/\/globalallianceregister.com\/tr\/#website","url":"https:\/\/globalallianceregister.com\/tr\/","name":"Global Alliance Register","description":"(EN) Together for Excellence","potentialAction":[{"@type":"SearchAction","target":{"@type":"EntryPoint","urlTemplate":"https:\/\/globalallianceregister.com\/tr\/?s={search_term_string}"},"query-input":{"@type":"PropertyValueSpecification","valueRequired":true,"valueName":"search_term_string"}}],"inLanguage":"tr"}]}},"_links":{"self":[{"href":"https:\/\/globalallianceregister.com\/tr\/wp-json\/wp\/v2\/pages\/217","targetHints":{"allow":["GET"]}}],"collection":[{"href":"https:\/\/globalallianceregister.com\/tr\/wp-json\/wp\/v2\/pages"}],"about":[{"href":"https:\/\/globalallianceregister.com\/tr\/wp-json\/wp\/v2\/types\/page"}],"author":[{"embeddable":true,"href":"https:\/\/globalallianceregister.com\/tr\/wp-json\/wp\/v2\/users\/10"}],"replies":[{"embeddable":true,"href":"https:\/\/globalallianceregister.com\/tr\/wp-json\/wp\/v2\/comments?post=217"}],"version-history":[{"count":0,"href":"https:\/\/globalallianceregister.com\/tr\/wp-json\/wp\/v2\/pages\/217\/revisions"}],"up":[{"embeddable":true,"href":"https:\/\/globalallianceregister.com\/tr\/wp-json\/wp\/v2\/pages\/167"}],"wp:attachment":[{"href":"https:\/\/globalallianceregister.com\/tr\/wp-json\/wp\/v2\/media?parent=217"}],"curies":[{"name":"wp","href":"https:\/\/api.w.org\/{rel}","templated":true}]}}