{"id":2174,"date":"2014-12-15T19:58:42","date_gmt":"2014-12-15T19:58:42","guid":{"rendered":"https:\/\/globalallianceregister.com\/?page_id=2174"},"modified":"2016-02-04T14:30:38","modified_gmt":"2016-02-04T14:30:38","slug":"turkce-kaynakteknoljileriegitimi","status":"publish","type":"page","link":"https:\/\/globalallianceregister.com\/tr\/services\/egitim\/turkce-kaynakteknoljileriegitimi\/","title":{"rendered":"Kaynak Teknolojileri E\u011fitim Program\u0131"},"content":{"rendered":"<table width=\"563\">\n<tbody>\n<tr>\n<td width=\"107\"><strong>E\u011fitim Kodu<\/strong><\/td>\n<td width=\"389\"><strong>E\u011fitim Konusu<\/strong><\/td>\n<td colspan=\"2\" width=\"67\"><strong>S\u00fcre<\/strong><\/td>\n<\/tr>\n<tr>\n<td>GAA-END-001<\/td>\n<td width=\"389\"><a href=\"https:\/\/globalallianceregister.com\/?p=5341\" target=\"_blank\">EN 14731 Kaynak Koordinasyon Personeli E\u011fitimi<\/a><\/td>\n<td>3<\/td>\n<td>g\u00fcn<\/td>\n<\/tr>\n<tr>\n<td>GAA-END-002<\/td>\n<td width=\"389\"><a href=\"https:\/\/globalallianceregister.com\/?p=2498\" target=\"_blank\">Kaynak\u00e7\u0131 E\u011fitimi &amp; Sertifikasyonu<\/a><\/td>\n<td>\u00a0*<\/td>\n<td>*<\/td>\n<\/tr>\n<tr>\n<td>GAA-END-004<\/td>\n<td width=\"389\"><a href=\"https:\/\/globalallianceregister.com\/?p=2500\" target=\"_blank\">ISO 3834 Metalik Malzemelerin Ergitme Kayna\u011f\u0131 i\u00e7in Kalite \u015eartlar\u0131<\/a><\/td>\n<td>2<\/td>\n<td>G\u00fcn<\/td>\n<\/tr>\n<tr>\n<td>GAA-END-005<\/td>\n<td width=\"389\"><a href=\"https:\/\/globalallianceregister.com\/?p=5333\" target=\"_blank\">EN 719 Kaynak S\u00fcperviz\u00f6r\u00fc \u2013 Seviye 1 &#8211; G\u00f6zle Muayene E\u011fitimi<\/a><\/td>\n<td>\u00a024<\/td>\n<td>\u00a0Saat<\/td>\n<\/tr>\n<tr>\n<td>GAA-END-006<\/td>\n<td width=\"389\"><a href=\"https:\/\/globalallianceregister.com\/?p=5335\" target=\"_blank\">EN 719 Kaynak S\u00fcperviz\u00f6r\u00fc \u2013 Seviye 2\u00a0<\/a><\/td>\n<td>40\u00a0<\/td>\n<td>Saat\u00a0<\/td>\n<\/tr>\n<tr>\n<td>GAA-END-007<\/td>\n<td width=\"389\"><a href=\"https:\/\/globalallianceregister.com\/?p=5337\" target=\"_blank\">EN 719 Kaynak S\u00fcperviz\u00f6r\u00fc \u2013 Seviye 3<\/a><\/td>\n<td>\u00a040<\/td>\n<td>\u00a0Saat<\/td>\n<\/tr>\n<\/tbody>\n<\/table>","protected":false},"excerpt":{"rendered":"<p>E\u011fitim Kodu E\u011fitim Konusu S\u00fcre GAA-END-001 EN 14731 Kaynak Koordinasyon Personeli E\u011fitimi 3 g\u00fcn GAA-END-002 Kaynak\u00e7\u0131 E\u011fitimi &amp; Sertifikasyonu \u00a0* * GAA-END-004 ISO 3834 Metalik Malzemelerin Ergitme Kayna\u011f\u0131 i\u00e7in Kalite&#8230; <\/p>\n","protected":false},"author":10,"featured_media":5171,"parent":103,"menu_order":4,"comment_status":"closed","ping_status":"closed","template":"page-full.php","meta":{"_acf_changed":false,"om_disable_all_campaigns":false,"footnotes":""},"class_list":["post-2174","page","type-page","status-publish","has-post-thumbnail","hentry"],"acf":[],"yoast_head":"<!-- This site is optimized with the Yoast SEO plugin v27.4 - https:\/\/yoast.com\/product\/yoast-seo-wordpress\/ -->\n<title>Kaynak Teknolojileri E\u011fitim Program\u0131 - Global Alliance Register<\/title>\n<meta name=\"robots\" content=\"index, follow, max-snippet:-1, max-image-preview:large, max-video-preview:-1\" \/>\n<link rel=\"canonical\" href=\"https:\/\/globalallianceregister.com\/tr\/services\/egitim\/turkce-kaynakteknoljileriegitimi\/\" \/>\n<meta property=\"og:locale\" content=\"tr_TR\" \/>\n<meta property=\"og:type\" content=\"article\" \/>\n<meta property=\"og:title\" content=\"Kaynak Teknolojileri E\u011fitim Program\u0131 - Global Alliance Register\" \/>\n<meta property=\"og:description\" content=\"E\u011fitim Kodu E\u011fitim Konusu S\u00fcre GAA-END-001 EN 14731 Kaynak Koordinasyon Personeli E\u011fitimi 3 g\u00fcn GAA-END-002 Kaynak\u00e7\u0131 E\u011fitimi &amp; Sertifikasyonu \u00a0* * GAA-END-004 ISO 3834 Metalik Malzemelerin Ergitme Kayna\u011f\u0131 i\u00e7in Kalite...\" \/>\n<meta property=\"og:url\" content=\"https:\/\/globalallianceregister.com\/tr\/services\/egitim\/turkce-kaynakteknoljileriegitimi\/\" \/>\n<meta property=\"og:site_name\" content=\"Global Alliance Register\" \/>\n<meta property=\"article:modified_time\" content=\"2016-02-04T14:30:38+00:00\" \/>\n<meta property=\"og:image\" content=\"https:\/\/globalallianceregister.com\/wp-content\/uploads\/2015\/08\/Training-Inner-Page.jpg\" \/>\n\t<meta property=\"og:image:width\" content=\"614\" \/>\n\t<meta property=\"og:image:height\" content=\"200\" \/>\n\t<meta property=\"og:image:type\" content=\"image\/jpeg\" \/>\n<script type=\"application\/ld+json\" class=\"yoast-schema-graph\">{\"@context\":\"https:\\\/\\\/schema.org\",\"@graph\":[{\"@type\":\"WebPage\",\"@id\":\"https:\\\/\\\/globalallianceregister.com\\\/tr\\\/services\\\/egitim\\\/turkce-kaynakteknoljileriegitimi\\\/\",\"url\":\"https:\\\/\\\/globalallianceregister.com\\\/tr\\\/services\\\/egitim\\\/turkce-kaynakteknoljileriegitimi\\\/\",\"name\":\"Kaynak Teknolojileri E\u011fitim Program\u0131 - Global Alliance Register\",\"isPartOf\":{\"@id\":\"https:\\\/\\\/globalallianceregister.com\\\/tr\\\/#website\"},\"primaryImageOfPage\":{\"@id\":\"https:\\\/\\\/globalallianceregister.com\\\/tr\\\/services\\\/egitim\\\/turkce-kaynakteknoljileriegitimi\\\/#primaryimage\"},\"image\":{\"@id\":\"https:\\\/\\\/globalallianceregister.com\\\/services\\\/egitim\\\/turkce-kaynakteknoljileriegitimi\\\/#primaryimage\"},\"thumbnailUrl\":\"https:\\\/\\\/globalallianceregister.com\\\/wp-content\\\/uploads\\\/2015\\\/08\\\/Training-Inner-Page.jpg\",\"datePublished\":\"2014-12-15T19:58:42+00:00\",\"dateModified\":\"2016-02-04T14:30:38+00:00\",\"breadcrumb\":{\"@id\":\"https:\\\/\\\/globalallianceregister.com\\\/tr\\\/services\\\/egitim\\\/turkce-kaynakteknoljileriegitimi\\\/#breadcrumb\"},\"inLanguage\":\"tr\",\"potentialAction\":[{\"@type\":\"ReadAction\",\"target\":[[\"https:\\\/\\\/globalallianceregister.com\\\/tr\\\/services\\\/egitim\\\/turkce-kaynakteknoljileriegitimi\\\/\"]]}]},{\"@type\":\"ImageObject\",\"inLanguage\":\"tr\",\"@id\":\"https:\\\/\\\/globalallianceregister.com\\\/tr\\\/services\\\/egitim\\\/turkce-kaynakteknoljileriegitimi\\\/#primaryimage\",\"url\":\"https:\\\/\\\/globalallianceregister.com\\\/wp-content\\\/uploads\\\/2015\\\/08\\\/Training-Inner-Page.jpg\",\"contentUrl\":\"https:\\\/\\\/globalallianceregister.com\\\/wp-content\\\/uploads\\\/2015\\\/08\\\/Training-Inner-Page.jpg\",\"width\":614,\"height\":200},{\"@type\":\"BreadcrumbList\",\"@id\":\"https:\\\/\\\/globalallianceregister.com\\\/tr\\\/services\\\/egitim\\\/turkce-kaynakteknoljileriegitimi\\\/#breadcrumb\",\"itemListElement\":[{\"@type\":\"ListItem\",\"position\":1,\"name\":\"Anasayfa\",\"item\":\"https:\\\/\\\/globalallianceregister.com\\\/tr\\\/\"},{\"@type\":\"ListItem\",\"position\":2,\"name\":\"Hizmetler\",\"item\":\"https:\\\/\\\/globalallianceregister.com\\\/tr\\\/services\\\/\"},{\"@type\":\"ListItem\",\"position\":3,\"name\":\"E\u011fitim\",\"item\":\"https:\\\/\\\/globalallianceregister.com\\\/tr\\\/services\\\/egitim\\\/\"},{\"@type\":\"ListItem\",\"position\":4,\"name\":\"(TR) Kaynak Teknolojileri E\u011fitim Program\u0131\"}]},{\"@type\":\"WebSite\",\"@id\":\"https:\\\/\\\/globalallianceregister.com\\\/tr\\\/#website\",\"url\":\"https:\\\/\\\/globalallianceregister.com\\\/tr\\\/\",\"name\":\"Global Alliance Register\",\"description\":\"(EN) Together for Excellence\",\"potentialAction\":[{\"@type\":\"SearchAction\",\"target\":{\"@type\":\"EntryPoint\",\"urlTemplate\":\"https:\\\/\\\/globalallianceregister.com\\\/tr\\\/?s={search_term_string}\"},\"query-input\":{\"@type\":\"PropertyValueSpecification\",\"valueRequired\":true,\"valueName\":\"search_term_string\"}}],\"inLanguage\":\"tr\"}]}<\/script>\n<!-- \/ Yoast SEO plugin. -->","yoast_head_json":{"title":"Kaynak Teknolojileri E\u011fitim Program\u0131 - Global Alliance Register","robots":{"index":"index","follow":"follow","max-snippet":"max-snippet:-1","max-image-preview":"max-image-preview:large","max-video-preview":"max-video-preview:-1"},"canonical":"https:\/\/globalallianceregister.com\/tr\/services\/egitim\/turkce-kaynakteknoljileriegitimi\/","og_locale":"tr_TR","og_type":"article","og_title":"Kaynak Teknolojileri E\u011fitim Program\u0131 - Global Alliance Register","og_description":"E\u011fitim Kodu E\u011fitim Konusu S\u00fcre GAA-END-001 EN 14731 Kaynak Koordinasyon Personeli E\u011fitimi 3 g\u00fcn GAA-END-002 Kaynak\u00e7\u0131 E\u011fitimi &amp; Sertifikasyonu \u00a0* * GAA-END-004 ISO 3834 Metalik Malzemelerin Ergitme Kayna\u011f\u0131 i\u00e7in Kalite...","og_url":"https:\/\/globalallianceregister.com\/tr\/services\/egitim\/turkce-kaynakteknoljileriegitimi\/","og_site_name":"Global Alliance Register","article_modified_time":"2016-02-04T14:30:38+00:00","og_image":[{"width":614,"height":200,"url":"https:\/\/globalallianceregister.com\/wp-content\/uploads\/2015\/08\/Training-Inner-Page.jpg","type":"image\/jpeg"}],"schema":{"@context":"https:\/\/schema.org","@graph":[{"@type":"WebPage","@id":"https:\/\/globalallianceregister.com\/tr\/services\/egitim\/turkce-kaynakteknoljileriegitimi\/","url":"https:\/\/globalallianceregister.com\/tr\/services\/egitim\/turkce-kaynakteknoljileriegitimi\/","name":"Kaynak Teknolojileri E\u011fitim Program\u0131 - Global Alliance Register","isPartOf":{"@id":"https:\/\/globalallianceregister.com\/tr\/#website"},"primaryImageOfPage":{"@id":"https:\/\/globalallianceregister.com\/tr\/services\/egitim\/turkce-kaynakteknoljileriegitimi\/#primaryimage"},"image":{"@id":"https:\/\/globalallianceregister.com\/services\/egitim\/turkce-kaynakteknoljileriegitimi\/#primaryimage"},"thumbnailUrl":"https:\/\/globalallianceregister.com\/wp-content\/uploads\/2015\/08\/Training-Inner-Page.jpg","datePublished":"2014-12-15T19:58:42+00:00","dateModified":"2016-02-04T14:30:38+00:00","breadcrumb":{"@id":"https:\/\/globalallianceregister.com\/tr\/services\/egitim\/turkce-kaynakteknoljileriegitimi\/#breadcrumb"},"inLanguage":"tr","potentialAction":[{"@type":"ReadAction","target":[["https:\/\/globalallianceregister.com\/tr\/services\/egitim\/turkce-kaynakteknoljileriegitimi\/"]]}]},{"@type":"ImageObject","inLanguage":"tr","@id":"https:\/\/globalallianceregister.com\/tr\/services\/egitim\/turkce-kaynakteknoljileriegitimi\/#primaryimage","url":"https:\/\/globalallianceregister.com\/wp-content\/uploads\/2015\/08\/Training-Inner-Page.jpg","contentUrl":"https:\/\/globalallianceregister.com\/wp-content\/uploads\/2015\/08\/Training-Inner-Page.jpg","width":614,"height":200},{"@type":"BreadcrumbList","@id":"https:\/\/globalallianceregister.com\/tr\/services\/egitim\/turkce-kaynakteknoljileriegitimi\/#breadcrumb","itemListElement":[{"@type":"ListItem","position":1,"name":"Anasayfa","item":"https:\/\/globalallianceregister.com\/tr\/"},{"@type":"ListItem","position":2,"name":"Hizmetler","item":"https:\/\/globalallianceregister.com\/tr\/services\/"},{"@type":"ListItem","position":3,"name":"E\u011fitim","item":"https:\/\/globalallianceregister.com\/tr\/services\/egitim\/"},{"@type":"ListItem","position":4,"name":"(TR) Kaynak Teknolojileri E\u011fitim Program\u0131"}]},{"@type":"WebSite","@id":"https:\/\/globalallianceregister.com\/tr\/#website","url":"https:\/\/globalallianceregister.com\/tr\/","name":"Global Alliance Register","description":"(EN) Together for Excellence","potentialAction":[{"@type":"SearchAction","target":{"@type":"EntryPoint","urlTemplate":"https:\/\/globalallianceregister.com\/tr\/?s={search_term_string}"},"query-input":{"@type":"PropertyValueSpecification","valueRequired":true,"valueName":"search_term_string"}}],"inLanguage":"tr"}]}},"_links":{"self":[{"href":"https:\/\/globalallianceregister.com\/tr\/wp-json\/wp\/v2\/pages\/2174","targetHints":{"allow":["GET"]}}],"collection":[{"href":"https:\/\/globalallianceregister.com\/tr\/wp-json\/wp\/v2\/pages"}],"about":[{"href":"https:\/\/globalallianceregister.com\/tr\/wp-json\/wp\/v2\/types\/page"}],"author":[{"embeddable":true,"href":"https:\/\/globalallianceregister.com\/tr\/wp-json\/wp\/v2\/users\/10"}],"replies":[{"embeddable":true,"href":"https:\/\/globalallianceregister.com\/tr\/wp-json\/wp\/v2\/comments?post=2174"}],"version-history":[{"count":0,"href":"https:\/\/globalallianceregister.com\/tr\/wp-json\/wp\/v2\/pages\/2174\/revisions"}],"up":[{"embeddable":true,"href":"https:\/\/globalallianceregister.com\/tr\/wp-json\/wp\/v2\/pages\/103"}],"wp:featuredmedia":[{"embeddable":true,"href":"https:\/\/globalallianceregister.com\/tr\/wp-json\/wp\/v2\/media\/5171"}],"wp:attachment":[{"href":"https:\/\/globalallianceregister.com\/tr\/wp-json\/wp\/v2\/media?parent=2174"}],"curies":[{"name":"wp","href":"https:\/\/api.w.org\/{rel}","templated":true}]}}