{"id":2195,"date":"2014-12-16T16:52:12","date_gmt":"2014-12-16T16:52:12","guid":{"rendered":"https:\/\/globalallianceregister.com\/?page_id=2195"},"modified":"2015-12-11T16:39:26","modified_gmt":"2015-12-11T16:39:26","slug":"turkce-isots-16949-otomotiv-sektoru-kalite-yonetim-sistemi-bilinclendirme-egitimi-2-gun","status":"publish","type":"page","link":"https:\/\/globalallianceregister.com\/tr\/services\/egitim\/turkce-yonetim-sistemleri\/turkce-isots-16949-otomotiv-sektoru-kalite-yonetim-sistemi-bilinclendirme-egitimi-2-gun\/","title":{"rendered":"ISO\/TS 16949 Otomotiv Sekt\u00f6r\u00fc Kalite Y\u00f6netim Sistemi Bilin\u00e7lendirme E\u011fitimi \u2013 2 g\u00fcn"},"content":{"rendered":"<p><strong>\u00a0<\/strong><\/p>\n<p><strong>Kat\u0131l\u0131mc\u0131 Profili<\/strong><\/p>\n<ul>\n<li>ISO\/TS 16949 Kalite Y\u00f6netim Sistem kurmakta olan veya mevcut sistemlerini geli\u015ftirmek isteyen firmalar\u0131n ilgili personeli ve y\u00f6neticileri.<\/li>\n<\/ul>\n<p>&nbsp;<\/p>\n<p><strong>Hedeflenen Sonu\u00e7<\/strong><\/p>\n<ul>\n<li>ISO\/TS 16949 Standard\u0131, Otomotiv Sekt\u00f6r\u00fcnde t\u00fcm mevcut Otomotiv Standartlar\u0131n\u0131n yerine ge\u00e7ecek bir Standart olarak ISO taraf\u0131ndan olu\u015fturulmu\u015ftur. Ford, Chrysler ve General Motors taraf\u0131ndan \u00e7\u0131kar\u0131lm\u0131\u015f olan QS 9000 Standard\u0131 ile Frans\u0131z EAQF, Alman VDA ve \u0130talyan ANFIA Otomotiv Standartlar\u0131n\u0131n gerekliliklerini kar\u015f\u0131layacak \u015fekilde olu\u015fturulmu\u015f Uluslararas\u0131 bir Teknik Spesifikasyondur.Bu standart d\u00fcnyadaki t\u00fcm otomotiv ana sanayi (OEM) firmalar\u0131 taraf\u0131ndan kabul edilmekte ve desteklenmektedir. Bu Standard\u0131n olu\u015fturulmas\u0131ndaki ama\u00e7; Otomotiv Yan Sanayileri Kalite Y\u00f6netim Sistemlerinin t\u00fcm d\u00fcnyada kabul g\u00f6ren ortak kriterlere g\u00f6re denetlenmesi ve de\u011ferlendirilmesidir. Bu e\u011fitim program\u0131n\u0131n hedefi, kat\u0131l\u0131mc\u0131lara ISO\/TS16949 Standard\u0131n\u0131 a\u00e7\u0131klamak, Standart uygulamalardan \u00f6rnekler vererek tan\u0131tmak ve kat\u0131l\u0131mc\u0131lar\u0131n kendi firma ve sistemlerinde standartla ilgili \u015fartlar\u0131 uygulayabilmeleri ve geli\u015ftirebilmeleri i\u00e7in gerekli bilgi ve birikim ortam\u0131n\u0131 yaratmakt\u0131r.<\/li>\n<\/ul>\n<p>&nbsp;<\/p>\n<p><strong>E\u011fitim \u0130\u00e7eri\u011fi<\/strong><\/p>\n<ul>\n<li>ISO\/TS 16949 Standard\u0131n\u0131n Geli\u015fimi<\/li>\n<\/ul>\n<ul>\n<li>Standart Gereklerinin Ayr\u0131nt\u0131l\u0131 Tan\u0131t\u0131m\u0131<\/li>\n<\/ul>\n<ul>\n<li>\u0130lgili Temel Kavramlar\u0131n Tan\u0131t\u0131m\u0131<\/li>\n<\/ul>\n<ul>\n<li>\u00c7e\u015fitli \u00d6rnekler Ve Uygulamalar<\/li>\n<\/ul>\n<p>&nbsp;<\/p>\n<p><strong>Sertifika<\/strong><\/p>\n<ul>\n<li>E\u011fitimi tamamlayan t\u00fcm kat\u0131l\u0131mc\u0131lara GLOBAL ALLIANCE ACADEMY taraf\u0131ndan, &#8220;ISO\/TS 16949 Otomotiv Sekt\u00f6r\u00fc Kalite Y\u00f6netim Sistemi Bilin\u00e7lendirme E\u011fitimi Kat\u0131l\u0131m Sertifikas\u0131&#8221; verilecektir.<\/li>\n<\/ul>\n<p>&nbsp;<\/p>","protected":false},"excerpt":{"rendered":"<p>\u00a0 Kat\u0131l\u0131mc\u0131 Profili ISO\/TS 16949 Kalite Y\u00f6netim Sistem kurmakta olan veya mevcut sistemlerini geli\u015ftirmek isteyen firmalar\u0131n ilgili personeli ve y\u00f6neticileri. &nbsp; Hedeflenen Sonu\u00e7 ISO\/TS 16949 Standard\u0131, Otomotiv Sekt\u00f6r\u00fcnde t\u00fcm mevcut&#8230; <\/p>\n","protected":false},"author":10,"featured_media":5171,"parent":2143,"menu_order":18,"comment_status":"closed","ping_status":"closed","template":"page-full.php","meta":{"_acf_changed":false,"om_disable_all_campaigns":false,"footnotes":""},"class_list":["post-2195","page","type-page","status-publish","has-post-thumbnail","hentry"],"acf":[],"yoast_head":"<!-- This site is optimized with the Yoast SEO plugin v27.4 - https:\/\/yoast.com\/product\/yoast-seo-wordpress\/ -->\n<title>ISO\/TS 16949 Otomotiv Sekt\u00f6r\u00fc Kalite Y\u00f6netim Sistemi Bilin\u00e7lendirme E\u011fitimi \u2013 2 g\u00fcn - Global Alliance Register<\/title>\n<meta name=\"robots\" content=\"index, follow, max-snippet:-1, max-image-preview:large, max-video-preview:-1\" \/>\n<link rel=\"canonical\" href=\"https:\/\/globalallianceregister.com\/tr\/services\/egitim\/turkce-yonetim-sistemleri\/turkce-isots-16949-otomotiv-sektoru-kalite-yonetim-sistemi-bilinclendirme-egitimi-2-gun\/\" \/>\n<meta property=\"og:locale\" content=\"tr_TR\" \/>\n<meta property=\"og:type\" content=\"article\" \/>\n<meta property=\"og:title\" content=\"ISO\/TS 16949 Otomotiv Sekt\u00f6r\u00fc Kalite Y\u00f6netim Sistemi Bilin\u00e7lendirme E\u011fitimi \u2013 2 g\u00fcn - Global Alliance Register\" \/>\n<meta property=\"og:description\" content=\"\u00a0 Kat\u0131l\u0131mc\u0131 Profili ISO\/TS 16949 Kalite Y\u00f6netim Sistem kurmakta olan veya mevcut sistemlerini geli\u015ftirmek isteyen firmalar\u0131n ilgili personeli ve y\u00f6neticileri. &nbsp; Hedeflenen Sonu\u00e7 ISO\/TS 16949 Standard\u0131, Otomotiv Sekt\u00f6r\u00fcnde t\u00fcm mevcut...\" \/>\n<meta property=\"og:url\" content=\"https:\/\/globalallianceregister.com\/tr\/services\/egitim\/turkce-yonetim-sistemleri\/turkce-isots-16949-otomotiv-sektoru-kalite-yonetim-sistemi-bilinclendirme-egitimi-2-gun\/\" \/>\n<meta property=\"og:site_name\" content=\"Global Alliance Register\" \/>\n<meta property=\"article:modified_time\" content=\"2015-12-11T16:39:26+00:00\" \/>\n<meta property=\"og:image\" content=\"https:\/\/globalallianceregister.com\/wp-content\/uploads\/2015\/08\/Training-Inner-Page.jpg\" \/>\n\t<meta property=\"og:image:width\" content=\"614\" \/>\n\t<meta property=\"og:image:height\" content=\"200\" \/>\n\t<meta property=\"og:image:type\" content=\"image\/jpeg\" \/>\n<meta name=\"twitter:label1\" content=\"Tahmini okuma s\u00fcresi\" \/>\n\t<meta name=\"twitter:data1\" content=\"1 dakika\" \/>\n<script type=\"application\/ld+json\" class=\"yoast-schema-graph\">{\"@context\":\"https:\\\/\\\/schema.org\",\"@graph\":[{\"@type\":\"WebPage\",\"@id\":\"https:\\\/\\\/globalallianceregister.com\\\/tr\\\/services\\\/egitim\\\/turkce-yonetim-sistemleri\\\/turkce-isots-16949-otomotiv-sektoru-kalite-yonetim-sistemi-bilinclendirme-egitimi-2-gun\\\/\",\"url\":\"https:\\\/\\\/globalallianceregister.com\\\/tr\\\/services\\\/egitim\\\/turkce-yonetim-sistemleri\\\/turkce-isots-16949-otomotiv-sektoru-kalite-yonetim-sistemi-bilinclendirme-egitimi-2-gun\\\/\",\"name\":\"ISO\\\/TS 16949 Otomotiv Sekt\u00f6r\u00fc Kalite Y\u00f6netim Sistemi Bilin\u00e7lendirme E\u011fitimi \u2013 2 g\u00fcn - Global Alliance Register\",\"isPartOf\":{\"@id\":\"https:\\\/\\\/globalallianceregister.com\\\/tr\\\/#website\"},\"primaryImageOfPage\":{\"@id\":\"https:\\\/\\\/globalallianceregister.com\\\/tr\\\/services\\\/egitim\\\/turkce-yonetim-sistemleri\\\/turkce-isots-16949-otomotiv-sektoru-kalite-yonetim-sistemi-bilinclendirme-egitimi-2-gun\\\/#primaryimage\"},\"image\":{\"@id\":\"https:\\\/\\\/globalallianceregister.com\\\/tr\\\/services\\\/egitim\\\/turkce-yonetim-sistemleri\\\/turkce-isots-16949-otomotiv-sektoru-kalite-yonetim-sistemi-bilinclendirme-egitimi-2-gun\\\/#primaryimage\"},\"thumbnailUrl\":\"https:\\\/\\\/globalallianceregister.com\\\/wp-content\\\/uploads\\\/2015\\\/08\\\/Training-Inner-Page.jpg\",\"datePublished\":\"2014-12-16T16:52:12+00:00\",\"dateModified\":\"2015-12-11T16:39:26+00:00\",\"breadcrumb\":{\"@id\":\"https:\\\/\\\/globalallianceregister.com\\\/tr\\\/services\\\/egitim\\\/turkce-yonetim-sistemleri\\\/turkce-isots-16949-otomotiv-sektoru-kalite-yonetim-sistemi-bilinclendirme-egitimi-2-gun\\\/#breadcrumb\"},\"inLanguage\":\"tr\",\"potentialAction\":[{\"@type\":\"ReadAction\",\"target\":[[\"https:\\\/\\\/globalallianceregister.com\\\/tr\\\/services\\\/egitim\\\/turkce-yonetim-sistemleri\\\/turkce-isots-16949-otomotiv-sektoru-kalite-yonetim-sistemi-bilinclendirme-egitimi-2-gun\\\/\"]]}]},{\"@type\":\"ImageObject\",\"inLanguage\":\"tr\",\"@id\":\"https:\\\/\\\/globalallianceregister.com\\\/tr\\\/services\\\/egitim\\\/turkce-yonetim-sistemleri\\\/turkce-isots-16949-otomotiv-sektoru-kalite-yonetim-sistemi-bilinclendirme-egitimi-2-gun\\\/#primaryimage\",\"url\":\"https:\\\/\\\/globalallianceregister.com\\\/wp-content\\\/uploads\\\/2015\\\/08\\\/Training-Inner-Page.jpg\",\"contentUrl\":\"https:\\\/\\\/globalallianceregister.com\\\/wp-content\\\/uploads\\\/2015\\\/08\\\/Training-Inner-Page.jpg\",\"width\":614,\"height\":200},{\"@type\":\"BreadcrumbList\",\"@id\":\"https:\\\/\\\/globalallianceregister.com\\\/tr\\\/services\\\/egitim\\\/turkce-yonetim-sistemleri\\\/turkce-isots-16949-otomotiv-sektoru-kalite-yonetim-sistemi-bilinclendirme-egitimi-2-gun\\\/#breadcrumb\",\"itemListElement\":[{\"@type\":\"ListItem\",\"position\":1,\"name\":\"Anasayfa\",\"item\":\"https:\\\/\\\/globalallianceregister.com\\\/tr\\\/\"},{\"@type\":\"ListItem\",\"position\":2,\"name\":\"ISO\\\/TS 16949 Otomotiv Sekt\u00f6r\u00fc Kalite Y\u00f6netim Sistemi Bilin\u00e7lendirme E\u011fitimi \u2013 2 g\u00fcn\"}]},{\"@type\":\"WebSite\",\"@id\":\"https:\\\/\\\/globalallianceregister.com\\\/tr\\\/#website\",\"url\":\"https:\\\/\\\/globalallianceregister.com\\\/tr\\\/\",\"name\":\"Global Alliance Register\",\"description\":\"(EN) Together for Excellence\",\"potentialAction\":[{\"@type\":\"SearchAction\",\"target\":{\"@type\":\"EntryPoint\",\"urlTemplate\":\"https:\\\/\\\/globalallianceregister.com\\\/tr\\\/?s={search_term_string}\"},\"query-input\":{\"@type\":\"PropertyValueSpecification\",\"valueRequired\":true,\"valueName\":\"search_term_string\"}}],\"inLanguage\":\"tr\"}]}<\/script>\n<!-- \/ Yoast SEO plugin. -->","yoast_head_json":{"title":"ISO\/TS 16949 Otomotiv Sekt\u00f6r\u00fc Kalite Y\u00f6netim Sistemi Bilin\u00e7lendirme E\u011fitimi \u2013 2 g\u00fcn - Global Alliance Register","robots":{"index":"index","follow":"follow","max-snippet":"max-snippet:-1","max-image-preview":"max-image-preview:large","max-video-preview":"max-video-preview:-1"},"canonical":"https:\/\/globalallianceregister.com\/tr\/services\/egitim\/turkce-yonetim-sistemleri\/turkce-isots-16949-otomotiv-sektoru-kalite-yonetim-sistemi-bilinclendirme-egitimi-2-gun\/","og_locale":"tr_TR","og_type":"article","og_title":"ISO\/TS 16949 Otomotiv Sekt\u00f6r\u00fc Kalite Y\u00f6netim Sistemi Bilin\u00e7lendirme E\u011fitimi \u2013 2 g\u00fcn - Global Alliance Register","og_description":"\u00a0 Kat\u0131l\u0131mc\u0131 Profili ISO\/TS 16949 Kalite Y\u00f6netim Sistem kurmakta olan veya mevcut sistemlerini geli\u015ftirmek isteyen firmalar\u0131n ilgili personeli ve y\u00f6neticileri. &nbsp; Hedeflenen Sonu\u00e7 ISO\/TS 16949 Standard\u0131, Otomotiv Sekt\u00f6r\u00fcnde t\u00fcm mevcut...","og_url":"https:\/\/globalallianceregister.com\/tr\/services\/egitim\/turkce-yonetim-sistemleri\/turkce-isots-16949-otomotiv-sektoru-kalite-yonetim-sistemi-bilinclendirme-egitimi-2-gun\/","og_site_name":"Global Alliance Register","article_modified_time":"2015-12-11T16:39:26+00:00","og_image":[{"width":614,"height":200,"url":"https:\/\/globalallianceregister.com\/wp-content\/uploads\/2015\/08\/Training-Inner-Page.jpg","type":"image\/jpeg"}],"twitter_misc":{"Tahmini okuma s\u00fcresi":"1 dakika"},"schema":{"@context":"https:\/\/schema.org","@graph":[{"@type":"WebPage","@id":"https:\/\/globalallianceregister.com\/tr\/services\/egitim\/turkce-yonetim-sistemleri\/turkce-isots-16949-otomotiv-sektoru-kalite-yonetim-sistemi-bilinclendirme-egitimi-2-gun\/","url":"https:\/\/globalallianceregister.com\/tr\/services\/egitim\/turkce-yonetim-sistemleri\/turkce-isots-16949-otomotiv-sektoru-kalite-yonetim-sistemi-bilinclendirme-egitimi-2-gun\/","name":"ISO\/TS 16949 Otomotiv Sekt\u00f6r\u00fc Kalite Y\u00f6netim Sistemi Bilin\u00e7lendirme E\u011fitimi \u2013 2 g\u00fcn - Global Alliance Register","isPartOf":{"@id":"https:\/\/globalallianceregister.com\/tr\/#website"},"primaryImageOfPage":{"@id":"https:\/\/globalallianceregister.com\/tr\/services\/egitim\/turkce-yonetim-sistemleri\/turkce-isots-16949-otomotiv-sektoru-kalite-yonetim-sistemi-bilinclendirme-egitimi-2-gun\/#primaryimage"},"image":{"@id":"https:\/\/globalallianceregister.com\/tr\/services\/egitim\/turkce-yonetim-sistemleri\/turkce-isots-16949-otomotiv-sektoru-kalite-yonetim-sistemi-bilinclendirme-egitimi-2-gun\/#primaryimage"},"thumbnailUrl":"https:\/\/globalallianceregister.com\/wp-content\/uploads\/2015\/08\/Training-Inner-Page.jpg","datePublished":"2014-12-16T16:52:12+00:00","dateModified":"2015-12-11T16:39:26+00:00","breadcrumb":{"@id":"https:\/\/globalallianceregister.com\/tr\/services\/egitim\/turkce-yonetim-sistemleri\/turkce-isots-16949-otomotiv-sektoru-kalite-yonetim-sistemi-bilinclendirme-egitimi-2-gun\/#breadcrumb"},"inLanguage":"tr","potentialAction":[{"@type":"ReadAction","target":[["https:\/\/globalallianceregister.com\/tr\/services\/egitim\/turkce-yonetim-sistemleri\/turkce-isots-16949-otomotiv-sektoru-kalite-yonetim-sistemi-bilinclendirme-egitimi-2-gun\/"]]}]},{"@type":"ImageObject","inLanguage":"tr","@id":"https:\/\/globalallianceregister.com\/tr\/services\/egitim\/turkce-yonetim-sistemleri\/turkce-isots-16949-otomotiv-sektoru-kalite-yonetim-sistemi-bilinclendirme-egitimi-2-gun\/#primaryimage","url":"https:\/\/globalallianceregister.com\/wp-content\/uploads\/2015\/08\/Training-Inner-Page.jpg","contentUrl":"https:\/\/globalallianceregister.com\/wp-content\/uploads\/2015\/08\/Training-Inner-Page.jpg","width":614,"height":200},{"@type":"BreadcrumbList","@id":"https:\/\/globalallianceregister.com\/tr\/services\/egitim\/turkce-yonetim-sistemleri\/turkce-isots-16949-otomotiv-sektoru-kalite-yonetim-sistemi-bilinclendirme-egitimi-2-gun\/#breadcrumb","itemListElement":[{"@type":"ListItem","position":1,"name":"Anasayfa","item":"https:\/\/globalallianceregister.com\/tr\/"},{"@type":"ListItem","position":2,"name":"ISO\/TS 16949 Otomotiv Sekt\u00f6r\u00fc Kalite Y\u00f6netim Sistemi Bilin\u00e7lendirme E\u011fitimi \u2013 2 g\u00fcn"}]},{"@type":"WebSite","@id":"https:\/\/globalallianceregister.com\/tr\/#website","url":"https:\/\/globalallianceregister.com\/tr\/","name":"Global Alliance Register","description":"(EN) Together for Excellence","potentialAction":[{"@type":"SearchAction","target":{"@type":"EntryPoint","urlTemplate":"https:\/\/globalallianceregister.com\/tr\/?s={search_term_string}"},"query-input":{"@type":"PropertyValueSpecification","valueRequired":true,"valueName":"search_term_string"}}],"inLanguage":"tr"}]}},"_links":{"self":[{"href":"https:\/\/globalallianceregister.com\/tr\/wp-json\/wp\/v2\/pages\/2195","targetHints":{"allow":["GET"]}}],"collection":[{"href":"https:\/\/globalallianceregister.com\/tr\/wp-json\/wp\/v2\/pages"}],"about":[{"href":"https:\/\/globalallianceregister.com\/tr\/wp-json\/wp\/v2\/types\/page"}],"author":[{"embeddable":true,"href":"https:\/\/globalallianceregister.com\/tr\/wp-json\/wp\/v2\/users\/10"}],"replies":[{"embeddable":true,"href":"https:\/\/globalallianceregister.com\/tr\/wp-json\/wp\/v2\/comments?post=2195"}],"version-history":[{"count":0,"href":"https:\/\/globalallianceregister.com\/tr\/wp-json\/wp\/v2\/pages\/2195\/revisions"}],"up":[{"embeddable":true,"href":"https:\/\/globalallianceregister.com\/tr\/wp-json\/wp\/v2\/pages\/2143"}],"wp:featuredmedia":[{"embeddable":true,"href":"https:\/\/globalallianceregister.com\/tr\/wp-json\/wp\/v2\/media\/5171"}],"wp:attachment":[{"href":"https:\/\/globalallianceregister.com\/tr\/wp-json\/wp\/v2\/media?parent=2195"}],"curies":[{"name":"wp","href":"https:\/\/api.w.org\/{rel}","templated":true}]}}