{"id":22,"date":"2010-12-25T13:30:19","date_gmt":"2010-12-25T13:30:19","guid":{"rendered":"https:\/\/globalallianceregister.com\/?page_id=22"},"modified":"2016-02-11T10:09:42","modified_gmt":"2016-02-11T10:09:42","slug":"transport-logistics","status":"publish","type":"page","link":"https:\/\/globalallianceregister.com\/tr\/sectors\/transport-logistics\/","title":{"rendered":"Ula\u015ft\u0131rma &#038; Lojistik"},"content":{"rendered":"<p><strong>Global Alliance Register Ula\u015ft\u0131rma &amp; Lojistik Grubu; sahip oldu\u011fu uluslararas\u0131 ofis a\u011f\u0131 ve yerel kaynaklar\u0131 ile stratejik i\u015f ortaklar\u0131n\u0131n da sa\u011flad\u0131\u011f\u0131 katk\u0131larla bir \u00e7ok farkl\u0131 alanda \u00f6zellikli \u00e7\u00f6z\u00fcmler sunmakta ve \u00a0m\u00fc\u015fterilerinin yeni yat\u0131r\u0131m projeleri ve i\u015fletmede olan tesisleri i\u00e7in g\u00fcvenilir stratejik i\u015f orta\u011f\u0131 niteli\u011findedir&#8230;<\/strong><\/p>\n<p>GAR Uzmanlar\u0131 Ula\u015ft\u0131rma &amp; Lojistik Sekt\u00f6r\u00fcnde; kamu kurulu\u015flar\u0131, mevzuat haz\u0131rlama otoriteleri, hizmet sa\u011flay\u0131c\u0131lar, altyap\u0131 y\u00fcklenicileri, imalat\u00e7\u0131lar gibi \u00a0t\u00fcm de\u011fer zincirini kapsayacak \u015fekilde ilgili taraflarla y\u00fcr\u00fctmekte oldu\u011fu projelerde olduk\u00e7a ba\u015far\u0131l\u0131 referanslara sahiptir.<\/p>\n<p>Ula\u015ft\u0131rma &amp; Lojistik Sekt\u00f6r\u00fcndeki oyuncular\u0131 her g\u00fcn de\u011fi\u015fiklik arz eden m\u00fc\u015fteri talepleri, i\u015fletme giderlerinin d\u00fc\u015f\u00fcr\u00fclmesine y\u00f6nelik bask\u0131lar ve gelecek d\u00f6nem yat\u0131r\u0131mlar\u0131n\u0131n \u00f6n\u00fcnde duran belirsizlik ile kar\u015f\u0131 kar\u015f\u0131yad\u0131r. Artan e\u011filimde, s\u00fcrd\u00fcr\u00fclebilir \u00e7evre duyarl\u0131 \u00e7\u00f6z\u00fcmler sunulmas\u0131 ve m\u00fc\u015fteriye \u00f6zel hizmet talepleri g\u00fcn\u00fcm\u00fczde s\u00f6z konusu olmaktad\u0131r.<\/p>\n<p>Global Alliance Register m\u00fc\u015fterilerinin t\u00fcm bu zorlu s\u00fcre\u00e7lerle ba\u015fa \u00e7\u0131kabilmesi i\u00e7in sunmakta oldu\u011fu farkl\u0131 kapsamda geleneksel hizmetlerin yan\u0131 s\u0131ra, de\u011fi\u015fime ayak uyduran yeni hizmetler geli\u015ftirmekte, i\u015fletme giderlerinin d\u00fc\u015f\u00fcr\u00fclmesine ve m\u00fc\u015fteri memnuniyetinin artmas\u0131na kritik \u00f6nemde katk\u0131 sa\u011flamaktad\u0131r.<\/p>\n<p>Global Alliance Register Ula\u015ft\u0131rma &amp; Lojistik Sekt\u00f6r\u00fc Uzmanlar\u0131m\u0131z arac\u0131l\u0131\u011f\u0131yla, kamu ve \u00f6zel sekt\u00f6rde faaliyet g\u00f6steren m\u00fc\u015fterilerimize sundu\u011fu \u00e7\u00f6z\u00fcmler ile olduk\u00e7a \u00f6nemli referanslara sahiptirler.<\/p>\n<p>GAR Uzmanlar\u0131 Ula\u015ft\u0131rma &amp; Lojistik Sekt\u00f6r\u00fcnde t\u00fcm zorluklarla ba\u015fa \u00e7\u0131kabilmeniz i\u00e7in yan\u0131 ba\u015f\u0131n\u0131zda\u2026<\/p>\n<h1>\u00c7\u00f6z\u00fcmler<\/h1>\n<table>\n<tbody>\n<tr>\n<td style=\"width: 350px; border-color: #ffffff; text-align: left; vertical-align: middle; background-color: #f7f7f7;\" width=\"250\">\n<ul>\n<li><a href=\"https:\/\/globalallianceregister.com\/tr\/hizmetler\/asistans-hizmetleri\/\" target=\"_blank\">AS\u0130STANS<\/a><\/li>\n<\/ul>\n<\/td>\n<td style=\"width: 350px; border-color: #ffffff; text-align: left; vertical-align: middle; background-color: #f7f7f7;\" width=\"250\">\n<ul style=\"list-style-type: square;\">\n<li><a href=\"https:\/\/globalallianceregister.com\/tr\/hizmetler\/gozetim-ve-termin-kontrolu-hizmetleri\/\" target=\"_blank\">G\u00d6ZET\u0130M<\/a><\/li>\n<\/ul>\n<\/td>\n<td style=\"width: 350px; border-color: #ffffff; text-align: left; vertical-align: middle; background-color: #f7f7f7;\" width=\"251\">\n<ul style=\"list-style-type: square;\">\n<li><a href=\"https:\/\/globalallianceregister.com\/tr\/hizmetler\/danismanlik\/\" target=\"_blank\">DANI\u015eMANLIK<\/a><\/li>\n<\/ul>\n<\/td>\n<\/tr>\n<tr>\n<td style=\"width: 350px; border-color: #ffffff; text-align: left; vertical-align: middle; background-color: #f7f7f7;\" width=\"250\">\n<ul style=\"list-style-type: square;\">\n<li><a href=\"https:\/\/globalallianceregister.com\/tr\/hizmetler\/certification\/\" target=\"_blank\">BELGELEND\u0130RME<\/a><\/li>\n<\/ul>\n<\/td>\n<td style=\"width: 350px; border-color: #ffffff; text-align: left; vertical-align: middle; background-color: #f7f7f7;\" width=\"250\">\n<ul style=\"list-style-type: square;\">\n<li><a href=\"https:\/\/globalallianceregister.com\/tr\/hizmetler\/egitim\/\" target=\"_blank\">E\u011e\u0130T\u0130M<\/a><\/li>\n<\/ul>\n<\/td>\n<td style=\"width: 350px; border-color: #ffffff; text-align: left; vertical-align: middle; background-color: #f7f7f7;\" width=\"251\">\n<ul style=\"list-style-type: square;\">\n<li><a href=\"https:\/\/globalallianceregister.com\/hizmetler\/insaat-proje-yonetimi-musavirlik-hizmetleri\/\" target=\"_blank\">\u0130N\u015eAAT PROJE Y\u00d6NET\u0130M\u0130<\/a><\/li>\n<\/ul>\n<\/td>\n<\/tr>\n<tr>\n<td style=\"width: 350px; border-color: #ffffff; text-align: left; vertical-align: middle; background-color: #f7f7f7;\" width=\"250\">\n<ul style=\"list-style-type: square;\">\n<li><a href=\"https:\/\/globalallianceregister.com\/tr\/hizmetler\/dis-kaynak-tedariki\/\" target=\"_blank\">DI\u015e KAYNAK TEDAR\u0130K\u0130<\/a><\/li>\n<\/ul>\n<\/td>\n<td style=\"width: 350px; border-color: #ffffff; text-align: left; vertical-align: middle; background-color: #f7f7f7;\" width=\"250\">\n<ul style=\"list-style-type: square;\">\n<li><a href=\"https:\/\/globalallianceregister.com\/hizmetler\/karbon-ve-enerji-yonetimi\/\" target=\"_blank\">KARBON VE ENERJ\u0130 Y\u00d6NET\u0130M\u0130<\/a><\/li>\n<\/ul>\n<\/td>\n<td style=\"width: 350px; border-color: #ffffff; text-align: left; vertical-align: middle; background-color: #f7f7f7;\" width=\"251\">\n<ul style=\"list-style-type: square;\">\n<li><a href=\"https:\/\/globalallianceregister.com\/tr\/hizmetler\/kurumsal-sosyal-sorumluluk\/\" target=\"_blank\">KURUMSAL SOSYAL SORULMLULUK<\/a><\/li>\n<\/ul>\n<\/td>\n<\/tr>\n<\/tbody>\n<\/table>","protected":false},"excerpt":{"rendered":"<p>Global Alliance Register Ula\u015ft\u0131rma &amp; Lojistik Grubu; sahip oldu\u011fu uluslararas\u0131 ofis a\u011f\u0131 ve yerel kaynaklar\u0131 ile stratejik i\u015f ortaklar\u0131n\u0131n da sa\u011flad\u0131\u011f\u0131 katk\u0131larla bir \u00e7ok farkl\u0131 alanda \u00f6zellikli \u00e7\u00f6z\u00fcmler sunmakta ve&#8230; <\/p>\n","protected":false},"author":10,"featured_media":5132,"parent":4,"menu_order":6,"comment_status":"closed","ping_status":"closed","template":"page-full.php","meta":{"_acf_changed":false,"om_disable_all_campaigns":false,"footnotes":""},"class_list":["post-22","page","type-page","status-publish","has-post-thumbnail","hentry"],"acf":[],"yoast_head":"<!-- This site is optimized with the Yoast SEO plugin v27.4 - https:\/\/yoast.com\/product\/yoast-seo-wordpress\/ -->\n<title>Ula\u015ft\u0131rma &amp; Lojistik - Global Alliance Register<\/title>\n<meta name=\"robots\" content=\"index, follow, max-snippet:-1, max-image-preview:large, max-video-preview:-1\" \/>\n<link rel=\"canonical\" href=\"https:\/\/globalallianceregister.com\/tr\/sectors\/transport-logistics\/\" \/>\n<meta property=\"og:locale\" content=\"tr_TR\" \/>\n<meta property=\"og:type\" content=\"article\" \/>\n<meta property=\"og:title\" content=\"Ula\u015ft\u0131rma &amp; Lojistik - Global Alliance Register\" \/>\n<meta property=\"og:description\" content=\"Global Alliance Register Ula\u015ft\u0131rma &amp; Lojistik Grubu; sahip oldu\u011fu uluslararas\u0131 ofis a\u011f\u0131 ve yerel kaynaklar\u0131 ile stratejik i\u015f ortaklar\u0131n\u0131n da sa\u011flad\u0131\u011f\u0131 katk\u0131larla bir \u00e7ok farkl\u0131 alanda \u00f6zellikli \u00e7\u00f6z\u00fcmler sunmakta ve...\" \/>\n<meta property=\"og:url\" content=\"https:\/\/globalallianceregister.com\/tr\/sectors\/transport-logistics\/\" \/>\n<meta property=\"og:site_name\" content=\"Global Alliance Register\" \/>\n<meta property=\"article:modified_time\" content=\"2016-02-11T10:09:42+00:00\" \/>\n<meta property=\"og:image\" content=\"https:\/\/globalallianceregister.com\/wp-content\/uploads\/2010\/12\/Transport-Logistics-Inner-Page-21.jpg\" \/>\n\t<meta property=\"og:image:width\" content=\"614\" \/>\n\t<meta property=\"og:image:height\" content=\"200\" \/>\n\t<meta property=\"og:image:type\" content=\"image\/jpeg\" \/>\n<meta name=\"twitter:label1\" content=\"Tahmini okuma s\u00fcresi\" \/>\n\t<meta name=\"twitter:data1\" content=\"3 dakika\" \/>\n<script type=\"application\/ld+json\" class=\"yoast-schema-graph\">{\"@context\":\"https:\\\/\\\/schema.org\",\"@graph\":[{\"@type\":\"WebPage\",\"@id\":\"https:\\\/\\\/globalallianceregister.com\\\/tr\\\/sectors\\\/transport-logistics\\\/\",\"url\":\"https:\\\/\\\/globalallianceregister.com\\\/tr\\\/sectors\\\/transport-logistics\\\/\",\"name\":\"Ula\u015ft\u0131rma & Lojistik - Global Alliance Register\",\"isPartOf\":{\"@id\":\"https:\\\/\\\/globalallianceregister.com\\\/tr\\\/#website\"},\"primaryImageOfPage\":{\"@id\":\"https:\\\/\\\/globalallianceregister.com\\\/tr\\\/sectors\\\/transport-logistics\\\/#primaryimage\"},\"image\":{\"@id\":\"https:\\\/\\\/globalallianceregister.com\\\/sectors\\\/transport-logistics\\\/#primaryimage\"},\"thumbnailUrl\":\"https:\\\/\\\/globalallianceregister.com\\\/wp-content\\\/uploads\\\/2010\\\/12\\\/Transport-Logistics-Inner-Page-21.jpg\",\"datePublished\":\"2010-12-25T13:30:19+00:00\",\"dateModified\":\"2016-02-11T10:09:42+00:00\",\"breadcrumb\":{\"@id\":\"https:\\\/\\\/globalallianceregister.com\\\/tr\\\/sectors\\\/transport-logistics\\\/#breadcrumb\"},\"inLanguage\":\"tr\",\"potentialAction\":[{\"@type\":\"ReadAction\",\"target\":[[\"https:\\\/\\\/globalallianceregister.com\\\/tr\\\/sectors\\\/transport-logistics\\\/\"]]}]},{\"@type\":\"ImageObject\",\"inLanguage\":\"tr\",\"@id\":\"https:\\\/\\\/globalallianceregister.com\\\/tr\\\/sectors\\\/transport-logistics\\\/#primaryimage\",\"url\":\"https:\\\/\\\/globalallianceregister.com\\\/wp-content\\\/uploads\\\/2010\\\/12\\\/Transport-Logistics-Inner-Page-21.jpg\",\"contentUrl\":\"https:\\\/\\\/globalallianceregister.com\\\/wp-content\\\/uploads\\\/2010\\\/12\\\/Transport-Logistics-Inner-Page-21.jpg\",\"width\":614,\"height\":200},{\"@type\":\"BreadcrumbList\",\"@id\":\"https:\\\/\\\/globalallianceregister.com\\\/tr\\\/sectors\\\/transport-logistics\\\/#breadcrumb\",\"itemListElement\":[{\"@type\":\"ListItem\",\"position\":1,\"name\":\"Anasayfa\",\"item\":\"https:\\\/\\\/globalallianceregister.com\\\/tr\\\/\"},{\"@type\":\"ListItem\",\"position\":2,\"name\":\"Sekt\u00f6rler\",\"item\":\"https:\\\/\\\/globalallianceregister.com\\\/tr\\\/sectors\\\/\"},{\"@type\":\"ListItem\",\"position\":3,\"name\":\"Ula\u015ft\u0131rma &#038; Lojistik\"}]},{\"@type\":\"WebSite\",\"@id\":\"https:\\\/\\\/globalallianceregister.com\\\/tr\\\/#website\",\"url\":\"https:\\\/\\\/globalallianceregister.com\\\/tr\\\/\",\"name\":\"Global Alliance Register\",\"description\":\"(EN) Together for Excellence\",\"potentialAction\":[{\"@type\":\"SearchAction\",\"target\":{\"@type\":\"EntryPoint\",\"urlTemplate\":\"https:\\\/\\\/globalallianceregister.com\\\/tr\\\/?s={search_term_string}\"},\"query-input\":{\"@type\":\"PropertyValueSpecification\",\"valueRequired\":true,\"valueName\":\"search_term_string\"}}],\"inLanguage\":\"tr\"}]}<\/script>\n<!-- \/ Yoast SEO plugin. -->","yoast_head_json":{"title":"Ula\u015ft\u0131rma & Lojistik - Global Alliance Register","robots":{"index":"index","follow":"follow","max-snippet":"max-snippet:-1","max-image-preview":"max-image-preview:large","max-video-preview":"max-video-preview:-1"},"canonical":"https:\/\/globalallianceregister.com\/tr\/sectors\/transport-logistics\/","og_locale":"tr_TR","og_type":"article","og_title":"Ula\u015ft\u0131rma & Lojistik - Global Alliance Register","og_description":"Global Alliance Register Ula\u015ft\u0131rma &amp; Lojistik Grubu; sahip oldu\u011fu uluslararas\u0131 ofis a\u011f\u0131 ve yerel kaynaklar\u0131 ile stratejik i\u015f ortaklar\u0131n\u0131n da sa\u011flad\u0131\u011f\u0131 katk\u0131larla bir \u00e7ok farkl\u0131 alanda \u00f6zellikli \u00e7\u00f6z\u00fcmler sunmakta ve...","og_url":"https:\/\/globalallianceregister.com\/tr\/sectors\/transport-logistics\/","og_site_name":"Global Alliance Register","article_modified_time":"2016-02-11T10:09:42+00:00","og_image":[{"width":614,"height":200,"url":"https:\/\/globalallianceregister.com\/wp-content\/uploads\/2010\/12\/Transport-Logistics-Inner-Page-21.jpg","type":"image\/jpeg"}],"twitter_misc":{"Tahmini okuma s\u00fcresi":"3 dakika"},"schema":{"@context":"https:\/\/schema.org","@graph":[{"@type":"WebPage","@id":"https:\/\/globalallianceregister.com\/tr\/sectors\/transport-logistics\/","url":"https:\/\/globalallianceregister.com\/tr\/sectors\/transport-logistics\/","name":"Ula\u015ft\u0131rma & Lojistik - Global Alliance Register","isPartOf":{"@id":"https:\/\/globalallianceregister.com\/tr\/#website"},"primaryImageOfPage":{"@id":"https:\/\/globalallianceregister.com\/tr\/sectors\/transport-logistics\/#primaryimage"},"image":{"@id":"https:\/\/globalallianceregister.com\/sectors\/transport-logistics\/#primaryimage"},"thumbnailUrl":"https:\/\/globalallianceregister.com\/wp-content\/uploads\/2010\/12\/Transport-Logistics-Inner-Page-21.jpg","datePublished":"2010-12-25T13:30:19+00:00","dateModified":"2016-02-11T10:09:42+00:00","breadcrumb":{"@id":"https:\/\/globalallianceregister.com\/tr\/sectors\/transport-logistics\/#breadcrumb"},"inLanguage":"tr","potentialAction":[{"@type":"ReadAction","target":[["https:\/\/globalallianceregister.com\/tr\/sectors\/transport-logistics\/"]]}]},{"@type":"ImageObject","inLanguage":"tr","@id":"https:\/\/globalallianceregister.com\/tr\/sectors\/transport-logistics\/#primaryimage","url":"https:\/\/globalallianceregister.com\/wp-content\/uploads\/2010\/12\/Transport-Logistics-Inner-Page-21.jpg","contentUrl":"https:\/\/globalallianceregister.com\/wp-content\/uploads\/2010\/12\/Transport-Logistics-Inner-Page-21.jpg","width":614,"height":200},{"@type":"BreadcrumbList","@id":"https:\/\/globalallianceregister.com\/tr\/sectors\/transport-logistics\/#breadcrumb","itemListElement":[{"@type":"ListItem","position":1,"name":"Anasayfa","item":"https:\/\/globalallianceregister.com\/tr\/"},{"@type":"ListItem","position":2,"name":"Sekt\u00f6rler","item":"https:\/\/globalallianceregister.com\/tr\/sectors\/"},{"@type":"ListItem","position":3,"name":"Ula\u015ft\u0131rma &#038; Lojistik"}]},{"@type":"WebSite","@id":"https:\/\/globalallianceregister.com\/tr\/#website","url":"https:\/\/globalallianceregister.com\/tr\/","name":"Global Alliance Register","description":"(EN) Together for Excellence","potentialAction":[{"@type":"SearchAction","target":{"@type":"EntryPoint","urlTemplate":"https:\/\/globalallianceregister.com\/tr\/?s={search_term_string}"},"query-input":{"@type":"PropertyValueSpecification","valueRequired":true,"valueName":"search_term_string"}}],"inLanguage":"tr"}]}},"_links":{"self":[{"href":"https:\/\/globalallianceregister.com\/tr\/wp-json\/wp\/v2\/pages\/22","targetHints":{"allow":["GET"]}}],"collection":[{"href":"https:\/\/globalallianceregister.com\/tr\/wp-json\/wp\/v2\/pages"}],"about":[{"href":"https:\/\/globalallianceregister.com\/tr\/wp-json\/wp\/v2\/types\/page"}],"author":[{"embeddable":true,"href":"https:\/\/globalallianceregister.com\/tr\/wp-json\/wp\/v2\/users\/10"}],"replies":[{"embeddable":true,"href":"https:\/\/globalallianceregister.com\/tr\/wp-json\/wp\/v2\/comments?post=22"}],"version-history":[{"count":0,"href":"https:\/\/globalallianceregister.com\/tr\/wp-json\/wp\/v2\/pages\/22\/revisions"}],"up":[{"embeddable":true,"href":"https:\/\/globalallianceregister.com\/tr\/wp-json\/wp\/v2\/pages\/4"}],"wp:featuredmedia":[{"embeddable":true,"href":"https:\/\/globalallianceregister.com\/tr\/wp-json\/wp\/v2\/media\/5132"}],"wp:attachment":[{"href":"https:\/\/globalallianceregister.com\/tr\/wp-json\/wp\/v2\/media?parent=22"}],"curies":[{"name":"wp","href":"https:\/\/api.w.org\/{rel}","templated":true}]}}