{"id":2200,"date":"2014-12-16T16:55:34","date_gmt":"2014-12-16T16:55:34","guid":{"rendered":"https:\/\/globalallianceregister.com\/?page_id=2200"},"modified":"2015-12-11T16:40:19","modified_gmt":"2015-12-11T16:40:19","slug":"turkce-isots-16949-otomotiv-sektoru-kalite-yonetim-sistemi-ic-denetci-egitimi-3-gun","status":"publish","type":"page","link":"https:\/\/globalallianceregister.com\/tr\/services\/egitim\/turkce-yonetim-sistemleri\/turkce-isots-16949-otomotiv-sektoru-kalite-yonetim-sistemi-ic-denetci-egitimi-3-gun\/","title":{"rendered":"ISO\/TS 16949 Otomotiv Sekt\u00f6r\u00fc Kalite Y\u00f6netim Sistemi \u0130\u00e7 Denet\u00e7i E\u011fitimi \u2013 3 g\u00fcn"},"content":{"rendered":"<p><strong>\u00a0<\/strong><\/p>\n<p><strong>Kat\u0131l\u0131mc\u0131 Profili<\/strong><\/p>\n<ul>\n<li>ISO\/TS 16949 sisteminin y\u00fcr\u00fcrl\u00fc\u011fe konulmas\u0131nda ve firma i\u00e7i ISO\/TS 16949 denetimlerinde g\u00f6rev alacak personel.<\/li>\n<\/ul>\n<p>&nbsp;<\/p>\n<p><strong>Hedeflenen Sonu\u00e7<\/strong><\/p>\n<ul>\n<li>Otomotiv sekt\u00f6r\u00fc firmalar\u0131n\u0131n kalite y\u00f6netim sistemlerinin, ISO\/TS 16949 Ototomotiv Sekt\u00f6r\u00fc Kalite Y\u00f6netim Sistemi gereklerine uygunlu\u011funun do\u011frulanmas\u0131 i\u00e7in i\u00e7 denetim sisteminin kurulmas\u0131, denetimlerin planlanmas\u0131 ve uygulanmas\u0131 i\u00e7in gereken bilgileri kat\u0131l\u0131mc\u0131lara aktarmak ve bu bilgileri pratik uygulamalarla peki\u015ftirmektir.<\/li>\n<\/ul>\n<p>&nbsp;<\/p>\n<p><strong>E\u011fitim \u0130\u00e7eri\u011fi<\/strong><\/p>\n<ul>\n<li>ISO\/TS 16949 Standard\u0131n\u0131n Tan\u0131t\u0131m\u0131<\/li>\n<\/ul>\n<ul>\n<li>Proses Yakla\u015f\u0131m\u0131 ve Gereklilikleri<\/li>\n<\/ul>\n<ul>\n<li>M\u00fc\u015fteri \u00d6zel \u0130stekleri ve \u00d6nemi<\/li>\n<\/ul>\n<ul>\n<li>Sistem Denetimi ve S\u00fcre\u00e7leri<\/li>\n<\/ul>\n<ul>\n<li>Proses Denetimi ve S\u00fcre\u00e7leri<\/li>\n<\/ul>\n<ul>\n<li>\u00dcr\u00fcn Denetimi ve S\u00fcre\u00e7leri<\/li>\n<\/ul>\n<ul>\n<li>\u0130\u00e7 Denet\u00e7iler \u0130\u00e7in Denetim Yakla\u015f\u0131m\u0131 ve Planlamas\u0131<\/li>\n<\/ul>\n<ul>\n<li>\u00dcr\u00fcn Geli\u015ftirme S\u00fcreci ve Yakla\u015f\u0131mlar<\/li>\n<\/ul>\n<ul>\n<li>\u00dcr\u00fcn Kalite Planlamas\u0131<\/li>\n<\/ul>\n<ul>\n<li>\u00dcretim Par\u00e7as\u0131 Onay Prosesi<\/li>\n<\/ul>\n<ul>\n<li>\u0130statistiksel Proses Kontrol<\/li>\n<\/ul>\n<ul>\n<li>\u00d6l\u00e7me Sistemi Analizi<\/li>\n<\/ul>\n<ul>\n<li>Hata T\u00fcrleri Ve Etkileri Analizi Denetimleri \u0130le \u0130lgi \u00d6rnek Ve Uygulamalar<\/li>\n<\/ul>\n<ul>\n<li>Kalite Sistemi Denetimi ve Soru Listelerinin Kullan\u0131m\u0131<\/li>\n<\/ul>\n<p>&nbsp;<\/p>\n<p><strong>Sertifika<\/strong><\/p>\n<ul>\n<li>E\u011fitimi ba\u015far\u0131 ile tamamlayan t\u00fcm kat\u0131l\u0131mc\u0131lara GLOBAL ALLIANCE ACADEMY taraf\u0131ndan, &#8220;TS 16949 Otomotiv Sekt\u00f6r\u00fc Kalite Y\u00f6netim Sistemi \u0130\u00e7 Denet\u00e7i E\u011fitimi Ba\u015far\u0131 Sertifikas\u0131&#8221; verilecektir.<\/li>\n<\/ul>\n<p>&nbsp;<\/p>","protected":false},"excerpt":{"rendered":"<p>\u00a0 Kat\u0131l\u0131mc\u0131 Profili ISO\/TS 16949 sisteminin y\u00fcr\u00fcrl\u00fc\u011fe konulmas\u0131nda ve firma i\u00e7i ISO\/TS 16949 denetimlerinde g\u00f6rev alacak personel. &nbsp; Hedeflenen Sonu\u00e7 Otomotiv sekt\u00f6r\u00fc firmalar\u0131n\u0131n kalite y\u00f6netim sistemlerinin, ISO\/TS 16949 Ototomotiv Sekt\u00f6r\u00fc&#8230; <\/p>\n","protected":false},"author":10,"featured_media":5171,"parent":2143,"menu_order":19,"comment_status":"closed","ping_status":"closed","template":"page-full.php","meta":{"_acf_changed":false,"om_disable_all_campaigns":false,"footnotes":""},"class_list":["post-2200","page","type-page","status-publish","has-post-thumbnail","hentry"],"acf":[],"yoast_head":"<!-- This site is optimized with the Yoast SEO plugin v27.4 - https:\/\/yoast.com\/product\/yoast-seo-wordpress\/ -->\n<title>ISO\/TS 16949 Otomotiv Sekt\u00f6r\u00fc Kalite Y\u00f6netim Sistemi \u0130\u00e7 Denet\u00e7i E\u011fitimi \u2013 3 g\u00fcn - Global Alliance Register<\/title>\n<meta name=\"robots\" content=\"index, follow, max-snippet:-1, max-image-preview:large, max-video-preview:-1\" \/>\n<link rel=\"canonical\" href=\"https:\/\/globalallianceregister.com\/tr\/services\/egitim\/turkce-yonetim-sistemleri\/turkce-isots-16949-otomotiv-sektoru-kalite-yonetim-sistemi-ic-denetci-egitimi-3-gun\/\" \/>\n<meta property=\"og:locale\" content=\"tr_TR\" \/>\n<meta property=\"og:type\" content=\"article\" \/>\n<meta property=\"og:title\" content=\"ISO\/TS 16949 Otomotiv Sekt\u00f6r\u00fc Kalite Y\u00f6netim Sistemi \u0130\u00e7 Denet\u00e7i E\u011fitimi \u2013 3 g\u00fcn - Global Alliance Register\" \/>\n<meta property=\"og:description\" content=\"\u00a0 Kat\u0131l\u0131mc\u0131 Profili ISO\/TS 16949 sisteminin y\u00fcr\u00fcrl\u00fc\u011fe konulmas\u0131nda ve firma i\u00e7i ISO\/TS 16949 denetimlerinde g\u00f6rev alacak personel. &nbsp; Hedeflenen Sonu\u00e7 Otomotiv sekt\u00f6r\u00fc firmalar\u0131n\u0131n kalite y\u00f6netim sistemlerinin, ISO\/TS 16949 Ototomotiv Sekt\u00f6r\u00fc...\" \/>\n<meta property=\"og:url\" content=\"https:\/\/globalallianceregister.com\/tr\/services\/egitim\/turkce-yonetim-sistemleri\/turkce-isots-16949-otomotiv-sektoru-kalite-yonetim-sistemi-ic-denetci-egitimi-3-gun\/\" \/>\n<meta property=\"og:site_name\" content=\"Global Alliance Register\" \/>\n<meta property=\"article:modified_time\" content=\"2015-12-11T16:40:19+00:00\" \/>\n<meta property=\"og:image\" content=\"https:\/\/globalallianceregister.com\/wp-content\/uploads\/2015\/08\/Training-Inner-Page.jpg\" \/>\n\t<meta property=\"og:image:width\" content=\"614\" \/>\n\t<meta property=\"og:image:height\" content=\"200\" \/>\n\t<meta property=\"og:image:type\" content=\"image\/jpeg\" \/>\n<meta name=\"twitter:label1\" content=\"Tahmini okuma s\u00fcresi\" \/>\n\t<meta name=\"twitter:data1\" content=\"1 dakika\" \/>\n<script type=\"application\/ld+json\" class=\"yoast-schema-graph\">{\"@context\":\"https:\\\/\\\/schema.org\",\"@graph\":[{\"@type\":\"WebPage\",\"@id\":\"https:\\\/\\\/globalallianceregister.com\\\/tr\\\/services\\\/egitim\\\/turkce-yonetim-sistemleri\\\/turkce-isots-16949-otomotiv-sektoru-kalite-yonetim-sistemi-ic-denetci-egitimi-3-gun\\\/\",\"url\":\"https:\\\/\\\/globalallianceregister.com\\\/tr\\\/services\\\/egitim\\\/turkce-yonetim-sistemleri\\\/turkce-isots-16949-otomotiv-sektoru-kalite-yonetim-sistemi-ic-denetci-egitimi-3-gun\\\/\",\"name\":\"ISO\\\/TS 16949 Otomotiv Sekt\u00f6r\u00fc Kalite Y\u00f6netim Sistemi \u0130\u00e7 Denet\u00e7i E\u011fitimi \u2013 3 g\u00fcn - Global Alliance Register\",\"isPartOf\":{\"@id\":\"https:\\\/\\\/globalallianceregister.com\\\/tr\\\/#website\"},\"primaryImageOfPage\":{\"@id\":\"https:\\\/\\\/globalallianceregister.com\\\/tr\\\/services\\\/egitim\\\/turkce-yonetim-sistemleri\\\/turkce-isots-16949-otomotiv-sektoru-kalite-yonetim-sistemi-ic-denetci-egitimi-3-gun\\\/#primaryimage\"},\"image\":{\"@id\":\"https:\\\/\\\/globalallianceregister.com\\\/tr\\\/services\\\/egitim\\\/turkce-yonetim-sistemleri\\\/turkce-isots-16949-otomotiv-sektoru-kalite-yonetim-sistemi-ic-denetci-egitimi-3-gun\\\/#primaryimage\"},\"thumbnailUrl\":\"https:\\\/\\\/globalallianceregister.com\\\/wp-content\\\/uploads\\\/2015\\\/08\\\/Training-Inner-Page.jpg\",\"datePublished\":\"2014-12-16T16:55:34+00:00\",\"dateModified\":\"2015-12-11T16:40:19+00:00\",\"breadcrumb\":{\"@id\":\"https:\\\/\\\/globalallianceregister.com\\\/tr\\\/services\\\/egitim\\\/turkce-yonetim-sistemleri\\\/turkce-isots-16949-otomotiv-sektoru-kalite-yonetim-sistemi-ic-denetci-egitimi-3-gun\\\/#breadcrumb\"},\"inLanguage\":\"tr\",\"potentialAction\":[{\"@type\":\"ReadAction\",\"target\":[[\"https:\\\/\\\/globalallianceregister.com\\\/tr\\\/services\\\/egitim\\\/turkce-yonetim-sistemleri\\\/turkce-isots-16949-otomotiv-sektoru-kalite-yonetim-sistemi-ic-denetci-egitimi-3-gun\\\/\"]]}]},{\"@type\":\"ImageObject\",\"inLanguage\":\"tr\",\"@id\":\"https:\\\/\\\/globalallianceregister.com\\\/tr\\\/services\\\/egitim\\\/turkce-yonetim-sistemleri\\\/turkce-isots-16949-otomotiv-sektoru-kalite-yonetim-sistemi-ic-denetci-egitimi-3-gun\\\/#primaryimage\",\"url\":\"https:\\\/\\\/globalallianceregister.com\\\/wp-content\\\/uploads\\\/2015\\\/08\\\/Training-Inner-Page.jpg\",\"contentUrl\":\"https:\\\/\\\/globalallianceregister.com\\\/wp-content\\\/uploads\\\/2015\\\/08\\\/Training-Inner-Page.jpg\",\"width\":614,\"height\":200},{\"@type\":\"BreadcrumbList\",\"@id\":\"https:\\\/\\\/globalallianceregister.com\\\/tr\\\/services\\\/egitim\\\/turkce-yonetim-sistemleri\\\/turkce-isots-16949-otomotiv-sektoru-kalite-yonetim-sistemi-ic-denetci-egitimi-3-gun\\\/#breadcrumb\",\"itemListElement\":[{\"@type\":\"ListItem\",\"position\":1,\"name\":\"Anasayfa\",\"item\":\"https:\\\/\\\/globalallianceregister.com\\\/tr\\\/\"},{\"@type\":\"ListItem\",\"position\":2,\"name\":\"ISO\\\/TS 16949 Otomotiv Sekt\u00f6r\u00fc Kalite Y\u00f6netim Sistemi \u0130\u00e7 Denet\u00e7i E\u011fitimi \u2013 3 g\u00fcn\"}]},{\"@type\":\"WebSite\",\"@id\":\"https:\\\/\\\/globalallianceregister.com\\\/tr\\\/#website\",\"url\":\"https:\\\/\\\/globalallianceregister.com\\\/tr\\\/\",\"name\":\"Global Alliance Register\",\"description\":\"(EN) Together for Excellence\",\"potentialAction\":[{\"@type\":\"SearchAction\",\"target\":{\"@type\":\"EntryPoint\",\"urlTemplate\":\"https:\\\/\\\/globalallianceregister.com\\\/tr\\\/?s={search_term_string}\"},\"query-input\":{\"@type\":\"PropertyValueSpecification\",\"valueRequired\":true,\"valueName\":\"search_term_string\"}}],\"inLanguage\":\"tr\"}]}<\/script>\n<!-- \/ Yoast SEO plugin. -->","yoast_head_json":{"title":"ISO\/TS 16949 Otomotiv Sekt\u00f6r\u00fc Kalite Y\u00f6netim Sistemi \u0130\u00e7 Denet\u00e7i E\u011fitimi \u2013 3 g\u00fcn - Global Alliance Register","robots":{"index":"index","follow":"follow","max-snippet":"max-snippet:-1","max-image-preview":"max-image-preview:large","max-video-preview":"max-video-preview:-1"},"canonical":"https:\/\/globalallianceregister.com\/tr\/services\/egitim\/turkce-yonetim-sistemleri\/turkce-isots-16949-otomotiv-sektoru-kalite-yonetim-sistemi-ic-denetci-egitimi-3-gun\/","og_locale":"tr_TR","og_type":"article","og_title":"ISO\/TS 16949 Otomotiv Sekt\u00f6r\u00fc Kalite Y\u00f6netim Sistemi \u0130\u00e7 Denet\u00e7i E\u011fitimi \u2013 3 g\u00fcn - Global Alliance Register","og_description":"\u00a0 Kat\u0131l\u0131mc\u0131 Profili ISO\/TS 16949 sisteminin y\u00fcr\u00fcrl\u00fc\u011fe konulmas\u0131nda ve firma i\u00e7i ISO\/TS 16949 denetimlerinde g\u00f6rev alacak personel. &nbsp; Hedeflenen Sonu\u00e7 Otomotiv sekt\u00f6r\u00fc firmalar\u0131n\u0131n kalite y\u00f6netim sistemlerinin, ISO\/TS 16949 Ototomotiv Sekt\u00f6r\u00fc...","og_url":"https:\/\/globalallianceregister.com\/tr\/services\/egitim\/turkce-yonetim-sistemleri\/turkce-isots-16949-otomotiv-sektoru-kalite-yonetim-sistemi-ic-denetci-egitimi-3-gun\/","og_site_name":"Global Alliance Register","article_modified_time":"2015-12-11T16:40:19+00:00","og_image":[{"width":614,"height":200,"url":"https:\/\/globalallianceregister.com\/wp-content\/uploads\/2015\/08\/Training-Inner-Page.jpg","type":"image\/jpeg"}],"twitter_misc":{"Tahmini okuma s\u00fcresi":"1 dakika"},"schema":{"@context":"https:\/\/schema.org","@graph":[{"@type":"WebPage","@id":"https:\/\/globalallianceregister.com\/tr\/services\/egitim\/turkce-yonetim-sistemleri\/turkce-isots-16949-otomotiv-sektoru-kalite-yonetim-sistemi-ic-denetci-egitimi-3-gun\/","url":"https:\/\/globalallianceregister.com\/tr\/services\/egitim\/turkce-yonetim-sistemleri\/turkce-isots-16949-otomotiv-sektoru-kalite-yonetim-sistemi-ic-denetci-egitimi-3-gun\/","name":"ISO\/TS 16949 Otomotiv Sekt\u00f6r\u00fc Kalite Y\u00f6netim Sistemi \u0130\u00e7 Denet\u00e7i E\u011fitimi \u2013 3 g\u00fcn - Global Alliance Register","isPartOf":{"@id":"https:\/\/globalallianceregister.com\/tr\/#website"},"primaryImageOfPage":{"@id":"https:\/\/globalallianceregister.com\/tr\/services\/egitim\/turkce-yonetim-sistemleri\/turkce-isots-16949-otomotiv-sektoru-kalite-yonetim-sistemi-ic-denetci-egitimi-3-gun\/#primaryimage"},"image":{"@id":"https:\/\/globalallianceregister.com\/tr\/services\/egitim\/turkce-yonetim-sistemleri\/turkce-isots-16949-otomotiv-sektoru-kalite-yonetim-sistemi-ic-denetci-egitimi-3-gun\/#primaryimage"},"thumbnailUrl":"https:\/\/globalallianceregister.com\/wp-content\/uploads\/2015\/08\/Training-Inner-Page.jpg","datePublished":"2014-12-16T16:55:34+00:00","dateModified":"2015-12-11T16:40:19+00:00","breadcrumb":{"@id":"https:\/\/globalallianceregister.com\/tr\/services\/egitim\/turkce-yonetim-sistemleri\/turkce-isots-16949-otomotiv-sektoru-kalite-yonetim-sistemi-ic-denetci-egitimi-3-gun\/#breadcrumb"},"inLanguage":"tr","potentialAction":[{"@type":"ReadAction","target":[["https:\/\/globalallianceregister.com\/tr\/services\/egitim\/turkce-yonetim-sistemleri\/turkce-isots-16949-otomotiv-sektoru-kalite-yonetim-sistemi-ic-denetci-egitimi-3-gun\/"]]}]},{"@type":"ImageObject","inLanguage":"tr","@id":"https:\/\/globalallianceregister.com\/tr\/services\/egitim\/turkce-yonetim-sistemleri\/turkce-isots-16949-otomotiv-sektoru-kalite-yonetim-sistemi-ic-denetci-egitimi-3-gun\/#primaryimage","url":"https:\/\/globalallianceregister.com\/wp-content\/uploads\/2015\/08\/Training-Inner-Page.jpg","contentUrl":"https:\/\/globalallianceregister.com\/wp-content\/uploads\/2015\/08\/Training-Inner-Page.jpg","width":614,"height":200},{"@type":"BreadcrumbList","@id":"https:\/\/globalallianceregister.com\/tr\/services\/egitim\/turkce-yonetim-sistemleri\/turkce-isots-16949-otomotiv-sektoru-kalite-yonetim-sistemi-ic-denetci-egitimi-3-gun\/#breadcrumb","itemListElement":[{"@type":"ListItem","position":1,"name":"Anasayfa","item":"https:\/\/globalallianceregister.com\/tr\/"},{"@type":"ListItem","position":2,"name":"ISO\/TS 16949 Otomotiv Sekt\u00f6r\u00fc Kalite Y\u00f6netim Sistemi \u0130\u00e7 Denet\u00e7i E\u011fitimi \u2013 3 g\u00fcn"}]},{"@type":"WebSite","@id":"https:\/\/globalallianceregister.com\/tr\/#website","url":"https:\/\/globalallianceregister.com\/tr\/","name":"Global Alliance Register","description":"(EN) Together for Excellence","potentialAction":[{"@type":"SearchAction","target":{"@type":"EntryPoint","urlTemplate":"https:\/\/globalallianceregister.com\/tr\/?s={search_term_string}"},"query-input":{"@type":"PropertyValueSpecification","valueRequired":true,"valueName":"search_term_string"}}],"inLanguage":"tr"}]}},"_links":{"self":[{"href":"https:\/\/globalallianceregister.com\/tr\/wp-json\/wp\/v2\/pages\/2200","targetHints":{"allow":["GET"]}}],"collection":[{"href":"https:\/\/globalallianceregister.com\/tr\/wp-json\/wp\/v2\/pages"}],"about":[{"href":"https:\/\/globalallianceregister.com\/tr\/wp-json\/wp\/v2\/types\/page"}],"author":[{"embeddable":true,"href":"https:\/\/globalallianceregister.com\/tr\/wp-json\/wp\/v2\/users\/10"}],"replies":[{"embeddable":true,"href":"https:\/\/globalallianceregister.com\/tr\/wp-json\/wp\/v2\/comments?post=2200"}],"version-history":[{"count":0,"href":"https:\/\/globalallianceregister.com\/tr\/wp-json\/wp\/v2\/pages\/2200\/revisions"}],"up":[{"embeddable":true,"href":"https:\/\/globalallianceregister.com\/tr\/wp-json\/wp\/v2\/pages\/2143"}],"wp:featuredmedia":[{"embeddable":true,"href":"https:\/\/globalallianceregister.com\/tr\/wp-json\/wp\/v2\/media\/5171"}],"wp:attachment":[{"href":"https:\/\/globalallianceregister.com\/tr\/wp-json\/wp\/v2\/media?parent=2200"}],"curies":[{"name":"wp","href":"https:\/\/api.w.org\/{rel}","templated":true}]}}