{"id":222,"date":"2010-12-29T13:36:22","date_gmt":"2010-12-29T13:36:22","guid":{"rendered":"https:\/\/globalallianceregister.com\/?page_id=222"},"modified":"2015-12-11T13:32:39","modified_gmt":"2015-12-11T13:32:39","slug":"damage-survey","status":"publish","type":"page","link":"https:\/\/globalallianceregister.com\/tr\/services\/conformity-assessment\/damage-survey\/","title":{"rendered":"Hasar Ekspertizi &#038; S\u00f6rveyi"},"content":{"rendered":"<p><strong>Global Alliance Register, 140 \u00fclkede mevcut geni\u015f ofis a\u011f\u0131yla konusunda lider uluslararas\u0131 ba\u011f\u0131ms\u0131z g\u00f6zetim kurulu\u015f olarak ortaya \u00e7\u0131kabilecek kay\u0131p veya kaza vakalar\u0131nda durum de\u011ferlendirmesi yapmak amac\u0131yla Hasar Ekspertizi &amp; S\u00f6rvey Hizmetleri sunuyor\u2026<\/strong><\/p>\n<p>Hasar Ekspertizi &amp; S\u00f6rvey Hizmetleri, yerel ve uluslararas\u0131 m\u00fc\u015fterilerimiz taraf\u0131ndan genellikle a\u015fa\u011f\u0131da belirtilen durumlar\u0131n olu\u015fmas\u0131\u00a0halinde talep edilmektedir:<\/p>\n<ul>\n<li>Kay\u0131p, bozulma, \u00fcr\u00fcnlerin transfer ve sevkiyat s\u0131ras\u0131nda deformasyona u\u011framas\u0131,<\/li>\n<li>Gemi ve yatlar\u0131n kazaya u\u011framas\u0131,<\/li>\n<li>Araba kazalar\u0131,<\/li>\n<li>Kald\u0131rma ekipmanlar\u0131n ve par\u00e7alar\u0131n\u0131n fonksiyonlar\u0131n\u0131 yerine getirmemesi veya kolaps olmas\u0131,<\/li>\n<li>Makina ve\/ veya cihazlar\u0131n bozulmas\u0131,<\/li>\n<li>Depolama ko\u015fullar\u0131ndan kaynakl\u0131 bozulmalar,<\/li>\n<li>Patlama sonras\u0131 ortaya \u00e7\u0131kan hasarlar\u0131n tespiti,<\/li>\n<li>Do\u011fal afetler sonras\u0131 (deprem, sel vb.) olu\u015fan hasarlar\u0131n tespiti,<\/li>\n<\/ul>\n<p>Global Alliance Register Hasar\u00a0Ekpertizi &amp; S\u00f6rvey Hizmetleri m\u00fc\u015fterilerimizin kay\u0131p, mevcut de\u011fer, tamir maliyetlerinin ba\u011f\u0131ms\u0131z kurulu\u015f ekspertizi i\u00e7in g\u00fcvenilir ve olduk\u00e7a uygun bir \u00e7\u00f6z\u00fcmd\u00fcr.<\/p>\n<p>Hasar\u00a0Ekspertizi &amp; S\u00f6rvey Hizmetleri sonras\u0131nda Global Alliance Register taraf\u0131ndan haz\u0131rlanmakta olan detayl\u0131 ba\u011f\u0131ms\u0131z kurulu\u015f raporu ve gerekti\u011finde ekinde foto\u011frafik anlat\u0131m, test ve analiz raporlar\u0131yla; m\u00fc\u015fterilerimiz ilgili taraflarla ortaya \u00e7\u0131kan\/ \u00e7\u0131kabilecek uyu\u015fmazl\u0131klar\u0131 yerel ve uluslararas\u0131 arenada s\u00fcratli bir \u015fekilde \u00e7\u00f6z\u00fcmlemektedir.<\/p>\n<p><strong><em>Hasar Ekspertizi &amp; S\u00f6rvey Hizmetleri hakk\u0131nda daha fazla bilgi ve sorular\u0131n\u0131z i\u00e7in l\u00fctfen taraf\u0131m\u0131zla temas kurunuz\u2026<\/em><\/strong><\/p>\n<div id=\"content_applied_s\">\n<h1>\u0130lgili Sekt\u00f6rler<\/h1>\n<div id=\"content_applied_s_left\"><a title=\"Denizcilik Sekt\u00f6r\u00fc\" href=\"https:\/\/globalallianceregister.com\/?page_id=9&amp;lang=tr\">Denizcilik<\/a> <a title=\"\u0130n\u015faat Sekt\u00f6r\u00fc\" href=\"https:\/\/globalallianceregister.com\/?page_id=11&amp;lang=tr\">\u0130n\u015faat<\/a> <a title=\"Petrol &amp; Gaz Sekt\u00f6r\u00fc\" href=\"https:\/\/globalallianceregister.com\/?page_id=13&amp;lang=tr\">Petrol &amp; Gaz<\/a> <a title=\"Enerji &amp; Tesisler\" href=\"https:\/\/globalallianceregister.com\/?page_id=15&amp;lang=tr\">Enerji &amp; Tesisler<\/a> <a title=\"\u0130malat Sekt\u00f6r\u00fc\" href=\"https:\/\/globalallianceregister.com\/?page_id=20&amp;lang=tr\">\u0130malat<\/a> <a title=\"Ula\u015ft\u0131rma &amp; Lojistik Sekt\u00f6r\u00fc\" href=\"https:\/\/globalallianceregister.com\/?page_id=22&amp;lang=tr\">Ula\u015ft\u0131rma &amp; Lojistik<\/a> <a title=\"Uzay &amp; Havac\u0131l\u0131k Sekt\u00f6r\u00fc\" href=\"https:\/\/globalallianceregister.com\/?page_id=24&amp;lang=tr\">Uzay &amp; Havac\u0131l\u0131k<\/a><\/div>\n<div id=\"content_applied_s_right\"><a title=\"Tar\u0131m &amp; G\u0131da Sekt\u00f6r\u00fc\" href=\"https:\/\/globalallianceregister.com\/?page_id=27&amp;lang=tr\">Tar\u0131m &amp; G\u0131da<\/a> <a title=\"Turizm &amp; Otelcilik Sekt\u00f6r\u00fc\" href=\"https:\/\/globalallianceregister.com\/?page_id=29&amp;lang=tr\">Turizm &amp; Otelcilik<\/a> <a title=\"Finans &amp; Bankac\u0131l\u0131k Sekt\u00f6r\u00fc\" href=\"https:\/\/globalallianceregister.com\/?page_id=38&amp;lang=tr\">Finans<\/a> <a title=\"Sigorta Sekt\u00f6r\u00fc\" href=\"https:\/\/globalallianceregister.com\/?page_id=40&amp;lang=tr\">Sigorta<\/a> <a title=\"Bilgi Teknolojileri Sekt\u00f6r\u00fc\" href=\"https:\/\/globalallianceregister.com\/?page_id=52&amp;lang=tr\">Bilgi Teknolojileri<\/a> <a title=\"Telekom\u00fcnikasyon Sekt\u00f6r\u00fc\" href=\"https:\/\/globalallianceregister.com\/?page_id=54&amp;lang=tr\">Telekom\u00fcnikasyon<\/a> <a title=\"Sa\u011fl\u0131k &amp; T\u0131p Sekt\u00f6r\u00fc\" href=\"https:\/\/globalallianceregister.com\/?page_id=56&amp;lang=tr\">Sa\u011fl\u0131k &amp; T\u0131p<\/a><\/div>\n<\/div>","protected":false},"excerpt":{"rendered":"<p>Global Alliance Register, 140 \u00fclkede mevcut geni\u015f ofis a\u011f\u0131yla konusunda lider uluslararas\u0131 ba\u011f\u0131ms\u0131z g\u00f6zetim kurulu\u015f olarak ortaya \u00e7\u0131kabilecek kay\u0131p veya kaza vakalar\u0131nda durum de\u011ferlendirmesi yapmak amac\u0131yla Hasar Ekspertizi &amp; S\u00f6rvey&#8230; <\/p>\n","protected":false},"author":10,"featured_media":0,"parent":167,"menu_order":11,"comment_status":"closed","ping_status":"closed","template":"page-full.php","meta":{"_acf_changed":false,"om_disable_all_campaigns":false,"footnotes":""},"class_list":["post-222","page","type-page","status-publish","hentry"],"acf":[],"yoast_head":"<!-- This site is optimized with the Yoast SEO plugin v27.4 - https:\/\/yoast.com\/product\/yoast-seo-wordpress\/ -->\n<title>Hasar Ekspertizi &amp; S\u00f6rveyi - Global Alliance Register<\/title>\n<meta name=\"robots\" content=\"index, follow, max-snippet:-1, max-image-preview:large, max-video-preview:-1\" \/>\n<link rel=\"canonical\" href=\"https:\/\/globalallianceregister.com\/tr\/services\/conformity-assessment\/damage-survey\/\" \/>\n<meta property=\"og:locale\" content=\"tr_TR\" \/>\n<meta property=\"og:type\" content=\"article\" \/>\n<meta property=\"og:title\" content=\"Hasar Ekspertizi &amp; S\u00f6rveyi - Global Alliance Register\" \/>\n<meta property=\"og:description\" content=\"Global Alliance Register, 140 \u00fclkede mevcut geni\u015f ofis a\u011f\u0131yla konusunda lider uluslararas\u0131 ba\u011f\u0131ms\u0131z g\u00f6zetim kurulu\u015f olarak ortaya \u00e7\u0131kabilecek kay\u0131p veya kaza vakalar\u0131nda durum de\u011ferlendirmesi yapmak amac\u0131yla Hasar Ekspertizi &amp; S\u00f6rvey...\" \/>\n<meta property=\"og:url\" content=\"https:\/\/globalallianceregister.com\/tr\/services\/conformity-assessment\/damage-survey\/\" \/>\n<meta property=\"og:site_name\" content=\"Global Alliance Register\" \/>\n<meta property=\"article:modified_time\" content=\"2015-12-11T13:32:39+00:00\" \/>\n<meta name=\"twitter:label1\" content=\"Tahmini okuma s\u00fcresi\" \/>\n\t<meta name=\"twitter:data1\" content=\"2 dakika\" \/>\n<script type=\"application\/ld+json\" class=\"yoast-schema-graph\">{\"@context\":\"https:\\\/\\\/schema.org\",\"@graph\":[{\"@type\":\"WebPage\",\"@id\":\"https:\\\/\\\/globalallianceregister.com\\\/tr\\\/services\\\/conformity-assessment\\\/damage-survey\\\/\",\"url\":\"https:\\\/\\\/globalallianceregister.com\\\/tr\\\/services\\\/conformity-assessment\\\/damage-survey\\\/\",\"name\":\"Hasar Ekspertizi & S\u00f6rveyi - Global Alliance Register\",\"isPartOf\":{\"@id\":\"https:\\\/\\\/globalallianceregister.com\\\/tr\\\/#website\"},\"datePublished\":\"2010-12-29T13:36:22+00:00\",\"dateModified\":\"2015-12-11T13:32:39+00:00\",\"breadcrumb\":{\"@id\":\"https:\\\/\\\/globalallianceregister.com\\\/tr\\\/services\\\/conformity-assessment\\\/damage-survey\\\/#breadcrumb\"},\"inLanguage\":\"tr\",\"potentialAction\":[{\"@type\":\"ReadAction\",\"target\":[[\"https:\\\/\\\/globalallianceregister.com\\\/tr\\\/services\\\/conformity-assessment\\\/damage-survey\\\/\"]]}]},{\"@type\":\"BreadcrumbList\",\"@id\":\"https:\\\/\\\/globalallianceregister.com\\\/tr\\\/services\\\/conformity-assessment\\\/damage-survey\\\/#breadcrumb\",\"itemListElement\":[{\"@type\":\"ListItem\",\"position\":1,\"name\":\"Anasayfa\",\"item\":\"https:\\\/\\\/globalallianceregister.com\\\/tr\\\/\"},{\"@type\":\"ListItem\",\"position\":2,\"name\":\"Hasar Ekspertizi &#038; S\u00f6rveyi\"}]},{\"@type\":\"WebSite\",\"@id\":\"https:\\\/\\\/globalallianceregister.com\\\/tr\\\/#website\",\"url\":\"https:\\\/\\\/globalallianceregister.com\\\/tr\\\/\",\"name\":\"Global Alliance Register\",\"description\":\"(EN) Together for Excellence\",\"potentialAction\":[{\"@type\":\"SearchAction\",\"target\":{\"@type\":\"EntryPoint\",\"urlTemplate\":\"https:\\\/\\\/globalallianceregister.com\\\/tr\\\/?s={search_term_string}\"},\"query-input\":{\"@type\":\"PropertyValueSpecification\",\"valueRequired\":true,\"valueName\":\"search_term_string\"}}],\"inLanguage\":\"tr\"}]}<\/script>\n<!-- \/ Yoast SEO plugin. -->","yoast_head_json":{"title":"Hasar Ekspertizi & S\u00f6rveyi - Global Alliance Register","robots":{"index":"index","follow":"follow","max-snippet":"max-snippet:-1","max-image-preview":"max-image-preview:large","max-video-preview":"max-video-preview:-1"},"canonical":"https:\/\/globalallianceregister.com\/tr\/services\/conformity-assessment\/damage-survey\/","og_locale":"tr_TR","og_type":"article","og_title":"Hasar Ekspertizi & S\u00f6rveyi - Global Alliance Register","og_description":"Global Alliance Register, 140 \u00fclkede mevcut geni\u015f ofis a\u011f\u0131yla konusunda lider uluslararas\u0131 ba\u011f\u0131ms\u0131z g\u00f6zetim kurulu\u015f olarak ortaya \u00e7\u0131kabilecek kay\u0131p veya kaza vakalar\u0131nda durum de\u011ferlendirmesi yapmak amac\u0131yla Hasar Ekspertizi &amp; S\u00f6rvey...","og_url":"https:\/\/globalallianceregister.com\/tr\/services\/conformity-assessment\/damage-survey\/","og_site_name":"Global Alliance Register","article_modified_time":"2015-12-11T13:32:39+00:00","twitter_misc":{"Tahmini okuma s\u00fcresi":"2 dakika"},"schema":{"@context":"https:\/\/schema.org","@graph":[{"@type":"WebPage","@id":"https:\/\/globalallianceregister.com\/tr\/services\/conformity-assessment\/damage-survey\/","url":"https:\/\/globalallianceregister.com\/tr\/services\/conformity-assessment\/damage-survey\/","name":"Hasar Ekspertizi & S\u00f6rveyi - Global Alliance Register","isPartOf":{"@id":"https:\/\/globalallianceregister.com\/tr\/#website"},"datePublished":"2010-12-29T13:36:22+00:00","dateModified":"2015-12-11T13:32:39+00:00","breadcrumb":{"@id":"https:\/\/globalallianceregister.com\/tr\/services\/conformity-assessment\/damage-survey\/#breadcrumb"},"inLanguage":"tr","potentialAction":[{"@type":"ReadAction","target":[["https:\/\/globalallianceregister.com\/tr\/services\/conformity-assessment\/damage-survey\/"]]}]},{"@type":"BreadcrumbList","@id":"https:\/\/globalallianceregister.com\/tr\/services\/conformity-assessment\/damage-survey\/#breadcrumb","itemListElement":[{"@type":"ListItem","position":1,"name":"Anasayfa","item":"https:\/\/globalallianceregister.com\/tr\/"},{"@type":"ListItem","position":2,"name":"Hasar Ekspertizi &#038; S\u00f6rveyi"}]},{"@type":"WebSite","@id":"https:\/\/globalallianceregister.com\/tr\/#website","url":"https:\/\/globalallianceregister.com\/tr\/","name":"Global Alliance Register","description":"(EN) Together for Excellence","potentialAction":[{"@type":"SearchAction","target":{"@type":"EntryPoint","urlTemplate":"https:\/\/globalallianceregister.com\/tr\/?s={search_term_string}"},"query-input":{"@type":"PropertyValueSpecification","valueRequired":true,"valueName":"search_term_string"}}],"inLanguage":"tr"}]}},"_links":{"self":[{"href":"https:\/\/globalallianceregister.com\/tr\/wp-json\/wp\/v2\/pages\/222","targetHints":{"allow":["GET"]}}],"collection":[{"href":"https:\/\/globalallianceregister.com\/tr\/wp-json\/wp\/v2\/pages"}],"about":[{"href":"https:\/\/globalallianceregister.com\/tr\/wp-json\/wp\/v2\/types\/page"}],"author":[{"embeddable":true,"href":"https:\/\/globalallianceregister.com\/tr\/wp-json\/wp\/v2\/users\/10"}],"replies":[{"embeddable":true,"href":"https:\/\/globalallianceregister.com\/tr\/wp-json\/wp\/v2\/comments?post=222"}],"version-history":[{"count":0,"href":"https:\/\/globalallianceregister.com\/tr\/wp-json\/wp\/v2\/pages\/222\/revisions"}],"up":[{"embeddable":true,"href":"https:\/\/globalallianceregister.com\/tr\/wp-json\/wp\/v2\/pages\/167"}],"wp:attachment":[{"href":"https:\/\/globalallianceregister.com\/tr\/wp-json\/wp\/v2\/media?parent=222"}],"curies":[{"name":"wp","href":"https:\/\/api.w.org\/{rel}","templated":true}]}}