{"id":2227,"date":"2014-12-16T17:17:50","date_gmt":"2014-12-16T17:17:50","guid":{"rendered":"https:\/\/globalallianceregister.com\/?page_id=2227"},"modified":"2015-12-11T16:47:26","modified_gmt":"2015-12-11T16:47:26","slug":"turkce-iso-9001-bas-denetcileri-icin-iso-14001-cevre-yonetim-sistemi-irca-kayitli-bas-denetci-egitimi-3-gun","status":"publish","type":"page","link":"https:\/\/globalallianceregister.com\/tr\/services\/egitim\/turkce-yonetim-sistemleri\/turkce-iso-9001-bas-denetcileri-icin-iso-14001-cevre-yonetim-sistemi-irca-kayitli-bas-denetci-egitimi-3-gun\/","title":{"rendered":"ISO 9001 Ba\u015f Denet\u00e7ileri \u0130\u00e7in ISO 14001 \u00c7evre Y\u00f6netim Sistemi IRCA Kay\u0131tl\u0131 Ba\u015f Denet\u00e7i E\u011fitimi \u2013 3 g\u00fcn"},"content":{"rendered":"<p><strong>\u00a0<\/strong> <strong>Kat\u0131l\u0131mc\u0131 Profili<\/strong><\/p>\n<ul>\n<li>\u00c7evre Y\u00f6netim Sistemlerinin 3.taraf (belgelendirme) denetimlerinde g\u00f6rev alacak \u00e7al\u0131\u015fanlar ile konu hakk\u0131nda \u00fcst d\u00fczey bilgi ve beceriye sahip olmas\u0131 gerekli g\u00f6r\u00fclen \u00e7al\u0131\u015fanlar ve y\u00f6neticiler bu e\u011fitimden yarar sa\u011flayabilecektir.<\/li>\n<\/ul>\n<p>\u00a0 <strong>Hedeflenen Sonu\u00e7<\/strong><\/p>\n<ul>\n<li>\u00c7evre denetimlerinin y\u00f6netilmesi ve organize edilmesi, denetim s\u0131ras\u0131nda ortaya \u00e7\u0131kan stresin y\u00f6netilmesi, denetim bulgular\u0131n\u0131n de\u011ferlendirilmesi ve raporlanmas\u0131, d\u00fczeltici faaliyetlerin etkinli\u011finin de\u011ferlendirilmesi, takip denetimlerinin ve rutin ara denetimlerin ger\u00e7ekle\u015ftirilmesi i\u00e7in ihtiya\u00e7 duyulan yetenek ve bilgiyi sa\u011flar. Bu kurs IRCA taraf\u0131ndan belgelendirilecek olup, IRCA ve IATCA denet\u00e7i belgelendirme kapsam\u0131nda kay\u0131tl\u0131 e\u011fitim almak isteyen kat\u0131l\u0131mc\u0131lar i\u00e7in resmi e\u011fitim gerekliliklerini sa\u011flar.<\/li>\n<\/ul>\n<ul>\n<li>E\u011fitim interaktif olarak ger\u00e7ekle\u015ftirilmekte ve anlay\u0131\u015f\u0131n peki\u015ftirilmesi i\u00e7in\u00a0 genel \u00f6rnekler verilmekte, ya\u015fanm\u0131\u015f olaylardan edinilen tecr\u00fcbeler tart\u0131\u015f\u0131lmaktad\u0131r.<\/li>\n<\/ul>\n<ul>\n<li>E\u011fitim sonunda, kat\u0131l\u0131mc\u0131lar, ISO 14001 ve ISO19011 standartlar\u0131na ili\u015fkin gereklilikler konusunda bilgi edinecekler, uygulamalar\u0131 hakk\u0131nda tecr\u00fcbe sahibi olacaklard\u0131r.<\/li>\n<\/ul>\n<p>\u00a0 <strong>E\u011fitim \u0130\u00e7eri\u011fi<\/strong><\/p>\n<ul>\n<li>\u00c7evre Kavram\u0131<\/li>\n<li>Standartta kullan\u0131lan terimlerin a\u00e7\u0131l\u0131m\u0131<\/li>\n<li>\u00c7evre y\u00f6netim sistemlerinin geli\u015fimi<\/li>\n<li>\u00c7evre y\u00f6netim sistem standartlar\u0131<\/li>\n<li>Di\u011fer Standartlarla ili\u015fkiler<\/li>\n<li>ISO 14001 standart maddelerinin a\u00e7\u0131klanmas\u0131 ve yorumlanmas\u0131<\/li>\n<li>ISO19011 standard\u0131<\/li>\n<li>Denetim ve denet\u00e7i kavramlar\u0131<\/li>\n<li>Denetim programlanmas\u0131<\/li>\n<li>Yeterlilik\/Uygunluk denetimi<\/li>\n<li>Denetime haz\u0131rl\u0131k<\/li>\n<li>Denetimin ger\u00e7ekle\u015ftirilmesi<\/li>\n<li>Uygunsuzluk kavram\u0131 ve raporlamas\u0131<\/li>\n<li>Denetim raporlamas\u0131<\/li>\n<li>Takip denetimleri<\/li>\n<li>D\u00fczeltici faaliyetler<\/li>\n<li>Denetimlerin psikolojik boyutlar\u0131<\/li>\n<li>Denetimde etkin ileti\u015fim<\/li>\n<li>Denet\u00e7i \u00f6zellikleri ve yetkinlikleri<\/li>\n<li>Etkin bir denetim i\u00e7in dikkat edilmesi gereken noktalar<\/li>\n<li>Denetim s\u0131ras\u0131nda ya\u015fan\u0131lan g\u00fc\u00e7l\u00fckler ve \u00e7\u00f6z\u00fcm yollar\u0131<\/li>\n<li>ISO 14001 sistemlerinin belgelendirilmesi ve akreditasyon<\/li>\n<\/ul>\n<p>\u00a0 \u00a0 <strong>Sertifika<\/strong><\/p>\n<ul>\n<li>E\u011fitimi ba\u015far\u0131 ile tamamlayan t\u00fcm kat\u0131l\u0131mc\u0131lara GLOBAL ALLIANCE ACADEMY taraf\u0131ndan, &#8221; ISO 14001 \u00c7evre Y\u00f6netim Sistemi IRCA Kay\u0131tl\u0131 Ba\u015f Denet\u00e7i Ba\u015far\u0131 Sertifikas\u0131&#8221; verilecektir.<\/li>\n<\/ul>","protected":false},"excerpt":{"rendered":"<p>\u00a0 Kat\u0131l\u0131mc\u0131 Profili \u00c7evre Y\u00f6netim Sistemlerinin 3.taraf (belgelendirme) denetimlerinde g\u00f6rev alacak \u00e7al\u0131\u015fanlar ile konu hakk\u0131nda \u00fcst d\u00fczey bilgi ve beceriye sahip olmas\u0131 gerekli g\u00f6r\u00fclen \u00e7al\u0131\u015fanlar ve y\u00f6neticiler bu e\u011fitimden yarar&#8230; <\/p>\n","protected":false},"author":10,"featured_media":5171,"parent":2143,"menu_order":29,"comment_status":"closed","ping_status":"closed","template":"page-full.php","meta":{"_acf_changed":false,"om_disable_all_campaigns":false,"footnotes":""},"class_list":["post-2227","page","type-page","status-publish","has-post-thumbnail","hentry"],"acf":[],"yoast_head":"<!-- This site is optimized with the Yoast SEO plugin v27.4 - https:\/\/yoast.com\/product\/yoast-seo-wordpress\/ -->\n<title>ISO 9001 Ba\u015f Denet\u00e7ileri \u0130\u00e7in ISO 14001 \u00c7evre Y\u00f6netim Sistemi IRCA Kay\u0131tl\u0131 Ba\u015f Denet\u00e7i E\u011fitimi \u2013 3 g\u00fcn - Global Alliance Register<\/title>\n<meta name=\"robots\" content=\"index, follow, max-snippet:-1, max-image-preview:large, max-video-preview:-1\" \/>\n<link rel=\"canonical\" href=\"https:\/\/globalallianceregister.com\/tr\/services\/egitim\/turkce-yonetim-sistemleri\/turkce-iso-9001-bas-denetcileri-icin-iso-14001-cevre-yonetim-sistemi-irca-kayitli-bas-denetci-egitimi-3-gun\/\" \/>\n<meta property=\"og:locale\" content=\"tr_TR\" \/>\n<meta property=\"og:type\" content=\"article\" \/>\n<meta property=\"og:title\" content=\"ISO 9001 Ba\u015f Denet\u00e7ileri \u0130\u00e7in ISO 14001 \u00c7evre Y\u00f6netim Sistemi IRCA Kay\u0131tl\u0131 Ba\u015f Denet\u00e7i E\u011fitimi \u2013 3 g\u00fcn - Global Alliance Register\" \/>\n<meta property=\"og:description\" content=\"\u00a0 Kat\u0131l\u0131mc\u0131 Profili \u00c7evre Y\u00f6netim Sistemlerinin 3.taraf (belgelendirme) denetimlerinde g\u00f6rev alacak \u00e7al\u0131\u015fanlar ile konu hakk\u0131nda \u00fcst d\u00fczey bilgi ve beceriye sahip olmas\u0131 gerekli g\u00f6r\u00fclen \u00e7al\u0131\u015fanlar ve y\u00f6neticiler bu e\u011fitimden yarar...\" \/>\n<meta property=\"og:url\" content=\"https:\/\/globalallianceregister.com\/tr\/services\/egitim\/turkce-yonetim-sistemleri\/turkce-iso-9001-bas-denetcileri-icin-iso-14001-cevre-yonetim-sistemi-irca-kayitli-bas-denetci-egitimi-3-gun\/\" \/>\n<meta property=\"og:site_name\" content=\"Global Alliance Register\" \/>\n<meta property=\"article:modified_time\" content=\"2015-12-11T16:47:26+00:00\" \/>\n<meta property=\"og:image\" content=\"https:\/\/globalallianceregister.com\/wp-content\/uploads\/2015\/08\/Training-Inner-Page.jpg\" \/>\n\t<meta property=\"og:image:width\" content=\"614\" \/>\n\t<meta property=\"og:image:height\" content=\"200\" \/>\n\t<meta property=\"og:image:type\" content=\"image\/jpeg\" \/>\n<meta name=\"twitter:label1\" content=\"Tahmini okuma s\u00fcresi\" \/>\n\t<meta name=\"twitter:data1\" content=\"2 dakika\" \/>\n<script type=\"application\/ld+json\" class=\"yoast-schema-graph\">{\"@context\":\"https:\\\/\\\/schema.org\",\"@graph\":[{\"@type\":\"WebPage\",\"@id\":\"https:\\\/\\\/globalallianceregister.com\\\/tr\\\/services\\\/egitim\\\/turkce-yonetim-sistemleri\\\/turkce-iso-9001-bas-denetcileri-icin-iso-14001-cevre-yonetim-sistemi-irca-kayitli-bas-denetci-egitimi-3-gun\\\/\",\"url\":\"https:\\\/\\\/globalallianceregister.com\\\/tr\\\/services\\\/egitim\\\/turkce-yonetim-sistemleri\\\/turkce-iso-9001-bas-denetcileri-icin-iso-14001-cevre-yonetim-sistemi-irca-kayitli-bas-denetci-egitimi-3-gun\\\/\",\"name\":\"ISO 9001 Ba\u015f Denet\u00e7ileri \u0130\u00e7in ISO 14001 \u00c7evre Y\u00f6netim Sistemi IRCA Kay\u0131tl\u0131 Ba\u015f Denet\u00e7i E\u011fitimi \u2013 3 g\u00fcn - Global Alliance Register\",\"isPartOf\":{\"@id\":\"https:\\\/\\\/globalallianceregister.com\\\/tr\\\/#website\"},\"primaryImageOfPage\":{\"@id\":\"https:\\\/\\\/globalallianceregister.com\\\/tr\\\/services\\\/egitim\\\/turkce-yonetim-sistemleri\\\/turkce-iso-9001-bas-denetcileri-icin-iso-14001-cevre-yonetim-sistemi-irca-kayitli-bas-denetci-egitimi-3-gun\\\/#primaryimage\"},\"image\":{\"@id\":\"https:\\\/\\\/globalallianceregister.com\\\/tr\\\/services\\\/egitim\\\/turkce-yonetim-sistemleri\\\/turkce-iso-9001-bas-denetcileri-icin-iso-14001-cevre-yonetim-sistemi-irca-kayitli-bas-denetci-egitimi-3-gun\\\/#primaryimage\"},\"thumbnailUrl\":\"https:\\\/\\\/globalallianceregister.com\\\/wp-content\\\/uploads\\\/2015\\\/08\\\/Training-Inner-Page.jpg\",\"datePublished\":\"2014-12-16T17:17:50+00:00\",\"dateModified\":\"2015-12-11T16:47:26+00:00\",\"breadcrumb\":{\"@id\":\"https:\\\/\\\/globalallianceregister.com\\\/tr\\\/services\\\/egitim\\\/turkce-yonetim-sistemleri\\\/turkce-iso-9001-bas-denetcileri-icin-iso-14001-cevre-yonetim-sistemi-irca-kayitli-bas-denetci-egitimi-3-gun\\\/#breadcrumb\"},\"inLanguage\":\"tr\",\"potentialAction\":[{\"@type\":\"ReadAction\",\"target\":[[\"https:\\\/\\\/globalallianceregister.com\\\/tr\\\/services\\\/egitim\\\/turkce-yonetim-sistemleri\\\/turkce-iso-9001-bas-denetcileri-icin-iso-14001-cevre-yonetim-sistemi-irca-kayitli-bas-denetci-egitimi-3-gun\\\/\"]]}]},{\"@type\":\"ImageObject\",\"inLanguage\":\"tr\",\"@id\":\"https:\\\/\\\/globalallianceregister.com\\\/tr\\\/services\\\/egitim\\\/turkce-yonetim-sistemleri\\\/turkce-iso-9001-bas-denetcileri-icin-iso-14001-cevre-yonetim-sistemi-irca-kayitli-bas-denetci-egitimi-3-gun\\\/#primaryimage\",\"url\":\"https:\\\/\\\/globalallianceregister.com\\\/wp-content\\\/uploads\\\/2015\\\/08\\\/Training-Inner-Page.jpg\",\"contentUrl\":\"https:\\\/\\\/globalallianceregister.com\\\/wp-content\\\/uploads\\\/2015\\\/08\\\/Training-Inner-Page.jpg\",\"width\":614,\"height\":200},{\"@type\":\"BreadcrumbList\",\"@id\":\"https:\\\/\\\/globalallianceregister.com\\\/tr\\\/services\\\/egitim\\\/turkce-yonetim-sistemleri\\\/turkce-iso-9001-bas-denetcileri-icin-iso-14001-cevre-yonetim-sistemi-irca-kayitli-bas-denetci-egitimi-3-gun\\\/#breadcrumb\",\"itemListElement\":[{\"@type\":\"ListItem\",\"position\":1,\"name\":\"Anasayfa\",\"item\":\"https:\\\/\\\/globalallianceregister.com\\\/tr\\\/\"},{\"@type\":\"ListItem\",\"position\":2,\"name\":\"ISO 9001 Ba\u015f Denet\u00e7ileri \u0130\u00e7in ISO 14001 \u00c7evre Y\u00f6netim Sistemi IRCA Kay\u0131tl\u0131 Ba\u015f Denet\u00e7i E\u011fitimi \u2013 3 g\u00fcn\"}]},{\"@type\":\"WebSite\",\"@id\":\"https:\\\/\\\/globalallianceregister.com\\\/tr\\\/#website\",\"url\":\"https:\\\/\\\/globalallianceregister.com\\\/tr\\\/\",\"name\":\"Global Alliance Register\",\"description\":\"(EN) Together for Excellence\",\"potentialAction\":[{\"@type\":\"SearchAction\",\"target\":{\"@type\":\"EntryPoint\",\"urlTemplate\":\"https:\\\/\\\/globalallianceregister.com\\\/tr\\\/?s={search_term_string}\"},\"query-input\":{\"@type\":\"PropertyValueSpecification\",\"valueRequired\":true,\"valueName\":\"search_term_string\"}}],\"inLanguage\":\"tr\"}]}<\/script>\n<!-- \/ Yoast SEO plugin. -->","yoast_head_json":{"title":"ISO 9001 Ba\u015f Denet\u00e7ileri \u0130\u00e7in ISO 14001 \u00c7evre Y\u00f6netim Sistemi IRCA Kay\u0131tl\u0131 Ba\u015f Denet\u00e7i E\u011fitimi \u2013 3 g\u00fcn - Global Alliance Register","robots":{"index":"index","follow":"follow","max-snippet":"max-snippet:-1","max-image-preview":"max-image-preview:large","max-video-preview":"max-video-preview:-1"},"canonical":"https:\/\/globalallianceregister.com\/tr\/services\/egitim\/turkce-yonetim-sistemleri\/turkce-iso-9001-bas-denetcileri-icin-iso-14001-cevre-yonetim-sistemi-irca-kayitli-bas-denetci-egitimi-3-gun\/","og_locale":"tr_TR","og_type":"article","og_title":"ISO 9001 Ba\u015f Denet\u00e7ileri \u0130\u00e7in ISO 14001 \u00c7evre Y\u00f6netim Sistemi IRCA Kay\u0131tl\u0131 Ba\u015f Denet\u00e7i E\u011fitimi \u2013 3 g\u00fcn - Global Alliance Register","og_description":"\u00a0 Kat\u0131l\u0131mc\u0131 Profili \u00c7evre Y\u00f6netim Sistemlerinin 3.taraf (belgelendirme) denetimlerinde g\u00f6rev alacak \u00e7al\u0131\u015fanlar ile konu hakk\u0131nda \u00fcst d\u00fczey bilgi ve beceriye sahip olmas\u0131 gerekli g\u00f6r\u00fclen \u00e7al\u0131\u015fanlar ve y\u00f6neticiler bu e\u011fitimden yarar...","og_url":"https:\/\/globalallianceregister.com\/tr\/services\/egitim\/turkce-yonetim-sistemleri\/turkce-iso-9001-bas-denetcileri-icin-iso-14001-cevre-yonetim-sistemi-irca-kayitli-bas-denetci-egitimi-3-gun\/","og_site_name":"Global Alliance Register","article_modified_time":"2015-12-11T16:47:26+00:00","og_image":[{"width":614,"height":200,"url":"https:\/\/globalallianceregister.com\/wp-content\/uploads\/2015\/08\/Training-Inner-Page.jpg","type":"image\/jpeg"}],"twitter_misc":{"Tahmini okuma s\u00fcresi":"2 dakika"},"schema":{"@context":"https:\/\/schema.org","@graph":[{"@type":"WebPage","@id":"https:\/\/globalallianceregister.com\/tr\/services\/egitim\/turkce-yonetim-sistemleri\/turkce-iso-9001-bas-denetcileri-icin-iso-14001-cevre-yonetim-sistemi-irca-kayitli-bas-denetci-egitimi-3-gun\/","url":"https:\/\/globalallianceregister.com\/tr\/services\/egitim\/turkce-yonetim-sistemleri\/turkce-iso-9001-bas-denetcileri-icin-iso-14001-cevre-yonetim-sistemi-irca-kayitli-bas-denetci-egitimi-3-gun\/","name":"ISO 9001 Ba\u015f Denet\u00e7ileri \u0130\u00e7in ISO 14001 \u00c7evre Y\u00f6netim Sistemi IRCA Kay\u0131tl\u0131 Ba\u015f Denet\u00e7i E\u011fitimi \u2013 3 g\u00fcn - Global Alliance Register","isPartOf":{"@id":"https:\/\/globalallianceregister.com\/tr\/#website"},"primaryImageOfPage":{"@id":"https:\/\/globalallianceregister.com\/tr\/services\/egitim\/turkce-yonetim-sistemleri\/turkce-iso-9001-bas-denetcileri-icin-iso-14001-cevre-yonetim-sistemi-irca-kayitli-bas-denetci-egitimi-3-gun\/#primaryimage"},"image":{"@id":"https:\/\/globalallianceregister.com\/tr\/services\/egitim\/turkce-yonetim-sistemleri\/turkce-iso-9001-bas-denetcileri-icin-iso-14001-cevre-yonetim-sistemi-irca-kayitli-bas-denetci-egitimi-3-gun\/#primaryimage"},"thumbnailUrl":"https:\/\/globalallianceregister.com\/wp-content\/uploads\/2015\/08\/Training-Inner-Page.jpg","datePublished":"2014-12-16T17:17:50+00:00","dateModified":"2015-12-11T16:47:26+00:00","breadcrumb":{"@id":"https:\/\/globalallianceregister.com\/tr\/services\/egitim\/turkce-yonetim-sistemleri\/turkce-iso-9001-bas-denetcileri-icin-iso-14001-cevre-yonetim-sistemi-irca-kayitli-bas-denetci-egitimi-3-gun\/#breadcrumb"},"inLanguage":"tr","potentialAction":[{"@type":"ReadAction","target":[["https:\/\/globalallianceregister.com\/tr\/services\/egitim\/turkce-yonetim-sistemleri\/turkce-iso-9001-bas-denetcileri-icin-iso-14001-cevre-yonetim-sistemi-irca-kayitli-bas-denetci-egitimi-3-gun\/"]]}]},{"@type":"ImageObject","inLanguage":"tr","@id":"https:\/\/globalallianceregister.com\/tr\/services\/egitim\/turkce-yonetim-sistemleri\/turkce-iso-9001-bas-denetcileri-icin-iso-14001-cevre-yonetim-sistemi-irca-kayitli-bas-denetci-egitimi-3-gun\/#primaryimage","url":"https:\/\/globalallianceregister.com\/wp-content\/uploads\/2015\/08\/Training-Inner-Page.jpg","contentUrl":"https:\/\/globalallianceregister.com\/wp-content\/uploads\/2015\/08\/Training-Inner-Page.jpg","width":614,"height":200},{"@type":"BreadcrumbList","@id":"https:\/\/globalallianceregister.com\/tr\/services\/egitim\/turkce-yonetim-sistemleri\/turkce-iso-9001-bas-denetcileri-icin-iso-14001-cevre-yonetim-sistemi-irca-kayitli-bas-denetci-egitimi-3-gun\/#breadcrumb","itemListElement":[{"@type":"ListItem","position":1,"name":"Anasayfa","item":"https:\/\/globalallianceregister.com\/tr\/"},{"@type":"ListItem","position":2,"name":"ISO 9001 Ba\u015f Denet\u00e7ileri \u0130\u00e7in ISO 14001 \u00c7evre Y\u00f6netim Sistemi IRCA Kay\u0131tl\u0131 Ba\u015f Denet\u00e7i E\u011fitimi \u2013 3 g\u00fcn"}]},{"@type":"WebSite","@id":"https:\/\/globalallianceregister.com\/tr\/#website","url":"https:\/\/globalallianceregister.com\/tr\/","name":"Global Alliance Register","description":"(EN) Together for Excellence","potentialAction":[{"@type":"SearchAction","target":{"@type":"EntryPoint","urlTemplate":"https:\/\/globalallianceregister.com\/tr\/?s={search_term_string}"},"query-input":{"@type":"PropertyValueSpecification","valueRequired":true,"valueName":"search_term_string"}}],"inLanguage":"tr"}]}},"_links":{"self":[{"href":"https:\/\/globalallianceregister.com\/tr\/wp-json\/wp\/v2\/pages\/2227","targetHints":{"allow":["GET"]}}],"collection":[{"href":"https:\/\/globalallianceregister.com\/tr\/wp-json\/wp\/v2\/pages"}],"about":[{"href":"https:\/\/globalallianceregister.com\/tr\/wp-json\/wp\/v2\/types\/page"}],"author":[{"embeddable":true,"href":"https:\/\/globalallianceregister.com\/tr\/wp-json\/wp\/v2\/users\/10"}],"replies":[{"embeddable":true,"href":"https:\/\/globalallianceregister.com\/tr\/wp-json\/wp\/v2\/comments?post=2227"}],"version-history":[{"count":0,"href":"https:\/\/globalallianceregister.com\/tr\/wp-json\/wp\/v2\/pages\/2227\/revisions"}],"up":[{"embeddable":true,"href":"https:\/\/globalallianceregister.com\/tr\/wp-json\/wp\/v2\/pages\/2143"}],"wp:featuredmedia":[{"embeddable":true,"href":"https:\/\/globalallianceregister.com\/tr\/wp-json\/wp\/v2\/media\/5171"}],"wp:attachment":[{"href":"https:\/\/globalallianceregister.com\/tr\/wp-json\/wp\/v2\/media?parent=2227"}],"curies":[{"name":"wp","href":"https:\/\/api.w.org\/{rel}","templated":true}]}}