{"id":2240,"date":"2014-12-16T18:03:23","date_gmt":"2014-12-16T18:03:23","guid":{"rendered":"https:\/\/globalallianceregister.com\/?page_id=2240"},"modified":"2015-12-11T17:00:00","modified_gmt":"2015-12-11T17:00:00","slug":"turkce-iso-10002-musteri-memnuniyeti-ve-musteri-sikayetlerinin-ele-alinmasi-temel-ve-ic-denetci-egitimi-2-gun","status":"publish","type":"page","link":"https:\/\/globalallianceregister.com\/tr\/services\/egitim\/turkce-yonetim-sistemleri\/turkce-iso-10002-musteri-memnuniyeti-ve-musteri-sikayetlerinin-ele-alinmasi-temel-ve-ic-denetci-egitimi-2-gun\/","title":{"rendered":"ISO 10002 M\u00dc\u015eTER\u0130 MEMNUN\u0130YET\u0130 VE M\u00dc\u015eTER\u0130 \u015e\u0130K\u00c2YETLER\u0130N\u0130N ELE ALINMASI TEMEL VE \u0130\u00c7 DENET\u00c7\u0130 E\u011e\u0130T\u0130M\u0130 \u2013 2 g\u00fcn"},"content":{"rendered":"<p><strong>\u00a0<\/strong><\/p>\n<p><strong>Kat\u0131l\u0131mc\u0131 Profili<\/strong><\/p>\n<ul>\n<li>ISO 10002 E\u011fitimi konusunda bilgi almak isteyen kat\u0131l\u0131mc\u0131lar, i\u015f adamlar\u0131, firma temsilcileri, m\u00fc\u015fterilerin beklentilerinin \u00f6tesinde hizmet vermeyi isteyen t\u00fcm kurulu\u015flar ve kurulu\u015f temsilcileri<\/li>\n<\/ul>\n<p>&nbsp;<\/p>\n<p><strong>Hedeflenen Sonu\u00e7<\/strong><\/p>\n<ul>\n<li>ISO 10002, sistemine g\u00f6re kurulmu\u015f bir sistemin i\u00e7 denetimlerinin (1.taraf denetim) ger\u00e7ekle\u015ftirilmesinde g\u00f6rev alacak denet\u00e7ilerin yeti\u015ftirilmesi ama\u00e7lanmaktad\u0131r. Bu kapsamda, kat\u0131l\u0131mc\u0131lara ISO 9001 standard\u0131 ve ISO19011 Tetkik k\u0131lavuzu ile ilgili bilgiler aktar\u0131lmaktad\u0131r.<\/li>\n<\/ul>\n<ul>\n<li>E\u011fitim interaktif olarak ger\u00e7ekle\u015ftirilmekte ve anlay\u0131\u015f\u0131n peki\u015ftirilmesi i\u00e7in\u00a0 genel \u00f6rnekler verilmekte, ya\u015fanm\u0131\u015f olaylardan edinilen tecr\u00fcbeler tart\u0131\u015f\u0131lmaktad\u0131r.<\/li>\n<\/ul>\n<ul>\n<li>E\u011fitim sonunda, kat\u0131l\u0131mc\u0131lar, ISO 9001 ve ISO19011 standartlar\u0131na ili\u015fkin gereklilikler konusunda bilgi edinecekler, uygulamalar\u0131 hakk\u0131nda tecr\u00fcbe sahibi olacaklard\u0131r.<\/li>\n<\/ul>\n<p>&nbsp;<\/p>\n<p><strong>E\u011fitim \u0130\u00e7eri\u011fi<\/strong><\/p>\n<ul>\n<li>M\u00fc\u015fteri Memnuniyeti ve \u015eikayet Kavram\u0131<\/li>\n<li>Kalite y\u00f6netim sistem standartlar\u0131<\/li>\n<li>ISO 10002 standard\u0131n\u0131n tarih\u00e7esi<\/li>\n<li>ISO 9000 Standartlar\u0131yla ili\u015fkiler<\/li>\n<li>ISO 10002 standart \u015fartlar\u0131<\/li>\n<li>At\u0131f yap\u0131lan standartlar\/dok\u00fcmanlar<\/li>\n<li>terimler ve tarifler, K\u0131lavuzluk prensipleri<\/li>\n<li>\u015eikayetleri ele alma \u00e7er\u00e7evesi<\/li>\n<li>Planlama ve tasar\u0131m<\/li>\n<li>\u015eikayetleri ele alma prosesinin \u00e7al\u0131\u015ft\u0131r\u0131lmas\u0131<\/li>\n<li>S\u00fcrd\u00fcrme ve iyile\u015ftirme<\/li>\n<li>M\u00fc\u015fteri \u015eikayetleri Y\u00f6netim Sisteminin kurulmas\u0131<\/li>\n<li>Pratik \u00e7al\u0131\u015fmalar ve egzersizler<\/li>\n<li>Sistemin kurulmas\u0131nda ve uygulanmas\u0131nda kar\u015f\u0131la\u015f\u0131lan sorunlar ve \u00e7\u00f6z\u00fcm yollar\u0131<\/li>\n<li>Denetim ve denet\u00e7i kavramlar\u0131<\/li>\n<li>Denetim programlanmas\u0131<\/li>\n<li>Yeterlilik\/Uygunluk denetimi<\/li>\n<li>Denetime haz\u0131rl\u0131k<\/li>\n<li>Denetimin ger\u00e7ekle\u015ftirilmesi<\/li>\n<li>Uygunsuzluk kavram\u0131 ve raporlamas\u0131<\/li>\n<li>Denetim raporlamas\u0131<\/li>\n<li>Takip denetimleri<\/li>\n<li>D\u00fczeltici faaliyetler<\/li>\n<li>Denetimlerin psikolojik boyutlar\u0131<\/li>\n<li>Denetimde etkin ileti\u015fim<\/li>\n<li>Denet\u00e7i \u00f6zellikleri ve yetkinlikleri<\/li>\n<li>Etkin bir denetim i\u00e7in dikkat edilmesi gereken noktalar<\/li>\n<li>Denetim s\u0131ras\u0131nda ya\u015fan\u0131lan g\u00fc\u00e7l\u00fckler ve \u00e7\u00f6z\u00fcm yollar\u0131<\/li>\n<li>ISO 10002 sistemlerinin denetlenmesi ve belgelendirilmesi<\/li>\n<\/ul>\n<p>&nbsp;<\/p>\n<p><strong>Sertifika<\/strong><\/p>\n<ul>\n<li>E\u011fitimi ba\u015far\u0131 ile tamamlayan t\u00fcm kat\u0131l\u0131mc\u0131lara GLOBAL ALLIANCE ACADEMY taraf\u0131ndan, &#8220;ISO 10002 M\u00fc\u015fteri Memnuniyeti ve M\u00fc\u015fteri \u015eikayetlerinin Ele Al\u0131nmas\u0131 Y\u00f6netim Sistemi \u0130\u00e7 Denet\u00e7i Ba\u015far\u0131 Sertifikas\u0131&#8221; verilecektir.<\/li>\n<\/ul>","protected":false},"excerpt":{"rendered":"<p>\u00a0 Kat\u0131l\u0131mc\u0131 Profili ISO 10002 E\u011fitimi konusunda bilgi almak isteyen kat\u0131l\u0131mc\u0131lar, i\u015f adamlar\u0131, firma temsilcileri, m\u00fc\u015fterilerin beklentilerinin \u00f6tesinde hizmet vermeyi isteyen t\u00fcm kurulu\u015flar ve kurulu\u015f temsilcileri &nbsp; Hedeflenen Sonu\u00e7 ISO&#8230; <\/p>\n","protected":false},"author":10,"featured_media":5171,"parent":2143,"menu_order":34,"comment_status":"closed","ping_status":"closed","template":"page-full.php","meta":{"_acf_changed":false,"om_disable_all_campaigns":false,"footnotes":""},"class_list":["post-2240","page","type-page","status-publish","has-post-thumbnail","hentry"],"acf":[],"yoast_head":"<!-- This site is optimized with the Yoast SEO plugin v27.4 - https:\/\/yoast.com\/product\/yoast-seo-wordpress\/ -->\n<title>ISO 10002 M\u00dc\u015eTER\u0130 MEMNUN\u0130YET\u0130 VE M\u00dc\u015eTER\u0130 \u015e\u0130K\u00c2YETLER\u0130N\u0130N ELE ALINMASI TEMEL VE \u0130\u00c7 DENET\u00c7\u0130 E\u011e\u0130T\u0130M\u0130 \u2013 2 g\u00fcn - Global Alliance Register<\/title>\n<meta name=\"robots\" content=\"index, follow, max-snippet:-1, max-image-preview:large, max-video-preview:-1\" \/>\n<link rel=\"canonical\" href=\"https:\/\/globalallianceregister.com\/tr\/services\/egitim\/turkce-yonetim-sistemleri\/turkce-iso-10002-musteri-memnuniyeti-ve-musteri-sikayetlerinin-ele-alinmasi-temel-ve-ic-denetci-egitimi-2-gun\/\" \/>\n<meta property=\"og:locale\" content=\"tr_TR\" \/>\n<meta property=\"og:type\" content=\"article\" \/>\n<meta property=\"og:title\" content=\"ISO 10002 M\u00dc\u015eTER\u0130 MEMNUN\u0130YET\u0130 VE M\u00dc\u015eTER\u0130 \u015e\u0130K\u00c2YETLER\u0130N\u0130N ELE ALINMASI TEMEL VE \u0130\u00c7 DENET\u00c7\u0130 E\u011e\u0130T\u0130M\u0130 \u2013 2 g\u00fcn - Global Alliance Register\" \/>\n<meta property=\"og:description\" content=\"\u00a0 Kat\u0131l\u0131mc\u0131 Profili ISO 10002 E\u011fitimi konusunda bilgi almak isteyen kat\u0131l\u0131mc\u0131lar, i\u015f adamlar\u0131, firma temsilcileri, m\u00fc\u015fterilerin beklentilerinin \u00f6tesinde hizmet vermeyi isteyen t\u00fcm kurulu\u015flar ve kurulu\u015f temsilcileri &nbsp; Hedeflenen Sonu\u00e7 ISO...\" \/>\n<meta property=\"og:url\" content=\"https:\/\/globalallianceregister.com\/tr\/services\/egitim\/turkce-yonetim-sistemleri\/turkce-iso-10002-musteri-memnuniyeti-ve-musteri-sikayetlerinin-ele-alinmasi-temel-ve-ic-denetci-egitimi-2-gun\/\" \/>\n<meta property=\"og:site_name\" content=\"Global Alliance Register\" \/>\n<meta property=\"article:modified_time\" content=\"2015-12-11T17:00:00+00:00\" \/>\n<meta property=\"og:image\" content=\"https:\/\/globalallianceregister.com\/wp-content\/uploads\/2015\/08\/Training-Inner-Page.jpg\" \/>\n\t<meta property=\"og:image:width\" content=\"614\" \/>\n\t<meta property=\"og:image:height\" content=\"200\" \/>\n\t<meta property=\"og:image:type\" content=\"image\/jpeg\" \/>\n<meta name=\"twitter:label1\" content=\"Tahmini okuma s\u00fcresi\" \/>\n\t<meta name=\"twitter:data1\" content=\"2 dakika\" \/>\n<script type=\"application\/ld+json\" class=\"yoast-schema-graph\">{\"@context\":\"https:\\\/\\\/schema.org\",\"@graph\":[{\"@type\":\"WebPage\",\"@id\":\"https:\\\/\\\/globalallianceregister.com\\\/tr\\\/services\\\/egitim\\\/turkce-yonetim-sistemleri\\\/turkce-iso-10002-musteri-memnuniyeti-ve-musteri-sikayetlerinin-ele-alinmasi-temel-ve-ic-denetci-egitimi-2-gun\\\/\",\"url\":\"https:\\\/\\\/globalallianceregister.com\\\/tr\\\/services\\\/egitim\\\/turkce-yonetim-sistemleri\\\/turkce-iso-10002-musteri-memnuniyeti-ve-musteri-sikayetlerinin-ele-alinmasi-temel-ve-ic-denetci-egitimi-2-gun\\\/\",\"name\":\"ISO 10002 M\u00dc\u015eTER\u0130 MEMNUN\u0130YET\u0130 VE M\u00dc\u015eTER\u0130 \u015e\u0130K\u00c2YETLER\u0130N\u0130N ELE ALINMASI TEMEL VE \u0130\u00c7 DENET\u00c7\u0130 E\u011e\u0130T\u0130M\u0130 \u2013 2 g\u00fcn - Global Alliance Register\",\"isPartOf\":{\"@id\":\"https:\\\/\\\/globalallianceregister.com\\\/tr\\\/#website\"},\"primaryImageOfPage\":{\"@id\":\"https:\\\/\\\/globalallianceregister.com\\\/tr\\\/services\\\/egitim\\\/turkce-yonetim-sistemleri\\\/turkce-iso-10002-musteri-memnuniyeti-ve-musteri-sikayetlerinin-ele-alinmasi-temel-ve-ic-denetci-egitimi-2-gun\\\/#primaryimage\"},\"image\":{\"@id\":\"https:\\\/\\\/globalallianceregister.com\\\/tr\\\/services\\\/egitim\\\/turkce-yonetim-sistemleri\\\/turkce-iso-10002-musteri-memnuniyeti-ve-musteri-sikayetlerinin-ele-alinmasi-temel-ve-ic-denetci-egitimi-2-gun\\\/#primaryimage\"},\"thumbnailUrl\":\"https:\\\/\\\/globalallianceregister.com\\\/wp-content\\\/uploads\\\/2015\\\/08\\\/Training-Inner-Page.jpg\",\"datePublished\":\"2014-12-16T18:03:23+00:00\",\"dateModified\":\"2015-12-11T17:00:00+00:00\",\"breadcrumb\":{\"@id\":\"https:\\\/\\\/globalallianceregister.com\\\/tr\\\/services\\\/egitim\\\/turkce-yonetim-sistemleri\\\/turkce-iso-10002-musteri-memnuniyeti-ve-musteri-sikayetlerinin-ele-alinmasi-temel-ve-ic-denetci-egitimi-2-gun\\\/#breadcrumb\"},\"inLanguage\":\"tr\",\"potentialAction\":[{\"@type\":\"ReadAction\",\"target\":[[\"https:\\\/\\\/globalallianceregister.com\\\/tr\\\/services\\\/egitim\\\/turkce-yonetim-sistemleri\\\/turkce-iso-10002-musteri-memnuniyeti-ve-musteri-sikayetlerinin-ele-alinmasi-temel-ve-ic-denetci-egitimi-2-gun\\\/\"]]}]},{\"@type\":\"ImageObject\",\"inLanguage\":\"tr\",\"@id\":\"https:\\\/\\\/globalallianceregister.com\\\/tr\\\/services\\\/egitim\\\/turkce-yonetim-sistemleri\\\/turkce-iso-10002-musteri-memnuniyeti-ve-musteri-sikayetlerinin-ele-alinmasi-temel-ve-ic-denetci-egitimi-2-gun\\\/#primaryimage\",\"url\":\"https:\\\/\\\/globalallianceregister.com\\\/wp-content\\\/uploads\\\/2015\\\/08\\\/Training-Inner-Page.jpg\",\"contentUrl\":\"https:\\\/\\\/globalallianceregister.com\\\/wp-content\\\/uploads\\\/2015\\\/08\\\/Training-Inner-Page.jpg\",\"width\":614,\"height\":200},{\"@type\":\"BreadcrumbList\",\"@id\":\"https:\\\/\\\/globalallianceregister.com\\\/tr\\\/services\\\/egitim\\\/turkce-yonetim-sistemleri\\\/turkce-iso-10002-musteri-memnuniyeti-ve-musteri-sikayetlerinin-ele-alinmasi-temel-ve-ic-denetci-egitimi-2-gun\\\/#breadcrumb\",\"itemListElement\":[{\"@type\":\"ListItem\",\"position\":1,\"name\":\"Anasayfa\",\"item\":\"https:\\\/\\\/globalallianceregister.com\\\/tr\\\/\"},{\"@type\":\"ListItem\",\"position\":2,\"name\":\"ISO 10002 M\u00dc\u015eTER\u0130 MEMNUN\u0130YET\u0130 VE M\u00dc\u015eTER\u0130 \u015e\u0130K\u00c2YETLER\u0130N\u0130N ELE ALINMASI TEMEL VE \u0130\u00c7 DENET\u00c7\u0130 E\u011e\u0130T\u0130M\u0130 \u2013 2 g\u00fcn\"}]},{\"@type\":\"WebSite\",\"@id\":\"https:\\\/\\\/globalallianceregister.com\\\/tr\\\/#website\",\"url\":\"https:\\\/\\\/globalallianceregister.com\\\/tr\\\/\",\"name\":\"Global Alliance Register\",\"description\":\"(EN) Together for Excellence\",\"potentialAction\":[{\"@type\":\"SearchAction\",\"target\":{\"@type\":\"EntryPoint\",\"urlTemplate\":\"https:\\\/\\\/globalallianceregister.com\\\/tr\\\/?s={search_term_string}\"},\"query-input\":{\"@type\":\"PropertyValueSpecification\",\"valueRequired\":true,\"valueName\":\"search_term_string\"}}],\"inLanguage\":\"tr\"}]}<\/script>\n<!-- \/ Yoast SEO plugin. -->","yoast_head_json":{"title":"ISO 10002 M\u00dc\u015eTER\u0130 MEMNUN\u0130YET\u0130 VE M\u00dc\u015eTER\u0130 \u015e\u0130K\u00c2YETLER\u0130N\u0130N ELE ALINMASI TEMEL VE \u0130\u00c7 DENET\u00c7\u0130 E\u011e\u0130T\u0130M\u0130 \u2013 2 g\u00fcn - Global Alliance Register","robots":{"index":"index","follow":"follow","max-snippet":"max-snippet:-1","max-image-preview":"max-image-preview:large","max-video-preview":"max-video-preview:-1"},"canonical":"https:\/\/globalallianceregister.com\/tr\/services\/egitim\/turkce-yonetim-sistemleri\/turkce-iso-10002-musteri-memnuniyeti-ve-musteri-sikayetlerinin-ele-alinmasi-temel-ve-ic-denetci-egitimi-2-gun\/","og_locale":"tr_TR","og_type":"article","og_title":"ISO 10002 M\u00dc\u015eTER\u0130 MEMNUN\u0130YET\u0130 VE M\u00dc\u015eTER\u0130 \u015e\u0130K\u00c2YETLER\u0130N\u0130N ELE ALINMASI TEMEL VE \u0130\u00c7 DENET\u00c7\u0130 E\u011e\u0130T\u0130M\u0130 \u2013 2 g\u00fcn - Global Alliance Register","og_description":"\u00a0 Kat\u0131l\u0131mc\u0131 Profili ISO 10002 E\u011fitimi konusunda bilgi almak isteyen kat\u0131l\u0131mc\u0131lar, i\u015f adamlar\u0131, firma temsilcileri, m\u00fc\u015fterilerin beklentilerinin \u00f6tesinde hizmet vermeyi isteyen t\u00fcm kurulu\u015flar ve kurulu\u015f temsilcileri &nbsp; Hedeflenen Sonu\u00e7 ISO...","og_url":"https:\/\/globalallianceregister.com\/tr\/services\/egitim\/turkce-yonetim-sistemleri\/turkce-iso-10002-musteri-memnuniyeti-ve-musteri-sikayetlerinin-ele-alinmasi-temel-ve-ic-denetci-egitimi-2-gun\/","og_site_name":"Global Alliance Register","article_modified_time":"2015-12-11T17:00:00+00:00","og_image":[{"width":614,"height":200,"url":"https:\/\/globalallianceregister.com\/wp-content\/uploads\/2015\/08\/Training-Inner-Page.jpg","type":"image\/jpeg"}],"twitter_misc":{"Tahmini okuma s\u00fcresi":"2 dakika"},"schema":{"@context":"https:\/\/schema.org","@graph":[{"@type":"WebPage","@id":"https:\/\/globalallianceregister.com\/tr\/services\/egitim\/turkce-yonetim-sistemleri\/turkce-iso-10002-musteri-memnuniyeti-ve-musteri-sikayetlerinin-ele-alinmasi-temel-ve-ic-denetci-egitimi-2-gun\/","url":"https:\/\/globalallianceregister.com\/tr\/services\/egitim\/turkce-yonetim-sistemleri\/turkce-iso-10002-musteri-memnuniyeti-ve-musteri-sikayetlerinin-ele-alinmasi-temel-ve-ic-denetci-egitimi-2-gun\/","name":"ISO 10002 M\u00dc\u015eTER\u0130 MEMNUN\u0130YET\u0130 VE M\u00dc\u015eTER\u0130 \u015e\u0130K\u00c2YETLER\u0130N\u0130N ELE ALINMASI TEMEL VE \u0130\u00c7 DENET\u00c7\u0130 E\u011e\u0130T\u0130M\u0130 \u2013 2 g\u00fcn - Global Alliance Register","isPartOf":{"@id":"https:\/\/globalallianceregister.com\/tr\/#website"},"primaryImageOfPage":{"@id":"https:\/\/globalallianceregister.com\/tr\/services\/egitim\/turkce-yonetim-sistemleri\/turkce-iso-10002-musteri-memnuniyeti-ve-musteri-sikayetlerinin-ele-alinmasi-temel-ve-ic-denetci-egitimi-2-gun\/#primaryimage"},"image":{"@id":"https:\/\/globalallianceregister.com\/tr\/services\/egitim\/turkce-yonetim-sistemleri\/turkce-iso-10002-musteri-memnuniyeti-ve-musteri-sikayetlerinin-ele-alinmasi-temel-ve-ic-denetci-egitimi-2-gun\/#primaryimage"},"thumbnailUrl":"https:\/\/globalallianceregister.com\/wp-content\/uploads\/2015\/08\/Training-Inner-Page.jpg","datePublished":"2014-12-16T18:03:23+00:00","dateModified":"2015-12-11T17:00:00+00:00","breadcrumb":{"@id":"https:\/\/globalallianceregister.com\/tr\/services\/egitim\/turkce-yonetim-sistemleri\/turkce-iso-10002-musteri-memnuniyeti-ve-musteri-sikayetlerinin-ele-alinmasi-temel-ve-ic-denetci-egitimi-2-gun\/#breadcrumb"},"inLanguage":"tr","potentialAction":[{"@type":"ReadAction","target":[["https:\/\/globalallianceregister.com\/tr\/services\/egitim\/turkce-yonetim-sistemleri\/turkce-iso-10002-musteri-memnuniyeti-ve-musteri-sikayetlerinin-ele-alinmasi-temel-ve-ic-denetci-egitimi-2-gun\/"]]}]},{"@type":"ImageObject","inLanguage":"tr","@id":"https:\/\/globalallianceregister.com\/tr\/services\/egitim\/turkce-yonetim-sistemleri\/turkce-iso-10002-musteri-memnuniyeti-ve-musteri-sikayetlerinin-ele-alinmasi-temel-ve-ic-denetci-egitimi-2-gun\/#primaryimage","url":"https:\/\/globalallianceregister.com\/wp-content\/uploads\/2015\/08\/Training-Inner-Page.jpg","contentUrl":"https:\/\/globalallianceregister.com\/wp-content\/uploads\/2015\/08\/Training-Inner-Page.jpg","width":614,"height":200},{"@type":"BreadcrumbList","@id":"https:\/\/globalallianceregister.com\/tr\/services\/egitim\/turkce-yonetim-sistemleri\/turkce-iso-10002-musteri-memnuniyeti-ve-musteri-sikayetlerinin-ele-alinmasi-temel-ve-ic-denetci-egitimi-2-gun\/#breadcrumb","itemListElement":[{"@type":"ListItem","position":1,"name":"Anasayfa","item":"https:\/\/globalallianceregister.com\/tr\/"},{"@type":"ListItem","position":2,"name":"ISO 10002 M\u00dc\u015eTER\u0130 MEMNUN\u0130YET\u0130 VE M\u00dc\u015eTER\u0130 \u015e\u0130K\u00c2YETLER\u0130N\u0130N ELE ALINMASI TEMEL VE \u0130\u00c7 DENET\u00c7\u0130 E\u011e\u0130T\u0130M\u0130 \u2013 2 g\u00fcn"}]},{"@type":"WebSite","@id":"https:\/\/globalallianceregister.com\/tr\/#website","url":"https:\/\/globalallianceregister.com\/tr\/","name":"Global Alliance Register","description":"(EN) Together for Excellence","potentialAction":[{"@type":"SearchAction","target":{"@type":"EntryPoint","urlTemplate":"https:\/\/globalallianceregister.com\/tr\/?s={search_term_string}"},"query-input":{"@type":"PropertyValueSpecification","valueRequired":true,"valueName":"search_term_string"}}],"inLanguage":"tr"}]}},"_links":{"self":[{"href":"https:\/\/globalallianceregister.com\/tr\/wp-json\/wp\/v2\/pages\/2240","targetHints":{"allow":["GET"]}}],"collection":[{"href":"https:\/\/globalallianceregister.com\/tr\/wp-json\/wp\/v2\/pages"}],"about":[{"href":"https:\/\/globalallianceregister.com\/tr\/wp-json\/wp\/v2\/types\/page"}],"author":[{"embeddable":true,"href":"https:\/\/globalallianceregister.com\/tr\/wp-json\/wp\/v2\/users\/10"}],"replies":[{"embeddable":true,"href":"https:\/\/globalallianceregister.com\/tr\/wp-json\/wp\/v2\/comments?post=2240"}],"version-history":[{"count":0,"href":"https:\/\/globalallianceregister.com\/tr\/wp-json\/wp\/v2\/pages\/2240\/revisions"}],"up":[{"embeddable":true,"href":"https:\/\/globalallianceregister.com\/tr\/wp-json\/wp\/v2\/pages\/2143"}],"wp:featuredmedia":[{"embeddable":true,"href":"https:\/\/globalallianceregister.com\/tr\/wp-json\/wp\/v2\/media\/5171"}],"wp:attachment":[{"href":"https:\/\/globalallianceregister.com\/tr\/wp-json\/wp\/v2\/media?parent=2240"}],"curies":[{"name":"wp","href":"https:\/\/api.w.org\/{rel}","templated":true}]}}