{"id":2252,"date":"2014-12-16T18:27:10","date_gmt":"2014-12-16T18:27:10","guid":{"rendered":"https:\/\/globalallianceregister.com\/?page_id=2252"},"modified":"2015-12-11T17:02:34","modified_gmt":"2015-12-11T17:02:34","slug":"turkce-iso-31000-uygulama-egitimi-2-gun","status":"publish","type":"page","link":"https:\/\/globalallianceregister.com\/tr\/services\/egitim\/turkce-yonetim-sistemleri\/turkce-iso-31000-uygulama-egitimi-2-gun\/","title":{"rendered":"ISO 31000 Uygulama E\u011fitimi \u2013 2 g\u00fcn"},"content":{"rendered":"<p><strong>\u00a0<\/strong><\/p>\n<p><strong>Kat\u0131l\u0131mc\u0131 Profili<\/strong><\/p>\n<ul>\n<li>S\u00fcre\u00e7 Sahipleri, \u015eirket Sahipleri, \u00dcst D\u00fczey \u015eirket Y\u00f6neticileri, B\u00f6l\u00fcm Y\u00f6neticileri ve \u00c7al\u0131\u015fanlar\u0131<\/li>\n<\/ul>\n<p>&nbsp;<\/p>\n<p><strong>Hedeflenen Sonu\u00e7<\/strong><\/p>\n<ul>\n<li>\u0130\u015fletmelerin varl\u0131\u011f\u0131 boyunca olu\u015fturduklar\u0131 stratejiler, ald\u0131klar\u0131 kararlar, y\u00f6nettikleri s\u00fcre\u00e7ler, operasyonlar ve projeler dahil olmak \u00fczere, herhangi bir ayr\u0131m g\u00f6zetmeksizin muhtemel olas\u0131 risklerin belirlenmesi, meydana getirebilece\u011fi olumsuzluklara kar\u015f\u0131 al\u0131nabilecek \u00f6nlem ve kontrol\/izleme y\u00f6ntemleri hakk\u0131nda temel prensip ve kurallar\u0131n getirilmesidir.<\/li>\n<\/ul>\n<p>&nbsp;<\/p>\n<p><strong>E\u011fitim \u0130\u00e7eri\u011fi<\/strong><\/p>\n<ul>\n<li>Risk Y\u00f6netimi Nedir ?<\/li>\n<\/ul>\n<ul>\n<li>Risk Y\u00f6netimi Tan\u0131mlar\u0131<\/li>\n<\/ul>\n<ul>\n<li>Risk Y\u00f6netimi Metodolojisi<\/li>\n<\/ul>\n<ul>\n<li>ISO 31000 Standard\u0131n\u0131n i\u00e7eri\u011fi<\/li>\n<\/ul>\n<ul>\n<li>Varl\u0131klar\u0131n Tespiti Nas\u0131l yap\u0131l\u0131r?<\/li>\n<\/ul>\n<ul>\n<li>Riskler nas\u0131l belirlenir?<\/li>\n<\/ul>\n<ul>\n<li>Hedeflere ula\u015fmadaki zafiyetler ve a\u00e7\u0131kl\u0131klar nelerdir?<\/li>\n<\/ul>\n<ul>\n<li>Riskler nas\u0131l analiz edilir?<\/li>\n<\/ul>\n<ul>\n<li>Riskler Nas\u0131l De\u011ferlendirilir?<\/li>\n<\/ul>\n<ul>\n<li>Risk \u0130\u015fleme Planlar\u0131 Nas\u0131l Olu\u015fturulur?<\/li>\n<\/ul>\n<ul>\n<li>Risklerin \u0130zlenmesi ve G\u00f6zden ge\u00e7irilmesi<\/li>\n<\/ul>\n<ul>\n<li>Risk De\u011ferlendirme Yakla\u015f\u0131m\u0131 nas\u0131l olmal\u0131d\u0131r?<\/li>\n<\/ul>\n<ul>\n<li>Risk Komitesi G\u00f6rev Da\u011f\u0131l\u0131m\u0131n yap\u0131lmas\u0131<\/li>\n<\/ul>\n<ul>\n<li>Risk Y\u00f6netim Prosed\u00fcrlerinin olu\u015fturulmas\u0131<\/li>\n<\/ul>\n<ul>\n<li>Varl\u0131k Envanter Format\u0131n\u0131n haz\u0131rlanmas\u0131<\/li>\n<\/ul>\n<ul>\n<li>Risk Belirleme Raporlar\u0131n\u0131n olu\u015fturulmas\u0131<\/li>\n<\/ul>\n<ul>\n<li>Risk De\u011ferlendirme Planlar\u0131n\u0131n olu\u015fturulmas\u0131<\/li>\n<\/ul>\n<ul>\n<li>Risk \u0130\u015fleme Planlar\u0131n\u0131n olu\u015fturulmas\u0131<\/li>\n<\/ul>\n<ul>\n<li>Risk onay Formlar\u0131n\u0131n olu\u015fturulmas\u0131<\/li>\n<\/ul>\n<ul>\n<li>Stratejik planda yer alan hedeflerin incelenmesi<\/li>\n<\/ul>\n<ul>\n<li>B\u00fct\u00fcn Birimlerin Stratejik Planda yer alan hedeflerinin incelenmesi birim hedeflerinin tespiti ve stratejik plan hedeflerine ve birim hedeflerine g\u00f6re risklerin belirlenmesi de\u011ferlendirilmesi Form ve Planlara i\u015flenmesi<\/li>\n<\/ul>\n<p>&nbsp;<\/p>\n<p><strong>Sertifika<\/strong><\/p>\n<ul>\n<li>E\u011fitimi tamamlayan t\u00fcm kat\u0131l\u0131mc\u0131lara GLOBAL ALLIANCE ACADEMY taraf\u0131ndan, &#8221; ISO 31000 Uygulama E\u011fitimi Kat\u0131l\u0131m Sertifikas\u0131&#8221; verilecektir.<\/li>\n<\/ul>\n<p>&nbsp;<\/p>","protected":false},"excerpt":{"rendered":"<p>\u00a0 Kat\u0131l\u0131mc\u0131 Profili S\u00fcre\u00e7 Sahipleri, \u015eirket Sahipleri, \u00dcst D\u00fczey \u015eirket Y\u00f6neticileri, B\u00f6l\u00fcm Y\u00f6neticileri ve \u00c7al\u0131\u015fanlar\u0131 &nbsp; Hedeflenen Sonu\u00e7 \u0130\u015fletmelerin varl\u0131\u011f\u0131 boyunca olu\u015fturduklar\u0131 stratejiler, ald\u0131klar\u0131 kararlar, y\u00f6nettikleri s\u00fcre\u00e7ler, operasyonlar ve projeler&#8230; <\/p>\n","protected":false},"author":10,"featured_media":5171,"parent":2143,"menu_order":37,"comment_status":"closed","ping_status":"closed","template":"page-full.php","meta":{"_acf_changed":false,"om_disable_all_campaigns":false,"footnotes":""},"class_list":["post-2252","page","type-page","status-publish","has-post-thumbnail","hentry"],"acf":[],"yoast_head":"<!-- This site is optimized with the Yoast SEO plugin v27.4 - https:\/\/yoast.com\/product\/yoast-seo-wordpress\/ -->\n<title>ISO 31000 Uygulama E\u011fitimi \u2013 2 g\u00fcn  - Global Alliance Register<\/title>\n<meta name=\"robots\" content=\"index, follow, max-snippet:-1, max-image-preview:large, max-video-preview:-1\" \/>\n<link rel=\"canonical\" href=\"https:\/\/globalallianceregister.com\/tr\/services\/egitim\/turkce-yonetim-sistemleri\/turkce-iso-31000-uygulama-egitimi-2-gun\/\" \/>\n<meta property=\"og:locale\" content=\"tr_TR\" \/>\n<meta property=\"og:type\" content=\"article\" \/>\n<meta property=\"og:title\" content=\"ISO 31000 Uygulama E\u011fitimi \u2013 2 g\u00fcn  - Global Alliance Register\" \/>\n<meta property=\"og:description\" content=\"\u00a0 Kat\u0131l\u0131mc\u0131 Profili S\u00fcre\u00e7 Sahipleri, \u015eirket Sahipleri, \u00dcst D\u00fczey \u015eirket Y\u00f6neticileri, B\u00f6l\u00fcm Y\u00f6neticileri ve \u00c7al\u0131\u015fanlar\u0131 &nbsp; Hedeflenen Sonu\u00e7 \u0130\u015fletmelerin varl\u0131\u011f\u0131 boyunca olu\u015fturduklar\u0131 stratejiler, ald\u0131klar\u0131 kararlar, y\u00f6nettikleri s\u00fcre\u00e7ler, operasyonlar ve projeler...\" \/>\n<meta property=\"og:url\" content=\"https:\/\/globalallianceregister.com\/tr\/services\/egitim\/turkce-yonetim-sistemleri\/turkce-iso-31000-uygulama-egitimi-2-gun\/\" \/>\n<meta property=\"og:site_name\" content=\"Global Alliance Register\" \/>\n<meta property=\"article:modified_time\" content=\"2015-12-11T17:02:34+00:00\" \/>\n<meta property=\"og:image\" content=\"https:\/\/globalallianceregister.com\/wp-content\/uploads\/2015\/08\/Training-Inner-Page.jpg\" \/>\n\t<meta property=\"og:image:width\" content=\"614\" \/>\n\t<meta property=\"og:image:height\" content=\"200\" \/>\n\t<meta property=\"og:image:type\" content=\"image\/jpeg\" \/>\n<meta name=\"twitter:label1\" content=\"Tahmini okuma s\u00fcresi\" \/>\n\t<meta name=\"twitter:data1\" content=\"1 dakika\" \/>\n<script type=\"application\/ld+json\" class=\"yoast-schema-graph\">{\"@context\":\"https:\\\/\\\/schema.org\",\"@graph\":[{\"@type\":\"WebPage\",\"@id\":\"https:\\\/\\\/globalallianceregister.com\\\/tr\\\/services\\\/egitim\\\/turkce-yonetim-sistemleri\\\/turkce-iso-31000-uygulama-egitimi-2-gun\\\/\",\"url\":\"https:\\\/\\\/globalallianceregister.com\\\/tr\\\/services\\\/egitim\\\/turkce-yonetim-sistemleri\\\/turkce-iso-31000-uygulama-egitimi-2-gun\\\/\",\"name\":\"ISO 31000 Uygulama E\u011fitimi \u2013 2 g\u00fcn  - Global Alliance Register\",\"isPartOf\":{\"@id\":\"https:\\\/\\\/globalallianceregister.com\\\/tr\\\/#website\"},\"primaryImageOfPage\":{\"@id\":\"https:\\\/\\\/globalallianceregister.com\\\/tr\\\/services\\\/egitim\\\/turkce-yonetim-sistemleri\\\/turkce-iso-31000-uygulama-egitimi-2-gun\\\/#primaryimage\"},\"image\":{\"@id\":\"https:\\\/\\\/globalallianceregister.com\\\/tr\\\/services\\\/egitim\\\/turkce-yonetim-sistemleri\\\/turkce-iso-31000-uygulama-egitimi-2-gun\\\/#primaryimage\"},\"thumbnailUrl\":\"https:\\\/\\\/globalallianceregister.com\\\/wp-content\\\/uploads\\\/2015\\\/08\\\/Training-Inner-Page.jpg\",\"datePublished\":\"2014-12-16T18:27:10+00:00\",\"dateModified\":\"2015-12-11T17:02:34+00:00\",\"breadcrumb\":{\"@id\":\"https:\\\/\\\/globalallianceregister.com\\\/tr\\\/services\\\/egitim\\\/turkce-yonetim-sistemleri\\\/turkce-iso-31000-uygulama-egitimi-2-gun\\\/#breadcrumb\"},\"inLanguage\":\"tr\",\"potentialAction\":[{\"@type\":\"ReadAction\",\"target\":[[\"https:\\\/\\\/globalallianceregister.com\\\/tr\\\/services\\\/egitim\\\/turkce-yonetim-sistemleri\\\/turkce-iso-31000-uygulama-egitimi-2-gun\\\/\"]]}]},{\"@type\":\"ImageObject\",\"inLanguage\":\"tr\",\"@id\":\"https:\\\/\\\/globalallianceregister.com\\\/tr\\\/services\\\/egitim\\\/turkce-yonetim-sistemleri\\\/turkce-iso-31000-uygulama-egitimi-2-gun\\\/#primaryimage\",\"url\":\"https:\\\/\\\/globalallianceregister.com\\\/wp-content\\\/uploads\\\/2015\\\/08\\\/Training-Inner-Page.jpg\",\"contentUrl\":\"https:\\\/\\\/globalallianceregister.com\\\/wp-content\\\/uploads\\\/2015\\\/08\\\/Training-Inner-Page.jpg\",\"width\":614,\"height\":200},{\"@type\":\"BreadcrumbList\",\"@id\":\"https:\\\/\\\/globalallianceregister.com\\\/tr\\\/services\\\/egitim\\\/turkce-yonetim-sistemleri\\\/turkce-iso-31000-uygulama-egitimi-2-gun\\\/#breadcrumb\",\"itemListElement\":[{\"@type\":\"ListItem\",\"position\":1,\"name\":\"Anasayfa\",\"item\":\"https:\\\/\\\/globalallianceregister.com\\\/tr\\\/\"},{\"@type\":\"ListItem\",\"position\":2,\"name\":\"ISO 31000 Uygulama E\u011fitimi \u2013 2 g\u00fcn\"}]},{\"@type\":\"WebSite\",\"@id\":\"https:\\\/\\\/globalallianceregister.com\\\/tr\\\/#website\",\"url\":\"https:\\\/\\\/globalallianceregister.com\\\/tr\\\/\",\"name\":\"Global Alliance Register\",\"description\":\"(EN) Together for Excellence\",\"potentialAction\":[{\"@type\":\"SearchAction\",\"target\":{\"@type\":\"EntryPoint\",\"urlTemplate\":\"https:\\\/\\\/globalallianceregister.com\\\/tr\\\/?s={search_term_string}\"},\"query-input\":{\"@type\":\"PropertyValueSpecification\",\"valueRequired\":true,\"valueName\":\"search_term_string\"}}],\"inLanguage\":\"tr\"}]}<\/script>\n<!-- \/ Yoast SEO plugin. -->","yoast_head_json":{"title":"ISO 31000 Uygulama E\u011fitimi \u2013 2 g\u00fcn  - Global Alliance Register","robots":{"index":"index","follow":"follow","max-snippet":"max-snippet:-1","max-image-preview":"max-image-preview:large","max-video-preview":"max-video-preview:-1"},"canonical":"https:\/\/globalallianceregister.com\/tr\/services\/egitim\/turkce-yonetim-sistemleri\/turkce-iso-31000-uygulama-egitimi-2-gun\/","og_locale":"tr_TR","og_type":"article","og_title":"ISO 31000 Uygulama E\u011fitimi \u2013 2 g\u00fcn  - Global Alliance Register","og_description":"\u00a0 Kat\u0131l\u0131mc\u0131 Profili S\u00fcre\u00e7 Sahipleri, \u015eirket Sahipleri, \u00dcst D\u00fczey \u015eirket Y\u00f6neticileri, B\u00f6l\u00fcm Y\u00f6neticileri ve \u00c7al\u0131\u015fanlar\u0131 &nbsp; Hedeflenen Sonu\u00e7 \u0130\u015fletmelerin varl\u0131\u011f\u0131 boyunca olu\u015fturduklar\u0131 stratejiler, ald\u0131klar\u0131 kararlar, y\u00f6nettikleri s\u00fcre\u00e7ler, operasyonlar ve projeler...","og_url":"https:\/\/globalallianceregister.com\/tr\/services\/egitim\/turkce-yonetim-sistemleri\/turkce-iso-31000-uygulama-egitimi-2-gun\/","og_site_name":"Global Alliance Register","article_modified_time":"2015-12-11T17:02:34+00:00","og_image":[{"width":614,"height":200,"url":"https:\/\/globalallianceregister.com\/wp-content\/uploads\/2015\/08\/Training-Inner-Page.jpg","type":"image\/jpeg"}],"twitter_misc":{"Tahmini okuma s\u00fcresi":"1 dakika"},"schema":{"@context":"https:\/\/schema.org","@graph":[{"@type":"WebPage","@id":"https:\/\/globalallianceregister.com\/tr\/services\/egitim\/turkce-yonetim-sistemleri\/turkce-iso-31000-uygulama-egitimi-2-gun\/","url":"https:\/\/globalallianceregister.com\/tr\/services\/egitim\/turkce-yonetim-sistemleri\/turkce-iso-31000-uygulama-egitimi-2-gun\/","name":"ISO 31000 Uygulama E\u011fitimi \u2013 2 g\u00fcn  - Global Alliance Register","isPartOf":{"@id":"https:\/\/globalallianceregister.com\/tr\/#website"},"primaryImageOfPage":{"@id":"https:\/\/globalallianceregister.com\/tr\/services\/egitim\/turkce-yonetim-sistemleri\/turkce-iso-31000-uygulama-egitimi-2-gun\/#primaryimage"},"image":{"@id":"https:\/\/globalallianceregister.com\/tr\/services\/egitim\/turkce-yonetim-sistemleri\/turkce-iso-31000-uygulama-egitimi-2-gun\/#primaryimage"},"thumbnailUrl":"https:\/\/globalallianceregister.com\/wp-content\/uploads\/2015\/08\/Training-Inner-Page.jpg","datePublished":"2014-12-16T18:27:10+00:00","dateModified":"2015-12-11T17:02:34+00:00","breadcrumb":{"@id":"https:\/\/globalallianceregister.com\/tr\/services\/egitim\/turkce-yonetim-sistemleri\/turkce-iso-31000-uygulama-egitimi-2-gun\/#breadcrumb"},"inLanguage":"tr","potentialAction":[{"@type":"ReadAction","target":[["https:\/\/globalallianceregister.com\/tr\/services\/egitim\/turkce-yonetim-sistemleri\/turkce-iso-31000-uygulama-egitimi-2-gun\/"]]}]},{"@type":"ImageObject","inLanguage":"tr","@id":"https:\/\/globalallianceregister.com\/tr\/services\/egitim\/turkce-yonetim-sistemleri\/turkce-iso-31000-uygulama-egitimi-2-gun\/#primaryimage","url":"https:\/\/globalallianceregister.com\/wp-content\/uploads\/2015\/08\/Training-Inner-Page.jpg","contentUrl":"https:\/\/globalallianceregister.com\/wp-content\/uploads\/2015\/08\/Training-Inner-Page.jpg","width":614,"height":200},{"@type":"BreadcrumbList","@id":"https:\/\/globalallianceregister.com\/tr\/services\/egitim\/turkce-yonetim-sistemleri\/turkce-iso-31000-uygulama-egitimi-2-gun\/#breadcrumb","itemListElement":[{"@type":"ListItem","position":1,"name":"Anasayfa","item":"https:\/\/globalallianceregister.com\/tr\/"},{"@type":"ListItem","position":2,"name":"ISO 31000 Uygulama E\u011fitimi \u2013 2 g\u00fcn"}]},{"@type":"WebSite","@id":"https:\/\/globalallianceregister.com\/tr\/#website","url":"https:\/\/globalallianceregister.com\/tr\/","name":"Global Alliance Register","description":"(EN) Together for Excellence","potentialAction":[{"@type":"SearchAction","target":{"@type":"EntryPoint","urlTemplate":"https:\/\/globalallianceregister.com\/tr\/?s={search_term_string}"},"query-input":{"@type":"PropertyValueSpecification","valueRequired":true,"valueName":"search_term_string"}}],"inLanguage":"tr"}]}},"_links":{"self":[{"href":"https:\/\/globalallianceregister.com\/tr\/wp-json\/wp\/v2\/pages\/2252","targetHints":{"allow":["GET"]}}],"collection":[{"href":"https:\/\/globalallianceregister.com\/tr\/wp-json\/wp\/v2\/pages"}],"about":[{"href":"https:\/\/globalallianceregister.com\/tr\/wp-json\/wp\/v2\/types\/page"}],"author":[{"embeddable":true,"href":"https:\/\/globalallianceregister.com\/tr\/wp-json\/wp\/v2\/users\/10"}],"replies":[{"embeddable":true,"href":"https:\/\/globalallianceregister.com\/tr\/wp-json\/wp\/v2\/comments?post=2252"}],"version-history":[{"count":0,"href":"https:\/\/globalallianceregister.com\/tr\/wp-json\/wp\/v2\/pages\/2252\/revisions"}],"up":[{"embeddable":true,"href":"https:\/\/globalallianceregister.com\/tr\/wp-json\/wp\/v2\/pages\/2143"}],"wp:featuredmedia":[{"embeddable":true,"href":"https:\/\/globalallianceregister.com\/tr\/wp-json\/wp\/v2\/media\/5171"}],"wp:attachment":[{"href":"https:\/\/globalallianceregister.com\/tr\/wp-json\/wp\/v2\/media?parent=2252"}],"curies":[{"name":"wp","href":"https:\/\/api.w.org\/{rel}","templated":true}]}}