{"id":2256,"date":"2014-12-16T18:29:49","date_gmt":"2014-12-16T18:29:49","guid":{"rendered":"https:\/\/globalallianceregister.com\/?page_id=2256"},"modified":"2015-12-11T17:03:04","modified_gmt":"2015-12-11T17:03:04","slug":"turkce-iso-14064-12006-sera-gazi-hesaplanmasi-egitimi-1-gun","status":"publish","type":"page","link":"https:\/\/globalallianceregister.com\/tr\/services\/egitim\/turkce-yonetim-sistemleri\/turkce-iso-14064-12006-sera-gazi-hesaplanmasi-egitimi-1-gun\/","title":{"rendered":"ISO 14064-1:2006 Sera Gaz\u0131 Hesaplanmas\u0131 E\u011fitimi \u2013 1 g\u00fcn"},"content":{"rendered":"<p>\u00a0 <strong>Kat\u0131l\u0131mc\u0131 Profili<\/strong><\/p>\n<ul>\n<li>Kurulu\u015flar\u0131n bak\u0131m, \u00fcretim ve \u00e7evre y\u00f6netim sistemi departmanlar\u0131nda g\u00f6rev alan m\u00fchendis ve sorumlular\u0131<\/li>\n<\/ul>\n<p>\u00a0 <strong>Hedeflenen Sonu\u00e7<\/strong><\/p>\n<ul>\n<li>Sera Gaz\u0131 Emisyon S\u0131n\u0131flar\u0131 ( Do\u011frudan Sera Gaz\u0131, Enerji Dolayl\u0131 Sera Gazlar\u0131, Di\u011fer Dolayl\u0131 Sera Gazlar\u0131)<\/li>\n<\/ul>\n<ul>\n<li>Sera Gaz\u0131 Verileri Kalite S\u0131n\u0131flar\u0131 ( Tier 1&amp; Tier2 &amp;Tier3)<\/li>\n<\/ul>\n<ul>\n<li>Sera Gaz\u0131 Emisyonlar\u0131 Hesaplama Metodolojileri<\/li>\n<\/ul>\n<ul>\n<li>E\u011fitim sonunda kat\u0131l\u0131mc\u0131lar\u0131n a\u015fa\u011f\u0131daki konularda beceri sahibi olmas\u0131 beklenmektedir.<\/li>\n<\/ul>\n<ul>\n<li>Hesaplama Metodolojilerinin Se\u00e7imi<\/li>\n<\/ul>\n<ul>\n<li>Sera Gaz\u0131 Emisyonu Fakt\u00f6rlerinin Se\u00e7imi<\/li>\n<\/ul>\n<ul>\n<li>Sera Gaz\u0131 Emisyonlar\u0131n\u0131n Hesaplanmas\u0131<\/li>\n<\/ul>\n<ul>\n<li>Belirsizlik hesab\u0131<\/li>\n<\/ul>\n<p>\u00a0 <strong>E\u011fitim \u0130\u00e7eri\u011fi<\/strong><\/p>\n<ul>\n<li>Sera Gaz\u0131 Emisyon Haz\u0131rlama Gereklilikleri ve Beklenen Faydalar<\/li>\n<\/ul>\n<ul>\n<li>Sera Gaz\u0131 Emisyon S\u0131n\u0131flar\u0131 ( Do\u011frudan Sera Gaz\u0131, Enerji Dolayl\u0131 Sera Gazlar\u0131, Di\u011fer Dolayl\u0131 Sera Gazlar\u0131)<\/li>\n<\/ul>\n<ul>\n<li>Sera Gaz\u0131 Verileri Kalite S\u0131n\u0131flar\u0131 ( Tier 1&amp; Tier2 &amp;Tier3 )<\/li>\n<\/ul>\n<ul>\n<li>Enerji Dolayl\u0131 Sera gaz\u0131 hesaplama y\u00f6ntemleri<\/li>\n<\/ul>\n<ul>\n<li>Sabit Yakma Sistemlerinden kaynaklanan sera gazlar\u0131 hesaplama y\u00f6ntemleri<\/li>\n<\/ul>\n<ul>\n<li>\u0130\u015f makinalar\u0131 ve ula\u015f\u0131m ara\u00e7lar\u0131ndan kaynaklanan sera gazlar\u0131 hesaplama y\u00f6ntemleri<\/li>\n<\/ul>\n<ul>\n<li>So\u011futma ve havaland\u0131rma sistemlerinden kaynaklanan sera gaz\u0131 emisyonlar\u0131n\u0131n hesaplanmas\u0131<\/li>\n<\/ul>\n<ul>\n<li>Sera Gaz\u0131 Envanter Belirsizliklerinin Hesaplanlanmas\u0131<\/li>\n<\/ul>\n<p>\u00a0 <strong>Sertifika<\/strong><\/p>\n<ul>\n<li>E\u011fitimi tamamlayan t\u00fcm kat\u0131l\u0131mc\u0131lara GLOBAL ALLIANCE ACADEMY taraf\u0131ndan, &#8221; ISO 14064-1:2006 Sera Gaz\u0131 hesaplanmas\u0131 E\u011fitimi Kat\u0131l\u0131m Sertifikas\u0131&#8221; verilecektir.<\/li>\n<\/ul>","protected":false},"excerpt":{"rendered":"<p>\u00a0 Kat\u0131l\u0131mc\u0131 Profili Kurulu\u015flar\u0131n bak\u0131m, \u00fcretim ve \u00e7evre y\u00f6netim sistemi departmanlar\u0131nda g\u00f6rev alan m\u00fchendis ve sorumlular\u0131 \u00a0 Hedeflenen Sonu\u00e7 Sera Gaz\u0131 Emisyon S\u0131n\u0131flar\u0131 ( Do\u011frudan Sera Gaz\u0131, Enerji Dolayl\u0131 Sera&#8230; <\/p>\n","protected":false},"author":10,"featured_media":5171,"parent":2143,"menu_order":38,"comment_status":"closed","ping_status":"closed","template":"page-full.php","meta":{"_acf_changed":false,"om_disable_all_campaigns":false,"footnotes":""},"class_list":["post-2256","page","type-page","status-publish","has-post-thumbnail","hentry"],"acf":[],"yoast_head":"<!-- This site is optimized with the Yoast SEO plugin v27.4 - https:\/\/yoast.com\/product\/yoast-seo-wordpress\/ -->\n<title>ISO 14064-1:2006 Sera Gaz\u0131 Hesaplanmas\u0131 E\u011fitimi \u2013 1 g\u00fcn - Global Alliance Register<\/title>\n<meta name=\"robots\" content=\"index, follow, max-snippet:-1, max-image-preview:large, max-video-preview:-1\" \/>\n<link rel=\"canonical\" href=\"https:\/\/globalallianceregister.com\/tr\/services\/egitim\/turkce-yonetim-sistemleri\/turkce-iso-14064-12006-sera-gazi-hesaplanmasi-egitimi-1-gun\/\" \/>\n<meta property=\"og:locale\" content=\"tr_TR\" \/>\n<meta property=\"og:type\" content=\"article\" \/>\n<meta property=\"og:title\" content=\"ISO 14064-1:2006 Sera Gaz\u0131 Hesaplanmas\u0131 E\u011fitimi \u2013 1 g\u00fcn - Global Alliance Register\" \/>\n<meta property=\"og:description\" content=\"\u00a0 Kat\u0131l\u0131mc\u0131 Profili Kurulu\u015flar\u0131n bak\u0131m, \u00fcretim ve \u00e7evre y\u00f6netim sistemi departmanlar\u0131nda g\u00f6rev alan m\u00fchendis ve sorumlular\u0131 \u00a0 Hedeflenen Sonu\u00e7 Sera Gaz\u0131 Emisyon S\u0131n\u0131flar\u0131 ( Do\u011frudan Sera Gaz\u0131, Enerji Dolayl\u0131 Sera...\" \/>\n<meta property=\"og:url\" content=\"https:\/\/globalallianceregister.com\/tr\/services\/egitim\/turkce-yonetim-sistemleri\/turkce-iso-14064-12006-sera-gazi-hesaplanmasi-egitimi-1-gun\/\" \/>\n<meta property=\"og:site_name\" content=\"Global Alliance Register\" \/>\n<meta property=\"article:modified_time\" content=\"2015-12-11T17:03:04+00:00\" \/>\n<meta property=\"og:image\" content=\"https:\/\/globalallianceregister.com\/wp-content\/uploads\/2015\/08\/Training-Inner-Page.jpg\" \/>\n\t<meta property=\"og:image:width\" content=\"614\" \/>\n\t<meta property=\"og:image:height\" content=\"200\" \/>\n\t<meta property=\"og:image:type\" content=\"image\/jpeg\" \/>\n<meta name=\"twitter:label1\" content=\"Tahmini okuma s\u00fcresi\" \/>\n\t<meta name=\"twitter:data1\" content=\"1 dakika\" \/>\n<script type=\"application\/ld+json\" class=\"yoast-schema-graph\">{\"@context\":\"https:\\\/\\\/schema.org\",\"@graph\":[{\"@type\":\"WebPage\",\"@id\":\"https:\\\/\\\/globalallianceregister.com\\\/tr\\\/services\\\/egitim\\\/turkce-yonetim-sistemleri\\\/turkce-iso-14064-12006-sera-gazi-hesaplanmasi-egitimi-1-gun\\\/\",\"url\":\"https:\\\/\\\/globalallianceregister.com\\\/tr\\\/services\\\/egitim\\\/turkce-yonetim-sistemleri\\\/turkce-iso-14064-12006-sera-gazi-hesaplanmasi-egitimi-1-gun\\\/\",\"name\":\"ISO 14064-1:2006 Sera Gaz\u0131 Hesaplanmas\u0131 E\u011fitimi \u2013 1 g\u00fcn - Global Alliance Register\",\"isPartOf\":{\"@id\":\"https:\\\/\\\/globalallianceregister.com\\\/tr\\\/#website\"},\"primaryImageOfPage\":{\"@id\":\"https:\\\/\\\/globalallianceregister.com\\\/tr\\\/services\\\/egitim\\\/turkce-yonetim-sistemleri\\\/turkce-iso-14064-12006-sera-gazi-hesaplanmasi-egitimi-1-gun\\\/#primaryimage\"},\"image\":{\"@id\":\"https:\\\/\\\/globalallianceregister.com\\\/tr\\\/services\\\/egitim\\\/turkce-yonetim-sistemleri\\\/turkce-iso-14064-12006-sera-gazi-hesaplanmasi-egitimi-1-gun\\\/#primaryimage\"},\"thumbnailUrl\":\"https:\\\/\\\/globalallianceregister.com\\\/wp-content\\\/uploads\\\/2015\\\/08\\\/Training-Inner-Page.jpg\",\"datePublished\":\"2014-12-16T18:29:49+00:00\",\"dateModified\":\"2015-12-11T17:03:04+00:00\",\"breadcrumb\":{\"@id\":\"https:\\\/\\\/globalallianceregister.com\\\/tr\\\/services\\\/egitim\\\/turkce-yonetim-sistemleri\\\/turkce-iso-14064-12006-sera-gazi-hesaplanmasi-egitimi-1-gun\\\/#breadcrumb\"},\"inLanguage\":\"tr\",\"potentialAction\":[{\"@type\":\"ReadAction\",\"target\":[[\"https:\\\/\\\/globalallianceregister.com\\\/tr\\\/services\\\/egitim\\\/turkce-yonetim-sistemleri\\\/turkce-iso-14064-12006-sera-gazi-hesaplanmasi-egitimi-1-gun\\\/\"]]}]},{\"@type\":\"ImageObject\",\"inLanguage\":\"tr\",\"@id\":\"https:\\\/\\\/globalallianceregister.com\\\/tr\\\/services\\\/egitim\\\/turkce-yonetim-sistemleri\\\/turkce-iso-14064-12006-sera-gazi-hesaplanmasi-egitimi-1-gun\\\/#primaryimage\",\"url\":\"https:\\\/\\\/globalallianceregister.com\\\/wp-content\\\/uploads\\\/2015\\\/08\\\/Training-Inner-Page.jpg\",\"contentUrl\":\"https:\\\/\\\/globalallianceregister.com\\\/wp-content\\\/uploads\\\/2015\\\/08\\\/Training-Inner-Page.jpg\",\"width\":614,\"height\":200},{\"@type\":\"BreadcrumbList\",\"@id\":\"https:\\\/\\\/globalallianceregister.com\\\/tr\\\/services\\\/egitim\\\/turkce-yonetim-sistemleri\\\/turkce-iso-14064-12006-sera-gazi-hesaplanmasi-egitimi-1-gun\\\/#breadcrumb\",\"itemListElement\":[{\"@type\":\"ListItem\",\"position\":1,\"name\":\"Anasayfa\",\"item\":\"https:\\\/\\\/globalallianceregister.com\\\/tr\\\/\"},{\"@type\":\"ListItem\",\"position\":2,\"name\":\"ISO 14064-1:2006 Sera Gaz\u0131 Hesaplanmas\u0131 E\u011fitimi \u2013 1 g\u00fcn\"}]},{\"@type\":\"WebSite\",\"@id\":\"https:\\\/\\\/globalallianceregister.com\\\/tr\\\/#website\",\"url\":\"https:\\\/\\\/globalallianceregister.com\\\/tr\\\/\",\"name\":\"Global Alliance Register\",\"description\":\"(EN) Together for Excellence\",\"potentialAction\":[{\"@type\":\"SearchAction\",\"target\":{\"@type\":\"EntryPoint\",\"urlTemplate\":\"https:\\\/\\\/globalallianceregister.com\\\/tr\\\/?s={search_term_string}\"},\"query-input\":{\"@type\":\"PropertyValueSpecification\",\"valueRequired\":true,\"valueName\":\"search_term_string\"}}],\"inLanguage\":\"tr\"}]}<\/script>\n<!-- \/ Yoast SEO plugin. -->","yoast_head_json":{"title":"ISO 14064-1:2006 Sera Gaz\u0131 Hesaplanmas\u0131 E\u011fitimi \u2013 1 g\u00fcn - Global Alliance Register","robots":{"index":"index","follow":"follow","max-snippet":"max-snippet:-1","max-image-preview":"max-image-preview:large","max-video-preview":"max-video-preview:-1"},"canonical":"https:\/\/globalallianceregister.com\/tr\/services\/egitim\/turkce-yonetim-sistemleri\/turkce-iso-14064-12006-sera-gazi-hesaplanmasi-egitimi-1-gun\/","og_locale":"tr_TR","og_type":"article","og_title":"ISO 14064-1:2006 Sera Gaz\u0131 Hesaplanmas\u0131 E\u011fitimi \u2013 1 g\u00fcn - Global Alliance Register","og_description":"\u00a0 Kat\u0131l\u0131mc\u0131 Profili Kurulu\u015flar\u0131n bak\u0131m, \u00fcretim ve \u00e7evre y\u00f6netim sistemi departmanlar\u0131nda g\u00f6rev alan m\u00fchendis ve sorumlular\u0131 \u00a0 Hedeflenen Sonu\u00e7 Sera Gaz\u0131 Emisyon S\u0131n\u0131flar\u0131 ( Do\u011frudan Sera Gaz\u0131, Enerji Dolayl\u0131 Sera...","og_url":"https:\/\/globalallianceregister.com\/tr\/services\/egitim\/turkce-yonetim-sistemleri\/turkce-iso-14064-12006-sera-gazi-hesaplanmasi-egitimi-1-gun\/","og_site_name":"Global Alliance Register","article_modified_time":"2015-12-11T17:03:04+00:00","og_image":[{"width":614,"height":200,"url":"https:\/\/globalallianceregister.com\/wp-content\/uploads\/2015\/08\/Training-Inner-Page.jpg","type":"image\/jpeg"}],"twitter_misc":{"Tahmini okuma s\u00fcresi":"1 dakika"},"schema":{"@context":"https:\/\/schema.org","@graph":[{"@type":"WebPage","@id":"https:\/\/globalallianceregister.com\/tr\/services\/egitim\/turkce-yonetim-sistemleri\/turkce-iso-14064-12006-sera-gazi-hesaplanmasi-egitimi-1-gun\/","url":"https:\/\/globalallianceregister.com\/tr\/services\/egitim\/turkce-yonetim-sistemleri\/turkce-iso-14064-12006-sera-gazi-hesaplanmasi-egitimi-1-gun\/","name":"ISO 14064-1:2006 Sera Gaz\u0131 Hesaplanmas\u0131 E\u011fitimi \u2013 1 g\u00fcn - Global Alliance Register","isPartOf":{"@id":"https:\/\/globalallianceregister.com\/tr\/#website"},"primaryImageOfPage":{"@id":"https:\/\/globalallianceregister.com\/tr\/services\/egitim\/turkce-yonetim-sistemleri\/turkce-iso-14064-12006-sera-gazi-hesaplanmasi-egitimi-1-gun\/#primaryimage"},"image":{"@id":"https:\/\/globalallianceregister.com\/tr\/services\/egitim\/turkce-yonetim-sistemleri\/turkce-iso-14064-12006-sera-gazi-hesaplanmasi-egitimi-1-gun\/#primaryimage"},"thumbnailUrl":"https:\/\/globalallianceregister.com\/wp-content\/uploads\/2015\/08\/Training-Inner-Page.jpg","datePublished":"2014-12-16T18:29:49+00:00","dateModified":"2015-12-11T17:03:04+00:00","breadcrumb":{"@id":"https:\/\/globalallianceregister.com\/tr\/services\/egitim\/turkce-yonetim-sistemleri\/turkce-iso-14064-12006-sera-gazi-hesaplanmasi-egitimi-1-gun\/#breadcrumb"},"inLanguage":"tr","potentialAction":[{"@type":"ReadAction","target":[["https:\/\/globalallianceregister.com\/tr\/services\/egitim\/turkce-yonetim-sistemleri\/turkce-iso-14064-12006-sera-gazi-hesaplanmasi-egitimi-1-gun\/"]]}]},{"@type":"ImageObject","inLanguage":"tr","@id":"https:\/\/globalallianceregister.com\/tr\/services\/egitim\/turkce-yonetim-sistemleri\/turkce-iso-14064-12006-sera-gazi-hesaplanmasi-egitimi-1-gun\/#primaryimage","url":"https:\/\/globalallianceregister.com\/wp-content\/uploads\/2015\/08\/Training-Inner-Page.jpg","contentUrl":"https:\/\/globalallianceregister.com\/wp-content\/uploads\/2015\/08\/Training-Inner-Page.jpg","width":614,"height":200},{"@type":"BreadcrumbList","@id":"https:\/\/globalallianceregister.com\/tr\/services\/egitim\/turkce-yonetim-sistemleri\/turkce-iso-14064-12006-sera-gazi-hesaplanmasi-egitimi-1-gun\/#breadcrumb","itemListElement":[{"@type":"ListItem","position":1,"name":"Anasayfa","item":"https:\/\/globalallianceregister.com\/tr\/"},{"@type":"ListItem","position":2,"name":"ISO 14064-1:2006 Sera Gaz\u0131 Hesaplanmas\u0131 E\u011fitimi \u2013 1 g\u00fcn"}]},{"@type":"WebSite","@id":"https:\/\/globalallianceregister.com\/tr\/#website","url":"https:\/\/globalallianceregister.com\/tr\/","name":"Global Alliance Register","description":"(EN) Together for Excellence","potentialAction":[{"@type":"SearchAction","target":{"@type":"EntryPoint","urlTemplate":"https:\/\/globalallianceregister.com\/tr\/?s={search_term_string}"},"query-input":{"@type":"PropertyValueSpecification","valueRequired":true,"valueName":"search_term_string"}}],"inLanguage":"tr"}]}},"_links":{"self":[{"href":"https:\/\/globalallianceregister.com\/tr\/wp-json\/wp\/v2\/pages\/2256","targetHints":{"allow":["GET"]}}],"collection":[{"href":"https:\/\/globalallianceregister.com\/tr\/wp-json\/wp\/v2\/pages"}],"about":[{"href":"https:\/\/globalallianceregister.com\/tr\/wp-json\/wp\/v2\/types\/page"}],"author":[{"embeddable":true,"href":"https:\/\/globalallianceregister.com\/tr\/wp-json\/wp\/v2\/users\/10"}],"replies":[{"embeddable":true,"href":"https:\/\/globalallianceregister.com\/tr\/wp-json\/wp\/v2\/comments?post=2256"}],"version-history":[{"count":0,"href":"https:\/\/globalallianceregister.com\/tr\/wp-json\/wp\/v2\/pages\/2256\/revisions"}],"up":[{"embeddable":true,"href":"https:\/\/globalallianceregister.com\/tr\/wp-json\/wp\/v2\/pages\/2143"}],"wp:featuredmedia":[{"embeddable":true,"href":"https:\/\/globalallianceregister.com\/tr\/wp-json\/wp\/v2\/media\/5171"}],"wp:attachment":[{"href":"https:\/\/globalallianceregister.com\/tr\/wp-json\/wp\/v2\/media?parent=2256"}],"curies":[{"name":"wp","href":"https:\/\/api.w.org\/{rel}","templated":true}]}}