{"id":2260,"date":"2014-12-16T18:33:11","date_gmt":"2014-12-16T18:33:11","guid":{"rendered":"https:\/\/globalallianceregister.com\/?page_id=2260"},"modified":"2015-12-11T17:05:12","modified_gmt":"2015-12-11T17:05:12","slug":"turkce-as9100-rev-c-havacilik-uzay-ve-savunma-organizasyonlari-icin-kalite-yonetim-sistemleri-gerekleri-temel-2-gun","status":"publish","type":"page","link":"https:\/\/globalallianceregister.com\/tr\/services\/egitim\/turkce-yonetim-sistemleri\/turkce-as9100-rev-c-havacilik-uzay-ve-savunma-organizasyonlari-icin-kalite-yonetim-sistemleri-gerekleri-temel-2-gun\/","title":{"rendered":"AS 9100 (Rev.C) Havac\u0131l\u0131k, Uzay ve Savunma Organizasyonlar\u0131 i\u00e7in Kalite Y\u00f6netim Sistemleri Gerekleri Temel \u2013 2 g\u00fcn"},"content":{"rendered":"<p><strong>\u00a0<\/strong> <strong>Kat\u0131l\u0131mc\u0131 Profili<\/strong><\/p>\n<ul>\n<li>AS 9100 Kalite Y\u00f6netim Sistemi kurmakta olan veya mevcut sistemlerini geli\u015ftirmek isteyen ve Kalite Y\u00f6netim Sisteminin y\u00fcr\u00fcrl\u00fc\u011fe konulmas\u0131 ve firma i\u00e7i ve d\u0131\u015f\u0131 kalite denetimlerinin uygulanmas\u0131nda g\u00f6rev alacak personel.<\/li>\n<\/ul>\n<p>\u00a0 <strong>Hedeflenen Sonu\u00e7<\/strong><\/p>\n<ul>\n<li>AS\/EN\/JISQ 9100 sertifikasyonu, ba\u015fta havac\u0131l\u0131k olmak \u00fczere uzay ve savunma organizasyonlar\u0131na y\u00f6nelik uluslararas\u0131 kabul g\u00f6ren bir kalite y\u00f6netim sistemi, standart\u0131d\u0131r. Kuzey Amerika\u2019da AS 9100, Avrupa\u2019da EN 9100 ve Japonya\u2019da JISQ 9100 olarak bilinen Standard, Airbus, GEAE, Rolls_Royce ve Boeing gibi sekt\u00f6r\u00fcn \u00f6nde gelen \u00fcreticileri taraf\u0131ndan kuvvetle desteklenmektedir. AS 9100 sertifikasyonu, belirtilen \u00fcreticiler taraf\u0131ndan, alt y\u00fcklenicilerinden istedikleri temel bir gereksinim haline gelmi\u015ftir. AS 9100 Havac\u0131l\u0131k,uzay,ve savunma sekt\u00f6r\u00fcnde tasar\u0131m, \u00fcretim, bak\u0131m, depolama ve da\u011f\u0131t\u0131m yapan t\u00fcm kurulu\u015flar\u0131 ilgilendirir. \u00d6nc\u00fc u\u00e7ak \u00fcreticileri ve ana sanayi \u00fcreticileri bu standard\u0131n uygulanmas\u0131n\u0131 \u015fart ko\u015far.<\/li>\n<\/ul>\n<ul>\n<li>AS 9100 standard\u0131 1997&#8217;de Amerikan Havac\u0131l\u0131k Kalite Grubu (AAQG),Uluslar aras\u0131 Havac\u0131l\u0131k Kalite Grubu (IAQG) ve havac\u0131l\u0131k sekt\u00f6r\u00fcn\u00fcn liderleri taraf\u0131ndan havac\u0131l\u0131\u011f\u0131n t\u00fcm alanlar\u0131nda \u00fcst\u00fcn teknoloji standartlar\u0131n\u0131 te\u015fvik etmek \u00fczere geli\u015ftirilmi\u015ftir.<\/li>\n<\/ul>\n<ul>\n<li>AS 9100, ISO 9001 Kalite Sistemi&#8217;nin gerekleri \u00fczerine risk y\u00f6netimi, proje y\u00f6netimi, konfig\u00fcrasyon y\u00f6netimi gibi gerekleri i\u00e7erir. Havac\u0131l\u0131k, uzay ve savunma sekt\u00f6r\u00fcnde uygulanan kesin talep ve kontroller ile u\u00e7ak, ekipman, malzeme, hizmet ve faaliyetlerin emniyeti ve g\u00fcvenilirli\u011fi sa\u011flan\u0131r.<\/li>\n<\/ul>\n<ul>\n<li>Bu e\u011fitim program\u0131n\u0131n hedefi, kat\u0131l\u0131mc\u0131lara AS 9100 Standard\u0131n\u0131 a\u00e7\u0131klamak, Standard uygulamalardan \u00f6rnekler vererek tan\u0131tmak ve kat\u0131l\u0131mc\u0131lar\u0131n kendi firma ve sistemleriyle ilgili ko\u015fullar\u0131 sa\u011flayacak \u015fekilde uygulama ve geli\u015ftirebilmeleri i\u00e7in gerekli bilgi ve birikim ortam\u0131n\u0131 yaratmakt\u0131r.<\/li>\n<\/ul>\n<p>\u00a0 <strong>E\u011fitim \u0130\u00e7eri\u011fi<\/strong><\/p>\n<ul>\n<li>AS 9100 STANDARDININ GEL\u0130\u015e\u0130M\u0130<\/li>\n<\/ul>\n<ul>\n<li>STANDART GEREKLER\u0130N\u0130N AYRINTILI TANITIMI<\/li>\n<\/ul>\n<ul>\n<li>\u0130LG\u0130L\u0130 TEMEL KAVRAMLARIN TANITIMI<\/li>\n<\/ul>\n<ul>\n<li>\u00c7E\u015e\u0130TL\u0130 \u00d6RNEKLER VE UYGULAMALAR<\/li>\n<\/ul>\n<p>\u00a0 <strong>Sertifika<\/strong><\/p>\n<ul>\n<li>E\u011fitimi tamamlayan t\u00fcm kat\u0131l\u0131mc\u0131lara GLOBAL ALLIANCE ACADEMY taraf\u0131ndan, &#8220;AS9100 (Rev.C) Havac\u0131l\u0131k, Uzay ve Savunma Organizasyonlar\u0131 i\u00e7in Kalite Y\u00f6netim Sistemleri Gerekleri Temel E\u011fitimi Kat\u0131l\u0131m Sertifikas\u0131&#8221; verilecektir.<\/li>\n<\/ul>","protected":false},"excerpt":{"rendered":"<p>\u00a0 Kat\u0131l\u0131mc\u0131 Profili AS 9100 Kalite Y\u00f6netim Sistemi kurmakta olan veya mevcut sistemlerini geli\u015ftirmek isteyen ve Kalite Y\u00f6netim Sisteminin y\u00fcr\u00fcrl\u00fc\u011fe konulmas\u0131 ve firma i\u00e7i ve d\u0131\u015f\u0131 kalite denetimlerinin uygulanmas\u0131nda g\u00f6rev&#8230; <\/p>\n","protected":false},"author":10,"featured_media":5171,"parent":2143,"menu_order":40,"comment_status":"closed","ping_status":"closed","template":"page-full.php","meta":{"_acf_changed":false,"om_disable_all_campaigns":false,"footnotes":""},"class_list":["post-2260","page","type-page","status-publish","has-post-thumbnail","hentry"],"acf":[],"yoast_head":"<!-- This site is optimized with the Yoast SEO plugin v27.4 - https:\/\/yoast.com\/product\/yoast-seo-wordpress\/ -->\n<title>AS 9100 (Rev.C) Havac\u0131l\u0131k, Uzay ve Savunma Organizasyonlar\u0131 i\u00e7in Kalite Y\u00f6netim Sistemleri Gerekleri Temel \u2013 2 g\u00fcn - Global Alliance Register<\/title>\n<meta name=\"robots\" content=\"index, follow, max-snippet:-1, max-image-preview:large, max-video-preview:-1\" \/>\n<link rel=\"canonical\" href=\"https:\/\/globalallianceregister.com\/tr\/services\/egitim\/turkce-yonetim-sistemleri\/turkce-as9100-rev-c-havacilik-uzay-ve-savunma-organizasyonlari-icin-kalite-yonetim-sistemleri-gerekleri-temel-2-gun\/\" \/>\n<meta property=\"og:locale\" content=\"tr_TR\" \/>\n<meta property=\"og:type\" content=\"article\" \/>\n<meta property=\"og:title\" content=\"AS 9100 (Rev.C) Havac\u0131l\u0131k, Uzay ve Savunma Organizasyonlar\u0131 i\u00e7in Kalite Y\u00f6netim Sistemleri Gerekleri Temel \u2013 2 g\u00fcn - Global Alliance Register\" \/>\n<meta property=\"og:description\" content=\"\u00a0 Kat\u0131l\u0131mc\u0131 Profili AS 9100 Kalite Y\u00f6netim Sistemi kurmakta olan veya mevcut sistemlerini geli\u015ftirmek isteyen ve Kalite Y\u00f6netim Sisteminin y\u00fcr\u00fcrl\u00fc\u011fe konulmas\u0131 ve firma i\u00e7i ve d\u0131\u015f\u0131 kalite denetimlerinin uygulanmas\u0131nda g\u00f6rev...\" \/>\n<meta property=\"og:url\" content=\"https:\/\/globalallianceregister.com\/tr\/services\/egitim\/turkce-yonetim-sistemleri\/turkce-as9100-rev-c-havacilik-uzay-ve-savunma-organizasyonlari-icin-kalite-yonetim-sistemleri-gerekleri-temel-2-gun\/\" \/>\n<meta property=\"og:site_name\" content=\"Global Alliance Register\" \/>\n<meta property=\"article:modified_time\" content=\"2015-12-11T17:05:12+00:00\" \/>\n<meta property=\"og:image\" content=\"https:\/\/globalallianceregister.com\/wp-content\/uploads\/2015\/08\/Training-Inner-Page.jpg\" \/>\n\t<meta property=\"og:image:width\" content=\"614\" \/>\n\t<meta property=\"og:image:height\" content=\"200\" \/>\n\t<meta property=\"og:image:type\" content=\"image\/jpeg\" \/>\n<meta name=\"twitter:label1\" content=\"Tahmini okuma s\u00fcresi\" \/>\n\t<meta name=\"twitter:data1\" content=\"2 dakika\" \/>\n<script type=\"application\/ld+json\" class=\"yoast-schema-graph\">{\"@context\":\"https:\\\/\\\/schema.org\",\"@graph\":[{\"@type\":\"WebPage\",\"@id\":\"https:\\\/\\\/globalallianceregister.com\\\/tr\\\/services\\\/egitim\\\/turkce-yonetim-sistemleri\\\/turkce-as9100-rev-c-havacilik-uzay-ve-savunma-organizasyonlari-icin-kalite-yonetim-sistemleri-gerekleri-temel-2-gun\\\/\",\"url\":\"https:\\\/\\\/globalallianceregister.com\\\/tr\\\/services\\\/egitim\\\/turkce-yonetim-sistemleri\\\/turkce-as9100-rev-c-havacilik-uzay-ve-savunma-organizasyonlari-icin-kalite-yonetim-sistemleri-gerekleri-temel-2-gun\\\/\",\"name\":\"AS 9100 (Rev.C) Havac\u0131l\u0131k, Uzay ve Savunma Organizasyonlar\u0131 i\u00e7in Kalite Y\u00f6netim Sistemleri Gerekleri Temel \u2013 2 g\u00fcn - Global Alliance Register\",\"isPartOf\":{\"@id\":\"https:\\\/\\\/globalallianceregister.com\\\/tr\\\/#website\"},\"primaryImageOfPage\":{\"@id\":\"https:\\\/\\\/globalallianceregister.com\\\/tr\\\/services\\\/egitim\\\/turkce-yonetim-sistemleri\\\/turkce-as9100-rev-c-havacilik-uzay-ve-savunma-organizasyonlari-icin-kalite-yonetim-sistemleri-gerekleri-temel-2-gun\\\/#primaryimage\"},\"image\":{\"@id\":\"https:\\\/\\\/globalallianceregister.com\\\/tr\\\/services\\\/egitim\\\/turkce-yonetim-sistemleri\\\/turkce-as9100-rev-c-havacilik-uzay-ve-savunma-organizasyonlari-icin-kalite-yonetim-sistemleri-gerekleri-temel-2-gun\\\/#primaryimage\"},\"thumbnailUrl\":\"https:\\\/\\\/globalallianceregister.com\\\/wp-content\\\/uploads\\\/2015\\\/08\\\/Training-Inner-Page.jpg\",\"datePublished\":\"2014-12-16T18:33:11+00:00\",\"dateModified\":\"2015-12-11T17:05:12+00:00\",\"breadcrumb\":{\"@id\":\"https:\\\/\\\/globalallianceregister.com\\\/tr\\\/services\\\/egitim\\\/turkce-yonetim-sistemleri\\\/turkce-as9100-rev-c-havacilik-uzay-ve-savunma-organizasyonlari-icin-kalite-yonetim-sistemleri-gerekleri-temel-2-gun\\\/#breadcrumb\"},\"inLanguage\":\"tr\",\"potentialAction\":[{\"@type\":\"ReadAction\",\"target\":[[\"https:\\\/\\\/globalallianceregister.com\\\/tr\\\/services\\\/egitim\\\/turkce-yonetim-sistemleri\\\/turkce-as9100-rev-c-havacilik-uzay-ve-savunma-organizasyonlari-icin-kalite-yonetim-sistemleri-gerekleri-temel-2-gun\\\/\"]]}]},{\"@type\":\"ImageObject\",\"inLanguage\":\"tr\",\"@id\":\"https:\\\/\\\/globalallianceregister.com\\\/tr\\\/services\\\/egitim\\\/turkce-yonetim-sistemleri\\\/turkce-as9100-rev-c-havacilik-uzay-ve-savunma-organizasyonlari-icin-kalite-yonetim-sistemleri-gerekleri-temel-2-gun\\\/#primaryimage\",\"url\":\"https:\\\/\\\/globalallianceregister.com\\\/wp-content\\\/uploads\\\/2015\\\/08\\\/Training-Inner-Page.jpg\",\"contentUrl\":\"https:\\\/\\\/globalallianceregister.com\\\/wp-content\\\/uploads\\\/2015\\\/08\\\/Training-Inner-Page.jpg\",\"width\":614,\"height\":200},{\"@type\":\"BreadcrumbList\",\"@id\":\"https:\\\/\\\/globalallianceregister.com\\\/tr\\\/services\\\/egitim\\\/turkce-yonetim-sistemleri\\\/turkce-as9100-rev-c-havacilik-uzay-ve-savunma-organizasyonlari-icin-kalite-yonetim-sistemleri-gerekleri-temel-2-gun\\\/#breadcrumb\",\"itemListElement\":[{\"@type\":\"ListItem\",\"position\":1,\"name\":\"Anasayfa\",\"item\":\"https:\\\/\\\/globalallianceregister.com\\\/tr\\\/\"},{\"@type\":\"ListItem\",\"position\":2,\"name\":\"AS 9100 (Rev.C) Havac\u0131l\u0131k, Uzay ve Savunma Organizasyonlar\u0131 i\u00e7in Kalite Y\u00f6netim Sistemleri Gerekleri Temel \u2013 2 g\u00fcn\"}]},{\"@type\":\"WebSite\",\"@id\":\"https:\\\/\\\/globalallianceregister.com\\\/tr\\\/#website\",\"url\":\"https:\\\/\\\/globalallianceregister.com\\\/tr\\\/\",\"name\":\"Global Alliance Register\",\"description\":\"(EN) Together for Excellence\",\"potentialAction\":[{\"@type\":\"SearchAction\",\"target\":{\"@type\":\"EntryPoint\",\"urlTemplate\":\"https:\\\/\\\/globalallianceregister.com\\\/tr\\\/?s={search_term_string}\"},\"query-input\":{\"@type\":\"PropertyValueSpecification\",\"valueRequired\":true,\"valueName\":\"search_term_string\"}}],\"inLanguage\":\"tr\"}]}<\/script>\n<!-- \/ Yoast SEO plugin. -->","yoast_head_json":{"title":"AS 9100 (Rev.C) Havac\u0131l\u0131k, Uzay ve Savunma Organizasyonlar\u0131 i\u00e7in Kalite Y\u00f6netim Sistemleri Gerekleri Temel \u2013 2 g\u00fcn - Global Alliance Register","robots":{"index":"index","follow":"follow","max-snippet":"max-snippet:-1","max-image-preview":"max-image-preview:large","max-video-preview":"max-video-preview:-1"},"canonical":"https:\/\/globalallianceregister.com\/tr\/services\/egitim\/turkce-yonetim-sistemleri\/turkce-as9100-rev-c-havacilik-uzay-ve-savunma-organizasyonlari-icin-kalite-yonetim-sistemleri-gerekleri-temel-2-gun\/","og_locale":"tr_TR","og_type":"article","og_title":"AS 9100 (Rev.C) Havac\u0131l\u0131k, Uzay ve Savunma Organizasyonlar\u0131 i\u00e7in Kalite Y\u00f6netim Sistemleri Gerekleri Temel \u2013 2 g\u00fcn - Global Alliance Register","og_description":"\u00a0 Kat\u0131l\u0131mc\u0131 Profili AS 9100 Kalite Y\u00f6netim Sistemi kurmakta olan veya mevcut sistemlerini geli\u015ftirmek isteyen ve Kalite Y\u00f6netim Sisteminin y\u00fcr\u00fcrl\u00fc\u011fe konulmas\u0131 ve firma i\u00e7i ve d\u0131\u015f\u0131 kalite denetimlerinin uygulanmas\u0131nda g\u00f6rev...","og_url":"https:\/\/globalallianceregister.com\/tr\/services\/egitim\/turkce-yonetim-sistemleri\/turkce-as9100-rev-c-havacilik-uzay-ve-savunma-organizasyonlari-icin-kalite-yonetim-sistemleri-gerekleri-temel-2-gun\/","og_site_name":"Global Alliance Register","article_modified_time":"2015-12-11T17:05:12+00:00","og_image":[{"width":614,"height":200,"url":"https:\/\/globalallianceregister.com\/wp-content\/uploads\/2015\/08\/Training-Inner-Page.jpg","type":"image\/jpeg"}],"twitter_misc":{"Tahmini okuma s\u00fcresi":"2 dakika"},"schema":{"@context":"https:\/\/schema.org","@graph":[{"@type":"WebPage","@id":"https:\/\/globalallianceregister.com\/tr\/services\/egitim\/turkce-yonetim-sistemleri\/turkce-as9100-rev-c-havacilik-uzay-ve-savunma-organizasyonlari-icin-kalite-yonetim-sistemleri-gerekleri-temel-2-gun\/","url":"https:\/\/globalallianceregister.com\/tr\/services\/egitim\/turkce-yonetim-sistemleri\/turkce-as9100-rev-c-havacilik-uzay-ve-savunma-organizasyonlari-icin-kalite-yonetim-sistemleri-gerekleri-temel-2-gun\/","name":"AS 9100 (Rev.C) Havac\u0131l\u0131k, Uzay ve Savunma Organizasyonlar\u0131 i\u00e7in Kalite Y\u00f6netim Sistemleri Gerekleri Temel \u2013 2 g\u00fcn - Global Alliance Register","isPartOf":{"@id":"https:\/\/globalallianceregister.com\/tr\/#website"},"primaryImageOfPage":{"@id":"https:\/\/globalallianceregister.com\/tr\/services\/egitim\/turkce-yonetim-sistemleri\/turkce-as9100-rev-c-havacilik-uzay-ve-savunma-organizasyonlari-icin-kalite-yonetim-sistemleri-gerekleri-temel-2-gun\/#primaryimage"},"image":{"@id":"https:\/\/globalallianceregister.com\/tr\/services\/egitim\/turkce-yonetim-sistemleri\/turkce-as9100-rev-c-havacilik-uzay-ve-savunma-organizasyonlari-icin-kalite-yonetim-sistemleri-gerekleri-temel-2-gun\/#primaryimage"},"thumbnailUrl":"https:\/\/globalallianceregister.com\/wp-content\/uploads\/2015\/08\/Training-Inner-Page.jpg","datePublished":"2014-12-16T18:33:11+00:00","dateModified":"2015-12-11T17:05:12+00:00","breadcrumb":{"@id":"https:\/\/globalallianceregister.com\/tr\/services\/egitim\/turkce-yonetim-sistemleri\/turkce-as9100-rev-c-havacilik-uzay-ve-savunma-organizasyonlari-icin-kalite-yonetim-sistemleri-gerekleri-temel-2-gun\/#breadcrumb"},"inLanguage":"tr","potentialAction":[{"@type":"ReadAction","target":[["https:\/\/globalallianceregister.com\/tr\/services\/egitim\/turkce-yonetim-sistemleri\/turkce-as9100-rev-c-havacilik-uzay-ve-savunma-organizasyonlari-icin-kalite-yonetim-sistemleri-gerekleri-temel-2-gun\/"]]}]},{"@type":"ImageObject","inLanguage":"tr","@id":"https:\/\/globalallianceregister.com\/tr\/services\/egitim\/turkce-yonetim-sistemleri\/turkce-as9100-rev-c-havacilik-uzay-ve-savunma-organizasyonlari-icin-kalite-yonetim-sistemleri-gerekleri-temel-2-gun\/#primaryimage","url":"https:\/\/globalallianceregister.com\/wp-content\/uploads\/2015\/08\/Training-Inner-Page.jpg","contentUrl":"https:\/\/globalallianceregister.com\/wp-content\/uploads\/2015\/08\/Training-Inner-Page.jpg","width":614,"height":200},{"@type":"BreadcrumbList","@id":"https:\/\/globalallianceregister.com\/tr\/services\/egitim\/turkce-yonetim-sistemleri\/turkce-as9100-rev-c-havacilik-uzay-ve-savunma-organizasyonlari-icin-kalite-yonetim-sistemleri-gerekleri-temel-2-gun\/#breadcrumb","itemListElement":[{"@type":"ListItem","position":1,"name":"Anasayfa","item":"https:\/\/globalallianceregister.com\/tr\/"},{"@type":"ListItem","position":2,"name":"AS 9100 (Rev.C) Havac\u0131l\u0131k, Uzay ve Savunma Organizasyonlar\u0131 i\u00e7in Kalite Y\u00f6netim Sistemleri Gerekleri Temel \u2013 2 g\u00fcn"}]},{"@type":"WebSite","@id":"https:\/\/globalallianceregister.com\/tr\/#website","url":"https:\/\/globalallianceregister.com\/tr\/","name":"Global Alliance Register","description":"(EN) Together for Excellence","potentialAction":[{"@type":"SearchAction","target":{"@type":"EntryPoint","urlTemplate":"https:\/\/globalallianceregister.com\/tr\/?s={search_term_string}"},"query-input":{"@type":"PropertyValueSpecification","valueRequired":true,"valueName":"search_term_string"}}],"inLanguage":"tr"}]}},"_links":{"self":[{"href":"https:\/\/globalallianceregister.com\/tr\/wp-json\/wp\/v2\/pages\/2260","targetHints":{"allow":["GET"]}}],"collection":[{"href":"https:\/\/globalallianceregister.com\/tr\/wp-json\/wp\/v2\/pages"}],"about":[{"href":"https:\/\/globalallianceregister.com\/tr\/wp-json\/wp\/v2\/types\/page"}],"author":[{"embeddable":true,"href":"https:\/\/globalallianceregister.com\/tr\/wp-json\/wp\/v2\/users\/10"}],"replies":[{"embeddable":true,"href":"https:\/\/globalallianceregister.com\/tr\/wp-json\/wp\/v2\/comments?post=2260"}],"version-history":[{"count":0,"href":"https:\/\/globalallianceregister.com\/tr\/wp-json\/wp\/v2\/pages\/2260\/revisions"}],"up":[{"embeddable":true,"href":"https:\/\/globalallianceregister.com\/tr\/wp-json\/wp\/v2\/pages\/2143"}],"wp:featuredmedia":[{"embeddable":true,"href":"https:\/\/globalallianceregister.com\/tr\/wp-json\/wp\/v2\/media\/5171"}],"wp:attachment":[{"href":"https:\/\/globalallianceregister.com\/tr\/wp-json\/wp\/v2\/media?parent=2260"}],"curies":[{"name":"wp","href":"https:\/\/api.w.org\/{rel}","templated":true}]}}