{"id":2262,"date":"2014-12-16T18:34:49","date_gmt":"2014-12-16T18:34:49","guid":{"rendered":"https:\/\/globalallianceregister.com\/?page_id=2262"},"modified":"2015-12-11T17:05:55","modified_gmt":"2015-12-11T17:05:55","slug":"turkce-as9100-rev-c-havacilik-uzay-ve-savunma-organizasyonlari-icin-kalite-yonetim-sistemleri-gerekleri-ic-denetci-3-gun","status":"publish","type":"page","link":"https:\/\/globalallianceregister.com\/tr\/services\/egitim\/turkce-yonetim-sistemleri\/turkce-as9100-rev-c-havacilik-uzay-ve-savunma-organizasyonlari-icin-kalite-yonetim-sistemleri-gerekleri-ic-denetci-3-gun\/","title":{"rendered":"AS 9100 (Rev.C) Havac\u0131l\u0131k, Uzay ve Savunma Organizasyonlar\u0131 i\u00e7in Kalite Y\u00f6netim Sistemleri Gerekleri \u0130\u00e7 Denet\u00e7i \u2013 3 g\u00fcn"},"content":{"rendered":"<p><strong>\u00a0<\/strong> <strong>Kat\u0131l\u0131mc\u0131 Profili<\/strong><\/p>\n<ul>\n<li>AS 9100 Kalite Y\u00f6netim Sistemi kurmakta olan veya mevcut sistemlerini geli\u015ftirmek isteyen ve Kalite Y\u00f6netim Sisteminin y\u00fcr\u00fcrl\u00fc\u011fe konulmas\u0131 ve firma i\u00e7i ve d\u0131\u015f\u0131 kalite denetimlerinin uygulanmas\u0131nda g\u00f6rev alacak personel.<\/li>\n<\/ul>\n<p>\u00a0 <strong>Hedeflenen Sonu\u00e7<\/strong><\/p>\n<ul>\n<li>Bu e\u011fitimin amac\u0131, firma i\u00e7i AS 9100 standard\u0131n\u0131n gereklerine y\u00f6nelik\u00a0\u00a0 kalite denetim sisteminin kurulmas\u0131, denetimlerin planlanmas\u0131 ve uygulanmas\u0131 i\u00e7in gerekli bilgileri kat\u0131l\u0131mc\u0131lara aktarmak ve bu bilgileri pratik uygulamalarla peki\u015ftirmektir. Bu e\u011fitim program\u0131n\u0131n i\u00e7eri\u011fi, IRCA (International Register of Certificated Auditors) onayl\u0131 Kurulu\u015f i\u00e7i kalite e\u011fitimleri ile ilgili kurallar g\u00f6z \u00f6n\u00fcne al\u0131narak olu\u015fturulmu\u015ftur.<\/li>\n<\/ul>\n<p>\u00a0 <strong>E\u011fitim \u0130\u00e7eri\u011fi<\/strong><\/p>\n<ul>\n<li>KAL\u0130TE S\u0130STEMLER\u0130 VE STANDARTLARI<\/li>\n<\/ul>\n<ul>\n<li>DENET\u0130M STANDARTLARI<\/li>\n<\/ul>\n<ul>\n<li>AS 9100 A\u00c7IKLAMASI (\u00d6ZET)<\/li>\n<\/ul>\n<ul>\n<li>DENET\u0130M\u0130N TANIMI, AMA\u00c7LARI VE T\u0130PLER\u0130<\/li>\n<\/ul>\n<ul>\n<li>DENET\u00c7\u0130 \u00d6ZELL\u0130KLER\u0130<\/li>\n<\/ul>\n<ul>\n<li>G\u00d6REV VE SORUMLULUKLAR<\/li>\n<\/ul>\n<ul>\n<li>DENET\u0130ME HAZIRLIK<\/li>\n<\/ul>\n<ul>\n<li>DENET\u0130M\u0130N GER\u00c7EKLE\u015eT\u0130R\u0130LMES\u0130<\/li>\n<\/ul>\n<ul>\n<li>KAPANI\u015e TOPLANTISI<\/li>\n<\/ul>\n<ul>\n<li>DENET\u0130M\u0130N RAPORLANMASI VE SONU\u00c7LARIN \u0130ZLENMES\u0130<\/li>\n<\/ul>\n<p>\u00a0 <strong>Sertifika<\/strong><\/p>\n<ul>\n<li>E\u011fitimi tamamlayan t\u00fcm kat\u0131l\u0131mc\u0131lara GLOBAL ALLIANCE ACADEMY taraf\u0131ndan, &#8221; AS9100 (Rev.C) Havac\u0131l\u0131k, Uzay ve Savunma Organizasyonlar\u0131 i\u00e7in Kalite Y\u00f6netim Sistemleri Gerekleri \u0130\u00e7 Denet\u00e7i E\u011fitimi Kat\u0131l\u0131m Sertifikas\u0131&#8221; verilecektir.<\/li>\n<\/ul>","protected":false},"excerpt":{"rendered":"<p>\u00a0 Kat\u0131l\u0131mc\u0131 Profili AS 9100 Kalite Y\u00f6netim Sistemi kurmakta olan veya mevcut sistemlerini geli\u015ftirmek isteyen ve Kalite Y\u00f6netim Sisteminin y\u00fcr\u00fcrl\u00fc\u011fe konulmas\u0131 ve firma i\u00e7i ve d\u0131\u015f\u0131 kalite denetimlerinin uygulanmas\u0131nda g\u00f6rev&#8230; <\/p>\n","protected":false},"author":10,"featured_media":5171,"parent":2143,"menu_order":41,"comment_status":"closed","ping_status":"closed","template":"page-full.php","meta":{"_acf_changed":false,"om_disable_all_campaigns":false,"footnotes":""},"class_list":["post-2262","page","type-page","status-publish","has-post-thumbnail","hentry"],"acf":[],"yoast_head":"<!-- This site is optimized with the Yoast SEO plugin v27.4 - https:\/\/yoast.com\/product\/yoast-seo-wordpress\/ -->\n<title>AS 9100 (Rev.C) Havac\u0131l\u0131k, Uzay ve Savunma Organizasyonlar\u0131 i\u00e7in Kalite Y\u00f6netim Sistemleri Gerekleri \u0130\u00e7 Denet\u00e7i \u2013 3 g\u00fcn - Global Alliance Register<\/title>\n<meta name=\"robots\" content=\"index, follow, max-snippet:-1, max-image-preview:large, max-video-preview:-1\" \/>\n<link rel=\"canonical\" href=\"https:\/\/globalallianceregister.com\/tr\/services\/egitim\/turkce-yonetim-sistemleri\/turkce-as9100-rev-c-havacilik-uzay-ve-savunma-organizasyonlari-icin-kalite-yonetim-sistemleri-gerekleri-ic-denetci-3-gun\/\" \/>\n<meta property=\"og:locale\" content=\"tr_TR\" \/>\n<meta property=\"og:type\" content=\"article\" \/>\n<meta property=\"og:title\" content=\"AS 9100 (Rev.C) Havac\u0131l\u0131k, Uzay ve Savunma Organizasyonlar\u0131 i\u00e7in Kalite Y\u00f6netim Sistemleri Gerekleri \u0130\u00e7 Denet\u00e7i \u2013 3 g\u00fcn - Global Alliance Register\" \/>\n<meta property=\"og:description\" content=\"\u00a0 Kat\u0131l\u0131mc\u0131 Profili AS 9100 Kalite Y\u00f6netim Sistemi kurmakta olan veya mevcut sistemlerini geli\u015ftirmek isteyen ve Kalite Y\u00f6netim Sisteminin y\u00fcr\u00fcrl\u00fc\u011fe konulmas\u0131 ve firma i\u00e7i ve d\u0131\u015f\u0131 kalite denetimlerinin uygulanmas\u0131nda g\u00f6rev...\" \/>\n<meta property=\"og:url\" content=\"https:\/\/globalallianceregister.com\/tr\/services\/egitim\/turkce-yonetim-sistemleri\/turkce-as9100-rev-c-havacilik-uzay-ve-savunma-organizasyonlari-icin-kalite-yonetim-sistemleri-gerekleri-ic-denetci-3-gun\/\" \/>\n<meta property=\"og:site_name\" content=\"Global Alliance Register\" \/>\n<meta property=\"article:modified_time\" content=\"2015-12-11T17:05:55+00:00\" \/>\n<meta property=\"og:image\" content=\"https:\/\/globalallianceregister.com\/wp-content\/uploads\/2015\/08\/Training-Inner-Page.jpg\" \/>\n\t<meta property=\"og:image:width\" content=\"614\" \/>\n\t<meta property=\"og:image:height\" content=\"200\" \/>\n\t<meta property=\"og:image:type\" content=\"image\/jpeg\" \/>\n<meta name=\"twitter:label1\" content=\"Tahmini okuma s\u00fcresi\" \/>\n\t<meta name=\"twitter:data1\" content=\"1 dakika\" \/>\n<script type=\"application\/ld+json\" class=\"yoast-schema-graph\">{\"@context\":\"https:\\\/\\\/schema.org\",\"@graph\":[{\"@type\":\"WebPage\",\"@id\":\"https:\\\/\\\/globalallianceregister.com\\\/tr\\\/services\\\/egitim\\\/turkce-yonetim-sistemleri\\\/turkce-as9100-rev-c-havacilik-uzay-ve-savunma-organizasyonlari-icin-kalite-yonetim-sistemleri-gerekleri-ic-denetci-3-gun\\\/\",\"url\":\"https:\\\/\\\/globalallianceregister.com\\\/tr\\\/services\\\/egitim\\\/turkce-yonetim-sistemleri\\\/turkce-as9100-rev-c-havacilik-uzay-ve-savunma-organizasyonlari-icin-kalite-yonetim-sistemleri-gerekleri-ic-denetci-3-gun\\\/\",\"name\":\"AS 9100 (Rev.C) Havac\u0131l\u0131k, Uzay ve Savunma Organizasyonlar\u0131 i\u00e7in Kalite Y\u00f6netim Sistemleri Gerekleri \u0130\u00e7 Denet\u00e7i \u2013 3 g\u00fcn - Global Alliance Register\",\"isPartOf\":{\"@id\":\"https:\\\/\\\/globalallianceregister.com\\\/tr\\\/#website\"},\"primaryImageOfPage\":{\"@id\":\"https:\\\/\\\/globalallianceregister.com\\\/tr\\\/services\\\/egitim\\\/turkce-yonetim-sistemleri\\\/turkce-as9100-rev-c-havacilik-uzay-ve-savunma-organizasyonlari-icin-kalite-yonetim-sistemleri-gerekleri-ic-denetci-3-gun\\\/#primaryimage\"},\"image\":{\"@id\":\"https:\\\/\\\/globalallianceregister.com\\\/tr\\\/services\\\/egitim\\\/turkce-yonetim-sistemleri\\\/turkce-as9100-rev-c-havacilik-uzay-ve-savunma-organizasyonlari-icin-kalite-yonetim-sistemleri-gerekleri-ic-denetci-3-gun\\\/#primaryimage\"},\"thumbnailUrl\":\"https:\\\/\\\/globalallianceregister.com\\\/wp-content\\\/uploads\\\/2015\\\/08\\\/Training-Inner-Page.jpg\",\"datePublished\":\"2014-12-16T18:34:49+00:00\",\"dateModified\":\"2015-12-11T17:05:55+00:00\",\"breadcrumb\":{\"@id\":\"https:\\\/\\\/globalallianceregister.com\\\/tr\\\/services\\\/egitim\\\/turkce-yonetim-sistemleri\\\/turkce-as9100-rev-c-havacilik-uzay-ve-savunma-organizasyonlari-icin-kalite-yonetim-sistemleri-gerekleri-ic-denetci-3-gun\\\/#breadcrumb\"},\"inLanguage\":\"tr\",\"potentialAction\":[{\"@type\":\"ReadAction\",\"target\":[[\"https:\\\/\\\/globalallianceregister.com\\\/tr\\\/services\\\/egitim\\\/turkce-yonetim-sistemleri\\\/turkce-as9100-rev-c-havacilik-uzay-ve-savunma-organizasyonlari-icin-kalite-yonetim-sistemleri-gerekleri-ic-denetci-3-gun\\\/\"]]}]},{\"@type\":\"ImageObject\",\"inLanguage\":\"tr\",\"@id\":\"https:\\\/\\\/globalallianceregister.com\\\/tr\\\/services\\\/egitim\\\/turkce-yonetim-sistemleri\\\/turkce-as9100-rev-c-havacilik-uzay-ve-savunma-organizasyonlari-icin-kalite-yonetim-sistemleri-gerekleri-ic-denetci-3-gun\\\/#primaryimage\",\"url\":\"https:\\\/\\\/globalallianceregister.com\\\/wp-content\\\/uploads\\\/2015\\\/08\\\/Training-Inner-Page.jpg\",\"contentUrl\":\"https:\\\/\\\/globalallianceregister.com\\\/wp-content\\\/uploads\\\/2015\\\/08\\\/Training-Inner-Page.jpg\",\"width\":614,\"height\":200},{\"@type\":\"BreadcrumbList\",\"@id\":\"https:\\\/\\\/globalallianceregister.com\\\/tr\\\/services\\\/egitim\\\/turkce-yonetim-sistemleri\\\/turkce-as9100-rev-c-havacilik-uzay-ve-savunma-organizasyonlari-icin-kalite-yonetim-sistemleri-gerekleri-ic-denetci-3-gun\\\/#breadcrumb\",\"itemListElement\":[{\"@type\":\"ListItem\",\"position\":1,\"name\":\"Anasayfa\",\"item\":\"https:\\\/\\\/globalallianceregister.com\\\/tr\\\/\"},{\"@type\":\"ListItem\",\"position\":2,\"name\":\"AS 9100 (Rev.C) Havac\u0131l\u0131k, Uzay ve Savunma Organizasyonlar\u0131 i\u00e7in Kalite Y\u00f6netim Sistemleri Gerekleri \u0130\u00e7 Denet\u00e7i \u2013 3 g\u00fcn\"}]},{\"@type\":\"WebSite\",\"@id\":\"https:\\\/\\\/globalallianceregister.com\\\/tr\\\/#website\",\"url\":\"https:\\\/\\\/globalallianceregister.com\\\/tr\\\/\",\"name\":\"Global Alliance Register\",\"description\":\"(EN) Together for Excellence\",\"potentialAction\":[{\"@type\":\"SearchAction\",\"target\":{\"@type\":\"EntryPoint\",\"urlTemplate\":\"https:\\\/\\\/globalallianceregister.com\\\/tr\\\/?s={search_term_string}\"},\"query-input\":{\"@type\":\"PropertyValueSpecification\",\"valueRequired\":true,\"valueName\":\"search_term_string\"}}],\"inLanguage\":\"tr\"}]}<\/script>\n<!-- \/ Yoast SEO plugin. -->","yoast_head_json":{"title":"AS 9100 (Rev.C) Havac\u0131l\u0131k, Uzay ve Savunma Organizasyonlar\u0131 i\u00e7in Kalite Y\u00f6netim Sistemleri Gerekleri \u0130\u00e7 Denet\u00e7i \u2013 3 g\u00fcn - Global Alliance Register","robots":{"index":"index","follow":"follow","max-snippet":"max-snippet:-1","max-image-preview":"max-image-preview:large","max-video-preview":"max-video-preview:-1"},"canonical":"https:\/\/globalallianceregister.com\/tr\/services\/egitim\/turkce-yonetim-sistemleri\/turkce-as9100-rev-c-havacilik-uzay-ve-savunma-organizasyonlari-icin-kalite-yonetim-sistemleri-gerekleri-ic-denetci-3-gun\/","og_locale":"tr_TR","og_type":"article","og_title":"AS 9100 (Rev.C) Havac\u0131l\u0131k, Uzay ve Savunma Organizasyonlar\u0131 i\u00e7in Kalite Y\u00f6netim Sistemleri Gerekleri \u0130\u00e7 Denet\u00e7i \u2013 3 g\u00fcn - Global Alliance Register","og_description":"\u00a0 Kat\u0131l\u0131mc\u0131 Profili AS 9100 Kalite Y\u00f6netim Sistemi kurmakta olan veya mevcut sistemlerini geli\u015ftirmek isteyen ve Kalite Y\u00f6netim Sisteminin y\u00fcr\u00fcrl\u00fc\u011fe konulmas\u0131 ve firma i\u00e7i ve d\u0131\u015f\u0131 kalite denetimlerinin uygulanmas\u0131nda g\u00f6rev...","og_url":"https:\/\/globalallianceregister.com\/tr\/services\/egitim\/turkce-yonetim-sistemleri\/turkce-as9100-rev-c-havacilik-uzay-ve-savunma-organizasyonlari-icin-kalite-yonetim-sistemleri-gerekleri-ic-denetci-3-gun\/","og_site_name":"Global Alliance Register","article_modified_time":"2015-12-11T17:05:55+00:00","og_image":[{"width":614,"height":200,"url":"https:\/\/globalallianceregister.com\/wp-content\/uploads\/2015\/08\/Training-Inner-Page.jpg","type":"image\/jpeg"}],"twitter_misc":{"Tahmini okuma s\u00fcresi":"1 dakika"},"schema":{"@context":"https:\/\/schema.org","@graph":[{"@type":"WebPage","@id":"https:\/\/globalallianceregister.com\/tr\/services\/egitim\/turkce-yonetim-sistemleri\/turkce-as9100-rev-c-havacilik-uzay-ve-savunma-organizasyonlari-icin-kalite-yonetim-sistemleri-gerekleri-ic-denetci-3-gun\/","url":"https:\/\/globalallianceregister.com\/tr\/services\/egitim\/turkce-yonetim-sistemleri\/turkce-as9100-rev-c-havacilik-uzay-ve-savunma-organizasyonlari-icin-kalite-yonetim-sistemleri-gerekleri-ic-denetci-3-gun\/","name":"AS 9100 (Rev.C) Havac\u0131l\u0131k, Uzay ve Savunma Organizasyonlar\u0131 i\u00e7in Kalite Y\u00f6netim Sistemleri Gerekleri \u0130\u00e7 Denet\u00e7i \u2013 3 g\u00fcn - Global Alliance Register","isPartOf":{"@id":"https:\/\/globalallianceregister.com\/tr\/#website"},"primaryImageOfPage":{"@id":"https:\/\/globalallianceregister.com\/tr\/services\/egitim\/turkce-yonetim-sistemleri\/turkce-as9100-rev-c-havacilik-uzay-ve-savunma-organizasyonlari-icin-kalite-yonetim-sistemleri-gerekleri-ic-denetci-3-gun\/#primaryimage"},"image":{"@id":"https:\/\/globalallianceregister.com\/tr\/services\/egitim\/turkce-yonetim-sistemleri\/turkce-as9100-rev-c-havacilik-uzay-ve-savunma-organizasyonlari-icin-kalite-yonetim-sistemleri-gerekleri-ic-denetci-3-gun\/#primaryimage"},"thumbnailUrl":"https:\/\/globalallianceregister.com\/wp-content\/uploads\/2015\/08\/Training-Inner-Page.jpg","datePublished":"2014-12-16T18:34:49+00:00","dateModified":"2015-12-11T17:05:55+00:00","breadcrumb":{"@id":"https:\/\/globalallianceregister.com\/tr\/services\/egitim\/turkce-yonetim-sistemleri\/turkce-as9100-rev-c-havacilik-uzay-ve-savunma-organizasyonlari-icin-kalite-yonetim-sistemleri-gerekleri-ic-denetci-3-gun\/#breadcrumb"},"inLanguage":"tr","potentialAction":[{"@type":"ReadAction","target":[["https:\/\/globalallianceregister.com\/tr\/services\/egitim\/turkce-yonetim-sistemleri\/turkce-as9100-rev-c-havacilik-uzay-ve-savunma-organizasyonlari-icin-kalite-yonetim-sistemleri-gerekleri-ic-denetci-3-gun\/"]]}]},{"@type":"ImageObject","inLanguage":"tr","@id":"https:\/\/globalallianceregister.com\/tr\/services\/egitim\/turkce-yonetim-sistemleri\/turkce-as9100-rev-c-havacilik-uzay-ve-savunma-organizasyonlari-icin-kalite-yonetim-sistemleri-gerekleri-ic-denetci-3-gun\/#primaryimage","url":"https:\/\/globalallianceregister.com\/wp-content\/uploads\/2015\/08\/Training-Inner-Page.jpg","contentUrl":"https:\/\/globalallianceregister.com\/wp-content\/uploads\/2015\/08\/Training-Inner-Page.jpg","width":614,"height":200},{"@type":"BreadcrumbList","@id":"https:\/\/globalallianceregister.com\/tr\/services\/egitim\/turkce-yonetim-sistemleri\/turkce-as9100-rev-c-havacilik-uzay-ve-savunma-organizasyonlari-icin-kalite-yonetim-sistemleri-gerekleri-ic-denetci-3-gun\/#breadcrumb","itemListElement":[{"@type":"ListItem","position":1,"name":"Anasayfa","item":"https:\/\/globalallianceregister.com\/tr\/"},{"@type":"ListItem","position":2,"name":"AS 9100 (Rev.C) Havac\u0131l\u0131k, Uzay ve Savunma Organizasyonlar\u0131 i\u00e7in Kalite Y\u00f6netim Sistemleri Gerekleri \u0130\u00e7 Denet\u00e7i \u2013 3 g\u00fcn"}]},{"@type":"WebSite","@id":"https:\/\/globalallianceregister.com\/tr\/#website","url":"https:\/\/globalallianceregister.com\/tr\/","name":"Global Alliance Register","description":"(EN) Together for Excellence","potentialAction":[{"@type":"SearchAction","target":{"@type":"EntryPoint","urlTemplate":"https:\/\/globalallianceregister.com\/tr\/?s={search_term_string}"},"query-input":{"@type":"PropertyValueSpecification","valueRequired":true,"valueName":"search_term_string"}}],"inLanguage":"tr"}]}},"_links":{"self":[{"href":"https:\/\/globalallianceregister.com\/tr\/wp-json\/wp\/v2\/pages\/2262","targetHints":{"allow":["GET"]}}],"collection":[{"href":"https:\/\/globalallianceregister.com\/tr\/wp-json\/wp\/v2\/pages"}],"about":[{"href":"https:\/\/globalallianceregister.com\/tr\/wp-json\/wp\/v2\/types\/page"}],"author":[{"embeddable":true,"href":"https:\/\/globalallianceregister.com\/tr\/wp-json\/wp\/v2\/users\/10"}],"replies":[{"embeddable":true,"href":"https:\/\/globalallianceregister.com\/tr\/wp-json\/wp\/v2\/comments?post=2262"}],"version-history":[{"count":0,"href":"https:\/\/globalallianceregister.com\/tr\/wp-json\/wp\/v2\/pages\/2262\/revisions"}],"up":[{"embeddable":true,"href":"https:\/\/globalallianceregister.com\/tr\/wp-json\/wp\/v2\/pages\/2143"}],"wp:featuredmedia":[{"embeddable":true,"href":"https:\/\/globalallianceregister.com\/tr\/wp-json\/wp\/v2\/media\/5171"}],"wp:attachment":[{"href":"https:\/\/globalallianceregister.com\/tr\/wp-json\/wp\/v2\/media?parent=2262"}],"curies":[{"name":"wp","href":"https:\/\/api.w.org\/{rel}","templated":true}]}}