{"id":2264,"date":"2014-12-16T18:37:18","date_gmt":"2014-12-16T18:37:18","guid":{"rendered":"https:\/\/globalallianceregister.com\/?page_id=2264"},"modified":"2015-12-11T17:07:02","modified_gmt":"2015-12-11T17:07:02","slug":"turkce-iris-uluslararasi-demiryollari-rayli-tasimacilik-endustri-standardi-egitimi-2-gun","status":"publish","type":"page","link":"https:\/\/globalallianceregister.com\/tr\/services\/egitim\/turkce-yonetim-sistemleri\/turkce-iris-uluslararasi-demiryollari-rayli-tasimacilik-endustri-standardi-egitimi-2-gun\/","title":{"rendered":"IRIS- Uluslararas\u0131 Demiryollar\u0131- Rayl\u0131 Ta\u015f\u0131mac\u0131l\u0131k End\u00fcstri Standard\u0131 E\u011fitimi &#8211; 2 g\u00fcn"},"content":{"rendered":"<p><strong>\u00a0<\/strong> <strong>Kat\u0131l\u0131mc\u0131 Profili<\/strong><\/p>\n<ul>\n<li>IRIS Sekt\u00f6rel Kalite Y\u00f6netim Sistemi kurma a\u015famas\u0131nda g\u00f6rev alacak \u00e7al\u0131\u015fanlar (\u00e7ok i\u015flevli Tak\u0131m\u0131 \u00dcyeleri) ile konu hakk\u0131nda bilgi sahibi olmas\u0131 gerekli g\u00f6r\u00fclen i\u00e7 denet\u00e7iler, tasar\u0131mc\u0131lar, sistem y\u00f6netim sorumlulular\u0131, sistem kurucular, birim y\u00f6neticileri, uzmanlar, m\u00fchendisler, teknikerler, sat\u0131\u015f ve m\u00fc\u015fteri temsilcileri, vb. e\u011fitimden fayda sa\u011flayabilecektir.<\/li>\n<\/ul>\n<p>\u00a0 <strong>Hedeflenen Sonu\u00e7<\/strong><\/p>\n<ul>\n<li>E\u011fitimimizin amac\u0131; IRIS Uluslararas\u0131 Demiryollar\u0131- Rayl\u0131 Ta\u015f\u0131mac\u0131l\u0131k End\u00fcstri Standard\u0131 (Y\u00f6netim Sistemi) nin temel bile\u015fenleri hakk\u0131nda g\u00fcncel gereklilikler ve yakla\u015f\u0131mlar hakk\u0131nda bilgi vermek ve uygulamalara yans\u0131t\u0131lmas\u0131 konusunda yard\u0131mc\u0131 olmakt\u0131r.<\/li>\n<\/ul>\n<ul>\n<li>IRIS Standard\u0131 \u00f6zellikle Demiryollar\u0131 ve Rayl\u0131 Ta\u015f\u0131mac\u0131l\u0131k konular\u0131nda \u00dcr\u00fcn ve Sistem tasar\u0131m\u0131ndan ilgili \u00dcr\u00fcn (yaz\u0131l\u0131m, donan\u0131m, sistem) \u00fcretimine; Rayl\u0131 Ta\u015f\u0131mac\u0131l\u0131k ve \u201cHareketli Stok- Malzeme\u201d y\u00f6netiminden Demiryollar\u0131 ve ilgili Lojistik Operat\u00f6rlerinden, Sinyalizasyon ve Emniyet Sistemleri geli\u015ftiricilerine kadar \u00e7ok de\u011fi\u015fik alanlarda verilecek hizmet ve uygulamalar\u0131n Sekt\u00f6rel gerekliliklere gore yerine getirilebilmesi i\u00e7in temel gereklileri belirler. Bu e\u011fitim, IRIS Standard\u0131 konusunda bilgilendirme ve bilin\u00e7lendirme olu\u015fturmay\u0131 ama\u00e7lam\u0131\u015ft\u0131r.<\/li>\n<\/ul>\n<ul>\n<li>IRIS konusunda belgeli olmak; ileride Avrupa Toplulu\u011fu ve Global Sekt\u00f6re i\u015f yapabilmek ve tasar\u0131mc\u0131\/ tedarik\u00e7i vb. olabilmek i\u00e7in de bir \u00f6nko\u015ful oldu\u011fu i\u00e7in, bu e\u011fitim, gerekli temel bilgilendirmeyi vermeyi hedeflemi\u015ftir.<\/li>\n<\/ul>\n<ul>\n<li>E\u011fitim \u00a0sonunda ,\u00a0e\u011fitim kat\u0131l\u0131mc\u0131lar\u0131, IRIS Uluslararas\u0131 Standard\u0131n\u0131n gereklilikleri ve ilgili Demiryollar\u0131 ve Rayl\u0131 Ta\u015f\u0131mac\u0131l\u0131k End\u00fcstri gereklilikleri konular\u0131nda yetkinli\u011fe ula\u015fmas\u0131 ama\u00e7lanm\u0131\u015ft\u0131r. Bu e\u011fitim sonunda, kat\u0131l\u0131mc\u0131lar, IRIS belgelendirme i\u00e7in gerekli olan KYS haz\u0131rlama, geli\u015ftirme ve uygulanmas\u0131 konular\u0131nda bilgi sahibi olacaklard\u0131r.<\/li>\n<\/ul>\n<p>\u00a0 <strong>E\u011fitim \u0130\u00e7eri\u011fi<\/strong><\/p>\n<ul>\n<li>IRIS Standart gereklileri; ISO 9001 ve Sekt\u00f6rel gerekliliklerle ili\u015fkileri.<\/li>\n<li>UNIFE, IRIS Portal\u0131, ve Sistem Etkile\u015fim Ortamlar\u0131 hakk\u0131nda temel bilgiler.<\/li>\n<li>IRIS Denetimine haz\u0131rl\u0131klar; \u00f6ncesi ve sonras\u0131 etkinlikler.<\/li>\n<li>IRIS Stardart maddeleri ve sekt\u00f6rel gereklilikleri<\/li>\n<li>IRIS Belgelendirme S\u00fcreci, a\u015famalar\u0131 ve denetim y\u00f6ntemi<\/li>\n<li>IRIS Standard\u0131 i\u00e7inde yer alan di\u011fer \u00f6zel ve destek y\u00f6ntemler ve referanslar hakk\u0131nda bilgilendirme<\/li>\n<\/ul>\n<p>\u00a0 <strong>Sertifika<\/strong><\/p>\n<ul>\n<li>E\u011fitimi tamamlayan t\u00fcm kat\u0131l\u0131mc\u0131lara GLOBAL ALLIANCE ACADEMY taraf\u0131ndan, &#8220;IRIS- Uluslararas\u0131 Demiryollar\u0131- Rayl\u0131 Ta\u015f\u0131mac\u0131l\u0131k End\u00fcstri Standard\u0131 E\u011fitimi Kat\u0131l\u0131m Sertifikas\u0131&#8221; verilecektir.<\/li>\n<\/ul>","protected":false},"excerpt":{"rendered":"<p>\u00a0 Kat\u0131l\u0131mc\u0131 Profili IRIS Sekt\u00f6rel Kalite Y\u00f6netim Sistemi kurma a\u015famas\u0131nda g\u00f6rev alacak \u00e7al\u0131\u015fanlar (\u00e7ok i\u015flevli Tak\u0131m\u0131 \u00dcyeleri) ile konu hakk\u0131nda bilgi sahibi olmas\u0131 gerekli g\u00f6r\u00fclen i\u00e7 denet\u00e7iler, tasar\u0131mc\u0131lar, sistem y\u00f6netim&#8230; <\/p>\n","protected":false},"author":10,"featured_media":5171,"parent":2143,"menu_order":42,"comment_status":"closed","ping_status":"closed","template":"page-full.php","meta":{"_acf_changed":false,"om_disable_all_campaigns":false,"footnotes":""},"class_list":["post-2264","page","type-page","status-publish","has-post-thumbnail","hentry"],"acf":[],"yoast_head":"<!-- This site is optimized with the Yoast SEO plugin v27.4 - https:\/\/yoast.com\/product\/yoast-seo-wordpress\/ -->\n<title>IRIS- Uluslararas\u0131 Demiryollar\u0131- Rayl\u0131 Ta\u015f\u0131mac\u0131l\u0131k End\u00fcstri Standard\u0131 E\u011fitimi - 2 g\u00fcn - Global Alliance Register<\/title>\n<meta name=\"robots\" content=\"index, follow, max-snippet:-1, max-image-preview:large, max-video-preview:-1\" \/>\n<link rel=\"canonical\" href=\"https:\/\/globalallianceregister.com\/tr\/services\/egitim\/turkce-yonetim-sistemleri\/turkce-iris-uluslararasi-demiryollari-rayli-tasimacilik-endustri-standardi-egitimi-2-gun\/\" \/>\n<meta property=\"og:locale\" content=\"tr_TR\" \/>\n<meta property=\"og:type\" content=\"article\" \/>\n<meta property=\"og:title\" content=\"IRIS- Uluslararas\u0131 Demiryollar\u0131- Rayl\u0131 Ta\u015f\u0131mac\u0131l\u0131k End\u00fcstri Standard\u0131 E\u011fitimi - 2 g\u00fcn - Global Alliance Register\" \/>\n<meta property=\"og:description\" content=\"\u00a0 Kat\u0131l\u0131mc\u0131 Profili IRIS Sekt\u00f6rel Kalite Y\u00f6netim Sistemi kurma a\u015famas\u0131nda g\u00f6rev alacak \u00e7al\u0131\u015fanlar (\u00e7ok i\u015flevli Tak\u0131m\u0131 \u00dcyeleri) ile konu hakk\u0131nda bilgi sahibi olmas\u0131 gerekli g\u00f6r\u00fclen i\u00e7 denet\u00e7iler, tasar\u0131mc\u0131lar, sistem y\u00f6netim...\" \/>\n<meta property=\"og:url\" content=\"https:\/\/globalallianceregister.com\/tr\/services\/egitim\/turkce-yonetim-sistemleri\/turkce-iris-uluslararasi-demiryollari-rayli-tasimacilik-endustri-standardi-egitimi-2-gun\/\" \/>\n<meta property=\"og:site_name\" content=\"Global Alliance Register\" \/>\n<meta property=\"article:modified_time\" content=\"2015-12-11T17:07:02+00:00\" \/>\n<meta property=\"og:image\" content=\"https:\/\/globalallianceregister.com\/wp-content\/uploads\/2015\/08\/Training-Inner-Page.jpg\" \/>\n\t<meta property=\"og:image:width\" content=\"614\" \/>\n\t<meta property=\"og:image:height\" content=\"200\" \/>\n\t<meta property=\"og:image:type\" content=\"image\/jpeg\" \/>\n<meta name=\"twitter:label1\" content=\"Tahmini okuma s\u00fcresi\" \/>\n\t<meta name=\"twitter:data1\" content=\"2 dakika\" \/>\n<script type=\"application\/ld+json\" class=\"yoast-schema-graph\">{\"@context\":\"https:\\\/\\\/schema.org\",\"@graph\":[{\"@type\":\"WebPage\",\"@id\":\"https:\\\/\\\/globalallianceregister.com\\\/tr\\\/services\\\/egitim\\\/turkce-yonetim-sistemleri\\\/turkce-iris-uluslararasi-demiryollari-rayli-tasimacilik-endustri-standardi-egitimi-2-gun\\\/\",\"url\":\"https:\\\/\\\/globalallianceregister.com\\\/tr\\\/services\\\/egitim\\\/turkce-yonetim-sistemleri\\\/turkce-iris-uluslararasi-demiryollari-rayli-tasimacilik-endustri-standardi-egitimi-2-gun\\\/\",\"name\":\"IRIS- Uluslararas\u0131 Demiryollar\u0131- Rayl\u0131 Ta\u015f\u0131mac\u0131l\u0131k End\u00fcstri Standard\u0131 E\u011fitimi - 2 g\u00fcn - Global Alliance Register\",\"isPartOf\":{\"@id\":\"https:\\\/\\\/globalallianceregister.com\\\/tr\\\/#website\"},\"primaryImageOfPage\":{\"@id\":\"https:\\\/\\\/globalallianceregister.com\\\/tr\\\/services\\\/egitim\\\/turkce-yonetim-sistemleri\\\/turkce-iris-uluslararasi-demiryollari-rayli-tasimacilik-endustri-standardi-egitimi-2-gun\\\/#primaryimage\"},\"image\":{\"@id\":\"https:\\\/\\\/globalallianceregister.com\\\/tr\\\/services\\\/egitim\\\/turkce-yonetim-sistemleri\\\/turkce-iris-uluslararasi-demiryollari-rayli-tasimacilik-endustri-standardi-egitimi-2-gun\\\/#primaryimage\"},\"thumbnailUrl\":\"https:\\\/\\\/globalallianceregister.com\\\/wp-content\\\/uploads\\\/2015\\\/08\\\/Training-Inner-Page.jpg\",\"datePublished\":\"2014-12-16T18:37:18+00:00\",\"dateModified\":\"2015-12-11T17:07:02+00:00\",\"breadcrumb\":{\"@id\":\"https:\\\/\\\/globalallianceregister.com\\\/tr\\\/services\\\/egitim\\\/turkce-yonetim-sistemleri\\\/turkce-iris-uluslararasi-demiryollari-rayli-tasimacilik-endustri-standardi-egitimi-2-gun\\\/#breadcrumb\"},\"inLanguage\":\"tr\",\"potentialAction\":[{\"@type\":\"ReadAction\",\"target\":[[\"https:\\\/\\\/globalallianceregister.com\\\/tr\\\/services\\\/egitim\\\/turkce-yonetim-sistemleri\\\/turkce-iris-uluslararasi-demiryollari-rayli-tasimacilik-endustri-standardi-egitimi-2-gun\\\/\"]]}]},{\"@type\":\"ImageObject\",\"inLanguage\":\"tr\",\"@id\":\"https:\\\/\\\/globalallianceregister.com\\\/tr\\\/services\\\/egitim\\\/turkce-yonetim-sistemleri\\\/turkce-iris-uluslararasi-demiryollari-rayli-tasimacilik-endustri-standardi-egitimi-2-gun\\\/#primaryimage\",\"url\":\"https:\\\/\\\/globalallianceregister.com\\\/wp-content\\\/uploads\\\/2015\\\/08\\\/Training-Inner-Page.jpg\",\"contentUrl\":\"https:\\\/\\\/globalallianceregister.com\\\/wp-content\\\/uploads\\\/2015\\\/08\\\/Training-Inner-Page.jpg\",\"width\":614,\"height\":200},{\"@type\":\"BreadcrumbList\",\"@id\":\"https:\\\/\\\/globalallianceregister.com\\\/tr\\\/services\\\/egitim\\\/turkce-yonetim-sistemleri\\\/turkce-iris-uluslararasi-demiryollari-rayli-tasimacilik-endustri-standardi-egitimi-2-gun\\\/#breadcrumb\",\"itemListElement\":[{\"@type\":\"ListItem\",\"position\":1,\"name\":\"Anasayfa\",\"item\":\"https:\\\/\\\/globalallianceregister.com\\\/tr\\\/\"},{\"@type\":\"ListItem\",\"position\":2,\"name\":\"IRIS- Uluslararas\u0131 Demiryollar\u0131- Rayl\u0131 Ta\u015f\u0131mac\u0131l\u0131k End\u00fcstri Standard\u0131 E\u011fitimi &#8211; 2 g\u00fcn\"}]},{\"@type\":\"WebSite\",\"@id\":\"https:\\\/\\\/globalallianceregister.com\\\/tr\\\/#website\",\"url\":\"https:\\\/\\\/globalallianceregister.com\\\/tr\\\/\",\"name\":\"Global Alliance Register\",\"description\":\"(EN) Together for Excellence\",\"potentialAction\":[{\"@type\":\"SearchAction\",\"target\":{\"@type\":\"EntryPoint\",\"urlTemplate\":\"https:\\\/\\\/globalallianceregister.com\\\/tr\\\/?s={search_term_string}\"},\"query-input\":{\"@type\":\"PropertyValueSpecification\",\"valueRequired\":true,\"valueName\":\"search_term_string\"}}],\"inLanguage\":\"tr\"}]}<\/script>\n<!-- \/ Yoast SEO plugin. -->","yoast_head_json":{"title":"IRIS- Uluslararas\u0131 Demiryollar\u0131- Rayl\u0131 Ta\u015f\u0131mac\u0131l\u0131k End\u00fcstri Standard\u0131 E\u011fitimi - 2 g\u00fcn - Global Alliance Register","robots":{"index":"index","follow":"follow","max-snippet":"max-snippet:-1","max-image-preview":"max-image-preview:large","max-video-preview":"max-video-preview:-1"},"canonical":"https:\/\/globalallianceregister.com\/tr\/services\/egitim\/turkce-yonetim-sistemleri\/turkce-iris-uluslararasi-demiryollari-rayli-tasimacilik-endustri-standardi-egitimi-2-gun\/","og_locale":"tr_TR","og_type":"article","og_title":"IRIS- Uluslararas\u0131 Demiryollar\u0131- Rayl\u0131 Ta\u015f\u0131mac\u0131l\u0131k End\u00fcstri Standard\u0131 E\u011fitimi - 2 g\u00fcn - Global Alliance Register","og_description":"\u00a0 Kat\u0131l\u0131mc\u0131 Profili IRIS Sekt\u00f6rel Kalite Y\u00f6netim Sistemi kurma a\u015famas\u0131nda g\u00f6rev alacak \u00e7al\u0131\u015fanlar (\u00e7ok i\u015flevli Tak\u0131m\u0131 \u00dcyeleri) ile konu hakk\u0131nda bilgi sahibi olmas\u0131 gerekli g\u00f6r\u00fclen i\u00e7 denet\u00e7iler, tasar\u0131mc\u0131lar, sistem y\u00f6netim...","og_url":"https:\/\/globalallianceregister.com\/tr\/services\/egitim\/turkce-yonetim-sistemleri\/turkce-iris-uluslararasi-demiryollari-rayli-tasimacilik-endustri-standardi-egitimi-2-gun\/","og_site_name":"Global Alliance Register","article_modified_time":"2015-12-11T17:07:02+00:00","og_image":[{"width":614,"height":200,"url":"https:\/\/globalallianceregister.com\/wp-content\/uploads\/2015\/08\/Training-Inner-Page.jpg","type":"image\/jpeg"}],"twitter_misc":{"Tahmini okuma s\u00fcresi":"2 dakika"},"schema":{"@context":"https:\/\/schema.org","@graph":[{"@type":"WebPage","@id":"https:\/\/globalallianceregister.com\/tr\/services\/egitim\/turkce-yonetim-sistemleri\/turkce-iris-uluslararasi-demiryollari-rayli-tasimacilik-endustri-standardi-egitimi-2-gun\/","url":"https:\/\/globalallianceregister.com\/tr\/services\/egitim\/turkce-yonetim-sistemleri\/turkce-iris-uluslararasi-demiryollari-rayli-tasimacilik-endustri-standardi-egitimi-2-gun\/","name":"IRIS- Uluslararas\u0131 Demiryollar\u0131- Rayl\u0131 Ta\u015f\u0131mac\u0131l\u0131k End\u00fcstri Standard\u0131 E\u011fitimi - 2 g\u00fcn - Global Alliance Register","isPartOf":{"@id":"https:\/\/globalallianceregister.com\/tr\/#website"},"primaryImageOfPage":{"@id":"https:\/\/globalallianceregister.com\/tr\/services\/egitim\/turkce-yonetim-sistemleri\/turkce-iris-uluslararasi-demiryollari-rayli-tasimacilik-endustri-standardi-egitimi-2-gun\/#primaryimage"},"image":{"@id":"https:\/\/globalallianceregister.com\/tr\/services\/egitim\/turkce-yonetim-sistemleri\/turkce-iris-uluslararasi-demiryollari-rayli-tasimacilik-endustri-standardi-egitimi-2-gun\/#primaryimage"},"thumbnailUrl":"https:\/\/globalallianceregister.com\/wp-content\/uploads\/2015\/08\/Training-Inner-Page.jpg","datePublished":"2014-12-16T18:37:18+00:00","dateModified":"2015-12-11T17:07:02+00:00","breadcrumb":{"@id":"https:\/\/globalallianceregister.com\/tr\/services\/egitim\/turkce-yonetim-sistemleri\/turkce-iris-uluslararasi-demiryollari-rayli-tasimacilik-endustri-standardi-egitimi-2-gun\/#breadcrumb"},"inLanguage":"tr","potentialAction":[{"@type":"ReadAction","target":[["https:\/\/globalallianceregister.com\/tr\/services\/egitim\/turkce-yonetim-sistemleri\/turkce-iris-uluslararasi-demiryollari-rayli-tasimacilik-endustri-standardi-egitimi-2-gun\/"]]}]},{"@type":"ImageObject","inLanguage":"tr","@id":"https:\/\/globalallianceregister.com\/tr\/services\/egitim\/turkce-yonetim-sistemleri\/turkce-iris-uluslararasi-demiryollari-rayli-tasimacilik-endustri-standardi-egitimi-2-gun\/#primaryimage","url":"https:\/\/globalallianceregister.com\/wp-content\/uploads\/2015\/08\/Training-Inner-Page.jpg","contentUrl":"https:\/\/globalallianceregister.com\/wp-content\/uploads\/2015\/08\/Training-Inner-Page.jpg","width":614,"height":200},{"@type":"BreadcrumbList","@id":"https:\/\/globalallianceregister.com\/tr\/services\/egitim\/turkce-yonetim-sistemleri\/turkce-iris-uluslararasi-demiryollari-rayli-tasimacilik-endustri-standardi-egitimi-2-gun\/#breadcrumb","itemListElement":[{"@type":"ListItem","position":1,"name":"Anasayfa","item":"https:\/\/globalallianceregister.com\/tr\/"},{"@type":"ListItem","position":2,"name":"IRIS- Uluslararas\u0131 Demiryollar\u0131- Rayl\u0131 Ta\u015f\u0131mac\u0131l\u0131k End\u00fcstri Standard\u0131 E\u011fitimi &#8211; 2 g\u00fcn"}]},{"@type":"WebSite","@id":"https:\/\/globalallianceregister.com\/tr\/#website","url":"https:\/\/globalallianceregister.com\/tr\/","name":"Global Alliance Register","description":"(EN) Together for Excellence","potentialAction":[{"@type":"SearchAction","target":{"@type":"EntryPoint","urlTemplate":"https:\/\/globalallianceregister.com\/tr\/?s={search_term_string}"},"query-input":{"@type":"PropertyValueSpecification","valueRequired":true,"valueName":"search_term_string"}}],"inLanguage":"tr"}]}},"_links":{"self":[{"href":"https:\/\/globalallianceregister.com\/tr\/wp-json\/wp\/v2\/pages\/2264","targetHints":{"allow":["GET"]}}],"collection":[{"href":"https:\/\/globalallianceregister.com\/tr\/wp-json\/wp\/v2\/pages"}],"about":[{"href":"https:\/\/globalallianceregister.com\/tr\/wp-json\/wp\/v2\/types\/page"}],"author":[{"embeddable":true,"href":"https:\/\/globalallianceregister.com\/tr\/wp-json\/wp\/v2\/users\/10"}],"replies":[{"embeddable":true,"href":"https:\/\/globalallianceregister.com\/tr\/wp-json\/wp\/v2\/comments?post=2264"}],"version-history":[{"count":0,"href":"https:\/\/globalallianceregister.com\/tr\/wp-json\/wp\/v2\/pages\/2264\/revisions"}],"up":[{"embeddable":true,"href":"https:\/\/globalallianceregister.com\/tr\/wp-json\/wp\/v2\/pages\/2143"}],"wp:featuredmedia":[{"embeddable":true,"href":"https:\/\/globalallianceregister.com\/tr\/wp-json\/wp\/v2\/media\/5171"}],"wp:attachment":[{"href":"https:\/\/globalallianceregister.com\/tr\/wp-json\/wp\/v2\/media?parent=2264"}],"curies":[{"name":"wp","href":"https:\/\/api.w.org\/{rel}","templated":true}]}}